{"id":10533,"date":"2025-01-31T08:14:57","date_gmt":"2025-01-31T08:14:57","guid":{"rendered":"https:\/\/madoskampas.lt\/?post_type=product&#038;p=10533"},"modified":"2026-03-21T11:24:07","modified_gmt":"2026-03-21T11:24:07","slug":"megztukas-dryzuotas","status":"publish","type":"product","link":"https:\/\/madoskampas.lt\/en\/product\/megztukas-dryzuotas\/","title":{"rendered":"Striped jumper"},"content":{"rendered":"<p>Dry\u017euoti megztukai, kurie <strong>praskaidrins bet kuri\u0105 dien\u0105!<\/strong> \ud83d\udc9b\ud83d\udc9a\ud83d\udc9c Itin patog\u016bs, lengvi ir puikiai priglundantys \u2013 tinkami tiek laisvalaikiui, tiek eleganti\u0161kam deriniui.<\/p>\n<p>\ud83d\udd39 <strong>Nat\u016bral\u016bs audiniai<\/strong> \u2013 medviln\u0117 ir viskoz\u0117 u\u017etikrina kv\u0117pavim\u0105 ir komfort\u0105.<br \/>\n\ud83d\udd39 <strong>Tamprumas ir patogumas<\/strong> \u2013 elastanas leid\u017eia jaustis laisvai.<br \/>\n\ud83d\udd39 <strong>Universalus dydis (S\u2013L)<\/strong> \u2013 puikiai tinka \u012fvairioms fig\u016broms.<br \/>\n\ud83d\udd39 <strong>Daug spalv\u0173!<\/strong> \u2013 rinkit\u0117s m\u0117gstam\u0105 ir derinkite prie savo stiliaus.<\/p>","protected":false},"excerpt":{"rendered":"<p>Dry\u017euoti megztukai, kurie <strong>praskaidrins bet kuri\u0105 dien\u0105!<\/strong> \ud83d\udc9b\ud83d\udc9a\ud83d\udc9c Itin patog\u016bs, lengvi ir puikiai priglundantys \u2013 tinkami tiek laisvalaikiui, tiek eleganti\u0161kam deriniui.<\/p>\n<p>\ud83d\udd39 <strong>Nat\u016bral\u016bs audiniai<\/strong> \u2013 medviln\u0117 ir viskoz\u0117 u\u017etikrina kv\u0117pavim\u0105 ir komfort\u0105.<br \/>\n\ud83d\udd39 <strong>Tamprumas ir patogumas<\/strong> \u2013 elastanas leid\u017eia jaustis laisvai.<br \/>\n\ud83d\udd39 <strong>Universalus dydis (S\u2013L)<\/strong> \u2013 puikiai tinka \u012fvairioms fig\u016broms.<\/p>","protected":false},"featured_media":29900,"comment_status":"open","ping_status":"closed","template":"","meta":{"_uag_custom_page_level_css":"","_monsterinsights_skip_tracking":false,"_monsterinsights_sitenote_active":false,"_monsterinsights_sitenote_note":"","_monsterinsights_sitenote_category":0},"product_brand":[],"product_cat":[66,132,73],"product_tag":[],"class_list":{"0":"post-10533","1":"product","2":"type-product","3":"status-publish","4":"has-post-thumbnail","6":"product_cat-drabuziai","7":"product_cat-ispardavimas","8":"product_cat-megztiniai","9":"tm-has-options","11":"first","12":"instock","13":"shipping-taxable","14":"purchasable","15":"product-type-variable","16":"has-default-attributes"},"yoast_head":"<!-- This site is optimized with the Yoast SEO plugin v27.3 - https:\/\/yoast.com\/product\/yoast-seo-wordpress\/ -->\n<title>Megztukas dry\u017euotas - MadosKampas.lt<\/title>\n<meta name=\"robots\" content=\"index, follow, max-snippet:-1, max-image-preview:large, max-video-preview:-1\" \/>\n<link rel=\"canonical\" href=\"https:\/\/madoskampas.lt\/en\/product\/megztukas-dryzuotas\/\" \/>\n<meta property=\"og:locale\" content=\"en_US\" \/>\n<meta property=\"og:type\" content=\"article\" \/>\n<meta property=\"og:title\" content=\"Megztukas dry\u017euotas - MadosKampas.lt\" \/>\n<meta property=\"og:description\" content=\"Dry\u017euoti megztukai, kurie praskaidrins bet kuri\u0105 dien\u0105! \ud83d\udc9b\ud83d\udc9a\ud83d\udc9c Itin patog\u016bs, lengvi ir puikiai priglundantys \u2013 tinkami tiek laisvalaikiui, tiek eleganti\u0161kam deriniui.  \ud83d\udd39 Nat\u016bral\u016bs audiniai \u2013 medviln\u0117 ir viskoz\u0117 u\u017etikrina kv\u0117pavim\u0105 ir komfort\u0105. \ud83d\udd39 Tamprumas ir patogumas \u2013 elastanas leid\u017eia jaustis laisvai. \ud83d\udd39 Universalus dydis (S\u2013L) \u2013 puikiai tinka \u012fvairioms fig\u016broms.\" \/>\n<meta property=\"og:url\" content=\"https:\/\/madoskampas.lt\/en\/product\/megztukas-dryzuotas\/\" \/>\n<meta property=\"og:site_name\" content=\"MadosKampas.lt\" \/>\n<meta property=\"article:modified_time\" content=\"2026-03-21T11:24:07+00:00\" \/>\n<meta property=\"og:image\" content=\"https:\/\/madoskampas.lt\/wp-content\/uploads\/2025\/01\/IMG_7251.jpeg\" \/>\n\t<meta property=\"og:image:width\" content=\"1536\" \/>\n\t<meta property=\"og:image:height\" content=\"2048\" \/>\n\t<meta property=\"og:image:type\" content=\"image\/jpeg\" \/>\n<meta name=\"twitter:card\" content=\"summary_large_image\" \/>\n<meta name=\"twitter:label1\" content=\"Est. reading time\" \/>\n\t<meta name=\"twitter:data1\" content=\"1 minute\" \/>\n<script type=\"application\/ld+json\" class=\"yoast-schema-graph\">{\"@context\":\"https:\\\/\\\/schema.org\",\"@graph\":[{\"@type\":\"WebPage\",\"@id\":\"https:\\\/\\\/madoskampas.lt\\\/produktas\\\/megztukas-dryzuotas\\\/\",\"url\":\"https:\\\/\\\/madoskampas.lt\\\/produktas\\\/megztukas-dryzuotas\\\/\",\"name\":\"Megztukas dry\u017euotas - MadosKampas.lt\",\"isPartOf\":{\"@id\":\"https:\\\/\\\/madoskampas.lt\\\/#website\"},\"primaryImageOfPage\":{\"@id\":\"https:\\\/\\\/madoskampas.lt\\\/produktas\\\/megztukas-dryzuotas\\\/#primaryimage\"},\"image\":{\"@id\":\"https:\\\/\\\/madoskampas.lt\\\/produktas\\\/megztukas-dryzuotas\\\/#primaryimage\"},\"thumbnailUrl\":\"https:\\\/\\\/madoskampas.lt\\\/wp-content\\\/uploads\\\/2025\\\/01\\\/img_1417-scaled.jpeg\",\"datePublished\":\"2025-01-31T08:14:57+00:00\",\"dateModified\":\"2026-03-21T11:24:07+00:00\",\"breadcrumb\":{\"@id\":\"https:\\\/\\\/madoskampas.lt\\\/produktas\\\/megztukas-dryzuotas\\\/#breadcrumb\"},\"inLanguage\":\"en-US\",\"potentialAction\":[{\"@type\":\"ReadAction\",\"target\":[\"https:\\\/\\\/madoskampas.lt\\\/produktas\\\/megztukas-dryzuotas\\\/\"]}]},{\"@type\":\"ImageObject\",\"inLanguage\":\"en-US\",\"@id\":\"https:\\\/\\\/madoskampas.lt\\\/produktas\\\/megztukas-dryzuotas\\\/#primaryimage\",\"url\":\"https:\\\/\\\/madoskampas.lt\\\/wp-content\\\/uploads\\\/2025\\\/01\\\/img_1417-scaled.jpeg\",\"contentUrl\":\"https:\\\/\\\/madoskampas.lt\\\/wp-content\\\/uploads\\\/2025\\\/01\\\/img_1417-scaled.jpeg\",\"width\":1920,\"height\":2560},{\"@type\":\"BreadcrumbList\",\"@id\":\"https:\\\/\\\/madoskampas.lt\\\/produktas\\\/megztukas-dryzuotas\\\/#breadcrumb\",\"itemListElement\":[{\"@type\":\"ListItem\",\"position\":1,\"name\":\"Home\",\"item\":\"https:\\\/\\\/madoskampas.lt\\\/\"},{\"@type\":\"ListItem\",\"position\":2,\"name\":\"Parduotuv\u0117\",\"item\":\"https:\\\/\\\/madoskampas.lt\\\/parduotuve-2\\\/\"},{\"@type\":\"ListItem\",\"position\":3,\"name\":\"Megztukas dry\u017euotas\"}]},{\"@type\":\"WebSite\",\"@id\":\"https:\\\/\\\/madoskampas.lt\\\/#website\",\"url\":\"https:\\\/\\\/madoskampas.lt\\\/\",\"name\":\"MadosKampas.lt\",\"description\":\"Stilingi drabu\u017eiai moterims\",\"potentialAction\":[{\"@type\":\"SearchAction\",\"target\":{\"@type\":\"EntryPoint\",\"urlTemplate\":\"https:\\\/\\\/madoskampas.lt\\\/?s={search_term_string}\"},\"query-input\":{\"@type\":\"PropertyValueSpecification\",\"valueRequired\":true,\"valueName\":\"search_term_string\"}}],\"inLanguage\":\"en-US\"}]}<\/script>\n<!-- \/ Yoast SEO plugin. -->","yoast_head_json":{"title":"Megztukas dry\u017euotas - MadosKampas.lt","robots":{"index":"index","follow":"follow","max-snippet":"max-snippet:-1","max-image-preview":"max-image-preview:large","max-video-preview":"max-video-preview:-1"},"canonical":"https:\/\/madoskampas.lt\/en\/product\/megztukas-dryzuotas\/","og_locale":"en_US","og_type":"article","og_title":"Megztukas dry\u017euotas - MadosKampas.lt","og_description":"Dry\u017euoti megztukai, kurie praskaidrins bet kuri\u0105 dien\u0105! \ud83d\udc9b\ud83d\udc9a\ud83d\udc9c Itin patog\u016bs, lengvi ir puikiai priglundantys \u2013 tinkami tiek laisvalaikiui, tiek eleganti\u0161kam deriniui.  \ud83d\udd39 Nat\u016bral\u016bs audiniai \u2013 medviln\u0117 ir viskoz\u0117 u\u017etikrina kv\u0117pavim\u0105 ir komfort\u0105. \ud83d\udd39 Tamprumas ir patogumas \u2013 elastanas leid\u017eia jaustis laisvai. \ud83d\udd39 Universalus dydis (S\u2013L) \u2013 puikiai tinka \u012fvairioms fig\u016broms.","og_url":"https:\/\/madoskampas.lt\/en\/product\/megztukas-dryzuotas\/","og_site_name":"MadosKampas.lt","article_modified_time":"2026-03-21T11:24:07+00:00","og_image":[{"width":1536,"height":2048,"url":"https:\/\/madoskampas.lt\/wp-content\/uploads\/2025\/01\/IMG_7251.jpeg","type":"image\/jpeg"}],"twitter_card":"summary_large_image","twitter_misc":{"Est. reading time":"1 minute"},"schema":{"@context":"https:\/\/schema.org","@graph":[{"@type":"WebPage","@id":"https:\/\/madoskampas.lt\/produktas\/megztukas-dryzuotas\/","url":"https:\/\/madoskampas.lt\/produktas\/megztukas-dryzuotas\/","name":"Megztukas dry\u017euotas - MadosKampas.lt","isPartOf":{"@id":"https:\/\/madoskampas.lt\/#website"},"primaryImageOfPage":{"@id":"https:\/\/madoskampas.lt\/produktas\/megztukas-dryzuotas\/#primaryimage"},"image":{"@id":"https:\/\/madoskampas.lt\/produktas\/megztukas-dryzuotas\/#primaryimage"},"thumbnailUrl":"https:\/\/madoskampas.lt\/wp-content\/uploads\/2025\/01\/img_1417-scaled.jpeg","datePublished":"2025-01-31T08:14:57+00:00","dateModified":"2026-03-21T11:24:07+00:00","breadcrumb":{"@id":"https:\/\/madoskampas.lt\/produktas\/megztukas-dryzuotas\/#breadcrumb"},"inLanguage":"en-US","potentialAction":[{"@type":"ReadAction","target":["https:\/\/madoskampas.lt\/produktas\/megztukas-dryzuotas\/"]}]},{"@type":"ImageObject","inLanguage":"en-US","@id":"https:\/\/madoskampas.lt\/produktas\/megztukas-dryzuotas\/#primaryimage","url":"https:\/\/madoskampas.lt\/wp-content\/uploads\/2025\/01\/img_1417-scaled.jpeg","contentUrl":"https:\/\/madoskampas.lt\/wp-content\/uploads\/2025\/01\/img_1417-scaled.jpeg","width":1920,"height":2560},{"@type":"BreadcrumbList","@id":"https:\/\/madoskampas.lt\/produktas\/megztukas-dryzuotas\/#breadcrumb","itemListElement":[{"@type":"ListItem","position":1,"name":"Home","item":"https:\/\/madoskampas.lt\/"},{"@type":"ListItem","position":2,"name":"Parduotuv\u0117","item":"https:\/\/madoskampas.lt\/parduotuve-2\/"},{"@type":"ListItem","position":3,"name":"Megztukas dry\u017euotas"}]},{"@type":"WebSite","@id":"https:\/\/madoskampas.lt\/#website","url":"https:\/\/madoskampas.lt\/","name":"FashionKampas.lt","description":"Stylish clothes for women","potentialAction":[{"@type":"SearchAction","target":{"@type":"EntryPoint","urlTemplate":"https:\/\/madoskampas.lt\/?s={search_term_string}"},"query-input":{"@type":"PropertyValueSpecification","valueRequired":true,"valueName":"search_term_string"}}],"inLanguage":"en-US"}]}},"uagb_featured_image_src":{"full":["https:\/\/madoskampas.lt\/wp-content\/uploads\/2025\/01\/img_1417-scaled.jpeg",1920,2560,false],"thumbnail":["https:\/\/madoskampas.lt\/wp-content\/uploads\/2025\/01\/img_1417-150x150.jpeg",150,150,true],"medium":["https:\/\/madoskampas.lt\/wp-content\/uploads\/2025\/01\/img_1417-225x300.jpeg",225,300,true],"medium_large":["https:\/\/madoskampas.lt\/wp-content\/uploads\/2025\/01\/img_1417-768x1024.jpeg",768,1024,true],"large":["https:\/\/madoskampas.lt\/wp-content\/uploads\/2025\/01\/img_1417-768x1024.jpeg",768,1024,true],"1536x1536":["https:\/\/madoskampas.lt\/wp-content\/uploads\/2025\/01\/img_1417-1152x1536.jpeg",1152,1536,true],"2048x2048":["https:\/\/madoskampas.lt\/wp-content\/uploads\/2025\/01\/img_1417-1536x2048.jpeg",1536,2048,true],"trp-custom-language-flag":["https:\/\/madoskampas.lt\/wp-content\/uploads\/2025\/01\/img_1417-9x12.jpeg",9,12,true],"nova-image-square":["https:\/\/madoskampas.lt\/wp-content\/uploads\/2025\/01\/img_1417-1100x1100.jpeg",1100,1100,true],"mixtas-product-03":["https:\/\/madoskampas.lt\/wp-content\/uploads\/2025\/01\/img_1417-600x345.jpeg",600,345,true],"woocommerce_thumbnail":["https:\/\/madoskampas.lt\/wp-content\/uploads\/2025\/01\/img_1417-700x700.jpeg",700,700,true],"woocommerce_single":["https:\/\/madoskampas.lt\/wp-content\/uploads\/2025\/01\/img_1417-1000x1333.jpeg",1000,1333,true],"woocommerce_gallery_thumbnail":["https:\/\/madoskampas.lt\/wp-content\/uploads\/2025\/01\/img_1417-250x250.jpeg",250,250,true],"variation_swatches_image_size":["https:\/\/madoskampas.lt\/wp-content\/uploads\/2025\/01\/img_1417-50x50.jpeg",50,50,true],"variation_swatches_tooltip_size":["https:\/\/madoskampas.lt\/wp-content\/uploads\/2025\/01\/img_1417-100x100.jpeg",100,100,true]},"uagb_author_info":{"display_name":"algirdasbart","author_link":"https:\/\/madoskampas.lt\/en\/author\/"},"uagb_comment_info":0,"uagb_excerpt":"Dry\u017euoti megztukai, kurie praskaidrins bet kuri\u0105 dien\u0105! \ud83d\udc9b\ud83d\udc9a\ud83d\udc9c Itin patog\u016bs, lengvi ir puikiai priglundantys \u2013 tinkami tiek laisvalaikiui, tiek eleganti\u0161kam deriniui. \ud83d\udd39 Nat\u016bral\u016bs audiniai \u2013 medviln\u0117 ir viskoz\u0117 u\u017etikrina kv\u0117pavim\u0105 ir komfort\u0105. \ud83d\udd39 Tamprumas ir patogumas \u2013 elastanas leid\u017eia jaustis laisvai. \ud83d\udd39 Universalus dydis (S\u2013L) \u2013 puikiai tinka \u012fvairioms fig\u016broms.","jetpack_sharing_enabled":true,"_links":{"self":[{"href":"https:\/\/madoskampas.lt\/en\/wp-json\/wp\/v2\/product\/10533","targetHints":{"allow":["GET"]}}],"collection":[{"href":"https:\/\/madoskampas.lt\/en\/wp-json\/wp\/v2\/product"}],"about":[{"href":"https:\/\/madoskampas.lt\/en\/wp-json\/wp\/v2\/types\/product"}],"replies":[{"embeddable":true,"href":"https:\/\/madoskampas.lt\/en\/wp-json\/wp\/v2\/comments?post=10533"}],"wp:featuredmedia":[{"embeddable":true,"href":"https:\/\/madoskampas.lt\/en\/wp-json\/wp\/v2\/media\/29900"}],"wp:attachment":[{"href":"https:\/\/madoskampas.lt\/en\/wp-json\/wp\/v2\/media?parent=10533"}],"wp:term":[{"taxonomy":"product_brand","embeddable":true,"href":"https:\/\/madoskampas.lt\/en\/wp-json\/wp\/v2\/product_brand?post=10533"},{"taxonomy":"product_cat","embeddable":true,"href":"https:\/\/madoskampas.lt\/en\/wp-json\/wp\/v2\/product_cat?post=10533"},{"taxonomy":"product_tag","embeddable":true,"href":"https:\/\/madoskampas.lt\/en\/wp-json\/wp\/v2\/product_tag?post=10533"}],"curies":[{"name":"wp","href":"https:\/\/api.w.org\/{rel}","templated":true}]}}