{"id":12264,"date":"2025-03-10T13:36:55","date_gmt":"2025-03-10T13:36:55","guid":{"rendered":"https:\/\/madoskampas.lt\/?post_type=product&#038;p=12264"},"modified":"2025-08-07T08:33:40","modified_gmt":"2025-08-07T08:33:40","slug":"bliuzonas-su-gele","status":"publish","type":"product","link":"https:\/\/madoskampas.lt\/en\/product\/bliuzonas-su-gele\/","title":{"rendered":"Bliuzonas su g\u0117le"},"content":{"rendered":"<p>\u0160is \u017eavus bliuzonas su g\u0117l\u0117s motyvu \u2013 puikus pasirinkimas, norint sukurti moteri\u0161k\u0105, bet patog\u0173 \u012fvaizd\u012f. Pagamintas i\u0161 65% vizkoz\u0117s, 30% medviln\u0117s ir 5% elastano, jis u\u017etikrina komfort\u0105 ir ger\u0105 pralaidum\u0105 orui, o elastanas leid\u017eia laisvai jud\u0117ti. Subtilus g\u0117li\u0173 ra\u0161tas suteikia \u0161iam bliuzonui unikalumo ir \u0161armo, tod\u0117l puikiai tiks tiek kasdieniam, tiek atsitiktiniam stiliui. Ilgis \u2013 58 cm, per kr\u016btin\u0119 \u2013 53 cm, ir tinka nuo S iki L dyd\u017eio. Atsigaivinkite su \u0161iuo stilingu, patogiu ir lengvu bliuzonu!<\/p>\n<p>&nbsp;<\/p>","protected":false},"excerpt":{"rendered":"<p>\u201e\u0160is \u017eavus bliuzonas su g\u0117l\u0117s motyvu \u2013 puikus pasirinkimas, norint sukurti moteri\u0161k\u0105, bet patog\u0173 \u012fvaizd\u012f. Pagamintas i\u0161 65% vizkoz\u0117s, 30% medviln\u0117s ir 5% elastano, jis u\u017etikrina komfort\u0105 ir ger\u0105 pralaidum\u0105 orui, o elastanas leid\u017eia laisvai jud\u0117ti. Subtilus g\u0117li\u0173 ra\u0161tas suteikia \u0161iam bliuzonui unikalumo ir \u0161armo, tod\u0117l puikiai tiks tiek kasdieniam, tiek atsitiktiniam stiliui. Ilgis \u2013 58 cm, per kr\u016btin\u0119 \u2013 53 cm, ir tinka nuo S iki L dyd\u017eio. Atsigaivinkite su \u0161iuo stilingu, patogiu ir lengvu bliuzonu!\u201c<\/p>","protected":false},"featured_media":13431,"comment_status":"open","ping_status":"closed","template":"","meta":{"_uag_custom_page_level_css":"","_monsterinsights_skip_tracking":false,"_monsterinsights_sitenote_active":false,"_monsterinsights_sitenote_note":"","_monsterinsights_sitenote_category":0},"product_brand":[],"product_cat":[124,66,132],"product_tag":[],"class_list":{"0":"post-12264","1":"product","2":"type-product","3":"status-publish","4":"has-post-thumbnail","6":"product_cat-bliuzonai","7":"product_cat-drabuziai","8":"product_cat-ispardavimas","9":"tm-has-options","11":"first","12":"instock","13":"sale","14":"shipping-taxable","15":"purchasable","16":"product-type-variable","17":"has-default-attributes"},"yoast_head":"<!-- This site is optimized with the Yoast SEO plugin v27.6 - https:\/\/yoast.com\/product\/yoast-seo-wordpress\/ -->\n<title>Bliuzonas su g\u0117le - MadosKampas.lt<\/title>\n<meta name=\"robots\" content=\"index, follow, max-snippet:-1, max-image-preview:large, max-video-preview:-1\" \/>\n<link rel=\"canonical\" href=\"https:\/\/madoskampas.lt\/en\/product\/bliuzonas-su-gele\/\" \/>\n<meta property=\"og:locale\" content=\"en_US\" \/>\n<meta property=\"og:type\" content=\"article\" \/>\n<meta property=\"og:title\" content=\"Bliuzonas su g\u0117le - MadosKampas.lt\" \/>\n<meta property=\"og:description\" content=\"\u201e\u0160is \u017eavus bliuzonas su g\u0117l\u0117s motyvu \u2013 puikus pasirinkimas, norint sukurti moteri\u0161k\u0105, bet patog\u0173 \u012fvaizd\u012f. Pagamintas i\u0161 65% vizkoz\u0117s, 30% medviln\u0117s ir 5% elastano, jis u\u017etikrina komfort\u0105 ir ger\u0105 pralaidum\u0105 orui, o elastanas leid\u017eia laisvai jud\u0117ti. Subtilus g\u0117li\u0173 ra\u0161tas suteikia \u0161iam bliuzonui unikalumo ir \u0161armo, tod\u0117l puikiai tiks tiek kasdieniam, tiek atsitiktiniam stiliui. Ilgis \u2013 58 cm, per kr\u016btin\u0119 \u2013 53 cm, ir tinka nuo S iki L dyd\u017eio. Atsigaivinkite su \u0161iuo stilingu, patogiu ir lengvu bliuzonu!\u201c\" \/>\n<meta property=\"og:url\" content=\"https:\/\/madoskampas.lt\/en\/product\/bliuzonas-su-gele\/\" \/>\n<meta property=\"og:site_name\" content=\"MadosKampas.lt\" \/>\n<meta property=\"article:modified_time\" content=\"2025-08-07T08:33:40+00:00\" \/>\n<meta property=\"og:image\" content=\"https:\/\/madoskampas.lt\/wp-content\/uploads\/2025\/03\/IMG_5639.jpeg\" \/>\n\t<meta property=\"og:image:width\" content=\"1536\" \/>\n\t<meta property=\"og:image:height\" content=\"2048\" \/>\n\t<meta property=\"og:image:type\" content=\"image\/jpeg\" \/>\n<meta name=\"twitter:card\" content=\"summary_large_image\" \/>\n<meta name=\"twitter:label1\" content=\"Est. reading time\" \/>\n\t<meta name=\"twitter:data1\" content=\"1 minute\" \/>\n<script type=\"application\/ld+json\" class=\"yoast-schema-graph\">{\"@context\":\"https:\\\/\\\/schema.org\",\"@graph\":[{\"@type\":\"WebPage\",\"@id\":\"https:\\\/\\\/madoskampas.lt\\\/produktas\\\/bliuzonas-su-gele\\\/\",\"url\":\"https:\\\/\\\/madoskampas.lt\\\/produktas\\\/bliuzonas-su-gele\\\/\",\"name\":\"Bliuzonas su g\u0117le - MadosKampas.lt\",\"isPartOf\":{\"@id\":\"https:\\\/\\\/madoskampas.lt\\\/#website\"},\"primaryImageOfPage\":{\"@id\":\"https:\\\/\\\/madoskampas.lt\\\/produktas\\\/bliuzonas-su-gele\\\/#primaryimage\"},\"image\":{\"@id\":\"https:\\\/\\\/madoskampas.lt\\\/produktas\\\/bliuzonas-su-gele\\\/#primaryimage\"},\"thumbnailUrl\":\"https:\\\/\\\/madoskampas.lt\\\/wp-content\\\/uploads\\\/2025\\\/03\\\/IMG_5639.jpeg\",\"datePublished\":\"2025-03-10T13:36:55+00:00\",\"dateModified\":\"2025-08-07T08:33:40+00:00\",\"breadcrumb\":{\"@id\":\"https:\\\/\\\/madoskampas.lt\\\/produktas\\\/bliuzonas-su-gele\\\/#breadcrumb\"},\"inLanguage\":\"en-US\",\"potentialAction\":[{\"@type\":\"ReadAction\",\"target\":[\"https:\\\/\\\/madoskampas.lt\\\/produktas\\\/bliuzonas-su-gele\\\/\"]}]},{\"@type\":\"ImageObject\",\"inLanguage\":\"en-US\",\"@id\":\"https:\\\/\\\/madoskampas.lt\\\/produktas\\\/bliuzonas-su-gele\\\/#primaryimage\",\"url\":\"https:\\\/\\\/madoskampas.lt\\\/wp-content\\\/uploads\\\/2025\\\/03\\\/IMG_5639.jpeg\",\"contentUrl\":\"https:\\\/\\\/madoskampas.lt\\\/wp-content\\\/uploads\\\/2025\\\/03\\\/IMG_5639.jpeg\",\"width\":1536,\"height\":2048},{\"@type\":\"BreadcrumbList\",\"@id\":\"https:\\\/\\\/madoskampas.lt\\\/produktas\\\/bliuzonas-su-gele\\\/#breadcrumb\",\"itemListElement\":[{\"@type\":\"ListItem\",\"position\":1,\"name\":\"Home\",\"item\":\"https:\\\/\\\/madoskampas.lt\\\/\"},{\"@type\":\"ListItem\",\"position\":2,\"name\":\"Parduotuv\u0117\",\"item\":\"https:\\\/\\\/madoskampas.lt\\\/parduotuve-2\\\/\"},{\"@type\":\"ListItem\",\"position\":3,\"name\":\"Bliuzonas su g\u0117le\"}]},{\"@type\":\"WebSite\",\"@id\":\"https:\\\/\\\/madoskampas.lt\\\/#website\",\"url\":\"https:\\\/\\\/madoskampas.lt\\\/\",\"name\":\"MadosKampas.lt\",\"description\":\"Stilingi drabu\u017eiai moterims\",\"potentialAction\":[{\"@type\":\"SearchAction\",\"target\":{\"@type\":\"EntryPoint\",\"urlTemplate\":\"https:\\\/\\\/madoskampas.lt\\\/?s={search_term_string}\"},\"query-input\":{\"@type\":\"PropertyValueSpecification\",\"valueRequired\":true,\"valueName\":\"search_term_string\"}}],\"inLanguage\":\"en-US\"}]}<\/script>\n<!-- \/ Yoast SEO plugin. -->","yoast_head_json":{"title":"Bliuzonas su g\u0117le - MadosKampas.lt","robots":{"index":"index","follow":"follow","max-snippet":"max-snippet:-1","max-image-preview":"max-image-preview:large","max-video-preview":"max-video-preview:-1"},"canonical":"https:\/\/madoskampas.lt\/en\/product\/bliuzonas-su-gele\/","og_locale":"en_US","og_type":"article","og_title":"Bliuzonas su g\u0117le - MadosKampas.lt","og_description":"\u201e\u0160is \u017eavus bliuzonas su g\u0117l\u0117s motyvu \u2013 puikus pasirinkimas, norint sukurti moteri\u0161k\u0105, bet patog\u0173 \u012fvaizd\u012f. Pagamintas i\u0161 65% vizkoz\u0117s, 30% medviln\u0117s ir 5% elastano, jis u\u017etikrina komfort\u0105 ir ger\u0105 pralaidum\u0105 orui, o elastanas leid\u017eia laisvai jud\u0117ti. Subtilus g\u0117li\u0173 ra\u0161tas suteikia \u0161iam bliuzonui unikalumo ir \u0161armo, tod\u0117l puikiai tiks tiek kasdieniam, tiek atsitiktiniam stiliui. Ilgis \u2013 58 cm, per kr\u016btin\u0119 \u2013 53 cm, ir tinka nuo S iki L dyd\u017eio. Atsigaivinkite su \u0161iuo stilingu, patogiu ir lengvu bliuzonu!\u201c","og_url":"https:\/\/madoskampas.lt\/en\/product\/bliuzonas-su-gele\/","og_site_name":"MadosKampas.lt","article_modified_time":"2025-08-07T08:33:40+00:00","og_image":[{"width":1536,"height":2048,"url":"https:\/\/madoskampas.lt\/wp-content\/uploads\/2025\/03\/IMG_5639.jpeg","type":"image\/jpeg"}],"twitter_card":"summary_large_image","twitter_misc":{"Est. reading time":"1 minute"},"schema":{"@context":"https:\/\/schema.org","@graph":[{"@type":"WebPage","@id":"https:\/\/madoskampas.lt\/produktas\/bliuzonas-su-gele\/","url":"https:\/\/madoskampas.lt\/produktas\/bliuzonas-su-gele\/","name":"Bliuzonas su g\u0117le - MadosKampas.lt","isPartOf":{"@id":"https:\/\/madoskampas.lt\/#website"},"primaryImageOfPage":{"@id":"https:\/\/madoskampas.lt\/produktas\/bliuzonas-su-gele\/#primaryimage"},"image":{"@id":"https:\/\/madoskampas.lt\/produktas\/bliuzonas-su-gele\/#primaryimage"},"thumbnailUrl":"https:\/\/madoskampas.lt\/wp-content\/uploads\/2025\/03\/IMG_5639.jpeg","datePublished":"2025-03-10T13:36:55+00:00","dateModified":"2025-08-07T08:33:40+00:00","breadcrumb":{"@id":"https:\/\/madoskampas.lt\/produktas\/bliuzonas-su-gele\/#breadcrumb"},"inLanguage":"en-US","potentialAction":[{"@type":"ReadAction","target":["https:\/\/madoskampas.lt\/produktas\/bliuzonas-su-gele\/"]}]},{"@type":"ImageObject","inLanguage":"en-US","@id":"https:\/\/madoskampas.lt\/produktas\/bliuzonas-su-gele\/#primaryimage","url":"https:\/\/madoskampas.lt\/wp-content\/uploads\/2025\/03\/IMG_5639.jpeg","contentUrl":"https:\/\/madoskampas.lt\/wp-content\/uploads\/2025\/03\/IMG_5639.jpeg","width":1536,"height":2048},{"@type":"BreadcrumbList","@id":"https:\/\/madoskampas.lt\/produktas\/bliuzonas-su-gele\/#breadcrumb","itemListElement":[{"@type":"ListItem","position":1,"name":"Home","item":"https:\/\/madoskampas.lt\/"},{"@type":"ListItem","position":2,"name":"Parduotuv\u0117","item":"https:\/\/madoskampas.lt\/parduotuve-2\/"},{"@type":"ListItem","position":3,"name":"Bliuzonas su g\u0117le"}]},{"@type":"WebSite","@id":"https:\/\/madoskampas.lt\/#website","url":"https:\/\/madoskampas.lt\/","name":"FashionKampas.lt","description":"Stylish clothes for women","potentialAction":[{"@type":"SearchAction","target":{"@type":"EntryPoint","urlTemplate":"https:\/\/madoskampas.lt\/?s={search_term_string}"},"query-input":{"@type":"PropertyValueSpecification","valueRequired":true,"valueName":"search_term_string"}}],"inLanguage":"en-US"}]}},"uagb_featured_image_src":{"full":["https:\/\/madoskampas.lt\/wp-content\/uploads\/2025\/03\/IMG_5639.jpeg",1536,2048,false],"thumbnail":["https:\/\/madoskampas.lt\/wp-content\/uploads\/2025\/03\/IMG_5639-150x150.jpeg",150,150,true],"medium":["https:\/\/madoskampas.lt\/wp-content\/uploads\/2025\/03\/IMG_5639-225x300.jpeg",225,300,true],"medium_large":["https:\/\/madoskampas.lt\/wp-content\/uploads\/2025\/03\/IMG_5639-768x1024.jpeg",768,1024,true],"large":["https:\/\/madoskampas.lt\/wp-content\/uploads\/2025\/03\/IMG_5639-768x1024.jpeg",768,1024,true],"1536x1536":["https:\/\/madoskampas.lt\/wp-content\/uploads\/2025\/03\/IMG_5639-1152x1536.jpeg",1152,1536,true],"2048x2048":["https:\/\/madoskampas.lt\/wp-content\/uploads\/2025\/03\/IMG_5639.jpeg",1536,2048,false],"trp-custom-language-flag":["https:\/\/madoskampas.lt\/wp-content\/uploads\/2025\/03\/IMG_5639.jpeg",9,12,false],"nova-image-square":["https:\/\/madoskampas.lt\/wp-content\/uploads\/2025\/03\/IMG_5639-1100x1100.jpeg",1100,1100,true],"mixtas-product-03":["https:\/\/madoskampas.lt\/wp-content\/uploads\/2025\/03\/IMG_5639-600x345.jpeg",600,345,true],"woocommerce_thumbnail":["https:\/\/madoskampas.lt\/wp-content\/uploads\/2025\/03\/IMG_5639-700x700.jpeg",700,700,true],"woocommerce_single":["https:\/\/madoskampas.lt\/wp-content\/uploads\/2025\/03\/IMG_5639-1000x1333.jpeg",1000,1333,true],"woocommerce_gallery_thumbnail":["https:\/\/madoskampas.lt\/wp-content\/uploads\/2025\/03\/IMG_5639-250x250.jpeg",250,250,true],"variation_swatches_image_size":["https:\/\/madoskampas.lt\/wp-content\/uploads\/2025\/03\/IMG_5639-50x50.jpeg",50,50,true],"variation_swatches_tooltip_size":["https:\/\/madoskampas.lt\/wp-content\/uploads\/2025\/03\/IMG_5639-100x100.jpeg",100,100,true]},"uagb_author_info":{"display_name":"algirdasbart","author_link":"https:\/\/madoskampas.lt\/en\/author\/"},"uagb_comment_info":0,"uagb_excerpt":"\u201e\u0160is \u017eavus bliuzonas su g\u0117l\u0117s motyvu \u2013 puikus pasirinkimas, norint sukurti moteri\u0161k\u0105, bet patog\u0173 \u012fvaizd\u012f. Pagamintas i\u0161 65% vizkoz\u0117s, 30% medviln\u0117s ir 5% elastano, jis u\u017etikrina komfort\u0105 ir ger\u0105 pralaidum\u0105 orui, o elastanas leid\u017eia laisvai jud\u0117ti. Subtilus g\u0117li\u0173 ra\u0161tas suteikia \u0161iam bliuzonui unikalumo ir \u0161armo, tod\u0117l puikiai tiks tiek kasdieniam, tiek atsitiktiniam stiliui. Ilgis \u2013&hellip;","jetpack_sharing_enabled":true,"_links":{"self":[{"href":"https:\/\/madoskampas.lt\/en\/wp-json\/wp\/v2\/product\/12264","targetHints":{"allow":["GET"]}}],"collection":[{"href":"https:\/\/madoskampas.lt\/en\/wp-json\/wp\/v2\/product"}],"about":[{"href":"https:\/\/madoskampas.lt\/en\/wp-json\/wp\/v2\/types\/product"}],"replies":[{"embeddable":true,"href":"https:\/\/madoskampas.lt\/en\/wp-json\/wp\/v2\/comments?post=12264"}],"wp:featuredmedia":[{"embeddable":true,"href":"https:\/\/madoskampas.lt\/en\/wp-json\/wp\/v2\/media\/13431"}],"wp:attachment":[{"href":"https:\/\/madoskampas.lt\/en\/wp-json\/wp\/v2\/media?parent=12264"}],"wp:term":[{"taxonomy":"product_brand","embeddable":true,"href":"https:\/\/madoskampas.lt\/en\/wp-json\/wp\/v2\/product_brand?post=12264"},{"taxonomy":"product_cat","embeddable":true,"href":"https:\/\/madoskampas.lt\/en\/wp-json\/wp\/v2\/product_cat?post=12264"},{"taxonomy":"product_tag","embeddable":true,"href":"https:\/\/madoskampas.lt\/en\/wp-json\/wp\/v2\/product_tag?post=12264"}],"curies":[{"name":"wp","href":"https:\/\/api.w.org\/{rel}","templated":true}]}}