{"id":12884,"date":"2025-03-19T07:11:27","date_gmt":"2025-03-19T07:11:27","guid":{"rendered":"https:\/\/madoskampas.lt\/?post_type=product&#038;p=12884"},"modified":"2026-04-13T13:13:11","modified_gmt":"2026-04-13T13:13:11","slug":"stilingi-ir-patogus-kedai-urban-comfort-juodos-spalvos","status":"publish","type":"product","link":"https:\/\/madoskampas.lt\/en\/product\/stilingi-ir-patogus-kedai-urban-comfort-juodos-spalvos\/","title":{"rendered":"Stilingi ir patog\u016bs kedai &#8222;&#8221;Urban Comfort&#8221;&#8221; juodos spalvos"},"content":{"rendered":"<p data-start=\"72\" data-end=\"228\">Stilingi ir patog\u016bs laisvalaikio kedai \u2013 \u017eingsniuok u\u017etikrintai!<\/p>\n<p data-start=\"72\" data-end=\"228\">Ie\u0161kai ked\u0173, kurie ne tik atrodyt\u0173 stilingai, bet ir b\u016bt\u0173 patog\u016bs vis\u0105 dien\u0105? \u0160ie laisvalaikio bateliai sujungia komfort\u0105, modern\u0173 dizain\u0105 ir prakti\u0161kum\u0105!<\/p>\n<p data-start=\"230\" data-end=\"639\">\ud83d\udc5f <strong data-start=\"233\" data-end=\"258\">I\u0161rai\u0161kingas dizainas<\/strong> \u2013 minimalistin\u0117 <strong data-start=\"275\" data-end=\"284\">juoda<\/strong> elegancijai.<br data-start=\"347\" data-end=\"350\" \/>\u2728 <strong data-start=\"352\" data-end=\"387\">Komfortas kiekviename \u017eingsnyje<\/strong> \u2013 lengvi, kv\u0117puojantys ir puikiai priglundantys prie p\u0117dos.<br data-start=\"447\" data-end=\"450\" \/>\ud83d\udcaa <strong data-start=\"453\" data-end=\"470\">Tvirtas padas<\/strong> \u2013 stabilumas ir patikimas sukibimas su bet kokiu pavir\u0161iumi.<br data-start=\"531\" data-end=\"534\" \/>\ud83d\udd1d <strong data-start=\"537\" data-end=\"557\">Lengvai derinami<\/strong> \u2013 puikiai tinka tiek prie d\u017eins\u0173, tiek prie sportin\u0117s ar laisvalaikio aprangos.<\/p>\n<p data-start=\"641\" data-end=\"704\" data-is-last-node=\"\" data-is-only-node=\"\">Pasiruo\u0161k naujam sezonui ir i\u0161sirink savo m\u0117gstam\u0105 spalv\u0105! \ud83d\udda4<\/p>\n<p data-start=\"391\" data-end=\"409\">","protected":false},"excerpt":{"rendered":"<p data-start=\"72\" data-end=\"228\">Stilingi ir patog\u016bs laisvalaikio kedai \u2013 \u017eingsniuok u\u017etikrintai!<\/p>\n<p data-start=\"72\" data-end=\"228\">Ie\u0161kai ked\u0173, kurie ne tik atrodyt\u0173 stilingai, bet ir b\u016bt\u0173 patog\u016bs vis\u0105 dien\u0105? \u0160ie laisvalaikio bateliai sujungia komfort\u0105, modern\u0173 dizain\u0105 ir prakti\u0161kum\u0105!<\/p>\n<p data-start=\"230\" data-end=\"639\">\ud83d\udc5f <strong data-start=\"233\" data-end=\"258\">I\u0161rai\u0161kingas dizainas<\/strong> \u2013 minimalistin\u0117 <strong data-start=\"275\" data-end=\"284\">juoda<\/strong> elegancijai.<br data-start=\"347\" data-end=\"350\" \/>\u2728 <strong data-start=\"352\" data-end=\"387\">Komfortas kiekviename \u017eingsnyje<\/strong> \u2013 lengvi, kv\u0117puojantys ir puikiai priglundantys prie p\u0117dos.<br data-start=\"447\" data-end=\"450\" \/>\ud83d\udcaa <strong data-start=\"453\" data-end=\"470\">Tvirtas padas<\/strong> \u2013 stabilumas ir patikimas sukibimas su bet kokiu pavir\u0161iumi.<br data-start=\"531\" data-end=\"534\" \/>\ud83d\udd1d <strong data-start=\"537\" data-end=\"557\">Lengvai derinami<\/strong> \u2013 puikiai tinka tiek prie d\u017eins\u0173, tiek prie sportin\u0117s ar laisvalaikio aprangos.<\/p>\n<p data-start=\"641\" data-end=\"704\" data-is-last-node=\"\" data-is-only-node=\"\">Pasiruo\u0161k naujam sezonui ir i\u0161sirink savo m\u0117gstam\u0105 spalv\u0105! \ud83d\udda4<\/p>\n<table style=\"width: 100%; border-collapse: collapse; text-align: center;\">\n<tbody>\n<tr>\n<th style=\"border: 1px solid black; padding: 10px;\">Size (EU)<\/th>\n<td style=\"border: 1px solid black; padding: 10px;\">36<\/td>\n<td style=\"border: 1px solid black; padding: 10px;\">37<\/td>\n<td style=\"border: 1px solid black; padding: 10px;\">38<\/td>\n<td style=\"border: 1px solid black; padding: 10px;\">39<\/td>\n<td style=\"border: 1px solid black; padding: 10px;\">40<\/td>\n<td style=\"border: 1px solid black; padding: 10px;\">41<\/td>\n<\/tr>\n<tr>\n<th style=\"border: 1px solid black; padding: 10px;\">Foot length (cm)<\/th>\n<td style=\"border: 1px solid black; padding: 10px;\">22.5<\/td>\n<td style=\"border: 1px solid black; padding: 10px;\">23.5<\/td>\n<td style=\"border: 1px solid black; padding: 10px;\">24<\/td>\n<td style=\"border: 1px solid black; padding: 10px;\">25<\/td>\n<td style=\"border: 1px solid black; padding: 10px;\">25.5<\/td>\n<td style=\"border: 1px solid black; padding: 10px;\">26<\/td>\n<\/tr>\n<\/tbody>\n<\/table>","protected":false},"featured_media":12758,"comment_status":"open","ping_status":"closed","template":"","meta":{"_uag_custom_page_level_css":"","_monsterinsights_skip_tracking":false,"_monsterinsights_sitenote_active":false,"_monsterinsights_sitenote_note":"","_monsterinsights_sitenote_category":0},"product_brand":[],"product_cat":[81,132,86],"product_tag":[],"class_list":{"0":"post-12884","1":"product","2":"type-product","3":"status-publish","4":"has-post-thumbnail","6":"product_cat-avalyne","7":"product_cat-ispardavimas","8":"product_cat-laisvalaikio-bateliai","9":"tm-has-options","11":"first","12":"instock","13":"sale","14":"shipping-taxable","15":"purchasable","16":"product-type-variable"},"yoast_head":"<!-- This site is optimized with the Yoast SEO plugin v27.6 - https:\/\/yoast.com\/product\/yoast-seo-wordpress\/ -->\n<title>Stilingi ir patog\u016bs kedai &quot;&quot;Urban Comfort&quot;&quot; juodos spalvos - MadosKampas.lt<\/title>\n<meta name=\"robots\" content=\"index, follow, max-snippet:-1, max-image-preview:large, max-video-preview:-1\" \/>\n<link rel=\"canonical\" href=\"https:\/\/madoskampas.lt\/en\/product\/stilingi-ir-patogus-kedai-urban-comfort-juodos-spalvos\/\" \/>\n<meta property=\"og:locale\" content=\"en_US\" \/>\n<meta property=\"og:type\" content=\"article\" \/>\n<meta property=\"og:title\" content=\"Stilingi ir patog\u016bs kedai &quot;&quot;Urban Comfort&quot;&quot; juodos spalvos - MadosKampas.lt\" \/>\n<meta property=\"og:description\" content=\"Stilingi ir patog\u016bs laisvalaikio kedai \u2013 \u017eingsniuok u\u017etikrintai! Ie\u0161kai ked\u0173, kurie ne tik atrodyt\u0173 stilingai, bet ir b\u016bt\u0173 patog\u016bs vis\u0105 dien\u0105? \u0160ie laisvalaikio bateliai sujungia komfort\u0105, modern\u0173 dizain\u0105 ir prakti\u0161kum\u0105! \ud83d\udc5f I\u0161rai\u0161kingas dizainas \u2013 minimalistin\u0117 juoda elegancijai.\u2728 Komfortas kiekviename \u017eingsnyje \u2013 lengvi, kv\u0117puojantys ir puikiai priglundantys prie p\u0117dos.\ud83d\udcaa Tvirtas padas \u2013 stabilumas ir patikimas sukibimas su bet kokiu pavir\u0161iumi.\ud83d\udd1d Lengvai derinami \u2013 puikiai tinka tiek prie d\u017eins\u0173, tiek prie sportin\u0117s ar laisvalaikio aprangos. Pasiruo\u0161k naujam sezonui ir i\u0161sirink savo m\u0117gstam\u0105 spalv\u0105! \ud83d\udda4     Dydis (EU) 36 37 38 39 40 41   P\u0117dos ilgis (cm) 22.5 23.5 24 25 25.5 26\" \/>\n<meta property=\"og:url\" content=\"https:\/\/madoskampas.lt\/en\/product\/stilingi-ir-patogus-kedai-urban-comfort-juodos-spalvos\/\" \/>\n<meta property=\"og:site_name\" content=\"MadosKampas.lt\" \/>\n<meta property=\"article:modified_time\" content=\"2026-04-13T13:13:11+00:00\" \/>\n<meta property=\"og:image\" content=\"https:\/\/madoskampas.lt\/wp-content\/uploads\/2025\/03\/IMG_3642.jpeg\" \/>\n\t<meta property=\"og:image:width\" content=\"1536\" \/>\n\t<meta property=\"og:image:height\" content=\"2048\" \/>\n\t<meta property=\"og:image:type\" content=\"image\/jpeg\" \/>\n<meta name=\"twitter:card\" content=\"summary_large_image\" \/>\n<meta name=\"twitter:label1\" content=\"Est. reading time\" \/>\n\t<meta name=\"twitter:data1\" content=\"1 minute\" \/>\n<script type=\"application\/ld+json\" class=\"yoast-schema-graph\">{\"@context\":\"https:\\\/\\\/schema.org\",\"@graph\":[{\"@type\":\"WebPage\",\"@id\":\"https:\\\/\\\/madoskampas.lt\\\/produktas\\\/stilingi-ir-patogus-kedai-urban-comfort-juodos-spalvos\\\/\",\"url\":\"https:\\\/\\\/madoskampas.lt\\\/produktas\\\/stilingi-ir-patogus-kedai-urban-comfort-juodos-spalvos\\\/\",\"name\":\"Stilingi ir patog\u016bs kedai \\\"\\\"Urban Comfort\\\"\\\" juodos spalvos - MadosKampas.lt\",\"isPartOf\":{\"@id\":\"https:\\\/\\\/madoskampas.lt\\\/#website\"},\"primaryImageOfPage\":{\"@id\":\"https:\\\/\\\/madoskampas.lt\\\/produktas\\\/stilingi-ir-patogus-kedai-urban-comfort-juodos-spalvos\\\/#primaryimage\"},\"image\":{\"@id\":\"https:\\\/\\\/madoskampas.lt\\\/produktas\\\/stilingi-ir-patogus-kedai-urban-comfort-juodos-spalvos\\\/#primaryimage\"},\"thumbnailUrl\":\"https:\\\/\\\/madoskampas.lt\\\/wp-content\\\/uploads\\\/2025\\\/03\\\/IMG_3642.jpeg\",\"datePublished\":\"2025-03-19T07:11:27+00:00\",\"dateModified\":\"2026-04-13T13:13:11+00:00\",\"breadcrumb\":{\"@id\":\"https:\\\/\\\/madoskampas.lt\\\/produktas\\\/stilingi-ir-patogus-kedai-urban-comfort-juodos-spalvos\\\/#breadcrumb\"},\"inLanguage\":\"en-US\",\"potentialAction\":[{\"@type\":\"ReadAction\",\"target\":[\"https:\\\/\\\/madoskampas.lt\\\/produktas\\\/stilingi-ir-patogus-kedai-urban-comfort-juodos-spalvos\\\/\"]}]},{\"@type\":\"ImageObject\",\"inLanguage\":\"en-US\",\"@id\":\"https:\\\/\\\/madoskampas.lt\\\/produktas\\\/stilingi-ir-patogus-kedai-urban-comfort-juodos-spalvos\\\/#primaryimage\",\"url\":\"https:\\\/\\\/madoskampas.lt\\\/wp-content\\\/uploads\\\/2025\\\/03\\\/IMG_3642.jpeg\",\"contentUrl\":\"https:\\\/\\\/madoskampas.lt\\\/wp-content\\\/uploads\\\/2025\\\/03\\\/IMG_3642.jpeg\",\"width\":1536,\"height\":2048},{\"@type\":\"BreadcrumbList\",\"@id\":\"https:\\\/\\\/madoskampas.lt\\\/produktas\\\/stilingi-ir-patogus-kedai-urban-comfort-juodos-spalvos\\\/#breadcrumb\",\"itemListElement\":[{\"@type\":\"ListItem\",\"position\":1,\"name\":\"Home\",\"item\":\"https:\\\/\\\/madoskampas.lt\\\/\"},{\"@type\":\"ListItem\",\"position\":2,\"name\":\"Parduotuv\u0117\",\"item\":\"https:\\\/\\\/madoskampas.lt\\\/parduotuve-2\\\/\"},{\"@type\":\"ListItem\",\"position\":3,\"name\":\"Stilingi ir patog\u016bs kedai &#8222;&#8221;Urban Comfort&#8221;&#8221; juodos spalvos\"}]},{\"@type\":\"WebSite\",\"@id\":\"https:\\\/\\\/madoskampas.lt\\\/#website\",\"url\":\"https:\\\/\\\/madoskampas.lt\\\/\",\"name\":\"MadosKampas.lt\",\"description\":\"Stilingi drabu\u017eiai moterims\",\"potentialAction\":[{\"@type\":\"SearchAction\",\"target\":{\"@type\":\"EntryPoint\",\"urlTemplate\":\"https:\\\/\\\/madoskampas.lt\\\/?s={search_term_string}\"},\"query-input\":{\"@type\":\"PropertyValueSpecification\",\"valueRequired\":true,\"valueName\":\"search_term_string\"}}],\"inLanguage\":\"en-US\"}]}<\/script>\n<!-- \/ Yoast SEO plugin. -->","yoast_head_json":{"title":"Stilingi ir patog\u016bs kedai \"\"Urban Comfort\"\" juodos spalvos - MadosKampas.lt","robots":{"index":"index","follow":"follow","max-snippet":"max-snippet:-1","max-image-preview":"max-image-preview:large","max-video-preview":"max-video-preview:-1"},"canonical":"https:\/\/madoskampas.lt\/en\/product\/stilingi-ir-patogus-kedai-urban-comfort-juodos-spalvos\/","og_locale":"en_US","og_type":"article","og_title":"Stilingi ir patog\u016bs kedai \"\"Urban Comfort\"\" juodos spalvos - MadosKampas.lt","og_description":"Stilingi ir patog\u016bs laisvalaikio kedai \u2013 \u017eingsniuok u\u017etikrintai! Ie\u0161kai ked\u0173, kurie ne tik atrodyt\u0173 stilingai, bet ir b\u016bt\u0173 patog\u016bs vis\u0105 dien\u0105? \u0160ie laisvalaikio bateliai sujungia komfort\u0105, modern\u0173 dizain\u0105 ir prakti\u0161kum\u0105! \ud83d\udc5f I\u0161rai\u0161kingas dizainas \u2013 minimalistin\u0117 juoda elegancijai.\u2728 Komfortas kiekviename \u017eingsnyje \u2013 lengvi, kv\u0117puojantys ir puikiai priglundantys prie p\u0117dos.\ud83d\udcaa Tvirtas padas \u2013 stabilumas ir patikimas sukibimas su bet kokiu pavir\u0161iumi.\ud83d\udd1d Lengvai derinami \u2013 puikiai tinka tiek prie d\u017eins\u0173, tiek prie sportin\u0117s ar laisvalaikio aprangos. Pasiruo\u0161k naujam sezonui ir i\u0161sirink savo m\u0117gstam\u0105 spalv\u0105! \ud83d\udda4     Dydis (EU) 36 37 38 39 40 41   P\u0117dos ilgis (cm) 22.5 23.5 24 25 25.5 26","og_url":"https:\/\/madoskampas.lt\/en\/product\/stilingi-ir-patogus-kedai-urban-comfort-juodos-spalvos\/","og_site_name":"MadosKampas.lt","article_modified_time":"2026-04-13T13:13:11+00:00","og_image":[{"width":1536,"height":2048,"url":"https:\/\/madoskampas.lt\/wp-content\/uploads\/2025\/03\/IMG_3642.jpeg","type":"image\/jpeg"}],"twitter_card":"summary_large_image","twitter_misc":{"Est. reading time":"1 minute"},"schema":{"@context":"https:\/\/schema.org","@graph":[{"@type":"WebPage","@id":"https:\/\/madoskampas.lt\/produktas\/stilingi-ir-patogus-kedai-urban-comfort-juodos-spalvos\/","url":"https:\/\/madoskampas.lt\/produktas\/stilingi-ir-patogus-kedai-urban-comfort-juodos-spalvos\/","name":"Stilingi ir patog\u016bs kedai \"\"Urban Comfort\"\" juodos spalvos - MadosKampas.lt","isPartOf":{"@id":"https:\/\/madoskampas.lt\/#website"},"primaryImageOfPage":{"@id":"https:\/\/madoskampas.lt\/produktas\/stilingi-ir-patogus-kedai-urban-comfort-juodos-spalvos\/#primaryimage"},"image":{"@id":"https:\/\/madoskampas.lt\/produktas\/stilingi-ir-patogus-kedai-urban-comfort-juodos-spalvos\/#primaryimage"},"thumbnailUrl":"https:\/\/madoskampas.lt\/wp-content\/uploads\/2025\/03\/IMG_3642.jpeg","datePublished":"2025-03-19T07:11:27+00:00","dateModified":"2026-04-13T13:13:11+00:00","breadcrumb":{"@id":"https:\/\/madoskampas.lt\/produktas\/stilingi-ir-patogus-kedai-urban-comfort-juodos-spalvos\/#breadcrumb"},"inLanguage":"en-US","potentialAction":[{"@type":"ReadAction","target":["https:\/\/madoskampas.lt\/produktas\/stilingi-ir-patogus-kedai-urban-comfort-juodos-spalvos\/"]}]},{"@type":"ImageObject","inLanguage":"en-US","@id":"https:\/\/madoskampas.lt\/produktas\/stilingi-ir-patogus-kedai-urban-comfort-juodos-spalvos\/#primaryimage","url":"https:\/\/madoskampas.lt\/wp-content\/uploads\/2025\/03\/IMG_3642.jpeg","contentUrl":"https:\/\/madoskampas.lt\/wp-content\/uploads\/2025\/03\/IMG_3642.jpeg","width":1536,"height":2048},{"@type":"BreadcrumbList","@id":"https:\/\/madoskampas.lt\/produktas\/stilingi-ir-patogus-kedai-urban-comfort-juodos-spalvos\/#breadcrumb","itemListElement":[{"@type":"ListItem","position":1,"name":"Home","item":"https:\/\/madoskampas.lt\/"},{"@type":"ListItem","position":2,"name":"Parduotuv\u0117","item":"https:\/\/madoskampas.lt\/parduotuve-2\/"},{"@type":"ListItem","position":3,"name":"Stilingi ir patog\u016bs kedai &#8222;&#8221;Urban Comfort&#8221;&#8221; juodos spalvos"}]},{"@type":"WebSite","@id":"https:\/\/madoskampas.lt\/#website","url":"https:\/\/madoskampas.lt\/","name":"FashionKampas.lt","description":"Stylish clothes for women","potentialAction":[{"@type":"SearchAction","target":{"@type":"EntryPoint","urlTemplate":"https:\/\/madoskampas.lt\/?s={search_term_string}"},"query-input":{"@type":"PropertyValueSpecification","valueRequired":true,"valueName":"search_term_string"}}],"inLanguage":"en-US"}]}},"uagb_featured_image_src":{"full":["https:\/\/madoskampas.lt\/wp-content\/uploads\/2025\/03\/IMG_3642.jpeg",1536,2048,false],"thumbnail":["https:\/\/madoskampas.lt\/wp-content\/uploads\/2025\/03\/IMG_3642-150x150.jpeg",150,150,true],"medium":["https:\/\/madoskampas.lt\/wp-content\/uploads\/2025\/03\/IMG_3642-225x300.jpeg",225,300,true],"medium_large":["https:\/\/madoskampas.lt\/wp-content\/uploads\/2025\/03\/IMG_3642-768x1024.jpeg",768,1024,true],"large":["https:\/\/madoskampas.lt\/wp-content\/uploads\/2025\/03\/IMG_3642-768x1024.jpeg",768,1024,true],"1536x1536":["https:\/\/madoskampas.lt\/wp-content\/uploads\/2025\/03\/IMG_3642-1152x1536.jpeg",1152,1536,true],"2048x2048":["https:\/\/madoskampas.lt\/wp-content\/uploads\/2025\/03\/IMG_3642.jpeg",1536,2048,false],"trp-custom-language-flag":["https:\/\/madoskampas.lt\/wp-content\/uploads\/2025\/03\/IMG_3642.jpeg",9,12,false],"nova-image-square":["https:\/\/madoskampas.lt\/wp-content\/uploads\/2025\/03\/IMG_3642-1100x1100.jpeg",1100,1100,true],"mixtas-product-03":["https:\/\/madoskampas.lt\/wp-content\/uploads\/2025\/03\/IMG_3642-600x345.jpeg",600,345,true],"woocommerce_thumbnail":["https:\/\/madoskampas.lt\/wp-content\/uploads\/2025\/03\/IMG_3642-700x700.jpeg",700,700,true],"woocommerce_single":["https:\/\/madoskampas.lt\/wp-content\/uploads\/2025\/03\/IMG_3642-1000x1333.jpeg",1000,1333,true],"woocommerce_gallery_thumbnail":["https:\/\/madoskampas.lt\/wp-content\/uploads\/2025\/03\/IMG_3642-250x250.jpeg",250,250,true],"variation_swatches_image_size":["https:\/\/madoskampas.lt\/wp-content\/uploads\/2025\/03\/IMG_3642-50x50.jpeg",50,50,true],"variation_swatches_tooltip_size":["https:\/\/madoskampas.lt\/wp-content\/uploads\/2025\/03\/IMG_3642-100x100.jpeg",100,100,true]},"uagb_author_info":{"display_name":"algirdasbart","author_link":"https:\/\/madoskampas.lt\/en\/author\/"},"uagb_comment_info":2,"uagb_excerpt":"Stilingi ir patog\u016bs laisvalaikio kedai \u2013 \u017eingsniuok u\u017etikrintai! Ie\u0161kai ked\u0173, kurie ne tik atrodyt\u0173 stilingai, bet ir b\u016bt\u0173 patog\u016bs vis\u0105 dien\u0105? \u0160ie laisvalaikio bateliai sujungia komfort\u0105, modern\u0173 dizain\u0105 ir prakti\u0161kum\u0105! \ud83d\udc5f I\u0161rai\u0161kingas dizainas \u2013 minimalistin\u0117 juoda elegancijai.\u2728 Komfortas kiekviename \u017eingsnyje \u2013 lengvi, kv\u0117puojantys ir puikiai priglundantys prie p\u0117dos.\ud83d\udcaa Tvirtas padas \u2013 stabilumas ir patikimas sukibimas&hellip;","jetpack_sharing_enabled":true,"_links":{"self":[{"href":"https:\/\/madoskampas.lt\/en\/wp-json\/wp\/v2\/product\/12884","targetHints":{"allow":["GET"]}}],"collection":[{"href":"https:\/\/madoskampas.lt\/en\/wp-json\/wp\/v2\/product"}],"about":[{"href":"https:\/\/madoskampas.lt\/en\/wp-json\/wp\/v2\/types\/product"}],"replies":[{"embeddable":true,"href":"https:\/\/madoskampas.lt\/en\/wp-json\/wp\/v2\/comments?post=12884"}],"wp:featuredmedia":[{"embeddable":true,"href":"https:\/\/madoskampas.lt\/en\/wp-json\/wp\/v2\/media\/12758"}],"wp:attachment":[{"href":"https:\/\/madoskampas.lt\/en\/wp-json\/wp\/v2\/media?parent=12884"}],"wp:term":[{"taxonomy":"product_brand","embeddable":true,"href":"https:\/\/madoskampas.lt\/en\/wp-json\/wp\/v2\/product_brand?post=12884"},{"taxonomy":"product_cat","embeddable":true,"href":"https:\/\/madoskampas.lt\/en\/wp-json\/wp\/v2\/product_cat?post=12884"},{"taxonomy":"product_tag","embeddable":true,"href":"https:\/\/madoskampas.lt\/en\/wp-json\/wp\/v2\/product_tag?post=12884"}],"curies":[{"name":"wp","href":"https:\/\/api.w.org\/{rel}","templated":true}]}}