{"id":14329,"date":"2025-04-16T08:03:31","date_gmt":"2025-04-16T08:03:31","guid":{"rendered":"https:\/\/madoskampas.lt\/?post_type=product&#038;p=14329"},"modified":"2026-05-11T06:11:42","modified_gmt":"2026-05-11T06:11:42","slug":"marskiniai-cotton-core","status":"publish","type":"product","link":"https:\/\/madoskampas.lt\/en\/product\/marskiniai-cotton-core\/","title":{"rendered":"Mar\u0161kiniai &#8222;Cotton Core&#8221;"},"content":{"rendered":"<p><strong data-start=\"564\" data-end=\"642\">100 % medviln\u0117s klasikiniai mar\u0161kiniai \u2013 tavo \u201eviskam tinkantis\u201c drabu\u017eis.<\/strong><\/p>","protected":false},"excerpt":{"rendered":"<p class=\"\" data-start=\"564\" data-end=\"642\"><strong data-start=\"564\" data-end=\"642\">100 % medviln\u0117s klasikiniai mar\u0161kiniai \u2013 tavo \u201eviskam tinkantis\u201c drabu\u017eis.<\/strong><\/p>\n<p class=\"\" data-start=\"644\" data-end=\"874\">Lengvi, kv\u0117puojantys, patog\u016bs ir universal\u016bs \u2013 \u0161ie mar\u0161kiniai tinka viskam: sluoksniavimui, atostogoms, biurui ar tiesiog stilingam pasivaik\u0161\u010diojimui. Ne\u012fpareigojantis kirpimas ir nat\u016brali sud\u0117tis leid\u017eia jaustis gerai vis\u0105 dien\u0105.<\/p>\n<p class=\"\" data-start=\"876\" data-end=\"1150\">\u2714\ufe0f 100 % nat\u016brali medviln\u0117 \u2013 kv\u0117puojanti, maloni k\u016bnui<br data-start=\"930\" data-end=\"933\" \/>\u2714\ufe0f Tiesaus kirpimo modelis \u2013 tinka nuo S iki L<br data-start=\"979\" data-end=\"982\" \/>\u2714\ufe0f Mygtukai, viena kr\u016btin\u0117s ki\u0161en\u0117l\u0117<br data-start=\"1018\" data-end=\"1021\" \/>\u2714\ufe0f Galima ne\u0161ioti atsegtus ar suri\u0161tus<br data-start=\"1059\" data-end=\"1062\" \/>\u2714\ufe0f Pavasari\u0161kai \u0161velnios ir klasikin\u0117s spalvos: juoda \/ balta \/ ro\u017ein\u0117 \/ \u0161viesiai m\u0117lyna<\/p>\n<p class=\"\" data-start=\"1152\" data-end=\"1246\"><strong data-start=\"1152\" data-end=\"1164\">Composition:<\/strong> 100 % medviln\u0117<br data-start=\"1179\" data-end=\"1182\" \/><strong data-start=\"1182\" data-end=\"1192\">Size:<\/strong> universalus \u2013 tinka S\/M\/L<br data-start=\"1218\" data-end=\"1221\" \/><strong data-start=\"1221\" data-end=\"1246\">Modelio \u016bgis \u2013 165 cm<\/strong><\/p>","protected":false},"featured_media":14099,"comment_status":"open","ping_status":"closed","template":"","meta":{"_uag_custom_page_level_css":"","_monsterinsights_skip_tracking":false,"_monsterinsights_sitenote_active":false,"_monsterinsights_sitenote_note":"","_monsterinsights_sitenote_category":0},"product_brand":[],"product_cat":[66,132,72],"product_tag":[],"class_list":{"0":"post-14329","1":"product","2":"type-product","3":"status-publish","4":"has-post-thumbnail","6":"product_cat-drabuziai","7":"product_cat-ispardavimas","8":"product_cat-marskiniai","9":"tm-has-options","11":"first","12":"outofstock","13":"sale","14":"shipping-taxable","15":"purchasable","16":"product-type-variable"},"yoast_head":"<!-- This site is optimized with the Yoast SEO plugin v27.6 - https:\/\/yoast.com\/product\/yoast-seo-wordpress\/ -->\n<title>Mar\u0161kiniai &quot;Cotton Core&quot; - MadosKampas.lt<\/title>\n<meta name=\"robots\" content=\"index, follow, max-snippet:-1, max-image-preview:large, max-video-preview:-1\" \/>\n<link rel=\"canonical\" href=\"https:\/\/madoskampas.lt\/en\/product\/marskiniai-cotton-core\/\" \/>\n<meta property=\"og:locale\" content=\"en_US\" \/>\n<meta property=\"og:type\" content=\"article\" \/>\n<meta property=\"og:title\" content=\"Mar\u0161kiniai &quot;Cotton Core&quot; - MadosKampas.lt\" \/>\n<meta property=\"og:description\" content=\"100 % medviln\u0117s klasikiniai mar\u0161kiniai \u2013 tavo \u201eviskam tinkantis\u201c drabu\u017eis. Lengvi, kv\u0117puojantys, patog\u016bs ir universal\u016bs \u2013 \u0161ie mar\u0161kiniai tinka viskam: sluoksniavimui, atostogoms, biurui ar tiesiog stilingam pasivaik\u0161\u010diojimui. Ne\u012fpareigojantis kirpimas ir nat\u016brali sud\u0117tis leid\u017eia jaustis gerai vis\u0105 dien\u0105. \u2714\ufe0f 100 % nat\u016brali medviln\u0117 \u2013 kv\u0117puojanti, maloni k\u016bnui\u2714\ufe0f Tiesaus kirpimo modelis \u2013 tinka nuo S iki L\u2714\ufe0f Mygtukai, viena kr\u016btin\u0117s ki\u0161en\u0117l\u0117\u2714\ufe0f Galima ne\u0161ioti atsegtus ar suri\u0161tus\u2714\ufe0f Pavasari\u0161kai \u0161velnios ir klasikin\u0117s spalvos: juoda \/ balta \/ ro\u017ein\u0117 \/ \u0161viesiai m\u0117lyna Sud\u0117tis: 100 % medviln\u0117Dydis: universalus \u2013 tinka S\/M\/LModelio \u016bgis \u2013 165 cm\" \/>\n<meta property=\"og:url\" content=\"https:\/\/madoskampas.lt\/en\/product\/marskiniai-cotton-core\/\" \/>\n<meta property=\"og:site_name\" content=\"MadosKampas.lt\" \/>\n<meta property=\"article:modified_time\" content=\"2026-05-11T06:11:42+00:00\" \/>\n<meta property=\"og:image\" content=\"https:\/\/madoskampas.lt\/wp-content\/uploads\/2025\/04\/IMG_7940.jpeg\" \/>\n\t<meta property=\"og:image:width\" content=\"1536\" \/>\n\t<meta property=\"og:image:height\" content=\"2048\" \/>\n\t<meta property=\"og:image:type\" content=\"image\/jpeg\" \/>\n<meta name=\"twitter:card\" content=\"summary_large_image\" \/>\n<meta name=\"twitter:label1\" content=\"Est. reading time\" \/>\n\t<meta name=\"twitter:data1\" content=\"1 minute\" \/>\n<script type=\"application\/ld+json\" class=\"yoast-schema-graph\">{\"@context\":\"https:\\\/\\\/schema.org\",\"@graph\":[{\"@type\":\"WebPage\",\"@id\":\"https:\\\/\\\/madoskampas.lt\\\/produktas\\\/marskiniai-cotton-core\\\/\",\"url\":\"https:\\\/\\\/madoskampas.lt\\\/produktas\\\/marskiniai-cotton-core\\\/\",\"name\":\"Mar\u0161kiniai \\\"Cotton Core\\\" - MadosKampas.lt\",\"isPartOf\":{\"@id\":\"https:\\\/\\\/madoskampas.lt\\\/#website\"},\"primaryImageOfPage\":{\"@id\":\"https:\\\/\\\/madoskampas.lt\\\/produktas\\\/marskiniai-cotton-core\\\/#primaryimage\"},\"image\":{\"@id\":\"https:\\\/\\\/madoskampas.lt\\\/produktas\\\/marskiniai-cotton-core\\\/#primaryimage\"},\"thumbnailUrl\":\"https:\\\/\\\/madoskampas.lt\\\/wp-content\\\/uploads\\\/2025\\\/04\\\/IMG_7940.jpeg\",\"datePublished\":\"2025-04-16T08:03:31+00:00\",\"dateModified\":\"2026-05-11T06:11:42+00:00\",\"breadcrumb\":{\"@id\":\"https:\\\/\\\/madoskampas.lt\\\/produktas\\\/marskiniai-cotton-core\\\/#breadcrumb\"},\"inLanguage\":\"en-US\",\"potentialAction\":[{\"@type\":\"ReadAction\",\"target\":[\"https:\\\/\\\/madoskampas.lt\\\/produktas\\\/marskiniai-cotton-core\\\/\"]}]},{\"@type\":\"ImageObject\",\"inLanguage\":\"en-US\",\"@id\":\"https:\\\/\\\/madoskampas.lt\\\/produktas\\\/marskiniai-cotton-core\\\/#primaryimage\",\"url\":\"https:\\\/\\\/madoskampas.lt\\\/wp-content\\\/uploads\\\/2025\\\/04\\\/IMG_7940.jpeg\",\"contentUrl\":\"https:\\\/\\\/madoskampas.lt\\\/wp-content\\\/uploads\\\/2025\\\/04\\\/IMG_7940.jpeg\",\"width\":1536,\"height\":2048},{\"@type\":\"BreadcrumbList\",\"@id\":\"https:\\\/\\\/madoskampas.lt\\\/produktas\\\/marskiniai-cotton-core\\\/#breadcrumb\",\"itemListElement\":[{\"@type\":\"ListItem\",\"position\":1,\"name\":\"Home\",\"item\":\"https:\\\/\\\/madoskampas.lt\\\/\"},{\"@type\":\"ListItem\",\"position\":2,\"name\":\"Parduotuv\u0117\",\"item\":\"https:\\\/\\\/madoskampas.lt\\\/parduotuve-2\\\/\"},{\"@type\":\"ListItem\",\"position\":3,\"name\":\"Mar\u0161kiniai &#8222;Cotton Core&#8221;\"}]},{\"@type\":\"WebSite\",\"@id\":\"https:\\\/\\\/madoskampas.lt\\\/#website\",\"url\":\"https:\\\/\\\/madoskampas.lt\\\/\",\"name\":\"MadosKampas.lt\",\"description\":\"Stilingi drabu\u017eiai moterims\",\"potentialAction\":[{\"@type\":\"SearchAction\",\"target\":{\"@type\":\"EntryPoint\",\"urlTemplate\":\"https:\\\/\\\/madoskampas.lt\\\/?s={search_term_string}\"},\"query-input\":{\"@type\":\"PropertyValueSpecification\",\"valueRequired\":true,\"valueName\":\"search_term_string\"}}],\"inLanguage\":\"en-US\"}]}<\/script>\n<!-- \/ Yoast SEO plugin. -->","yoast_head_json":{"title":"Mar\u0161kiniai \"Cotton Core\" - MadosKampas.lt","robots":{"index":"index","follow":"follow","max-snippet":"max-snippet:-1","max-image-preview":"max-image-preview:large","max-video-preview":"max-video-preview:-1"},"canonical":"https:\/\/madoskampas.lt\/en\/product\/marskiniai-cotton-core\/","og_locale":"en_US","og_type":"article","og_title":"Mar\u0161kiniai \"Cotton Core\" - MadosKampas.lt","og_description":"100 % medviln\u0117s klasikiniai mar\u0161kiniai \u2013 tavo \u201eviskam tinkantis\u201c drabu\u017eis. Lengvi, kv\u0117puojantys, patog\u016bs ir universal\u016bs \u2013 \u0161ie mar\u0161kiniai tinka viskam: sluoksniavimui, atostogoms, biurui ar tiesiog stilingam pasivaik\u0161\u010diojimui. Ne\u012fpareigojantis kirpimas ir nat\u016brali sud\u0117tis leid\u017eia jaustis gerai vis\u0105 dien\u0105. \u2714\ufe0f 100 % nat\u016brali medviln\u0117 \u2013 kv\u0117puojanti, maloni k\u016bnui\u2714\ufe0f Tiesaus kirpimo modelis \u2013 tinka nuo S iki L\u2714\ufe0f Mygtukai, viena kr\u016btin\u0117s ki\u0161en\u0117l\u0117\u2714\ufe0f Galima ne\u0161ioti atsegtus ar suri\u0161tus\u2714\ufe0f Pavasari\u0161kai \u0161velnios ir klasikin\u0117s spalvos: juoda \/ balta \/ ro\u017ein\u0117 \/ \u0161viesiai m\u0117lyna Sud\u0117tis: 100 % medviln\u0117Dydis: universalus \u2013 tinka S\/M\/LModelio \u016bgis \u2013 165 cm","og_url":"https:\/\/madoskampas.lt\/en\/product\/marskiniai-cotton-core\/","og_site_name":"MadosKampas.lt","article_modified_time":"2026-05-11T06:11:42+00:00","og_image":[{"width":1536,"height":2048,"url":"https:\/\/madoskampas.lt\/wp-content\/uploads\/2025\/04\/IMG_7940.jpeg","type":"image\/jpeg"}],"twitter_card":"summary_large_image","twitter_misc":{"Est. reading time":"1 minute"},"schema":{"@context":"https:\/\/schema.org","@graph":[{"@type":"WebPage","@id":"https:\/\/madoskampas.lt\/produktas\/marskiniai-cotton-core\/","url":"https:\/\/madoskampas.lt\/produktas\/marskiniai-cotton-core\/","name":"Mar\u0161kiniai \"Cotton Core\" - MadosKampas.lt","isPartOf":{"@id":"https:\/\/madoskampas.lt\/#website"},"primaryImageOfPage":{"@id":"https:\/\/madoskampas.lt\/produktas\/marskiniai-cotton-core\/#primaryimage"},"image":{"@id":"https:\/\/madoskampas.lt\/produktas\/marskiniai-cotton-core\/#primaryimage"},"thumbnailUrl":"https:\/\/madoskampas.lt\/wp-content\/uploads\/2025\/04\/IMG_7940.jpeg","datePublished":"2025-04-16T08:03:31+00:00","dateModified":"2026-05-11T06:11:42+00:00","breadcrumb":{"@id":"https:\/\/madoskampas.lt\/produktas\/marskiniai-cotton-core\/#breadcrumb"},"inLanguage":"en-US","potentialAction":[{"@type":"ReadAction","target":["https:\/\/madoskampas.lt\/produktas\/marskiniai-cotton-core\/"]}]},{"@type":"ImageObject","inLanguage":"en-US","@id":"https:\/\/madoskampas.lt\/produktas\/marskiniai-cotton-core\/#primaryimage","url":"https:\/\/madoskampas.lt\/wp-content\/uploads\/2025\/04\/IMG_7940.jpeg","contentUrl":"https:\/\/madoskampas.lt\/wp-content\/uploads\/2025\/04\/IMG_7940.jpeg","width":1536,"height":2048},{"@type":"BreadcrumbList","@id":"https:\/\/madoskampas.lt\/produktas\/marskiniai-cotton-core\/#breadcrumb","itemListElement":[{"@type":"ListItem","position":1,"name":"Home","item":"https:\/\/madoskampas.lt\/"},{"@type":"ListItem","position":2,"name":"Parduotuv\u0117","item":"https:\/\/madoskampas.lt\/parduotuve-2\/"},{"@type":"ListItem","position":3,"name":"Mar\u0161kiniai &#8222;Cotton Core&#8221;"}]},{"@type":"WebSite","@id":"https:\/\/madoskampas.lt\/#website","url":"https:\/\/madoskampas.lt\/","name":"FashionKampas.lt","description":"Stylish clothes for women","potentialAction":[{"@type":"SearchAction","target":{"@type":"EntryPoint","urlTemplate":"https:\/\/madoskampas.lt\/?s={search_term_string}"},"query-input":{"@type":"PropertyValueSpecification","valueRequired":true,"valueName":"search_term_string"}}],"inLanguage":"en-US"}]}},"uagb_featured_image_src":{"full":["https:\/\/madoskampas.lt\/wp-content\/uploads\/2025\/04\/IMG_7940.jpeg",1536,2048,false],"thumbnail":["https:\/\/madoskampas.lt\/wp-content\/uploads\/2025\/04\/IMG_7940-150x150.jpeg",150,150,true],"medium":["https:\/\/madoskampas.lt\/wp-content\/uploads\/2025\/04\/IMG_7940-225x300.jpeg",225,300,true],"medium_large":["https:\/\/madoskampas.lt\/wp-content\/uploads\/2025\/04\/IMG_7940-768x1024.jpeg",768,1024,true],"large":["https:\/\/madoskampas.lt\/wp-content\/uploads\/2025\/04\/IMG_7940-768x1024.jpeg",768,1024,true],"1536x1536":["https:\/\/madoskampas.lt\/wp-content\/uploads\/2025\/04\/IMG_7940-1152x1536.jpeg",1152,1536,true],"2048x2048":["https:\/\/madoskampas.lt\/wp-content\/uploads\/2025\/04\/IMG_7940.jpeg",1536,2048,false],"trp-custom-language-flag":["https:\/\/madoskampas.lt\/wp-content\/uploads\/2025\/04\/IMG_7940.jpeg",9,12,false],"nova-image-square":["https:\/\/madoskampas.lt\/wp-content\/uploads\/2025\/04\/IMG_7940-1100x1100.jpeg",1100,1100,true],"mixtas-product-03":["https:\/\/madoskampas.lt\/wp-content\/uploads\/2025\/04\/IMG_7940-600x345.jpeg",600,345,true],"woocommerce_thumbnail":["https:\/\/madoskampas.lt\/wp-content\/uploads\/2025\/04\/IMG_7940-700x700.jpeg",700,700,true],"woocommerce_single":["https:\/\/madoskampas.lt\/wp-content\/uploads\/2025\/04\/IMG_7940-1000x1333.jpeg",1000,1333,true],"woocommerce_gallery_thumbnail":["https:\/\/madoskampas.lt\/wp-content\/uploads\/2025\/04\/IMG_7940-250x250.jpeg",250,250,true],"variation_swatches_image_size":["https:\/\/madoskampas.lt\/wp-content\/uploads\/2025\/04\/IMG_7940-50x50.jpeg",50,50,true],"variation_swatches_tooltip_size":["https:\/\/madoskampas.lt\/wp-content\/uploads\/2025\/04\/IMG_7940-100x100.jpeg",100,100,true]},"uagb_author_info":{"display_name":"algirdasbart","author_link":"https:\/\/madoskampas.lt\/en\/author\/"},"uagb_comment_info":0,"uagb_excerpt":"100 % medviln\u0117s klasikiniai mar\u0161kiniai \u2013 tavo \u201eviskam tinkantis\u201c drabu\u017eis. Lengvi, kv\u0117puojantys, patog\u016bs ir universal\u016bs \u2013 \u0161ie mar\u0161kiniai tinka viskam: sluoksniavimui, atostogoms, biurui ar tiesiog stilingam pasivaik\u0161\u010diojimui. Ne\u012fpareigojantis kirpimas ir nat\u016brali sud\u0117tis leid\u017eia jaustis gerai vis\u0105 dien\u0105. \u2714\ufe0f 100 % nat\u016brali medviln\u0117 \u2013 kv\u0117puojanti, maloni k\u016bnui\u2714\ufe0f Tiesaus kirpimo modelis \u2013 tinka nuo S iki L\u2714\ufe0f&hellip;","jetpack_sharing_enabled":true,"_links":{"self":[{"href":"https:\/\/madoskampas.lt\/en\/wp-json\/wp\/v2\/product\/14329","targetHints":{"allow":["GET"]}}],"collection":[{"href":"https:\/\/madoskampas.lt\/en\/wp-json\/wp\/v2\/product"}],"about":[{"href":"https:\/\/madoskampas.lt\/en\/wp-json\/wp\/v2\/types\/product"}],"replies":[{"embeddable":true,"href":"https:\/\/madoskampas.lt\/en\/wp-json\/wp\/v2\/comments?post=14329"}],"wp:featuredmedia":[{"embeddable":true,"href":"https:\/\/madoskampas.lt\/en\/wp-json\/wp\/v2\/media\/14099"}],"wp:attachment":[{"href":"https:\/\/madoskampas.lt\/en\/wp-json\/wp\/v2\/media?parent=14329"}],"wp:term":[{"taxonomy":"product_brand","embeddable":true,"href":"https:\/\/madoskampas.lt\/en\/wp-json\/wp\/v2\/product_brand?post=14329"},{"taxonomy":"product_cat","embeddable":true,"href":"https:\/\/madoskampas.lt\/en\/wp-json\/wp\/v2\/product_cat?post=14329"},{"taxonomy":"product_tag","embeddable":true,"href":"https:\/\/madoskampas.lt\/en\/wp-json\/wp\/v2\/product_tag?post=14329"}],"curies":[{"name":"wp","href":"https:\/\/api.w.org\/{rel}","templated":true}]}}