{"id":14521,"date":"2025-04-24T14:42:38","date_gmt":"2025-04-24T14:42:38","guid":{"rendered":"https:\/\/madoskampas.lt\/?post_type=product&#038;p=14521"},"modified":"2026-03-17T12:55:47","modified_gmt":"2026-03-17T12:55:47","slug":"suknele-la-primavera","status":"publish","type":"product","link":"https:\/\/madoskampas.lt\/en\/product\/suknele-la-primavera\/","title":{"rendered":"Suknel\u0117 \u201eLa Primavera\u201c"},"content":{"rendered":"<p class=\"\" data-start=\"96\" data-end=\"560\">\u0160i suknel\u0117 \u2013 tai lyg kava Italijos terasoje ir lengvas v\u0117jas \u017eydin\u010dioje gatvel\u0117je. Romanti\u0161kas siluetas, laisvai krintanti med\u017eiaga ir pasijonis, kuris subtiliai glosto kiekvien\u0105 \u017eingsn\u012f. Ilgis ~110 cm, per kr\u016btin\u0119 apie 50 cm, tinka fig\u016broms nuo S iki L. \u0160i suknel\u0117 \u2013 ne tik drabu\u017eis, o nuotaika.<\/p>","protected":false},"excerpt":{"rendered":"<p class=\"\" data-start=\"96\" data-end=\"560\">\u0160i suknel\u0117 \u2013 tai lyg kava Italijos terasoje ir lengvas v\u0117jas \u017eydin\u010dioje gatvel\u0117je. Romanti\u0161kas siluetas, laisvai krintanti med\u017eiaga ir pasijonis, kuris subtiliai glosto kiekvien\u0105 \u017eingsn\u012f. Ilgis ~110 cm, per kr\u016btin\u0119 apie 50 cm, tinka fig\u016broms nuo S iki L. \u0160i suknel\u0117 \u2013 ne tik drabu\u017eis, o nuotaika. Tav\u0119s laukia pasivaik\u0161\u010diojimai, komplimentai ir spindesys!<\/p>","protected":false},"featured_media":25300,"comment_status":"open","ping_status":"closed","template":"","meta":{"_uag_custom_page_level_css":"","_monsterinsights_skip_tracking":false,"_monsterinsights_sitenote_active":false,"_monsterinsights_sitenote_note":"","_monsterinsights_sitenote_category":0},"product_brand":[],"product_cat":[66,95,96,78],"product_tag":[],"class_list":{"0":"post-14521","1":"product","2":"type-product","3":"status-publish","4":"has-post-thumbnail","6":"product_cat-drabuziai","7":"product_cat-naujausi","8":"product_cat-populiariausi","9":"product_cat-sukneles","10":"tm-has-options","12":"first","13":"instock","14":"shipping-taxable","15":"purchasable","16":"product-type-variable"},"yoast_head":"<!-- This site is optimized with the Yoast SEO plugin v27.3 - https:\/\/yoast.com\/product\/yoast-seo-wordpress\/ -->\n<title>Suknel\u0117 \u201eLa Primavera\u201c - MadosKampas.lt<\/title>\n<meta name=\"robots\" content=\"index, follow, max-snippet:-1, max-image-preview:large, max-video-preview:-1\" \/>\n<link rel=\"canonical\" href=\"https:\/\/madoskampas.lt\/en\/product\/suknele-la-primavera\/\" \/>\n<meta property=\"og:locale\" content=\"en_US\" \/>\n<meta property=\"og:type\" content=\"article\" \/>\n<meta property=\"og:title\" content=\"Suknel\u0117 \u201eLa Primavera\u201c - MadosKampas.lt\" \/>\n<meta property=\"og:description\" content=\"\u0160i suknel\u0117 \u2013 tai lyg kava Italijos terasoje ir lengvas v\u0117jas \u017eydin\u010dioje gatvel\u0117je. Romanti\u0161kas siluetas, laisvai krintanti med\u017eiaga ir pasijonis, kuris subtiliai glosto kiekvien\u0105 \u017eingsn\u012f. Ilgis ~110 cm, per kr\u016btin\u0119 apie 50 cm, tinka fig\u016broms nuo S iki L. \u0160i suknel\u0117 \u2013 ne tik drabu\u017eis, o nuotaika. Tav\u0119s laukia pasivaik\u0161\u010diojimai, komplimentai ir spindesys!\" \/>\n<meta property=\"og:url\" content=\"https:\/\/madoskampas.lt\/en\/product\/suknele-la-primavera\/\" \/>\n<meta property=\"og:site_name\" content=\"MadosKampas.lt\" \/>\n<meta property=\"article:modified_time\" content=\"2026-03-17T12:55:47+00:00\" \/>\n<meta property=\"og:image\" content=\"https:\/\/madoskampas.lt\/wp-content\/uploads\/2025\/04\/IMG_1125.jpeg\" \/>\n\t<meta property=\"og:image:width\" content=\"1536\" \/>\n\t<meta property=\"og:image:height\" content=\"2048\" \/>\n\t<meta property=\"og:image:type\" content=\"image\/jpeg\" \/>\n<meta name=\"twitter:card\" content=\"summary_large_image\" \/>\n<meta name=\"twitter:label1\" content=\"Est. reading time\" \/>\n\t<meta name=\"twitter:data1\" content=\"1 minute\" \/>\n<script type=\"application\/ld+json\" class=\"yoast-schema-graph\">{\"@context\":\"https:\\\/\\\/schema.org\",\"@graph\":[{\"@type\":\"WebPage\",\"@id\":\"https:\\\/\\\/madoskampas.lt\\\/produktas\\\/suknele-la-primavera\\\/\",\"url\":\"https:\\\/\\\/madoskampas.lt\\\/produktas\\\/suknele-la-primavera\\\/\",\"name\":\"Suknel\u0117 \u201eLa Primavera\u201c - MadosKampas.lt\",\"isPartOf\":{\"@id\":\"https:\\\/\\\/madoskampas.lt\\\/#website\"},\"primaryImageOfPage\":{\"@id\":\"https:\\\/\\\/madoskampas.lt\\\/produktas\\\/suknele-la-primavera\\\/#primaryimage\"},\"image\":{\"@id\":\"https:\\\/\\\/madoskampas.lt\\\/produktas\\\/suknele-la-primavera\\\/#primaryimage\"},\"thumbnailUrl\":\"https:\\\/\\\/madoskampas.lt\\\/wp-content\\\/uploads\\\/2025\\\/04\\\/img_8330-scaled.jpeg\",\"datePublished\":\"2025-04-24T14:42:38+00:00\",\"dateModified\":\"2026-03-17T12:55:47+00:00\",\"breadcrumb\":{\"@id\":\"https:\\\/\\\/madoskampas.lt\\\/produktas\\\/suknele-la-primavera\\\/#breadcrumb\"},\"inLanguage\":\"en-US\",\"potentialAction\":[{\"@type\":\"ReadAction\",\"target\":[\"https:\\\/\\\/madoskampas.lt\\\/produktas\\\/suknele-la-primavera\\\/\"]}]},{\"@type\":\"ImageObject\",\"inLanguage\":\"en-US\",\"@id\":\"https:\\\/\\\/madoskampas.lt\\\/produktas\\\/suknele-la-primavera\\\/#primaryimage\",\"url\":\"https:\\\/\\\/madoskampas.lt\\\/wp-content\\\/uploads\\\/2025\\\/04\\\/img_8330-scaled.jpeg\",\"contentUrl\":\"https:\\\/\\\/madoskampas.lt\\\/wp-content\\\/uploads\\\/2025\\\/04\\\/img_8330-scaled.jpeg\",\"width\":1440,\"height\":2560},{\"@type\":\"BreadcrumbList\",\"@id\":\"https:\\\/\\\/madoskampas.lt\\\/produktas\\\/suknele-la-primavera\\\/#breadcrumb\",\"itemListElement\":[{\"@type\":\"ListItem\",\"position\":1,\"name\":\"Home\",\"item\":\"https:\\\/\\\/madoskampas.lt\\\/\"},{\"@type\":\"ListItem\",\"position\":2,\"name\":\"Parduotuv\u0117\",\"item\":\"https:\\\/\\\/madoskampas.lt\\\/parduotuve-2\\\/\"},{\"@type\":\"ListItem\",\"position\":3,\"name\":\"Suknel\u0117 \u201eLa Primavera\u201c\"}]},{\"@type\":\"WebSite\",\"@id\":\"https:\\\/\\\/madoskampas.lt\\\/#website\",\"url\":\"https:\\\/\\\/madoskampas.lt\\\/\",\"name\":\"MadosKampas.lt\",\"description\":\"Stilingi drabu\u017eiai moterims\",\"potentialAction\":[{\"@type\":\"SearchAction\",\"target\":{\"@type\":\"EntryPoint\",\"urlTemplate\":\"https:\\\/\\\/madoskampas.lt\\\/?s={search_term_string}\"},\"query-input\":{\"@type\":\"PropertyValueSpecification\",\"valueRequired\":true,\"valueName\":\"search_term_string\"}}],\"inLanguage\":\"en-US\"}]}<\/script>\n<!-- \/ Yoast SEO plugin. -->","yoast_head_json":{"title":"Suknel\u0117 \u201eLa Primavera\u201c - MadosKampas.lt","robots":{"index":"index","follow":"follow","max-snippet":"max-snippet:-1","max-image-preview":"max-image-preview:large","max-video-preview":"max-video-preview:-1"},"canonical":"https:\/\/madoskampas.lt\/en\/product\/suknele-la-primavera\/","og_locale":"en_US","og_type":"article","og_title":"Suknel\u0117 \u201eLa Primavera\u201c - MadosKampas.lt","og_description":"\u0160i suknel\u0117 \u2013 tai lyg kava Italijos terasoje ir lengvas v\u0117jas \u017eydin\u010dioje gatvel\u0117je. Romanti\u0161kas siluetas, laisvai krintanti med\u017eiaga ir pasijonis, kuris subtiliai glosto kiekvien\u0105 \u017eingsn\u012f. Ilgis ~110 cm, per kr\u016btin\u0119 apie 50 cm, tinka fig\u016broms nuo S iki L. \u0160i suknel\u0117 \u2013 ne tik drabu\u017eis, o nuotaika. Tav\u0119s laukia pasivaik\u0161\u010diojimai, komplimentai ir spindesys!","og_url":"https:\/\/madoskampas.lt\/en\/product\/suknele-la-primavera\/","og_site_name":"MadosKampas.lt","article_modified_time":"2026-03-17T12:55:47+00:00","og_image":[{"width":1536,"height":2048,"url":"https:\/\/madoskampas.lt\/wp-content\/uploads\/2025\/04\/IMG_1125.jpeg","type":"image\/jpeg"}],"twitter_card":"summary_large_image","twitter_misc":{"Est. reading time":"1 minute"},"schema":{"@context":"https:\/\/schema.org","@graph":[{"@type":"WebPage","@id":"https:\/\/madoskampas.lt\/produktas\/suknele-la-primavera\/","url":"https:\/\/madoskampas.lt\/produktas\/suknele-la-primavera\/","name":"Suknel\u0117 \u201eLa Primavera\u201c - MadosKampas.lt","isPartOf":{"@id":"https:\/\/madoskampas.lt\/#website"},"primaryImageOfPage":{"@id":"https:\/\/madoskampas.lt\/produktas\/suknele-la-primavera\/#primaryimage"},"image":{"@id":"https:\/\/madoskampas.lt\/produktas\/suknele-la-primavera\/#primaryimage"},"thumbnailUrl":"https:\/\/madoskampas.lt\/wp-content\/uploads\/2025\/04\/img_8330-scaled.jpeg","datePublished":"2025-04-24T14:42:38+00:00","dateModified":"2026-03-17T12:55:47+00:00","breadcrumb":{"@id":"https:\/\/madoskampas.lt\/produktas\/suknele-la-primavera\/#breadcrumb"},"inLanguage":"en-US","potentialAction":[{"@type":"ReadAction","target":["https:\/\/madoskampas.lt\/produktas\/suknele-la-primavera\/"]}]},{"@type":"ImageObject","inLanguage":"en-US","@id":"https:\/\/madoskampas.lt\/produktas\/suknele-la-primavera\/#primaryimage","url":"https:\/\/madoskampas.lt\/wp-content\/uploads\/2025\/04\/img_8330-scaled.jpeg","contentUrl":"https:\/\/madoskampas.lt\/wp-content\/uploads\/2025\/04\/img_8330-scaled.jpeg","width":1440,"height":2560},{"@type":"BreadcrumbList","@id":"https:\/\/madoskampas.lt\/produktas\/suknele-la-primavera\/#breadcrumb","itemListElement":[{"@type":"ListItem","position":1,"name":"Home","item":"https:\/\/madoskampas.lt\/"},{"@type":"ListItem","position":2,"name":"Parduotuv\u0117","item":"https:\/\/madoskampas.lt\/parduotuve-2\/"},{"@type":"ListItem","position":3,"name":"Suknel\u0117 \u201eLa Primavera\u201c"}]},{"@type":"WebSite","@id":"https:\/\/madoskampas.lt\/#website","url":"https:\/\/madoskampas.lt\/","name":"FashionKampas.lt","description":"Stylish clothes for women","potentialAction":[{"@type":"SearchAction","target":{"@type":"EntryPoint","urlTemplate":"https:\/\/madoskampas.lt\/?s={search_term_string}"},"query-input":{"@type":"PropertyValueSpecification","valueRequired":true,"valueName":"search_term_string"}}],"inLanguage":"en-US"}]}},"uagb_featured_image_src":{"full":["https:\/\/madoskampas.lt\/wp-content\/uploads\/2025\/04\/img_8330-scaled.jpeg",1440,2560,false],"thumbnail":["https:\/\/madoskampas.lt\/wp-content\/uploads\/2025\/04\/img_8330-150x150.jpeg",150,150,true],"medium":["https:\/\/madoskampas.lt\/wp-content\/uploads\/2025\/04\/img_8330-169x300.jpeg",169,300,true],"medium_large":["https:\/\/madoskampas.lt\/wp-content\/uploads\/2025\/04\/img_8330-768x1365.jpeg",768,1365,true],"large":["https:\/\/madoskampas.lt\/wp-content\/uploads\/2025\/04\/img_8330-576x1024.jpeg",576,1024,true],"1536x1536":["https:\/\/madoskampas.lt\/wp-content\/uploads\/2025\/04\/img_8330-864x1536.jpeg",864,1536,true],"2048x2048":["https:\/\/madoskampas.lt\/wp-content\/uploads\/2025\/04\/img_8330-1152x2048.jpeg",1152,2048,true],"trp-custom-language-flag":["https:\/\/madoskampas.lt\/wp-content\/uploads\/2025\/04\/img_8330-7x12.jpeg",7,12,true],"nova-image-square":["https:\/\/madoskampas.lt\/wp-content\/uploads\/2025\/04\/img_8330-1100x1100.jpeg",1100,1100,true],"mixtas-product-03":["https:\/\/madoskampas.lt\/wp-content\/uploads\/2025\/04\/img_8330-600x345.jpeg",600,345,true],"woocommerce_thumbnail":["https:\/\/madoskampas.lt\/wp-content\/uploads\/2025\/04\/img_8330-700x700.jpeg",700,700,true],"woocommerce_single":["https:\/\/madoskampas.lt\/wp-content\/uploads\/2025\/04\/img_8330-1000x1777.jpeg",1000,1777,true],"woocommerce_gallery_thumbnail":["https:\/\/madoskampas.lt\/wp-content\/uploads\/2025\/04\/img_8330-250x250.jpeg",250,250,true],"variation_swatches_image_size":["https:\/\/madoskampas.lt\/wp-content\/uploads\/2025\/04\/img_8330-50x50.jpeg",50,50,true],"variation_swatches_tooltip_size":["https:\/\/madoskampas.lt\/wp-content\/uploads\/2025\/04\/img_8330-100x100.jpeg",100,100,true]},"uagb_author_info":{"display_name":"algirdasbart","author_link":"https:\/\/madoskampas.lt\/en\/author\/"},"uagb_comment_info":0,"uagb_excerpt":"\u0160i suknel\u0117 \u2013 tai lyg kava Italijos terasoje ir lengvas v\u0117jas \u017eydin\u010dioje gatvel\u0117je. Romanti\u0161kas siluetas, laisvai krintanti med\u017eiaga ir pasijonis, kuris subtiliai glosto kiekvien\u0105 \u017eingsn\u012f. Ilgis ~110 cm, per kr\u016btin\u0119 apie 50 cm, tinka fig\u016broms nuo S iki L. \u0160i suknel\u0117 \u2013 ne tik drabu\u017eis, o nuotaika. Tav\u0119s laukia pasivaik\u0161\u010diojimai, komplimentai ir spindesys!","jetpack_sharing_enabled":true,"_links":{"self":[{"href":"https:\/\/madoskampas.lt\/en\/wp-json\/wp\/v2\/product\/14521","targetHints":{"allow":["GET"]}}],"collection":[{"href":"https:\/\/madoskampas.lt\/en\/wp-json\/wp\/v2\/product"}],"about":[{"href":"https:\/\/madoskampas.lt\/en\/wp-json\/wp\/v2\/types\/product"}],"replies":[{"embeddable":true,"href":"https:\/\/madoskampas.lt\/en\/wp-json\/wp\/v2\/comments?post=14521"}],"wp:featuredmedia":[{"embeddable":true,"href":"https:\/\/madoskampas.lt\/en\/wp-json\/wp\/v2\/media\/25300"}],"wp:attachment":[{"href":"https:\/\/madoskampas.lt\/en\/wp-json\/wp\/v2\/media?parent=14521"}],"wp:term":[{"taxonomy":"product_brand","embeddable":true,"href":"https:\/\/madoskampas.lt\/en\/wp-json\/wp\/v2\/product_brand?post=14521"},{"taxonomy":"product_cat","embeddable":true,"href":"https:\/\/madoskampas.lt\/en\/wp-json\/wp\/v2\/product_cat?post=14521"},{"taxonomy":"product_tag","embeddable":true,"href":"https:\/\/madoskampas.lt\/en\/wp-json\/wp\/v2\/product_tag?post=14521"}],"curies":[{"name":"wp","href":"https:\/\/api.w.org\/{rel}","templated":true}]}}