{"id":15539,"date":"2025-05-21T12:49:15","date_gmt":"2025-05-21T12:49:15","guid":{"rendered":"https:\/\/madoskampas.lt\/?post_type=product&#038;p=15539"},"modified":"2026-03-17T06:47:17","modified_gmt":"2026-03-17T06:47:17","slug":"palaidine-dolce-maglia","status":"publish","type":"product","link":"https:\/\/madoskampas.lt\/en\/product\/palaidine-dolce-maglia\/","title":{"rendered":"Palaidin\u0117 \u201eDolce Maglia\u201c"},"content":{"rendered":"<p>Subtiliai eleganti\u0161ka palaidin\u0117 \u201eDolce Maglia\u201c \u017eavi prabangiai atrodan\u010diais aukso spalvos sagut\u0117mis, dekoratyvin\u0117mis ki\u0161en\u0117l\u0117mis ir lengvu, a\u017e\u016briniu mezgimu.<\/p>","protected":false},"excerpt":{"rendered":"<p class=\"\" data-start=\"88\" data-end=\"472\">Subtiliai eleganti\u0161ka palaidin\u0117 \u201eDolce Maglia\u201c \u017eavi prabangiai atrodan\u010diais aukso spalvos sagut\u0117mis, dekoratyvin\u0117mis ki\u0161en\u0117l\u0117mis ir lengvu, a\u017e\u016briniu mezgimu.<\/p>\n<p class=\"\" data-start=\"88\" data-end=\"472\">Mink\u0161ta, priglundanti, bet nevar\u017eanti \u2013 puikiai tinka tiek kasdienai, tiek stilingam vakarui.<br data-start=\"356\" data-end=\"359\" data-is-only-node=\"\" \/>Tinka dyd\u017eiams nuo XS iki M.<br data-start=\"387\" data-end=\"390\" \/>Yra trys i\u0161rai\u0161kingi atspalviai: klasikin\u0117 juoda, gaivi m\u0117t\u0173 ir dangi\u0161kai \u017eydra.<\/p>\n<p class=\"\" data-start=\"474\" data-end=\"551\">","protected":false},"featured_media":15494,"comment_status":"open","ping_status":"closed","template":"","meta":{"_uag_custom_page_level_css":"","_monsterinsights_skip_tracking":false,"_monsterinsights_sitenote_active":false,"_monsterinsights_sitenote_note":"","_monsterinsights_sitenote_category":0},"product_brand":[],"product_cat":[66,95,74,96],"product_tag":[],"class_list":{"0":"post-15539","1":"product","2":"type-product","3":"status-publish","4":"has-post-thumbnail","6":"product_cat-drabuziai","7":"product_cat-naujausi","8":"product_cat-palaidines","9":"product_cat-populiariausi","10":"tm-has-options","12":"first","13":"outofstock","14":"sale","15":"shipping-taxable","16":"purchasable","17":"product-type-variable"},"yoast_head":"<!-- This site is optimized with the Yoast SEO plugin v27.3 - https:\/\/yoast.com\/product\/yoast-seo-wordpress\/ -->\n<title>Palaidin\u0117 \u201eDolce Maglia\u201c - MadosKampas.lt<\/title>\n<meta name=\"robots\" content=\"index, follow, max-snippet:-1, max-image-preview:large, max-video-preview:-1\" \/>\n<link rel=\"canonical\" href=\"https:\/\/madoskampas.lt\/en\/product\/palaidine-dolce-maglia\/\" \/>\n<meta property=\"og:locale\" content=\"en_US\" \/>\n<meta property=\"og:type\" content=\"article\" \/>\n<meta property=\"og:title\" content=\"Palaidin\u0117 \u201eDolce Maglia\u201c - MadosKampas.lt\" \/>\n<meta property=\"og:description\" content=\"Subtiliai eleganti\u0161ka palaidin\u0117 \u201eDolce Maglia\u201c \u017eavi prabangiai atrodan\u010diais aukso spalvos sagut\u0117mis, dekoratyvin\u0117mis ki\u0161en\u0117l\u0117mis ir lengvu, a\u017e\u016briniu mezgimu. Mink\u0161ta, priglundanti, bet nevar\u017eanti \u2013 puikiai tinka tiek kasdienai, tiek stilingam vakarui.Tinka dyd\u017eiams nuo XS iki M.Yra trys i\u0161rai\u0161kingi atspalviai: klasikin\u0117 juoda, gaivi m\u0117t\u0173 ir dangi\u0161kai \u017eydra.\" \/>\n<meta property=\"og:url\" content=\"https:\/\/madoskampas.lt\/en\/product\/palaidine-dolce-maglia\/\" \/>\n<meta property=\"og:site_name\" content=\"MadosKampas.lt\" \/>\n<meta property=\"article:modified_time\" content=\"2026-03-17T06:47:17+00:00\" \/>\n<meta property=\"og:image\" content=\"https:\/\/madoskampas.lt\/wp-content\/uploads\/2025\/04\/IMG_3044.jpeg\" \/>\n\t<meta property=\"og:image:width\" content=\"1536\" \/>\n\t<meta property=\"og:image:height\" content=\"2048\" \/>\n\t<meta property=\"og:image:type\" content=\"image\/jpeg\" \/>\n<meta name=\"twitter:card\" content=\"summary_large_image\" \/>\n<meta name=\"twitter:label1\" content=\"Est. reading time\" \/>\n\t<meta name=\"twitter:data1\" content=\"1 minute\" \/>\n<script type=\"application\/ld+json\" class=\"yoast-schema-graph\">{\"@context\":\"https:\\\/\\\/schema.org\",\"@graph\":[{\"@type\":\"WebPage\",\"@id\":\"https:\\\/\\\/madoskampas.lt\\\/produktas\\\/palaidine-dolce-maglia\\\/\",\"url\":\"https:\\\/\\\/madoskampas.lt\\\/produktas\\\/palaidine-dolce-maglia\\\/\",\"name\":\"Palaidin\u0117 \u201eDolce Maglia\u201c - MadosKampas.lt\",\"isPartOf\":{\"@id\":\"https:\\\/\\\/madoskampas.lt\\\/#website\"},\"primaryImageOfPage\":{\"@id\":\"https:\\\/\\\/madoskampas.lt\\\/produktas\\\/palaidine-dolce-maglia\\\/#primaryimage\"},\"image\":{\"@id\":\"https:\\\/\\\/madoskampas.lt\\\/produktas\\\/palaidine-dolce-maglia\\\/#primaryimage\"},\"thumbnailUrl\":\"https:\\\/\\\/madoskampas.lt\\\/wp-content\\\/uploads\\\/2025\\\/04\\\/IMG_3044.jpeg\",\"datePublished\":\"2025-05-21T12:49:15+00:00\",\"dateModified\":\"2026-03-17T06:47:17+00:00\",\"breadcrumb\":{\"@id\":\"https:\\\/\\\/madoskampas.lt\\\/produktas\\\/palaidine-dolce-maglia\\\/#breadcrumb\"},\"inLanguage\":\"en-US\",\"potentialAction\":[{\"@type\":\"ReadAction\",\"target\":[\"https:\\\/\\\/madoskampas.lt\\\/produktas\\\/palaidine-dolce-maglia\\\/\"]}]},{\"@type\":\"ImageObject\",\"inLanguage\":\"en-US\",\"@id\":\"https:\\\/\\\/madoskampas.lt\\\/produktas\\\/palaidine-dolce-maglia\\\/#primaryimage\",\"url\":\"https:\\\/\\\/madoskampas.lt\\\/wp-content\\\/uploads\\\/2025\\\/04\\\/IMG_3044.jpeg\",\"contentUrl\":\"https:\\\/\\\/madoskampas.lt\\\/wp-content\\\/uploads\\\/2025\\\/04\\\/IMG_3044.jpeg\",\"width\":1536,\"height\":2048},{\"@type\":\"BreadcrumbList\",\"@id\":\"https:\\\/\\\/madoskampas.lt\\\/produktas\\\/palaidine-dolce-maglia\\\/#breadcrumb\",\"itemListElement\":[{\"@type\":\"ListItem\",\"position\":1,\"name\":\"Home\",\"item\":\"https:\\\/\\\/madoskampas.lt\\\/\"},{\"@type\":\"ListItem\",\"position\":2,\"name\":\"Parduotuv\u0117\",\"item\":\"https:\\\/\\\/madoskampas.lt\\\/parduotuve-2\\\/\"},{\"@type\":\"ListItem\",\"position\":3,\"name\":\"Palaidin\u0117 \u201eDolce Maglia\u201c\"}]},{\"@type\":\"WebSite\",\"@id\":\"https:\\\/\\\/madoskampas.lt\\\/#website\",\"url\":\"https:\\\/\\\/madoskampas.lt\\\/\",\"name\":\"MadosKampas.lt\",\"description\":\"Stilingi drabu\u017eiai moterims\",\"potentialAction\":[{\"@type\":\"SearchAction\",\"target\":{\"@type\":\"EntryPoint\",\"urlTemplate\":\"https:\\\/\\\/madoskampas.lt\\\/?s={search_term_string}\"},\"query-input\":{\"@type\":\"PropertyValueSpecification\",\"valueRequired\":true,\"valueName\":\"search_term_string\"}}],\"inLanguage\":\"en-US\"}]}<\/script>\n<!-- \/ Yoast SEO plugin. -->","yoast_head_json":{"title":"Palaidin\u0117 \u201eDolce Maglia\u201c - MadosKampas.lt","robots":{"index":"index","follow":"follow","max-snippet":"max-snippet:-1","max-image-preview":"max-image-preview:large","max-video-preview":"max-video-preview:-1"},"canonical":"https:\/\/madoskampas.lt\/en\/product\/palaidine-dolce-maglia\/","og_locale":"en_US","og_type":"article","og_title":"Palaidin\u0117 \u201eDolce Maglia\u201c - MadosKampas.lt","og_description":"Subtiliai eleganti\u0161ka palaidin\u0117 \u201eDolce Maglia\u201c \u017eavi prabangiai atrodan\u010diais aukso spalvos sagut\u0117mis, dekoratyvin\u0117mis ki\u0161en\u0117l\u0117mis ir lengvu, a\u017e\u016briniu mezgimu. Mink\u0161ta, priglundanti, bet nevar\u017eanti \u2013 puikiai tinka tiek kasdienai, tiek stilingam vakarui.Tinka dyd\u017eiams nuo XS iki M.Yra trys i\u0161rai\u0161kingi atspalviai: klasikin\u0117 juoda, gaivi m\u0117t\u0173 ir dangi\u0161kai \u017eydra.","og_url":"https:\/\/madoskampas.lt\/en\/product\/palaidine-dolce-maglia\/","og_site_name":"MadosKampas.lt","article_modified_time":"2026-03-17T06:47:17+00:00","og_image":[{"width":1536,"height":2048,"url":"https:\/\/madoskampas.lt\/wp-content\/uploads\/2025\/04\/IMG_3044.jpeg","type":"image\/jpeg"}],"twitter_card":"summary_large_image","twitter_misc":{"Est. reading time":"1 minute"},"schema":{"@context":"https:\/\/schema.org","@graph":[{"@type":"WebPage","@id":"https:\/\/madoskampas.lt\/produktas\/palaidine-dolce-maglia\/","url":"https:\/\/madoskampas.lt\/produktas\/palaidine-dolce-maglia\/","name":"Palaidin\u0117 \u201eDolce Maglia\u201c - MadosKampas.lt","isPartOf":{"@id":"https:\/\/madoskampas.lt\/#website"},"primaryImageOfPage":{"@id":"https:\/\/madoskampas.lt\/produktas\/palaidine-dolce-maglia\/#primaryimage"},"image":{"@id":"https:\/\/madoskampas.lt\/produktas\/palaidine-dolce-maglia\/#primaryimage"},"thumbnailUrl":"https:\/\/madoskampas.lt\/wp-content\/uploads\/2025\/04\/IMG_3044.jpeg","datePublished":"2025-05-21T12:49:15+00:00","dateModified":"2026-03-17T06:47:17+00:00","breadcrumb":{"@id":"https:\/\/madoskampas.lt\/produktas\/palaidine-dolce-maglia\/#breadcrumb"},"inLanguage":"en-US","potentialAction":[{"@type":"ReadAction","target":["https:\/\/madoskampas.lt\/produktas\/palaidine-dolce-maglia\/"]}]},{"@type":"ImageObject","inLanguage":"en-US","@id":"https:\/\/madoskampas.lt\/produktas\/palaidine-dolce-maglia\/#primaryimage","url":"https:\/\/madoskampas.lt\/wp-content\/uploads\/2025\/04\/IMG_3044.jpeg","contentUrl":"https:\/\/madoskampas.lt\/wp-content\/uploads\/2025\/04\/IMG_3044.jpeg","width":1536,"height":2048},{"@type":"BreadcrumbList","@id":"https:\/\/madoskampas.lt\/produktas\/palaidine-dolce-maglia\/#breadcrumb","itemListElement":[{"@type":"ListItem","position":1,"name":"Home","item":"https:\/\/madoskampas.lt\/"},{"@type":"ListItem","position":2,"name":"Parduotuv\u0117","item":"https:\/\/madoskampas.lt\/parduotuve-2\/"},{"@type":"ListItem","position":3,"name":"Palaidin\u0117 \u201eDolce Maglia\u201c"}]},{"@type":"WebSite","@id":"https:\/\/madoskampas.lt\/#website","url":"https:\/\/madoskampas.lt\/","name":"FashionKampas.lt","description":"Stylish clothes for women","potentialAction":[{"@type":"SearchAction","target":{"@type":"EntryPoint","urlTemplate":"https:\/\/madoskampas.lt\/?s={search_term_string}"},"query-input":{"@type":"PropertyValueSpecification","valueRequired":true,"valueName":"search_term_string"}}],"inLanguage":"en-US"}]}},"uagb_featured_image_src":{"full":["https:\/\/madoskampas.lt\/wp-content\/uploads\/2025\/04\/IMG_3044.jpeg",1536,2048,false],"thumbnail":["https:\/\/madoskampas.lt\/wp-content\/uploads\/2025\/04\/IMG_3044-150x150.jpeg",150,150,true],"medium":["https:\/\/madoskampas.lt\/wp-content\/uploads\/2025\/04\/IMG_3044-225x300.jpeg",225,300,true],"medium_large":["https:\/\/madoskampas.lt\/wp-content\/uploads\/2025\/04\/IMG_3044-768x1024.jpeg",768,1024,true],"large":["https:\/\/madoskampas.lt\/wp-content\/uploads\/2025\/04\/IMG_3044-768x1024.jpeg",768,1024,true],"1536x1536":["https:\/\/madoskampas.lt\/wp-content\/uploads\/2025\/04\/IMG_3044-1152x1536.jpeg",1152,1536,true],"2048x2048":["https:\/\/madoskampas.lt\/wp-content\/uploads\/2025\/04\/IMG_3044.jpeg",1536,2048,false],"trp-custom-language-flag":["https:\/\/madoskampas.lt\/wp-content\/uploads\/2025\/04\/IMG_3044.jpeg",9,12,false],"nova-image-square":["https:\/\/madoskampas.lt\/wp-content\/uploads\/2025\/04\/IMG_3044-1100x1100.jpeg",1100,1100,true],"mixtas-product-03":["https:\/\/madoskampas.lt\/wp-content\/uploads\/2025\/04\/IMG_3044-600x345.jpeg",600,345,true],"woocommerce_thumbnail":["https:\/\/madoskampas.lt\/wp-content\/uploads\/2025\/04\/IMG_3044-700x700.jpeg",700,700,true],"woocommerce_single":["https:\/\/madoskampas.lt\/wp-content\/uploads\/2025\/04\/IMG_3044-1000x1333.jpeg",1000,1333,true],"woocommerce_gallery_thumbnail":["https:\/\/madoskampas.lt\/wp-content\/uploads\/2025\/04\/IMG_3044-250x250.jpeg",250,250,true],"variation_swatches_image_size":["https:\/\/madoskampas.lt\/wp-content\/uploads\/2025\/04\/IMG_3044-50x50.jpeg",50,50,true],"variation_swatches_tooltip_size":["https:\/\/madoskampas.lt\/wp-content\/uploads\/2025\/04\/IMG_3044-100x100.jpeg",100,100,true]},"uagb_author_info":{"display_name":"algirdasbart","author_link":"https:\/\/madoskampas.lt\/en\/author\/"},"uagb_comment_info":0,"uagb_excerpt":"Subtiliai eleganti\u0161ka palaidin\u0117 \u201eDolce Maglia\u201c \u017eavi prabangiai atrodan\u010diais aukso spalvos sagut\u0117mis, dekoratyvin\u0117mis ki\u0161en\u0117l\u0117mis ir lengvu, a\u017e\u016briniu mezgimu. Mink\u0161ta, priglundanti, bet nevar\u017eanti \u2013 puikiai tinka tiek kasdienai, tiek stilingam vakarui.Tinka dyd\u017eiams nuo XS iki M.Yra trys i\u0161rai\u0161kingi atspalviai: klasikin\u0117 juoda, gaivi m\u0117t\u0173 ir dangi\u0161kai \u017eydra.","jetpack_sharing_enabled":true,"_links":{"self":[{"href":"https:\/\/madoskampas.lt\/en\/wp-json\/wp\/v2\/product\/15539","targetHints":{"allow":["GET"]}}],"collection":[{"href":"https:\/\/madoskampas.lt\/en\/wp-json\/wp\/v2\/product"}],"about":[{"href":"https:\/\/madoskampas.lt\/en\/wp-json\/wp\/v2\/types\/product"}],"replies":[{"embeddable":true,"href":"https:\/\/madoskampas.lt\/en\/wp-json\/wp\/v2\/comments?post=15539"}],"wp:featuredmedia":[{"embeddable":true,"href":"https:\/\/madoskampas.lt\/en\/wp-json\/wp\/v2\/media\/15494"}],"wp:attachment":[{"href":"https:\/\/madoskampas.lt\/en\/wp-json\/wp\/v2\/media?parent=15539"}],"wp:term":[{"taxonomy":"product_brand","embeddable":true,"href":"https:\/\/madoskampas.lt\/en\/wp-json\/wp\/v2\/product_brand?post=15539"},{"taxonomy":"product_cat","embeddable":true,"href":"https:\/\/madoskampas.lt\/en\/wp-json\/wp\/v2\/product_cat?post=15539"},{"taxonomy":"product_tag","embeddable":true,"href":"https:\/\/madoskampas.lt\/en\/wp-json\/wp\/v2\/product_tag?post=15539"}],"curies":[{"name":"wp","href":"https:\/\/api.w.org\/{rel}","templated":true}]}}