{"id":15931,"date":"2025-05-27T09:06:17","date_gmt":"2025-05-27T09:06:17","guid":{"rendered":"https:\/\/madoskampas.lt\/?post_type=product&#038;p=15931"},"modified":"2026-05-13T06:07:51","modified_gmt":"2026-05-13T06:07:51","slug":"15931","status":"publish","type":"product","link":"https:\/\/madoskampas.lt\/en\/product\/15931\/","title":{"rendered":"Dress \u201eLa Terra\u201d"},"content":{"rendered":"<p>Leisk vasarai skleistis lengvai.<br data-start=\"229\" data-end=\"232\" \/><em data-start=\"232\" data-end=\"242\">La Terra<\/em> \u2013 tai lengvo kritimo medvilnin\u0117 suknel\u0117 su bohemi\u0161ku pyn\u0117s tipo dir\u017eeliu ir \u0161velniai krintan\u010diais raukiniais.<\/p>","protected":false},"excerpt":{"rendered":"<p data-start=\"197\" data-end=\"457\">Leisk vasarai skleistis lengvai.<br data-start=\"229\" data-end=\"232\" \/><em data-start=\"232\" data-end=\"242\">La Terra<\/em> \u2013 tai lengvo kritimo medvilnin\u0117 suknel\u0117 su bohemi\u0161ku pyn\u0117s tipo dir\u017eeliu ir \u0161velniai krintan\u010diais raukiniais. Gaivi, patogi, neper\u0161vie\u010diama \u2013 sukurta dienoms, kai norisi laisv\u0117s, nat\u016bralumo ir stiliaus be pastang\u0173.<\/p>\n<p data-start=\"459\" data-end=\"519\">Galimos spalvos: juoda, ro\u017ein\u0117, alyvuogin\u0117, \u0161viesiai m\u0117lyna.<\/p>\n<p data-start=\"521\" data-end=\"660\">\u2714\ufe0f Dydis \u2013 universalus (tinka S\u2013L)<br data-start=\"555\" data-end=\"558\" \/>\u2714\ufe0f Ilgis iki keli\u0173, trumpomis rankov\u0117mis<br data-start=\"598\" data-end=\"601\" \/>\u2714\ufe0f Tobula vasarai: kv\u0117puojanti, nevar\u017eanti, visada tinkanti<\/p>\n<div class=\"x11i5rnm xat24cr x1mh8g0r x1vvkbs xtlvy1s x126k92a\">\n<div dir=\"auto\"><span class=\"html-span xexx8yu x4uap5 x18d9i69 xkhd6sd x1hl2dhg x16tdsg8 x1vvkbs x3nfvp2 x1j61x8r x1fcty0u xdj266r xat24cr xgzva0m xhhsvwb xxymvpz xlup9mm x1kky2od\"><img decoding=\"async\" class=\"xz74otr x168nmei x13lgxp2 x5pf9jr xo71vjh\" src=\"https:\/\/static.xx.fbcdn.net\/images\/emoji.php\/v9\/tcd\/2\/16\/25aa.png\" alt=\"\u25aa\ufe0f\" width=\"16\" height=\"16\" \/><\/span> Per kutine ~ 50 cm<\/div>\n<div dir=\"auto\"><span class=\"html-span xexx8yu x4uap5 x18d9i69 xkhd6sd x1hl2dhg x16tdsg8 x1vvkbs x3nfvp2 x1j61x8r x1fcty0u xdj266r xat24cr xgzva0m xhhsvwb xxymvpz xlup9mm x1kky2od\"><img decoding=\"async\" class=\"xz74otr x168nmei x13lgxp2 x5pf9jr xo71vjh\" src=\"https:\/\/static.xx.fbcdn.net\/images\/emoji.php\/v9\/tcd\/2\/16\/25aa.png\" alt=\"\u25aa\ufe0f\" width=\"16\" height=\"16\" \/><\/span> Liemuo pasitempia ~52 cm<\/div>\n<div dir=\"auto\"><span class=\"html-span xexx8yu x4uap5 x18d9i69 xkhd6sd x1hl2dhg x16tdsg8 x1vvkbs x3nfvp2 x1j61x8r x1fcty0u xdj266r xat24cr xgzva0m xhhsvwb xxymvpz xlup9mm x1kky2od\"><img decoding=\"async\" class=\"xz74otr x168nmei x13lgxp2 x5pf9jr xo71vjh\" src=\"https:\/\/static.xx.fbcdn.net\/images\/emoji.php\/v9\/tcd\/2\/16\/25aa.png\" alt=\"\u25aa\ufe0f\" width=\"16\" height=\"16\" \/><\/span> Ilgis ~107 cm<\/div>\n<\/div>\n<div class=\"x11i5rnm xat24cr x1mh8g0r x1vvkbs xtlvy1s x126k92a\">\n<div dir=\"auto\"><span class=\"html-span xexx8yu x4uap5 x18d9i69 xkhd6sd x1hl2dhg x16tdsg8 x1vvkbs x3nfvp2 x1j61x8r x1fcty0u xdj266r xat24cr xgzva0m xhhsvwb xxymvpz xlup9mm x1kky2od\"><img decoding=\"async\" class=\"xz74otr x168nmei x13lgxp2 x5pf9jr xo71vjh\" src=\"https:\/\/static.xx.fbcdn.net\/images\/emoji.php\/v9\/td2\/2\/16\/2714.png\" alt=\"\u2714\ufe0f\" width=\"16\" height=\"16\" \/><\/span> Dydis \u2013 universalus S\/L<\/div>\n<\/div>\n<p data-start=\"521\" data-end=\"660\">","protected":false},"featured_media":15734,"comment_status":"open","ping_status":"closed","template":"","meta":{"_uag_custom_page_level_css":"","_monsterinsights_skip_tracking":false,"_monsterinsights_sitenote_active":false,"_monsterinsights_sitenote_note":"","_monsterinsights_sitenote_category":0},"product_brand":[],"product_cat":[66,132,78],"product_tag":[],"class_list":{"0":"post-15931","1":"product","2":"type-product","3":"status-publish","4":"has-post-thumbnail","6":"product_cat-drabuziai","7":"product_cat-ispardavimas","8":"product_cat-sukneles","9":"tm-has-options","11":"first","12":"instock","13":"sale","14":"shipping-taxable","15":"purchasable","16":"product-type-variable"},"yoast_head":"<!-- This site is optimized with the Yoast SEO plugin v27.6 - https:\/\/yoast.com\/product\/yoast-seo-wordpress\/ -->\n<title>Suknel\u0117 &quot;La Terra&quot; - MadosKampas.lt<\/title>\n<meta name=\"robots\" content=\"index, follow, max-snippet:-1, max-image-preview:large, max-video-preview:-1\" \/>\n<link rel=\"canonical\" href=\"https:\/\/madoskampas.lt\/en\/product\/15931\/\" \/>\n<meta property=\"og:locale\" content=\"en_US\" \/>\n<meta property=\"og:type\" content=\"article\" \/>\n<meta property=\"og:title\" content=\"Suknel\u0117 &quot;La Terra&quot; - MadosKampas.lt\" \/>\n<meta property=\"og:description\" content=\"Leisk vasarai skleistis lengvai.La Terra \u2013 tai lengvo kritimo medvilnin\u0117 suknel\u0117 su bohemi\u0161ku pyn\u0117s tipo dir\u017eeliu ir \u0161velniai krintan\u010diais raukiniais. Gaivi, patogi, neper\u0161vie\u010diama \u2013 sukurta dienoms, kai norisi laisv\u0117s, nat\u016bralumo ir stiliaus be pastang\u0173. Galimos spalvos: juoda, ro\u017ein\u0117, alyvuogin\u0117, \u0161viesiai m\u0117lyna. \u2714\ufe0f Dydis \u2013 universalus (tinka S\u2013L)\u2714\ufe0f Ilgis iki keli\u0173, trumpomis rankov\u0117mis\u2714\ufe0f Tobula vasarai: kv\u0117puojanti, nevar\u017eanti, visada tinkanti    Per kutine ~ 50 cm  Liemuo pasitempia ~52 cm  Ilgis ~107 cm    Dydis \u2013 universalus S\/L\" \/>\n<meta property=\"og:url\" content=\"https:\/\/madoskampas.lt\/en\/product\/15931\/\" \/>\n<meta property=\"og:site_name\" content=\"MadosKampas.lt\" \/>\n<meta property=\"article:modified_time\" content=\"2026-05-13T06:07:51+00:00\" \/>\n<meta property=\"og:image\" content=\"https:\/\/madoskampas.lt\/wp-content\/uploads\/2025\/05\/IMG_3952.jpeg\" \/>\n\t<meta property=\"og:image:width\" content=\"1536\" \/>\n\t<meta property=\"og:image:height\" content=\"2048\" \/>\n\t<meta property=\"og:image:type\" content=\"image\/jpeg\" \/>\n<meta name=\"twitter:card\" content=\"summary_large_image\" \/>\n<meta name=\"twitter:label1\" content=\"Est. reading time\" \/>\n\t<meta name=\"twitter:data1\" content=\"1 minute\" \/>\n<script type=\"application\/ld+json\" class=\"yoast-schema-graph\">{\"@context\":\"https:\\\/\\\/schema.org\",\"@graph\":[{\"@type\":\"WebPage\",\"@id\":\"https:\\\/\\\/madoskampas.lt\\\/produktas\\\/15931\\\/\",\"url\":\"https:\\\/\\\/madoskampas.lt\\\/produktas\\\/15931\\\/\",\"name\":\"Suknel\u0117 \\\"La Terra\\\" - MadosKampas.lt\",\"isPartOf\":{\"@id\":\"https:\\\/\\\/madoskampas.lt\\\/#website\"},\"primaryImageOfPage\":{\"@id\":\"https:\\\/\\\/madoskampas.lt\\\/produktas\\\/15931\\\/#primaryimage\"},\"image\":{\"@id\":\"https:\\\/\\\/madoskampas.lt\\\/produktas\\\/15931\\\/#primaryimage\"},\"thumbnailUrl\":\"https:\\\/\\\/madoskampas.lt\\\/wp-content\\\/uploads\\\/2025\\\/05\\\/IMG_3952.jpeg\",\"datePublished\":\"2025-05-27T09:06:17+00:00\",\"dateModified\":\"2026-05-13T06:07:51+00:00\",\"breadcrumb\":{\"@id\":\"https:\\\/\\\/madoskampas.lt\\\/produktas\\\/15931\\\/#breadcrumb\"},\"inLanguage\":\"en-US\",\"potentialAction\":[{\"@type\":\"ReadAction\",\"target\":[\"https:\\\/\\\/madoskampas.lt\\\/produktas\\\/15931\\\/\"]}]},{\"@type\":\"ImageObject\",\"inLanguage\":\"en-US\",\"@id\":\"https:\\\/\\\/madoskampas.lt\\\/produktas\\\/15931\\\/#primaryimage\",\"url\":\"https:\\\/\\\/madoskampas.lt\\\/wp-content\\\/uploads\\\/2025\\\/05\\\/IMG_3952.jpeg\",\"contentUrl\":\"https:\\\/\\\/madoskampas.lt\\\/wp-content\\\/uploads\\\/2025\\\/05\\\/IMG_3952.jpeg\",\"width\":1536,\"height\":2048},{\"@type\":\"BreadcrumbList\",\"@id\":\"https:\\\/\\\/madoskampas.lt\\\/produktas\\\/15931\\\/#breadcrumb\",\"itemListElement\":[{\"@type\":\"ListItem\",\"position\":1,\"name\":\"Home\",\"item\":\"https:\\\/\\\/madoskampas.lt\\\/\"},{\"@type\":\"ListItem\",\"position\":2,\"name\":\"Parduotuv\u0117\",\"item\":\"https:\\\/\\\/madoskampas.lt\\\/parduotuve-2\\\/\"},{\"@type\":\"ListItem\",\"position\":3,\"name\":\"Suknel\u0117 &#8222;La Terra&#8221;\"}]},{\"@type\":\"WebSite\",\"@id\":\"https:\\\/\\\/madoskampas.lt\\\/#website\",\"url\":\"https:\\\/\\\/madoskampas.lt\\\/\",\"name\":\"MadosKampas.lt\",\"description\":\"Stilingi drabu\u017eiai moterims\",\"potentialAction\":[{\"@type\":\"SearchAction\",\"target\":{\"@type\":\"EntryPoint\",\"urlTemplate\":\"https:\\\/\\\/madoskampas.lt\\\/?s={search_term_string}\"},\"query-input\":{\"@type\":\"PropertyValueSpecification\",\"valueRequired\":true,\"valueName\":\"search_term_string\"}}],\"inLanguage\":\"en-US\"}]}<\/script>\n<!-- \/ Yoast SEO plugin. -->","yoast_head_json":{"title":"Suknel\u0117 \"La Terra\" - MadosKampas.lt","robots":{"index":"index","follow":"follow","max-snippet":"max-snippet:-1","max-image-preview":"max-image-preview:large","max-video-preview":"max-video-preview:-1"},"canonical":"https:\/\/madoskampas.lt\/en\/product\/15931\/","og_locale":"en_US","og_type":"article","og_title":"Suknel\u0117 \"La Terra\" - MadosKampas.lt","og_description":"Leisk vasarai skleistis lengvai.La Terra \u2013 tai lengvo kritimo medvilnin\u0117 suknel\u0117 su bohemi\u0161ku pyn\u0117s tipo dir\u017eeliu ir \u0161velniai krintan\u010diais raukiniais. Gaivi, patogi, neper\u0161vie\u010diama \u2013 sukurta dienoms, kai norisi laisv\u0117s, nat\u016bralumo ir stiliaus be pastang\u0173. Galimos spalvos: juoda, ro\u017ein\u0117, alyvuogin\u0117, \u0161viesiai m\u0117lyna. \u2714\ufe0f Dydis \u2013 universalus (tinka S\u2013L)\u2714\ufe0f Ilgis iki keli\u0173, trumpomis rankov\u0117mis\u2714\ufe0f Tobula vasarai: kv\u0117puojanti, nevar\u017eanti, visada tinkanti    Per kutine ~ 50 cm  Liemuo pasitempia ~52 cm  Ilgis ~107 cm    Dydis \u2013 universalus S\/L","og_url":"https:\/\/madoskampas.lt\/en\/product\/15931\/","og_site_name":"MadosKampas.lt","article_modified_time":"2026-05-13T06:07:51+00:00","og_image":[{"width":1536,"height":2048,"url":"https:\/\/madoskampas.lt\/wp-content\/uploads\/2025\/05\/IMG_3952.jpeg","type":"image\/jpeg"}],"twitter_card":"summary_large_image","twitter_misc":{"Est. reading time":"1 minute"},"schema":{"@context":"https:\/\/schema.org","@graph":[{"@type":"WebPage","@id":"https:\/\/madoskampas.lt\/produktas\/15931\/","url":"https:\/\/madoskampas.lt\/produktas\/15931\/","name":"Suknel\u0117 \"La Terra\" - MadosKampas.lt","isPartOf":{"@id":"https:\/\/madoskampas.lt\/#website"},"primaryImageOfPage":{"@id":"https:\/\/madoskampas.lt\/produktas\/15931\/#primaryimage"},"image":{"@id":"https:\/\/madoskampas.lt\/produktas\/15931\/#primaryimage"},"thumbnailUrl":"https:\/\/madoskampas.lt\/wp-content\/uploads\/2025\/05\/IMG_3952.jpeg","datePublished":"2025-05-27T09:06:17+00:00","dateModified":"2026-05-13T06:07:51+00:00","breadcrumb":{"@id":"https:\/\/madoskampas.lt\/produktas\/15931\/#breadcrumb"},"inLanguage":"en-US","potentialAction":[{"@type":"ReadAction","target":["https:\/\/madoskampas.lt\/produktas\/15931\/"]}]},{"@type":"ImageObject","inLanguage":"en-US","@id":"https:\/\/madoskampas.lt\/produktas\/15931\/#primaryimage","url":"https:\/\/madoskampas.lt\/wp-content\/uploads\/2025\/05\/IMG_3952.jpeg","contentUrl":"https:\/\/madoskampas.lt\/wp-content\/uploads\/2025\/05\/IMG_3952.jpeg","width":1536,"height":2048},{"@type":"BreadcrumbList","@id":"https:\/\/madoskampas.lt\/produktas\/15931\/#breadcrumb","itemListElement":[{"@type":"ListItem","position":1,"name":"Home","item":"https:\/\/madoskampas.lt\/"},{"@type":"ListItem","position":2,"name":"Parduotuv\u0117","item":"https:\/\/madoskampas.lt\/parduotuve-2\/"},{"@type":"ListItem","position":3,"name":"Suknel\u0117 &#8222;La Terra&#8221;"}]},{"@type":"WebSite","@id":"https:\/\/madoskampas.lt\/#website","url":"https:\/\/madoskampas.lt\/","name":"FashionKampas.lt","description":"Stylish clothes for women","potentialAction":[{"@type":"SearchAction","target":{"@type":"EntryPoint","urlTemplate":"https:\/\/madoskampas.lt\/?s={search_term_string}"},"query-input":{"@type":"PropertyValueSpecification","valueRequired":true,"valueName":"search_term_string"}}],"inLanguage":"en-US"}]}},"uagb_featured_image_src":{"full":["https:\/\/madoskampas.lt\/wp-content\/uploads\/2025\/05\/IMG_3952.jpeg",1536,2048,false],"thumbnail":["https:\/\/madoskampas.lt\/wp-content\/uploads\/2025\/05\/IMG_3952-150x150.jpeg",150,150,true],"medium":["https:\/\/madoskampas.lt\/wp-content\/uploads\/2025\/05\/IMG_3952-225x300.jpeg",225,300,true],"medium_large":["https:\/\/madoskampas.lt\/wp-content\/uploads\/2025\/05\/IMG_3952-768x1024.jpeg",768,1024,true],"large":["https:\/\/madoskampas.lt\/wp-content\/uploads\/2025\/05\/IMG_3952-768x1024.jpeg",768,1024,true],"1536x1536":["https:\/\/madoskampas.lt\/wp-content\/uploads\/2025\/05\/IMG_3952-1152x1536.jpeg",1152,1536,true],"2048x2048":["https:\/\/madoskampas.lt\/wp-content\/uploads\/2025\/05\/IMG_3952.jpeg",1536,2048,false],"trp-custom-language-flag":["https:\/\/madoskampas.lt\/wp-content\/uploads\/2025\/05\/IMG_3952.jpeg",9,12,false],"nova-image-square":["https:\/\/madoskampas.lt\/wp-content\/uploads\/2025\/05\/IMG_3952-1100x1100.jpeg",1100,1100,true],"mixtas-product-03":["https:\/\/madoskampas.lt\/wp-content\/uploads\/2025\/05\/IMG_3952-600x345.jpeg",600,345,true],"woocommerce_thumbnail":["https:\/\/madoskampas.lt\/wp-content\/uploads\/2025\/05\/IMG_3952-700x700.jpeg",700,700,true],"woocommerce_single":["https:\/\/madoskampas.lt\/wp-content\/uploads\/2025\/05\/IMG_3952-1000x1333.jpeg",1000,1333,true],"woocommerce_gallery_thumbnail":["https:\/\/madoskampas.lt\/wp-content\/uploads\/2025\/05\/IMG_3952-250x250.jpeg",250,250,true],"variation_swatches_image_size":["https:\/\/madoskampas.lt\/wp-content\/uploads\/2025\/05\/IMG_3952-50x50.jpeg",50,50,true],"variation_swatches_tooltip_size":["https:\/\/madoskampas.lt\/wp-content\/uploads\/2025\/05\/IMG_3952-100x100.jpeg",100,100,true]},"uagb_author_info":{"display_name":"algirdasbart","author_link":"https:\/\/madoskampas.lt\/en\/author\/"},"uagb_comment_info":0,"uagb_excerpt":"Leisk vasarai skleistis lengvai.La Terra \u2013 tai lengvo kritimo medvilnin\u0117 suknel\u0117 su bohemi\u0161ku pyn\u0117s tipo dir\u017eeliu ir \u0161velniai krintan\u010diais raukiniais. Gaivi, patogi, neper\u0161vie\u010diama \u2013 sukurta dienoms, kai norisi laisv\u0117s, nat\u016bralumo ir stiliaus be pastang\u0173. Galimos spalvos: juoda, ro\u017ein\u0117, alyvuogin\u0117, \u0161viesiai m\u0117lyna. \u2714\ufe0f Dydis \u2013 universalus (tinka S\u2013L)\u2714\ufe0f Ilgis iki keli\u0173, trumpomis rankov\u0117mis\u2714\ufe0f Tobula vasarai: kv\u0117puojanti,&hellip;","jetpack_sharing_enabled":true,"_links":{"self":[{"href":"https:\/\/madoskampas.lt\/en\/wp-json\/wp\/v2\/product\/15931","targetHints":{"allow":["GET"]}}],"collection":[{"href":"https:\/\/madoskampas.lt\/en\/wp-json\/wp\/v2\/product"}],"about":[{"href":"https:\/\/madoskampas.lt\/en\/wp-json\/wp\/v2\/types\/product"}],"replies":[{"embeddable":true,"href":"https:\/\/madoskampas.lt\/en\/wp-json\/wp\/v2\/comments?post=15931"}],"wp:featuredmedia":[{"embeddable":true,"href":"https:\/\/madoskampas.lt\/en\/wp-json\/wp\/v2\/media\/15734"}],"wp:attachment":[{"href":"https:\/\/madoskampas.lt\/en\/wp-json\/wp\/v2\/media?parent=15931"}],"wp:term":[{"taxonomy":"product_brand","embeddable":true,"href":"https:\/\/madoskampas.lt\/en\/wp-json\/wp\/v2\/product_brand?post=15931"},{"taxonomy":"product_cat","embeddable":true,"href":"https:\/\/madoskampas.lt\/en\/wp-json\/wp\/v2\/product_cat?post=15931"},{"taxonomy":"product_tag","embeddable":true,"href":"https:\/\/madoskampas.lt\/en\/wp-json\/wp\/v2\/product_tag?post=15931"}],"curies":[{"name":"wp","href":"https:\/\/api.w.org\/{rel}","templated":true}]}}