{"id":16270,"date":"2025-05-30T11:03:05","date_gmt":"2025-05-30T11:03:05","guid":{"rendered":"https:\/\/madoskampas.lt\/?post_type=product&#038;p=16270"},"modified":"2026-05-16T19:02:58","modified_gmt":"2026-05-16T19:02:58","slug":"suknele-soft-chic","status":"publish","type":"product","link":"https:\/\/madoskampas.lt\/en\/product\/suknele-soft-chic\/","title":{"rendered":"Dress \u201eSoft Chic\u201d"},"content":{"rendered":"","protected":false},"excerpt":{"rendered":"<p data-start=\"163\" data-end=\"458\">Kai norisi atrodyti stilingai be pastang\u0173 \u2013 <em data-start=\"224\" data-end=\"235\">Soft Chic<\/em> yra tai, ko reikia. Laisvo kritimo siluetas, subtilus liemens rai\u0161telis ir universalus ilgis sukuria harmoning\u0105 derin\u012f tiek miesto dienai, tiek vasaros vakarui.<br data-start=\"396\" data-end=\"399\" \/>Lengvas audinys ne tik \u0161velnus, bet ir nevar\u017eantis judesi\u0173.<\/p>\n<p data-start=\"460\" data-end=\"591\">\u2714\ufe0f Tinka S\u2013L (universalus dydis)<br data-start=\"492\" data-end=\"495\" \/>\u2714\ufe0f Per kr\u016btin\u0119 ~53 cm<br data-start=\"516\" data-end=\"519\" \/>\u2714\ufe0f Liemuo ~50 cm<br data-start=\"535\" data-end=\"538\" \/>\u2714\ufe0f Ilgis ~92 cm<br data-start=\"553\" data-end=\"556\" \/>\u2714\ufe0f Spalvos: juoda, sm\u0117lio, \u0161okolado<\/p>","protected":false},"featured_media":16714,"comment_status":"open","ping_status":"closed","template":"","meta":{"_uag_custom_page_level_css":"","_monsterinsights_skip_tracking":false,"_monsterinsights_sitenote_active":false,"_monsterinsights_sitenote_note":"","_monsterinsights_sitenote_category":0},"product_brand":[],"product_cat":[66,132,78],"product_tag":[],"class_list":{"0":"post-16270","1":"product","2":"type-product","3":"status-publish","4":"has-post-thumbnail","6":"product_cat-drabuziai","7":"product_cat-ispardavimas","8":"product_cat-sukneles","9":"tm-has-options","11":"first","12":"instock","13":"sale","14":"shipping-taxable","15":"purchasable","16":"product-type-variable"},"yoast_head":"<!-- This site is optimized with the Yoast SEO plugin v27.6 - https:\/\/yoast.com\/product\/yoast-seo-wordpress\/ -->\n<title>Suknel\u0117 &quot;Soft Chic&quot; - MadosKampas.lt<\/title>\n<meta name=\"robots\" content=\"index, follow, max-snippet:-1, max-image-preview:large, max-video-preview:-1\" \/>\n<link rel=\"canonical\" href=\"https:\/\/madoskampas.lt\/en\/product\/suknele-soft-chic\/\" \/>\n<meta property=\"og:locale\" content=\"en_US\" \/>\n<meta property=\"og:type\" content=\"article\" \/>\n<meta property=\"og:title\" content=\"Suknel\u0117 &quot;Soft Chic&quot; - MadosKampas.lt\" \/>\n<meta property=\"og:description\" content=\"Kai norisi atrodyti stilingai be pastang\u0173 \u2013 Soft Chic yra tai, ko reikia. Laisvo kritimo siluetas, subtilus liemens rai\u0161telis ir universalus ilgis sukuria harmoning\u0105 derin\u012f tiek miesto dienai, tiek vasaros vakarui.Lengvas audinys ne tik \u0161velnus, bet ir nevar\u017eantis judesi\u0173. \u2714\ufe0f Tinka S\u2013L (universalus dydis)\u2714\ufe0f Per kr\u016btin\u0119 ~53 cm\u2714\ufe0f Liemuo ~50 cm\u2714\ufe0f Ilgis ~92 cm\u2714\ufe0f Spalvos: juoda, sm\u0117lio, \u0161okolado\" \/>\n<meta property=\"og:url\" content=\"https:\/\/madoskampas.lt\/en\/product\/suknele-soft-chic\/\" \/>\n<meta property=\"og:site_name\" content=\"MadosKampas.lt\" \/>\n<meta property=\"article:modified_time\" content=\"2026-05-16T19:02:58+00:00\" \/>\n<meta property=\"og:image\" content=\"https:\/\/madoskampas.lt\/wp-content\/uploads\/2025\/05\/IMG_7406-1.jpeg\" \/>\n\t<meta property=\"og:image:width\" content=\"1536\" \/>\n\t<meta property=\"og:image:height\" content=\"2048\" \/>\n\t<meta property=\"og:image:type\" content=\"image\/jpeg\" \/>\n<meta name=\"twitter:card\" content=\"summary_large_image\" \/>\n<meta name=\"twitter:label1\" content=\"Est. reading time\" \/>\n\t<meta name=\"twitter:data1\" content=\"1 minute\" \/>\n<script type=\"application\/ld+json\" class=\"yoast-schema-graph\">{\"@context\":\"https:\\\/\\\/schema.org\",\"@graph\":[{\"@type\":\"WebPage\",\"@id\":\"https:\\\/\\\/madoskampas.lt\\\/produktas\\\/suknele-soft-chic\\\/\",\"url\":\"https:\\\/\\\/madoskampas.lt\\\/produktas\\\/suknele-soft-chic\\\/\",\"name\":\"Suknel\u0117 \\\"Soft Chic\\\" - MadosKampas.lt\",\"isPartOf\":{\"@id\":\"https:\\\/\\\/madoskampas.lt\\\/#website\"},\"primaryImageOfPage\":{\"@id\":\"https:\\\/\\\/madoskampas.lt\\\/produktas\\\/suknele-soft-chic\\\/#primaryimage\"},\"image\":{\"@id\":\"https:\\\/\\\/madoskampas.lt\\\/produktas\\\/suknele-soft-chic\\\/#primaryimage\"},\"thumbnailUrl\":\"https:\\\/\\\/madoskampas.lt\\\/wp-content\\\/uploads\\\/2025\\\/05\\\/IMG_7406-1.jpeg\",\"datePublished\":\"2025-05-30T11:03:05+00:00\",\"dateModified\":\"2026-05-16T19:02:58+00:00\",\"breadcrumb\":{\"@id\":\"https:\\\/\\\/madoskampas.lt\\\/produktas\\\/suknele-soft-chic\\\/#breadcrumb\"},\"inLanguage\":\"en-US\",\"potentialAction\":[{\"@type\":\"ReadAction\",\"target\":[\"https:\\\/\\\/madoskampas.lt\\\/produktas\\\/suknele-soft-chic\\\/\"]}]},{\"@type\":\"ImageObject\",\"inLanguage\":\"en-US\",\"@id\":\"https:\\\/\\\/madoskampas.lt\\\/produktas\\\/suknele-soft-chic\\\/#primaryimage\",\"url\":\"https:\\\/\\\/madoskampas.lt\\\/wp-content\\\/uploads\\\/2025\\\/05\\\/IMG_7406-1.jpeg\",\"contentUrl\":\"https:\\\/\\\/madoskampas.lt\\\/wp-content\\\/uploads\\\/2025\\\/05\\\/IMG_7406-1.jpeg\",\"width\":1536,\"height\":2048},{\"@type\":\"BreadcrumbList\",\"@id\":\"https:\\\/\\\/madoskampas.lt\\\/produktas\\\/suknele-soft-chic\\\/#breadcrumb\",\"itemListElement\":[{\"@type\":\"ListItem\",\"position\":1,\"name\":\"Home\",\"item\":\"https:\\\/\\\/madoskampas.lt\\\/\"},{\"@type\":\"ListItem\",\"position\":2,\"name\":\"Parduotuv\u0117\",\"item\":\"https:\\\/\\\/madoskampas.lt\\\/parduotuve-2\\\/\"},{\"@type\":\"ListItem\",\"position\":3,\"name\":\"Suknel\u0117 &#8222;Soft Chic&#8221;\"}]},{\"@type\":\"WebSite\",\"@id\":\"https:\\\/\\\/madoskampas.lt\\\/#website\",\"url\":\"https:\\\/\\\/madoskampas.lt\\\/\",\"name\":\"MadosKampas.lt\",\"description\":\"Stilingi drabu\u017eiai moterims\",\"potentialAction\":[{\"@type\":\"SearchAction\",\"target\":{\"@type\":\"EntryPoint\",\"urlTemplate\":\"https:\\\/\\\/madoskampas.lt\\\/?s={search_term_string}\"},\"query-input\":{\"@type\":\"PropertyValueSpecification\",\"valueRequired\":true,\"valueName\":\"search_term_string\"}}],\"inLanguage\":\"en-US\"}]}<\/script>\n<!-- \/ Yoast SEO plugin. -->","yoast_head_json":{"title":"Suknel\u0117 \"Soft Chic\" - MadosKampas.lt","robots":{"index":"index","follow":"follow","max-snippet":"max-snippet:-1","max-image-preview":"max-image-preview:large","max-video-preview":"max-video-preview:-1"},"canonical":"https:\/\/madoskampas.lt\/en\/product\/suknele-soft-chic\/","og_locale":"en_US","og_type":"article","og_title":"Suknel\u0117 \"Soft Chic\" - MadosKampas.lt","og_description":"Kai norisi atrodyti stilingai be pastang\u0173 \u2013 Soft Chic yra tai, ko reikia. Laisvo kritimo siluetas, subtilus liemens rai\u0161telis ir universalus ilgis sukuria harmoning\u0105 derin\u012f tiek miesto dienai, tiek vasaros vakarui.Lengvas audinys ne tik \u0161velnus, bet ir nevar\u017eantis judesi\u0173. \u2714\ufe0f Tinka S\u2013L (universalus dydis)\u2714\ufe0f Per kr\u016btin\u0119 ~53 cm\u2714\ufe0f Liemuo ~50 cm\u2714\ufe0f Ilgis ~92 cm\u2714\ufe0f Spalvos: juoda, sm\u0117lio, \u0161okolado","og_url":"https:\/\/madoskampas.lt\/en\/product\/suknele-soft-chic\/","og_site_name":"MadosKampas.lt","article_modified_time":"2026-05-16T19:02:58+00:00","og_image":[{"width":1536,"height":2048,"url":"https:\/\/madoskampas.lt\/wp-content\/uploads\/2025\/05\/IMG_7406-1.jpeg","type":"image\/jpeg"}],"twitter_card":"summary_large_image","twitter_misc":{"Est. reading time":"1 minute"},"schema":{"@context":"https:\/\/schema.org","@graph":[{"@type":"WebPage","@id":"https:\/\/madoskampas.lt\/produktas\/suknele-soft-chic\/","url":"https:\/\/madoskampas.lt\/produktas\/suknele-soft-chic\/","name":"Suknel\u0117 \"Soft Chic\" - MadosKampas.lt","isPartOf":{"@id":"https:\/\/madoskampas.lt\/#website"},"primaryImageOfPage":{"@id":"https:\/\/madoskampas.lt\/produktas\/suknele-soft-chic\/#primaryimage"},"image":{"@id":"https:\/\/madoskampas.lt\/produktas\/suknele-soft-chic\/#primaryimage"},"thumbnailUrl":"https:\/\/madoskampas.lt\/wp-content\/uploads\/2025\/05\/IMG_7406-1.jpeg","datePublished":"2025-05-30T11:03:05+00:00","dateModified":"2026-05-16T19:02:58+00:00","breadcrumb":{"@id":"https:\/\/madoskampas.lt\/produktas\/suknele-soft-chic\/#breadcrumb"},"inLanguage":"en-US","potentialAction":[{"@type":"ReadAction","target":["https:\/\/madoskampas.lt\/produktas\/suknele-soft-chic\/"]}]},{"@type":"ImageObject","inLanguage":"en-US","@id":"https:\/\/madoskampas.lt\/produktas\/suknele-soft-chic\/#primaryimage","url":"https:\/\/madoskampas.lt\/wp-content\/uploads\/2025\/05\/IMG_7406-1.jpeg","contentUrl":"https:\/\/madoskampas.lt\/wp-content\/uploads\/2025\/05\/IMG_7406-1.jpeg","width":1536,"height":2048},{"@type":"BreadcrumbList","@id":"https:\/\/madoskampas.lt\/produktas\/suknele-soft-chic\/#breadcrumb","itemListElement":[{"@type":"ListItem","position":1,"name":"Home","item":"https:\/\/madoskampas.lt\/"},{"@type":"ListItem","position":2,"name":"Parduotuv\u0117","item":"https:\/\/madoskampas.lt\/parduotuve-2\/"},{"@type":"ListItem","position":3,"name":"Suknel\u0117 &#8222;Soft Chic&#8221;"}]},{"@type":"WebSite","@id":"https:\/\/madoskampas.lt\/#website","url":"https:\/\/madoskampas.lt\/","name":"FashionKampas.lt","description":"Stylish clothes for women","potentialAction":[{"@type":"SearchAction","target":{"@type":"EntryPoint","urlTemplate":"https:\/\/madoskampas.lt\/?s={search_term_string}"},"query-input":{"@type":"PropertyValueSpecification","valueRequired":true,"valueName":"search_term_string"}}],"inLanguage":"en-US"}]}},"uagb_featured_image_src":{"full":["https:\/\/madoskampas.lt\/wp-content\/uploads\/2025\/05\/IMG_7406-1.jpeg",1536,2048,false],"thumbnail":["https:\/\/madoskampas.lt\/wp-content\/uploads\/2025\/05\/IMG_7406-1-150x150.jpeg",150,150,true],"medium":["https:\/\/madoskampas.lt\/wp-content\/uploads\/2025\/05\/IMG_7406-1-225x300.jpeg",225,300,true],"medium_large":["https:\/\/madoskampas.lt\/wp-content\/uploads\/2025\/05\/IMG_7406-1-768x1024.jpeg",768,1024,true],"large":["https:\/\/madoskampas.lt\/wp-content\/uploads\/2025\/05\/IMG_7406-1-768x1024.jpeg",768,1024,true],"1536x1536":["https:\/\/madoskampas.lt\/wp-content\/uploads\/2025\/05\/IMG_7406-1-1152x1536.jpeg",1152,1536,true],"2048x2048":["https:\/\/madoskampas.lt\/wp-content\/uploads\/2025\/05\/IMG_7406-1.jpeg",1536,2048,false],"trp-custom-language-flag":["https:\/\/madoskampas.lt\/wp-content\/uploads\/2025\/05\/IMG_7406-1.jpeg",9,12,false],"nova-image-square":["https:\/\/madoskampas.lt\/wp-content\/uploads\/2025\/05\/IMG_7406-1-1100x1100.jpeg",1100,1100,true],"mixtas-product-03":["https:\/\/madoskampas.lt\/wp-content\/uploads\/2025\/05\/IMG_7406-1-600x345.jpeg",600,345,true],"woocommerce_thumbnail":["https:\/\/madoskampas.lt\/wp-content\/uploads\/2025\/05\/IMG_7406-1-700x700.jpeg",700,700,true],"woocommerce_single":["https:\/\/madoskampas.lt\/wp-content\/uploads\/2025\/05\/IMG_7406-1-1000x1333.jpeg",1000,1333,true],"woocommerce_gallery_thumbnail":["https:\/\/madoskampas.lt\/wp-content\/uploads\/2025\/05\/IMG_7406-1-250x250.jpeg",250,250,true],"variation_swatches_image_size":["https:\/\/madoskampas.lt\/wp-content\/uploads\/2025\/05\/IMG_7406-1-50x50.jpeg",50,50,true],"variation_swatches_tooltip_size":["https:\/\/madoskampas.lt\/wp-content\/uploads\/2025\/05\/IMG_7406-1-100x100.jpeg",100,100,true]},"uagb_author_info":{"display_name":"algirdasbart","author_link":"https:\/\/madoskampas.lt\/en\/author\/"},"uagb_comment_info":0,"uagb_excerpt":"Kai norisi atrodyti stilingai be pastang\u0173 \u2013 Soft Chic yra tai, ko reikia. Laisvo kritimo siluetas, subtilus liemens rai\u0161telis ir universalus ilgis sukuria harmoning\u0105 derin\u012f tiek miesto dienai, tiek vasaros vakarui.Lengvas audinys ne tik \u0161velnus, bet ir nevar\u017eantis judesi\u0173. \u2714\ufe0f Tinka S\u2013L (universalus dydis)\u2714\ufe0f Per kr\u016btin\u0119 ~53 cm\u2714\ufe0f Liemuo ~50 cm\u2714\ufe0f Ilgis ~92 cm\u2714\ufe0f Spalvos:&hellip;","jetpack_sharing_enabled":true,"_links":{"self":[{"href":"https:\/\/madoskampas.lt\/en\/wp-json\/wp\/v2\/product\/16270","targetHints":{"allow":["GET"]}}],"collection":[{"href":"https:\/\/madoskampas.lt\/en\/wp-json\/wp\/v2\/product"}],"about":[{"href":"https:\/\/madoskampas.lt\/en\/wp-json\/wp\/v2\/types\/product"}],"replies":[{"embeddable":true,"href":"https:\/\/madoskampas.lt\/en\/wp-json\/wp\/v2\/comments?post=16270"}],"wp:featuredmedia":[{"embeddable":true,"href":"https:\/\/madoskampas.lt\/en\/wp-json\/wp\/v2\/media\/16714"}],"wp:attachment":[{"href":"https:\/\/madoskampas.lt\/en\/wp-json\/wp\/v2\/media?parent=16270"}],"wp:term":[{"taxonomy":"product_brand","embeddable":true,"href":"https:\/\/madoskampas.lt\/en\/wp-json\/wp\/v2\/product_brand?post=16270"},{"taxonomy":"product_cat","embeddable":true,"href":"https:\/\/madoskampas.lt\/en\/wp-json\/wp\/v2\/product_cat?post=16270"},{"taxonomy":"product_tag","embeddable":true,"href":"https:\/\/madoskampas.lt\/en\/wp-json\/wp\/v2\/product_tag?post=16270"}],"curies":[{"name":"wp","href":"https:\/\/api.w.org\/{rel}","templated":true}]}}