{"id":16741,"date":"2025-06-17T16:17:37","date_gmt":"2025-06-17T16:17:37","guid":{"rendered":"https:\/\/madoskampas.lt\/?post_type=product&#038;p=16741"},"modified":"2025-11-14T09:12:09","modified_gmt":"2025-11-14T09:12:09","slug":"vasaros-megztinis-kid-mohair-cloud","status":"publish","type":"product","link":"https:\/\/madoskampas.lt\/en\/product\/vasaros-megztinis-kid-mohair-cloud\/","title":{"rendered":"\u201eKid Mohair Cloud jumper"},"content":{"rendered":"<p>Tarsi prisilietimas prie debesies \u2013 <em data-start=\"296\" data-end=\"311\">\u201eKid Mohair Cloud\u201c<\/em> megztinis sukurtas toms, kurios vertina \u0161velnum\u0105, \u0161ilum\u0105 ir subtili\u0105 prabang\u0105.<br data-start=\"390\" data-end=\"393\" \/>Pagamintas i\u0161 70 % <em data-start=\"412\" data-end=\"424\">Kid Mohair<\/em> \u2013 vienos \u0161velniausi\u0173 ir lengviausi\u0173 vilnos r\u016b\u0161i\u0173 pasaulyje \u2013 jis tiesiog tirpsta ant k\u016bno, nevar\u017eo judesi\u0173 ir spinduliuoja elegancij\u0105.<\/p>","protected":false},"excerpt":{"rendered":"<p data-start=\"260\" data-end=\"559\">Tarsi prisilietimas prie debesies \u2013 <em data-start=\"296\" data-end=\"311\">\u201eKid Mohair Cloud\u201c<\/em> megztinis sukurtas toms, kurios vertina \u0161velnum\u0105, \u0161ilum\u0105 ir subtili\u0105 prabang\u0105.<br data-start=\"390\" data-end=\"393\" \/>Pagamintas i\u0161 70 % <em data-start=\"412\" data-end=\"424\">Kid Mohair<\/em> \u2013 vienos \u0161velniausi\u0173 ir lengviausi\u0173 vilnos r\u016b\u0161i\u0173 pasaulyje \u2013 jis tiesiog tirpsta ant k\u016bno, nevar\u017eo judesi\u0173 ir spinduliuoja elegancij\u0105.<\/p>\n<p data-start=\"561\" data-end=\"840\">Ne\u012fpareigojantis siluetas tinka tiek kasdienai, tiek \u0161vent\u0117ms \u2013 j\u012f lengvai priderinsi prie kelni\u0173, sijono ar net per suknele.<br data-start=\"686\" data-end=\"689\" \/>\u2714\ufe0f Ilgis \u2013 58 cm<br data-start=\"705\" data-end=\"708\" \/>\u2714\ufe0f Per kr\u016btin\u0119 \u2013 54 cm<br data-start=\"730\" data-end=\"733\" \/>\u2714\ufe0f Tinka nuo M iki XL<br data-start=\"754\" data-end=\"757\" \/>\u2714\ufe0f Fabric: 70 % Kid Mohair, 30 % Polyamide<br data-start=\"801\" data-end=\"804\" \/>\u2714\ufe0f Pagaminta su meile ir stiliumi \ud83d\udcab<\/p>","protected":false},"featured_media":16753,"comment_status":"open","ping_status":"closed","template":"","meta":{"_uag_custom_page_level_css":"","_monsterinsights_skip_tracking":false,"_monsterinsights_sitenote_active":false,"_monsterinsights_sitenote_note":"","_monsterinsights_sitenote_category":0},"product_brand":[],"product_cat":[66,73,95,96],"product_tag":[],"class_list":{"0":"post-16741","1":"product","2":"type-product","3":"status-publish","4":"has-post-thumbnail","6":"product_cat-drabuziai","7":"product_cat-megztiniai","8":"product_cat-naujausi","9":"product_cat-populiariausi","10":"tm-has-options","12":"first","13":"instock","14":"sale","15":"shipping-taxable","16":"purchasable","17":"product-type-variable"},"yoast_head":"<!-- This site is optimized with the Yoast SEO plugin v27.3 - https:\/\/yoast.com\/product\/yoast-seo-wordpress\/ -->\n<title>\u201eKid Mohair Cloud\u201c megztinis - MadosKampas.lt<\/title>\n<meta name=\"robots\" content=\"index, follow, max-snippet:-1, max-image-preview:large, max-video-preview:-1\" \/>\n<link rel=\"canonical\" href=\"https:\/\/madoskampas.lt\/en\/product\/vasaros-megztinis-kid-mohair-cloud\/\" \/>\n<meta property=\"og:locale\" content=\"en_US\" \/>\n<meta property=\"og:type\" content=\"article\" \/>\n<meta property=\"og:title\" content=\"\u201eKid Mohair Cloud\u201c megztinis - MadosKampas.lt\" \/>\n<meta property=\"og:description\" content=\"Tarsi prisilietimas prie debesies \u2013 \u201eKid Mohair Cloud\u201c megztinis sukurtas toms, kurios vertina \u0161velnum\u0105, \u0161ilum\u0105 ir subtili\u0105 prabang\u0105.Pagamintas i\u0161 70 % Kid Mohair \u2013 vienos \u0161velniausi\u0173 ir lengviausi\u0173 vilnos r\u016b\u0161i\u0173 pasaulyje \u2013 jis tiesiog tirpsta ant k\u016bno, nevar\u017eo judesi\u0173 ir spinduliuoja elegancij\u0105. Ne\u012fpareigojantis siluetas tinka tiek kasdienai, tiek \u0161vent\u0117ms \u2013 j\u012f lengvai priderinsi prie kelni\u0173, sijono ar net per suknele.\u2714\ufe0f Ilgis \u2013 58 cm\u2714\ufe0f Per kr\u016btin\u0119 \u2013 54 cm\u2714\ufe0f Tinka nuo M iki XL\u2714\ufe0f Audinys: 70 % Kid Mohair, 30 % poliamidas\u2714\ufe0f Pagaminta su meile ir stiliumi \ud83d\udcab\" \/>\n<meta property=\"og:url\" content=\"https:\/\/madoskampas.lt\/en\/product\/vasaros-megztinis-kid-mohair-cloud\/\" \/>\n<meta property=\"og:site_name\" content=\"MadosKampas.lt\" \/>\n<meta property=\"article:modified_time\" content=\"2025-11-14T09:12:09+00:00\" \/>\n<meta property=\"og:image\" content=\"https:\/\/madoskampas.lt\/wp-content\/uploads\/2025\/06\/IMG_7319.jpeg\" \/>\n\t<meta property=\"og:image:width\" content=\"1536\" \/>\n\t<meta property=\"og:image:height\" content=\"2048\" \/>\n\t<meta property=\"og:image:type\" content=\"image\/jpeg\" \/>\n<meta name=\"twitter:card\" content=\"summary_large_image\" \/>\n<meta name=\"twitter:label1\" content=\"Est. reading time\" \/>\n\t<meta name=\"twitter:data1\" content=\"1 minute\" \/>\n<script type=\"application\/ld+json\" class=\"yoast-schema-graph\">{\"@context\":\"https:\\\/\\\/schema.org\",\"@graph\":[{\"@type\":\"WebPage\",\"@id\":\"https:\\\/\\\/madoskampas.lt\\\/produktas\\\/vasaros-megztinis-kid-mohair-cloud\\\/\",\"url\":\"https:\\\/\\\/madoskampas.lt\\\/produktas\\\/vasaros-megztinis-kid-mohair-cloud\\\/\",\"name\":\"\u201eKid Mohair Cloud\u201c megztinis - MadosKampas.lt\",\"isPartOf\":{\"@id\":\"https:\\\/\\\/madoskampas.lt\\\/#website\"},\"primaryImageOfPage\":{\"@id\":\"https:\\\/\\\/madoskampas.lt\\\/produktas\\\/vasaros-megztinis-kid-mohair-cloud\\\/#primaryimage\"},\"image\":{\"@id\":\"https:\\\/\\\/madoskampas.lt\\\/produktas\\\/vasaros-megztinis-kid-mohair-cloud\\\/#primaryimage\"},\"thumbnailUrl\":\"https:\\\/\\\/madoskampas.lt\\\/wp-content\\\/uploads\\\/2025\\\/06\\\/IMG_7319.jpeg\",\"datePublished\":\"2025-06-17T16:17:37+00:00\",\"dateModified\":\"2025-11-14T09:12:09+00:00\",\"breadcrumb\":{\"@id\":\"https:\\\/\\\/madoskampas.lt\\\/produktas\\\/vasaros-megztinis-kid-mohair-cloud\\\/#breadcrumb\"},\"inLanguage\":\"en-US\",\"potentialAction\":[{\"@type\":\"ReadAction\",\"target\":[\"https:\\\/\\\/madoskampas.lt\\\/produktas\\\/vasaros-megztinis-kid-mohair-cloud\\\/\"]}]},{\"@type\":\"ImageObject\",\"inLanguage\":\"en-US\",\"@id\":\"https:\\\/\\\/madoskampas.lt\\\/produktas\\\/vasaros-megztinis-kid-mohair-cloud\\\/#primaryimage\",\"url\":\"https:\\\/\\\/madoskampas.lt\\\/wp-content\\\/uploads\\\/2025\\\/06\\\/IMG_7319.jpeg\",\"contentUrl\":\"https:\\\/\\\/madoskampas.lt\\\/wp-content\\\/uploads\\\/2025\\\/06\\\/IMG_7319.jpeg\",\"width\":1536,\"height\":2048},{\"@type\":\"BreadcrumbList\",\"@id\":\"https:\\\/\\\/madoskampas.lt\\\/produktas\\\/vasaros-megztinis-kid-mohair-cloud\\\/#breadcrumb\",\"itemListElement\":[{\"@type\":\"ListItem\",\"position\":1,\"name\":\"Home\",\"item\":\"https:\\\/\\\/madoskampas.lt\\\/\"},{\"@type\":\"ListItem\",\"position\":2,\"name\":\"Parduotuv\u0117\",\"item\":\"https:\\\/\\\/madoskampas.lt\\\/parduotuve-2\\\/\"},{\"@type\":\"ListItem\",\"position\":3,\"name\":\"\u201eKid Mohair Cloud\u201c megztinis\"}]},{\"@type\":\"WebSite\",\"@id\":\"https:\\\/\\\/madoskampas.lt\\\/#website\",\"url\":\"https:\\\/\\\/madoskampas.lt\\\/\",\"name\":\"MadosKampas.lt\",\"description\":\"Stilingi drabu\u017eiai moterims\",\"potentialAction\":[{\"@type\":\"SearchAction\",\"target\":{\"@type\":\"EntryPoint\",\"urlTemplate\":\"https:\\\/\\\/madoskampas.lt\\\/?s={search_term_string}\"},\"query-input\":{\"@type\":\"PropertyValueSpecification\",\"valueRequired\":true,\"valueName\":\"search_term_string\"}}],\"inLanguage\":\"en-US\"}]}<\/script>\n<!-- \/ Yoast SEO plugin. -->","yoast_head_json":{"title":"\u201eKid Mohair Cloud\u201c megztinis - MadosKampas.lt","robots":{"index":"index","follow":"follow","max-snippet":"max-snippet:-1","max-image-preview":"max-image-preview:large","max-video-preview":"max-video-preview:-1"},"canonical":"https:\/\/madoskampas.lt\/en\/product\/vasaros-megztinis-kid-mohair-cloud\/","og_locale":"en_US","og_type":"article","og_title":"\u201eKid Mohair Cloud\u201c megztinis - MadosKampas.lt","og_description":"Tarsi prisilietimas prie debesies \u2013 \u201eKid Mohair Cloud\u201c megztinis sukurtas toms, kurios vertina \u0161velnum\u0105, \u0161ilum\u0105 ir subtili\u0105 prabang\u0105.Pagamintas i\u0161 70 % Kid Mohair \u2013 vienos \u0161velniausi\u0173 ir lengviausi\u0173 vilnos r\u016b\u0161i\u0173 pasaulyje \u2013 jis tiesiog tirpsta ant k\u016bno, nevar\u017eo judesi\u0173 ir spinduliuoja elegancij\u0105. Ne\u012fpareigojantis siluetas tinka tiek kasdienai, tiek \u0161vent\u0117ms \u2013 j\u012f lengvai priderinsi prie kelni\u0173, sijono ar net per suknele.\u2714\ufe0f Ilgis \u2013 58 cm\u2714\ufe0f Per kr\u016btin\u0119 \u2013 54 cm\u2714\ufe0f Tinka nuo M iki XL\u2714\ufe0f Audinys: 70 % Kid Mohair, 30 % poliamidas\u2714\ufe0f Pagaminta su meile ir stiliumi \ud83d\udcab","og_url":"https:\/\/madoskampas.lt\/en\/product\/vasaros-megztinis-kid-mohair-cloud\/","og_site_name":"MadosKampas.lt","article_modified_time":"2025-11-14T09:12:09+00:00","og_image":[{"width":1536,"height":2048,"url":"https:\/\/madoskampas.lt\/wp-content\/uploads\/2025\/06\/IMG_7319.jpeg","type":"image\/jpeg"}],"twitter_card":"summary_large_image","twitter_misc":{"Est. reading time":"1 minute"},"schema":{"@context":"https:\/\/schema.org","@graph":[{"@type":"WebPage","@id":"https:\/\/madoskampas.lt\/produktas\/vasaros-megztinis-kid-mohair-cloud\/","url":"https:\/\/madoskampas.lt\/produktas\/vasaros-megztinis-kid-mohair-cloud\/","name":"\u201eKid Mohair Cloud\u201c megztinis - MadosKampas.lt","isPartOf":{"@id":"https:\/\/madoskampas.lt\/#website"},"primaryImageOfPage":{"@id":"https:\/\/madoskampas.lt\/produktas\/vasaros-megztinis-kid-mohair-cloud\/#primaryimage"},"image":{"@id":"https:\/\/madoskampas.lt\/produktas\/vasaros-megztinis-kid-mohair-cloud\/#primaryimage"},"thumbnailUrl":"https:\/\/madoskampas.lt\/wp-content\/uploads\/2025\/06\/IMG_7319.jpeg","datePublished":"2025-06-17T16:17:37+00:00","dateModified":"2025-11-14T09:12:09+00:00","breadcrumb":{"@id":"https:\/\/madoskampas.lt\/produktas\/vasaros-megztinis-kid-mohair-cloud\/#breadcrumb"},"inLanguage":"en-US","potentialAction":[{"@type":"ReadAction","target":["https:\/\/madoskampas.lt\/produktas\/vasaros-megztinis-kid-mohair-cloud\/"]}]},{"@type":"ImageObject","inLanguage":"en-US","@id":"https:\/\/madoskampas.lt\/produktas\/vasaros-megztinis-kid-mohair-cloud\/#primaryimage","url":"https:\/\/madoskampas.lt\/wp-content\/uploads\/2025\/06\/IMG_7319.jpeg","contentUrl":"https:\/\/madoskampas.lt\/wp-content\/uploads\/2025\/06\/IMG_7319.jpeg","width":1536,"height":2048},{"@type":"BreadcrumbList","@id":"https:\/\/madoskampas.lt\/produktas\/vasaros-megztinis-kid-mohair-cloud\/#breadcrumb","itemListElement":[{"@type":"ListItem","position":1,"name":"Home","item":"https:\/\/madoskampas.lt\/"},{"@type":"ListItem","position":2,"name":"Parduotuv\u0117","item":"https:\/\/madoskampas.lt\/parduotuve-2\/"},{"@type":"ListItem","position":3,"name":"\u201eKid Mohair Cloud\u201c megztinis"}]},{"@type":"WebSite","@id":"https:\/\/madoskampas.lt\/#website","url":"https:\/\/madoskampas.lt\/","name":"FashionKampas.lt","description":"Stylish clothes for women","potentialAction":[{"@type":"SearchAction","target":{"@type":"EntryPoint","urlTemplate":"https:\/\/madoskampas.lt\/?s={search_term_string}"},"query-input":{"@type":"PropertyValueSpecification","valueRequired":true,"valueName":"search_term_string"}}],"inLanguage":"en-US"}]}},"uagb_featured_image_src":{"full":["https:\/\/madoskampas.lt\/wp-content\/uploads\/2025\/06\/IMG_7319.jpeg",1536,2048,false],"thumbnail":["https:\/\/madoskampas.lt\/wp-content\/uploads\/2025\/06\/IMG_7319-150x150.jpeg",150,150,true],"medium":["https:\/\/madoskampas.lt\/wp-content\/uploads\/2025\/06\/IMG_7319-225x300.jpeg",225,300,true],"medium_large":["https:\/\/madoskampas.lt\/wp-content\/uploads\/2025\/06\/IMG_7319-768x1024.jpeg",768,1024,true],"large":["https:\/\/madoskampas.lt\/wp-content\/uploads\/2025\/06\/IMG_7319-768x1024.jpeg",768,1024,true],"1536x1536":["https:\/\/madoskampas.lt\/wp-content\/uploads\/2025\/06\/IMG_7319-1152x1536.jpeg",1152,1536,true],"2048x2048":["https:\/\/madoskampas.lt\/wp-content\/uploads\/2025\/06\/IMG_7319.jpeg",1536,2048,false],"trp-custom-language-flag":["https:\/\/madoskampas.lt\/wp-content\/uploads\/2025\/06\/IMG_7319.jpeg",9,12,false],"nova-image-square":["https:\/\/madoskampas.lt\/wp-content\/uploads\/2025\/06\/IMG_7319-1100x1100.jpeg",1100,1100,true],"mixtas-product-03":["https:\/\/madoskampas.lt\/wp-content\/uploads\/2025\/06\/IMG_7319-600x345.jpeg",600,345,true],"woocommerce_thumbnail":["https:\/\/madoskampas.lt\/wp-content\/uploads\/2025\/06\/IMG_7319-700x700.jpeg",700,700,true],"woocommerce_single":["https:\/\/madoskampas.lt\/wp-content\/uploads\/2025\/06\/IMG_7319-1000x1333.jpeg",1000,1333,true],"woocommerce_gallery_thumbnail":["https:\/\/madoskampas.lt\/wp-content\/uploads\/2025\/06\/IMG_7319-250x250.jpeg",250,250,true],"variation_swatches_image_size":["https:\/\/madoskampas.lt\/wp-content\/uploads\/2025\/06\/IMG_7319-50x50.jpeg",50,50,true],"variation_swatches_tooltip_size":["https:\/\/madoskampas.lt\/wp-content\/uploads\/2025\/06\/IMG_7319-100x100.jpeg",100,100,true]},"uagb_author_info":{"display_name":"algirdasbart","author_link":"https:\/\/madoskampas.lt\/en\/author\/"},"uagb_comment_info":0,"uagb_excerpt":"Tarsi prisilietimas prie debesies \u2013 \u201eKid Mohair Cloud\u201c megztinis sukurtas toms, kurios vertina \u0161velnum\u0105, \u0161ilum\u0105 ir subtili\u0105 prabang\u0105.Pagamintas i\u0161 70 % Kid Mohair \u2013 vienos \u0161velniausi\u0173 ir lengviausi\u0173 vilnos r\u016b\u0161i\u0173 pasaulyje \u2013 jis tiesiog tirpsta ant k\u016bno, nevar\u017eo judesi\u0173 ir spinduliuoja elegancij\u0105. Ne\u012fpareigojantis siluetas tinka tiek kasdienai, tiek \u0161vent\u0117ms \u2013 j\u012f lengvai priderinsi prie kelni\u0173,&hellip;","jetpack_sharing_enabled":true,"_links":{"self":[{"href":"https:\/\/madoskampas.lt\/en\/wp-json\/wp\/v2\/product\/16741","targetHints":{"allow":["GET"]}}],"collection":[{"href":"https:\/\/madoskampas.lt\/en\/wp-json\/wp\/v2\/product"}],"about":[{"href":"https:\/\/madoskampas.lt\/en\/wp-json\/wp\/v2\/types\/product"}],"replies":[{"embeddable":true,"href":"https:\/\/madoskampas.lt\/en\/wp-json\/wp\/v2\/comments?post=16741"}],"wp:featuredmedia":[{"embeddable":true,"href":"https:\/\/madoskampas.lt\/en\/wp-json\/wp\/v2\/media\/16753"}],"wp:attachment":[{"href":"https:\/\/madoskampas.lt\/en\/wp-json\/wp\/v2\/media?parent=16741"}],"wp:term":[{"taxonomy":"product_brand","embeddable":true,"href":"https:\/\/madoskampas.lt\/en\/wp-json\/wp\/v2\/product_brand?post=16741"},{"taxonomy":"product_cat","embeddable":true,"href":"https:\/\/madoskampas.lt\/en\/wp-json\/wp\/v2\/product_cat?post=16741"},{"taxonomy":"product_tag","embeddable":true,"href":"https:\/\/madoskampas.lt\/en\/wp-json\/wp\/v2\/product_tag?post=16741"}],"curies":[{"name":"wp","href":"https:\/\/api.w.org\/{rel}","templated":true}]}}