{"id":17041,"date":"2025-06-20T10:16:37","date_gmt":"2025-06-20T10:16:37","guid":{"rendered":"https:\/\/madoskampas.lt\/?post_type=product&#038;p=17041"},"modified":"2026-02-04T12:19:02","modified_gmt":"2026-02-04T12:19:02","slug":"royal-home-mango-tropiku-mangu-fiesta","status":"publish","type":"product","link":"https:\/\/madoskampas.lt\/en\/product\/royal-home-mango-tropiku-mangu-fiesta\/","title":{"rendered":"Royal Home Mango - Tropical Mango Fiesta"},"content":{"rendered":"<p>\u201eMango\u201c nam\u0173 kvapas \u2013 tarsi \u0161vie\u017eiai spaust\u0173 tropini\u0173 sul\u010di\u0173 gurk\u0161nis.<\/p>\n<p>Mango saldumas, \u017eaismingas apelsinas, \u0161vie\u017eias ananasas ir muskuso \u0161leifas sukuria lengv\u0105, pozityv\u0173 aromat\u0105, kuris d\u017eiugina ir atgaivina nam\u0173 erdv\u0119.<\/p>","protected":false},"excerpt":{"rendered":"<p data-start=\"1706\" data-end=\"1811\">Vaisinis, gaivus ir kupinas saul\u0117s \u2013 kvapas, kuris akimirksniu pakelia nuotaik\u0105.<\/p>\n<p data-start=\"1706\" data-end=\"1811\">\u201eMango\u201c nam\u0173 kvapas \u2013 tarsi \u0161vie\u017eiai spaust\u0173 tropini\u0173 sul\u010di\u0173 gurk\u0161nis. Mango saldumas, \u017eaismingas apelsinas, \u0161vie\u017eias ananasas ir muskuso \u0161leifas sukuria lengv\u0105, pozityv\u0173 aromat\u0105, kuris d\u017eiugina ir atgaivina nam\u0173 erdv\u0119.<br data-start=\"2057\" data-end=\"2060\" \/>Idealiai tinka vasarai, vaik\u0173 kambariui ar virtuvei \u2013 kur tik norisi \u0161ilumos ir \u0161ypsenos.<\/p>\n<p data-start=\"2151\" data-end=\"2320\"><strong data-start=\"2151\" data-end=\"2167\">Information:<\/strong><br data-start=\"2167\" data-end=\"2170\" \/>\u2022 Kvapo natos: mango, apelsinas, ananasas, muskusas<br data-start=\"2222\" data-end=\"2225\" \/>- 500 ml sprayable scent<br data-start=\"2252\" data-end=\"2255\" \/>\u2022 Tinka kasdieniam naudojimui<br data-start=\"2285\" data-end=\"2288\" \/>\u2022 Vaisinis, bet ne\u012fkyrus kvapas<\/p>","protected":false},"featured_media":17042,"comment_status":"open","ping_status":"closed","template":"","meta":{"_uag_custom_page_level_css":"","_monsterinsights_skip_tracking":false,"_monsterinsights_sitenote_active":false,"_monsterinsights_sitenote_note":"","_monsterinsights_sitenote_category":0},"product_brand":[],"product_cat":[194],"product_tag":[],"class_list":{"0":"post-17041","1":"product","2":"type-product","3":"status-publish","4":"has-post-thumbnail","6":"product_cat-namu-kvapai","7":"tm-has-options","9":"first","10":"instock","11":"sale","12":"shipping-taxable","13":"purchasable","14":"product-type-simple"},"yoast_head":"<!-- This site is optimized with the Yoast SEO plugin v27.3 - https:\/\/yoast.com\/product\/yoast-seo-wordpress\/ -->\n<title>Royal Home Mango \u2013 Tropik\u0173 mang\u0173 fiesta - MadosKampas.lt<\/title>\n<meta name=\"robots\" content=\"index, follow, max-snippet:-1, max-image-preview:large, max-video-preview:-1\" \/>\n<link rel=\"canonical\" href=\"https:\/\/madoskampas.lt\/en\/product\/royal-home-mango-tropiku-mangu-fiesta\/\" \/>\n<meta property=\"og:locale\" content=\"en_US\" \/>\n<meta property=\"og:type\" content=\"article\" \/>\n<meta property=\"og:title\" content=\"Royal Home Mango \u2013 Tropik\u0173 mang\u0173 fiesta - MadosKampas.lt\" \/>\n<meta property=\"og:description\" content=\"Vaisinis, gaivus ir kupinas saul\u0117s \u2013 kvapas, kuris akimirksniu pakelia nuotaik\u0105. \u201eMango\u201c nam\u0173 kvapas \u2013 tarsi \u0161vie\u017eiai spaust\u0173 tropini\u0173 sul\u010di\u0173 gurk\u0161nis. Mango saldumas, \u017eaismingas apelsinas, \u0161vie\u017eias ananasas ir muskuso \u0161leifas sukuria lengv\u0105, pozityv\u0173 aromat\u0105, kuris d\u017eiugina ir atgaivina nam\u0173 erdv\u0119.Idealiai tinka vasarai, vaik\u0173 kambariui ar virtuvei \u2013 kur tik norisi \u0161ilumos ir \u0161ypsenos. Informacija:\u2022 Kvapo natos: mango, apelsinas, ananasas, muskusas\u2022 500 ml pur\u0161kiamas kvapas\u2022 Tinka kasdieniam naudojimui\u2022 Vaisinis, bet ne\u012fkyrus kvapas\" \/>\n<meta property=\"og:url\" content=\"https:\/\/madoskampas.lt\/en\/product\/royal-home-mango-tropiku-mangu-fiesta\/\" \/>\n<meta property=\"og:site_name\" content=\"MadosKampas.lt\" \/>\n<meta property=\"article:modified_time\" content=\"2026-02-04T12:19:02+00:00\" \/>\n<meta property=\"og:image\" content=\"https:\/\/madoskampas.lt\/wp-content\/uploads\/2025\/06\/ChatGPT-Image-Jun-20-2025-01_13_33-PM.jpg\" \/>\n\t<meta property=\"og:image:width\" content=\"1024\" \/>\n\t<meta property=\"og:image:height\" content=\"1536\" \/>\n\t<meta property=\"og:image:type\" content=\"image\/jpeg\" \/>\n<meta name=\"twitter:card\" content=\"summary_large_image\" \/>\n<meta name=\"twitter:label1\" content=\"Est. reading time\" \/>\n\t<meta name=\"twitter:data1\" content=\"1 minute\" \/>\n<script type=\"application\/ld+json\" class=\"yoast-schema-graph\">{\"@context\":\"https:\\\/\\\/schema.org\",\"@graph\":[{\"@type\":\"WebPage\",\"@id\":\"https:\\\/\\\/madoskampas.lt\\\/produktas\\\/royal-home-mango-tropiku-mangu-fiesta\\\/\",\"url\":\"https:\\\/\\\/madoskampas.lt\\\/produktas\\\/royal-home-mango-tropiku-mangu-fiesta\\\/\",\"name\":\"Royal Home Mango \u2013 Tropik\u0173 mang\u0173 fiesta - MadosKampas.lt\",\"isPartOf\":{\"@id\":\"https:\\\/\\\/madoskampas.lt\\\/#website\"},\"primaryImageOfPage\":{\"@id\":\"https:\\\/\\\/madoskampas.lt\\\/produktas\\\/royal-home-mango-tropiku-mangu-fiesta\\\/#primaryimage\"},\"image\":{\"@id\":\"https:\\\/\\\/madoskampas.lt\\\/produktas\\\/royal-home-mango-tropiku-mangu-fiesta\\\/#primaryimage\"},\"thumbnailUrl\":\"https:\\\/\\\/madoskampas.lt\\\/wp-content\\\/uploads\\\/2025\\\/06\\\/ChatGPT-Image-Jun-20-2025-01_13_33-PM.jpg\",\"datePublished\":\"2025-06-20T10:16:37+00:00\",\"dateModified\":\"2026-02-04T12:19:02+00:00\",\"breadcrumb\":{\"@id\":\"https:\\\/\\\/madoskampas.lt\\\/produktas\\\/royal-home-mango-tropiku-mangu-fiesta\\\/#breadcrumb\"},\"inLanguage\":\"en-US\",\"potentialAction\":[{\"@type\":\"ReadAction\",\"target\":[\"https:\\\/\\\/madoskampas.lt\\\/produktas\\\/royal-home-mango-tropiku-mangu-fiesta\\\/\"]}]},{\"@type\":\"ImageObject\",\"inLanguage\":\"en-US\",\"@id\":\"https:\\\/\\\/madoskampas.lt\\\/produktas\\\/royal-home-mango-tropiku-mangu-fiesta\\\/#primaryimage\",\"url\":\"https:\\\/\\\/madoskampas.lt\\\/wp-content\\\/uploads\\\/2025\\\/06\\\/ChatGPT-Image-Jun-20-2025-01_13_33-PM.jpg\",\"contentUrl\":\"https:\\\/\\\/madoskampas.lt\\\/wp-content\\\/uploads\\\/2025\\\/06\\\/ChatGPT-Image-Jun-20-2025-01_13_33-PM.jpg\",\"width\":1024,\"height\":1536},{\"@type\":\"BreadcrumbList\",\"@id\":\"https:\\\/\\\/madoskampas.lt\\\/produktas\\\/royal-home-mango-tropiku-mangu-fiesta\\\/#breadcrumb\",\"itemListElement\":[{\"@type\":\"ListItem\",\"position\":1,\"name\":\"Home\",\"item\":\"https:\\\/\\\/madoskampas.lt\\\/\"},{\"@type\":\"ListItem\",\"position\":2,\"name\":\"Parduotuv\u0117\",\"item\":\"https:\\\/\\\/madoskampas.lt\\\/parduotuve-2\\\/\"},{\"@type\":\"ListItem\",\"position\":3,\"name\":\"Royal Home Mango \u2013 Tropik\u0173 mang\u0173 fiesta\"}]},{\"@type\":\"WebSite\",\"@id\":\"https:\\\/\\\/madoskampas.lt\\\/#website\",\"url\":\"https:\\\/\\\/madoskampas.lt\\\/\",\"name\":\"MadosKampas.lt\",\"description\":\"Stilingi drabu\u017eiai moterims\",\"potentialAction\":[{\"@type\":\"SearchAction\",\"target\":{\"@type\":\"EntryPoint\",\"urlTemplate\":\"https:\\\/\\\/madoskampas.lt\\\/?s={search_term_string}\"},\"query-input\":{\"@type\":\"PropertyValueSpecification\",\"valueRequired\":true,\"valueName\":\"search_term_string\"}}],\"inLanguage\":\"en-US\"}]}<\/script>\n<!-- \/ Yoast SEO plugin. -->","yoast_head_json":{"title":"Royal Home Mango \u2013 Tropik\u0173 mang\u0173 fiesta - MadosKampas.lt","robots":{"index":"index","follow":"follow","max-snippet":"max-snippet:-1","max-image-preview":"max-image-preview:large","max-video-preview":"max-video-preview:-1"},"canonical":"https:\/\/madoskampas.lt\/en\/product\/royal-home-mango-tropiku-mangu-fiesta\/","og_locale":"en_US","og_type":"article","og_title":"Royal Home Mango \u2013 Tropik\u0173 mang\u0173 fiesta - MadosKampas.lt","og_description":"Vaisinis, gaivus ir kupinas saul\u0117s \u2013 kvapas, kuris akimirksniu pakelia nuotaik\u0105. \u201eMango\u201c nam\u0173 kvapas \u2013 tarsi \u0161vie\u017eiai spaust\u0173 tropini\u0173 sul\u010di\u0173 gurk\u0161nis. Mango saldumas, \u017eaismingas apelsinas, \u0161vie\u017eias ananasas ir muskuso \u0161leifas sukuria lengv\u0105, pozityv\u0173 aromat\u0105, kuris d\u017eiugina ir atgaivina nam\u0173 erdv\u0119.Idealiai tinka vasarai, vaik\u0173 kambariui ar virtuvei \u2013 kur tik norisi \u0161ilumos ir \u0161ypsenos. Informacija:\u2022 Kvapo natos: mango, apelsinas, ananasas, muskusas\u2022 500 ml pur\u0161kiamas kvapas\u2022 Tinka kasdieniam naudojimui\u2022 Vaisinis, bet ne\u012fkyrus kvapas","og_url":"https:\/\/madoskampas.lt\/en\/product\/royal-home-mango-tropiku-mangu-fiesta\/","og_site_name":"MadosKampas.lt","article_modified_time":"2026-02-04T12:19:02+00:00","og_image":[{"width":1024,"height":1536,"url":"https:\/\/madoskampas.lt\/wp-content\/uploads\/2025\/06\/ChatGPT-Image-Jun-20-2025-01_13_33-PM.jpg","type":"image\/jpeg"}],"twitter_card":"summary_large_image","twitter_misc":{"Est. reading time":"1 minute"},"schema":{"@context":"https:\/\/schema.org","@graph":[{"@type":"WebPage","@id":"https:\/\/madoskampas.lt\/produktas\/royal-home-mango-tropiku-mangu-fiesta\/","url":"https:\/\/madoskampas.lt\/produktas\/royal-home-mango-tropiku-mangu-fiesta\/","name":"Royal Home Mango \u2013 Tropik\u0173 mang\u0173 fiesta - MadosKampas.lt","isPartOf":{"@id":"https:\/\/madoskampas.lt\/#website"},"primaryImageOfPage":{"@id":"https:\/\/madoskampas.lt\/produktas\/royal-home-mango-tropiku-mangu-fiesta\/#primaryimage"},"image":{"@id":"https:\/\/madoskampas.lt\/produktas\/royal-home-mango-tropiku-mangu-fiesta\/#primaryimage"},"thumbnailUrl":"https:\/\/madoskampas.lt\/wp-content\/uploads\/2025\/06\/ChatGPT-Image-Jun-20-2025-01_13_33-PM.jpg","datePublished":"2025-06-20T10:16:37+00:00","dateModified":"2026-02-04T12:19:02+00:00","breadcrumb":{"@id":"https:\/\/madoskampas.lt\/produktas\/royal-home-mango-tropiku-mangu-fiesta\/#breadcrumb"},"inLanguage":"en-US","potentialAction":[{"@type":"ReadAction","target":["https:\/\/madoskampas.lt\/produktas\/royal-home-mango-tropiku-mangu-fiesta\/"]}]},{"@type":"ImageObject","inLanguage":"en-US","@id":"https:\/\/madoskampas.lt\/produktas\/royal-home-mango-tropiku-mangu-fiesta\/#primaryimage","url":"https:\/\/madoskampas.lt\/wp-content\/uploads\/2025\/06\/ChatGPT-Image-Jun-20-2025-01_13_33-PM.jpg","contentUrl":"https:\/\/madoskampas.lt\/wp-content\/uploads\/2025\/06\/ChatGPT-Image-Jun-20-2025-01_13_33-PM.jpg","width":1024,"height":1536},{"@type":"BreadcrumbList","@id":"https:\/\/madoskampas.lt\/produktas\/royal-home-mango-tropiku-mangu-fiesta\/#breadcrumb","itemListElement":[{"@type":"ListItem","position":1,"name":"Home","item":"https:\/\/madoskampas.lt\/"},{"@type":"ListItem","position":2,"name":"Parduotuv\u0117","item":"https:\/\/madoskampas.lt\/parduotuve-2\/"},{"@type":"ListItem","position":3,"name":"Royal Home Mango \u2013 Tropik\u0173 mang\u0173 fiesta"}]},{"@type":"WebSite","@id":"https:\/\/madoskampas.lt\/#website","url":"https:\/\/madoskampas.lt\/","name":"FashionKampas.lt","description":"Stylish clothes for women","potentialAction":[{"@type":"SearchAction","target":{"@type":"EntryPoint","urlTemplate":"https:\/\/madoskampas.lt\/?s={search_term_string}"},"query-input":{"@type":"PropertyValueSpecification","valueRequired":true,"valueName":"search_term_string"}}],"inLanguage":"en-US"}]}},"uagb_featured_image_src":{"full":["https:\/\/madoskampas.lt\/wp-content\/uploads\/2025\/06\/ChatGPT-Image-Jun-20-2025-01_13_33-PM.jpg",1024,1536,false],"thumbnail":["https:\/\/madoskampas.lt\/wp-content\/uploads\/2025\/06\/ChatGPT-Image-Jun-20-2025-01_13_33-PM-150x150.jpg",150,150,true],"medium":["https:\/\/madoskampas.lt\/wp-content\/uploads\/2025\/06\/ChatGPT-Image-Jun-20-2025-01_13_33-PM-200x300.jpg",200,300,true],"medium_large":["https:\/\/madoskampas.lt\/wp-content\/uploads\/2025\/06\/ChatGPT-Image-Jun-20-2025-01_13_33-PM-768x1152.jpg",768,1152,true],"large":["https:\/\/madoskampas.lt\/wp-content\/uploads\/2025\/06\/ChatGPT-Image-Jun-20-2025-01_13_33-PM-683x1024.jpg",683,1024,true],"1536x1536":["https:\/\/madoskampas.lt\/wp-content\/uploads\/2025\/06\/ChatGPT-Image-Jun-20-2025-01_13_33-PM.jpg",1024,1536,false],"2048x2048":["https:\/\/madoskampas.lt\/wp-content\/uploads\/2025\/06\/ChatGPT-Image-Jun-20-2025-01_13_33-PM.jpg",1024,1536,false],"trp-custom-language-flag":["https:\/\/madoskampas.lt\/wp-content\/uploads\/2025\/06\/ChatGPT-Image-Jun-20-2025-01_13_33-PM.jpg",8,12,false],"nova-image-square":["https:\/\/madoskampas.lt\/wp-content\/uploads\/2025\/06\/ChatGPT-Image-Jun-20-2025-01_13_33-PM-1024x1100.jpg",1024,1100,true],"mixtas-product-03":["https:\/\/madoskampas.lt\/wp-content\/uploads\/2025\/06\/ChatGPT-Image-Jun-20-2025-01_13_33-PM-600x345.jpg",600,345,true],"woocommerce_thumbnail":["https:\/\/madoskampas.lt\/wp-content\/uploads\/2025\/06\/ChatGPT-Image-Jun-20-2025-01_13_33-PM-700x700.jpg",700,700,true],"woocommerce_single":["https:\/\/madoskampas.lt\/wp-content\/uploads\/2025\/06\/ChatGPT-Image-Jun-20-2025-01_13_33-PM-1000x1500.jpg",1000,1500,true],"woocommerce_gallery_thumbnail":["https:\/\/madoskampas.lt\/wp-content\/uploads\/2025\/06\/ChatGPT-Image-Jun-20-2025-01_13_33-PM-250x250.jpg",250,250,true],"variation_swatches_image_size":["https:\/\/madoskampas.lt\/wp-content\/uploads\/2025\/06\/ChatGPT-Image-Jun-20-2025-01_13_33-PM-50x50.jpg",50,50,true],"variation_swatches_tooltip_size":["https:\/\/madoskampas.lt\/wp-content\/uploads\/2025\/06\/ChatGPT-Image-Jun-20-2025-01_13_33-PM-100x100.jpg",100,100,true]},"uagb_author_info":{"display_name":"algirdasbart","author_link":"https:\/\/madoskampas.lt\/en\/author\/"},"uagb_comment_info":0,"uagb_excerpt":"Vaisinis, gaivus ir kupinas saul\u0117s \u2013 kvapas, kuris akimirksniu pakelia nuotaik\u0105. \u201eMango\u201c nam\u0173 kvapas \u2013 tarsi \u0161vie\u017eiai spaust\u0173 tropini\u0173 sul\u010di\u0173 gurk\u0161nis. Mango saldumas, \u017eaismingas apelsinas, \u0161vie\u017eias ananasas ir muskuso \u0161leifas sukuria lengv\u0105, pozityv\u0173 aromat\u0105, kuris d\u017eiugina ir atgaivina nam\u0173 erdv\u0119.Idealiai tinka vasarai, vaik\u0173 kambariui ar virtuvei \u2013 kur tik norisi \u0161ilumos ir \u0161ypsenos. Informacija:\u2022 Kvapo&hellip;","jetpack_sharing_enabled":true,"_links":{"self":[{"href":"https:\/\/madoskampas.lt\/en\/wp-json\/wp\/v2\/product\/17041","targetHints":{"allow":["GET"]}}],"collection":[{"href":"https:\/\/madoskampas.lt\/en\/wp-json\/wp\/v2\/product"}],"about":[{"href":"https:\/\/madoskampas.lt\/en\/wp-json\/wp\/v2\/types\/product"}],"replies":[{"embeddable":true,"href":"https:\/\/madoskampas.lt\/en\/wp-json\/wp\/v2\/comments?post=17041"}],"wp:featuredmedia":[{"embeddable":true,"href":"https:\/\/madoskampas.lt\/en\/wp-json\/wp\/v2\/media\/17042"}],"wp:attachment":[{"href":"https:\/\/madoskampas.lt\/en\/wp-json\/wp\/v2\/media?parent=17041"}],"wp:term":[{"taxonomy":"product_brand","embeddable":true,"href":"https:\/\/madoskampas.lt\/en\/wp-json\/wp\/v2\/product_brand?post=17041"},{"taxonomy":"product_cat","embeddable":true,"href":"https:\/\/madoskampas.lt\/en\/wp-json\/wp\/v2\/product_cat?post=17041"},{"taxonomy":"product_tag","embeddable":true,"href":"https:\/\/madoskampas.lt\/en\/wp-json\/wp\/v2\/product_tag?post=17041"}],"curies":[{"name":"wp","href":"https:\/\/api.w.org\/{rel}","templated":true}]}}