{"id":17043,"date":"2025-06-20T10:18:18","date_gmt":"2025-06-20T10:18:18","guid":{"rendered":"https:\/\/madoskampas.lt\/?post_type=product&#038;p=17043"},"modified":"2025-07-10T11:49:34","modified_gmt":"2025-07-10T11:49:34","slug":"royal-home-vanilla-vaniline-elegance","status":"publish","type":"product","link":"https:\/\/madoskampas.lt\/en\/product\/royal-home-vanilla-vaniline-elegance\/","title":{"rendered":"Royal Home Vanilla - Vanilla elegance"},"content":{"rendered":"<p>\u201eThe Vanilla fragrance is like a fragrant dessert for the home.<\/p>\n<p>The freshness of pear, the depth of chocolate, classic vanilla and subtle notes of icing blend into a warm, gourmand aroma.<\/p>","protected":false},"excerpt":{"rendered":"<p data-start=\"2383\" data-end=\"2473\">A gourmand, sweet and cosy scent that fills your home with warmth.<\/p>\n<p data-start=\"2383\" data-end=\"2473\">\u201eThe Vanilla fragrance is like a fragrant dessert for the home. The freshness of pear, the depth of chocolate, classic vanilla and subtle notes of icing blend into a warm, gourmand fragrance. A fragrance that invites you to relax, embraces you with its softness and makes every evening special.<\/p>\n<p data-start=\"2765\" data-end=\"2947\"><strong data-start=\"2765\" data-end=\"2781\">Information:<\/strong><br data-start=\"2781\" data-end=\"2784\" \/>- Fragrance notes: pear, chocolate, vanilla, powdery notes<br data-start=\"2842\" data-end=\"2845\" \/>- 500 ml sprayable scent<br data-start=\"2872\" data-end=\"2875\" \/>- Perfect for autumn\/winter<br data-start=\"2907\" data-end=\"2910\" \/>- A tasteful gift for cosiness lovers<\/p>","protected":false},"featured_media":17044,"comment_status":"open","ping_status":"closed","template":"","meta":{"_uag_custom_page_level_css":"","_monsterinsights_skip_tracking":false,"_monsterinsights_sitenote_active":false,"_monsterinsights_sitenote_note":"","_monsterinsights_sitenote_category":0},"product_brand":[],"product_cat":[194],"product_tag":[],"class_list":{"0":"post-17043","1":"product","2":"type-product","3":"status-publish","4":"has-post-thumbnail","6":"product_cat-namu-kvapai","7":"tm-has-options","9":"first","10":"instock","11":"sale","12":"shipping-taxable","13":"purchasable","14":"product-type-simple"},"yoast_head":"<!-- This site is optimized with the Yoast SEO plugin v27.3 - https:\/\/yoast.com\/product\/yoast-seo-wordpress\/ -->\n<title>Royal Home Vanilla \u2013 Vanilin\u0117 elegancija - MadosKampas.lt<\/title>\n<meta name=\"robots\" content=\"index, follow, max-snippet:-1, max-image-preview:large, max-video-preview:-1\" \/>\n<link rel=\"canonical\" href=\"https:\/\/madoskampas.lt\/en\/product\/royal-home-vanilla-vaniline-elegance\/\" \/>\n<meta property=\"og:locale\" content=\"en_US\" \/>\n<meta property=\"og:type\" content=\"article\" \/>\n<meta property=\"og:title\" content=\"Royal Home Vanilla \u2013 Vanilin\u0117 elegancija - MadosKampas.lt\" \/>\n<meta property=\"og:description\" content=\"Gurmani\u0161kas, saldus ir jaukus kvapas, pripildantis namus \u0161ilumos. \u201eVanilla\u201c kvapas \u2013 tai tarsi kvapnus desertas namams. Kriau\u0161\u0117s gaiva, \u0161okolado giluma, klasikin\u0117 vanil\u0117 ir subtilios pudros natos susilieja \u012f \u0161ilt\u0105, gurmani\u0161k\u0105 aromat\u0105. Kvapas, kuris kvie\u010dia atsipalaiduoti, apkabina \u0161velnumu ir paver\u010dia kiekvien\u0105 vakar\u0105 ypatingu. Informacija:\u2022 Kvapo natos: kriau\u0161\u0117, \u0161okoladas, vanil\u0117, pudrin\u0117s natos\u2022 500 ml pur\u0161kiamas kvapas\u2022 Tobulas rudens\/\u017eiemos sezonui\u2022 Skoninga dovana jaukumo myl\u0117tojams\" \/>\n<meta property=\"og:url\" content=\"https:\/\/madoskampas.lt\/en\/product\/royal-home-vanilla-vaniline-elegance\/\" \/>\n<meta property=\"og:site_name\" content=\"MadosKampas.lt\" \/>\n<meta property=\"article:modified_time\" content=\"2025-07-10T11:49:34+00:00\" \/>\n<meta property=\"og:image\" content=\"https:\/\/madoskampas.lt\/wp-content\/uploads\/2025\/06\/ChatGPT-Image-Jun-20-2025-01_22_49-PM.jpg\" \/>\n\t<meta property=\"og:image:width\" content=\"1024\" \/>\n\t<meta property=\"og:image:height\" content=\"1536\" \/>\n\t<meta property=\"og:image:type\" content=\"image\/jpeg\" \/>\n<meta name=\"twitter:card\" content=\"summary_large_image\" \/>\n<meta name=\"twitter:label1\" content=\"Est. reading time\" \/>\n\t<meta name=\"twitter:data1\" content=\"1 minute\" \/>\n<script type=\"application\/ld+json\" class=\"yoast-schema-graph\">{\"@context\":\"https:\\\/\\\/schema.org\",\"@graph\":[{\"@type\":\"WebPage\",\"@id\":\"https:\\\/\\\/madoskampas.lt\\\/produktas\\\/royal-home-vanilla-vaniline-elegancija\\\/\",\"url\":\"https:\\\/\\\/madoskampas.lt\\\/produktas\\\/royal-home-vanilla-vaniline-elegancija\\\/\",\"name\":\"Royal Home Vanilla \u2013 Vanilin\u0117 elegancija - MadosKampas.lt\",\"isPartOf\":{\"@id\":\"https:\\\/\\\/madoskampas.lt\\\/#website\"},\"primaryImageOfPage\":{\"@id\":\"https:\\\/\\\/madoskampas.lt\\\/produktas\\\/royal-home-vanilla-vaniline-elegancija\\\/#primaryimage\"},\"image\":{\"@id\":\"https:\\\/\\\/madoskampas.lt\\\/produktas\\\/royal-home-vanilla-vaniline-elegancija\\\/#primaryimage\"},\"thumbnailUrl\":\"https:\\\/\\\/madoskampas.lt\\\/wp-content\\\/uploads\\\/2025\\\/06\\\/ChatGPT-Image-Jun-20-2025-01_22_49-PM.jpg\",\"datePublished\":\"2025-06-20T10:18:18+00:00\",\"dateModified\":\"2025-07-10T11:49:34+00:00\",\"breadcrumb\":{\"@id\":\"https:\\\/\\\/madoskampas.lt\\\/produktas\\\/royal-home-vanilla-vaniline-elegancija\\\/#breadcrumb\"},\"inLanguage\":\"en-US\",\"potentialAction\":[{\"@type\":\"ReadAction\",\"target\":[\"https:\\\/\\\/madoskampas.lt\\\/produktas\\\/royal-home-vanilla-vaniline-elegancija\\\/\"]}]},{\"@type\":\"ImageObject\",\"inLanguage\":\"en-US\",\"@id\":\"https:\\\/\\\/madoskampas.lt\\\/produktas\\\/royal-home-vanilla-vaniline-elegancija\\\/#primaryimage\",\"url\":\"https:\\\/\\\/madoskampas.lt\\\/wp-content\\\/uploads\\\/2025\\\/06\\\/ChatGPT-Image-Jun-20-2025-01_22_49-PM.jpg\",\"contentUrl\":\"https:\\\/\\\/madoskampas.lt\\\/wp-content\\\/uploads\\\/2025\\\/06\\\/ChatGPT-Image-Jun-20-2025-01_22_49-PM.jpg\",\"width\":1024,\"height\":1536},{\"@type\":\"BreadcrumbList\",\"@id\":\"https:\\\/\\\/madoskampas.lt\\\/produktas\\\/royal-home-vanilla-vaniline-elegancija\\\/#breadcrumb\",\"itemListElement\":[{\"@type\":\"ListItem\",\"position\":1,\"name\":\"Home\",\"item\":\"https:\\\/\\\/madoskampas.lt\\\/\"},{\"@type\":\"ListItem\",\"position\":2,\"name\":\"Parduotuv\u0117\",\"item\":\"https:\\\/\\\/madoskampas.lt\\\/parduotuve-2\\\/\"},{\"@type\":\"ListItem\",\"position\":3,\"name\":\"Royal Home Vanilla \u2013 Vanilin\u0117 elegancija\"}]},{\"@type\":\"WebSite\",\"@id\":\"https:\\\/\\\/madoskampas.lt\\\/#website\",\"url\":\"https:\\\/\\\/madoskampas.lt\\\/\",\"name\":\"MadosKampas.lt\",\"description\":\"Stilingi drabu\u017eiai moterims\",\"potentialAction\":[{\"@type\":\"SearchAction\",\"target\":{\"@type\":\"EntryPoint\",\"urlTemplate\":\"https:\\\/\\\/madoskampas.lt\\\/?s={search_term_string}\"},\"query-input\":{\"@type\":\"PropertyValueSpecification\",\"valueRequired\":true,\"valueName\":\"search_term_string\"}}],\"inLanguage\":\"en-US\"}]}<\/script>\n<!-- \/ Yoast SEO plugin. -->","yoast_head_json":{"title":"Royal Home Vanilla - Vanilla elegance - MadosKampas.lt","robots":{"index":"index","follow":"follow","max-snippet":"max-snippet:-1","max-image-preview":"max-image-preview:large","max-video-preview":"max-video-preview:-1"},"canonical":"https:\/\/madoskampas.lt\/en\/product\/royal-home-vanilla-vaniline-elegance\/","og_locale":"en_US","og_type":"article","og_title":"Royal Home Vanilla \u2013 Vanilin\u0117 elegancija - MadosKampas.lt","og_description":"Gurmani\u0161kas, saldus ir jaukus kvapas, pripildantis namus \u0161ilumos. \u201eVanilla\u201c kvapas \u2013 tai tarsi kvapnus desertas namams. Kriau\u0161\u0117s gaiva, \u0161okolado giluma, klasikin\u0117 vanil\u0117 ir subtilios pudros natos susilieja \u012f \u0161ilt\u0105, gurmani\u0161k\u0105 aromat\u0105. Kvapas, kuris kvie\u010dia atsipalaiduoti, apkabina \u0161velnumu ir paver\u010dia kiekvien\u0105 vakar\u0105 ypatingu. Informacija:\u2022 Kvapo natos: kriau\u0161\u0117, \u0161okoladas, vanil\u0117, pudrin\u0117s natos\u2022 500 ml pur\u0161kiamas kvapas\u2022 Tobulas rudens\/\u017eiemos sezonui\u2022 Skoninga dovana jaukumo myl\u0117tojams","og_url":"https:\/\/madoskampas.lt\/en\/product\/royal-home-vanilla-vaniline-elegance\/","og_site_name":"MadosKampas.lt","article_modified_time":"2025-07-10T11:49:34+00:00","og_image":[{"width":1024,"height":1536,"url":"https:\/\/madoskampas.lt\/wp-content\/uploads\/2025\/06\/ChatGPT-Image-Jun-20-2025-01_22_49-PM.jpg","type":"image\/jpeg"}],"twitter_card":"summary_large_image","twitter_misc":{"Est. reading time":"1 minute"},"schema":{"@context":"https:\/\/schema.org","@graph":[{"@type":"WebPage","@id":"https:\/\/madoskampas.lt\/produktas\/royal-home-vanilla-vaniline-elegancija\/","url":"https:\/\/madoskampas.lt\/produktas\/royal-home-vanilla-vaniline-elegancija\/","name":"Royal Home Vanilla - Vanilla elegance - MadosKampas.lt","isPartOf":{"@id":"https:\/\/madoskampas.lt\/#website"},"primaryImageOfPage":{"@id":"https:\/\/madoskampas.lt\/produktas\/royal-home-vanilla-vaniline-elegancija\/#primaryimage"},"image":{"@id":"https:\/\/madoskampas.lt\/produktas\/royal-home-vanilla-vaniline-elegancija\/#primaryimage"},"thumbnailUrl":"https:\/\/madoskampas.lt\/wp-content\/uploads\/2025\/06\/ChatGPT-Image-Jun-20-2025-01_22_49-PM.jpg","datePublished":"2025-06-20T10:18:18+00:00","dateModified":"2025-07-10T11:49:34+00:00","breadcrumb":{"@id":"https:\/\/madoskampas.lt\/produktas\/royal-home-vanilla-vaniline-elegancija\/#breadcrumb"},"inLanguage":"en-US","potentialAction":[{"@type":"ReadAction","target":["https:\/\/madoskampas.lt\/produktas\/royal-home-vanilla-vaniline-elegancija\/"]}]},{"@type":"ImageObject","inLanguage":"en-US","@id":"https:\/\/madoskampas.lt\/produktas\/royal-home-vanilla-vaniline-elegancija\/#primaryimage","url":"https:\/\/madoskampas.lt\/wp-content\/uploads\/2025\/06\/ChatGPT-Image-Jun-20-2025-01_22_49-PM.jpg","contentUrl":"https:\/\/madoskampas.lt\/wp-content\/uploads\/2025\/06\/ChatGPT-Image-Jun-20-2025-01_22_49-PM.jpg","width":1024,"height":1536},{"@type":"BreadcrumbList","@id":"https:\/\/madoskampas.lt\/produktas\/royal-home-vanilla-vaniline-elegancija\/#breadcrumb","itemListElement":[{"@type":"ListItem","position":1,"name":"Home","item":"https:\/\/madoskampas.lt\/"},{"@type":"ListItem","position":2,"name":"Parduotuv\u0117","item":"https:\/\/madoskampas.lt\/parduotuve-2\/"},{"@type":"ListItem","position":3,"name":"Royal Home Vanilla \u2013 Vanilin\u0117 elegancija"}]},{"@type":"WebSite","@id":"https:\/\/madoskampas.lt\/#website","url":"https:\/\/madoskampas.lt\/","name":"FashionKampas.lt","description":"Stylish clothes for women","potentialAction":[{"@type":"SearchAction","target":{"@type":"EntryPoint","urlTemplate":"https:\/\/madoskampas.lt\/?s={search_term_string}"},"query-input":{"@type":"PropertyValueSpecification","valueRequired":true,"valueName":"search_term_string"}}],"inLanguage":"en-US"}]}},"uagb_featured_image_src":{"full":["https:\/\/madoskampas.lt\/wp-content\/uploads\/2025\/06\/ChatGPT-Image-Jun-20-2025-01_22_49-PM.jpg",1024,1536,false],"thumbnail":["https:\/\/madoskampas.lt\/wp-content\/uploads\/2025\/06\/ChatGPT-Image-Jun-20-2025-01_22_49-PM-150x150.jpg",150,150,true],"medium":["https:\/\/madoskampas.lt\/wp-content\/uploads\/2025\/06\/ChatGPT-Image-Jun-20-2025-01_22_49-PM-200x300.jpg",200,300,true],"medium_large":["https:\/\/madoskampas.lt\/wp-content\/uploads\/2025\/06\/ChatGPT-Image-Jun-20-2025-01_22_49-PM-768x1152.jpg",768,1152,true],"large":["https:\/\/madoskampas.lt\/wp-content\/uploads\/2025\/06\/ChatGPT-Image-Jun-20-2025-01_22_49-PM-683x1024.jpg",683,1024,true],"1536x1536":["https:\/\/madoskampas.lt\/wp-content\/uploads\/2025\/06\/ChatGPT-Image-Jun-20-2025-01_22_49-PM.jpg",1024,1536,false],"2048x2048":["https:\/\/madoskampas.lt\/wp-content\/uploads\/2025\/06\/ChatGPT-Image-Jun-20-2025-01_22_49-PM.jpg",1024,1536,false],"trp-custom-language-flag":["https:\/\/madoskampas.lt\/wp-content\/uploads\/2025\/06\/ChatGPT-Image-Jun-20-2025-01_22_49-PM.jpg",8,12,false],"nova-image-square":["https:\/\/madoskampas.lt\/wp-content\/uploads\/2025\/06\/ChatGPT-Image-Jun-20-2025-01_22_49-PM-1024x1100.jpg",1024,1100,true],"mixtas-product-03":["https:\/\/madoskampas.lt\/wp-content\/uploads\/2025\/06\/ChatGPT-Image-Jun-20-2025-01_22_49-PM-600x345.jpg",600,345,true],"woocommerce_thumbnail":["https:\/\/madoskampas.lt\/wp-content\/uploads\/2025\/06\/ChatGPT-Image-Jun-20-2025-01_22_49-PM-700x700.jpg",700,700,true],"woocommerce_single":["https:\/\/madoskampas.lt\/wp-content\/uploads\/2025\/06\/ChatGPT-Image-Jun-20-2025-01_22_49-PM-1000x1500.jpg",1000,1500,true],"woocommerce_gallery_thumbnail":["https:\/\/madoskampas.lt\/wp-content\/uploads\/2025\/06\/ChatGPT-Image-Jun-20-2025-01_22_49-PM-250x250.jpg",250,250,true],"variation_swatches_image_size":["https:\/\/madoskampas.lt\/wp-content\/uploads\/2025\/06\/ChatGPT-Image-Jun-20-2025-01_22_49-PM-50x50.jpg",50,50,true],"variation_swatches_tooltip_size":["https:\/\/madoskampas.lt\/wp-content\/uploads\/2025\/06\/ChatGPT-Image-Jun-20-2025-01_22_49-PM-100x100.jpg",100,100,true]},"uagb_author_info":{"display_name":"algirdasbart","author_link":"https:\/\/madoskampas.lt\/en\/author\/"},"uagb_comment_info":0,"uagb_excerpt":"Gurmani\u0161kas, saldus ir jaukus kvapas, pripildantis namus \u0161ilumos. \u201eVanilla\u201c kvapas \u2013 tai tarsi kvapnus desertas namams. Kriau\u0161\u0117s gaiva, \u0161okolado giluma, klasikin\u0117 vanil\u0117 ir subtilios pudros natos susilieja \u012f \u0161ilt\u0105, gurmani\u0161k\u0105 aromat\u0105. Kvapas, kuris kvie\u010dia atsipalaiduoti, apkabina \u0161velnumu ir paver\u010dia kiekvien\u0105 vakar\u0105 ypatingu. Informacija:\u2022 Kvapo natos: kriau\u0161\u0117, \u0161okoladas, vanil\u0117, pudrin\u0117s natos\u2022 500 ml pur\u0161kiamas kvapas\u2022 Tobulas&hellip;","jetpack_sharing_enabled":true,"_links":{"self":[{"href":"https:\/\/madoskampas.lt\/en\/wp-json\/wp\/v2\/product\/17043","targetHints":{"allow":["GET"]}}],"collection":[{"href":"https:\/\/madoskampas.lt\/en\/wp-json\/wp\/v2\/product"}],"about":[{"href":"https:\/\/madoskampas.lt\/en\/wp-json\/wp\/v2\/types\/product"}],"replies":[{"embeddable":true,"href":"https:\/\/madoskampas.lt\/en\/wp-json\/wp\/v2\/comments?post=17043"}],"wp:featuredmedia":[{"embeddable":true,"href":"https:\/\/madoskampas.lt\/en\/wp-json\/wp\/v2\/media\/17044"}],"wp:attachment":[{"href":"https:\/\/madoskampas.lt\/en\/wp-json\/wp\/v2\/media?parent=17043"}],"wp:term":[{"taxonomy":"product_brand","embeddable":true,"href":"https:\/\/madoskampas.lt\/en\/wp-json\/wp\/v2\/product_brand?post=17043"},{"taxonomy":"product_cat","embeddable":true,"href":"https:\/\/madoskampas.lt\/en\/wp-json\/wp\/v2\/product_cat?post=17043"},{"taxonomy":"product_tag","embeddable":true,"href":"https:\/\/madoskampas.lt\/en\/wp-json\/wp\/v2\/product_tag?post=17043"}],"curies":[{"name":"wp","href":"https:\/\/api.w.org\/{rel}","templated":true}]}}