{"id":17132,"date":"2025-06-22T14:26:38","date_gmt":"2025-06-22T14:26:38","guid":{"rendered":"https:\/\/madoskampas.lt\/?post_type=product&#038;p=17132"},"modified":"2025-06-22T14:26:38","modified_gmt":"2025-06-22T14:26:38","slug":"sijonas-sortai-vasarinis-sokis","status":"publish","type":"product","link":"https:\/\/madoskampas.lt\/en\/product\/sijonas-sortai-vasarinis-sokis\/","title":{"rendered":"Skirt-shorts \u201eSummer dance\u201d"},"content":{"rendered":"<p>\u0160ie subtil\u016bs <strong data-start=\"265\" data-end=\"283\">sijonai-\u0161ortai<\/strong> yra tobula vasaros kombinacija \u2013 atrodo kaip dailus sijonas, bet viduje slepia patogius \u0161ortukus. Jokio r\u016bpes\u010dio, tik laisv\u0117 jud\u0117ti ir atrodyti \u017eavingai.<\/p>","protected":false},"excerpt":{"rendered":"<p data-start=\"212\" data-end=\"250\">Lengvumas, kuris juda kartu su tavimi.<\/p>\n<p data-start=\"252\" data-end=\"437\">\u0160ie subtil\u016bs <strong data-start=\"265\" data-end=\"283\">sijonai-\u0161ortai<\/strong> yra tobula vasaros kombinacija \u2013 atrodo kaip dailus sijonas, bet viduje slepia patogius \u0161ortukus. Jokio r\u016bpes\u010dio, tik laisv\u0117 jud\u0117ti ir atrodyti \u017eavingai.<\/p>\n<p data-start=\"439\" data-end=\"615\">\u2728 <strong data-start=\"441\" data-end=\"482\">Laisvas, \u0161velniai krintantis siluetas<\/strong><br data-start=\"482\" data-end=\"485\" \/>\u2728 <strong data-start=\"487\" data-end=\"534\">Nepa\u017ei\u016br\u0117si \u2013 nesuprasi, kad tai ne sijonas<\/strong><br data-start=\"534\" data-end=\"537\" \/>\u2728 <strong data-start=\"539\" data-end=\"567\">Tinka nuo S iki L dyd\u017eio<\/strong><br data-start=\"567\" data-end=\"570\" \/>\u2728 <strong data-start=\"572\" data-end=\"615\">Spalvos: \u0161velni kremin\u0117, balta ir \u017eydra<\/strong><\/p>\n<p data-start=\"617\" data-end=\"741\">Puikiai dera su mar\u0161kin\u0117liais, megztinukais ar vasarin\u0117mis palaidin\u0117mis \u2013 tiek \u012f miest\u0105, tiek \u012f paj\u016br\u012f ar romanti\u0161k\u0105 vakar\u0105.<\/p>","protected":false},"featured_media":17142,"comment_status":"open","ping_status":"closed","template":"","meta":{"_uag_custom_page_level_css":"","_monsterinsights_skip_tracking":false,"_monsterinsights_sitenote_active":false,"_monsterinsights_sitenote_note":"","_monsterinsights_sitenote_category":0},"product_brand":[],"product_cat":[66,95,75],"product_tag":[],"class_list":{"0":"post-17132","1":"product","2":"type-product","3":"status-publish","4":"has-post-thumbnail","6":"product_cat-drabuziai","7":"product_cat-naujausi","8":"product_cat-sijonai","9":"tm-has-options","11":"first","12":"instock","13":"shipping-taxable","14":"purchasable","15":"product-type-variable"},"yoast_head":"<!-- This site is optimized with the Yoast SEO plugin v27.4 - https:\/\/yoast.com\/product\/yoast-seo-wordpress\/ -->\n<title>Sijonas-\u0161ortai &quot;Vasarinis \u0161okis&quot; - MadosKampas.lt<\/title>\n<meta name=\"robots\" content=\"index, follow, max-snippet:-1, max-image-preview:large, max-video-preview:-1\" \/>\n<link rel=\"canonical\" href=\"https:\/\/madoskampas.lt\/en\/product\/sijonas-sortai-vasarinis-sokis\/\" \/>\n<meta property=\"og:locale\" content=\"en_US\" \/>\n<meta property=\"og:type\" content=\"article\" \/>\n<meta property=\"og:title\" content=\"Sijonas-\u0161ortai &quot;Vasarinis \u0161okis&quot; - MadosKampas.lt\" \/>\n<meta property=\"og:description\" content=\"Lengvumas, kuris juda kartu su tavimi. \u0160ie subtil\u016bs sijonai-\u0161ortai yra tobula vasaros kombinacija \u2013 atrodo kaip dailus sijonas, bet viduje slepia patogius \u0161ortukus. Jokio r\u016bpes\u010dio, tik laisv\u0117 jud\u0117ti ir atrodyti \u017eavingai. \u2728 Laisvas, \u0161velniai krintantis siluetas\u2728 Nepa\u017ei\u016br\u0117si \u2013 nesuprasi, kad tai ne sijonas\u2728 Tinka nuo S iki L dyd\u017eio\u2728 Spalvos: \u0161velni kremin\u0117, balta ir \u017eydra Puikiai dera su mar\u0161kin\u0117liais, megztinukais ar vasarin\u0117mis palaidin\u0117mis \u2013 tiek \u012f miest\u0105, tiek \u012f paj\u016br\u012f ar romanti\u0161k\u0105 vakar\u0105.\" \/>\n<meta property=\"og:url\" content=\"https:\/\/madoskampas.lt\/en\/product\/sijonas-sortai-vasarinis-sokis\/\" \/>\n<meta property=\"og:site_name\" content=\"MadosKampas.lt\" \/>\n<meta property=\"og:image\" content=\"https:\/\/madoskampas.lt\/wp-content\/uploads\/2025\/06\/IMG_8278.jpeg\" \/>\n\t<meta property=\"og:image:width\" content=\"1536\" \/>\n\t<meta property=\"og:image:height\" content=\"2048\" \/>\n\t<meta property=\"og:image:type\" content=\"image\/jpeg\" \/>\n<meta name=\"twitter:card\" content=\"summary_large_image\" \/>\n<meta name=\"twitter:label1\" content=\"Est. reading time\" \/>\n\t<meta name=\"twitter:data1\" content=\"1 minute\" \/>\n<script type=\"application\/ld+json\" class=\"yoast-schema-graph\">{\"@context\":\"https:\\\/\\\/schema.org\",\"@graph\":[{\"@type\":\"WebPage\",\"@id\":\"https:\\\/\\\/madoskampas.lt\\\/produktas\\\/sijonas-sortai-vasarinis-sokis\\\/\",\"url\":\"https:\\\/\\\/madoskampas.lt\\\/produktas\\\/sijonas-sortai-vasarinis-sokis\\\/\",\"name\":\"Sijonas-\u0161ortai \\\"Vasarinis \u0161okis\\\" - MadosKampas.lt\",\"isPartOf\":{\"@id\":\"https:\\\/\\\/madoskampas.lt\\\/#website\"},\"primaryImageOfPage\":{\"@id\":\"https:\\\/\\\/madoskampas.lt\\\/produktas\\\/sijonas-sortai-vasarinis-sokis\\\/#primaryimage\"},\"image\":{\"@id\":\"https:\\\/\\\/madoskampas.lt\\\/produktas\\\/sijonas-sortai-vasarinis-sokis\\\/#primaryimage\"},\"thumbnailUrl\":\"https:\\\/\\\/madoskampas.lt\\\/wp-content\\\/uploads\\\/2025\\\/06\\\/IMG_8278.jpeg\",\"datePublished\":\"2025-06-22T14:26:38+00:00\",\"breadcrumb\":{\"@id\":\"https:\\\/\\\/madoskampas.lt\\\/produktas\\\/sijonas-sortai-vasarinis-sokis\\\/#breadcrumb\"},\"inLanguage\":\"en-US\",\"potentialAction\":[{\"@type\":\"ReadAction\",\"target\":[\"https:\\\/\\\/madoskampas.lt\\\/produktas\\\/sijonas-sortai-vasarinis-sokis\\\/\"]}]},{\"@type\":\"ImageObject\",\"inLanguage\":\"en-US\",\"@id\":\"https:\\\/\\\/madoskampas.lt\\\/produktas\\\/sijonas-sortai-vasarinis-sokis\\\/#primaryimage\",\"url\":\"https:\\\/\\\/madoskampas.lt\\\/wp-content\\\/uploads\\\/2025\\\/06\\\/IMG_8278.jpeg\",\"contentUrl\":\"https:\\\/\\\/madoskampas.lt\\\/wp-content\\\/uploads\\\/2025\\\/06\\\/IMG_8278.jpeg\",\"width\":1536,\"height\":2048},{\"@type\":\"BreadcrumbList\",\"@id\":\"https:\\\/\\\/madoskampas.lt\\\/produktas\\\/sijonas-sortai-vasarinis-sokis\\\/#breadcrumb\",\"itemListElement\":[{\"@type\":\"ListItem\",\"position\":1,\"name\":\"Home\",\"item\":\"https:\\\/\\\/madoskampas.lt\\\/\"},{\"@type\":\"ListItem\",\"position\":2,\"name\":\"Parduotuv\u0117\",\"item\":\"https:\\\/\\\/madoskampas.lt\\\/parduotuve-2\\\/\"},{\"@type\":\"ListItem\",\"position\":3,\"name\":\"Sijonas-\u0161ortai &#8222;Vasarinis \u0161okis&#8221;\"}]},{\"@type\":\"WebSite\",\"@id\":\"https:\\\/\\\/madoskampas.lt\\\/#website\",\"url\":\"https:\\\/\\\/madoskampas.lt\\\/\",\"name\":\"MadosKampas.lt\",\"description\":\"Stilingi drabu\u017eiai moterims\",\"potentialAction\":[{\"@type\":\"SearchAction\",\"target\":{\"@type\":\"EntryPoint\",\"urlTemplate\":\"https:\\\/\\\/madoskampas.lt\\\/?s={search_term_string}\"},\"query-input\":{\"@type\":\"PropertyValueSpecification\",\"valueRequired\":true,\"valueName\":\"search_term_string\"}}],\"inLanguage\":\"en-US\"}]}<\/script>\n<!-- \/ Yoast SEO plugin. -->","yoast_head_json":{"title":"Sijonas-\u0161ortai \"Vasarinis \u0161okis\" - MadosKampas.lt","robots":{"index":"index","follow":"follow","max-snippet":"max-snippet:-1","max-image-preview":"max-image-preview:large","max-video-preview":"max-video-preview:-1"},"canonical":"https:\/\/madoskampas.lt\/en\/product\/sijonas-sortai-vasarinis-sokis\/","og_locale":"en_US","og_type":"article","og_title":"Sijonas-\u0161ortai \"Vasarinis \u0161okis\" - MadosKampas.lt","og_description":"Lengvumas, kuris juda kartu su tavimi. \u0160ie subtil\u016bs sijonai-\u0161ortai yra tobula vasaros kombinacija \u2013 atrodo kaip dailus sijonas, bet viduje slepia patogius \u0161ortukus. Jokio r\u016bpes\u010dio, tik laisv\u0117 jud\u0117ti ir atrodyti \u017eavingai. \u2728 Laisvas, \u0161velniai krintantis siluetas\u2728 Nepa\u017ei\u016br\u0117si \u2013 nesuprasi, kad tai ne sijonas\u2728 Tinka nuo S iki L dyd\u017eio\u2728 Spalvos: \u0161velni kremin\u0117, balta ir \u017eydra Puikiai dera su mar\u0161kin\u0117liais, megztinukais ar vasarin\u0117mis palaidin\u0117mis \u2013 tiek \u012f miest\u0105, tiek \u012f paj\u016br\u012f ar romanti\u0161k\u0105 vakar\u0105.","og_url":"https:\/\/madoskampas.lt\/en\/product\/sijonas-sortai-vasarinis-sokis\/","og_site_name":"MadosKampas.lt","og_image":[{"width":1536,"height":2048,"url":"https:\/\/madoskampas.lt\/wp-content\/uploads\/2025\/06\/IMG_8278.jpeg","type":"image\/jpeg"}],"twitter_card":"summary_large_image","twitter_misc":{"Est. reading time":"1 minute"},"schema":{"@context":"https:\/\/schema.org","@graph":[{"@type":"WebPage","@id":"https:\/\/madoskampas.lt\/produktas\/sijonas-sortai-vasarinis-sokis\/","url":"https:\/\/madoskampas.lt\/produktas\/sijonas-sortai-vasarinis-sokis\/","name":"Sijonas-\u0161ortai \"Vasarinis \u0161okis\" - MadosKampas.lt","isPartOf":{"@id":"https:\/\/madoskampas.lt\/#website"},"primaryImageOfPage":{"@id":"https:\/\/madoskampas.lt\/produktas\/sijonas-sortai-vasarinis-sokis\/#primaryimage"},"image":{"@id":"https:\/\/madoskampas.lt\/produktas\/sijonas-sortai-vasarinis-sokis\/#primaryimage"},"thumbnailUrl":"https:\/\/madoskampas.lt\/wp-content\/uploads\/2025\/06\/IMG_8278.jpeg","datePublished":"2025-06-22T14:26:38+00:00","breadcrumb":{"@id":"https:\/\/madoskampas.lt\/produktas\/sijonas-sortai-vasarinis-sokis\/#breadcrumb"},"inLanguage":"en-US","potentialAction":[{"@type":"ReadAction","target":["https:\/\/madoskampas.lt\/produktas\/sijonas-sortai-vasarinis-sokis\/"]}]},{"@type":"ImageObject","inLanguage":"en-US","@id":"https:\/\/madoskampas.lt\/produktas\/sijonas-sortai-vasarinis-sokis\/#primaryimage","url":"https:\/\/madoskampas.lt\/wp-content\/uploads\/2025\/06\/IMG_8278.jpeg","contentUrl":"https:\/\/madoskampas.lt\/wp-content\/uploads\/2025\/06\/IMG_8278.jpeg","width":1536,"height":2048},{"@type":"BreadcrumbList","@id":"https:\/\/madoskampas.lt\/produktas\/sijonas-sortai-vasarinis-sokis\/#breadcrumb","itemListElement":[{"@type":"ListItem","position":1,"name":"Home","item":"https:\/\/madoskampas.lt\/"},{"@type":"ListItem","position":2,"name":"Parduotuv\u0117","item":"https:\/\/madoskampas.lt\/parduotuve-2\/"},{"@type":"ListItem","position":3,"name":"Sijonas-\u0161ortai &#8222;Vasarinis \u0161okis&#8221;"}]},{"@type":"WebSite","@id":"https:\/\/madoskampas.lt\/#website","url":"https:\/\/madoskampas.lt\/","name":"FashionKampas.lt","description":"Stylish clothes for women","potentialAction":[{"@type":"SearchAction","target":{"@type":"EntryPoint","urlTemplate":"https:\/\/madoskampas.lt\/?s={search_term_string}"},"query-input":{"@type":"PropertyValueSpecification","valueRequired":true,"valueName":"search_term_string"}}],"inLanguage":"en-US"}]}},"uagb_featured_image_src":{"full":["https:\/\/madoskampas.lt\/wp-content\/uploads\/2025\/06\/IMG_8278.jpeg",1536,2048,false],"thumbnail":["https:\/\/madoskampas.lt\/wp-content\/uploads\/2025\/06\/IMG_8278-150x150.jpeg",150,150,true],"medium":["https:\/\/madoskampas.lt\/wp-content\/uploads\/2025\/06\/IMG_8278-225x300.jpeg",225,300,true],"medium_large":["https:\/\/madoskampas.lt\/wp-content\/uploads\/2025\/06\/IMG_8278-768x1024.jpeg",768,1024,true],"large":["https:\/\/madoskampas.lt\/wp-content\/uploads\/2025\/06\/IMG_8278-768x1024.jpeg",768,1024,true],"1536x1536":["https:\/\/madoskampas.lt\/wp-content\/uploads\/2025\/06\/IMG_8278-1152x1536.jpeg",1152,1536,true],"2048x2048":["https:\/\/madoskampas.lt\/wp-content\/uploads\/2025\/06\/IMG_8278.jpeg",1536,2048,false],"trp-custom-language-flag":["https:\/\/madoskampas.lt\/wp-content\/uploads\/2025\/06\/IMG_8278.jpeg",9,12,false],"nova-image-square":["https:\/\/madoskampas.lt\/wp-content\/uploads\/2025\/06\/IMG_8278-1100x1100.jpeg",1100,1100,true],"mixtas-product-03":["https:\/\/madoskampas.lt\/wp-content\/uploads\/2025\/06\/IMG_8278-600x345.jpeg",600,345,true],"woocommerce_thumbnail":["https:\/\/madoskampas.lt\/wp-content\/uploads\/2025\/06\/IMG_8278-700x700.jpeg",700,700,true],"woocommerce_single":["https:\/\/madoskampas.lt\/wp-content\/uploads\/2025\/06\/IMG_8278-1000x1333.jpeg",1000,1333,true],"woocommerce_gallery_thumbnail":["https:\/\/madoskampas.lt\/wp-content\/uploads\/2025\/06\/IMG_8278-250x250.jpeg",250,250,true],"variation_swatches_image_size":["https:\/\/madoskampas.lt\/wp-content\/uploads\/2025\/06\/IMG_8278-50x50.jpeg",50,50,true],"variation_swatches_tooltip_size":["https:\/\/madoskampas.lt\/wp-content\/uploads\/2025\/06\/IMG_8278-100x100.jpeg",100,100,true]},"uagb_author_info":{"display_name":"algirdasbart","author_link":"https:\/\/madoskampas.lt\/en\/author\/"},"uagb_comment_info":0,"uagb_excerpt":"Lengvumas, kuris juda kartu su tavimi. \u0160ie subtil\u016bs sijonai-\u0161ortai yra tobula vasaros kombinacija \u2013 atrodo kaip dailus sijonas, bet viduje slepia patogius \u0161ortukus. Jokio r\u016bpes\u010dio, tik laisv\u0117 jud\u0117ti ir atrodyti \u017eavingai. \u2728 Laisvas, \u0161velniai krintantis siluetas\u2728 Nepa\u017ei\u016br\u0117si \u2013 nesuprasi, kad tai ne sijonas\u2728 Tinka nuo S iki L dyd\u017eio\u2728 Spalvos: \u0161velni kremin\u0117, balta ir \u017eydra&hellip;","jetpack_sharing_enabled":true,"_links":{"self":[{"href":"https:\/\/madoskampas.lt\/en\/wp-json\/wp\/v2\/product\/17132","targetHints":{"allow":["GET"]}}],"collection":[{"href":"https:\/\/madoskampas.lt\/en\/wp-json\/wp\/v2\/product"}],"about":[{"href":"https:\/\/madoskampas.lt\/en\/wp-json\/wp\/v2\/types\/product"}],"replies":[{"embeddable":true,"href":"https:\/\/madoskampas.lt\/en\/wp-json\/wp\/v2\/comments?post=17132"}],"wp:featuredmedia":[{"embeddable":true,"href":"https:\/\/madoskampas.lt\/en\/wp-json\/wp\/v2\/media\/17142"}],"wp:attachment":[{"href":"https:\/\/madoskampas.lt\/en\/wp-json\/wp\/v2\/media?parent=17132"}],"wp:term":[{"taxonomy":"product_brand","embeddable":true,"href":"https:\/\/madoskampas.lt\/en\/wp-json\/wp\/v2\/product_brand?post=17132"},{"taxonomy":"product_cat","embeddable":true,"href":"https:\/\/madoskampas.lt\/en\/wp-json\/wp\/v2\/product_cat?post=17132"},{"taxonomy":"product_tag","embeddable":true,"href":"https:\/\/madoskampas.lt\/en\/wp-json\/wp\/v2\/product_tag?post=17132"}],"curies":[{"name":"wp","href":"https:\/\/api.w.org\/{rel}","templated":true}]}}