{"id":17378,"date":"2025-06-27T16:04:13","date_gmt":"2025-06-27T16:04:13","guid":{"rendered":"https:\/\/madoskampas.lt\/?post_type=product&#038;p=17378"},"modified":"2026-03-28T09:50:48","modified_gmt":"2026-03-28T09:50:48","slug":"kombinzonas-luna-move","status":"publish","type":"product","link":"https:\/\/madoskampas.lt\/en\/product\/kombinzonas-luna-move\/","title":{"rendered":"Luna Move jumpsuit\u201e"},"content":{"rendered":"<p>Luna Move\u201c kombinezonas \u2013 tai miesto elegancija ir patogumas viename: laisvai krintanti med\u017eiaga, pary\u0161kinantis liemens rai\u0161telis ir pasl\u0117ptas moteri\u0161kumas.<\/p>","protected":false},"excerpt":{"rendered":"<p data-start=\"151\" data-end=\"511\">Lengvas, bet u\u017etikrintas tavo \u017eingsnis \u2013 visur, kur veda diena.<br data-start=\"214\" data-end=\"217\" \/>\u201eLuna Move\u201c kombinezonas \u2013 tai miesto elegancija ir patogumas viename: laisvai krintanti med\u017eiaga, pary\u0161kinantis liemens rai\u0161telis ir pasl\u0117ptas moteri\u0161kumas. Tinka darbui, laisvalaikiui ar net vakarui \u2013 kai nori atrodyti stilingai be jokio vargo.<br data-start=\"463\" data-end=\"466\" \/>Spinduliuok pasitik\u0117jim\u0105 \u2013 kiekvienu judesiu.<\/p>\n<p data-start=\"513\" data-end=\"601\"><strong data-start=\"513\" data-end=\"535\">Tinka nuo S iki L<\/strong><\/p>","protected":false},"featured_media":17358,"comment_status":"open","ping_status":"closed","template":"","meta":{"_uag_custom_page_level_css":"","_monsterinsights_skip_tracking":false,"_monsterinsights_sitenote_active":false,"_monsterinsights_sitenote_note":"","_monsterinsights_sitenote_category":0},"product_brand":[],"product_cat":[66,70,95,78],"product_tag":[],"class_list":{"0":"post-17378","1":"product","2":"type-product","3":"status-publish","4":"has-post-thumbnail","6":"product_cat-drabuziai","7":"product_cat-kostiumeliai","8":"product_cat-naujausi","9":"product_cat-sukneles","10":"tm-has-options","12":"first","13":"instock","14":"sale","15":"shipping-taxable","16":"purchasable","17":"product-type-variable"},"yoast_head":"<!-- This site is optimized with the Yoast SEO plugin v27.3 - https:\/\/yoast.com\/product\/yoast-seo-wordpress\/ -->\n<title>Kombinzonas \u201eLuna Move\u201c - MadosKampas.lt<\/title>\n<meta name=\"robots\" content=\"index, follow, max-snippet:-1, max-image-preview:large, max-video-preview:-1\" \/>\n<link rel=\"canonical\" href=\"https:\/\/madoskampas.lt\/en\/product\/kombinzonas-luna-move\/\" \/>\n<meta property=\"og:locale\" content=\"en_US\" \/>\n<meta property=\"og:type\" content=\"article\" \/>\n<meta property=\"og:title\" content=\"Kombinzonas \u201eLuna Move\u201c - MadosKampas.lt\" \/>\n<meta property=\"og:description\" content=\"Lengvas, bet u\u017etikrintas tavo \u017eingsnis \u2013 visur, kur veda diena.\u201eLuna Move\u201c kombinezonas \u2013 tai miesto elegancija ir patogumas viename: laisvai krintanti med\u017eiaga, pary\u0161kinantis liemens rai\u0161telis ir pasl\u0117ptas moteri\u0161kumas. Tinka darbui, laisvalaikiui ar net vakarui \u2013 kai nori atrodyti stilingai be jokio vargo.Spinduliuok pasitik\u0117jim\u0105 \u2013 kiekvienu judesiu. Tinka nuo S iki L\" \/>\n<meta property=\"og:url\" content=\"https:\/\/madoskampas.lt\/en\/product\/kombinzonas-luna-move\/\" \/>\n<meta property=\"og:site_name\" content=\"MadosKampas.lt\" \/>\n<meta property=\"article:modified_time\" content=\"2026-03-28T09:50:48+00:00\" \/>\n<meta property=\"og:image\" content=\"https:\/\/madoskampas.lt\/wp-content\/uploads\/2025\/06\/IMG_8567.jpeg\" \/>\n\t<meta property=\"og:image:width\" content=\"1536\" \/>\n\t<meta property=\"og:image:height\" content=\"2048\" \/>\n\t<meta property=\"og:image:type\" content=\"image\/jpeg\" \/>\n<meta name=\"twitter:card\" content=\"summary_large_image\" \/>\n<meta name=\"twitter:label1\" content=\"Est. reading time\" \/>\n\t<meta name=\"twitter:data1\" content=\"1 minute\" \/>\n<script type=\"application\/ld+json\" class=\"yoast-schema-graph\">{\"@context\":\"https:\\\/\\\/schema.org\",\"@graph\":[{\"@type\":\"WebPage\",\"@id\":\"https:\\\/\\\/madoskampas.lt\\\/produktas\\\/kombinzonas-luna-move\\\/\",\"url\":\"https:\\\/\\\/madoskampas.lt\\\/produktas\\\/kombinzonas-luna-move\\\/\",\"name\":\"Kombinzonas \u201eLuna Move\u201c - MadosKampas.lt\",\"isPartOf\":{\"@id\":\"https:\\\/\\\/madoskampas.lt\\\/#website\"},\"primaryImageOfPage\":{\"@id\":\"https:\\\/\\\/madoskampas.lt\\\/produktas\\\/kombinzonas-luna-move\\\/#primaryimage\"},\"image\":{\"@id\":\"https:\\\/\\\/madoskampas.lt\\\/produktas\\\/kombinzonas-luna-move\\\/#primaryimage\"},\"thumbnailUrl\":\"https:\\\/\\\/madoskampas.lt\\\/wp-content\\\/uploads\\\/2025\\\/06\\\/IMG_8567.jpeg\",\"datePublished\":\"2025-06-27T16:04:13+00:00\",\"dateModified\":\"2026-03-28T09:50:48+00:00\",\"breadcrumb\":{\"@id\":\"https:\\\/\\\/madoskampas.lt\\\/produktas\\\/kombinzonas-luna-move\\\/#breadcrumb\"},\"inLanguage\":\"en-US\",\"potentialAction\":[{\"@type\":\"ReadAction\",\"target\":[\"https:\\\/\\\/madoskampas.lt\\\/produktas\\\/kombinzonas-luna-move\\\/\"]}]},{\"@type\":\"ImageObject\",\"inLanguage\":\"en-US\",\"@id\":\"https:\\\/\\\/madoskampas.lt\\\/produktas\\\/kombinzonas-luna-move\\\/#primaryimage\",\"url\":\"https:\\\/\\\/madoskampas.lt\\\/wp-content\\\/uploads\\\/2025\\\/06\\\/IMG_8567.jpeg\",\"contentUrl\":\"https:\\\/\\\/madoskampas.lt\\\/wp-content\\\/uploads\\\/2025\\\/06\\\/IMG_8567.jpeg\",\"width\":1536,\"height\":2048},{\"@type\":\"BreadcrumbList\",\"@id\":\"https:\\\/\\\/madoskampas.lt\\\/produktas\\\/kombinzonas-luna-move\\\/#breadcrumb\",\"itemListElement\":[{\"@type\":\"ListItem\",\"position\":1,\"name\":\"Home\",\"item\":\"https:\\\/\\\/madoskampas.lt\\\/\"},{\"@type\":\"ListItem\",\"position\":2,\"name\":\"Parduotuv\u0117\",\"item\":\"https:\\\/\\\/madoskampas.lt\\\/parduotuve-2\\\/\"},{\"@type\":\"ListItem\",\"position\":3,\"name\":\"Kombinzonas \u201eLuna Move\u201c\"}]},{\"@type\":\"WebSite\",\"@id\":\"https:\\\/\\\/madoskampas.lt\\\/#website\",\"url\":\"https:\\\/\\\/madoskampas.lt\\\/\",\"name\":\"MadosKampas.lt\",\"description\":\"Stilingi drabu\u017eiai moterims\",\"potentialAction\":[{\"@type\":\"SearchAction\",\"target\":{\"@type\":\"EntryPoint\",\"urlTemplate\":\"https:\\\/\\\/madoskampas.lt\\\/?s={search_term_string}\"},\"query-input\":{\"@type\":\"PropertyValueSpecification\",\"valueRequired\":true,\"valueName\":\"search_term_string\"}}],\"inLanguage\":\"en-US\"}]}<\/script>\n<!-- \/ Yoast SEO plugin. -->","yoast_head_json":{"title":"Kombinzonas \u201eLuna Move\u201c - MadosKampas.lt","robots":{"index":"index","follow":"follow","max-snippet":"max-snippet:-1","max-image-preview":"max-image-preview:large","max-video-preview":"max-video-preview:-1"},"canonical":"https:\/\/madoskampas.lt\/en\/product\/kombinzonas-luna-move\/","og_locale":"en_US","og_type":"article","og_title":"Kombinzonas \u201eLuna Move\u201c - MadosKampas.lt","og_description":"Lengvas, bet u\u017etikrintas tavo \u017eingsnis \u2013 visur, kur veda diena.\u201eLuna Move\u201c kombinezonas \u2013 tai miesto elegancija ir patogumas viename: laisvai krintanti med\u017eiaga, pary\u0161kinantis liemens rai\u0161telis ir pasl\u0117ptas moteri\u0161kumas. Tinka darbui, laisvalaikiui ar net vakarui \u2013 kai nori atrodyti stilingai be jokio vargo.Spinduliuok pasitik\u0117jim\u0105 \u2013 kiekvienu judesiu. Tinka nuo S iki L","og_url":"https:\/\/madoskampas.lt\/en\/product\/kombinzonas-luna-move\/","og_site_name":"MadosKampas.lt","article_modified_time":"2026-03-28T09:50:48+00:00","og_image":[{"width":1536,"height":2048,"url":"https:\/\/madoskampas.lt\/wp-content\/uploads\/2025\/06\/IMG_8567.jpeg","type":"image\/jpeg"}],"twitter_card":"summary_large_image","twitter_misc":{"Est. reading time":"1 minute"},"schema":{"@context":"https:\/\/schema.org","@graph":[{"@type":"WebPage","@id":"https:\/\/madoskampas.lt\/produktas\/kombinzonas-luna-move\/","url":"https:\/\/madoskampas.lt\/produktas\/kombinzonas-luna-move\/","name":"Kombinzonas \u201eLuna Move\u201c - MadosKampas.lt","isPartOf":{"@id":"https:\/\/madoskampas.lt\/#website"},"primaryImageOfPage":{"@id":"https:\/\/madoskampas.lt\/produktas\/kombinzonas-luna-move\/#primaryimage"},"image":{"@id":"https:\/\/madoskampas.lt\/produktas\/kombinzonas-luna-move\/#primaryimage"},"thumbnailUrl":"https:\/\/madoskampas.lt\/wp-content\/uploads\/2025\/06\/IMG_8567.jpeg","datePublished":"2025-06-27T16:04:13+00:00","dateModified":"2026-03-28T09:50:48+00:00","breadcrumb":{"@id":"https:\/\/madoskampas.lt\/produktas\/kombinzonas-luna-move\/#breadcrumb"},"inLanguage":"en-US","potentialAction":[{"@type":"ReadAction","target":["https:\/\/madoskampas.lt\/produktas\/kombinzonas-luna-move\/"]}]},{"@type":"ImageObject","inLanguage":"en-US","@id":"https:\/\/madoskampas.lt\/produktas\/kombinzonas-luna-move\/#primaryimage","url":"https:\/\/madoskampas.lt\/wp-content\/uploads\/2025\/06\/IMG_8567.jpeg","contentUrl":"https:\/\/madoskampas.lt\/wp-content\/uploads\/2025\/06\/IMG_8567.jpeg","width":1536,"height":2048},{"@type":"BreadcrumbList","@id":"https:\/\/madoskampas.lt\/produktas\/kombinzonas-luna-move\/#breadcrumb","itemListElement":[{"@type":"ListItem","position":1,"name":"Home","item":"https:\/\/madoskampas.lt\/"},{"@type":"ListItem","position":2,"name":"Parduotuv\u0117","item":"https:\/\/madoskampas.lt\/parduotuve-2\/"},{"@type":"ListItem","position":3,"name":"Kombinzonas \u201eLuna Move\u201c"}]},{"@type":"WebSite","@id":"https:\/\/madoskampas.lt\/#website","url":"https:\/\/madoskampas.lt\/","name":"FashionKampas.lt","description":"Stylish clothes for women","potentialAction":[{"@type":"SearchAction","target":{"@type":"EntryPoint","urlTemplate":"https:\/\/madoskampas.lt\/?s={search_term_string}"},"query-input":{"@type":"PropertyValueSpecification","valueRequired":true,"valueName":"search_term_string"}}],"inLanguage":"en-US"}]}},"uagb_featured_image_src":{"full":["https:\/\/madoskampas.lt\/wp-content\/uploads\/2025\/06\/IMG_8567.jpeg",1536,2048,false],"thumbnail":["https:\/\/madoskampas.lt\/wp-content\/uploads\/2025\/06\/IMG_8567-150x150.jpeg",150,150,true],"medium":["https:\/\/madoskampas.lt\/wp-content\/uploads\/2025\/06\/IMG_8567-225x300.jpeg",225,300,true],"medium_large":["https:\/\/madoskampas.lt\/wp-content\/uploads\/2025\/06\/IMG_8567-768x1024.jpeg",768,1024,true],"large":["https:\/\/madoskampas.lt\/wp-content\/uploads\/2025\/06\/IMG_8567-768x1024.jpeg",768,1024,true],"1536x1536":["https:\/\/madoskampas.lt\/wp-content\/uploads\/2025\/06\/IMG_8567-1152x1536.jpeg",1152,1536,true],"2048x2048":["https:\/\/madoskampas.lt\/wp-content\/uploads\/2025\/06\/IMG_8567.jpeg",1536,2048,false],"trp-custom-language-flag":["https:\/\/madoskampas.lt\/wp-content\/uploads\/2025\/06\/IMG_8567.jpeg",9,12,false],"nova-image-square":["https:\/\/madoskampas.lt\/wp-content\/uploads\/2025\/06\/IMG_8567-1100x1100.jpeg",1100,1100,true],"mixtas-product-03":["https:\/\/madoskampas.lt\/wp-content\/uploads\/2025\/06\/IMG_8567-600x345.jpeg",600,345,true],"woocommerce_thumbnail":["https:\/\/madoskampas.lt\/wp-content\/uploads\/2025\/06\/IMG_8567-700x700.jpeg",700,700,true],"woocommerce_single":["https:\/\/madoskampas.lt\/wp-content\/uploads\/2025\/06\/IMG_8567-1000x1333.jpeg",1000,1333,true],"woocommerce_gallery_thumbnail":["https:\/\/madoskampas.lt\/wp-content\/uploads\/2025\/06\/IMG_8567-250x250.jpeg",250,250,true],"variation_swatches_image_size":["https:\/\/madoskampas.lt\/wp-content\/uploads\/2025\/06\/IMG_8567-50x50.jpeg",50,50,true],"variation_swatches_tooltip_size":["https:\/\/madoskampas.lt\/wp-content\/uploads\/2025\/06\/IMG_8567-100x100.jpeg",100,100,true]},"uagb_author_info":{"display_name":"algirdasbart","author_link":"https:\/\/madoskampas.lt\/en\/author\/"},"uagb_comment_info":0,"uagb_excerpt":"Lengvas, bet u\u017etikrintas tavo \u017eingsnis \u2013 visur, kur veda diena.\u201eLuna Move\u201c kombinezonas \u2013 tai miesto elegancija ir patogumas viename: laisvai krintanti med\u017eiaga, pary\u0161kinantis liemens rai\u0161telis ir pasl\u0117ptas moteri\u0161kumas. Tinka darbui, laisvalaikiui ar net vakarui \u2013 kai nori atrodyti stilingai be jokio vargo.Spinduliuok pasitik\u0117jim\u0105 \u2013 kiekvienu judesiu. Tinka nuo S iki L","jetpack_sharing_enabled":true,"_links":{"self":[{"href":"https:\/\/madoskampas.lt\/en\/wp-json\/wp\/v2\/product\/17378","targetHints":{"allow":["GET"]}}],"collection":[{"href":"https:\/\/madoskampas.lt\/en\/wp-json\/wp\/v2\/product"}],"about":[{"href":"https:\/\/madoskampas.lt\/en\/wp-json\/wp\/v2\/types\/product"}],"replies":[{"embeddable":true,"href":"https:\/\/madoskampas.lt\/en\/wp-json\/wp\/v2\/comments?post=17378"}],"wp:featuredmedia":[{"embeddable":true,"href":"https:\/\/madoskampas.lt\/en\/wp-json\/wp\/v2\/media\/17358"}],"wp:attachment":[{"href":"https:\/\/madoskampas.lt\/en\/wp-json\/wp\/v2\/media?parent=17378"}],"wp:term":[{"taxonomy":"product_brand","embeddable":true,"href":"https:\/\/madoskampas.lt\/en\/wp-json\/wp\/v2\/product_brand?post=17378"},{"taxonomy":"product_cat","embeddable":true,"href":"https:\/\/madoskampas.lt\/en\/wp-json\/wp\/v2\/product_cat?post=17378"},{"taxonomy":"product_tag","embeddable":true,"href":"https:\/\/madoskampas.lt\/en\/wp-json\/wp\/v2\/product_tag?post=17378"}],"curies":[{"name":"wp","href":"https:\/\/api.w.org\/{rel}","templated":true}]}}