{"id":18907,"date":"2025-08-28T12:09:48","date_gmt":"2025-08-28T12:09:48","guid":{"rendered":"https:\/\/madoskampas.lt\/?post_type=product&#038;p=18907"},"modified":"2025-08-29T09:58:08","modified_gmt":"2025-08-29T09:58:08","slug":"edge-line-juodos-placios-kelnes-su-odiniu-efektu-liemeniui","status":"publish","type":"product","link":"https:\/\/madoskampas.lt\/en\/product\/edge-line-juodos-placios-kelnes-su-odiniu-efektu-liemeniui\/","title":{"rendered":"\u201eEdge Line - black wide-leg trousers with leather effect waistband"},"content":{"rendered":"<p><strong data-start=\"347\" data-end=\"361\">\u201eEdge Line<\/strong>\u201c \u2013 tai i\u0161rai\u0161kingos juodos keln\u0117s, kurios sujungia klasikin\u012f siluet\u0105 su \u0161iuolaiki\u0161komis detal\u0117mis. Itin pla\u010dios, bet grak\u0161\u010diai krentan\u010dios, su si\u016bl\u0117mis priekyje ir imitacin\u0117s odos liemeniu \u2013 \u0161ios keln\u0117s pabr\u0117\u017eia tiek stili\u0173, tiek charakter\u012f.<\/p>","protected":false},"excerpt":{"rendered":"<p>I\u0161matavimai<\/p>\n<p>S<\/p>\n<p>Liemuo 36 cm<\/p>\n<p>Per klubus 49 cm<\/p>\n<p>Ilgis 105 cm<\/p>\n<p>M<\/p>\n<p>Liemuo 38 cm<\/p>\n<p>Per klubus 53 cm<\/p>\n<p>Ilgis 105 cm<\/p>\n<p>Sud\u0117tis<\/p>\n<p>70 % polisteris<\/p>\n<p>27 % rayon<\/p>\n<p>3 % spandex<\/p>","protected":false},"featured_media":18878,"comment_status":"open","ping_status":"closed","template":"","meta":{"_uag_custom_page_level_css":"","_monsterinsights_skip_tracking":false,"_monsterinsights_sitenote_active":false,"_monsterinsights_sitenote_note":"","_monsterinsights_sitenote_category":0},"product_brand":[],"product_cat":[66,69,95],"product_tag":[],"class_list":{"0":"post-18907","1":"product","2":"type-product","3":"status-publish","4":"has-post-thumbnail","6":"product_cat-drabuziai","7":"product_cat-kelnes","8":"product_cat-naujausi","9":"tm-has-options","11":"first","12":"instock","13":"shipping-taxable","14":"purchasable","15":"product-type-variable"},"yoast_head":"<!-- This site is optimized with the Yoast SEO plugin v27.6 - https:\/\/yoast.com\/product\/yoast-seo-wordpress\/ -->\n<title>\u201eEdge Line\u201c \u2013 juodos pla\u010dios keln\u0117s su odiniu efektu liemeniui - MadosKampas.lt<\/title>\n<meta name=\"robots\" content=\"index, follow, max-snippet:-1, max-image-preview:large, max-video-preview:-1\" \/>\n<link rel=\"canonical\" href=\"https:\/\/madoskampas.lt\/en\/product\/edge-line-juodos-placios-kelnes-su-odiniu-efektu-liemeniui\/\" \/>\n<meta property=\"og:locale\" content=\"en_US\" \/>\n<meta property=\"og:type\" content=\"article\" \/>\n<meta property=\"og:title\" content=\"\u201eEdge Line\u201c \u2013 juodos pla\u010dios keln\u0117s su odiniu efektu liemeniui - MadosKampas.lt\" \/>\n<meta property=\"og:description\" content=\"I\u0161matavimai S Liemuo 36 cm Per klubus 49 cm Ilgis 105 cm M Liemuo 38 cm Per klubus 53 cm Ilgis 105 cm Sud\u0117tis 70 % polisteris 27 % rayon 3 % spandex\" \/>\n<meta property=\"og:url\" content=\"https:\/\/madoskampas.lt\/en\/product\/edge-line-juodos-placios-kelnes-su-odiniu-efektu-liemeniui\/\" \/>\n<meta property=\"og:site_name\" content=\"MadosKampas.lt\" \/>\n<meta property=\"article:modified_time\" content=\"2025-08-29T09:58:08+00:00\" \/>\n<meta property=\"og:image\" content=\"https:\/\/madoskampas.lt\/wp-content\/uploads\/2025\/08\/IMG_4444.jpeg\" \/>\n\t<meta property=\"og:image:width\" content=\"1536\" \/>\n\t<meta property=\"og:image:height\" content=\"2048\" \/>\n\t<meta property=\"og:image:type\" content=\"image\/jpeg\" \/>\n<meta name=\"twitter:card\" content=\"summary_large_image\" \/>\n<meta name=\"twitter:label1\" content=\"Est. reading time\" \/>\n\t<meta name=\"twitter:data1\" content=\"1 minute\" \/>\n<script type=\"application\/ld+json\" class=\"yoast-schema-graph\">{\"@context\":\"https:\\\/\\\/schema.org\",\"@graph\":[{\"@type\":\"WebPage\",\"@id\":\"https:\\\/\\\/madoskampas.lt\\\/produktas\\\/edge-line-juodos-placios-kelnes-su-odiniu-efektu-liemeniui\\\/\",\"url\":\"https:\\\/\\\/madoskampas.lt\\\/produktas\\\/edge-line-juodos-placios-kelnes-su-odiniu-efektu-liemeniui\\\/\",\"name\":\"\u201eEdge Line\u201c \u2013 juodos pla\u010dios keln\u0117s su odiniu efektu liemeniui - MadosKampas.lt\",\"isPartOf\":{\"@id\":\"https:\\\/\\\/madoskampas.lt\\\/#website\"},\"primaryImageOfPage\":{\"@id\":\"https:\\\/\\\/madoskampas.lt\\\/produktas\\\/edge-line-juodos-placios-kelnes-su-odiniu-efektu-liemeniui\\\/#primaryimage\"},\"image\":{\"@id\":\"https:\\\/\\\/madoskampas.lt\\\/produktas\\\/edge-line-juodos-placios-kelnes-su-odiniu-efektu-liemeniui\\\/#primaryimage\"},\"thumbnailUrl\":\"https:\\\/\\\/madoskampas.lt\\\/wp-content\\\/uploads\\\/2025\\\/08\\\/IMG_4444.jpeg\",\"datePublished\":\"2025-08-28T12:09:48+00:00\",\"dateModified\":\"2025-08-29T09:58:08+00:00\",\"breadcrumb\":{\"@id\":\"https:\\\/\\\/madoskampas.lt\\\/produktas\\\/edge-line-juodos-placios-kelnes-su-odiniu-efektu-liemeniui\\\/#breadcrumb\"},\"inLanguage\":\"en-US\",\"potentialAction\":[{\"@type\":\"ReadAction\",\"target\":[\"https:\\\/\\\/madoskampas.lt\\\/produktas\\\/edge-line-juodos-placios-kelnes-su-odiniu-efektu-liemeniui\\\/\"]}]},{\"@type\":\"ImageObject\",\"inLanguage\":\"en-US\",\"@id\":\"https:\\\/\\\/madoskampas.lt\\\/produktas\\\/edge-line-juodos-placios-kelnes-su-odiniu-efektu-liemeniui\\\/#primaryimage\",\"url\":\"https:\\\/\\\/madoskampas.lt\\\/wp-content\\\/uploads\\\/2025\\\/08\\\/IMG_4444.jpeg\",\"contentUrl\":\"https:\\\/\\\/madoskampas.lt\\\/wp-content\\\/uploads\\\/2025\\\/08\\\/IMG_4444.jpeg\",\"width\":1536,\"height\":2048},{\"@type\":\"BreadcrumbList\",\"@id\":\"https:\\\/\\\/madoskampas.lt\\\/produktas\\\/edge-line-juodos-placios-kelnes-su-odiniu-efektu-liemeniui\\\/#breadcrumb\",\"itemListElement\":[{\"@type\":\"ListItem\",\"position\":1,\"name\":\"Home\",\"item\":\"https:\\\/\\\/madoskampas.lt\\\/\"},{\"@type\":\"ListItem\",\"position\":2,\"name\":\"Parduotuv\u0117\",\"item\":\"https:\\\/\\\/madoskampas.lt\\\/parduotuve-2\\\/\"},{\"@type\":\"ListItem\",\"position\":3,\"name\":\"\u201eEdge Line\u201c \u2013 juodos pla\u010dios keln\u0117s su odiniu efektu liemeniui\"}]},{\"@type\":\"WebSite\",\"@id\":\"https:\\\/\\\/madoskampas.lt\\\/#website\",\"url\":\"https:\\\/\\\/madoskampas.lt\\\/\",\"name\":\"MadosKampas.lt\",\"description\":\"Stilingi drabu\u017eiai moterims\",\"potentialAction\":[{\"@type\":\"SearchAction\",\"target\":{\"@type\":\"EntryPoint\",\"urlTemplate\":\"https:\\\/\\\/madoskampas.lt\\\/?s={search_term_string}\"},\"query-input\":{\"@type\":\"PropertyValueSpecification\",\"valueRequired\":true,\"valueName\":\"search_term_string\"}}],\"inLanguage\":\"en-US\"}]}<\/script>\n<!-- \/ Yoast SEO plugin. -->","yoast_head_json":{"title":"\u201eEdge Line\u201c \u2013 juodos pla\u010dios keln\u0117s su odiniu efektu liemeniui - MadosKampas.lt","robots":{"index":"index","follow":"follow","max-snippet":"max-snippet:-1","max-image-preview":"max-image-preview:large","max-video-preview":"max-video-preview:-1"},"canonical":"https:\/\/madoskampas.lt\/en\/product\/edge-line-juodos-placios-kelnes-su-odiniu-efektu-liemeniui\/","og_locale":"en_US","og_type":"article","og_title":"\u201eEdge Line\u201c \u2013 juodos pla\u010dios keln\u0117s su odiniu efektu liemeniui - MadosKampas.lt","og_description":"I\u0161matavimai S Liemuo 36 cm Per klubus 49 cm Ilgis 105 cm M Liemuo 38 cm Per klubus 53 cm Ilgis 105 cm Sud\u0117tis 70 % polisteris 27 % rayon 3 % spandex","og_url":"https:\/\/madoskampas.lt\/en\/product\/edge-line-juodos-placios-kelnes-su-odiniu-efektu-liemeniui\/","og_site_name":"MadosKampas.lt","article_modified_time":"2025-08-29T09:58:08+00:00","og_image":[{"width":1536,"height":2048,"url":"https:\/\/madoskampas.lt\/wp-content\/uploads\/2025\/08\/IMG_4444.jpeg","type":"image\/jpeg"}],"twitter_card":"summary_large_image","twitter_misc":{"Est. reading time":"1 minute"},"schema":{"@context":"https:\/\/schema.org","@graph":[{"@type":"WebPage","@id":"https:\/\/madoskampas.lt\/produktas\/edge-line-juodos-placios-kelnes-su-odiniu-efektu-liemeniui\/","url":"https:\/\/madoskampas.lt\/produktas\/edge-line-juodos-placios-kelnes-su-odiniu-efektu-liemeniui\/","name":"\u201eEdge Line\u201c \u2013 juodos pla\u010dios keln\u0117s su odiniu efektu liemeniui - MadosKampas.lt","isPartOf":{"@id":"https:\/\/madoskampas.lt\/#website"},"primaryImageOfPage":{"@id":"https:\/\/madoskampas.lt\/produktas\/edge-line-juodos-placios-kelnes-su-odiniu-efektu-liemeniui\/#primaryimage"},"image":{"@id":"https:\/\/madoskampas.lt\/produktas\/edge-line-juodos-placios-kelnes-su-odiniu-efektu-liemeniui\/#primaryimage"},"thumbnailUrl":"https:\/\/madoskampas.lt\/wp-content\/uploads\/2025\/08\/IMG_4444.jpeg","datePublished":"2025-08-28T12:09:48+00:00","dateModified":"2025-08-29T09:58:08+00:00","breadcrumb":{"@id":"https:\/\/madoskampas.lt\/produktas\/edge-line-juodos-placios-kelnes-su-odiniu-efektu-liemeniui\/#breadcrumb"},"inLanguage":"en-US","potentialAction":[{"@type":"ReadAction","target":["https:\/\/madoskampas.lt\/produktas\/edge-line-juodos-placios-kelnes-su-odiniu-efektu-liemeniui\/"]}]},{"@type":"ImageObject","inLanguage":"en-US","@id":"https:\/\/madoskampas.lt\/produktas\/edge-line-juodos-placios-kelnes-su-odiniu-efektu-liemeniui\/#primaryimage","url":"https:\/\/madoskampas.lt\/wp-content\/uploads\/2025\/08\/IMG_4444.jpeg","contentUrl":"https:\/\/madoskampas.lt\/wp-content\/uploads\/2025\/08\/IMG_4444.jpeg","width":1536,"height":2048},{"@type":"BreadcrumbList","@id":"https:\/\/madoskampas.lt\/produktas\/edge-line-juodos-placios-kelnes-su-odiniu-efektu-liemeniui\/#breadcrumb","itemListElement":[{"@type":"ListItem","position":1,"name":"Home","item":"https:\/\/madoskampas.lt\/"},{"@type":"ListItem","position":2,"name":"Parduotuv\u0117","item":"https:\/\/madoskampas.lt\/parduotuve-2\/"},{"@type":"ListItem","position":3,"name":"\u201eEdge Line\u201c \u2013 juodos pla\u010dios keln\u0117s su odiniu efektu liemeniui"}]},{"@type":"WebSite","@id":"https:\/\/madoskampas.lt\/#website","url":"https:\/\/madoskampas.lt\/","name":"FashionKampas.lt","description":"Stylish clothes for women","potentialAction":[{"@type":"SearchAction","target":{"@type":"EntryPoint","urlTemplate":"https:\/\/madoskampas.lt\/?s={search_term_string}"},"query-input":{"@type":"PropertyValueSpecification","valueRequired":true,"valueName":"search_term_string"}}],"inLanguage":"en-US"}]}},"uagb_featured_image_src":{"full":["https:\/\/madoskampas.lt\/wp-content\/uploads\/2025\/08\/IMG_4444.jpeg",1536,2048,false],"thumbnail":["https:\/\/madoskampas.lt\/wp-content\/uploads\/2025\/08\/IMG_4444-150x150.jpeg",150,150,true],"medium":["https:\/\/madoskampas.lt\/wp-content\/uploads\/2025\/08\/IMG_4444-225x300.jpeg",225,300,true],"medium_large":["https:\/\/madoskampas.lt\/wp-content\/uploads\/2025\/08\/IMG_4444-768x1024.jpeg",768,1024,true],"large":["https:\/\/madoskampas.lt\/wp-content\/uploads\/2025\/08\/IMG_4444-768x1024.jpeg",768,1024,true],"1536x1536":["https:\/\/madoskampas.lt\/wp-content\/uploads\/2025\/08\/IMG_4444-1152x1536.jpeg",1152,1536,true],"2048x2048":["https:\/\/madoskampas.lt\/wp-content\/uploads\/2025\/08\/IMG_4444.jpeg",1536,2048,false],"trp-custom-language-flag":["https:\/\/madoskampas.lt\/wp-content\/uploads\/2025\/08\/IMG_4444.jpeg",9,12,false],"nova-image-square":["https:\/\/madoskampas.lt\/wp-content\/uploads\/2025\/08\/IMG_4444-1100x1100.jpeg",1100,1100,true],"mixtas-product-03":["https:\/\/madoskampas.lt\/wp-content\/uploads\/2025\/08\/IMG_4444-600x345.jpeg",600,345,true],"woocommerce_thumbnail":["https:\/\/madoskampas.lt\/wp-content\/uploads\/2025\/08\/IMG_4444-700x700.jpeg",700,700,true],"woocommerce_single":["https:\/\/madoskampas.lt\/wp-content\/uploads\/2025\/08\/IMG_4444-1000x1333.jpeg",1000,1333,true],"woocommerce_gallery_thumbnail":["https:\/\/madoskampas.lt\/wp-content\/uploads\/2025\/08\/IMG_4444-250x250.jpeg",250,250,true],"variation_swatches_image_size":["https:\/\/madoskampas.lt\/wp-content\/uploads\/2025\/08\/IMG_4444-50x50.jpeg",50,50,true],"variation_swatches_tooltip_size":["https:\/\/madoskampas.lt\/wp-content\/uploads\/2025\/08\/IMG_4444-100x100.jpeg",100,100,true]},"uagb_author_info":{"display_name":"algirdasbart","author_link":"https:\/\/madoskampas.lt\/en\/author\/"},"uagb_comment_info":0,"uagb_excerpt":"I\u0161matavimai S Liemuo 36 cm Per klubus 49 cm Ilgis 105 cm M Liemuo 38 cm Per klubus 53 cm Ilgis 105 cm Sud\u0117tis 70 % polisteris 27 % rayon 3 % spandex","jetpack_sharing_enabled":true,"_links":{"self":[{"href":"https:\/\/madoskampas.lt\/en\/wp-json\/wp\/v2\/product\/18907","targetHints":{"allow":["GET"]}}],"collection":[{"href":"https:\/\/madoskampas.lt\/en\/wp-json\/wp\/v2\/product"}],"about":[{"href":"https:\/\/madoskampas.lt\/en\/wp-json\/wp\/v2\/types\/product"}],"replies":[{"embeddable":true,"href":"https:\/\/madoskampas.lt\/en\/wp-json\/wp\/v2\/comments?post=18907"}],"wp:featuredmedia":[{"embeddable":true,"href":"https:\/\/madoskampas.lt\/en\/wp-json\/wp\/v2\/media\/18878"}],"wp:attachment":[{"href":"https:\/\/madoskampas.lt\/en\/wp-json\/wp\/v2\/media?parent=18907"}],"wp:term":[{"taxonomy":"product_brand","embeddable":true,"href":"https:\/\/madoskampas.lt\/en\/wp-json\/wp\/v2\/product_brand?post=18907"},{"taxonomy":"product_cat","embeddable":true,"href":"https:\/\/madoskampas.lt\/en\/wp-json\/wp\/v2\/product_cat?post=18907"},{"taxonomy":"product_tag","embeddable":true,"href":"https:\/\/madoskampas.lt\/en\/wp-json\/wp\/v2\/product_tag?post=18907"}],"curies":[{"name":"wp","href":"https:\/\/api.w.org\/{rel}","templated":true}]}}