{"id":19141,"date":"2025-09-04T15:19:17","date_gmt":"2025-09-04T15:19:17","guid":{"rendered":"https:\/\/madoskampas.lt\/?post_type=product&#038;p=19141"},"modified":"2026-02-09T10:55:32","modified_gmt":"2026-02-09T10:55:32","slug":"linea-softa-stilingas-viskozes-kostiumelis-laisvalaikiui-ir-miestui","status":"publish","type":"product","link":"https:\/\/madoskampas.lt\/en\/product\/linea-softa-stilingas-viskozes-kostiumelis-laisvalaikiui-ir-miestui\/","title":{"rendered":"\u201eLinea Softa\u201c \u2013 stilingas viskoz\u0117s kostium\u0117lis laisvalaikiui ir miestui"},"content":{"rendered":"<p><strong data-start=\"358\" data-end=\"375\">\u201eLinea Softa\u201c<\/strong> \u2013 tai stilingas dviej\u0173 dali\u0173 kostium\u0117lis, sukurtas moteriai, kuri vertina patogum\u0105, lengvum\u0105 ir \u0161var\u0173 siluet\u0105.<br data-start=\"486\" data-end=\"489\" \/>Pagamintas i\u0161 \u0161velnios, tamprios <strong data-start=\"522\" data-end=\"550\">auk\u0161tos kokyb\u0117s viskoz\u0117s<\/strong>, \u0161is modelis tiks tiek savaitgaliui, tiek miesto ritmui.<\/p>","protected":false},"excerpt":{"rendered":"<p data-start=\"358\" data-end=\"607\"><strong data-start=\"358\" data-end=\"375\">\u201eLinea Softa\u201c<\/strong> \u2013 tai stilingas dviej\u0173 dali\u0173 kostium\u0117lis, sukurtas moteriai, kuri vertina patogum\u0105, lengvum\u0105 ir \u0161var\u0173 siluet\u0105.<br data-start=\"486\" data-end=\"489\" \/>Pagamintas i\u0161 \u0161velnios, tamprios <strong data-start=\"522\" data-end=\"550\">auk\u0161tos kokyb\u0117s viskoz\u0117s<\/strong>, \u0161is modelis tiks tiek savaitgaliui, tiek miesto ritmui.<\/p>\n<p data-start=\"609\" data-end=\"866\"><strong data-start=\"609\" data-end=\"639\">Laisvai krintan\u010dios keln\u0117s<\/strong> pailgina kojas ir suteikia siluetui lengvumo, o <strong data-start=\"688\" data-end=\"730\">u\u017esegamas megztinis su auk\u0161ta apykakle<\/strong> \u2013 prakti\u0161kas ir \u0161iuolaiki\u0161kas sprendimas v\u0117sesniam orui. Komplekt\u0105 lengvai derinsi su sportba\u010diais, aulinukais ar net klasikiniu paltu.<\/p>\n<hr data-start=\"868\" data-end=\"871\" \/>\n<p data-start=\"873\" data-end=\"885\"><strong data-start=\"873\" data-end=\"885\">Details:<\/strong><\/p>\n<p data-start=\"887\" data-end=\"1112\">\u2714 Sud\u0117tis: viskoz\u0117 (elastinga ir \u0161velni)<br data-start=\"927\" data-end=\"930\" \/>\u2714 Dviej\u0173 dali\u0173 komplektas \u2013 megztinis + keln\u0117s<br data-start=\"976\" data-end=\"979\" \/>\u2714 Dyd\u017eiai: XS\u2013S\u2013M<br data-start=\"996\" data-end=\"999\" \/><\/p>","protected":false},"featured_media":19142,"comment_status":"open","ping_status":"closed","template":"","meta":{"_uag_custom_page_level_css":"","_monsterinsights_skip_tracking":false,"_monsterinsights_sitenote_active":false,"_monsterinsights_sitenote_note":"","_monsterinsights_sitenote_category":0},"product_brand":[],"product_cat":[66,70,95],"product_tag":[],"class_list":{"0":"post-19141","1":"product","2":"type-product","3":"status-publish","4":"has-post-thumbnail","6":"product_cat-drabuziai","7":"product_cat-kostiumeliai","8":"product_cat-naujausi","9":"tm-has-options","11":"first","12":"instock","13":"shipping-taxable","14":"purchasable","15":"product-type-variable"},"yoast_head":"<!-- This site is optimized with the Yoast SEO plugin v27.3 - https:\/\/yoast.com\/product\/yoast-seo-wordpress\/ -->\n<title>\u201eLinea Softa\u201c \u2013 stilingas viskoz\u0117s kostium\u0117lis laisvalaikiui ir miestui - MadosKampas.lt<\/title>\n<meta name=\"robots\" content=\"index, follow, max-snippet:-1, max-image-preview:large, max-video-preview:-1\" \/>\n<link rel=\"canonical\" href=\"https:\/\/madoskampas.lt\/en\/product\/linea-softa-stilingas-viskozes-kostiumelis-laisvalaikiui-ir-miestui\/\" \/>\n<meta property=\"og:locale\" content=\"en_US\" \/>\n<meta property=\"og:type\" content=\"article\" \/>\n<meta property=\"og:title\" content=\"\u201eLinea Softa\u201c \u2013 stilingas viskoz\u0117s kostium\u0117lis laisvalaikiui ir miestui - MadosKampas.lt\" \/>\n<meta property=\"og:description\" content=\"\u201eLinea Softa\u201c \u2013 tai stilingas dviej\u0173 dali\u0173 kostium\u0117lis, sukurtas moteriai, kuri vertina patogum\u0105, lengvum\u0105 ir \u0161var\u0173 siluet\u0105.Pagamintas i\u0161 \u0161velnios, tamprios auk\u0161tos kokyb\u0117s viskoz\u0117s, \u0161is modelis tiks tiek savaitgaliui, tiek miesto ritmui. Laisvai krintan\u010dios keln\u0117s pailgina kojas ir suteikia siluetui lengvumo, o u\u017esegamas megztinis su auk\u0161ta apykakle \u2013 prakti\u0161kas ir \u0161iuolaiki\u0161kas sprendimas v\u0117sesniam orui. Komplekt\u0105 lengvai derinsi su sportba\u010diais, aulinukais ar net klasikiniu paltu.    Detal\u0117s: \u2714 Sud\u0117tis: viskoz\u0117 (elastinga ir \u0161velni)\u2714 Dviej\u0173 dali\u0173 komplektas \u2013 megztinis + keln\u0117s\u2714 Dyd\u017eiai: XS\u2013S\u2013M\" \/>\n<meta property=\"og:url\" content=\"https:\/\/madoskampas.lt\/en\/product\/linea-softa-stilingas-viskozes-kostiumelis-laisvalaikiui-ir-miestui\/\" \/>\n<meta property=\"og:site_name\" content=\"MadosKampas.lt\" \/>\n<meta property=\"article:modified_time\" content=\"2026-02-09T10:55:32+00:00\" \/>\n<meta property=\"og:image\" content=\"https:\/\/madoskampas.lt\/wp-content\/uploads\/2025\/09\/IMG_5089.jpeg\" \/>\n\t<meta property=\"og:image:width\" content=\"1536\" \/>\n\t<meta property=\"og:image:height\" content=\"2048\" \/>\n\t<meta property=\"og:image:type\" content=\"image\/jpeg\" \/>\n<meta name=\"twitter:card\" content=\"summary_large_image\" \/>\n<meta name=\"twitter:label1\" content=\"Est. reading time\" \/>\n\t<meta name=\"twitter:data1\" content=\"1 minute\" \/>\n<script type=\"application\/ld+json\" class=\"yoast-schema-graph\">{\"@context\":\"https:\\\/\\\/schema.org\",\"@graph\":[{\"@type\":\"WebPage\",\"@id\":\"https:\\\/\\\/madoskampas.lt\\\/produktas\\\/linea-softa-stilingas-viskozes-kostiumelis-laisvalaikiui-ir-miestui\\\/\",\"url\":\"https:\\\/\\\/madoskampas.lt\\\/produktas\\\/linea-softa-stilingas-viskozes-kostiumelis-laisvalaikiui-ir-miestui\\\/\",\"name\":\"\u201eLinea Softa\u201c \u2013 stilingas viskoz\u0117s kostium\u0117lis laisvalaikiui ir miestui - MadosKampas.lt\",\"isPartOf\":{\"@id\":\"https:\\\/\\\/madoskampas.lt\\\/#website\"},\"primaryImageOfPage\":{\"@id\":\"https:\\\/\\\/madoskampas.lt\\\/produktas\\\/linea-softa-stilingas-viskozes-kostiumelis-laisvalaikiui-ir-miestui\\\/#primaryimage\"},\"image\":{\"@id\":\"https:\\\/\\\/madoskampas.lt\\\/produktas\\\/linea-softa-stilingas-viskozes-kostiumelis-laisvalaikiui-ir-miestui\\\/#primaryimage\"},\"thumbnailUrl\":\"https:\\\/\\\/madoskampas.lt\\\/wp-content\\\/uploads\\\/2025\\\/09\\\/IMG_5089.jpeg\",\"datePublished\":\"2025-09-04T15:19:17+00:00\",\"dateModified\":\"2026-02-09T10:55:32+00:00\",\"breadcrumb\":{\"@id\":\"https:\\\/\\\/madoskampas.lt\\\/produktas\\\/linea-softa-stilingas-viskozes-kostiumelis-laisvalaikiui-ir-miestui\\\/#breadcrumb\"},\"inLanguage\":\"en-US\",\"potentialAction\":[{\"@type\":\"ReadAction\",\"target\":[\"https:\\\/\\\/madoskampas.lt\\\/produktas\\\/linea-softa-stilingas-viskozes-kostiumelis-laisvalaikiui-ir-miestui\\\/\"]}]},{\"@type\":\"ImageObject\",\"inLanguage\":\"en-US\",\"@id\":\"https:\\\/\\\/madoskampas.lt\\\/produktas\\\/linea-softa-stilingas-viskozes-kostiumelis-laisvalaikiui-ir-miestui\\\/#primaryimage\",\"url\":\"https:\\\/\\\/madoskampas.lt\\\/wp-content\\\/uploads\\\/2025\\\/09\\\/IMG_5089.jpeg\",\"contentUrl\":\"https:\\\/\\\/madoskampas.lt\\\/wp-content\\\/uploads\\\/2025\\\/09\\\/IMG_5089.jpeg\",\"width\":1536,\"height\":2048},{\"@type\":\"BreadcrumbList\",\"@id\":\"https:\\\/\\\/madoskampas.lt\\\/produktas\\\/linea-softa-stilingas-viskozes-kostiumelis-laisvalaikiui-ir-miestui\\\/#breadcrumb\",\"itemListElement\":[{\"@type\":\"ListItem\",\"position\":1,\"name\":\"Home\",\"item\":\"https:\\\/\\\/madoskampas.lt\\\/\"},{\"@type\":\"ListItem\",\"position\":2,\"name\":\"Parduotuv\u0117\",\"item\":\"https:\\\/\\\/madoskampas.lt\\\/parduotuve-2\\\/\"},{\"@type\":\"ListItem\",\"position\":3,\"name\":\"\u201eLinea Softa\u201c \u2013 stilingas viskoz\u0117s kostium\u0117lis laisvalaikiui ir miestui\"}]},{\"@type\":\"WebSite\",\"@id\":\"https:\\\/\\\/madoskampas.lt\\\/#website\",\"url\":\"https:\\\/\\\/madoskampas.lt\\\/\",\"name\":\"MadosKampas.lt\",\"description\":\"Stilingi drabu\u017eiai moterims\",\"potentialAction\":[{\"@type\":\"SearchAction\",\"target\":{\"@type\":\"EntryPoint\",\"urlTemplate\":\"https:\\\/\\\/madoskampas.lt\\\/?s={search_term_string}\"},\"query-input\":{\"@type\":\"PropertyValueSpecification\",\"valueRequired\":true,\"valueName\":\"search_term_string\"}}],\"inLanguage\":\"en-US\"}]}<\/script>\n<!-- \/ Yoast SEO plugin. -->","yoast_head_json":{"title":"\u201eLinea Softa\u201c \u2013 stilingas viskoz\u0117s kostium\u0117lis laisvalaikiui ir miestui - MadosKampas.lt","robots":{"index":"index","follow":"follow","max-snippet":"max-snippet:-1","max-image-preview":"max-image-preview:large","max-video-preview":"max-video-preview:-1"},"canonical":"https:\/\/madoskampas.lt\/en\/product\/linea-softa-stilingas-viskozes-kostiumelis-laisvalaikiui-ir-miestui\/","og_locale":"en_US","og_type":"article","og_title":"\u201eLinea Softa\u201c \u2013 stilingas viskoz\u0117s kostium\u0117lis laisvalaikiui ir miestui - MadosKampas.lt","og_description":"\u201eLinea Softa\u201c \u2013 tai stilingas dviej\u0173 dali\u0173 kostium\u0117lis, sukurtas moteriai, kuri vertina patogum\u0105, lengvum\u0105 ir \u0161var\u0173 siluet\u0105.Pagamintas i\u0161 \u0161velnios, tamprios auk\u0161tos kokyb\u0117s viskoz\u0117s, \u0161is modelis tiks tiek savaitgaliui, tiek miesto ritmui. Laisvai krintan\u010dios keln\u0117s pailgina kojas ir suteikia siluetui lengvumo, o u\u017esegamas megztinis su auk\u0161ta apykakle \u2013 prakti\u0161kas ir \u0161iuolaiki\u0161kas sprendimas v\u0117sesniam orui. Komplekt\u0105 lengvai derinsi su sportba\u010diais, aulinukais ar net klasikiniu paltu.    Detal\u0117s: \u2714 Sud\u0117tis: viskoz\u0117 (elastinga ir \u0161velni)\u2714 Dviej\u0173 dali\u0173 komplektas \u2013 megztinis + keln\u0117s\u2714 Dyd\u017eiai: XS\u2013S\u2013M","og_url":"https:\/\/madoskampas.lt\/en\/product\/linea-softa-stilingas-viskozes-kostiumelis-laisvalaikiui-ir-miestui\/","og_site_name":"MadosKampas.lt","article_modified_time":"2026-02-09T10:55:32+00:00","og_image":[{"width":1536,"height":2048,"url":"https:\/\/madoskampas.lt\/wp-content\/uploads\/2025\/09\/IMG_5089.jpeg","type":"image\/jpeg"}],"twitter_card":"summary_large_image","twitter_misc":{"Est. reading time":"1 minute"},"schema":{"@context":"https:\/\/schema.org","@graph":[{"@type":"WebPage","@id":"https:\/\/madoskampas.lt\/produktas\/linea-softa-stilingas-viskozes-kostiumelis-laisvalaikiui-ir-miestui\/","url":"https:\/\/madoskampas.lt\/produktas\/linea-softa-stilingas-viskozes-kostiumelis-laisvalaikiui-ir-miestui\/","name":"\u201eLinea Softa\u201c \u2013 stilingas viskoz\u0117s kostium\u0117lis laisvalaikiui ir miestui - MadosKampas.lt","isPartOf":{"@id":"https:\/\/madoskampas.lt\/#website"},"primaryImageOfPage":{"@id":"https:\/\/madoskampas.lt\/produktas\/linea-softa-stilingas-viskozes-kostiumelis-laisvalaikiui-ir-miestui\/#primaryimage"},"image":{"@id":"https:\/\/madoskampas.lt\/produktas\/linea-softa-stilingas-viskozes-kostiumelis-laisvalaikiui-ir-miestui\/#primaryimage"},"thumbnailUrl":"https:\/\/madoskampas.lt\/wp-content\/uploads\/2025\/09\/IMG_5089.jpeg","datePublished":"2025-09-04T15:19:17+00:00","dateModified":"2026-02-09T10:55:32+00:00","breadcrumb":{"@id":"https:\/\/madoskampas.lt\/produktas\/linea-softa-stilingas-viskozes-kostiumelis-laisvalaikiui-ir-miestui\/#breadcrumb"},"inLanguage":"en-US","potentialAction":[{"@type":"ReadAction","target":["https:\/\/madoskampas.lt\/produktas\/linea-softa-stilingas-viskozes-kostiumelis-laisvalaikiui-ir-miestui\/"]}]},{"@type":"ImageObject","inLanguage":"en-US","@id":"https:\/\/madoskampas.lt\/produktas\/linea-softa-stilingas-viskozes-kostiumelis-laisvalaikiui-ir-miestui\/#primaryimage","url":"https:\/\/madoskampas.lt\/wp-content\/uploads\/2025\/09\/IMG_5089.jpeg","contentUrl":"https:\/\/madoskampas.lt\/wp-content\/uploads\/2025\/09\/IMG_5089.jpeg","width":1536,"height":2048},{"@type":"BreadcrumbList","@id":"https:\/\/madoskampas.lt\/produktas\/linea-softa-stilingas-viskozes-kostiumelis-laisvalaikiui-ir-miestui\/#breadcrumb","itemListElement":[{"@type":"ListItem","position":1,"name":"Home","item":"https:\/\/madoskampas.lt\/"},{"@type":"ListItem","position":2,"name":"Parduotuv\u0117","item":"https:\/\/madoskampas.lt\/parduotuve-2\/"},{"@type":"ListItem","position":3,"name":"\u201eLinea Softa\u201c \u2013 stilingas viskoz\u0117s kostium\u0117lis laisvalaikiui ir miestui"}]},{"@type":"WebSite","@id":"https:\/\/madoskampas.lt\/#website","url":"https:\/\/madoskampas.lt\/","name":"FashionKampas.lt","description":"Stylish clothes for women","potentialAction":[{"@type":"SearchAction","target":{"@type":"EntryPoint","urlTemplate":"https:\/\/madoskampas.lt\/?s={search_term_string}"},"query-input":{"@type":"PropertyValueSpecification","valueRequired":true,"valueName":"search_term_string"}}],"inLanguage":"en-US"}]}},"uagb_featured_image_src":{"full":["https:\/\/madoskampas.lt\/wp-content\/uploads\/2025\/09\/IMG_5089.jpeg",1536,2048,false],"thumbnail":["https:\/\/madoskampas.lt\/wp-content\/uploads\/2025\/09\/IMG_5089-150x150.jpeg",150,150,true],"medium":["https:\/\/madoskampas.lt\/wp-content\/uploads\/2025\/09\/IMG_5089-225x300.jpeg",225,300,true],"medium_large":["https:\/\/madoskampas.lt\/wp-content\/uploads\/2025\/09\/IMG_5089-768x1024.jpeg",768,1024,true],"large":["https:\/\/madoskampas.lt\/wp-content\/uploads\/2025\/09\/IMG_5089-768x1024.jpeg",768,1024,true],"1536x1536":["https:\/\/madoskampas.lt\/wp-content\/uploads\/2025\/09\/IMG_5089-1152x1536.jpeg",1152,1536,true],"2048x2048":["https:\/\/madoskampas.lt\/wp-content\/uploads\/2025\/09\/IMG_5089.jpeg",1536,2048,false],"trp-custom-language-flag":["https:\/\/madoskampas.lt\/wp-content\/uploads\/2025\/09\/IMG_5089.jpeg",9,12,false],"nova-image-square":["https:\/\/madoskampas.lt\/wp-content\/uploads\/2025\/09\/IMG_5089-1100x1100.jpeg",1100,1100,true],"mixtas-product-03":["https:\/\/madoskampas.lt\/wp-content\/uploads\/2025\/09\/IMG_5089-600x345.jpeg",600,345,true],"woocommerce_thumbnail":["https:\/\/madoskampas.lt\/wp-content\/uploads\/2025\/09\/IMG_5089-700x700.jpeg",700,700,true],"woocommerce_single":["https:\/\/madoskampas.lt\/wp-content\/uploads\/2025\/09\/IMG_5089-1000x1333.jpeg",1000,1333,true],"woocommerce_gallery_thumbnail":["https:\/\/madoskampas.lt\/wp-content\/uploads\/2025\/09\/IMG_5089-250x250.jpeg",250,250,true],"variation_swatches_image_size":["https:\/\/madoskampas.lt\/wp-content\/uploads\/2025\/09\/IMG_5089-50x50.jpeg",50,50,true],"variation_swatches_tooltip_size":["https:\/\/madoskampas.lt\/wp-content\/uploads\/2025\/09\/IMG_5089-100x100.jpeg",100,100,true]},"uagb_author_info":{"display_name":"algirdasbart","author_link":"https:\/\/madoskampas.lt\/en\/author\/"},"uagb_comment_info":1,"uagb_excerpt":"\u201eLinea Softa\u201c \u2013 tai stilingas dviej\u0173 dali\u0173 kostium\u0117lis, sukurtas moteriai, kuri vertina patogum\u0105, lengvum\u0105 ir \u0161var\u0173 siluet\u0105.Pagamintas i\u0161 \u0161velnios, tamprios auk\u0161tos kokyb\u0117s viskoz\u0117s, \u0161is modelis tiks tiek savaitgaliui, tiek miesto ritmui. Laisvai krintan\u010dios keln\u0117s pailgina kojas ir suteikia siluetui lengvumo, o u\u017esegamas megztinis su auk\u0161ta apykakle \u2013 prakti\u0161kas ir \u0161iuolaiki\u0161kas sprendimas v\u0117sesniam orui. Komplekt\u0105 lengvai&hellip;","jetpack_sharing_enabled":true,"_links":{"self":[{"href":"https:\/\/madoskampas.lt\/en\/wp-json\/wp\/v2\/product\/19141","targetHints":{"allow":["GET"]}}],"collection":[{"href":"https:\/\/madoskampas.lt\/en\/wp-json\/wp\/v2\/product"}],"about":[{"href":"https:\/\/madoskampas.lt\/en\/wp-json\/wp\/v2\/types\/product"}],"replies":[{"embeddable":true,"href":"https:\/\/madoskampas.lt\/en\/wp-json\/wp\/v2\/comments?post=19141"}],"wp:featuredmedia":[{"embeddable":true,"href":"https:\/\/madoskampas.lt\/en\/wp-json\/wp\/v2\/media\/19142"}],"wp:attachment":[{"href":"https:\/\/madoskampas.lt\/en\/wp-json\/wp\/v2\/media?parent=19141"}],"wp:term":[{"taxonomy":"product_brand","embeddable":true,"href":"https:\/\/madoskampas.lt\/en\/wp-json\/wp\/v2\/product_brand?post=19141"},{"taxonomy":"product_cat","embeddable":true,"href":"https:\/\/madoskampas.lt\/en\/wp-json\/wp\/v2\/product_cat?post=19141"},{"taxonomy":"product_tag","embeddable":true,"href":"https:\/\/madoskampas.lt\/en\/wp-json\/wp\/v2\/product_tag?post=19141"}],"curies":[{"name":"wp","href":"https:\/\/api.w.org\/{rel}","templated":true}]}}