{"id":19170,"date":"2025-09-04T15:30:27","date_gmt":"2025-09-04T15:30:27","guid":{"rendered":"https:\/\/madoskampas.lt\/?post_type=product&#038;p=19170"},"modified":"2025-11-14T16:23:54","modified_gmt":"2025-11-14T16:23:54","slug":"lusso-cashmere-megztas-kostiumelis-su-kasmyru","status":"publish","type":"product","link":"https:\/\/madoskampas.lt\/en\/product\/lusso-cashmere-megztas-kostiumelis-su-kasmyru\/","title":{"rendered":"&#8222;Lusso Wool Comfort Set &#8221; kostium\u0117lis"},"content":{"rendered":"<p data-start=\"45\" data-end=\"396\">\u201eLusso\u201c \u2013 megztas dviej\u0173 dali\u0173 kostium\u0117lis, kuriame susilieja kasdienis komfortas, subtilus stilius ir prabangaus \u0161velnumo poj\u016btis.<br data-start=\"193\" data-end=\"196\" \/>Ilgesn\u0117 palaidin\u0117 su minimalistine priekine linija ir plat\u0117jan\u010dios keln\u0117s kuria eleganti\u0161k\u0105, lengvai krintant\u012f siluet\u0105, tinkant\u012f bet kokiai progai \u2013 nuo poilsio namuose iki miesto dien\u0173 ar kelioni\u0173.<\/p>\n<p data-start=\"398\" data-end=\"630\">\u2714 Dviej\u0173 dali\u0173 komplektas \u2013 palaidin\u0117 + plat\u0117jan\u010dios keln\u0117s<br data-start=\"457\" data-end=\"460\" \/>\u2714 Dydis universalus (tinka S\u2013XL)<br data-start=\"492\" data-end=\"495\" \/>\u2714 Sud\u0117tis: 60 % vilna, 30 % medviln\u0117, 10 % elastanas<br data-start=\"547\" data-end=\"550\" \/>\u2714 Keln\u0117s \u2013 ilgis 107 cm, per klubus 50\u201355 cm<br data-start=\"594\" data-end=\"597\" \/>\u2714 Vir\u0161us \u2013 per kr\u016btin\u0119 53\u201358 cm<\/p>","protected":false},"excerpt":{"rendered":"<p data-start=\"45\" data-end=\"396\">\u201eLusso\u201c \u2013 megztas dviej\u0173 dali\u0173 kostium\u0117lis, kuriame susilieja kasdienis komfortas, subtilus stilius ir prabangaus \u0161velnumo poj\u016btis.<br data-start=\"193\" data-end=\"196\" \/>Ilgesn\u0117 palaidin\u0117 su minimalistine priekine linija ir plat\u0117jan\u010dios keln\u0117s kuria eleganti\u0161k\u0105, lengvai krintant\u012f siluet\u0105, tinkant\u012f bet kokiai progai \u2013 nuo poilsio namuose iki miesto dien\u0173 ar kelioni\u0173.<\/p>\n<p data-start=\"398\" data-end=\"630\">\u2714 Dviej\u0173 dali\u0173 komplektas \u2013 palaidin\u0117 + plat\u0117jan\u010dios keln\u0117s<br data-start=\"457\" data-end=\"460\" \/>\u2714 Dydis universalus (tinka S\u2013XL)<br data-start=\"492\" data-end=\"495\" \/>\u2714 Sud\u0117tis: 60 % vilna, 30 % medviln\u0117, 10 % elastanas<br data-start=\"547\" data-end=\"550\" \/>\u2714 Keln\u0117s \u2013 ilgis 107 cm, per klubus 50\u201355 cm<br data-start=\"594\" data-end=\"597\" \/>\u2714 Vir\u0161us \u2013 per kr\u016btin\u0119 53\u201358 cm<\/p>\n<p data-start=\"632\" data-end=\"714\" data-is-last-node=\"\" data-is-only-node=\"\">\u2728 Tobulas derinys moteriai, kuri vertina \u0161ilum\u0105, patogum\u0105 ir itali\u0161k\u0105 rafinuotum\u0105.<\/p>","protected":false},"featured_media":21959,"comment_status":"open","ping_status":"closed","template":"","meta":{"_uag_custom_page_level_css":"","_monsterinsights_skip_tracking":false,"_monsterinsights_sitenote_active":false,"_monsterinsights_sitenote_note":"","_monsterinsights_sitenote_category":0},"product_brand":[],"product_cat":[66,70,95,96],"product_tag":[],"class_list":{"0":"post-19170","1":"product","2":"type-product","3":"status-publish","4":"has-post-thumbnail","6":"product_cat-drabuziai","7":"product_cat-kostiumeliai","8":"product_cat-naujausi","9":"product_cat-populiariausi","10":"tm-has-options","12":"first","13":"instock","14":"shipping-taxable","15":"purchasable","16":"product-type-variable"},"yoast_head":"<!-- This site is optimized with the Yoast SEO plugin v27.3 - https:\/\/yoast.com\/product\/yoast-seo-wordpress\/ -->\n<title>&quot;Lusso Wool Comfort Set &quot; kostium\u0117lis - MadosKampas.lt<\/title>\n<meta name=\"robots\" content=\"index, follow, max-snippet:-1, max-image-preview:large, max-video-preview:-1\" \/>\n<link rel=\"canonical\" href=\"https:\/\/madoskampas.lt\/en\/product\/lusso-cashmere-megztas-kostiumelis-su-kasmyru\/\" \/>\n<meta property=\"og:locale\" content=\"en_US\" \/>\n<meta property=\"og:type\" content=\"article\" \/>\n<meta property=\"og:title\" content=\"&quot;Lusso Wool Comfort Set &quot; kostium\u0117lis - MadosKampas.lt\" \/>\n<meta property=\"og:description\" content=\"\u201eLusso\u201c \u2013 megztas dviej\u0173 dali\u0173 kostium\u0117lis, kuriame susilieja kasdienis komfortas, subtilus stilius ir prabangaus \u0161velnumo poj\u016btis.Ilgesn\u0117 palaidin\u0117 su minimalistine priekine linija ir plat\u0117jan\u010dios keln\u0117s kuria eleganti\u0161k\u0105, lengvai krintant\u012f siluet\u0105, tinkant\u012f bet kokiai progai \u2013 nuo poilsio namuose iki miesto dien\u0173 ar kelioni\u0173. \u2714 Dviej\u0173 dali\u0173 komplektas \u2013 palaidin\u0117 + plat\u0117jan\u010dios keln\u0117s\u2714 Dydis universalus (tinka S\u2013XL)\u2714 Sud\u0117tis: 60 % vilna, 30 % medviln\u0117, 10 % elastanas\u2714 Keln\u0117s \u2013 ilgis 107 cm, per klubus 50\u201355 cm\u2714 Vir\u0161us \u2013 per kr\u016btin\u0119 53\u201358 cm \u2728 Tobulas derinys moteriai, kuri vertina \u0161ilum\u0105, patogum\u0105 ir itali\u0161k\u0105 rafinuotum\u0105.\" \/>\n<meta property=\"og:url\" content=\"https:\/\/madoskampas.lt\/en\/product\/lusso-cashmere-megztas-kostiumelis-su-kasmyru\/\" \/>\n<meta property=\"og:site_name\" content=\"MadosKampas.lt\" \/>\n<meta property=\"article:modified_time\" content=\"2025-11-14T16:23:54+00:00\" \/>\n<meta property=\"og:image\" content=\"https:\/\/madoskampas.lt\/wp-content\/uploads\/2025\/09\/IMG_1138-1.jpeg\" \/>\n\t<meta property=\"og:image:width\" content=\"1330\" \/>\n\t<meta property=\"og:image:height\" content=\"2364\" \/>\n\t<meta property=\"og:image:type\" content=\"image\/jpeg\" \/>\n<meta name=\"twitter:card\" content=\"summary_large_image\" \/>\n<meta name=\"twitter:label1\" content=\"Est. reading time\" \/>\n\t<meta name=\"twitter:data1\" content=\"1 minute\" \/>\n<script type=\"application\/ld+json\" class=\"yoast-schema-graph\">{\"@context\":\"https:\\\/\\\/schema.org\",\"@graph\":[{\"@type\":\"WebPage\",\"@id\":\"https:\\\/\\\/madoskampas.lt\\\/produktas\\\/lusso-cashmere-megztas-kostiumelis-su-kasmyru\\\/\",\"url\":\"https:\\\/\\\/madoskampas.lt\\\/produktas\\\/lusso-cashmere-megztas-kostiumelis-su-kasmyru\\\/\",\"name\":\"\\\"Lusso Wool Comfort Set \\\" kostium\u0117lis - MadosKampas.lt\",\"isPartOf\":{\"@id\":\"https:\\\/\\\/madoskampas.lt\\\/#website\"},\"primaryImageOfPage\":{\"@id\":\"https:\\\/\\\/madoskampas.lt\\\/produktas\\\/lusso-cashmere-megztas-kostiumelis-su-kasmyru\\\/#primaryimage\"},\"image\":{\"@id\":\"https:\\\/\\\/madoskampas.lt\\\/produktas\\\/lusso-cashmere-megztas-kostiumelis-su-kasmyru\\\/#primaryimage\"},\"thumbnailUrl\":\"https:\\\/\\\/madoskampas.lt\\\/wp-content\\\/uploads\\\/2025\\\/09\\\/IMG_1138-1.jpeg\",\"datePublished\":\"2025-09-04T15:30:27+00:00\",\"dateModified\":\"2025-11-14T16:23:54+00:00\",\"breadcrumb\":{\"@id\":\"https:\\\/\\\/madoskampas.lt\\\/produktas\\\/lusso-cashmere-megztas-kostiumelis-su-kasmyru\\\/#breadcrumb\"},\"inLanguage\":\"en-US\",\"potentialAction\":[{\"@type\":\"ReadAction\",\"target\":[\"https:\\\/\\\/madoskampas.lt\\\/produktas\\\/lusso-cashmere-megztas-kostiumelis-su-kasmyru\\\/\"]}]},{\"@type\":\"ImageObject\",\"inLanguage\":\"en-US\",\"@id\":\"https:\\\/\\\/madoskampas.lt\\\/produktas\\\/lusso-cashmere-megztas-kostiumelis-su-kasmyru\\\/#primaryimage\",\"url\":\"https:\\\/\\\/madoskampas.lt\\\/wp-content\\\/uploads\\\/2025\\\/09\\\/IMG_1138-1.jpeg\",\"contentUrl\":\"https:\\\/\\\/madoskampas.lt\\\/wp-content\\\/uploads\\\/2025\\\/09\\\/IMG_1138-1.jpeg\",\"width\":1330,\"height\":2364},{\"@type\":\"BreadcrumbList\",\"@id\":\"https:\\\/\\\/madoskampas.lt\\\/produktas\\\/lusso-cashmere-megztas-kostiumelis-su-kasmyru\\\/#breadcrumb\",\"itemListElement\":[{\"@type\":\"ListItem\",\"position\":1,\"name\":\"Home\",\"item\":\"https:\\\/\\\/madoskampas.lt\\\/\"},{\"@type\":\"ListItem\",\"position\":2,\"name\":\"Parduotuv\u0117\",\"item\":\"https:\\\/\\\/madoskampas.lt\\\/parduotuve-2\\\/\"},{\"@type\":\"ListItem\",\"position\":3,\"name\":\"&#8222;Lusso Wool Comfort Set &#8221; kostium\u0117lis\"}]},{\"@type\":\"WebSite\",\"@id\":\"https:\\\/\\\/madoskampas.lt\\\/#website\",\"url\":\"https:\\\/\\\/madoskampas.lt\\\/\",\"name\":\"MadosKampas.lt\",\"description\":\"Stilingi drabu\u017eiai moterims\",\"potentialAction\":[{\"@type\":\"SearchAction\",\"target\":{\"@type\":\"EntryPoint\",\"urlTemplate\":\"https:\\\/\\\/madoskampas.lt\\\/?s={search_term_string}\"},\"query-input\":{\"@type\":\"PropertyValueSpecification\",\"valueRequired\":true,\"valueName\":\"search_term_string\"}}],\"inLanguage\":\"en-US\"}]}<\/script>\n<!-- \/ Yoast SEO plugin. -->","yoast_head_json":{"title":"\"Lusso Wool Comfort Set \" kostium\u0117lis - MadosKampas.lt","robots":{"index":"index","follow":"follow","max-snippet":"max-snippet:-1","max-image-preview":"max-image-preview:large","max-video-preview":"max-video-preview:-1"},"canonical":"https:\/\/madoskampas.lt\/en\/product\/lusso-cashmere-megztas-kostiumelis-su-kasmyru\/","og_locale":"en_US","og_type":"article","og_title":"\"Lusso Wool Comfort Set \" kostium\u0117lis - MadosKampas.lt","og_description":"\u201eLusso\u201c \u2013 megztas dviej\u0173 dali\u0173 kostium\u0117lis, kuriame susilieja kasdienis komfortas, subtilus stilius ir prabangaus \u0161velnumo poj\u016btis.Ilgesn\u0117 palaidin\u0117 su minimalistine priekine linija ir plat\u0117jan\u010dios keln\u0117s kuria eleganti\u0161k\u0105, lengvai krintant\u012f siluet\u0105, tinkant\u012f bet kokiai progai \u2013 nuo poilsio namuose iki miesto dien\u0173 ar kelioni\u0173. \u2714 Dviej\u0173 dali\u0173 komplektas \u2013 palaidin\u0117 + plat\u0117jan\u010dios keln\u0117s\u2714 Dydis universalus (tinka S\u2013XL)\u2714 Sud\u0117tis: 60 % vilna, 30 % medviln\u0117, 10 % elastanas\u2714 Keln\u0117s \u2013 ilgis 107 cm, per klubus 50\u201355 cm\u2714 Vir\u0161us \u2013 per kr\u016btin\u0119 53\u201358 cm \u2728 Tobulas derinys moteriai, kuri vertina \u0161ilum\u0105, patogum\u0105 ir itali\u0161k\u0105 rafinuotum\u0105.","og_url":"https:\/\/madoskampas.lt\/en\/product\/lusso-cashmere-megztas-kostiumelis-su-kasmyru\/","og_site_name":"MadosKampas.lt","article_modified_time":"2025-11-14T16:23:54+00:00","og_image":[{"width":1330,"height":2364,"url":"https:\/\/madoskampas.lt\/wp-content\/uploads\/2025\/09\/IMG_1138-1.jpeg","type":"image\/jpeg"}],"twitter_card":"summary_large_image","twitter_misc":{"Est. reading time":"1 minute"},"schema":{"@context":"https:\/\/schema.org","@graph":[{"@type":"WebPage","@id":"https:\/\/madoskampas.lt\/produktas\/lusso-cashmere-megztas-kostiumelis-su-kasmyru\/","url":"https:\/\/madoskampas.lt\/produktas\/lusso-cashmere-megztas-kostiumelis-su-kasmyru\/","name":"\"Lusso Wool Comfort Set \" kostium\u0117lis - MadosKampas.lt","isPartOf":{"@id":"https:\/\/madoskampas.lt\/#website"},"primaryImageOfPage":{"@id":"https:\/\/madoskampas.lt\/produktas\/lusso-cashmere-megztas-kostiumelis-su-kasmyru\/#primaryimage"},"image":{"@id":"https:\/\/madoskampas.lt\/produktas\/lusso-cashmere-megztas-kostiumelis-su-kasmyru\/#primaryimage"},"thumbnailUrl":"https:\/\/madoskampas.lt\/wp-content\/uploads\/2025\/09\/IMG_1138-1.jpeg","datePublished":"2025-09-04T15:30:27+00:00","dateModified":"2025-11-14T16:23:54+00:00","breadcrumb":{"@id":"https:\/\/madoskampas.lt\/produktas\/lusso-cashmere-megztas-kostiumelis-su-kasmyru\/#breadcrumb"},"inLanguage":"en-US","potentialAction":[{"@type":"ReadAction","target":["https:\/\/madoskampas.lt\/produktas\/lusso-cashmere-megztas-kostiumelis-su-kasmyru\/"]}]},{"@type":"ImageObject","inLanguage":"en-US","@id":"https:\/\/madoskampas.lt\/produktas\/lusso-cashmere-megztas-kostiumelis-su-kasmyru\/#primaryimage","url":"https:\/\/madoskampas.lt\/wp-content\/uploads\/2025\/09\/IMG_1138-1.jpeg","contentUrl":"https:\/\/madoskampas.lt\/wp-content\/uploads\/2025\/09\/IMG_1138-1.jpeg","width":1330,"height":2364},{"@type":"BreadcrumbList","@id":"https:\/\/madoskampas.lt\/produktas\/lusso-cashmere-megztas-kostiumelis-su-kasmyru\/#breadcrumb","itemListElement":[{"@type":"ListItem","position":1,"name":"Home","item":"https:\/\/madoskampas.lt\/"},{"@type":"ListItem","position":2,"name":"Parduotuv\u0117","item":"https:\/\/madoskampas.lt\/parduotuve-2\/"},{"@type":"ListItem","position":3,"name":"&#8222;Lusso Wool Comfort Set &#8221; kostium\u0117lis"}]},{"@type":"WebSite","@id":"https:\/\/madoskampas.lt\/#website","url":"https:\/\/madoskampas.lt\/","name":"FashionKampas.lt","description":"Stylish clothes for women","potentialAction":[{"@type":"SearchAction","target":{"@type":"EntryPoint","urlTemplate":"https:\/\/madoskampas.lt\/?s={search_term_string}"},"query-input":{"@type":"PropertyValueSpecification","valueRequired":true,"valueName":"search_term_string"}}],"inLanguage":"en-US"}]}},"uagb_featured_image_src":{"full":["https:\/\/madoskampas.lt\/wp-content\/uploads\/2025\/09\/IMG_1138-1.jpeg",1330,2364,false],"thumbnail":["https:\/\/madoskampas.lt\/wp-content\/uploads\/2025\/09\/IMG_1138-1-150x150.jpeg",150,150,true],"medium":["https:\/\/madoskampas.lt\/wp-content\/uploads\/2025\/09\/IMG_1138-1-169x300.jpeg",169,300,true],"medium_large":["https:\/\/madoskampas.lt\/wp-content\/uploads\/2025\/09\/IMG_1138-1-768x1365.jpeg",768,1365,true],"large":["https:\/\/madoskampas.lt\/wp-content\/uploads\/2025\/09\/IMG_1138-1-576x1024.jpeg",576,1024,true],"1536x1536":["https:\/\/madoskampas.lt\/wp-content\/uploads\/2025\/09\/IMG_1138-1-864x1536.jpeg",864,1536,true],"2048x2048":["https:\/\/madoskampas.lt\/wp-content\/uploads\/2025\/09\/IMG_1138-1-1152x2048.jpeg",1152,2048,true],"trp-custom-language-flag":["https:\/\/madoskampas.lt\/wp-content\/uploads\/2025\/09\/IMG_1138-1.jpeg",7,12,false],"nova-image-square":["https:\/\/madoskampas.lt\/wp-content\/uploads\/2025\/09\/IMG_1138-1-1100x1100.jpeg",1100,1100,true],"mixtas-product-03":["https:\/\/madoskampas.lt\/wp-content\/uploads\/2025\/09\/IMG_1138-1-600x345.jpeg",600,345,true],"woocommerce_thumbnail":["https:\/\/madoskampas.lt\/wp-content\/uploads\/2025\/09\/IMG_1138-1-700x700.jpeg",700,700,true],"woocommerce_single":["https:\/\/madoskampas.lt\/wp-content\/uploads\/2025\/09\/IMG_1138-1-1000x1777.jpeg",1000,1777,true],"woocommerce_gallery_thumbnail":["https:\/\/madoskampas.lt\/wp-content\/uploads\/2025\/09\/IMG_1138-1-250x250.jpeg",250,250,true],"variation_swatches_image_size":["https:\/\/madoskampas.lt\/wp-content\/uploads\/2025\/09\/IMG_1138-1-50x50.jpeg",50,50,true],"variation_swatches_tooltip_size":["https:\/\/madoskampas.lt\/wp-content\/uploads\/2025\/09\/IMG_1138-1-100x100.jpeg",100,100,true]},"uagb_author_info":{"display_name":"algirdasbart","author_link":"https:\/\/madoskampas.lt\/en\/author\/"},"uagb_comment_info":0,"uagb_excerpt":"\u201eLusso\u201c \u2013 megztas dviej\u0173 dali\u0173 kostium\u0117lis, kuriame susilieja kasdienis komfortas, subtilus stilius ir prabangaus \u0161velnumo poj\u016btis.Ilgesn\u0117 palaidin\u0117 su minimalistine priekine linija ir plat\u0117jan\u010dios keln\u0117s kuria eleganti\u0161k\u0105, lengvai krintant\u012f siluet\u0105, tinkant\u012f bet kokiai progai \u2013 nuo poilsio namuose iki miesto dien\u0173 ar kelioni\u0173. \u2714 Dviej\u0173 dali\u0173 komplektas \u2013 palaidin\u0117 + plat\u0117jan\u010dios keln\u0117s\u2714 Dydis universalus (tinka S\u2013XL)\u2714&hellip;","jetpack_sharing_enabled":true,"_links":{"self":[{"href":"https:\/\/madoskampas.lt\/en\/wp-json\/wp\/v2\/product\/19170","targetHints":{"allow":["GET"]}}],"collection":[{"href":"https:\/\/madoskampas.lt\/en\/wp-json\/wp\/v2\/product"}],"about":[{"href":"https:\/\/madoskampas.lt\/en\/wp-json\/wp\/v2\/types\/product"}],"replies":[{"embeddable":true,"href":"https:\/\/madoskampas.lt\/en\/wp-json\/wp\/v2\/comments?post=19170"}],"wp:featuredmedia":[{"embeddable":true,"href":"https:\/\/madoskampas.lt\/en\/wp-json\/wp\/v2\/media\/21959"}],"wp:attachment":[{"href":"https:\/\/madoskampas.lt\/en\/wp-json\/wp\/v2\/media?parent=19170"}],"wp:term":[{"taxonomy":"product_brand","embeddable":true,"href":"https:\/\/madoskampas.lt\/en\/wp-json\/wp\/v2\/product_brand?post=19170"},{"taxonomy":"product_cat","embeddable":true,"href":"https:\/\/madoskampas.lt\/en\/wp-json\/wp\/v2\/product_cat?post=19170"},{"taxonomy":"product_tag","embeddable":true,"href":"https:\/\/madoskampas.lt\/en\/wp-json\/wp\/v2\/product_tag?post=19170"}],"curies":[{"name":"wp","href":"https:\/\/api.w.org\/{rel}","templated":true}]}}