{"id":19652,"date":"2025-09-15T12:46:54","date_gmt":"2025-09-15T12:46:54","guid":{"rendered":"https:\/\/madoskampas.lt\/?post_type=product&#038;p=19652"},"modified":"2025-11-15T11:15:14","modified_gmt":"2025-11-15T11:15:14","slug":"ash-grey-tiesaus-kirpimo-dzinsai-mg-750","status":"publish","type":"product","link":"https:\/\/madoskampas.lt\/en\/product\/ash-grey-tiesaus-kirpimo-dzinsai-mg-750\/","title":{"rendered":"\u201eAsh Grey\u201c tiesaus kirpimo d\u017einsai MG-750"},"content":{"rendered":"<p>\u201eAsh Grey\u201c \u2013 stilingi pilkos d\u017einso spalvos d\u017einsai, kuriuose dera komfortas ir minimalistinis dizainas. Tiesaus, kiek platesnio silueto kirpimas suteikia moderni\u0105 form\u0105, o auk\u0161tesnis liemuo dailiai pabr\u0117\u017eia fig\u016br\u0105 ir vizualiai ilgina kojas.<\/p>","protected":false},"excerpt":{"rendered":"<p data-start=\"149\" data-end=\"409\">\u201eAsh Grey\u201c \u2013 stilingi pilkos d\u017einso spalvos d\u017einsai, kuriuose dera komfortas ir minimalistinis dizainas. Tiesaus, kiek platesnio silueto kirpimas suteikia moderni\u0105 form\u0105, o auk\u0161tesnis liemuo dailiai pabr\u0117\u017eia fig\u016br\u0105 ir vizualiai ilgina kojas.<\/p>\n<p data-start=\"411\" data-end=\"684\">Pagaminti i\u0161 \u0161iek tiek elastingo audinio, \u0161ie d\u017einsai i\u0161lieka patog\u016bs kasdienai ir nepraranda formos. Neutrali pilka spalva yra universali ir puikiai dera tiek prie \u0161viesi\u0173, tiek prie sodri\u0173 vir\u0161utini\u0173 drabu\u017ei\u0173 \u2013 nuo klasikinio megztinio iki sportinio stiliaus d\u017eemperio.<\/p>\n<table class=\"w-fit min-w-(--thread-content-width)\" data-start=\"151\" data-end=\"408\">\n<thead data-start=\"151\" data-end=\"186\">\n<tr data-start=\"151\" data-end=\"186\">\n<th data-start=\"151\" data-end=\"159\" data-col-size=\"sm\">Size<\/th>\n<th data-start=\"159\" data-end=\"168\" data-col-size=\"sm\">Liemuo<\/th>\n<th data-start=\"168\" data-end=\"177\" data-col-size=\"sm\">Klubai<\/th>\n<th data-start=\"177\" data-end=\"186\" data-col-size=\"sm\">Ilgis<\/th>\n<\/tr>\n<\/thead>\n<tbody data-start=\"224\" data-end=\"408\">\n<tr data-start=\"224\" data-end=\"260\">\n<td data-start=\"224\" data-end=\"232\" data-col-size=\"sm\">XS<\/td>\n<td data-col-size=\"sm\" data-start=\"232\" data-end=\"241\">31<\/td>\n<td data-col-size=\"sm\" data-start=\"241\" data-end=\"250\">45<\/td>\n<td data-col-size=\"sm\" data-start=\"250\" data-end=\"260\">107<\/td>\n<\/tr>\n<tr data-start=\"261\" data-end=\"297\">\n<td data-start=\"261\" data-end=\"269\" data-col-size=\"sm\">S<\/td>\n<td data-col-size=\"sm\" data-start=\"269\" data-end=\"278\">32<\/td>\n<td data-col-size=\"sm\" data-start=\"278\" data-end=\"287\">46<\/td>\n<td data-col-size=\"sm\" data-start=\"287\" data-end=\"297\">107<\/td>\n<\/tr>\n<tr data-start=\"298\" data-end=\"334\">\n<td data-start=\"298\" data-end=\"306\" data-col-size=\"sm\">M<\/td>\n<td data-col-size=\"sm\" data-start=\"306\" data-end=\"315\">35<\/td>\n<td data-col-size=\"sm\" data-start=\"315\" data-end=\"324\">50<\/td>\n<td data-col-size=\"sm\" data-start=\"324\" data-end=\"334\">108<\/td>\n<\/tr>\n<tr data-start=\"335\" data-end=\"371\">\n<td data-start=\"335\" data-end=\"343\" data-col-size=\"sm\">L<\/td>\n<td data-col-size=\"sm\" data-start=\"343\" data-end=\"352\">37<\/td>\n<td data-col-size=\"sm\" data-start=\"352\" data-end=\"361\">52<\/td>\n<td data-col-size=\"sm\" data-start=\"361\" data-end=\"371\">108<\/td>\n<\/tr>\n<tr data-start=\"372\" data-end=\"408\">\n<td data-start=\"372\" data-end=\"380\" data-col-size=\"sm\">XL<\/td>\n<td data-col-size=\"sm\" data-start=\"380\" data-end=\"389\">39<\/td>\n<td data-col-size=\"sm\" data-start=\"389\" data-end=\"398\">55<\/td>\n<td data-col-size=\"sm\" data-start=\"398\" data-end=\"408\">108<\/td>\n<\/tr>\n<\/tbody>\n<\/table>\n<div class=\"sticky end-(--thread-content-margin) h-0 self-end select-none\">\n<div class=\"absolute end-0 flex items-end\"><em style=\"font-size: inherit;\" data-start=\"412\" data-end=\"482\">I\u0161matavimai matuoti tiesiai ant drabu\u017eio, gali b\u016bti \u00b11 cm skirtumas.<\/em><\/div>\n<\/div>","protected":false},"featured_media":19629,"comment_status":"open","ping_status":"closed","template":"","meta":{"_uag_custom_page_level_css":"","_monsterinsights_skip_tracking":false,"_monsterinsights_sitenote_active":false,"_monsterinsights_sitenote_note":"","_monsterinsights_sitenote_category":0},"product_brand":[],"product_cat":[66,67,95,96],"product_tag":[],"class_list":{"0":"post-19652","1":"product","2":"type-product","3":"status-publish","4":"has-post-thumbnail","6":"product_cat-drabuziai","7":"product_cat-dzinsai","8":"product_cat-naujausi","9":"product_cat-populiariausi","10":"tm-has-options","12":"first","13":"outofstock","14":"shipping-taxable","15":"purchasable","16":"product-type-variable"},"yoast_head":"<!-- This site is optimized with the Yoast SEO plugin v27.3 - https:\/\/yoast.com\/product\/yoast-seo-wordpress\/ -->\n<title>\u201eAsh Grey\u201c tiesaus kirpimo d\u017einsai MG-750 - MadosKampas.lt<\/title>\n<meta name=\"robots\" content=\"index, follow, max-snippet:-1, max-image-preview:large, max-video-preview:-1\" \/>\n<link rel=\"canonical\" href=\"https:\/\/madoskampas.lt\/en\/product\/ash-grey-tiesaus-kirpimo-dzinsai-mg-750\/\" \/>\n<meta property=\"og:locale\" content=\"en_US\" \/>\n<meta property=\"og:type\" content=\"article\" \/>\n<meta property=\"og:title\" content=\"\u201eAsh Grey\u201c tiesaus kirpimo d\u017einsai MG-750 - MadosKampas.lt\" \/>\n<meta property=\"og:description\" content=\"\u201eAsh Grey\u201c \u2013 stilingi pilkos d\u017einso spalvos d\u017einsai, kuriuose dera komfortas ir minimalistinis dizainas. Tiesaus, kiek platesnio silueto kirpimas suteikia moderni\u0105 form\u0105, o auk\u0161tesnis liemuo dailiai pabr\u0117\u017eia fig\u016br\u0105 ir vizualiai ilgina kojas. Pagaminti i\u0161 \u0161iek tiek elastingo audinio, \u0161ie d\u017einsai i\u0161lieka patog\u016bs kasdienai ir nepraranda formos. Neutrali pilka spalva yra universali ir puikiai dera tiek prie \u0161viesi\u0173, tiek prie sodri\u0173 vir\u0161utini\u0173 drabu\u017ei\u0173 \u2013 nuo klasikinio megztinio iki sportinio stiliaus d\u017eemperio.     Dydis Liemuo Klubai Ilgis     XS 31 45 107   S 32 46 107   M 35 50 108   L 37 52 108   XL 39 55 108     I\u0161matavimai matuoti tiesiai ant drabu\u017eio, gali b\u016bti \u00b11 cm skirtumas.\" \/>\n<meta property=\"og:url\" content=\"https:\/\/madoskampas.lt\/en\/product\/ash-grey-tiesaus-kirpimo-dzinsai-mg-750\/\" \/>\n<meta property=\"og:site_name\" content=\"MadosKampas.lt\" \/>\n<meta property=\"article:modified_time\" content=\"2025-11-15T11:15:14+00:00\" \/>\n<meta property=\"og:image\" content=\"https:\/\/madoskampas.lt\/wp-content\/uploads\/2025\/09\/IMG_6556.jpeg\" \/>\n\t<meta property=\"og:image:width\" content=\"1536\" \/>\n\t<meta property=\"og:image:height\" content=\"2048\" \/>\n\t<meta property=\"og:image:type\" content=\"image\/jpeg\" \/>\n<meta name=\"twitter:card\" content=\"summary_large_image\" \/>\n<meta name=\"twitter:label1\" content=\"Est. reading time\" \/>\n\t<meta name=\"twitter:data1\" content=\"1 minute\" \/>\n<script type=\"application\/ld+json\" class=\"yoast-schema-graph\">{\"@context\":\"https:\\\/\\\/schema.org\",\"@graph\":[{\"@type\":\"WebPage\",\"@id\":\"https:\\\/\\\/madoskampas.lt\\\/produktas\\\/ash-grey-tiesaus-kirpimo-dzinsai-mg-750\\\/\",\"url\":\"https:\\\/\\\/madoskampas.lt\\\/produktas\\\/ash-grey-tiesaus-kirpimo-dzinsai-mg-750\\\/\",\"name\":\"\u201eAsh Grey\u201c tiesaus kirpimo d\u017einsai MG-750 - MadosKampas.lt\",\"isPartOf\":{\"@id\":\"https:\\\/\\\/madoskampas.lt\\\/#website\"},\"primaryImageOfPage\":{\"@id\":\"https:\\\/\\\/madoskampas.lt\\\/produktas\\\/ash-grey-tiesaus-kirpimo-dzinsai-mg-750\\\/#primaryimage\"},\"image\":{\"@id\":\"https:\\\/\\\/madoskampas.lt\\\/produktas\\\/ash-grey-tiesaus-kirpimo-dzinsai-mg-750\\\/#primaryimage\"},\"thumbnailUrl\":\"https:\\\/\\\/madoskampas.lt\\\/wp-content\\\/uploads\\\/2025\\\/09\\\/IMG_6556.jpeg\",\"datePublished\":\"2025-09-15T12:46:54+00:00\",\"dateModified\":\"2025-11-15T11:15:14+00:00\",\"breadcrumb\":{\"@id\":\"https:\\\/\\\/madoskampas.lt\\\/produktas\\\/ash-grey-tiesaus-kirpimo-dzinsai-mg-750\\\/#breadcrumb\"},\"inLanguage\":\"en-US\",\"potentialAction\":[{\"@type\":\"ReadAction\",\"target\":[\"https:\\\/\\\/madoskampas.lt\\\/produktas\\\/ash-grey-tiesaus-kirpimo-dzinsai-mg-750\\\/\"]}]},{\"@type\":\"ImageObject\",\"inLanguage\":\"en-US\",\"@id\":\"https:\\\/\\\/madoskampas.lt\\\/produktas\\\/ash-grey-tiesaus-kirpimo-dzinsai-mg-750\\\/#primaryimage\",\"url\":\"https:\\\/\\\/madoskampas.lt\\\/wp-content\\\/uploads\\\/2025\\\/09\\\/IMG_6556.jpeg\",\"contentUrl\":\"https:\\\/\\\/madoskampas.lt\\\/wp-content\\\/uploads\\\/2025\\\/09\\\/IMG_6556.jpeg\",\"width\":1536,\"height\":2048},{\"@type\":\"BreadcrumbList\",\"@id\":\"https:\\\/\\\/madoskampas.lt\\\/produktas\\\/ash-grey-tiesaus-kirpimo-dzinsai-mg-750\\\/#breadcrumb\",\"itemListElement\":[{\"@type\":\"ListItem\",\"position\":1,\"name\":\"Home\",\"item\":\"https:\\\/\\\/madoskampas.lt\\\/\"},{\"@type\":\"ListItem\",\"position\":2,\"name\":\"Parduotuv\u0117\",\"item\":\"https:\\\/\\\/madoskampas.lt\\\/parduotuve-2\\\/\"},{\"@type\":\"ListItem\",\"position\":3,\"name\":\"\u201eAsh Grey\u201c tiesaus kirpimo d\u017einsai MG-750\"}]},{\"@type\":\"WebSite\",\"@id\":\"https:\\\/\\\/madoskampas.lt\\\/#website\",\"url\":\"https:\\\/\\\/madoskampas.lt\\\/\",\"name\":\"MadosKampas.lt\",\"description\":\"Stilingi drabu\u017eiai moterims\",\"potentialAction\":[{\"@type\":\"SearchAction\",\"target\":{\"@type\":\"EntryPoint\",\"urlTemplate\":\"https:\\\/\\\/madoskampas.lt\\\/?s={search_term_string}\"},\"query-input\":{\"@type\":\"PropertyValueSpecification\",\"valueRequired\":true,\"valueName\":\"search_term_string\"}}],\"inLanguage\":\"en-US\"}]}<\/script>\n<!-- \/ Yoast SEO plugin. -->","yoast_head_json":{"title":"\u201eAsh Grey\u201c tiesaus kirpimo d\u017einsai MG-750 - MadosKampas.lt","robots":{"index":"index","follow":"follow","max-snippet":"max-snippet:-1","max-image-preview":"max-image-preview:large","max-video-preview":"max-video-preview:-1"},"canonical":"https:\/\/madoskampas.lt\/en\/product\/ash-grey-tiesaus-kirpimo-dzinsai-mg-750\/","og_locale":"en_US","og_type":"article","og_title":"\u201eAsh Grey\u201c tiesaus kirpimo d\u017einsai MG-750 - MadosKampas.lt","og_description":"\u201eAsh Grey\u201c \u2013 stilingi pilkos d\u017einso spalvos d\u017einsai, kuriuose dera komfortas ir minimalistinis dizainas. Tiesaus, kiek platesnio silueto kirpimas suteikia moderni\u0105 form\u0105, o auk\u0161tesnis liemuo dailiai pabr\u0117\u017eia fig\u016br\u0105 ir vizualiai ilgina kojas. Pagaminti i\u0161 \u0161iek tiek elastingo audinio, \u0161ie d\u017einsai i\u0161lieka patog\u016bs kasdienai ir nepraranda formos. Neutrali pilka spalva yra universali ir puikiai dera tiek prie \u0161viesi\u0173, tiek prie sodri\u0173 vir\u0161utini\u0173 drabu\u017ei\u0173 \u2013 nuo klasikinio megztinio iki sportinio stiliaus d\u017eemperio.     Dydis Liemuo Klubai Ilgis     XS 31 45 107   S 32 46 107   M 35 50 108   L 37 52 108   XL 39 55 108     I\u0161matavimai matuoti tiesiai ant drabu\u017eio, gali b\u016bti \u00b11 cm skirtumas.","og_url":"https:\/\/madoskampas.lt\/en\/product\/ash-grey-tiesaus-kirpimo-dzinsai-mg-750\/","og_site_name":"MadosKampas.lt","article_modified_time":"2025-11-15T11:15:14+00:00","og_image":[{"width":1536,"height":2048,"url":"https:\/\/madoskampas.lt\/wp-content\/uploads\/2025\/09\/IMG_6556.jpeg","type":"image\/jpeg"}],"twitter_card":"summary_large_image","twitter_misc":{"Est. reading time":"1 minute"},"schema":{"@context":"https:\/\/schema.org","@graph":[{"@type":"WebPage","@id":"https:\/\/madoskampas.lt\/produktas\/ash-grey-tiesaus-kirpimo-dzinsai-mg-750\/","url":"https:\/\/madoskampas.lt\/produktas\/ash-grey-tiesaus-kirpimo-dzinsai-mg-750\/","name":"\u201eAsh Grey\u201c tiesaus kirpimo d\u017einsai MG-750 - MadosKampas.lt","isPartOf":{"@id":"https:\/\/madoskampas.lt\/#website"},"primaryImageOfPage":{"@id":"https:\/\/madoskampas.lt\/produktas\/ash-grey-tiesaus-kirpimo-dzinsai-mg-750\/#primaryimage"},"image":{"@id":"https:\/\/madoskampas.lt\/produktas\/ash-grey-tiesaus-kirpimo-dzinsai-mg-750\/#primaryimage"},"thumbnailUrl":"https:\/\/madoskampas.lt\/wp-content\/uploads\/2025\/09\/IMG_6556.jpeg","datePublished":"2025-09-15T12:46:54+00:00","dateModified":"2025-11-15T11:15:14+00:00","breadcrumb":{"@id":"https:\/\/madoskampas.lt\/produktas\/ash-grey-tiesaus-kirpimo-dzinsai-mg-750\/#breadcrumb"},"inLanguage":"en-US","potentialAction":[{"@type":"ReadAction","target":["https:\/\/madoskampas.lt\/produktas\/ash-grey-tiesaus-kirpimo-dzinsai-mg-750\/"]}]},{"@type":"ImageObject","inLanguage":"en-US","@id":"https:\/\/madoskampas.lt\/produktas\/ash-grey-tiesaus-kirpimo-dzinsai-mg-750\/#primaryimage","url":"https:\/\/madoskampas.lt\/wp-content\/uploads\/2025\/09\/IMG_6556.jpeg","contentUrl":"https:\/\/madoskampas.lt\/wp-content\/uploads\/2025\/09\/IMG_6556.jpeg","width":1536,"height":2048},{"@type":"BreadcrumbList","@id":"https:\/\/madoskampas.lt\/produktas\/ash-grey-tiesaus-kirpimo-dzinsai-mg-750\/#breadcrumb","itemListElement":[{"@type":"ListItem","position":1,"name":"Home","item":"https:\/\/madoskampas.lt\/"},{"@type":"ListItem","position":2,"name":"Parduotuv\u0117","item":"https:\/\/madoskampas.lt\/parduotuve-2\/"},{"@type":"ListItem","position":3,"name":"\u201eAsh Grey\u201c tiesaus kirpimo d\u017einsai MG-750"}]},{"@type":"WebSite","@id":"https:\/\/madoskampas.lt\/#website","url":"https:\/\/madoskampas.lt\/","name":"FashionKampas.lt","description":"Stylish clothes for women","potentialAction":[{"@type":"SearchAction","target":{"@type":"EntryPoint","urlTemplate":"https:\/\/madoskampas.lt\/?s={search_term_string}"},"query-input":{"@type":"PropertyValueSpecification","valueRequired":true,"valueName":"search_term_string"}}],"inLanguage":"en-US"}]}},"uagb_featured_image_src":{"full":["https:\/\/madoskampas.lt\/wp-content\/uploads\/2025\/09\/IMG_6556.jpeg",1536,2048,false],"thumbnail":["https:\/\/madoskampas.lt\/wp-content\/uploads\/2025\/09\/IMG_6556-150x150.jpeg",150,150,true],"medium":["https:\/\/madoskampas.lt\/wp-content\/uploads\/2025\/09\/IMG_6556-225x300.jpeg",225,300,true],"medium_large":["https:\/\/madoskampas.lt\/wp-content\/uploads\/2025\/09\/IMG_6556-768x1024.jpeg",768,1024,true],"large":["https:\/\/madoskampas.lt\/wp-content\/uploads\/2025\/09\/IMG_6556-768x1024.jpeg",768,1024,true],"1536x1536":["https:\/\/madoskampas.lt\/wp-content\/uploads\/2025\/09\/IMG_6556-1152x1536.jpeg",1152,1536,true],"2048x2048":["https:\/\/madoskampas.lt\/wp-content\/uploads\/2025\/09\/IMG_6556.jpeg",1536,2048,false],"trp-custom-language-flag":["https:\/\/madoskampas.lt\/wp-content\/uploads\/2025\/09\/IMG_6556.jpeg",9,12,false],"nova-image-square":["https:\/\/madoskampas.lt\/wp-content\/uploads\/2025\/09\/IMG_6556-1100x1100.jpeg",1100,1100,true],"mixtas-product-03":["https:\/\/madoskampas.lt\/wp-content\/uploads\/2025\/09\/IMG_6556-600x345.jpeg",600,345,true],"woocommerce_thumbnail":["https:\/\/madoskampas.lt\/wp-content\/uploads\/2025\/09\/IMG_6556-700x700.jpeg",700,700,true],"woocommerce_single":["https:\/\/madoskampas.lt\/wp-content\/uploads\/2025\/09\/IMG_6556-1000x1333.jpeg",1000,1333,true],"woocommerce_gallery_thumbnail":["https:\/\/madoskampas.lt\/wp-content\/uploads\/2025\/09\/IMG_6556-250x250.jpeg",250,250,true],"variation_swatches_image_size":["https:\/\/madoskampas.lt\/wp-content\/uploads\/2025\/09\/IMG_6556-50x50.jpeg",50,50,true],"variation_swatches_tooltip_size":["https:\/\/madoskampas.lt\/wp-content\/uploads\/2025\/09\/IMG_6556-100x100.jpeg",100,100,true]},"uagb_author_info":{"display_name":"algirdasbart","author_link":"https:\/\/madoskampas.lt\/en\/author\/"},"uagb_comment_info":0,"uagb_excerpt":"\u201eAsh Grey\u201c \u2013 stilingi pilkos d\u017einso spalvos d\u017einsai, kuriuose dera komfortas ir minimalistinis dizainas. Tiesaus, kiek platesnio silueto kirpimas suteikia moderni\u0105 form\u0105, o auk\u0161tesnis liemuo dailiai pabr\u0117\u017eia fig\u016br\u0105 ir vizualiai ilgina kojas. Pagaminti i\u0161 \u0161iek tiek elastingo audinio, \u0161ie d\u017einsai i\u0161lieka patog\u016bs kasdienai ir nepraranda formos. Neutrali pilka spalva yra universali ir puikiai dera tiek&hellip;","jetpack_sharing_enabled":true,"_links":{"self":[{"href":"https:\/\/madoskampas.lt\/en\/wp-json\/wp\/v2\/product\/19652","targetHints":{"allow":["GET"]}}],"collection":[{"href":"https:\/\/madoskampas.lt\/en\/wp-json\/wp\/v2\/product"}],"about":[{"href":"https:\/\/madoskampas.lt\/en\/wp-json\/wp\/v2\/types\/product"}],"replies":[{"embeddable":true,"href":"https:\/\/madoskampas.lt\/en\/wp-json\/wp\/v2\/comments?post=19652"}],"wp:featuredmedia":[{"embeddable":true,"href":"https:\/\/madoskampas.lt\/en\/wp-json\/wp\/v2\/media\/19629"}],"wp:attachment":[{"href":"https:\/\/madoskampas.lt\/en\/wp-json\/wp\/v2\/media?parent=19652"}],"wp:term":[{"taxonomy":"product_brand","embeddable":true,"href":"https:\/\/madoskampas.lt\/en\/wp-json\/wp\/v2\/product_brand?post=19652"},{"taxonomy":"product_cat","embeddable":true,"href":"https:\/\/madoskampas.lt\/en\/wp-json\/wp\/v2\/product_cat?post=19652"},{"taxonomy":"product_tag","embeddable":true,"href":"https:\/\/madoskampas.lt\/en\/wp-json\/wp\/v2\/product_tag?post=19652"}],"curies":[{"name":"wp","href":"https:\/\/api.w.org\/{rel}","templated":true}]}}