{"id":19726,"date":"2025-09-15T15:39:40","date_gmt":"2025-09-15T15:39:40","guid":{"rendered":"https:\/\/madoskampas.lt\/?post_type=product&#038;p=19726"},"modified":"2026-03-10T11:55:05","modified_gmt":"2026-03-10T11:55:05","slug":"royal-chic-bordo-svarkelis","status":"publish","type":"product","link":"https:\/\/madoskampas.lt\/en\/product\/royal-chic-bordo-svarkelis\/","title":{"rendered":"\u201eRoyal Chic\u201c bordo \u0161varkelis"},"content":{"rendered":"<p>\u201eRoyal Chic\u201c \u2013 stilingas bordo spalvos \u0161varkelis, kuris i\u0161siskiria oversize siluetu ir dekoratyvine kar\u016bnos aplikacija.<\/p>","protected":false},"excerpt":{"rendered":"<p data-start=\"177\" data-end=\"471\">\u201eRoyal Chic\u201c \u2013 stilingas bordo spalvos \u0161varkelis, kuris i\u0161siskiria oversize siluetu ir dekoratyvine kar\u016bnos aplikacija. Lengvai krentantis, platesni\u0173 rankovi\u0173 modelis su u\u017etrauktuku sujungia komfort\u0105 ir elegancij\u0105, tod\u0117l puikiai tinka tiek kasdienai, tiek ypatingoms progoms.<\/p>\n<p data-start=\"473\" data-end=\"686\">Sodrus bordo atspalvis suteikia i\u0161skirtinumo, o patogus kirpimas leid\u017eia \u0161\u012f \u0161varkel\u012f lengvai derinti prie d\u017eins\u0173, kelni\u0173 ar sijono. Tai drabu\u017eis, kuris pabr\u0117\u017eia charakter\u012f ir tampa pagrindiniu \u012fvaizd\u017eio akcentu.<\/p>\n<p data-start=\"688\" data-end=\"760\">\ud83d\udccf <strong data-start=\"691\" data-end=\"703\">Size<\/strong> universalus (tinka M\u2013XL<\/p>\n<p data-start=\"688\" data-end=\"760\">Per kr\u016btin\u0117 57 cm<\/p>","protected":false},"featured_media":29204,"comment_status":"open","ping_status":"closed","template":"","meta":{"_uag_custom_page_level_css":"","_monsterinsights_skip_tracking":false,"_monsterinsights_sitenote_active":false,"_monsterinsights_sitenote_note":"","_monsterinsights_sitenote_category":0},"product_brand":[],"product_cat":[66,95,77,79],"product_tag":[],"class_list":{"0":"post-19726","1":"product","2":"type-product","3":"status-publish","4":"has-post-thumbnail","6":"product_cat-drabuziai","7":"product_cat-naujausi","8":"product_cat-striukes-paltai","9":"product_cat-svarkai","10":"tm-has-options","12":"first","13":"instock","14":"sale","15":"shipping-taxable","16":"purchasable","17":"product-type-simple"},"yoast_head":"<!-- This site is optimized with the Yoast SEO plugin v27.3 - https:\/\/yoast.com\/product\/yoast-seo-wordpress\/ -->\n<title>\u201eRoyal Chic\u201c bordo \u0161varkelis - MadosKampas.lt<\/title>\n<meta name=\"robots\" content=\"index, follow, max-snippet:-1, max-image-preview:large, max-video-preview:-1\" \/>\n<link rel=\"canonical\" href=\"https:\/\/madoskampas.lt\/en\/product\/royal-chic-bordo-svarkelis\/\" \/>\n<meta property=\"og:locale\" content=\"en_US\" \/>\n<meta property=\"og:type\" content=\"article\" \/>\n<meta property=\"og:title\" content=\"\u201eRoyal Chic\u201c bordo \u0161varkelis - MadosKampas.lt\" \/>\n<meta property=\"og:description\" content=\"\u201eRoyal Chic\u201c \u2013 stilingas bordo spalvos \u0161varkelis, kuris i\u0161siskiria oversize siluetu ir dekoratyvine kar\u016bnos aplikacija. Lengvai krentantis, platesni\u0173 rankovi\u0173 modelis su u\u017etrauktuku sujungia komfort\u0105 ir elegancij\u0105, tod\u0117l puikiai tinka tiek kasdienai, tiek ypatingoms progoms. Sodrus bordo atspalvis suteikia i\u0161skirtinumo, o patogus kirpimas leid\u017eia \u0161\u012f \u0161varkel\u012f lengvai derinti prie d\u017eins\u0173, kelni\u0173 ar sijono. Tai drabu\u017eis, kuris pabr\u0117\u017eia charakter\u012f ir tampa pagrindiniu \u012fvaizd\u017eio akcentu. \ud83d\udccf Dydis universalus (tinka M\u2013XL Per kr\u016btin\u0117 57 cm\" \/>\n<meta property=\"og:url\" content=\"https:\/\/madoskampas.lt\/en\/product\/royal-chic-bordo-svarkelis\/\" \/>\n<meta property=\"og:site_name\" content=\"MadosKampas.lt\" \/>\n<meta property=\"article:modified_time\" content=\"2026-03-10T11:55:05+00:00\" \/>\n<meta property=\"og:image\" content=\"https:\/\/madoskampas.lt\/wp-content\/uploads\/2025\/09\/IMG_6418.jpeg\" \/>\n\t<meta property=\"og:image:width\" content=\"1536\" \/>\n\t<meta property=\"og:image:height\" content=\"2048\" \/>\n\t<meta property=\"og:image:type\" content=\"image\/jpeg\" \/>\n<meta name=\"twitter:card\" content=\"summary_large_image\" \/>\n<meta name=\"twitter:label1\" content=\"Est. reading time\" \/>\n\t<meta name=\"twitter:data1\" content=\"1 minute\" \/>\n<script type=\"application\/ld+json\" class=\"yoast-schema-graph\">{\"@context\":\"https:\\\/\\\/schema.org\",\"@graph\":[{\"@type\":\"WebPage\",\"@id\":\"https:\\\/\\\/madoskampas.lt\\\/produktas\\\/royal-chic-bordo-svarkelis\\\/\",\"url\":\"https:\\\/\\\/madoskampas.lt\\\/produktas\\\/royal-chic-bordo-svarkelis\\\/\",\"name\":\"\u201eRoyal Chic\u201c bordo \u0161varkelis - MadosKampas.lt\",\"isPartOf\":{\"@id\":\"https:\\\/\\\/madoskampas.lt\\\/#website\"},\"primaryImageOfPage\":{\"@id\":\"https:\\\/\\\/madoskampas.lt\\\/produktas\\\/royal-chic-bordo-svarkelis\\\/#primaryimage\"},\"image\":{\"@id\":\"https:\\\/\\\/madoskampas.lt\\\/produktas\\\/royal-chic-bordo-svarkelis\\\/#primaryimage\"},\"thumbnailUrl\":\"https:\\\/\\\/madoskampas.lt\\\/wp-content\\\/uploads\\\/2025\\\/09\\\/img_9405-scaled.jpeg\",\"datePublished\":\"2025-09-15T15:39:40+00:00\",\"dateModified\":\"2026-03-10T11:55:05+00:00\",\"breadcrumb\":{\"@id\":\"https:\\\/\\\/madoskampas.lt\\\/produktas\\\/royal-chic-bordo-svarkelis\\\/#breadcrumb\"},\"inLanguage\":\"en-US\",\"potentialAction\":[{\"@type\":\"ReadAction\",\"target\":[\"https:\\\/\\\/madoskampas.lt\\\/produktas\\\/royal-chic-bordo-svarkelis\\\/\"]}]},{\"@type\":\"ImageObject\",\"inLanguage\":\"en-US\",\"@id\":\"https:\\\/\\\/madoskampas.lt\\\/produktas\\\/royal-chic-bordo-svarkelis\\\/#primaryimage\",\"url\":\"https:\\\/\\\/madoskampas.lt\\\/wp-content\\\/uploads\\\/2025\\\/09\\\/img_9405-scaled.jpeg\",\"contentUrl\":\"https:\\\/\\\/madoskampas.lt\\\/wp-content\\\/uploads\\\/2025\\\/09\\\/img_9405-scaled.jpeg\",\"width\":1920,\"height\":2560},{\"@type\":\"BreadcrumbList\",\"@id\":\"https:\\\/\\\/madoskampas.lt\\\/produktas\\\/royal-chic-bordo-svarkelis\\\/#breadcrumb\",\"itemListElement\":[{\"@type\":\"ListItem\",\"position\":1,\"name\":\"Home\",\"item\":\"https:\\\/\\\/madoskampas.lt\\\/\"},{\"@type\":\"ListItem\",\"position\":2,\"name\":\"Parduotuv\u0117\",\"item\":\"https:\\\/\\\/madoskampas.lt\\\/parduotuve-2\\\/\"},{\"@type\":\"ListItem\",\"position\":3,\"name\":\"\u201eRoyal Chic\u201c bordo \u0161varkelis\"}]},{\"@type\":\"WebSite\",\"@id\":\"https:\\\/\\\/madoskampas.lt\\\/#website\",\"url\":\"https:\\\/\\\/madoskampas.lt\\\/\",\"name\":\"MadosKampas.lt\",\"description\":\"Stilingi drabu\u017eiai moterims\",\"potentialAction\":[{\"@type\":\"SearchAction\",\"target\":{\"@type\":\"EntryPoint\",\"urlTemplate\":\"https:\\\/\\\/madoskampas.lt\\\/?s={search_term_string}\"},\"query-input\":{\"@type\":\"PropertyValueSpecification\",\"valueRequired\":true,\"valueName\":\"search_term_string\"}}],\"inLanguage\":\"en-US\"}]}<\/script>\n<!-- \/ Yoast SEO plugin. -->","yoast_head_json":{"title":"\u201eRoyal Chic\u201c bordo \u0161varkelis - MadosKampas.lt","robots":{"index":"index","follow":"follow","max-snippet":"max-snippet:-1","max-image-preview":"max-image-preview:large","max-video-preview":"max-video-preview:-1"},"canonical":"https:\/\/madoskampas.lt\/en\/product\/royal-chic-bordo-svarkelis\/","og_locale":"en_US","og_type":"article","og_title":"\u201eRoyal Chic\u201c bordo \u0161varkelis - MadosKampas.lt","og_description":"\u201eRoyal Chic\u201c \u2013 stilingas bordo spalvos \u0161varkelis, kuris i\u0161siskiria oversize siluetu ir dekoratyvine kar\u016bnos aplikacija. Lengvai krentantis, platesni\u0173 rankovi\u0173 modelis su u\u017etrauktuku sujungia komfort\u0105 ir elegancij\u0105, tod\u0117l puikiai tinka tiek kasdienai, tiek ypatingoms progoms. Sodrus bordo atspalvis suteikia i\u0161skirtinumo, o patogus kirpimas leid\u017eia \u0161\u012f \u0161varkel\u012f lengvai derinti prie d\u017eins\u0173, kelni\u0173 ar sijono. Tai drabu\u017eis, kuris pabr\u0117\u017eia charakter\u012f ir tampa pagrindiniu \u012fvaizd\u017eio akcentu. \ud83d\udccf Dydis universalus (tinka M\u2013XL Per kr\u016btin\u0117 57 cm","og_url":"https:\/\/madoskampas.lt\/en\/product\/royal-chic-bordo-svarkelis\/","og_site_name":"MadosKampas.lt","article_modified_time":"2026-03-10T11:55:05+00:00","og_image":[{"width":1536,"height":2048,"url":"https:\/\/madoskampas.lt\/wp-content\/uploads\/2025\/09\/IMG_6418.jpeg","type":"image\/jpeg"}],"twitter_card":"summary_large_image","twitter_misc":{"Est. reading time":"1 minute"},"schema":{"@context":"https:\/\/schema.org","@graph":[{"@type":"WebPage","@id":"https:\/\/madoskampas.lt\/produktas\/royal-chic-bordo-svarkelis\/","url":"https:\/\/madoskampas.lt\/produktas\/royal-chic-bordo-svarkelis\/","name":"\u201eRoyal Chic\u201c bordo \u0161varkelis - MadosKampas.lt","isPartOf":{"@id":"https:\/\/madoskampas.lt\/#website"},"primaryImageOfPage":{"@id":"https:\/\/madoskampas.lt\/produktas\/royal-chic-bordo-svarkelis\/#primaryimage"},"image":{"@id":"https:\/\/madoskampas.lt\/produktas\/royal-chic-bordo-svarkelis\/#primaryimage"},"thumbnailUrl":"https:\/\/madoskampas.lt\/wp-content\/uploads\/2025\/09\/img_9405-scaled.jpeg","datePublished":"2025-09-15T15:39:40+00:00","dateModified":"2026-03-10T11:55:05+00:00","breadcrumb":{"@id":"https:\/\/madoskampas.lt\/produktas\/royal-chic-bordo-svarkelis\/#breadcrumb"},"inLanguage":"en-US","potentialAction":[{"@type":"ReadAction","target":["https:\/\/madoskampas.lt\/produktas\/royal-chic-bordo-svarkelis\/"]}]},{"@type":"ImageObject","inLanguage":"en-US","@id":"https:\/\/madoskampas.lt\/produktas\/royal-chic-bordo-svarkelis\/#primaryimage","url":"https:\/\/madoskampas.lt\/wp-content\/uploads\/2025\/09\/img_9405-scaled.jpeg","contentUrl":"https:\/\/madoskampas.lt\/wp-content\/uploads\/2025\/09\/img_9405-scaled.jpeg","width":1920,"height":2560},{"@type":"BreadcrumbList","@id":"https:\/\/madoskampas.lt\/produktas\/royal-chic-bordo-svarkelis\/#breadcrumb","itemListElement":[{"@type":"ListItem","position":1,"name":"Home","item":"https:\/\/madoskampas.lt\/"},{"@type":"ListItem","position":2,"name":"Parduotuv\u0117","item":"https:\/\/madoskampas.lt\/parduotuve-2\/"},{"@type":"ListItem","position":3,"name":"\u201eRoyal Chic\u201c bordo \u0161varkelis"}]},{"@type":"WebSite","@id":"https:\/\/madoskampas.lt\/#website","url":"https:\/\/madoskampas.lt\/","name":"FashionKampas.lt","description":"Stylish clothes for women","potentialAction":[{"@type":"SearchAction","target":{"@type":"EntryPoint","urlTemplate":"https:\/\/madoskampas.lt\/?s={search_term_string}"},"query-input":{"@type":"PropertyValueSpecification","valueRequired":true,"valueName":"search_term_string"}}],"inLanguage":"en-US"}]}},"uagb_featured_image_src":{"full":["https:\/\/madoskampas.lt\/wp-content\/uploads\/2025\/09\/img_9405-scaled.jpeg",1920,2560,false],"thumbnail":["https:\/\/madoskampas.lt\/wp-content\/uploads\/2025\/09\/img_9405-150x150.jpeg",150,150,true],"medium":["https:\/\/madoskampas.lt\/wp-content\/uploads\/2025\/09\/img_9405-225x300.jpeg",225,300,true],"medium_large":["https:\/\/madoskampas.lt\/wp-content\/uploads\/2025\/09\/img_9405-768x1024.jpeg",768,1024,true],"large":["https:\/\/madoskampas.lt\/wp-content\/uploads\/2025\/09\/img_9405-768x1024.jpeg",768,1024,true],"1536x1536":["https:\/\/madoskampas.lt\/wp-content\/uploads\/2025\/09\/img_9405-1152x1536.jpeg",1152,1536,true],"2048x2048":["https:\/\/madoskampas.lt\/wp-content\/uploads\/2025\/09\/img_9405-1536x2048.jpeg",1536,2048,true],"trp-custom-language-flag":["https:\/\/madoskampas.lt\/wp-content\/uploads\/2025\/09\/img_9405-9x12.jpeg",9,12,true],"nova-image-square":["https:\/\/madoskampas.lt\/wp-content\/uploads\/2025\/09\/img_9405-1100x1100.jpeg",1100,1100,true],"mixtas-product-03":["https:\/\/madoskampas.lt\/wp-content\/uploads\/2025\/09\/img_9405-600x345.jpeg",600,345,true],"woocommerce_thumbnail":["https:\/\/madoskampas.lt\/wp-content\/uploads\/2025\/09\/img_9405-700x700.jpeg",700,700,true],"woocommerce_single":["https:\/\/madoskampas.lt\/wp-content\/uploads\/2025\/09\/img_9405-1000x1333.jpeg",1000,1333,true],"woocommerce_gallery_thumbnail":["https:\/\/madoskampas.lt\/wp-content\/uploads\/2025\/09\/img_9405-250x250.jpeg",250,250,true],"variation_swatches_image_size":["https:\/\/madoskampas.lt\/wp-content\/uploads\/2025\/09\/img_9405-50x50.jpeg",50,50,true],"variation_swatches_tooltip_size":["https:\/\/madoskampas.lt\/wp-content\/uploads\/2025\/09\/img_9405-100x100.jpeg",100,100,true]},"uagb_author_info":{"display_name":"algirdasbart","author_link":"https:\/\/madoskampas.lt\/en\/author\/"},"uagb_comment_info":0,"uagb_excerpt":"\u201eRoyal Chic\u201c \u2013 stilingas bordo spalvos \u0161varkelis, kuris i\u0161siskiria oversize siluetu ir dekoratyvine kar\u016bnos aplikacija. Lengvai krentantis, platesni\u0173 rankovi\u0173 modelis su u\u017etrauktuku sujungia komfort\u0105 ir elegancij\u0105, tod\u0117l puikiai tinka tiek kasdienai, tiek ypatingoms progoms. Sodrus bordo atspalvis suteikia i\u0161skirtinumo, o patogus kirpimas leid\u017eia \u0161\u012f \u0161varkel\u012f lengvai derinti prie d\u017eins\u0173, kelni\u0173 ar sijono. Tai drabu\u017eis, kuris&hellip;","jetpack_sharing_enabled":true,"_links":{"self":[{"href":"https:\/\/madoskampas.lt\/en\/wp-json\/wp\/v2\/product\/19726","targetHints":{"allow":["GET"]}}],"collection":[{"href":"https:\/\/madoskampas.lt\/en\/wp-json\/wp\/v2\/product"}],"about":[{"href":"https:\/\/madoskampas.lt\/en\/wp-json\/wp\/v2\/types\/product"}],"replies":[{"embeddable":true,"href":"https:\/\/madoskampas.lt\/en\/wp-json\/wp\/v2\/comments?post=19726"}],"wp:featuredmedia":[{"embeddable":true,"href":"https:\/\/madoskampas.lt\/en\/wp-json\/wp\/v2\/media\/29204"}],"wp:attachment":[{"href":"https:\/\/madoskampas.lt\/en\/wp-json\/wp\/v2\/media?parent=19726"}],"wp:term":[{"taxonomy":"product_brand","embeddable":true,"href":"https:\/\/madoskampas.lt\/en\/wp-json\/wp\/v2\/product_brand?post=19726"},{"taxonomy":"product_cat","embeddable":true,"href":"https:\/\/madoskampas.lt\/en\/wp-json\/wp\/v2\/product_cat?post=19726"},{"taxonomy":"product_tag","embeddable":true,"href":"https:\/\/madoskampas.lt\/en\/wp-json\/wp\/v2\/product_tag?post=19726"}],"curies":[{"name":"wp","href":"https:\/\/api.w.org\/{rel}","templated":true}]}}