{"id":20305,"date":"2025-09-25T10:08:29","date_gmt":"2025-09-25T10:08:29","guid":{"rendered":"https:\/\/madoskampas.lt\/?post_type=product&#038;p=20305"},"modified":"2025-12-19T11:48:50","modified_gmt":"2025-12-19T11:48:50","slug":"firenze-lusso-odine-pinigine","status":"publish","type":"product","link":"https:\/\/madoskampas.lt\/en\/product\/firenze-lusso-odine-pinigine\/","title":{"rendered":"\u201eFirenze Lusso\u201c\u201c odin\u0117 pinigin\u0117"},"content":{"rendered":"<p data-start=\"509\" data-end=\"874\">Stilinga moteri\u0161ka pinigin\u0117, i\u0161siskirianti klasikin\u0117mis spalvomis \u2013 juoda, pelen\u0173 ro\u017e\u0117s ir ry\u0161kiai raudona.<\/p>\n<p data-start=\"509\" data-end=\"874\">Mink\u0161ta nat\u016brali oda maloniai guli rankoje, o prakti\u0161kas vidaus i\u0161d\u0117stymas leid\u017eia patogiai susid\u0117ti korteles, pinigus ir dokumentus.<\/p>","protected":false},"excerpt":{"rendered":"<p data-start=\"509\" data-end=\"874\">Stilinga moteri\u0161ka pinigin\u0117, i\u0161siskirianti klasikin\u0117mis spalvomis \u2013 juoda, pelen\u0173 ro\u017e\u0117s ir ry\u0161kiai raudona.<\/p>\n<p data-start=\"509\" data-end=\"874\">Mink\u0161ta nat\u016brali oda maloniai guli rankoje, o prakti\u0161kas vidaus i\u0161d\u0117stymas leid\u017eia patogiai susid\u0117ti korteles, pinigus ir dokumentus.<\/p>\n<p data-start=\"509\" data-end=\"874\">Metalinis u\u017etrauktukas suteikia papildomo saugumo smulkiems pinigams.<br data-start=\"829\" data-end=\"832\" \/>I\u0161matavimai: ilgis 13 cm, auk\u0161tis 10 cm.<\/p>","protected":false},"featured_media":20329,"comment_status":"open","ping_status":"closed","template":"","meta":{"_uag_custom_page_level_css":"","_monsterinsights_skip_tracking":false,"_monsterinsights_sitenote_active":false,"_monsterinsights_sitenote_note":"","_monsterinsights_sitenote_category":0},"product_brand":[],"product_cat":[189,95,190],"product_tag":[],"class_list":{"0":"post-20305","1":"product","2":"type-product","3":"status-publish","4":"has-post-thumbnail","6":"product_cat-aksesuarai","7":"product_cat-naujausi","8":"product_cat-rankines","9":"tm-has-options","11":"first","12":"instock","13":"shipping-taxable","14":"purchasable","15":"product-type-variable","16":"has-default-attributes"},"yoast_head":"<!-- This site is optimized with the Yoast SEO plugin v27.6 - https:\/\/yoast.com\/product\/yoast-seo-wordpress\/ -->\n<title>\u201eFirenze Lusso\u201c\u201c odin\u0117 pinigin\u0117 - MadosKampas.lt<\/title>\n<meta name=\"robots\" content=\"index, follow, max-snippet:-1, max-image-preview:large, max-video-preview:-1\" \/>\n<link rel=\"canonical\" href=\"https:\/\/madoskampas.lt\/en\/product\/firenze-lusso-odine-pinigine\/\" \/>\n<meta property=\"og:locale\" content=\"en_US\" \/>\n<meta property=\"og:type\" content=\"article\" \/>\n<meta property=\"og:title\" content=\"\u201eFirenze Lusso\u201c\u201c odin\u0117 pinigin\u0117 - MadosKampas.lt\" \/>\n<meta property=\"og:description\" content=\"Stilinga moteri\u0161ka pinigin\u0117, i\u0161siskirianti klasikin\u0117mis spalvomis \u2013 juoda, pelen\u0173 ro\u017e\u0117s ir ry\u0161kiai raudona. Mink\u0161ta nat\u016brali oda maloniai guli rankoje, o prakti\u0161kas vidaus i\u0161d\u0117stymas leid\u017eia patogiai susid\u0117ti korteles, pinigus ir dokumentus. Metalinis u\u017etrauktukas suteikia papildomo saugumo smulkiems pinigams.I\u0161matavimai: ilgis 13 cm, auk\u0161tis 10 cm.\" \/>\n<meta property=\"og:url\" content=\"https:\/\/madoskampas.lt\/en\/product\/firenze-lusso-odine-pinigine\/\" \/>\n<meta property=\"og:site_name\" content=\"MadosKampas.lt\" \/>\n<meta property=\"article:modified_time\" content=\"2025-12-19T11:48:50+00:00\" \/>\n<meta property=\"og:image\" content=\"https:\/\/madoskampas.lt\/wp-content\/uploads\/2025\/09\/1CF0A9F0-B330-4E0A-87DA-36F99772CB64.webp\" \/>\n\t<meta property=\"og:image:width\" content=\"1200\" \/>\n\t<meta property=\"og:image:height\" content=\"1600\" \/>\n\t<meta property=\"og:image:type\" content=\"image\/webp\" \/>\n<meta name=\"twitter:card\" content=\"summary_large_image\" \/>\n<meta name=\"twitter:label1\" content=\"Est. reading time\" \/>\n\t<meta name=\"twitter:data1\" content=\"1 minute\" \/>\n<script type=\"application\/ld+json\" class=\"yoast-schema-graph\">{\"@context\":\"https:\\\/\\\/schema.org\",\"@graph\":[{\"@type\":\"WebPage\",\"@id\":\"https:\\\/\\\/madoskampas.lt\\\/produktas\\\/firenze-lusso-odine-pinigine\\\/\",\"url\":\"https:\\\/\\\/madoskampas.lt\\\/produktas\\\/firenze-lusso-odine-pinigine\\\/\",\"name\":\"\u201eFirenze Lusso\u201c\u201c odin\u0117 pinigin\u0117 - MadosKampas.lt\",\"isPartOf\":{\"@id\":\"https:\\\/\\\/madoskampas.lt\\\/#website\"},\"primaryImageOfPage\":{\"@id\":\"https:\\\/\\\/madoskampas.lt\\\/produktas\\\/firenze-lusso-odine-pinigine\\\/#primaryimage\"},\"image\":{\"@id\":\"https:\\\/\\\/madoskampas.lt\\\/produktas\\\/firenze-lusso-odine-pinigine\\\/#primaryimage\"},\"thumbnailUrl\":\"https:\\\/\\\/madoskampas.lt\\\/wp-content\\\/uploads\\\/2025\\\/09\\\/1CF0A9F0-B330-4E0A-87DA-36F99772CB64.webp\",\"datePublished\":\"2025-09-25T10:08:29+00:00\",\"dateModified\":\"2025-12-19T11:48:50+00:00\",\"breadcrumb\":{\"@id\":\"https:\\\/\\\/madoskampas.lt\\\/produktas\\\/firenze-lusso-odine-pinigine\\\/#breadcrumb\"},\"inLanguage\":\"en-US\",\"potentialAction\":[{\"@type\":\"ReadAction\",\"target\":[\"https:\\\/\\\/madoskampas.lt\\\/produktas\\\/firenze-lusso-odine-pinigine\\\/\"]}]},{\"@type\":\"ImageObject\",\"inLanguage\":\"en-US\",\"@id\":\"https:\\\/\\\/madoskampas.lt\\\/produktas\\\/firenze-lusso-odine-pinigine\\\/#primaryimage\",\"url\":\"https:\\\/\\\/madoskampas.lt\\\/wp-content\\\/uploads\\\/2025\\\/09\\\/1CF0A9F0-B330-4E0A-87DA-36F99772CB64.webp\",\"contentUrl\":\"https:\\\/\\\/madoskampas.lt\\\/wp-content\\\/uploads\\\/2025\\\/09\\\/1CF0A9F0-B330-4E0A-87DA-36F99772CB64.webp\",\"width\":1200,\"height\":1600},{\"@type\":\"BreadcrumbList\",\"@id\":\"https:\\\/\\\/madoskampas.lt\\\/produktas\\\/firenze-lusso-odine-pinigine\\\/#breadcrumb\",\"itemListElement\":[{\"@type\":\"ListItem\",\"position\":1,\"name\":\"Home\",\"item\":\"https:\\\/\\\/madoskampas.lt\\\/\"},{\"@type\":\"ListItem\",\"position\":2,\"name\":\"Parduotuv\u0117\",\"item\":\"https:\\\/\\\/madoskampas.lt\\\/parduotuve-2\\\/\"},{\"@type\":\"ListItem\",\"position\":3,\"name\":\"\u201eFirenze Lusso\u201c\u201c odin\u0117 pinigin\u0117\"}]},{\"@type\":\"WebSite\",\"@id\":\"https:\\\/\\\/madoskampas.lt\\\/#website\",\"url\":\"https:\\\/\\\/madoskampas.lt\\\/\",\"name\":\"MadosKampas.lt\",\"description\":\"Stilingi drabu\u017eiai moterims\",\"potentialAction\":[{\"@type\":\"SearchAction\",\"target\":{\"@type\":\"EntryPoint\",\"urlTemplate\":\"https:\\\/\\\/madoskampas.lt\\\/?s={search_term_string}\"},\"query-input\":{\"@type\":\"PropertyValueSpecification\",\"valueRequired\":true,\"valueName\":\"search_term_string\"}}],\"inLanguage\":\"en-US\"}]}<\/script>\n<!-- \/ Yoast SEO plugin. -->","yoast_head_json":{"title":"\u201eFirenze Lusso\u201c\u201c odin\u0117 pinigin\u0117 - MadosKampas.lt","robots":{"index":"index","follow":"follow","max-snippet":"max-snippet:-1","max-image-preview":"max-image-preview:large","max-video-preview":"max-video-preview:-1"},"canonical":"https:\/\/madoskampas.lt\/en\/product\/firenze-lusso-odine-pinigine\/","og_locale":"en_US","og_type":"article","og_title":"\u201eFirenze Lusso\u201c\u201c odin\u0117 pinigin\u0117 - MadosKampas.lt","og_description":"Stilinga moteri\u0161ka pinigin\u0117, i\u0161siskirianti klasikin\u0117mis spalvomis \u2013 juoda, pelen\u0173 ro\u017e\u0117s ir ry\u0161kiai raudona. Mink\u0161ta nat\u016brali oda maloniai guli rankoje, o prakti\u0161kas vidaus i\u0161d\u0117stymas leid\u017eia patogiai susid\u0117ti korteles, pinigus ir dokumentus. Metalinis u\u017etrauktukas suteikia papildomo saugumo smulkiems pinigams.I\u0161matavimai: ilgis 13 cm, auk\u0161tis 10 cm.","og_url":"https:\/\/madoskampas.lt\/en\/product\/firenze-lusso-odine-pinigine\/","og_site_name":"MadosKampas.lt","article_modified_time":"2025-12-19T11:48:50+00:00","og_image":[{"width":1200,"height":1600,"url":"https:\/\/madoskampas.lt\/wp-content\/uploads\/2025\/09\/1CF0A9F0-B330-4E0A-87DA-36F99772CB64.webp","type":"image\/webp"}],"twitter_card":"summary_large_image","twitter_misc":{"Est. reading time":"1 minute"},"schema":{"@context":"https:\/\/schema.org","@graph":[{"@type":"WebPage","@id":"https:\/\/madoskampas.lt\/produktas\/firenze-lusso-odine-pinigine\/","url":"https:\/\/madoskampas.lt\/produktas\/firenze-lusso-odine-pinigine\/","name":"\u201eFirenze Lusso\u201c\u201c odin\u0117 pinigin\u0117 - MadosKampas.lt","isPartOf":{"@id":"https:\/\/madoskampas.lt\/#website"},"primaryImageOfPage":{"@id":"https:\/\/madoskampas.lt\/produktas\/firenze-lusso-odine-pinigine\/#primaryimage"},"image":{"@id":"https:\/\/madoskampas.lt\/produktas\/firenze-lusso-odine-pinigine\/#primaryimage"},"thumbnailUrl":"https:\/\/madoskampas.lt\/wp-content\/uploads\/2025\/09\/1CF0A9F0-B330-4E0A-87DA-36F99772CB64.webp","datePublished":"2025-09-25T10:08:29+00:00","dateModified":"2025-12-19T11:48:50+00:00","breadcrumb":{"@id":"https:\/\/madoskampas.lt\/produktas\/firenze-lusso-odine-pinigine\/#breadcrumb"},"inLanguage":"en-US","potentialAction":[{"@type":"ReadAction","target":["https:\/\/madoskampas.lt\/produktas\/firenze-lusso-odine-pinigine\/"]}]},{"@type":"ImageObject","inLanguage":"en-US","@id":"https:\/\/madoskampas.lt\/produktas\/firenze-lusso-odine-pinigine\/#primaryimage","url":"https:\/\/madoskampas.lt\/wp-content\/uploads\/2025\/09\/1CF0A9F0-B330-4E0A-87DA-36F99772CB64.webp","contentUrl":"https:\/\/madoskampas.lt\/wp-content\/uploads\/2025\/09\/1CF0A9F0-B330-4E0A-87DA-36F99772CB64.webp","width":1200,"height":1600},{"@type":"BreadcrumbList","@id":"https:\/\/madoskampas.lt\/produktas\/firenze-lusso-odine-pinigine\/#breadcrumb","itemListElement":[{"@type":"ListItem","position":1,"name":"Home","item":"https:\/\/madoskampas.lt\/"},{"@type":"ListItem","position":2,"name":"Parduotuv\u0117","item":"https:\/\/madoskampas.lt\/parduotuve-2\/"},{"@type":"ListItem","position":3,"name":"\u201eFirenze Lusso\u201c\u201c odin\u0117 pinigin\u0117"}]},{"@type":"WebSite","@id":"https:\/\/madoskampas.lt\/#website","url":"https:\/\/madoskampas.lt\/","name":"FashionKampas.lt","description":"Stylish clothes for women","potentialAction":[{"@type":"SearchAction","target":{"@type":"EntryPoint","urlTemplate":"https:\/\/madoskampas.lt\/?s={search_term_string}"},"query-input":{"@type":"PropertyValueSpecification","valueRequired":true,"valueName":"search_term_string"}}],"inLanguage":"en-US"}]}},"uagb_featured_image_src":{"full":["https:\/\/madoskampas.lt\/wp-content\/uploads\/2025\/09\/1CF0A9F0-B330-4E0A-87DA-36F99772CB64.webp",1200,1600,false],"thumbnail":["https:\/\/madoskampas.lt\/wp-content\/uploads\/2025\/09\/1CF0A9F0-B330-4E0A-87DA-36F99772CB64-150x150.webp",150,150,true],"medium":["https:\/\/madoskampas.lt\/wp-content\/uploads\/2025\/09\/1CF0A9F0-B330-4E0A-87DA-36F99772CB64-225x300.webp",225,300,true],"medium_large":["https:\/\/madoskampas.lt\/wp-content\/uploads\/2025\/09\/1CF0A9F0-B330-4E0A-87DA-36F99772CB64-768x1024.webp",768,1024,true],"large":["https:\/\/madoskampas.lt\/wp-content\/uploads\/2025\/09\/1CF0A9F0-B330-4E0A-87DA-36F99772CB64-768x1024.webp",768,1024,true],"1536x1536":["https:\/\/madoskampas.lt\/wp-content\/uploads\/2025\/09\/1CF0A9F0-B330-4E0A-87DA-36F99772CB64-1152x1536.webp",1152,1536,true],"2048x2048":["https:\/\/madoskampas.lt\/wp-content\/uploads\/2025\/09\/1CF0A9F0-B330-4E0A-87DA-36F99772CB64.webp",1200,1600,false],"trp-custom-language-flag":["https:\/\/madoskampas.lt\/wp-content\/uploads\/2025\/09\/1CF0A9F0-B330-4E0A-87DA-36F99772CB64.webp",9,12,false],"nova-image-square":["https:\/\/madoskampas.lt\/wp-content\/uploads\/2025\/09\/1CF0A9F0-B330-4E0A-87DA-36F99772CB64-1100x1100.webp",1100,1100,true],"mixtas-product-03":["https:\/\/madoskampas.lt\/wp-content\/uploads\/2025\/09\/1CF0A9F0-B330-4E0A-87DA-36F99772CB64-600x345.webp",600,345,true],"woocommerce_thumbnail":["https:\/\/madoskampas.lt\/wp-content\/uploads\/2025\/09\/1CF0A9F0-B330-4E0A-87DA-36F99772CB64-700x700.webp",700,700,true],"woocommerce_single":["https:\/\/madoskampas.lt\/wp-content\/uploads\/2025\/09\/1CF0A9F0-B330-4E0A-87DA-36F99772CB64-1000x1333.webp",1000,1333,true],"woocommerce_gallery_thumbnail":["https:\/\/madoskampas.lt\/wp-content\/uploads\/2025\/09\/1CF0A9F0-B330-4E0A-87DA-36F99772CB64-250x250.webp",250,250,true],"variation_swatches_image_size":["https:\/\/madoskampas.lt\/wp-content\/uploads\/2025\/09\/1CF0A9F0-B330-4E0A-87DA-36F99772CB64-50x50.webp",50,50,true],"variation_swatches_tooltip_size":["https:\/\/madoskampas.lt\/wp-content\/uploads\/2025\/09\/1CF0A9F0-B330-4E0A-87DA-36F99772CB64-100x100.webp",100,100,true]},"uagb_author_info":{"display_name":"algirdasbart","author_link":"https:\/\/madoskampas.lt\/en\/author\/"},"uagb_comment_info":0,"uagb_excerpt":"Stilinga moteri\u0161ka pinigin\u0117, i\u0161siskirianti klasikin\u0117mis spalvomis \u2013 juoda, pelen\u0173 ro\u017e\u0117s ir ry\u0161kiai raudona. Mink\u0161ta nat\u016brali oda maloniai guli rankoje, o prakti\u0161kas vidaus i\u0161d\u0117stymas leid\u017eia patogiai susid\u0117ti korteles, pinigus ir dokumentus. Metalinis u\u017etrauktukas suteikia papildomo saugumo smulkiems pinigams.I\u0161matavimai: ilgis 13 cm, auk\u0161tis 10 cm.","jetpack_sharing_enabled":true,"_links":{"self":[{"href":"https:\/\/madoskampas.lt\/en\/wp-json\/wp\/v2\/product\/20305","targetHints":{"allow":["GET"]}}],"collection":[{"href":"https:\/\/madoskampas.lt\/en\/wp-json\/wp\/v2\/product"}],"about":[{"href":"https:\/\/madoskampas.lt\/en\/wp-json\/wp\/v2\/types\/product"}],"replies":[{"embeddable":true,"href":"https:\/\/madoskampas.lt\/en\/wp-json\/wp\/v2\/comments?post=20305"}],"wp:featuredmedia":[{"embeddable":true,"href":"https:\/\/madoskampas.lt\/en\/wp-json\/wp\/v2\/media\/20329"}],"wp:attachment":[{"href":"https:\/\/madoskampas.lt\/en\/wp-json\/wp\/v2\/media?parent=20305"}],"wp:term":[{"taxonomy":"product_brand","embeddable":true,"href":"https:\/\/madoskampas.lt\/en\/wp-json\/wp\/v2\/product_brand?post=20305"},{"taxonomy":"product_cat","embeddable":true,"href":"https:\/\/madoskampas.lt\/en\/wp-json\/wp\/v2\/product_cat?post=20305"},{"taxonomy":"product_tag","embeddable":true,"href":"https:\/\/madoskampas.lt\/en\/wp-json\/wp\/v2\/product_tag?post=20305"}],"curies":[{"name":"wp","href":"https:\/\/api.w.org\/{rel}","templated":true}]}}