{"id":22444,"date":"2025-10-29T10:33:24","date_gmt":"2025-10-29T10:33:24","guid":{"rendered":"https:\/\/madoskampas.lt\/?post_type=product&#038;p=22444"},"modified":"2026-03-26T10:52:03","modified_gmt":"2026-03-26T10:52:03","slug":"cashmere-lounge-svelnumo-ir-elegancijos-laisvalaikio-kostiumelis","status":"publish","type":"product","link":"https:\/\/madoskampas.lt\/en\/product\/cashmere-lounge-svelnumo-ir-elegancijos-laisvalaikio-kostiumelis\/","title":{"rendered":"Cashmere Lounge - casual suit with softness and elegance"},"content":{"rendered":"<p>\u201eCashmere Lounge\u201c \u2013 tai <strong data-start=\"385\" data-end=\"419\">mink\u0161tumo ir prabangos derinys<\/strong>, kuriame vyrauja <strong data-start=\"437\" data-end=\"456\">kashmyro \u0161iluma<\/strong> ir vizkoz\u0117s lengvumas.<br data-start=\"479\" data-end=\"482\" \/>Lengvai krentantis audinys \u0161velniai priglunda prie k\u016bno, nevar\u017eo judesi\u0173 ir suteikia i\u0161skirtinio komforto poj\u016bt\u012f.<\/p>","protected":false},"excerpt":{"rendered":"<p data-start=\"361\" data-end=\"597\">\u201eCashmere Lounge\u201c \u2013 tai <strong data-start=\"385\" data-end=\"419\">mink\u0161tumo ir prabangos derinys<\/strong>, kuriame vyrauja <strong data-start=\"437\" data-end=\"456\">kashmyro \u0161iluma<\/strong> ir vizkoz\u0117s lengvumas.<br data-start=\"479\" data-end=\"482\" \/>Lengvai krentantis audinys \u0161velniai priglunda prie k\u016bno, nevar\u017eo judesi\u0173 ir suteikia i\u0161skirtinio komforto poj\u016bt\u012f.<\/p>\n<p data-start=\"599\" data-end=\"796\">Klasikinio dizaino megztinis su u\u017etrauktuku ir kapi\u0161onu kuria laisv\u0105, ta\u010diau i\u0161puosel\u0117t\u0105 siluet\u0105, o tiesaus modelio keln\u0117s su guma liemeniui u\u017etikrina patogum\u0105 ir puikiai prisitaiko prie fig\u016bros.<\/p>\n<p data-start=\"798\" data-end=\"951\">\u0160is kostium\u0117lis \u2013 <strong data-start=\"816\" data-end=\"862\">kasdienio jaukumo ir itali\u0161kos elegancijos<\/strong> junginys. Tiks tiek kelionei, tiek poilsio dienai, tiek stilingam miesto savaitgaliui.<\/p>\n<p data-start=\"953\" data-end=\"974\">\ud83d\udccf <strong data-start=\"956\" data-end=\"972\">Dimensions:<\/strong><\/p>\n<ul data-start=\"975\" data-end=\"1172\">\n<li data-start=\"975\" data-end=\"1077\">\n<p data-start=\"977\" data-end=\"1077\">Keln\u0117s: ilgis 108 cm, per klubus 51 cm (pasitempia iki 56 cm), liemuo 37 cm (pasitempia iki 50 cm)<\/p>\n<\/li>\n<li data-start=\"1078\" data-end=\"1136\">\n<p data-start=\"1080\" data-end=\"1136\">D\u017eemperis: ilgis 65 cm, per kr\u016btin\u0119 56 cm, su kapi\u0161onu<\/p>\n<\/li>\n<li data-start=\"1137\" data-end=\"1172\">\n<p data-start=\"1139\" data-end=\"1172\">Rekomenduojame <strong data-start=\"1154\" data-end=\"1170\">S\u2013L dyd\u017eiams<\/strong><\/p>\n<\/li>\n<\/ul>\n<p data-start=\"1174\" data-end=\"1303\">\ud83e\uddf6 <strong data-start=\"1177\" data-end=\"1189\">Composition:<\/strong> 60 % viskoz\u0117, 25 % kashmyras, 15 % spandeksas<br data-start=\"1235\" data-end=\"1238\" \/>\ud83c\udfa8 <strong data-start=\"1241\" data-end=\"1253\">Colours:<\/strong> sm\u0117lin\u0117 \/ juoda<br data-start=\"1269\" data-end=\"1272\" \/>\ud83c\udf0d <strong data-start=\"1275\" data-end=\"1303\">Pagaminta Italijoje \ud83c\uddee\ud83c\uddf9<\/strong><\/p>","protected":false},"featured_media":22451,"comment_status":"open","ping_status":"closed","template":"","meta":{"_uag_custom_page_level_css":"","_monsterinsights_skip_tracking":false,"_monsterinsights_sitenote_active":false,"_monsterinsights_sitenote_note":"","_monsterinsights_sitenote_category":0},"product_brand":[],"product_cat":[66,70,95],"product_tag":[],"class_list":{"0":"post-22444","1":"product","2":"type-product","3":"status-publish","4":"has-post-thumbnail","6":"product_cat-drabuziai","7":"product_cat-kostiumeliai","8":"product_cat-naujausi","9":"tm-has-options","11":"first","12":"instock","13":"shipping-taxable","14":"purchasable","15":"product-type-variable"},"yoast_head":"<!-- This site is optimized with the Yoast SEO plugin v27.3 - https:\/\/yoast.com\/product\/yoast-seo-wordpress\/ -->\n<title>Cashmere Lounge \u2013 \u0161velnumo ir elegancijos laisvalaikio kostium\u0117lis - MadosKampas.lt<\/title>\n<meta name=\"robots\" content=\"index, follow, max-snippet:-1, max-image-preview:large, max-video-preview:-1\" \/>\n<link rel=\"canonical\" href=\"https:\/\/madoskampas.lt\/en\/product\/cashmere-lounge-svelnumo-ir-elegancijos-laisvalaikio-kostiumelis\/\" \/>\n<meta property=\"og:locale\" content=\"en_US\" \/>\n<meta property=\"og:type\" content=\"article\" \/>\n<meta property=\"og:title\" content=\"Cashmere Lounge \u2013 \u0161velnumo ir elegancijos laisvalaikio kostium\u0117lis - MadosKampas.lt\" \/>\n<meta property=\"og:description\" content=\"\u201eCashmere Lounge\u201c \u2013 tai mink\u0161tumo ir prabangos derinys, kuriame vyrauja kashmyro \u0161iluma ir vizkoz\u0117s lengvumas.Lengvai krentantis audinys \u0161velniai priglunda prie k\u016bno, nevar\u017eo judesi\u0173 ir suteikia i\u0161skirtinio komforto poj\u016bt\u012f. Klasikinio dizaino megztinis su u\u017etrauktuku ir kapi\u0161onu kuria laisv\u0105, ta\u010diau i\u0161puosel\u0117t\u0105 siluet\u0105, o tiesaus modelio keln\u0117s su guma liemeniui u\u017etikrina patogum\u0105 ir puikiai prisitaiko prie fig\u016bros. \u0160is kostium\u0117lis \u2013 kasdienio jaukumo ir itali\u0161kos elegancijos junginys. Tiks tiek kelionei, tiek poilsio dienai, tiek stilingam miesto savaitgaliui. \ud83d\udccf I\u0161matavimai:     Keln\u0117s: ilgis 108 cm, per klubus 51 cm (pasitempia iki 56 cm), liemuo 37 cm (pasitempia iki 50 cm)    D\u017eemperis: ilgis 65 cm, per kr\u016btin\u0119 56 cm, su kapi\u0161onu    Rekomenduojame S\u2013L dyd\u017eiams   \ud83e\uddf6 Sud\u0117tis: 60 % viskoz\u0117, 25 % kashmyras, 15 % spandeksas\ud83c\udfa8 Spalvos: sm\u0117lin\u0117 \/ juoda\ud83c\udf0d Pagaminta Italijoje \ud83c\uddee\ud83c\uddf9\" \/>\n<meta property=\"og:url\" content=\"https:\/\/madoskampas.lt\/en\/product\/cashmere-lounge-svelnumo-ir-elegancijos-laisvalaikio-kostiumelis\/\" \/>\n<meta property=\"og:site_name\" content=\"MadosKampas.lt\" \/>\n<meta property=\"article:modified_time\" content=\"2026-03-26T10:52:03+00:00\" \/>\n<meta property=\"og:image\" content=\"https:\/\/madoskampas.lt\/wp-content\/uploads\/2025\/10\/IMG_1901.jpeg\" \/>\n\t<meta property=\"og:image:width\" content=\"1536\" \/>\n\t<meta property=\"og:image:height\" content=\"2048\" \/>\n\t<meta property=\"og:image:type\" content=\"image\/jpeg\" \/>\n<meta name=\"twitter:card\" content=\"summary_large_image\" \/>\n<meta name=\"twitter:label1\" content=\"Est. reading time\" \/>\n\t<meta name=\"twitter:data1\" content=\"1 minute\" \/>\n<script type=\"application\/ld+json\" class=\"yoast-schema-graph\">{\"@context\":\"https:\\\/\\\/schema.org\",\"@graph\":[{\"@type\":\"WebPage\",\"@id\":\"https:\\\/\\\/madoskampas.lt\\\/produktas\\\/cashmere-lounge-svelnumo-ir-elegancijos-laisvalaikio-kostiumelis\\\/\",\"url\":\"https:\\\/\\\/madoskampas.lt\\\/produktas\\\/cashmere-lounge-svelnumo-ir-elegancijos-laisvalaikio-kostiumelis\\\/\",\"name\":\"Cashmere Lounge \u2013 \u0161velnumo ir elegancijos laisvalaikio kostium\u0117lis - MadosKampas.lt\",\"isPartOf\":{\"@id\":\"https:\\\/\\\/madoskampas.lt\\\/#website\"},\"primaryImageOfPage\":{\"@id\":\"https:\\\/\\\/madoskampas.lt\\\/produktas\\\/cashmere-lounge-svelnumo-ir-elegancijos-laisvalaikio-kostiumelis\\\/#primaryimage\"},\"image\":{\"@id\":\"https:\\\/\\\/madoskampas.lt\\\/produktas\\\/cashmere-lounge-svelnumo-ir-elegancijos-laisvalaikio-kostiumelis\\\/#primaryimage\"},\"thumbnailUrl\":\"https:\\\/\\\/madoskampas.lt\\\/wp-content\\\/uploads\\\/2025\\\/10\\\/IMG_1901.jpeg\",\"datePublished\":\"2025-10-29T10:33:24+00:00\",\"dateModified\":\"2026-03-26T10:52:03+00:00\",\"breadcrumb\":{\"@id\":\"https:\\\/\\\/madoskampas.lt\\\/produktas\\\/cashmere-lounge-svelnumo-ir-elegancijos-laisvalaikio-kostiumelis\\\/#breadcrumb\"},\"inLanguage\":\"en-US\",\"potentialAction\":[{\"@type\":\"ReadAction\",\"target\":[\"https:\\\/\\\/madoskampas.lt\\\/produktas\\\/cashmere-lounge-svelnumo-ir-elegancijos-laisvalaikio-kostiumelis\\\/\"]}]},{\"@type\":\"ImageObject\",\"inLanguage\":\"en-US\",\"@id\":\"https:\\\/\\\/madoskampas.lt\\\/produktas\\\/cashmere-lounge-svelnumo-ir-elegancijos-laisvalaikio-kostiumelis\\\/#primaryimage\",\"url\":\"https:\\\/\\\/madoskampas.lt\\\/wp-content\\\/uploads\\\/2025\\\/10\\\/IMG_1901.jpeg\",\"contentUrl\":\"https:\\\/\\\/madoskampas.lt\\\/wp-content\\\/uploads\\\/2025\\\/10\\\/IMG_1901.jpeg\",\"width\":1536,\"height\":2048},{\"@type\":\"BreadcrumbList\",\"@id\":\"https:\\\/\\\/madoskampas.lt\\\/produktas\\\/cashmere-lounge-svelnumo-ir-elegancijos-laisvalaikio-kostiumelis\\\/#breadcrumb\",\"itemListElement\":[{\"@type\":\"ListItem\",\"position\":1,\"name\":\"Home\",\"item\":\"https:\\\/\\\/madoskampas.lt\\\/\"},{\"@type\":\"ListItem\",\"position\":2,\"name\":\"Parduotuv\u0117\",\"item\":\"https:\\\/\\\/madoskampas.lt\\\/parduotuve-2\\\/\"},{\"@type\":\"ListItem\",\"position\":3,\"name\":\"Cashmere Lounge \u2013 \u0161velnumo ir elegancijos laisvalaikio kostium\u0117lis\"}]},{\"@type\":\"WebSite\",\"@id\":\"https:\\\/\\\/madoskampas.lt\\\/#website\",\"url\":\"https:\\\/\\\/madoskampas.lt\\\/\",\"name\":\"MadosKampas.lt\",\"description\":\"Stilingi drabu\u017eiai moterims\",\"potentialAction\":[{\"@type\":\"SearchAction\",\"target\":{\"@type\":\"EntryPoint\",\"urlTemplate\":\"https:\\\/\\\/madoskampas.lt\\\/?s={search_term_string}\"},\"query-input\":{\"@type\":\"PropertyValueSpecification\",\"valueRequired\":true,\"valueName\":\"search_term_string\"}}],\"inLanguage\":\"en-US\"}]}<\/script>\n<!-- \/ Yoast SEO plugin. -->","yoast_head_json":{"title":"Cashmere Lounge \u2013 \u0161velnumo ir elegancijos laisvalaikio kostium\u0117lis - MadosKampas.lt","robots":{"index":"index","follow":"follow","max-snippet":"max-snippet:-1","max-image-preview":"max-image-preview:large","max-video-preview":"max-video-preview:-1"},"canonical":"https:\/\/madoskampas.lt\/en\/product\/cashmere-lounge-svelnumo-ir-elegancijos-laisvalaikio-kostiumelis\/","og_locale":"en_US","og_type":"article","og_title":"Cashmere Lounge \u2013 \u0161velnumo ir elegancijos laisvalaikio kostium\u0117lis - MadosKampas.lt","og_description":"\u201eCashmere Lounge\u201c \u2013 tai mink\u0161tumo ir prabangos derinys, kuriame vyrauja kashmyro \u0161iluma ir vizkoz\u0117s lengvumas.Lengvai krentantis audinys \u0161velniai priglunda prie k\u016bno, nevar\u017eo judesi\u0173 ir suteikia i\u0161skirtinio komforto poj\u016bt\u012f. Klasikinio dizaino megztinis su u\u017etrauktuku ir kapi\u0161onu kuria laisv\u0105, ta\u010diau i\u0161puosel\u0117t\u0105 siluet\u0105, o tiesaus modelio keln\u0117s su guma liemeniui u\u017etikrina patogum\u0105 ir puikiai prisitaiko prie fig\u016bros. \u0160is kostium\u0117lis \u2013 kasdienio jaukumo ir itali\u0161kos elegancijos junginys. Tiks tiek kelionei, tiek poilsio dienai, tiek stilingam miesto savaitgaliui. \ud83d\udccf I\u0161matavimai:     Keln\u0117s: ilgis 108 cm, per klubus 51 cm (pasitempia iki 56 cm), liemuo 37 cm (pasitempia iki 50 cm)    D\u017eemperis: ilgis 65 cm, per kr\u016btin\u0119 56 cm, su kapi\u0161onu    Rekomenduojame S\u2013L dyd\u017eiams   \ud83e\uddf6 Sud\u0117tis: 60 % viskoz\u0117, 25 % kashmyras, 15 % spandeksas\ud83c\udfa8 Spalvos: sm\u0117lin\u0117 \/ juoda\ud83c\udf0d Pagaminta Italijoje \ud83c\uddee\ud83c\uddf9","og_url":"https:\/\/madoskampas.lt\/en\/product\/cashmere-lounge-svelnumo-ir-elegancijos-laisvalaikio-kostiumelis\/","og_site_name":"MadosKampas.lt","article_modified_time":"2026-03-26T10:52:03+00:00","og_image":[{"width":1536,"height":2048,"url":"https:\/\/madoskampas.lt\/wp-content\/uploads\/2025\/10\/IMG_1901.jpeg","type":"image\/jpeg"}],"twitter_card":"summary_large_image","twitter_misc":{"Est. reading time":"1 minute"},"schema":{"@context":"https:\/\/schema.org","@graph":[{"@type":"WebPage","@id":"https:\/\/madoskampas.lt\/produktas\/cashmere-lounge-svelnumo-ir-elegancijos-laisvalaikio-kostiumelis\/","url":"https:\/\/madoskampas.lt\/produktas\/cashmere-lounge-svelnumo-ir-elegancijos-laisvalaikio-kostiumelis\/","name":"Cashmere Lounge \u2013 \u0161velnumo ir elegancijos laisvalaikio kostium\u0117lis - MadosKampas.lt","isPartOf":{"@id":"https:\/\/madoskampas.lt\/#website"},"primaryImageOfPage":{"@id":"https:\/\/madoskampas.lt\/produktas\/cashmere-lounge-svelnumo-ir-elegancijos-laisvalaikio-kostiumelis\/#primaryimage"},"image":{"@id":"https:\/\/madoskampas.lt\/produktas\/cashmere-lounge-svelnumo-ir-elegancijos-laisvalaikio-kostiumelis\/#primaryimage"},"thumbnailUrl":"https:\/\/madoskampas.lt\/wp-content\/uploads\/2025\/10\/IMG_1901.jpeg","datePublished":"2025-10-29T10:33:24+00:00","dateModified":"2026-03-26T10:52:03+00:00","breadcrumb":{"@id":"https:\/\/madoskampas.lt\/produktas\/cashmere-lounge-svelnumo-ir-elegancijos-laisvalaikio-kostiumelis\/#breadcrumb"},"inLanguage":"en-US","potentialAction":[{"@type":"ReadAction","target":["https:\/\/madoskampas.lt\/produktas\/cashmere-lounge-svelnumo-ir-elegancijos-laisvalaikio-kostiumelis\/"]}]},{"@type":"ImageObject","inLanguage":"en-US","@id":"https:\/\/madoskampas.lt\/produktas\/cashmere-lounge-svelnumo-ir-elegancijos-laisvalaikio-kostiumelis\/#primaryimage","url":"https:\/\/madoskampas.lt\/wp-content\/uploads\/2025\/10\/IMG_1901.jpeg","contentUrl":"https:\/\/madoskampas.lt\/wp-content\/uploads\/2025\/10\/IMG_1901.jpeg","width":1536,"height":2048},{"@type":"BreadcrumbList","@id":"https:\/\/madoskampas.lt\/produktas\/cashmere-lounge-svelnumo-ir-elegancijos-laisvalaikio-kostiumelis\/#breadcrumb","itemListElement":[{"@type":"ListItem","position":1,"name":"Home","item":"https:\/\/madoskampas.lt\/"},{"@type":"ListItem","position":2,"name":"Parduotuv\u0117","item":"https:\/\/madoskampas.lt\/parduotuve-2\/"},{"@type":"ListItem","position":3,"name":"Cashmere Lounge \u2013 \u0161velnumo ir elegancijos laisvalaikio kostium\u0117lis"}]},{"@type":"WebSite","@id":"https:\/\/madoskampas.lt\/#website","url":"https:\/\/madoskampas.lt\/","name":"FashionKampas.lt","description":"Stylish clothes for women","potentialAction":[{"@type":"SearchAction","target":{"@type":"EntryPoint","urlTemplate":"https:\/\/madoskampas.lt\/?s={search_term_string}"},"query-input":{"@type":"PropertyValueSpecification","valueRequired":true,"valueName":"search_term_string"}}],"inLanguage":"en-US"}]}},"uagb_featured_image_src":{"full":["https:\/\/madoskampas.lt\/wp-content\/uploads\/2025\/10\/IMG_1901.jpeg",1536,2048,false],"thumbnail":["https:\/\/madoskampas.lt\/wp-content\/uploads\/2025\/10\/IMG_1901-150x150.jpeg",150,150,true],"medium":["https:\/\/madoskampas.lt\/wp-content\/uploads\/2025\/10\/IMG_1901-225x300.jpeg",225,300,true],"medium_large":["https:\/\/madoskampas.lt\/wp-content\/uploads\/2025\/10\/IMG_1901-768x1024.jpeg",768,1024,true],"large":["https:\/\/madoskampas.lt\/wp-content\/uploads\/2025\/10\/IMG_1901-768x1024.jpeg",768,1024,true],"1536x1536":["https:\/\/madoskampas.lt\/wp-content\/uploads\/2025\/10\/IMG_1901-1152x1536.jpeg",1152,1536,true],"2048x2048":["https:\/\/madoskampas.lt\/wp-content\/uploads\/2025\/10\/IMG_1901.jpeg",1536,2048,false],"trp-custom-language-flag":["https:\/\/madoskampas.lt\/wp-content\/uploads\/2025\/10\/IMG_1901.jpeg",9,12,false],"nova-image-square":["https:\/\/madoskampas.lt\/wp-content\/uploads\/2025\/10\/IMG_1901-1100x1100.jpeg",1100,1100,true],"mixtas-product-03":["https:\/\/madoskampas.lt\/wp-content\/uploads\/2025\/10\/IMG_1901-600x345.jpeg",600,345,true],"woocommerce_thumbnail":["https:\/\/madoskampas.lt\/wp-content\/uploads\/2025\/10\/IMG_1901-700x700.jpeg",700,700,true],"woocommerce_single":["https:\/\/madoskampas.lt\/wp-content\/uploads\/2025\/10\/IMG_1901-1000x1333.jpeg",1000,1333,true],"woocommerce_gallery_thumbnail":["https:\/\/madoskampas.lt\/wp-content\/uploads\/2025\/10\/IMG_1901-250x250.jpeg",250,250,true],"variation_swatches_image_size":["https:\/\/madoskampas.lt\/wp-content\/uploads\/2025\/10\/IMG_1901-50x50.jpeg",50,50,true],"variation_swatches_tooltip_size":["https:\/\/madoskampas.lt\/wp-content\/uploads\/2025\/10\/IMG_1901-100x100.jpeg",100,100,true]},"uagb_author_info":{"display_name":"algirdasbart","author_link":"https:\/\/madoskampas.lt\/en\/author\/"},"uagb_comment_info":0,"uagb_excerpt":"\u201eCashmere Lounge\u201c \u2013 tai mink\u0161tumo ir prabangos derinys, kuriame vyrauja kashmyro \u0161iluma ir vizkoz\u0117s lengvumas.Lengvai krentantis audinys \u0161velniai priglunda prie k\u016bno, nevar\u017eo judesi\u0173 ir suteikia i\u0161skirtinio komforto poj\u016bt\u012f. Klasikinio dizaino megztinis su u\u017etrauktuku ir kapi\u0161onu kuria laisv\u0105, ta\u010diau i\u0161puosel\u0117t\u0105 siluet\u0105, o tiesaus modelio keln\u0117s su guma liemeniui u\u017etikrina patogum\u0105 ir puikiai prisitaiko prie fig\u016bros. \u0160is&hellip;","jetpack_sharing_enabled":true,"_links":{"self":[{"href":"https:\/\/madoskampas.lt\/en\/wp-json\/wp\/v2\/product\/22444","targetHints":{"allow":["GET"]}}],"collection":[{"href":"https:\/\/madoskampas.lt\/en\/wp-json\/wp\/v2\/product"}],"about":[{"href":"https:\/\/madoskampas.lt\/en\/wp-json\/wp\/v2\/types\/product"}],"replies":[{"embeddable":true,"href":"https:\/\/madoskampas.lt\/en\/wp-json\/wp\/v2\/comments?post=22444"}],"wp:featuredmedia":[{"embeddable":true,"href":"https:\/\/madoskampas.lt\/en\/wp-json\/wp\/v2\/media\/22451"}],"wp:attachment":[{"href":"https:\/\/madoskampas.lt\/en\/wp-json\/wp\/v2\/media?parent=22444"}],"wp:term":[{"taxonomy":"product_brand","embeddable":true,"href":"https:\/\/madoskampas.lt\/en\/wp-json\/wp\/v2\/product_brand?post=22444"},{"taxonomy":"product_cat","embeddable":true,"href":"https:\/\/madoskampas.lt\/en\/wp-json\/wp\/v2\/product_cat?post=22444"},{"taxonomy":"product_tag","embeddable":true,"href":"https:\/\/madoskampas.lt\/en\/wp-json\/wp\/v2\/product_tag?post=22444"}],"curies":[{"name":"wp","href":"https:\/\/api.w.org\/{rel}","templated":true}]}}