{"id":22610,"date":"2025-10-31T15:32:13","date_gmt":"2025-10-31T15:32:13","guid":{"rendered":"https:\/\/madoskampas.lt\/?post_type=product&#038;p=22610"},"modified":"2026-02-05T16:11:08","modified_gmt":"2026-02-05T16:11:08","slug":"autumn-wool-paltines-medziagos-sijonas","status":"publish","type":"product","link":"https:\/\/madoskampas.lt\/en\/product\/autumn-wool-paltines-medziagos-sijonas\/","title":{"rendered":"\u201eAutumn Wool coat skirt"},"content":{"rendered":"<p>\u201eAutumn Wool\u201c \u2013 tai eleganti\u0161kas <strong data-start=\"329\" data-end=\"359\">paltin\u0117s tekst\u016bros sijonas<\/strong>, sukurtas moteriai, vertinan\u010diai jaukum\u0105 ir subtil\u0173 stili\u0173.<br data-start=\"419\" data-end=\"422\" \/>Lengvai plat\u0117jantis siluetas formuoja grak\u0161\u010di\u0105 linij\u0105, o <strong data-start=\"479\" data-end=\"534\">dekoratyvinis kaspin\u0117lis su \u0161ilkin\u0117s skarel\u0117s ra\u0161tu<\/strong> pabr\u0117\u017eia liemen\u012f ir suteikia i\u0161skirtinio \u017eavesio.<\/p>","protected":false},"excerpt":{"rendered":"<p data-start=\"296\" data-end=\"586\">\u201eAutumn Wool\u201c \u2013 tai eleganti\u0161kas <strong data-start=\"329\" data-end=\"359\">paltin\u0117s tekst\u016bros sijonas<\/strong>, sukurtas moteriai, vertinan\u010diai jaukum\u0105 ir subtil\u0173 stili\u0173.<br data-start=\"419\" data-end=\"422\" \/>Lengvai plat\u0117jantis siluetas formuoja grak\u0161\u010di\u0105 linij\u0105, o <strong data-start=\"479\" data-end=\"534\">dekoratyvinis kaspin\u0117lis su \u0161ilkin\u0117s skarel\u0117s ra\u0161tu<\/strong> pabr\u0117\u017eia liemen\u012f ir suteikia i\u0161skirtinio \u017eavesio.<\/p>\n<p data-start=\"588\" data-end=\"799\">Audinys \u2013 <strong data-start=\"598\" data-end=\"648\">auk\u0161tos kokyb\u0117s poliesteris su paltine fakt\u016bra<\/strong>, kuris primena viln\u0105, bet yra lengvas, \u0161velnus ir patogus d\u0117v\u0117ti.<br data-start=\"714\" data-end=\"717\" \/>Sijonas turi <strong data-start=\"730\" data-end=\"752\">\u0161onin\u012f u\u017etrauktuk\u0105<\/strong>, tod\u0117l i\u0161lieka patogus ir dailiai priglunda.<\/p>\n<p data-start=\"801\" data-end=\"922\">Puikus pasirinkimas tiek prie megztinio ar mar\u0161kini\u0173, tiek prie ilgaauli\u0173 bat\u0173 \u2013 <strong data-start=\"882\" data-end=\"922\">klasikinis rudens derinio pagrindas.<\/strong><\/p>\n<p data-start=\"924\" data-end=\"945\">\ud83d\udccf <strong data-start=\"927\" data-end=\"943\">Dimensions:<\/strong><\/p>\n<div class=\"_tableContainer_1rjym_1\">\n<div class=\"group _tableWrapper_1rjym_13 flex w-fit flex-col-reverse\" tabindex=\"-1\">\n<table class=\"w-fit min-w-(--thread-content-width)\" data-start=\"946\" data-end=\"1086\">\n<thead data-start=\"946\" data-end=\"982\">\n<tr data-start=\"946\" data-end=\"982\">\n<th data-start=\"946\" data-end=\"954\" data-col-size=\"sm\">Size<\/th>\n<th data-start=\"954\" data-end=\"967\" data-col-size=\"sm\">Length (cm)<\/th>\n<th data-start=\"967\" data-end=\"982\" data-col-size=\"sm\">Liemuo (cm)<\/th>\n<\/tr>\n<\/thead>\n<tbody data-start=\"1022\" data-end=\"1086\">\n<tr data-start=\"1022\" data-end=\"1037\">\n<td data-start=\"1022\" data-end=\"1026\" data-col-size=\"sm\">S<\/td>\n<td data-col-size=\"sm\" data-start=\"1026\" data-end=\"1031\">47<\/td>\n<td data-col-size=\"sm\" data-start=\"1031\" data-end=\"1037\">35<\/td>\n<\/tr>\n<tr data-start=\"1038\" data-end=\"1053\">\n<td data-start=\"1038\" data-end=\"1042\" data-col-size=\"sm\">M<\/td>\n<td data-col-size=\"sm\" data-start=\"1042\" data-end=\"1047\">47<\/td>\n<td data-col-size=\"sm\" data-start=\"1047\" data-end=\"1053\">37<\/td>\n<\/tr>\n<tr data-start=\"1054\" data-end=\"1069\">\n<td data-start=\"1054\" data-end=\"1058\" data-col-size=\"sm\">L<\/td>\n<td data-col-size=\"sm\" data-start=\"1058\" data-end=\"1063\">48<\/td>\n<td data-col-size=\"sm\" data-start=\"1063\" data-end=\"1069\">40<\/td>\n<\/tr>\n<tr data-start=\"1070\" data-end=\"1086\">\n<td data-start=\"1070\" data-end=\"1075\" data-col-size=\"sm\">XL<\/td>\n<td data-col-size=\"sm\" data-start=\"1075\" data-end=\"1080\">48<\/td>\n<td data-col-size=\"sm\" data-start=\"1080\" data-end=\"1086\">41<\/td>\n<\/tr>\n<\/tbody>\n<\/table>\n<\/div>\n<\/div>\n<p data-start=\"1088\" data-end=\"1270\">\ud83d\udc57 <strong data-start=\"1091\" data-end=\"1103\">Modelis:<\/strong> plat\u0117jantis, su \u0161oniniu u\u017etrauktuku ir dekoratyviniu kaspin\u0117liu<br data-start=\"1167\" data-end=\"1170\" \/>\ud83c\udfa8 <strong data-start=\"1173\" data-end=\"1185\">Colours:<\/strong> juoda ir \u0161okolado<br data-start=\"1203\" data-end=\"1206\" \/>\ud83c\udf3f <strong data-start=\"1209\" data-end=\"1221\">Composition:<\/strong> 100 % poliesteris<br data-start=\"1239\" data-end=\"1242\" \/>\ud83c\uddee\ud83c\uddf9 <strong data-start=\"1247\" data-end=\"1270\">Pagaminta Italijoje<\/strong><\/p>","protected":false},"featured_media":22611,"comment_status":"open","ping_status":"closed","template":"","meta":{"_uag_custom_page_level_css":"","_monsterinsights_skip_tracking":false,"_monsterinsights_sitenote_active":false,"_monsterinsights_sitenote_note":"","_monsterinsights_sitenote_category":0},"product_brand":[],"product_cat":[66,95,75],"product_tag":[],"class_list":{"0":"post-22610","1":"product","2":"type-product","3":"status-publish","4":"has-post-thumbnail","6":"product_cat-drabuziai","7":"product_cat-naujausi","8":"product_cat-sijonai","9":"tm-has-options","11":"first","12":"instock","13":"shipping-taxable","14":"purchasable","15":"product-type-variable"},"yoast_head":"<!-- This site is optimized with the Yoast SEO plugin v27.6 - https:\/\/yoast.com\/product\/yoast-seo-wordpress\/ -->\n<title>\u201eAutumn Wool\u201c paltin\u0117s med\u017eiagos sijonas - MadosKampas.lt<\/title>\n<meta name=\"robots\" content=\"index, follow, max-snippet:-1, max-image-preview:large, max-video-preview:-1\" \/>\n<link rel=\"canonical\" href=\"https:\/\/madoskampas.lt\/en\/product\/autumn-wool-paltines-medziagos-sijonas\/\" \/>\n<meta property=\"og:locale\" content=\"en_US\" \/>\n<meta property=\"og:type\" content=\"article\" \/>\n<meta property=\"og:title\" content=\"\u201eAutumn Wool\u201c paltin\u0117s med\u017eiagos sijonas - MadosKampas.lt\" \/>\n<meta property=\"og:description\" content=\"\u201eAutumn Wool\u201c \u2013 tai eleganti\u0161kas paltin\u0117s tekst\u016bros sijonas, sukurtas moteriai, vertinan\u010diai jaukum\u0105 ir subtil\u0173 stili\u0173.Lengvai plat\u0117jantis siluetas formuoja grak\u0161\u010di\u0105 linij\u0105, o dekoratyvinis kaspin\u0117lis su \u0161ilkin\u0117s skarel\u0117s ra\u0161tu pabr\u0117\u017eia liemen\u012f ir suteikia i\u0161skirtinio \u017eavesio. Audinys \u2013 auk\u0161tos kokyb\u0117s poliesteris su paltine fakt\u016bra, kuris primena viln\u0105, bet yra lengvas, \u0161velnus ir patogus d\u0117v\u0117ti.Sijonas turi \u0161onin\u012f u\u017etrauktuk\u0105, tod\u0117l i\u0161lieka patogus ir dailiai priglunda. Puikus pasirinkimas tiek prie megztinio ar mar\u0161kini\u0173, tiek prie ilgaauli\u0173 bat\u0173 \u2013 klasikinis rudens derinio pagrindas. \ud83d\udccf I\u0161matavimai:       Dydis Ilgis (cm) Liemuo (cm)     S 47 35   M 47 37   L 48 40   XL 48 41      \ud83d\udc57 Modelis: plat\u0117jantis, su \u0161oniniu u\u017etrauktuku ir dekoratyviniu kaspin\u0117liu\ud83c\udfa8 Spalvos: juoda ir \u0161okolado\ud83c\udf3f Sud\u0117tis: 100 % poliesteris\ud83c\uddee\ud83c\uddf9 Pagaminta Italijoje\" \/>\n<meta property=\"og:url\" content=\"https:\/\/madoskampas.lt\/en\/product\/autumn-wool-paltines-medziagos-sijonas\/\" \/>\n<meta property=\"og:site_name\" content=\"MadosKampas.lt\" \/>\n<meta property=\"article:modified_time\" content=\"2026-02-05T16:11:08+00:00\" \/>\n<meta property=\"og:image\" content=\"https:\/\/madoskampas.lt\/wp-content\/uploads\/2025\/10\/IMG_2112.jpeg\" \/>\n\t<meta property=\"og:image:width\" content=\"1536\" \/>\n\t<meta property=\"og:image:height\" content=\"2048\" \/>\n\t<meta property=\"og:image:type\" content=\"image\/jpeg\" \/>\n<meta name=\"twitter:card\" content=\"summary_large_image\" \/>\n<meta name=\"twitter:label1\" content=\"Est. reading time\" \/>\n\t<meta name=\"twitter:data1\" content=\"1 minute\" \/>\n<script type=\"application\/ld+json\" class=\"yoast-schema-graph\">{\"@context\":\"https:\\\/\\\/schema.org\",\"@graph\":[{\"@type\":\"WebPage\",\"@id\":\"https:\\\/\\\/madoskampas.lt\\\/produktas\\\/autumn-wool-paltines-medziagos-sijonas\\\/\",\"url\":\"https:\\\/\\\/madoskampas.lt\\\/produktas\\\/autumn-wool-paltines-medziagos-sijonas\\\/\",\"name\":\"\u201eAutumn Wool\u201c paltin\u0117s med\u017eiagos sijonas - MadosKampas.lt\",\"isPartOf\":{\"@id\":\"https:\\\/\\\/madoskampas.lt\\\/#website\"},\"primaryImageOfPage\":{\"@id\":\"https:\\\/\\\/madoskampas.lt\\\/produktas\\\/autumn-wool-paltines-medziagos-sijonas\\\/#primaryimage\"},\"image\":{\"@id\":\"https:\\\/\\\/madoskampas.lt\\\/produktas\\\/autumn-wool-paltines-medziagos-sijonas\\\/#primaryimage\"},\"thumbnailUrl\":\"https:\\\/\\\/madoskampas.lt\\\/wp-content\\\/uploads\\\/2025\\\/10\\\/IMG_2112.jpeg\",\"datePublished\":\"2025-10-31T15:32:13+00:00\",\"dateModified\":\"2026-02-05T16:11:08+00:00\",\"breadcrumb\":{\"@id\":\"https:\\\/\\\/madoskampas.lt\\\/produktas\\\/autumn-wool-paltines-medziagos-sijonas\\\/#breadcrumb\"},\"inLanguage\":\"en-US\",\"potentialAction\":[{\"@type\":\"ReadAction\",\"target\":[\"https:\\\/\\\/madoskampas.lt\\\/produktas\\\/autumn-wool-paltines-medziagos-sijonas\\\/\"]}]},{\"@type\":\"ImageObject\",\"inLanguage\":\"en-US\",\"@id\":\"https:\\\/\\\/madoskampas.lt\\\/produktas\\\/autumn-wool-paltines-medziagos-sijonas\\\/#primaryimage\",\"url\":\"https:\\\/\\\/madoskampas.lt\\\/wp-content\\\/uploads\\\/2025\\\/10\\\/IMG_2112.jpeg\",\"contentUrl\":\"https:\\\/\\\/madoskampas.lt\\\/wp-content\\\/uploads\\\/2025\\\/10\\\/IMG_2112.jpeg\",\"width\":1536,\"height\":2048},{\"@type\":\"BreadcrumbList\",\"@id\":\"https:\\\/\\\/madoskampas.lt\\\/produktas\\\/autumn-wool-paltines-medziagos-sijonas\\\/#breadcrumb\",\"itemListElement\":[{\"@type\":\"ListItem\",\"position\":1,\"name\":\"Home\",\"item\":\"https:\\\/\\\/madoskampas.lt\\\/\"},{\"@type\":\"ListItem\",\"position\":2,\"name\":\"Parduotuv\u0117\",\"item\":\"https:\\\/\\\/madoskampas.lt\\\/parduotuve-2\\\/\"},{\"@type\":\"ListItem\",\"position\":3,\"name\":\"\u201eAutumn Wool\u201c paltin\u0117s med\u017eiagos sijonas\"}]},{\"@type\":\"WebSite\",\"@id\":\"https:\\\/\\\/madoskampas.lt\\\/#website\",\"url\":\"https:\\\/\\\/madoskampas.lt\\\/\",\"name\":\"MadosKampas.lt\",\"description\":\"Stilingi drabu\u017eiai moterims\",\"potentialAction\":[{\"@type\":\"SearchAction\",\"target\":{\"@type\":\"EntryPoint\",\"urlTemplate\":\"https:\\\/\\\/madoskampas.lt\\\/?s={search_term_string}\"},\"query-input\":{\"@type\":\"PropertyValueSpecification\",\"valueRequired\":true,\"valueName\":\"search_term_string\"}}],\"inLanguage\":\"en-US\"}]}<\/script>\n<!-- \/ Yoast SEO plugin. -->","yoast_head_json":{"title":"\u201eAutumn Wool\u201c paltin\u0117s med\u017eiagos sijonas - MadosKampas.lt","robots":{"index":"index","follow":"follow","max-snippet":"max-snippet:-1","max-image-preview":"max-image-preview:large","max-video-preview":"max-video-preview:-1"},"canonical":"https:\/\/madoskampas.lt\/en\/product\/autumn-wool-paltines-medziagos-sijonas\/","og_locale":"en_US","og_type":"article","og_title":"\u201eAutumn Wool\u201c paltin\u0117s med\u017eiagos sijonas - MadosKampas.lt","og_description":"\u201eAutumn Wool\u201c \u2013 tai eleganti\u0161kas paltin\u0117s tekst\u016bros sijonas, sukurtas moteriai, vertinan\u010diai jaukum\u0105 ir subtil\u0173 stili\u0173.Lengvai plat\u0117jantis siluetas formuoja grak\u0161\u010di\u0105 linij\u0105, o dekoratyvinis kaspin\u0117lis su \u0161ilkin\u0117s skarel\u0117s ra\u0161tu pabr\u0117\u017eia liemen\u012f ir suteikia i\u0161skirtinio \u017eavesio. Audinys \u2013 auk\u0161tos kokyb\u0117s poliesteris su paltine fakt\u016bra, kuris primena viln\u0105, bet yra lengvas, \u0161velnus ir patogus d\u0117v\u0117ti.Sijonas turi \u0161onin\u012f u\u017etrauktuk\u0105, tod\u0117l i\u0161lieka patogus ir dailiai priglunda. Puikus pasirinkimas tiek prie megztinio ar mar\u0161kini\u0173, tiek prie ilgaauli\u0173 bat\u0173 \u2013 klasikinis rudens derinio pagrindas. \ud83d\udccf I\u0161matavimai:       Dydis Ilgis (cm) Liemuo (cm)     S 47 35   M 47 37   L 48 40   XL 48 41      \ud83d\udc57 Modelis: plat\u0117jantis, su \u0161oniniu u\u017etrauktuku ir dekoratyviniu kaspin\u0117liu\ud83c\udfa8 Spalvos: juoda ir \u0161okolado\ud83c\udf3f Sud\u0117tis: 100 % poliesteris\ud83c\uddee\ud83c\uddf9 Pagaminta Italijoje","og_url":"https:\/\/madoskampas.lt\/en\/product\/autumn-wool-paltines-medziagos-sijonas\/","og_site_name":"MadosKampas.lt","article_modified_time":"2026-02-05T16:11:08+00:00","og_image":[{"width":1536,"height":2048,"url":"https:\/\/madoskampas.lt\/wp-content\/uploads\/2025\/10\/IMG_2112.jpeg","type":"image\/jpeg"}],"twitter_card":"summary_large_image","twitter_misc":{"Est. reading time":"1 minute"},"schema":{"@context":"https:\/\/schema.org","@graph":[{"@type":"WebPage","@id":"https:\/\/madoskampas.lt\/produktas\/autumn-wool-paltines-medziagos-sijonas\/","url":"https:\/\/madoskampas.lt\/produktas\/autumn-wool-paltines-medziagos-sijonas\/","name":"\u201eAutumn Wool\u201c paltin\u0117s med\u017eiagos sijonas - MadosKampas.lt","isPartOf":{"@id":"https:\/\/madoskampas.lt\/#website"},"primaryImageOfPage":{"@id":"https:\/\/madoskampas.lt\/produktas\/autumn-wool-paltines-medziagos-sijonas\/#primaryimage"},"image":{"@id":"https:\/\/madoskampas.lt\/produktas\/autumn-wool-paltines-medziagos-sijonas\/#primaryimage"},"thumbnailUrl":"https:\/\/madoskampas.lt\/wp-content\/uploads\/2025\/10\/IMG_2112.jpeg","datePublished":"2025-10-31T15:32:13+00:00","dateModified":"2026-02-05T16:11:08+00:00","breadcrumb":{"@id":"https:\/\/madoskampas.lt\/produktas\/autumn-wool-paltines-medziagos-sijonas\/#breadcrumb"},"inLanguage":"en-US","potentialAction":[{"@type":"ReadAction","target":["https:\/\/madoskampas.lt\/produktas\/autumn-wool-paltines-medziagos-sijonas\/"]}]},{"@type":"ImageObject","inLanguage":"en-US","@id":"https:\/\/madoskampas.lt\/produktas\/autumn-wool-paltines-medziagos-sijonas\/#primaryimage","url":"https:\/\/madoskampas.lt\/wp-content\/uploads\/2025\/10\/IMG_2112.jpeg","contentUrl":"https:\/\/madoskampas.lt\/wp-content\/uploads\/2025\/10\/IMG_2112.jpeg","width":1536,"height":2048},{"@type":"BreadcrumbList","@id":"https:\/\/madoskampas.lt\/produktas\/autumn-wool-paltines-medziagos-sijonas\/#breadcrumb","itemListElement":[{"@type":"ListItem","position":1,"name":"Home","item":"https:\/\/madoskampas.lt\/"},{"@type":"ListItem","position":2,"name":"Parduotuv\u0117","item":"https:\/\/madoskampas.lt\/parduotuve-2\/"},{"@type":"ListItem","position":3,"name":"\u201eAutumn Wool\u201c paltin\u0117s med\u017eiagos sijonas"}]},{"@type":"WebSite","@id":"https:\/\/madoskampas.lt\/#website","url":"https:\/\/madoskampas.lt\/","name":"FashionKampas.lt","description":"Stylish clothes for women","potentialAction":[{"@type":"SearchAction","target":{"@type":"EntryPoint","urlTemplate":"https:\/\/madoskampas.lt\/?s={search_term_string}"},"query-input":{"@type":"PropertyValueSpecification","valueRequired":true,"valueName":"search_term_string"}}],"inLanguage":"en-US"}]}},"uagb_featured_image_src":{"full":["https:\/\/madoskampas.lt\/wp-content\/uploads\/2025\/10\/IMG_2112.jpeg",1536,2048,false],"thumbnail":["https:\/\/madoskampas.lt\/wp-content\/uploads\/2025\/10\/IMG_2112-150x150.jpeg",150,150,true],"medium":["https:\/\/madoskampas.lt\/wp-content\/uploads\/2025\/10\/IMG_2112-225x300.jpeg",225,300,true],"medium_large":["https:\/\/madoskampas.lt\/wp-content\/uploads\/2025\/10\/IMG_2112-768x1024.jpeg",768,1024,true],"large":["https:\/\/madoskampas.lt\/wp-content\/uploads\/2025\/10\/IMG_2112-768x1024.jpeg",768,1024,true],"1536x1536":["https:\/\/madoskampas.lt\/wp-content\/uploads\/2025\/10\/IMG_2112-1152x1536.jpeg",1152,1536,true],"2048x2048":["https:\/\/madoskampas.lt\/wp-content\/uploads\/2025\/10\/IMG_2112.jpeg",1536,2048,false],"trp-custom-language-flag":["https:\/\/madoskampas.lt\/wp-content\/uploads\/2025\/10\/IMG_2112.jpeg",9,12,false],"nova-image-square":["https:\/\/madoskampas.lt\/wp-content\/uploads\/2025\/10\/IMG_2112-1100x1100.jpeg",1100,1100,true],"mixtas-product-03":["https:\/\/madoskampas.lt\/wp-content\/uploads\/2025\/10\/IMG_2112-600x345.jpeg",600,345,true],"woocommerce_thumbnail":["https:\/\/madoskampas.lt\/wp-content\/uploads\/2025\/10\/IMG_2112-700x700.jpeg",700,700,true],"woocommerce_single":["https:\/\/madoskampas.lt\/wp-content\/uploads\/2025\/10\/IMG_2112-1000x1333.jpeg",1000,1333,true],"woocommerce_gallery_thumbnail":["https:\/\/madoskampas.lt\/wp-content\/uploads\/2025\/10\/IMG_2112-250x250.jpeg",250,250,true],"variation_swatches_image_size":["https:\/\/madoskampas.lt\/wp-content\/uploads\/2025\/10\/IMG_2112-50x50.jpeg",50,50,true],"variation_swatches_tooltip_size":["https:\/\/madoskampas.lt\/wp-content\/uploads\/2025\/10\/IMG_2112-100x100.jpeg",100,100,true]},"uagb_author_info":{"display_name":"algirdasbart","author_link":"https:\/\/madoskampas.lt\/en\/author\/"},"uagb_comment_info":0,"uagb_excerpt":"\u201eAutumn Wool\u201c \u2013 tai eleganti\u0161kas paltin\u0117s tekst\u016bros sijonas, sukurtas moteriai, vertinan\u010diai jaukum\u0105 ir subtil\u0173 stili\u0173.Lengvai plat\u0117jantis siluetas formuoja grak\u0161\u010di\u0105 linij\u0105, o dekoratyvinis kaspin\u0117lis su \u0161ilkin\u0117s skarel\u0117s ra\u0161tu pabr\u0117\u017eia liemen\u012f ir suteikia i\u0161skirtinio \u017eavesio. Audinys \u2013 auk\u0161tos kokyb\u0117s poliesteris su paltine fakt\u016bra, kuris primena viln\u0105, bet yra lengvas, \u0161velnus ir patogus d\u0117v\u0117ti.Sijonas turi \u0161onin\u012f u\u017etrauktuk\u0105, tod\u0117l&hellip;","jetpack_sharing_enabled":true,"_links":{"self":[{"href":"https:\/\/madoskampas.lt\/en\/wp-json\/wp\/v2\/product\/22610","targetHints":{"allow":["GET"]}}],"collection":[{"href":"https:\/\/madoskampas.lt\/en\/wp-json\/wp\/v2\/product"}],"about":[{"href":"https:\/\/madoskampas.lt\/en\/wp-json\/wp\/v2\/types\/product"}],"replies":[{"embeddable":true,"href":"https:\/\/madoskampas.lt\/en\/wp-json\/wp\/v2\/comments?post=22610"}],"wp:featuredmedia":[{"embeddable":true,"href":"https:\/\/madoskampas.lt\/en\/wp-json\/wp\/v2\/media\/22611"}],"wp:attachment":[{"href":"https:\/\/madoskampas.lt\/en\/wp-json\/wp\/v2\/media?parent=22610"}],"wp:term":[{"taxonomy":"product_brand","embeddable":true,"href":"https:\/\/madoskampas.lt\/en\/wp-json\/wp\/v2\/product_brand?post=22610"},{"taxonomy":"product_cat","embeddable":true,"href":"https:\/\/madoskampas.lt\/en\/wp-json\/wp\/v2\/product_cat?post=22610"},{"taxonomy":"product_tag","embeddable":true,"href":"https:\/\/madoskampas.lt\/en\/wp-json\/wp\/v2\/product_tag?post=22610"}],"curies":[{"name":"wp","href":"https:\/\/api.w.org\/{rel}","templated":true}]}}