{"id":22815,"date":"2025-11-05T09:18:24","date_gmt":"2025-11-05T09:18:24","guid":{"rendered":"https:\/\/madoskampas.lt\/?post_type=product&#038;p=22815"},"modified":"2026-02-26T18:14:25","modified_gmt":"2026-02-26T18:14:25","slug":"soft-elegance-skirt-with-belt","status":"publish","type":"product","link":"https:\/\/madoskampas.lt\/en\/product\/soft-elegance-skirt-with-belt\/","title":{"rendered":"\u201eSoft Elegance skirt-shorts with belt"},"content":{"rendered":"<p>With the subtle silhouette of a skirt combined with the comfort of shorts, Soft Elegance makes you feel at ease and look exquisite.<br data-start=\"448\" data-end=\"451\" \/>Made from a soft, suede-like material, these skirt-shorts hold their shape subtly and can be worn with a sweater, long sleeves or a jacket.<\/p>","protected":false},"excerpt":{"rendered":"<p data-start=\"314\" data-end=\"605\">With the subtle silhouette of a skirt combined with the comfort of shorts, Soft Elegance makes you feel at ease and look exquisite.<br data-start=\"448\" data-end=\"451\" \/>Made from a soft, suede-like material, these skirt-shorts hold their shape subtly and can be worn with a sweater, long sleeves or a jacket.<\/p>\n<p data-start=\"607\" data-end=\"824\">Includes <strong data-start=\"621\" data-end=\"631\">belt<\/strong>, which accentuates the waist and adds a finishing touch to the combination.<br data-start=\"688\" data-end=\"691\" \/>Universal size fits from <strong data-start=\"719\" data-end=\"730\">S to L<\/strong> - Elasticated waist (40 cm, stretches to 46 cm), hips approx. 52 cm.<br data-start=\"801\" data-end=\"804\" \/><strong data-start=\"804\" data-end=\"822\">Length - 40 cm.<\/strong><\/p>\n<p data-start=\"826\" data-end=\"952\">Two shades available:<br data-start=\"847\" data-end=\"850\" \/>\ud83c\udf6b <strong data-start=\"853\" data-end=\"868\">chocolate<\/strong> - warm, classic tone<br data-start=\"895\" data-end=\"898\" \/>\u26ab\ufe0f <strong data-start=\"901\" data-end=\"911\">black<\/strong> - A refined, versatile choice<\/p>\n<p data-start=\"954\" data-end=\"1087\">Lightweight, comfortable and elegant at the same time, this skirt remains a pair of shorts on the move, making it ideal for active everyday life.<\/p>","protected":false},"featured_media":24770,"comment_status":"open","ping_status":"closed","template":"","meta":{"_uag_custom_page_level_css":"","_monsterinsights_skip_tracking":false,"_monsterinsights_sitenote_active":false,"_monsterinsights_sitenote_note":"","_monsterinsights_sitenote_category":0},"product_brand":[],"product_cat":[66,95,75,76],"product_tag":[],"class_list":{"0":"post-22815","1":"product","2":"type-product","3":"status-publish","4":"has-post-thumbnail","6":"product_cat-drabuziai","7":"product_cat-naujausi","8":"product_cat-sijonai","9":"product_cat-sortai","10":"tm-has-options","12":"first","13":"instock","14":"shipping-taxable","15":"purchasable","16":"product-type-variable"},"yoast_head":"<!-- This site is optimized with the Yoast SEO plugin v27.6 - https:\/\/yoast.com\/product\/yoast-seo-wordpress\/ -->\n<title>\u201eSoft Elegance\u201c sijonas\u2013\u0161ortai su dir\u017eu - MadosKampas.lt<\/title>\n<meta name=\"robots\" content=\"index, follow, max-snippet:-1, max-image-preview:large, max-video-preview:-1\" \/>\n<link rel=\"canonical\" href=\"https:\/\/madoskampas.lt\/en\/product\/soft-elegance-skirt-with-belt\/\" \/>\n<meta property=\"og:locale\" content=\"en_US\" \/>\n<meta property=\"og:type\" content=\"article\" \/>\n<meta property=\"og:title\" content=\"\u201eSoft Elegance\u201c sijonas\u2013\u0161ortai su dir\u017eu - MadosKampas.lt\" \/>\n<meta property=\"og:description\" content=\"Subtilus sijono siluetas, derinamas su \u0161ort\u0173 patogumu \u2013 \u201eSoft Elegance\u201c modelis leid\u017eia jaustis laisvai ir kartu atrodyti i\u0161skirtinai.Pagaminti i\u0161 \u0161velnios, \u012f zom\u0161\u0105 pana\u0161ios med\u017eiagos, \u0161ie sijonas\u2013\u0161ortai subtiliai laiko form\u0105 ir tinka tiek prie megztinio, tiek prie ilgaauli\u0173 ar \u0161varko. Komplekte yra dir\u017eas, kuris pabr\u0117\u017eia liemen\u012f ir suteikia deriniui u\u017ebaigtumo.Universalus dydis tinka nuo S iki L \u2013 juosmuo elastingas (40 cm, pasitempia iki 46 cm), klubai apie 52 cm.Ilgis \u2013 40 cm. Galimi du atspalviai:\ud83c\udf6b \u0161okoladinis \u2013 \u0161iltas, klasikinis tonas\u26ab\ufe0f juodas \u2013 rafinuotas, universalus pasirinkimas Lengvas, patogus ir tuo pa\u010diu eleganti\u0161kas modelis \u2013 sijonas, kuris judant i\u0161lieka \u0161ortais, tod\u0117l puikiai tinka aktyviai kasdienai.\" \/>\n<meta property=\"og:url\" content=\"https:\/\/madoskampas.lt\/en\/product\/soft-elegance-skirt-with-belt\/\" \/>\n<meta property=\"og:site_name\" content=\"MadosKampas.lt\" \/>\n<meta property=\"article:modified_time\" content=\"2026-02-26T18:14:25+00:00\" \/>\n<meta property=\"og:image\" content=\"https:\/\/madoskampas.lt\/wp-content\/uploads\/2025\/11\/IMG_2488.jpeg\" \/>\n\t<meta property=\"og:image:width\" content=\"1536\" \/>\n\t<meta property=\"og:image:height\" content=\"2048\" \/>\n\t<meta property=\"og:image:type\" content=\"image\/jpeg\" \/>\n<meta name=\"twitter:card\" content=\"summary_large_image\" \/>\n<meta name=\"twitter:label1\" content=\"Est. reading time\" \/>\n\t<meta name=\"twitter:data1\" content=\"1 minute\" \/>\n<script type=\"application\/ld+json\" class=\"yoast-schema-graph\">{\"@context\":\"https:\\\/\\\/schema.org\",\"@graph\":[{\"@type\":\"WebPage\",\"@id\":\"https:\\\/\\\/madoskampas.lt\\\/produktas\\\/soft-elegance-sijonas-sortai-su-dirzu\\\/\",\"url\":\"https:\\\/\\\/madoskampas.lt\\\/produktas\\\/soft-elegance-sijonas-sortai-su-dirzu\\\/\",\"name\":\"\u201eSoft Elegance\u201c sijonas\u2013\u0161ortai su dir\u017eu - MadosKampas.lt\",\"isPartOf\":{\"@id\":\"https:\\\/\\\/madoskampas.lt\\\/#website\"},\"primaryImageOfPage\":{\"@id\":\"https:\\\/\\\/madoskampas.lt\\\/produktas\\\/soft-elegance-sijonas-sortai-su-dirzu\\\/#primaryimage\"},\"image\":{\"@id\":\"https:\\\/\\\/madoskampas.lt\\\/produktas\\\/soft-elegance-sijonas-sortai-su-dirzu\\\/#primaryimage\"},\"thumbnailUrl\":\"https:\\\/\\\/madoskampas.lt\\\/wp-content\\\/uploads\\\/2025\\\/11\\\/img_7130-1-scaled.jpeg\",\"datePublished\":\"2025-11-05T09:18:24+00:00\",\"dateModified\":\"2026-02-26T18:14:25+00:00\",\"breadcrumb\":{\"@id\":\"https:\\\/\\\/madoskampas.lt\\\/produktas\\\/soft-elegance-sijonas-sortai-su-dirzu\\\/#breadcrumb\"},\"inLanguage\":\"en-US\",\"potentialAction\":[{\"@type\":\"ReadAction\",\"target\":[\"https:\\\/\\\/madoskampas.lt\\\/produktas\\\/soft-elegance-sijonas-sortai-su-dirzu\\\/\"]}]},{\"@type\":\"ImageObject\",\"inLanguage\":\"en-US\",\"@id\":\"https:\\\/\\\/madoskampas.lt\\\/produktas\\\/soft-elegance-sijonas-sortai-su-dirzu\\\/#primaryimage\",\"url\":\"https:\\\/\\\/madoskampas.lt\\\/wp-content\\\/uploads\\\/2025\\\/11\\\/img_7130-1-scaled.jpeg\",\"contentUrl\":\"https:\\\/\\\/madoskampas.lt\\\/wp-content\\\/uploads\\\/2025\\\/11\\\/img_7130-1-scaled.jpeg\",\"width\":1920,\"height\":2560},{\"@type\":\"BreadcrumbList\",\"@id\":\"https:\\\/\\\/madoskampas.lt\\\/produktas\\\/soft-elegance-sijonas-sortai-su-dirzu\\\/#breadcrumb\",\"itemListElement\":[{\"@type\":\"ListItem\",\"position\":1,\"name\":\"Home\",\"item\":\"https:\\\/\\\/madoskampas.lt\\\/\"},{\"@type\":\"ListItem\",\"position\":2,\"name\":\"Parduotuv\u0117\",\"item\":\"https:\\\/\\\/madoskampas.lt\\\/parduotuve-2\\\/\"},{\"@type\":\"ListItem\",\"position\":3,\"name\":\"\u201eSoft Elegance\u201c sijonas\u2013\u0161ortai su dir\u017eu\"}]},{\"@type\":\"WebSite\",\"@id\":\"https:\\\/\\\/madoskampas.lt\\\/#website\",\"url\":\"https:\\\/\\\/madoskampas.lt\\\/\",\"name\":\"MadosKampas.lt\",\"description\":\"Stilingi drabu\u017eiai moterims\",\"potentialAction\":[{\"@type\":\"SearchAction\",\"target\":{\"@type\":\"EntryPoint\",\"urlTemplate\":\"https:\\\/\\\/madoskampas.lt\\\/?s={search_term_string}\"},\"query-input\":{\"@type\":\"PropertyValueSpecification\",\"valueRequired\":true,\"valueName\":\"search_term_string\"}}],\"inLanguage\":\"en-US\"}]}<\/script>\n<!-- \/ Yoast SEO plugin. -->","yoast_head_json":{"title":"\u201eSoft Elegance skirt-shorts with belt - MadosKampas.lt","robots":{"index":"index","follow":"follow","max-snippet":"max-snippet:-1","max-image-preview":"max-image-preview:large","max-video-preview":"max-video-preview:-1"},"canonical":"https:\/\/madoskampas.lt\/en\/product\/soft-elegance-skirt-with-belt\/","og_locale":"en_US","og_type":"article","og_title":"\u201eSoft Elegance\u201c sijonas\u2013\u0161ortai su dir\u017eu - MadosKampas.lt","og_description":"Subtilus sijono siluetas, derinamas su \u0161ort\u0173 patogumu \u2013 \u201eSoft Elegance\u201c modelis leid\u017eia jaustis laisvai ir kartu atrodyti i\u0161skirtinai.Pagaminti i\u0161 \u0161velnios, \u012f zom\u0161\u0105 pana\u0161ios med\u017eiagos, \u0161ie sijonas\u2013\u0161ortai subtiliai laiko form\u0105 ir tinka tiek prie megztinio, tiek prie ilgaauli\u0173 ar \u0161varko. Komplekte yra dir\u017eas, kuris pabr\u0117\u017eia liemen\u012f ir suteikia deriniui u\u017ebaigtumo.Universalus dydis tinka nuo S iki L \u2013 juosmuo elastingas (40 cm, pasitempia iki 46 cm), klubai apie 52 cm.Ilgis \u2013 40 cm. Galimi du atspalviai:\ud83c\udf6b \u0161okoladinis \u2013 \u0161iltas, klasikinis tonas\u26ab\ufe0f juodas \u2013 rafinuotas, universalus pasirinkimas Lengvas, patogus ir tuo pa\u010diu eleganti\u0161kas modelis \u2013 sijonas, kuris judant i\u0161lieka \u0161ortais, tod\u0117l puikiai tinka aktyviai kasdienai.","og_url":"https:\/\/madoskampas.lt\/en\/product\/soft-elegance-skirt-with-belt\/","og_site_name":"MadosKampas.lt","article_modified_time":"2026-02-26T18:14:25+00:00","og_image":[{"width":1536,"height":2048,"url":"https:\/\/madoskampas.lt\/wp-content\/uploads\/2025\/11\/IMG_2488.jpeg","type":"image\/jpeg"}],"twitter_card":"summary_large_image","twitter_misc":{"Est. reading time":"1 minute"},"schema":{"@context":"https:\/\/schema.org","@graph":[{"@type":"WebPage","@id":"https:\/\/madoskampas.lt\/produktas\/soft-elegance-sijonas-sortai-su-dirzu\/","url":"https:\/\/madoskampas.lt\/produktas\/soft-elegance-sijonas-sortai-su-dirzu\/","name":"\u201eSoft Elegance skirt-shorts with belt - MadosKampas.lt","isPartOf":{"@id":"https:\/\/madoskampas.lt\/#website"},"primaryImageOfPage":{"@id":"https:\/\/madoskampas.lt\/produktas\/soft-elegance-sijonas-sortai-su-dirzu\/#primaryimage"},"image":{"@id":"https:\/\/madoskampas.lt\/produktas\/soft-elegance-sijonas-sortai-su-dirzu\/#primaryimage"},"thumbnailUrl":"https:\/\/madoskampas.lt\/wp-content\/uploads\/2025\/11\/img_7130-1-scaled.jpeg","datePublished":"2025-11-05T09:18:24+00:00","dateModified":"2026-02-26T18:14:25+00:00","breadcrumb":{"@id":"https:\/\/madoskampas.lt\/produktas\/soft-elegance-sijonas-sortai-su-dirzu\/#breadcrumb"},"inLanguage":"en-US","potentialAction":[{"@type":"ReadAction","target":["https:\/\/madoskampas.lt\/produktas\/soft-elegance-sijonas-sortai-su-dirzu\/"]}]},{"@type":"ImageObject","inLanguage":"en-US","@id":"https:\/\/madoskampas.lt\/produktas\/soft-elegance-sijonas-sortai-su-dirzu\/#primaryimage","url":"https:\/\/madoskampas.lt\/wp-content\/uploads\/2025\/11\/img_7130-1-scaled.jpeg","contentUrl":"https:\/\/madoskampas.lt\/wp-content\/uploads\/2025\/11\/img_7130-1-scaled.jpeg","width":1920,"height":2560},{"@type":"BreadcrumbList","@id":"https:\/\/madoskampas.lt\/produktas\/soft-elegance-sijonas-sortai-su-dirzu\/#breadcrumb","itemListElement":[{"@type":"ListItem","position":1,"name":"Home","item":"https:\/\/madoskampas.lt\/"},{"@type":"ListItem","position":2,"name":"Parduotuv\u0117","item":"https:\/\/madoskampas.lt\/parduotuve-2\/"},{"@type":"ListItem","position":3,"name":"\u201eSoft Elegance\u201c sijonas\u2013\u0161ortai su dir\u017eu"}]},{"@type":"WebSite","@id":"https:\/\/madoskampas.lt\/#website","url":"https:\/\/madoskampas.lt\/","name":"FashionKampas.lt","description":"Stylish clothes for women","potentialAction":[{"@type":"SearchAction","target":{"@type":"EntryPoint","urlTemplate":"https:\/\/madoskampas.lt\/?s={search_term_string}"},"query-input":{"@type":"PropertyValueSpecification","valueRequired":true,"valueName":"search_term_string"}}],"inLanguage":"en-US"}]}},"uagb_featured_image_src":{"full":["https:\/\/madoskampas.lt\/wp-content\/uploads\/2025\/11\/img_7130-1-scaled.jpeg",1920,2560,false],"thumbnail":["https:\/\/madoskampas.lt\/wp-content\/uploads\/2025\/11\/img_7130-1-150x150.jpeg",150,150,true],"medium":["https:\/\/madoskampas.lt\/wp-content\/uploads\/2025\/11\/img_7130-1-225x300.jpeg",225,300,true],"medium_large":["https:\/\/madoskampas.lt\/wp-content\/uploads\/2025\/11\/img_7130-1-768x1024.jpeg",768,1024,true],"large":["https:\/\/madoskampas.lt\/wp-content\/uploads\/2025\/11\/img_7130-1-768x1024.jpeg",768,1024,true],"1536x1536":["https:\/\/madoskampas.lt\/wp-content\/uploads\/2025\/11\/img_7130-1-1152x1536.jpeg",1152,1536,true],"2048x2048":["https:\/\/madoskampas.lt\/wp-content\/uploads\/2025\/11\/img_7130-1-1536x2048.jpeg",1536,2048,true],"trp-custom-language-flag":["https:\/\/madoskampas.lt\/wp-content\/uploads\/2025\/11\/img_7130-1-9x12.jpeg",9,12,true],"nova-image-square":["https:\/\/madoskampas.lt\/wp-content\/uploads\/2025\/11\/img_7130-1-1100x1100.jpeg",1100,1100,true],"mixtas-product-03":["https:\/\/madoskampas.lt\/wp-content\/uploads\/2025\/11\/img_7130-1-600x345.jpeg",600,345,true],"woocommerce_thumbnail":["https:\/\/madoskampas.lt\/wp-content\/uploads\/2025\/11\/img_7130-1-700x700.jpeg",700,700,true],"woocommerce_single":["https:\/\/madoskampas.lt\/wp-content\/uploads\/2025\/11\/img_7130-1-1000x1333.jpeg",1000,1333,true],"woocommerce_gallery_thumbnail":["https:\/\/madoskampas.lt\/wp-content\/uploads\/2025\/11\/img_7130-1-250x250.jpeg",250,250,true],"variation_swatches_image_size":["https:\/\/madoskampas.lt\/wp-content\/uploads\/2025\/11\/img_7130-1-50x50.jpeg",50,50,true],"variation_swatches_tooltip_size":["https:\/\/madoskampas.lt\/wp-content\/uploads\/2025\/11\/img_7130-1-100x100.jpeg",100,100,true]},"uagb_author_info":{"display_name":"algirdasbart","author_link":"https:\/\/madoskampas.lt\/en\/author\/"},"uagb_comment_info":0,"uagb_excerpt":"Subtilus sijono siluetas, derinamas su \u0161ort\u0173 patogumu \u2013 \u201eSoft Elegance\u201c modelis leid\u017eia jaustis laisvai ir kartu atrodyti i\u0161skirtinai.Pagaminti i\u0161 \u0161velnios, \u012f zom\u0161\u0105 pana\u0161ios med\u017eiagos, \u0161ie sijonas\u2013\u0161ortai subtiliai laiko form\u0105 ir tinka tiek prie megztinio, tiek prie ilgaauli\u0173 ar \u0161varko. Komplekte yra dir\u017eas, kuris pabr\u0117\u017eia liemen\u012f ir suteikia deriniui u\u017ebaigtumo.Universalus dydis tinka nuo S iki L&hellip;","jetpack_sharing_enabled":true,"_links":{"self":[{"href":"https:\/\/madoskampas.lt\/en\/wp-json\/wp\/v2\/product\/22815","targetHints":{"allow":["GET"]}}],"collection":[{"href":"https:\/\/madoskampas.lt\/en\/wp-json\/wp\/v2\/product"}],"about":[{"href":"https:\/\/madoskampas.lt\/en\/wp-json\/wp\/v2\/types\/product"}],"replies":[{"embeddable":true,"href":"https:\/\/madoskampas.lt\/en\/wp-json\/wp\/v2\/comments?post=22815"}],"wp:featuredmedia":[{"embeddable":true,"href":"https:\/\/madoskampas.lt\/en\/wp-json\/wp\/v2\/media\/24770"}],"wp:attachment":[{"href":"https:\/\/madoskampas.lt\/en\/wp-json\/wp\/v2\/media?parent=22815"}],"wp:term":[{"taxonomy":"product_brand","embeddable":true,"href":"https:\/\/madoskampas.lt\/en\/wp-json\/wp\/v2\/product_brand?post=22815"},{"taxonomy":"product_cat","embeddable":true,"href":"https:\/\/madoskampas.lt\/en\/wp-json\/wp\/v2\/product_cat?post=22815"},{"taxonomy":"product_tag","embeddable":true,"href":"https:\/\/madoskampas.lt\/en\/wp-json\/wp\/v2\/product_tag?post=22815"}],"curies":[{"name":"wp","href":"https:\/\/api.w.org\/{rel}","templated":true}]}}