{"id":23978,"date":"2025-11-25T20:30:17","date_gmt":"2025-11-25T20:30:17","guid":{"rendered":"https:\/\/madoskampas.lt\/?post_type=product&#038;p=23978"},"modified":"2026-02-18T11:39:42","modified_gmt":"2026-02-18T11:39:42","slug":"nuvola-soft-80-kid-moheros-megztukas","status":"publish","type":"product","link":"https:\/\/madoskampas.lt\/en\/product\/nuvola-soft-80-kid-moheros-megztukas\/","title":{"rendered":"\u201eNuvola Soft\u201c 80% Kid moheros megztukas"},"content":{"rendered":"<p>\u201eNuvola Soft\u201c \u2013 tai megztukas, kuris primena mink\u0161t\u0105, lengv\u0105 debes\u012f. D\u0117l <strong data-start=\"336\" data-end=\"355\">80% kid moheros<\/strong> jis yra ypatingai \u0161velnus, purus ir lengvai \u0161ildantis, o vos juntamas svoris suteikia t\u0105 tikr\u0105 itali\u0161kos kokyb\u0117s poj\u016bt\u012f.<\/p>","protected":false},"excerpt":{"rendered":"<p data-start=\"263\" data-end=\"478\">\u201eNuvola Soft\u201c \u2013 tai megztukas, kuris primena mink\u0161t\u0105, lengv\u0105 debes\u012f. D\u0117l <strong data-start=\"336\" data-end=\"355\">80% kid moheros<\/strong> jis yra ypatingai \u0161velnus, purus ir lengvai \u0161ildantis, o vos juntamas svoris suteikia t\u0105 tikr\u0105 itali\u0161kos kokyb\u0117s poj\u016bt\u012f.<\/p>\n<p data-start=\"480\" data-end=\"705\">Lengvai plat\u0117jan\u010dios rankov\u0117s ir subtilus V formos kaklas su atvart\u0117liu kuria moderni\u0105, labai moteri\u0161k\u0105 linij\u0105.<br data-start=\"591\" data-end=\"594\" \/>Tai megztukas, kuris tinka tiek kasdieniam jaukumui, tiek vakarui, kai norisi atrodyti nat\u016braliai eleganti\u0161kai.<\/p>\n<p data-start=\"707\" data-end=\"858\">Modelis \u0161velniai gula, gra\u017eiai krinta ir neerzina odos \u2014 kid mohera i\u0161lieka viena brangiausi\u0173, \u0161velniausi\u0173 ir labiausiai vertinam\u0173 mezgimo si\u016bl\u0173 r\u016b\u0161i\u0173.<\/p>\n<p data-start=\"860\" data-end=\"978\">Megztukas universalus ir tinka <strong data-start=\"891\" data-end=\"902\">S, M, L<\/strong> dyd\u017eiams, nes prisitaiko prie silueto, i\u0161laikydamas p\u016brum\u0105 ir \u0161vari\u0105 form\u0105.<\/p>\n<hr data-start=\"980\" data-end=\"983\" \/>\n<h3 data-start=\"985\" data-end=\"1003\"><strong data-start=\"989\" data-end=\"1001\">Composition:<\/strong><\/h3>\n<ul data-start=\"1004\" data-end=\"1073\">\n<li data-start=\"1004\" data-end=\"1026\">\n<p data-start=\"1006\" data-end=\"1026\"><strong data-start=\"1006\" data-end=\"1024\">80% Kid mohera<\/strong><\/p>\n<\/li>\n<li data-start=\"1027\" data-end=\"1073\">\n<p data-start=\"1029\" data-end=\"1073\"><strong data-start=\"1029\" data-end=\"1047\">20% poliamidas<\/strong> (strukt\u016brai ir lengvumui)<\/p>\n<\/li>\n<\/ul>","protected":false},"featured_media":23946,"comment_status":"open","ping_status":"closed","template":"","meta":{"_uag_custom_page_level_css":"","_monsterinsights_skip_tracking":false,"_monsterinsights_sitenote_active":false,"_monsterinsights_sitenote_note":"","_monsterinsights_sitenote_category":0},"product_brand":[],"product_cat":[66,73,95,96],"product_tag":[],"class_list":{"0":"post-23978","1":"product","2":"type-product","3":"status-publish","4":"has-post-thumbnail","6":"product_cat-drabuziai","7":"product_cat-megztiniai","8":"product_cat-naujausi","9":"product_cat-populiariausi","10":"tm-has-options","12":"first","13":"instock","14":"sale","15":"shipping-taxable","16":"purchasable","17":"product-type-variable"},"yoast_head":"<!-- This site is optimized with the Yoast SEO plugin v27.3 - https:\/\/yoast.com\/product\/yoast-seo-wordpress\/ -->\n<title>\u201eNuvola Soft\u201c 80% Kid moheros megztukas - MadosKampas.lt<\/title>\n<meta name=\"robots\" content=\"index, follow, max-snippet:-1, max-image-preview:large, max-video-preview:-1\" \/>\n<link rel=\"canonical\" href=\"https:\/\/madoskampas.lt\/en\/product\/nuvola-soft-80-kid-moheros-megztukas\/\" \/>\n<meta property=\"og:locale\" content=\"en_US\" \/>\n<meta property=\"og:type\" content=\"article\" \/>\n<meta property=\"og:title\" content=\"\u201eNuvola Soft\u201c 80% Kid moheros megztukas - MadosKampas.lt\" \/>\n<meta property=\"og:description\" content=\"\u201eNuvola Soft\u201c \u2013 tai megztukas, kuris primena mink\u0161t\u0105, lengv\u0105 debes\u012f. D\u0117l 80% kid moheros jis yra ypatingai \u0161velnus, purus ir lengvai \u0161ildantis, o vos juntamas svoris suteikia t\u0105 tikr\u0105 itali\u0161kos kokyb\u0117s poj\u016bt\u012f. Lengvai plat\u0117jan\u010dios rankov\u0117s ir subtilus V formos kaklas su atvart\u0117liu kuria moderni\u0105, labai moteri\u0161k\u0105 linij\u0105.Tai megztukas, kuris tinka tiek kasdieniam jaukumui, tiek vakarui, kai norisi atrodyti nat\u016braliai eleganti\u0161kai. Modelis \u0161velniai gula, gra\u017eiai krinta ir neerzina odos \u2014 kid mohera i\u0161lieka viena brangiausi\u0173, \u0161velniausi\u0173 ir labiausiai vertinam\u0173 mezgimo si\u016bl\u0173 r\u016b\u0161i\u0173. Megztukas universalus ir tinka S, M, L dyd\u017eiams, nes prisitaiko prie silueto, i\u0161laikydamas p\u016brum\u0105 ir \u0161vari\u0105 form\u0105.     Sud\u0117tis:    80% Kid mohera    20% poliamidas (strukt\u016brai ir lengvumui)\" \/>\n<meta property=\"og:url\" content=\"https:\/\/madoskampas.lt\/en\/product\/nuvola-soft-80-kid-moheros-megztukas\/\" \/>\n<meta property=\"og:site_name\" content=\"MadosKampas.lt\" \/>\n<meta property=\"article:modified_time\" content=\"2026-02-18T11:39:42+00:00\" \/>\n<meta property=\"og:image\" content=\"https:\/\/madoskampas.lt\/wp-content\/uploads\/2025\/11\/IMG_5225.jpeg\" \/>\n\t<meta property=\"og:image:width\" content=\"1536\" \/>\n\t<meta property=\"og:image:height\" content=\"2048\" \/>\n\t<meta property=\"og:image:type\" content=\"image\/jpeg\" \/>\n<meta name=\"twitter:card\" content=\"summary_large_image\" \/>\n<meta name=\"twitter:label1\" content=\"Est. reading time\" \/>\n\t<meta name=\"twitter:data1\" content=\"1 minute\" \/>\n<script type=\"application\/ld+json\" class=\"yoast-schema-graph\">{\"@context\":\"https:\\\/\\\/schema.org\",\"@graph\":[{\"@type\":\"WebPage\",\"@id\":\"https:\\\/\\\/madoskampas.lt\\\/produktas\\\/nuvola-soft-80-kid-moheros-megztukas\\\/\",\"url\":\"https:\\\/\\\/madoskampas.lt\\\/produktas\\\/nuvola-soft-80-kid-moheros-megztukas\\\/\",\"name\":\"\u201eNuvola Soft\u201c 80% Kid moheros megztukas - MadosKampas.lt\",\"isPartOf\":{\"@id\":\"https:\\\/\\\/madoskampas.lt\\\/#website\"},\"primaryImageOfPage\":{\"@id\":\"https:\\\/\\\/madoskampas.lt\\\/produktas\\\/nuvola-soft-80-kid-moheros-megztukas\\\/#primaryimage\"},\"image\":{\"@id\":\"https:\\\/\\\/madoskampas.lt\\\/produktas\\\/nuvola-soft-80-kid-moheros-megztukas\\\/#primaryimage\"},\"thumbnailUrl\":\"https:\\\/\\\/madoskampas.lt\\\/wp-content\\\/uploads\\\/2025\\\/11\\\/IMG_5225.jpeg\",\"datePublished\":\"2025-11-25T20:30:17+00:00\",\"dateModified\":\"2026-02-18T11:39:42+00:00\",\"breadcrumb\":{\"@id\":\"https:\\\/\\\/madoskampas.lt\\\/produktas\\\/nuvola-soft-80-kid-moheros-megztukas\\\/#breadcrumb\"},\"inLanguage\":\"en-US\",\"potentialAction\":[{\"@type\":\"ReadAction\",\"target\":[\"https:\\\/\\\/madoskampas.lt\\\/produktas\\\/nuvola-soft-80-kid-moheros-megztukas\\\/\"]}]},{\"@type\":\"ImageObject\",\"inLanguage\":\"en-US\",\"@id\":\"https:\\\/\\\/madoskampas.lt\\\/produktas\\\/nuvola-soft-80-kid-moheros-megztukas\\\/#primaryimage\",\"url\":\"https:\\\/\\\/madoskampas.lt\\\/wp-content\\\/uploads\\\/2025\\\/11\\\/IMG_5225.jpeg\",\"contentUrl\":\"https:\\\/\\\/madoskampas.lt\\\/wp-content\\\/uploads\\\/2025\\\/11\\\/IMG_5225.jpeg\",\"width\":1536,\"height\":2048},{\"@type\":\"BreadcrumbList\",\"@id\":\"https:\\\/\\\/madoskampas.lt\\\/produktas\\\/nuvola-soft-80-kid-moheros-megztukas\\\/#breadcrumb\",\"itemListElement\":[{\"@type\":\"ListItem\",\"position\":1,\"name\":\"Home\",\"item\":\"https:\\\/\\\/madoskampas.lt\\\/\"},{\"@type\":\"ListItem\",\"position\":2,\"name\":\"Parduotuv\u0117\",\"item\":\"https:\\\/\\\/madoskampas.lt\\\/parduotuve-2\\\/\"},{\"@type\":\"ListItem\",\"position\":3,\"name\":\"\u201eNuvola Soft\u201c 80% Kid moheros megztukas\"}]},{\"@type\":\"WebSite\",\"@id\":\"https:\\\/\\\/madoskampas.lt\\\/#website\",\"url\":\"https:\\\/\\\/madoskampas.lt\\\/\",\"name\":\"MadosKampas.lt\",\"description\":\"Stilingi drabu\u017eiai moterims\",\"potentialAction\":[{\"@type\":\"SearchAction\",\"target\":{\"@type\":\"EntryPoint\",\"urlTemplate\":\"https:\\\/\\\/madoskampas.lt\\\/?s={search_term_string}\"},\"query-input\":{\"@type\":\"PropertyValueSpecification\",\"valueRequired\":true,\"valueName\":\"search_term_string\"}}],\"inLanguage\":\"en-US\"}]}<\/script>\n<!-- \/ Yoast SEO plugin. -->","yoast_head_json":{"title":"\u201eNuvola Soft\u201c 80% Kid moheros megztukas - MadosKampas.lt","robots":{"index":"index","follow":"follow","max-snippet":"max-snippet:-1","max-image-preview":"max-image-preview:large","max-video-preview":"max-video-preview:-1"},"canonical":"https:\/\/madoskampas.lt\/en\/product\/nuvola-soft-80-kid-moheros-megztukas\/","og_locale":"en_US","og_type":"article","og_title":"\u201eNuvola Soft\u201c 80% Kid moheros megztukas - MadosKampas.lt","og_description":"\u201eNuvola Soft\u201c \u2013 tai megztukas, kuris primena mink\u0161t\u0105, lengv\u0105 debes\u012f. D\u0117l 80% kid moheros jis yra ypatingai \u0161velnus, purus ir lengvai \u0161ildantis, o vos juntamas svoris suteikia t\u0105 tikr\u0105 itali\u0161kos kokyb\u0117s poj\u016bt\u012f. Lengvai plat\u0117jan\u010dios rankov\u0117s ir subtilus V formos kaklas su atvart\u0117liu kuria moderni\u0105, labai moteri\u0161k\u0105 linij\u0105.Tai megztukas, kuris tinka tiek kasdieniam jaukumui, tiek vakarui, kai norisi atrodyti nat\u016braliai eleganti\u0161kai. Modelis \u0161velniai gula, gra\u017eiai krinta ir neerzina odos \u2014 kid mohera i\u0161lieka viena brangiausi\u0173, \u0161velniausi\u0173 ir labiausiai vertinam\u0173 mezgimo si\u016bl\u0173 r\u016b\u0161i\u0173. Megztukas universalus ir tinka S, M, L dyd\u017eiams, nes prisitaiko prie silueto, i\u0161laikydamas p\u016brum\u0105 ir \u0161vari\u0105 form\u0105.     Sud\u0117tis:    80% Kid mohera    20% poliamidas (strukt\u016brai ir lengvumui)","og_url":"https:\/\/madoskampas.lt\/en\/product\/nuvola-soft-80-kid-moheros-megztukas\/","og_site_name":"MadosKampas.lt","article_modified_time":"2026-02-18T11:39:42+00:00","og_image":[{"width":1536,"height":2048,"url":"https:\/\/madoskampas.lt\/wp-content\/uploads\/2025\/11\/IMG_5225.jpeg","type":"image\/jpeg"}],"twitter_card":"summary_large_image","twitter_misc":{"Est. reading time":"1 minute"},"schema":{"@context":"https:\/\/schema.org","@graph":[{"@type":"WebPage","@id":"https:\/\/madoskampas.lt\/produktas\/nuvola-soft-80-kid-moheros-megztukas\/","url":"https:\/\/madoskampas.lt\/produktas\/nuvola-soft-80-kid-moheros-megztukas\/","name":"\u201eNuvola Soft\u201c 80% Kid moheros megztukas - MadosKampas.lt","isPartOf":{"@id":"https:\/\/madoskampas.lt\/#website"},"primaryImageOfPage":{"@id":"https:\/\/madoskampas.lt\/produktas\/nuvola-soft-80-kid-moheros-megztukas\/#primaryimage"},"image":{"@id":"https:\/\/madoskampas.lt\/produktas\/nuvola-soft-80-kid-moheros-megztukas\/#primaryimage"},"thumbnailUrl":"https:\/\/madoskampas.lt\/wp-content\/uploads\/2025\/11\/IMG_5225.jpeg","datePublished":"2025-11-25T20:30:17+00:00","dateModified":"2026-02-18T11:39:42+00:00","breadcrumb":{"@id":"https:\/\/madoskampas.lt\/produktas\/nuvola-soft-80-kid-moheros-megztukas\/#breadcrumb"},"inLanguage":"en-US","potentialAction":[{"@type":"ReadAction","target":["https:\/\/madoskampas.lt\/produktas\/nuvola-soft-80-kid-moheros-megztukas\/"]}]},{"@type":"ImageObject","inLanguage":"en-US","@id":"https:\/\/madoskampas.lt\/produktas\/nuvola-soft-80-kid-moheros-megztukas\/#primaryimage","url":"https:\/\/madoskampas.lt\/wp-content\/uploads\/2025\/11\/IMG_5225.jpeg","contentUrl":"https:\/\/madoskampas.lt\/wp-content\/uploads\/2025\/11\/IMG_5225.jpeg","width":1536,"height":2048},{"@type":"BreadcrumbList","@id":"https:\/\/madoskampas.lt\/produktas\/nuvola-soft-80-kid-moheros-megztukas\/#breadcrumb","itemListElement":[{"@type":"ListItem","position":1,"name":"Home","item":"https:\/\/madoskampas.lt\/"},{"@type":"ListItem","position":2,"name":"Parduotuv\u0117","item":"https:\/\/madoskampas.lt\/parduotuve-2\/"},{"@type":"ListItem","position":3,"name":"\u201eNuvola Soft\u201c 80% Kid moheros megztukas"}]},{"@type":"WebSite","@id":"https:\/\/madoskampas.lt\/#website","url":"https:\/\/madoskampas.lt\/","name":"FashionKampas.lt","description":"Stylish clothes for women","potentialAction":[{"@type":"SearchAction","target":{"@type":"EntryPoint","urlTemplate":"https:\/\/madoskampas.lt\/?s={search_term_string}"},"query-input":{"@type":"PropertyValueSpecification","valueRequired":true,"valueName":"search_term_string"}}],"inLanguage":"en-US"}]}},"uagb_featured_image_src":{"full":["https:\/\/madoskampas.lt\/wp-content\/uploads\/2025\/11\/IMG_5225.jpeg",1536,2048,false],"thumbnail":["https:\/\/madoskampas.lt\/wp-content\/uploads\/2025\/11\/IMG_5225-150x150.jpeg",150,150,true],"medium":["https:\/\/madoskampas.lt\/wp-content\/uploads\/2025\/11\/IMG_5225-225x300.jpeg",225,300,true],"medium_large":["https:\/\/madoskampas.lt\/wp-content\/uploads\/2025\/11\/IMG_5225-768x1024.jpeg",768,1024,true],"large":["https:\/\/madoskampas.lt\/wp-content\/uploads\/2025\/11\/IMG_5225-768x1024.jpeg",768,1024,true],"1536x1536":["https:\/\/madoskampas.lt\/wp-content\/uploads\/2025\/11\/IMG_5225-1152x1536.jpeg",1152,1536,true],"2048x2048":["https:\/\/madoskampas.lt\/wp-content\/uploads\/2025\/11\/IMG_5225.jpeg",1536,2048,false],"trp-custom-language-flag":["https:\/\/madoskampas.lt\/wp-content\/uploads\/2025\/11\/IMG_5225-9x12.jpeg",9,12,true],"nova-image-square":["https:\/\/madoskampas.lt\/wp-content\/uploads\/2025\/11\/IMG_5225-1100x1100.jpeg",1100,1100,true],"mixtas-product-03":["https:\/\/madoskampas.lt\/wp-content\/uploads\/2025\/11\/IMG_5225-600x345.jpeg",600,345,true],"woocommerce_thumbnail":["https:\/\/madoskampas.lt\/wp-content\/uploads\/2025\/11\/IMG_5225-700x700.jpeg",700,700,true],"woocommerce_single":["https:\/\/madoskampas.lt\/wp-content\/uploads\/2025\/11\/IMG_5225-1000x1333.jpeg",1000,1333,true],"woocommerce_gallery_thumbnail":["https:\/\/madoskampas.lt\/wp-content\/uploads\/2025\/11\/IMG_5225-250x250.jpeg",250,250,true],"variation_swatches_image_size":["https:\/\/madoskampas.lt\/wp-content\/uploads\/2025\/11\/IMG_5225-50x50.jpeg",50,50,true],"variation_swatches_tooltip_size":["https:\/\/madoskampas.lt\/wp-content\/uploads\/2025\/11\/IMG_5225-100x100.jpeg",100,100,true]},"uagb_author_info":{"display_name":"algirdasbart","author_link":"https:\/\/madoskampas.lt\/en\/author\/"},"uagb_comment_info":0,"uagb_excerpt":"\u201eNuvola Soft\u201c \u2013 tai megztukas, kuris primena mink\u0161t\u0105, lengv\u0105 debes\u012f. D\u0117l 80% kid moheros jis yra ypatingai \u0161velnus, purus ir lengvai \u0161ildantis, o vos juntamas svoris suteikia t\u0105 tikr\u0105 itali\u0161kos kokyb\u0117s poj\u016bt\u012f. Lengvai plat\u0117jan\u010dios rankov\u0117s ir subtilus V formos kaklas su atvart\u0117liu kuria moderni\u0105, labai moteri\u0161k\u0105 linij\u0105.Tai megztukas, kuris tinka tiek kasdieniam jaukumui, tiek vakarui,&hellip;","jetpack_sharing_enabled":true,"_links":{"self":[{"href":"https:\/\/madoskampas.lt\/en\/wp-json\/wp\/v2\/product\/23978","targetHints":{"allow":["GET"]}}],"collection":[{"href":"https:\/\/madoskampas.lt\/en\/wp-json\/wp\/v2\/product"}],"about":[{"href":"https:\/\/madoskampas.lt\/en\/wp-json\/wp\/v2\/types\/product"}],"replies":[{"embeddable":true,"href":"https:\/\/madoskampas.lt\/en\/wp-json\/wp\/v2\/comments?post=23978"}],"wp:featuredmedia":[{"embeddable":true,"href":"https:\/\/madoskampas.lt\/en\/wp-json\/wp\/v2\/media\/23946"}],"wp:attachment":[{"href":"https:\/\/madoskampas.lt\/en\/wp-json\/wp\/v2\/media?parent=23978"}],"wp:term":[{"taxonomy":"product_brand","embeddable":true,"href":"https:\/\/madoskampas.lt\/en\/wp-json\/wp\/v2\/product_brand?post=23978"},{"taxonomy":"product_cat","embeddable":true,"href":"https:\/\/madoskampas.lt\/en\/wp-json\/wp\/v2\/product_cat?post=23978"},{"taxonomy":"product_tag","embeddable":true,"href":"https:\/\/madoskampas.lt\/en\/wp-json\/wp\/v2\/product_tag?post=23978"}],"curies":[{"name":"wp","href":"https:\/\/api.w.org\/{rel}","templated":true}]}}