{"id":23990,"date":"2025-11-25T20:46:22","date_gmt":"2025-11-25T20:46:22","guid":{"rendered":"https:\/\/madoskampas.lt\/?post_type=product&#038;p=23990"},"modified":"2026-04-22T16:24:04","modified_gmt":"2026-04-22T16:24:04","slug":"denim-aura-italisko-kirpimo-dzinso-marskiniai-su-dirzu","status":"publish","type":"product","link":"https:\/\/madoskampas.lt\/en\/product\/denim-aura-italisko-kirpimo-dzinso-marskiniai-su-dirzu\/","title":{"rendered":"\u201eDenim Aura\u201c itali\u0161ko kirpimo d\u017einso mar\u0161kiniai su dir\u017eu"},"content":{"rendered":"<p>\u201eDenim Aura\u201c \u2013 tai itali\u0161ko charakterio d\u017einso mar\u0161kiniai, kurie akimirksniu suteikia \u012fvaizd\u017eiui i\u0161skirtinumo. Standesnis denim audinys i\u0161laiko form\u0105, tod\u0117l mar\u0161kiniai atrodo prabangiai ir tvarkingai vis\u0105 dien\u0105.<\/p>","protected":false},"excerpt":{"rendered":"<p data-start=\"221\" data-end=\"432\">\u201eDenim Aura\u201c \u2013 tai itali\u0161ko charakterio d\u017einso mar\u0161kiniai, kurie akimirksniu suteikia \u012fvaizd\u017eiui i\u0161skirtinumo. Standesnis denim audinys i\u0161laiko form\u0105, tod\u0117l mar\u0161kiniai atrodo prabangiai ir tvarkingai vis\u0105 dien\u0105.<\/p>\n<p data-start=\"434\" data-end=\"718\">Plat\u0117jan\u010dios, \u012fsp\u016bd\u017eio suteikian\u010dios rankov\u0117s, auk\u0161ta apykakl\u0117 ir kontrastingos sagos sukuria modern\u0173, \u012fsimintin\u0105 siluet\u0105. Mar\u0161kiniai turi dir\u017e\u0105, kuris leid\u017eia juos sujuosti ir i\u0161ry\u0161kinti liemen\u012f \u2014 taip i\u0161 vieno drabu\u017eio sukuri du skirtingus \u012fvaizd\u017eius: laisv\u0105 ir siluet\u0105 formuojant\u012f.<\/p>\n<p data-start=\"720\" data-end=\"872\">Puikiai dera prie d\u017eins\u0173, klasikini\u0173 kelni\u0173 ar odinio sijono \u2014 tai universalus modelis, kuris tinka tiek kasdienai, tiek stilingam savaitgalio deriniui.<\/p>\n<p data-start=\"874\" data-end=\"914\"><strong data-start=\"874\" data-end=\"914\">Dydis universalus \u2014 tinka S, M ir L.<\/strong><\/p>","protected":false},"featured_media":23944,"comment_status":"open","ping_status":"closed","template":"","meta":{"_uag_custom_page_level_css":"","_monsterinsights_skip_tracking":false,"_monsterinsights_sitenote_active":false,"_monsterinsights_sitenote_note":"","_monsterinsights_sitenote_category":0},"product_brand":[],"product_cat":[66,72,95],"product_tag":[],"class_list":{"0":"post-23990","1":"product","2":"type-product","3":"status-publish","4":"has-post-thumbnail","6":"product_cat-drabuziai","7":"product_cat-marskiniai","8":"product_cat-naujausi","9":"tm-has-options","11":"first","12":"instock","13":"sale","14":"shipping-taxable","15":"purchasable","16":"product-type-simple"},"yoast_head":"<!-- This site is optimized with the Yoast SEO plugin v27.6 - https:\/\/yoast.com\/product\/yoast-seo-wordpress\/ -->\n<title>\u201eDenim Aura\u201c itali\u0161ko kirpimo d\u017einso mar\u0161kiniai su dir\u017eu - MadosKampas.lt<\/title>\n<meta name=\"robots\" content=\"index, follow, max-snippet:-1, max-image-preview:large, max-video-preview:-1\" \/>\n<link rel=\"canonical\" href=\"https:\/\/madoskampas.lt\/en\/product\/denim-aura-italisko-kirpimo-dzinso-marskiniai-su-dirzu\/\" \/>\n<meta property=\"og:locale\" content=\"en_US\" \/>\n<meta property=\"og:type\" content=\"article\" \/>\n<meta property=\"og:title\" content=\"\u201eDenim Aura\u201c itali\u0161ko kirpimo d\u017einso mar\u0161kiniai su dir\u017eu - MadosKampas.lt\" \/>\n<meta property=\"og:description\" content=\"\u201eDenim Aura\u201c \u2013 tai itali\u0161ko charakterio d\u017einso mar\u0161kiniai, kurie akimirksniu suteikia \u012fvaizd\u017eiui i\u0161skirtinumo. Standesnis denim audinys i\u0161laiko form\u0105, tod\u0117l mar\u0161kiniai atrodo prabangiai ir tvarkingai vis\u0105 dien\u0105. Plat\u0117jan\u010dios, \u012fsp\u016bd\u017eio suteikian\u010dios rankov\u0117s, auk\u0161ta apykakl\u0117 ir kontrastingos sagos sukuria modern\u0173, \u012fsimintin\u0105 siluet\u0105. Mar\u0161kiniai turi dir\u017e\u0105, kuris leid\u017eia juos sujuosti ir i\u0161ry\u0161kinti liemen\u012f \u2014 taip i\u0161 vieno drabu\u017eio sukuri du skirtingus \u012fvaizd\u017eius: laisv\u0105 ir siluet\u0105 formuojant\u012f. Puikiai dera prie d\u017eins\u0173, klasikini\u0173 kelni\u0173 ar odinio sijono \u2014 tai universalus modelis, kuris tinka tiek kasdienai, tiek stilingam savaitgalio deriniui. Dydis universalus \u2014 tinka S, M ir L.\" \/>\n<meta property=\"og:url\" content=\"https:\/\/madoskampas.lt\/en\/product\/denim-aura-italisko-kirpimo-dzinso-marskiniai-su-dirzu\/\" \/>\n<meta property=\"og:site_name\" content=\"MadosKampas.lt\" \/>\n<meta property=\"article:modified_time\" content=\"2026-04-22T16:24:04+00:00\" \/>\n<meta property=\"og:image\" content=\"https:\/\/madoskampas.lt\/wp-content\/uploads\/2025\/11\/IMG_5215.jpeg\" \/>\n\t<meta property=\"og:image:width\" content=\"1536\" \/>\n\t<meta property=\"og:image:height\" content=\"2048\" \/>\n\t<meta property=\"og:image:type\" content=\"image\/jpeg\" \/>\n<meta name=\"twitter:card\" content=\"summary_large_image\" \/>\n<meta name=\"twitter:label1\" content=\"Est. reading time\" \/>\n\t<meta name=\"twitter:data1\" content=\"1 minute\" \/>\n<script type=\"application\/ld+json\" class=\"yoast-schema-graph\">{\"@context\":\"https:\\\/\\\/schema.org\",\"@graph\":[{\"@type\":\"WebPage\",\"@id\":\"https:\\\/\\\/madoskampas.lt\\\/produktas\\\/denim-aura-italisko-kirpimo-dzinso-marskiniai-su-dirzu\\\/\",\"url\":\"https:\\\/\\\/madoskampas.lt\\\/produktas\\\/denim-aura-italisko-kirpimo-dzinso-marskiniai-su-dirzu\\\/\",\"name\":\"\u201eDenim Aura\u201c itali\u0161ko kirpimo d\u017einso mar\u0161kiniai su dir\u017eu - MadosKampas.lt\",\"isPartOf\":{\"@id\":\"https:\\\/\\\/madoskampas.lt\\\/#website\"},\"primaryImageOfPage\":{\"@id\":\"https:\\\/\\\/madoskampas.lt\\\/produktas\\\/denim-aura-italisko-kirpimo-dzinso-marskiniai-su-dirzu\\\/#primaryimage\"},\"image\":{\"@id\":\"https:\\\/\\\/madoskampas.lt\\\/produktas\\\/denim-aura-italisko-kirpimo-dzinso-marskiniai-su-dirzu\\\/#primaryimage\"},\"thumbnailUrl\":\"https:\\\/\\\/madoskampas.lt\\\/wp-content\\\/uploads\\\/2025\\\/11\\\/IMG_5215.jpeg\",\"datePublished\":\"2025-11-25T20:46:22+00:00\",\"dateModified\":\"2026-04-22T16:24:04+00:00\",\"breadcrumb\":{\"@id\":\"https:\\\/\\\/madoskampas.lt\\\/produktas\\\/denim-aura-italisko-kirpimo-dzinso-marskiniai-su-dirzu\\\/#breadcrumb\"},\"inLanguage\":\"en-US\",\"potentialAction\":[{\"@type\":\"ReadAction\",\"target\":[\"https:\\\/\\\/madoskampas.lt\\\/produktas\\\/denim-aura-italisko-kirpimo-dzinso-marskiniai-su-dirzu\\\/\"]}]},{\"@type\":\"ImageObject\",\"inLanguage\":\"en-US\",\"@id\":\"https:\\\/\\\/madoskampas.lt\\\/produktas\\\/denim-aura-italisko-kirpimo-dzinso-marskiniai-su-dirzu\\\/#primaryimage\",\"url\":\"https:\\\/\\\/madoskampas.lt\\\/wp-content\\\/uploads\\\/2025\\\/11\\\/IMG_5215.jpeg\",\"contentUrl\":\"https:\\\/\\\/madoskampas.lt\\\/wp-content\\\/uploads\\\/2025\\\/11\\\/IMG_5215.jpeg\",\"width\":1536,\"height\":2048},{\"@type\":\"BreadcrumbList\",\"@id\":\"https:\\\/\\\/madoskampas.lt\\\/produktas\\\/denim-aura-italisko-kirpimo-dzinso-marskiniai-su-dirzu\\\/#breadcrumb\",\"itemListElement\":[{\"@type\":\"ListItem\",\"position\":1,\"name\":\"Home\",\"item\":\"https:\\\/\\\/madoskampas.lt\\\/\"},{\"@type\":\"ListItem\",\"position\":2,\"name\":\"Parduotuv\u0117\",\"item\":\"https:\\\/\\\/madoskampas.lt\\\/parduotuve-2\\\/\"},{\"@type\":\"ListItem\",\"position\":3,\"name\":\"\u201eDenim Aura\u201c itali\u0161ko kirpimo d\u017einso mar\u0161kiniai su dir\u017eu\"}]},{\"@type\":\"WebSite\",\"@id\":\"https:\\\/\\\/madoskampas.lt\\\/#website\",\"url\":\"https:\\\/\\\/madoskampas.lt\\\/\",\"name\":\"MadosKampas.lt\",\"description\":\"Stilingi drabu\u017eiai moterims\",\"potentialAction\":[{\"@type\":\"SearchAction\",\"target\":{\"@type\":\"EntryPoint\",\"urlTemplate\":\"https:\\\/\\\/madoskampas.lt\\\/?s={search_term_string}\"},\"query-input\":{\"@type\":\"PropertyValueSpecification\",\"valueRequired\":true,\"valueName\":\"search_term_string\"}}],\"inLanguage\":\"en-US\"}]}<\/script>\n<!-- \/ Yoast SEO plugin. -->","yoast_head_json":{"title":"\u201eDenim Aura\u201c itali\u0161ko kirpimo d\u017einso mar\u0161kiniai su dir\u017eu - MadosKampas.lt","robots":{"index":"index","follow":"follow","max-snippet":"max-snippet:-1","max-image-preview":"max-image-preview:large","max-video-preview":"max-video-preview:-1"},"canonical":"https:\/\/madoskampas.lt\/en\/product\/denim-aura-italisko-kirpimo-dzinso-marskiniai-su-dirzu\/","og_locale":"en_US","og_type":"article","og_title":"\u201eDenim Aura\u201c itali\u0161ko kirpimo d\u017einso mar\u0161kiniai su dir\u017eu - MadosKampas.lt","og_description":"\u201eDenim Aura\u201c \u2013 tai itali\u0161ko charakterio d\u017einso mar\u0161kiniai, kurie akimirksniu suteikia \u012fvaizd\u017eiui i\u0161skirtinumo. Standesnis denim audinys i\u0161laiko form\u0105, tod\u0117l mar\u0161kiniai atrodo prabangiai ir tvarkingai vis\u0105 dien\u0105. Plat\u0117jan\u010dios, \u012fsp\u016bd\u017eio suteikian\u010dios rankov\u0117s, auk\u0161ta apykakl\u0117 ir kontrastingos sagos sukuria modern\u0173, \u012fsimintin\u0105 siluet\u0105. Mar\u0161kiniai turi dir\u017e\u0105, kuris leid\u017eia juos sujuosti ir i\u0161ry\u0161kinti liemen\u012f \u2014 taip i\u0161 vieno drabu\u017eio sukuri du skirtingus \u012fvaizd\u017eius: laisv\u0105 ir siluet\u0105 formuojant\u012f. Puikiai dera prie d\u017eins\u0173, klasikini\u0173 kelni\u0173 ar odinio sijono \u2014 tai universalus modelis, kuris tinka tiek kasdienai, tiek stilingam savaitgalio deriniui. Dydis universalus \u2014 tinka S, M ir L.","og_url":"https:\/\/madoskampas.lt\/en\/product\/denim-aura-italisko-kirpimo-dzinso-marskiniai-su-dirzu\/","og_site_name":"MadosKampas.lt","article_modified_time":"2026-04-22T16:24:04+00:00","og_image":[{"width":1536,"height":2048,"url":"https:\/\/madoskampas.lt\/wp-content\/uploads\/2025\/11\/IMG_5215.jpeg","type":"image\/jpeg"}],"twitter_card":"summary_large_image","twitter_misc":{"Est. reading time":"1 minute"},"schema":{"@context":"https:\/\/schema.org","@graph":[{"@type":"WebPage","@id":"https:\/\/madoskampas.lt\/produktas\/denim-aura-italisko-kirpimo-dzinso-marskiniai-su-dirzu\/","url":"https:\/\/madoskampas.lt\/produktas\/denim-aura-italisko-kirpimo-dzinso-marskiniai-su-dirzu\/","name":"\u201eDenim Aura\u201c itali\u0161ko kirpimo d\u017einso mar\u0161kiniai su dir\u017eu - MadosKampas.lt","isPartOf":{"@id":"https:\/\/madoskampas.lt\/#website"},"primaryImageOfPage":{"@id":"https:\/\/madoskampas.lt\/produktas\/denim-aura-italisko-kirpimo-dzinso-marskiniai-su-dirzu\/#primaryimage"},"image":{"@id":"https:\/\/madoskampas.lt\/produktas\/denim-aura-italisko-kirpimo-dzinso-marskiniai-su-dirzu\/#primaryimage"},"thumbnailUrl":"https:\/\/madoskampas.lt\/wp-content\/uploads\/2025\/11\/IMG_5215.jpeg","datePublished":"2025-11-25T20:46:22+00:00","dateModified":"2026-04-22T16:24:04+00:00","breadcrumb":{"@id":"https:\/\/madoskampas.lt\/produktas\/denim-aura-italisko-kirpimo-dzinso-marskiniai-su-dirzu\/#breadcrumb"},"inLanguage":"en-US","potentialAction":[{"@type":"ReadAction","target":["https:\/\/madoskampas.lt\/produktas\/denim-aura-italisko-kirpimo-dzinso-marskiniai-su-dirzu\/"]}]},{"@type":"ImageObject","inLanguage":"en-US","@id":"https:\/\/madoskampas.lt\/produktas\/denim-aura-italisko-kirpimo-dzinso-marskiniai-su-dirzu\/#primaryimage","url":"https:\/\/madoskampas.lt\/wp-content\/uploads\/2025\/11\/IMG_5215.jpeg","contentUrl":"https:\/\/madoskampas.lt\/wp-content\/uploads\/2025\/11\/IMG_5215.jpeg","width":1536,"height":2048},{"@type":"BreadcrumbList","@id":"https:\/\/madoskampas.lt\/produktas\/denim-aura-italisko-kirpimo-dzinso-marskiniai-su-dirzu\/#breadcrumb","itemListElement":[{"@type":"ListItem","position":1,"name":"Home","item":"https:\/\/madoskampas.lt\/"},{"@type":"ListItem","position":2,"name":"Parduotuv\u0117","item":"https:\/\/madoskampas.lt\/parduotuve-2\/"},{"@type":"ListItem","position":3,"name":"\u201eDenim Aura\u201c itali\u0161ko kirpimo d\u017einso mar\u0161kiniai su dir\u017eu"}]},{"@type":"WebSite","@id":"https:\/\/madoskampas.lt\/#website","url":"https:\/\/madoskampas.lt\/","name":"FashionKampas.lt","description":"Stylish clothes for women","potentialAction":[{"@type":"SearchAction","target":{"@type":"EntryPoint","urlTemplate":"https:\/\/madoskampas.lt\/?s={search_term_string}"},"query-input":{"@type":"PropertyValueSpecification","valueRequired":true,"valueName":"search_term_string"}}],"inLanguage":"en-US"}]}},"uagb_featured_image_src":{"full":["https:\/\/madoskampas.lt\/wp-content\/uploads\/2025\/11\/IMG_5215.jpeg",1536,2048,false],"thumbnail":["https:\/\/madoskampas.lt\/wp-content\/uploads\/2025\/11\/IMG_5215-150x150.jpeg",150,150,true],"medium":["https:\/\/madoskampas.lt\/wp-content\/uploads\/2025\/11\/IMG_5215-225x300.jpeg",225,300,true],"medium_large":["https:\/\/madoskampas.lt\/wp-content\/uploads\/2025\/11\/IMG_5215-768x1024.jpeg",768,1024,true],"large":["https:\/\/madoskampas.lt\/wp-content\/uploads\/2025\/11\/IMG_5215-768x1024.jpeg",768,1024,true],"1536x1536":["https:\/\/madoskampas.lt\/wp-content\/uploads\/2025\/11\/IMG_5215-1152x1536.jpeg",1152,1536,true],"2048x2048":["https:\/\/madoskampas.lt\/wp-content\/uploads\/2025\/11\/IMG_5215.jpeg",1536,2048,false],"trp-custom-language-flag":["https:\/\/madoskampas.lt\/wp-content\/uploads\/2025\/11\/IMG_5215-9x12.jpeg",9,12,true],"nova-image-square":["https:\/\/madoskampas.lt\/wp-content\/uploads\/2025\/11\/IMG_5215-1100x1100.jpeg",1100,1100,true],"mixtas-product-03":["https:\/\/madoskampas.lt\/wp-content\/uploads\/2025\/11\/IMG_5215-600x345.jpeg",600,345,true],"woocommerce_thumbnail":["https:\/\/madoskampas.lt\/wp-content\/uploads\/2025\/11\/IMG_5215-700x700.jpeg",700,700,true],"woocommerce_single":["https:\/\/madoskampas.lt\/wp-content\/uploads\/2025\/11\/IMG_5215-1000x1333.jpeg",1000,1333,true],"woocommerce_gallery_thumbnail":["https:\/\/madoskampas.lt\/wp-content\/uploads\/2025\/11\/IMG_5215-250x250.jpeg",250,250,true],"variation_swatches_image_size":["https:\/\/madoskampas.lt\/wp-content\/uploads\/2025\/11\/IMG_5215-50x50.jpeg",50,50,true],"variation_swatches_tooltip_size":["https:\/\/madoskampas.lt\/wp-content\/uploads\/2025\/11\/IMG_5215-100x100.jpeg",100,100,true]},"uagb_author_info":{"display_name":"algirdasbart","author_link":"https:\/\/madoskampas.lt\/en\/author\/"},"uagb_comment_info":0,"uagb_excerpt":"\u201eDenim Aura\u201c \u2013 tai itali\u0161ko charakterio d\u017einso mar\u0161kiniai, kurie akimirksniu suteikia \u012fvaizd\u017eiui i\u0161skirtinumo. Standesnis denim audinys i\u0161laiko form\u0105, tod\u0117l mar\u0161kiniai atrodo prabangiai ir tvarkingai vis\u0105 dien\u0105. Plat\u0117jan\u010dios, \u012fsp\u016bd\u017eio suteikian\u010dios rankov\u0117s, auk\u0161ta apykakl\u0117 ir kontrastingos sagos sukuria modern\u0173, \u012fsimintin\u0105 siluet\u0105. Mar\u0161kiniai turi dir\u017e\u0105, kuris leid\u017eia juos sujuosti ir i\u0161ry\u0161kinti liemen\u012f \u2014 taip i\u0161 vieno drabu\u017eio sukuri&hellip;","jetpack_sharing_enabled":true,"_links":{"self":[{"href":"https:\/\/madoskampas.lt\/en\/wp-json\/wp\/v2\/product\/23990","targetHints":{"allow":["GET"]}}],"collection":[{"href":"https:\/\/madoskampas.lt\/en\/wp-json\/wp\/v2\/product"}],"about":[{"href":"https:\/\/madoskampas.lt\/en\/wp-json\/wp\/v2\/types\/product"}],"replies":[{"embeddable":true,"href":"https:\/\/madoskampas.lt\/en\/wp-json\/wp\/v2\/comments?post=23990"}],"wp:featuredmedia":[{"embeddable":true,"href":"https:\/\/madoskampas.lt\/en\/wp-json\/wp\/v2\/media\/23944"}],"wp:attachment":[{"href":"https:\/\/madoskampas.lt\/en\/wp-json\/wp\/v2\/media?parent=23990"}],"wp:term":[{"taxonomy":"product_brand","embeddable":true,"href":"https:\/\/madoskampas.lt\/en\/wp-json\/wp\/v2\/product_brand?post=23990"},{"taxonomy":"product_cat","embeddable":true,"href":"https:\/\/madoskampas.lt\/en\/wp-json\/wp\/v2\/product_cat?post=23990"},{"taxonomy":"product_tag","embeddable":true,"href":"https:\/\/madoskampas.lt\/en\/wp-json\/wp\/v2\/product_tag?post=23990"}],"curies":[{"name":"wp","href":"https:\/\/api.w.org\/{rel}","templated":true}]}}