{"id":2542,"date":"2024-04-22T11:03:30","date_gmt":"2024-04-22T11:03:30","guid":{"rendered":"https:\/\/madoskampas.lt\/?post_type=product&#038;p=2542"},"modified":"2026-04-10T09:24:39","modified_gmt":"2026-04-10T09:24:39","slug":"megztinis-ryskus","status":"publish","type":"product","link":"https:\/\/madoskampas.lt\/en\/product\/megztinis-ryskus\/","title":{"rendered":"Sweater bright"},"content":{"rendered":"<div dir=\"auto\">\n<p>Stilingi ir universal\u016bs megztukai, pagaminti i\u0161 mink\u0161tos ir lengvos viskoz\u0117s. Jie puikiai tinka kasdieniam d\u0117v\u0117jimui ar eleganti\u0161kam deriniui sukurti. \u0160velnus ir pralaidus orui audinys suteikia komfort\u0105, o klasikinis dizainas leid\u017eia lengvai derinti prie \u012fvairi\u0173 aprangos stili\u0173.<\/p>\n<p>Galimos spalvos \u2013 subtilios ir lengvai derinamos, pad\u0117sian\u010dios i\u0161ry\u0161kinti j\u016bs\u0173 asmenin\u012f stili\u0173. \u0160ie megztukai \u2013 tai puikus pasirinkimas tiems, kurie vertina kokyb\u0119 ir patogum\u0105.<\/p>\n<p><strong>Kod\u0117l verta rinktis?<\/strong><\/p>\n<ul>\n<li><strong>Material:<\/strong> Auk\u0161tos kokyb\u0117s viskoz\u0117 \u2013 mink\u0161ta, lengva ir maloni odai.<\/li>\n<li><strong>Dizainas:<\/strong> Klasikinis, universalus modelis, tinkantis \u012fvairioms progoms.<\/li>\n<li><strong>Spalv\u0173 pasirinkimas:<\/strong> Platus spalv\u0173 spektras j\u016bs\u0173 stiliaus akcentams.<\/li>\n<li><strong>Universalumas:<\/strong> Puikiai dera su d\u017einsais, sijonais ar keln\u0117mis.<\/li>\n<\/ul>\n<p>Papildykite savo garderob\u0105 \u0161iais lengvais ir eleganti\u0161kais megztukais \u2013 jauskit\u0117s patogiai ir atrodykite nepriekai\u0161tingai!<\/p>\n<\/div>\n<div dir=\"auto\">Dydis &#8211; universalus, puikiai Xs\/L<\/div>\n<div dir=\"auto\">\n<div dir=\"auto\">\u0160velnus audinukas, turi tamprumo, ne\u0161iojasi puikiai!<\/div>\n<div dir=\"auto\">Ilgis 58 cm<\/div>\n<div dir=\"auto\">Per pa\u017eastis ~ 51cm pasitempia laisvai iki ~53 cm<\/div>\n<div dir=\"auto\"><\/div>\n<\/div>","protected":false},"excerpt":{"rendered":"<div dir=\"auto\">\n<div dir=\"auto\">\n<p>Stilingi ir universal\u016bs megztukai, pagaminti i\u0161 mink\u0161tos ir lengvos viskoz\u0117s. Jie puikiai tinka kasdieniam d\u0117v\u0117jimui ar eleganti\u0161kam deriniui sukurti. \u0160velnus ir pralaidus orui audinys suteikia komfort\u0105, o klasikinis dizainas leid\u017eia lengvai derinti prie \u012fvairi\u0173 aprangos stili\u0173.<\/p>\n<p>Galimos spalvos \u2013 subtilios ir lengvai derinamos, pad\u0117sian\u010dios i\u0161ry\u0161kinti j\u016bs\u0173 asmenin\u012f stili\u0173. \u0160ie megztukai \u2013 tai puikus pasirinkimas tiems, kurie vertina kokyb\u0119 ir patogum\u0105.<\/p>\n<p><strong>Kod\u0117l verta rinktis?<\/strong><\/p>\n<ul>\n<li><strong>Material:<\/strong> Auk\u0161tos kokyb\u0117s viskoz\u0117 \u2013 mink\u0161ta, lengva ir maloni odai.<\/li>\n<li><strong>Dizainas:<\/strong> Klasikinis, universalus modelis, tinkantis \u012fvairioms progoms.<\/li>\n<li><strong>Spalv\u0173 pasirinkimas:<\/strong> Platus spalv\u0173 spektras j\u016bs\u0173 stiliaus akcentams.<\/li>\n<li><strong>Universalumas:<\/strong> Puikiai dera su d\u017einsais, sijonais ar keln\u0117mis.<\/li>\n<\/ul>\n<p>Papildykite savo garderob\u0105 \u0161iais lengvais ir eleganti\u0161kais megztukais \u2013 jauskit\u0117s patogiai ir atrodykite nepriekai\u0161tingai!<\/p>\n<\/div>\n<div dir=\"auto\">Dydis &#8211; universalus, puikiai Xs\/L<\/div>\n<div dir=\"auto\">\n<div dir=\"auto\">\u0160velnus audinukas, turi tamprumo, ne\u0161iojasi puikiai!<\/div>\n<div dir=\"auto\">Ilgis 58 cm<\/div>\n<div dir=\"auto\">Per pa\u017eastis ~ 51cm pasitempia laisvai iki ~53 cm<\/div>\n<\/div>\n<\/div>","protected":false},"featured_media":28282,"comment_status":"open","ping_status":"closed","template":"","meta":{"_uag_custom_page_level_css":"","_monsterinsights_skip_tracking":false,"_monsterinsights_sitenote_active":false,"_monsterinsights_sitenote_note":"","_monsterinsights_sitenote_category":0},"product_brand":[],"product_cat":[66,73],"product_tag":[],"class_list":{"0":"post-2542","1":"product","2":"type-product","3":"status-publish","4":"has-post-thumbnail","6":"product_cat-drabuziai","7":"product_cat-megztiniai","8":"tm-has-options","10":"first","11":"instock","12":"shipping-taxable","13":"purchasable","14":"product-type-variable"},"yoast_head":"<!-- This site is optimized with the Yoast SEO plugin v27.6 - https:\/\/yoast.com\/product\/yoast-seo-wordpress\/ -->\n<title>Megztinis ry\u0161kus - MadosKampas.lt<\/title>\n<meta name=\"robots\" content=\"index, follow, max-snippet:-1, max-image-preview:large, max-video-preview:-1\" \/>\n<link rel=\"canonical\" href=\"https:\/\/madoskampas.lt\/en\/product\/megztinis-ryskus\/\" \/>\n<meta property=\"og:locale\" content=\"en_US\" \/>\n<meta property=\"og:type\" content=\"article\" \/>\n<meta property=\"og:title\" content=\"Megztinis ry\u0161kus - MadosKampas.lt\" \/>\n<meta property=\"og:description\" content=\"Stilingi ir universal\u016bs megztukai, pagaminti i\u0161 mink\u0161tos ir lengvos viskoz\u0117s. Jie puikiai tinka kasdieniam d\u0117v\u0117jimui ar eleganti\u0161kam deriniui sukurti. \u0160velnus ir pralaidus orui audinys suteikia komfort\u0105, o klasikinis dizainas leid\u017eia lengvai derinti prie \u012fvairi\u0173 aprangos stili\u0173.  Galimos spalvos \u2013 subtilios ir lengvai derinamos, pad\u0117sian\u010dios i\u0161ry\u0161kinti j\u016bs\u0173 asmenin\u012f stili\u0173. \u0160ie megztukai \u2013 tai puikus pasirinkimas tiems, kurie vertina kokyb\u0119 ir patogum\u0105.  Kod\u0117l verta rinktis?   Med\u017eiaga: Auk\u0161tos kokyb\u0117s viskoz\u0117 \u2013 mink\u0161ta, lengva ir maloni odai.  Dizainas: Klasikinis, universalus modelis, tinkantis \u012fvairioms progoms.  Spalv\u0173 pasirinkimas: Platus spalv\u0173 spektras j\u016bs\u0173 stiliaus akcentams.  Universalumas: Puikiai dera su d\u017einsais, sijonais ar keln\u0117mis.  Papildykite savo garderob\u0105 \u0161iais lengvais ir eleganti\u0161kais megztukais \u2013 jauskit\u0117s patogiai ir atrodykite nepriekai\u0161tingai!   Dydis - universalus, puikiai Xs\/L  \u0160velnus audinukas, turi tamprumo, ne\u0161iojasi puikiai! Ilgis 58 cm Per pa\u017eastis ~ 51cm pasitempia laisvai iki ~53 cm\" \/>\n<meta property=\"og:url\" content=\"https:\/\/madoskampas.lt\/en\/product\/megztinis-ryskus\/\" \/>\n<meta property=\"og:site_name\" content=\"MadosKampas.lt\" \/>\n<meta property=\"article:modified_time\" content=\"2026-04-10T09:24:39+00:00\" \/>\n<meta property=\"og:image\" content=\"https:\/\/madoskampas.lt\/wp-content\/uploads\/2024\/04\/img_6972-scaled.jpeg\" \/>\n\t<meta property=\"og:image:width\" content=\"1920\" \/>\n\t<meta property=\"og:image:height\" content=\"2560\" \/>\n\t<meta property=\"og:image:type\" content=\"image\/jpeg\" \/>\n<meta name=\"twitter:card\" content=\"summary_large_image\" \/>\n<meta name=\"twitter:label1\" content=\"Est. reading time\" \/>\n\t<meta name=\"twitter:data1\" content=\"1 minute\" \/>\n<script type=\"application\/ld+json\" class=\"yoast-schema-graph\">{\"@context\":\"https:\\\/\\\/schema.org\",\"@graph\":[{\"@type\":\"WebPage\",\"@id\":\"https:\\\/\\\/madoskampas.lt\\\/produktas\\\/megztinis-ryskus\\\/\",\"url\":\"https:\\\/\\\/madoskampas.lt\\\/produktas\\\/megztinis-ryskus\\\/\",\"name\":\"Megztinis ry\u0161kus - MadosKampas.lt\",\"isPartOf\":{\"@id\":\"https:\\\/\\\/madoskampas.lt\\\/#website\"},\"primaryImageOfPage\":{\"@id\":\"https:\\\/\\\/madoskampas.lt\\\/produktas\\\/megztinis-ryskus\\\/#primaryimage\"},\"image\":{\"@id\":\"https:\\\/\\\/madoskampas.lt\\\/produktas\\\/megztinis-ryskus\\\/#primaryimage\"},\"thumbnailUrl\":\"https:\\\/\\\/madoskampas.lt\\\/wp-content\\\/uploads\\\/2024\\\/04\\\/img_6972-scaled.jpeg\",\"datePublished\":\"2024-04-22T11:03:30+00:00\",\"dateModified\":\"2026-04-10T09:24:39+00:00\",\"breadcrumb\":{\"@id\":\"https:\\\/\\\/madoskampas.lt\\\/produktas\\\/megztinis-ryskus\\\/#breadcrumb\"},\"inLanguage\":\"en-US\",\"potentialAction\":[{\"@type\":\"ReadAction\",\"target\":[\"https:\\\/\\\/madoskampas.lt\\\/produktas\\\/megztinis-ryskus\\\/\"]}]},{\"@type\":\"ImageObject\",\"inLanguage\":\"en-US\",\"@id\":\"https:\\\/\\\/madoskampas.lt\\\/produktas\\\/megztinis-ryskus\\\/#primaryimage\",\"url\":\"https:\\\/\\\/madoskampas.lt\\\/wp-content\\\/uploads\\\/2024\\\/04\\\/img_6972-scaled.jpeg\",\"contentUrl\":\"https:\\\/\\\/madoskampas.lt\\\/wp-content\\\/uploads\\\/2024\\\/04\\\/img_6972-scaled.jpeg\",\"width\":1920,\"height\":2560},{\"@type\":\"BreadcrumbList\",\"@id\":\"https:\\\/\\\/madoskampas.lt\\\/produktas\\\/megztinis-ryskus\\\/#breadcrumb\",\"itemListElement\":[{\"@type\":\"ListItem\",\"position\":1,\"name\":\"Home\",\"item\":\"https:\\\/\\\/madoskampas.lt\\\/\"},{\"@type\":\"ListItem\",\"position\":2,\"name\":\"Parduotuv\u0117\",\"item\":\"https:\\\/\\\/madoskampas.lt\\\/parduotuve-2\\\/\"},{\"@type\":\"ListItem\",\"position\":3,\"name\":\"Megztinis ry\u0161kus\"}]},{\"@type\":\"WebSite\",\"@id\":\"https:\\\/\\\/madoskampas.lt\\\/#website\",\"url\":\"https:\\\/\\\/madoskampas.lt\\\/\",\"name\":\"MadosKampas.lt\",\"description\":\"Stilingi drabu\u017eiai moterims\",\"potentialAction\":[{\"@type\":\"SearchAction\",\"target\":{\"@type\":\"EntryPoint\",\"urlTemplate\":\"https:\\\/\\\/madoskampas.lt\\\/?s={search_term_string}\"},\"query-input\":{\"@type\":\"PropertyValueSpecification\",\"valueRequired\":true,\"valueName\":\"search_term_string\"}}],\"inLanguage\":\"en-US\"}]}<\/script>\n<!-- \/ Yoast SEO plugin. -->","yoast_head_json":{"title":"Megztinis ry\u0161kus - MadosKampas.lt","robots":{"index":"index","follow":"follow","max-snippet":"max-snippet:-1","max-image-preview":"max-image-preview:large","max-video-preview":"max-video-preview:-1"},"canonical":"https:\/\/madoskampas.lt\/en\/product\/megztinis-ryskus\/","og_locale":"en_US","og_type":"article","og_title":"Megztinis ry\u0161kus - MadosKampas.lt","og_description":"Stilingi ir universal\u016bs megztukai, pagaminti i\u0161 mink\u0161tos ir lengvos viskoz\u0117s. Jie puikiai tinka kasdieniam d\u0117v\u0117jimui ar eleganti\u0161kam deriniui sukurti. \u0160velnus ir pralaidus orui audinys suteikia komfort\u0105, o klasikinis dizainas leid\u017eia lengvai derinti prie \u012fvairi\u0173 aprangos stili\u0173.  Galimos spalvos \u2013 subtilios ir lengvai derinamos, pad\u0117sian\u010dios i\u0161ry\u0161kinti j\u016bs\u0173 asmenin\u012f stili\u0173. \u0160ie megztukai \u2013 tai puikus pasirinkimas tiems, kurie vertina kokyb\u0119 ir patogum\u0105.  Kod\u0117l verta rinktis?   Med\u017eiaga: Auk\u0161tos kokyb\u0117s viskoz\u0117 \u2013 mink\u0161ta, lengva ir maloni odai.  Dizainas: Klasikinis, universalus modelis, tinkantis \u012fvairioms progoms.  Spalv\u0173 pasirinkimas: Platus spalv\u0173 spektras j\u016bs\u0173 stiliaus akcentams.  Universalumas: Puikiai dera su d\u017einsais, sijonais ar keln\u0117mis.  Papildykite savo garderob\u0105 \u0161iais lengvais ir eleganti\u0161kais megztukais \u2013 jauskit\u0117s patogiai ir atrodykite nepriekai\u0161tingai!   Dydis - universalus, puikiai Xs\/L  \u0160velnus audinukas, turi tamprumo, ne\u0161iojasi puikiai! Ilgis 58 cm Per pa\u017eastis ~ 51cm pasitempia laisvai iki ~53 cm","og_url":"https:\/\/madoskampas.lt\/en\/product\/megztinis-ryskus\/","og_site_name":"MadosKampas.lt","article_modified_time":"2026-04-10T09:24:39+00:00","og_image":[{"width":1920,"height":2560,"url":"https:\/\/madoskampas.lt\/wp-content\/uploads\/2024\/04\/img_6972-scaled.jpeg","type":"image\/jpeg"}],"twitter_card":"summary_large_image","twitter_misc":{"Est. reading time":"1 minute"},"schema":{"@context":"https:\/\/schema.org","@graph":[{"@type":"WebPage","@id":"https:\/\/madoskampas.lt\/produktas\/megztinis-ryskus\/","url":"https:\/\/madoskampas.lt\/produktas\/megztinis-ryskus\/","name":"Megztinis ry\u0161kus - MadosKampas.lt","isPartOf":{"@id":"https:\/\/madoskampas.lt\/#website"},"primaryImageOfPage":{"@id":"https:\/\/madoskampas.lt\/produktas\/megztinis-ryskus\/#primaryimage"},"image":{"@id":"https:\/\/madoskampas.lt\/produktas\/megztinis-ryskus\/#primaryimage"},"thumbnailUrl":"https:\/\/madoskampas.lt\/wp-content\/uploads\/2024\/04\/img_6972-scaled.jpeg","datePublished":"2024-04-22T11:03:30+00:00","dateModified":"2026-04-10T09:24:39+00:00","breadcrumb":{"@id":"https:\/\/madoskampas.lt\/produktas\/megztinis-ryskus\/#breadcrumb"},"inLanguage":"en-US","potentialAction":[{"@type":"ReadAction","target":["https:\/\/madoskampas.lt\/produktas\/megztinis-ryskus\/"]}]},{"@type":"ImageObject","inLanguage":"en-US","@id":"https:\/\/madoskampas.lt\/produktas\/megztinis-ryskus\/#primaryimage","url":"https:\/\/madoskampas.lt\/wp-content\/uploads\/2024\/04\/img_6972-scaled.jpeg","contentUrl":"https:\/\/madoskampas.lt\/wp-content\/uploads\/2024\/04\/img_6972-scaled.jpeg","width":1920,"height":2560},{"@type":"BreadcrumbList","@id":"https:\/\/madoskampas.lt\/produktas\/megztinis-ryskus\/#breadcrumb","itemListElement":[{"@type":"ListItem","position":1,"name":"Home","item":"https:\/\/madoskampas.lt\/"},{"@type":"ListItem","position":2,"name":"Parduotuv\u0117","item":"https:\/\/madoskampas.lt\/parduotuve-2\/"},{"@type":"ListItem","position":3,"name":"Megztinis ry\u0161kus"}]},{"@type":"WebSite","@id":"https:\/\/madoskampas.lt\/#website","url":"https:\/\/madoskampas.lt\/","name":"FashionKampas.lt","description":"Stylish clothes for women","potentialAction":[{"@type":"SearchAction","target":{"@type":"EntryPoint","urlTemplate":"https:\/\/madoskampas.lt\/?s={search_term_string}"},"query-input":{"@type":"PropertyValueSpecification","valueRequired":true,"valueName":"search_term_string"}}],"inLanguage":"en-US"}]}},"uagb_featured_image_src":{"full":["https:\/\/madoskampas.lt\/wp-content\/uploads\/2024\/04\/img_6972-scaled.jpeg",1920,2560,false],"thumbnail":["https:\/\/madoskampas.lt\/wp-content\/uploads\/2024\/04\/img_6972-150x150.jpeg",150,150,true],"medium":["https:\/\/madoskampas.lt\/wp-content\/uploads\/2024\/04\/img_6972-225x300.jpeg",225,300,true],"medium_large":["https:\/\/madoskampas.lt\/wp-content\/uploads\/2024\/04\/img_6972-768x1024.jpeg",768,1024,true],"large":["https:\/\/madoskampas.lt\/wp-content\/uploads\/2024\/04\/img_6972-768x1024.jpeg",768,1024,true],"1536x1536":["https:\/\/madoskampas.lt\/wp-content\/uploads\/2024\/04\/img_6972-1152x1536.jpeg",1152,1536,true],"2048x2048":["https:\/\/madoskampas.lt\/wp-content\/uploads\/2024\/04\/img_6972-1536x2048.jpeg",1536,2048,true],"trp-custom-language-flag":["https:\/\/madoskampas.lt\/wp-content\/uploads\/2024\/04\/img_6972-9x12.jpeg",9,12,true],"nova-image-square":["https:\/\/madoskampas.lt\/wp-content\/uploads\/2024\/04\/img_6972-1100x1100.jpeg",1100,1100,true],"mixtas-product-03":["https:\/\/madoskampas.lt\/wp-content\/uploads\/2024\/04\/img_6972-600x345.jpeg",600,345,true],"woocommerce_thumbnail":["https:\/\/madoskampas.lt\/wp-content\/uploads\/2024\/04\/img_6972-700x700.jpeg",700,700,true],"woocommerce_single":["https:\/\/madoskampas.lt\/wp-content\/uploads\/2024\/04\/img_6972-1000x1333.jpeg",1000,1333,true],"woocommerce_gallery_thumbnail":["https:\/\/madoskampas.lt\/wp-content\/uploads\/2024\/04\/img_6972-250x250.jpeg",250,250,true],"variation_swatches_image_size":["https:\/\/madoskampas.lt\/wp-content\/uploads\/2024\/04\/img_6972-50x50.jpeg",50,50,true],"variation_swatches_tooltip_size":["https:\/\/madoskampas.lt\/wp-content\/uploads\/2024\/04\/img_6972-100x100.jpeg",100,100,true]},"uagb_author_info":{"display_name":"algirdasbart","author_link":"https:\/\/madoskampas.lt\/en\/author\/"},"uagb_comment_info":0,"uagb_excerpt":"Stilingi ir universal\u016bs megztukai, pagaminti i\u0161 mink\u0161tos ir lengvos viskoz\u0117s. Jie puikiai tinka kasdieniam d\u0117v\u0117jimui ar eleganti\u0161kam deriniui sukurti. \u0160velnus ir pralaidus orui audinys suteikia komfort\u0105, o klasikinis dizainas leid\u017eia lengvai derinti prie \u012fvairi\u0173 aprangos stili\u0173. Galimos spalvos \u2013 subtilios ir lengvai derinamos, pad\u0117sian\u010dios i\u0161ry\u0161kinti j\u016bs\u0173 asmenin\u012f stili\u0173. \u0160ie megztukai \u2013 tai puikus pasirinkimas tiems,&hellip;","jetpack_sharing_enabled":true,"_links":{"self":[{"href":"https:\/\/madoskampas.lt\/en\/wp-json\/wp\/v2\/product\/2542","targetHints":{"allow":["GET"]}}],"collection":[{"href":"https:\/\/madoskampas.lt\/en\/wp-json\/wp\/v2\/product"}],"about":[{"href":"https:\/\/madoskampas.lt\/en\/wp-json\/wp\/v2\/types\/product"}],"replies":[{"embeddable":true,"href":"https:\/\/madoskampas.lt\/en\/wp-json\/wp\/v2\/comments?post=2542"}],"wp:featuredmedia":[{"embeddable":true,"href":"https:\/\/madoskampas.lt\/en\/wp-json\/wp\/v2\/media\/28282"}],"wp:attachment":[{"href":"https:\/\/madoskampas.lt\/en\/wp-json\/wp\/v2\/media?parent=2542"}],"wp:term":[{"taxonomy":"product_brand","embeddable":true,"href":"https:\/\/madoskampas.lt\/en\/wp-json\/wp\/v2\/product_brand?post=2542"},{"taxonomy":"product_cat","embeddable":true,"href":"https:\/\/madoskampas.lt\/en\/wp-json\/wp\/v2\/product_cat?post=2542"},{"taxonomy":"product_tag","embeddable":true,"href":"https:\/\/madoskampas.lt\/en\/wp-json\/wp\/v2\/product_tag?post=2542"}],"curies":[{"name":"wp","href":"https:\/\/api.w.org\/{rel}","templated":true}]}}