{"id":25780,"date":"2026-01-05T11:54:50","date_gmt":"2026-01-05T11:54:50","guid":{"rendered":"https:\/\/madoskampas.lt\/?post_type=product&#038;p=25780"},"modified":"2026-05-12T07:20:18","modified_gmt":"2026-05-12T07:20:18","slug":"alpaca-lana-elegance-megztinis-su-platesnemis-rankovemis","status":"publish","type":"product","link":"https:\/\/madoskampas.lt\/en\/product\/alpaca-lana-elegance-megztinis-su-platesnemis-rankovemis\/","title":{"rendered":"\u201eAlpaca Lana Elegance\u201c megztinis su platesn\u0117mis rankov\u0117mis"},"content":{"rendered":"<p data-start=\"744\" data-end=\"1020\">Itali\u0161kas megztinis, kuriame dominuoja <strong data-start=\"783\" data-end=\"816\">auk\u0161tos kokyb\u0117s alpakos vilna<\/strong>, vertinama d\u0117l i\u0161skirtinio \u0161velnumo, lengvumo ir geb\u0117jimo maloniai \u0161ildyti neapsunkinant. Kartu su <strong data-start=\"916\" data-end=\"931\">lanos vilna<\/strong> sukuriamas nat\u016bralus balansas tarp jaukumo, ilgaam\u017ei\u0161kumo ir puikios formos i\u0161laikymo.<\/p>\n<p data-start=\"1022\" data-end=\"1233\">Lengvas, elastingas mezgimas leid\u017eia megztiniui gra\u017eiai kristi ir prisitaikyti prie fig\u016bros, o <strong data-start=\"1117\" data-end=\"1160\">platesn\u0117s, laisvai krentan\u010dios rankov\u0117s<\/strong> suteikia modeliui modernios elegancijos ir subtilios prabangos poj\u016bt\u012f.<\/p>","protected":false},"excerpt":{"rendered":"<p data-start=\"744\" data-end=\"1020\">Itali\u0161kas megztinis, kuriame dominuoja <strong data-start=\"783\" data-end=\"816\">auk\u0161tos kokyb\u0117s alpakos vilna<\/strong>, vertinama d\u0117l i\u0161skirtinio \u0161velnumo, lengvumo ir geb\u0117jimo maloniai \u0161ildyti neapsunkinant. Kartu su <strong data-start=\"916\" data-end=\"931\">lanos vilna<\/strong> sukuriamas nat\u016bralus balansas tarp jaukumo, ilgaam\u017ei\u0161kumo ir puikios formos i\u0161laikymo.<\/p>\n<p data-start=\"1022\" data-end=\"1233\">Lengvas, elastingas mezgimas leid\u017eia megztiniui gra\u017eiai kristi ir prisitaikyti prie fig\u016bros, o <strong data-start=\"1117\" data-end=\"1160\">platesn\u0117s, laisvai krentan\u010dios rankov\u0117s<\/strong> suteikia modeliui modernios elegancijos ir subtilios prabangos poj\u016bt\u012f.<\/p>\n<p data-start=\"1235\" data-end=\"1402\">Laisvas, bet tvarkingas siluetas tinka tiek kasdieniams, tiek rafinuotesniems deriniams \u2013 tai megztinis, kur\u012f renkamasi ne d\u0117l sezono, o d\u0117l kokyb\u0117s ir jausmo vilkint.<\/p>\n<p data-start=\"1404\" data-end=\"1455\"><strong data-start=\"1404\" data-end=\"1414\">Size:<\/strong><br data-start=\"1414\" data-end=\"1417\" \/>\u2022 Vienas dydis \u2013 tinka nuo <strong data-start=\"1444\" data-end=\"1455\">S to L<\/strong><\/p>\n<p data-start=\"1457\" data-end=\"1547\"><strong data-start=\"1457\" data-end=\"1469\">Colours:<\/strong><br data-start=\"1469\" data-end=\"1472\" \/>\u2022 Kremin\u0117<br data-start=\"1481\" data-end=\"1484\" \/>\u2022 \u0160viesiai pilka<br data-start=\"1500\" data-end=\"1503\" \/>\u2022 \u0160velni ro\u017ein\u0117<br data-start=\"1518\" data-end=\"1521\" \/>\u2022 Alyvin\u0117<br data-start=\"1530\" data-end=\"1533\" \/>\u2022 \u0160okoladin\u0117<\/p>\n<p data-start=\"1549\" data-end=\"1571\">\u2728 Pagaminta Italijoje.<\/p>","protected":false},"featured_media":26222,"comment_status":"open","ping_status":"closed","template":"","meta":{"_uag_custom_page_level_css":"","_monsterinsights_skip_tracking":false,"_monsterinsights_sitenote_active":false,"_monsterinsights_sitenote_note":"","_monsterinsights_sitenote_category":0},"product_brand":[],"product_cat":[66,132,73],"product_tag":[],"class_list":{"0":"post-25780","1":"product","2":"type-product","3":"status-publish","4":"has-post-thumbnail","6":"product_cat-drabuziai","7":"product_cat-ispardavimas","8":"product_cat-megztiniai","9":"tm-has-options","11":"first","12":"instock","13":"sale","14":"shipping-taxable","15":"purchasable","16":"product-type-variable"},"yoast_head":"<!-- This site is optimized with the Yoast SEO plugin v27.6 - https:\/\/yoast.com\/product\/yoast-seo-wordpress\/ -->\n<title>\u201eAlpaca Lana Elegance\u201c megztinis su platesn\u0117mis rankov\u0117mis - MadosKampas.lt<\/title>\n<meta name=\"robots\" content=\"index, follow, max-snippet:-1, max-image-preview:large, max-video-preview:-1\" \/>\n<link rel=\"canonical\" href=\"https:\/\/madoskampas.lt\/en\/product\/alpaca-lana-elegance-megztinis-su-platesnemis-rankovemis\/\" \/>\n<meta property=\"og:locale\" content=\"en_US\" \/>\n<meta property=\"og:type\" content=\"article\" \/>\n<meta property=\"og:title\" content=\"\u201eAlpaca Lana Elegance\u201c megztinis su platesn\u0117mis rankov\u0117mis - MadosKampas.lt\" \/>\n<meta property=\"og:description\" content=\"Itali\u0161kas megztinis, kuriame dominuoja auk\u0161tos kokyb\u0117s alpakos vilna, vertinama d\u0117l i\u0161skirtinio \u0161velnumo, lengvumo ir geb\u0117jimo maloniai \u0161ildyti neapsunkinant. Kartu su lanos vilna sukuriamas nat\u016bralus balansas tarp jaukumo, ilgaam\u017ei\u0161kumo ir puikios formos i\u0161laikymo. Lengvas, elastingas mezgimas leid\u017eia megztiniui gra\u017eiai kristi ir prisitaikyti prie fig\u016bros, o platesn\u0117s, laisvai krentan\u010dios rankov\u0117s suteikia modeliui modernios elegancijos ir subtilios prabangos poj\u016bt\u012f. Laisvas, bet tvarkingas siluetas tinka tiek kasdieniams, tiek rafinuotesniems deriniams \u2013 tai megztinis, kur\u012f renkamasi ne d\u0117l sezono, o d\u0117l kokyb\u0117s ir jausmo vilkint. Dydis:\u2022 Vienas dydis \u2013 tinka nuo S iki L Spalvos:\u2022 Kremin\u0117\u2022 \u0160viesiai pilka\u2022 \u0160velni ro\u017ein\u0117\u2022 Alyvin\u0117\u2022 \u0160okoladin\u0117 \u2728 Pagaminta Italijoje.\" \/>\n<meta property=\"og:url\" content=\"https:\/\/madoskampas.lt\/en\/product\/alpaca-lana-elegance-megztinis-su-platesnemis-rankovemis\/\" \/>\n<meta property=\"og:site_name\" content=\"MadosKampas.lt\" \/>\n<meta property=\"article:modified_time\" content=\"2026-05-12T07:20:18+00:00\" \/>\n<meta property=\"og:image\" content=\"https:\/\/madoskampas.lt\/wp-content\/uploads\/2026\/01\/IMG_0974.jpeg\" \/>\n\t<meta property=\"og:image:width\" content=\"1330\" \/>\n\t<meta property=\"og:image:height\" content=\"2364\" \/>\n\t<meta property=\"og:image:type\" content=\"image\/jpeg\" \/>\n<meta name=\"twitter:card\" content=\"summary_large_image\" \/>\n<meta name=\"twitter:label1\" content=\"Est. reading time\" \/>\n\t<meta name=\"twitter:data1\" content=\"1 minute\" \/>\n<script type=\"application\/ld+json\" class=\"yoast-schema-graph\">{\"@context\":\"https:\\\/\\\/schema.org\",\"@graph\":[{\"@type\":\"WebPage\",\"@id\":\"https:\\\/\\\/madoskampas.lt\\\/produktas\\\/alpaca-lana-elegance-megztinis-su-platesnemis-rankovemis\\\/\",\"url\":\"https:\\\/\\\/madoskampas.lt\\\/produktas\\\/alpaca-lana-elegance-megztinis-su-platesnemis-rankovemis\\\/\",\"name\":\"\u201eAlpaca Lana Elegance\u201c megztinis su platesn\u0117mis rankov\u0117mis - MadosKampas.lt\",\"isPartOf\":{\"@id\":\"https:\\\/\\\/madoskampas.lt\\\/#website\"},\"primaryImageOfPage\":{\"@id\":\"https:\\\/\\\/madoskampas.lt\\\/produktas\\\/alpaca-lana-elegance-megztinis-su-platesnemis-rankovemis\\\/#primaryimage\"},\"image\":{\"@id\":\"https:\\\/\\\/madoskampas.lt\\\/produktas\\\/alpaca-lana-elegance-megztinis-su-platesnemis-rankovemis\\\/#primaryimage\"},\"thumbnailUrl\":\"https:\\\/\\\/madoskampas.lt\\\/wp-content\\\/uploads\\\/2026\\\/01\\\/IMG_0974.jpeg\",\"datePublished\":\"2026-01-05T11:54:50+00:00\",\"dateModified\":\"2026-05-12T07:20:18+00:00\",\"breadcrumb\":{\"@id\":\"https:\\\/\\\/madoskampas.lt\\\/produktas\\\/alpaca-lana-elegance-megztinis-su-platesnemis-rankovemis\\\/#breadcrumb\"},\"inLanguage\":\"en-US\",\"potentialAction\":[{\"@type\":\"ReadAction\",\"target\":[\"https:\\\/\\\/madoskampas.lt\\\/produktas\\\/alpaca-lana-elegance-megztinis-su-platesnemis-rankovemis\\\/\"]}]},{\"@type\":\"ImageObject\",\"inLanguage\":\"en-US\",\"@id\":\"https:\\\/\\\/madoskampas.lt\\\/produktas\\\/alpaca-lana-elegance-megztinis-su-platesnemis-rankovemis\\\/#primaryimage\",\"url\":\"https:\\\/\\\/madoskampas.lt\\\/wp-content\\\/uploads\\\/2026\\\/01\\\/IMG_0974.jpeg\",\"contentUrl\":\"https:\\\/\\\/madoskampas.lt\\\/wp-content\\\/uploads\\\/2026\\\/01\\\/IMG_0974.jpeg\",\"width\":1330,\"height\":2364},{\"@type\":\"BreadcrumbList\",\"@id\":\"https:\\\/\\\/madoskampas.lt\\\/produktas\\\/alpaca-lana-elegance-megztinis-su-platesnemis-rankovemis\\\/#breadcrumb\",\"itemListElement\":[{\"@type\":\"ListItem\",\"position\":1,\"name\":\"Home\",\"item\":\"https:\\\/\\\/madoskampas.lt\\\/\"},{\"@type\":\"ListItem\",\"position\":2,\"name\":\"Parduotuv\u0117\",\"item\":\"https:\\\/\\\/madoskampas.lt\\\/parduotuve-2\\\/\"},{\"@type\":\"ListItem\",\"position\":3,\"name\":\"\u201eAlpaca Lana Elegance\u201c megztinis su platesn\u0117mis rankov\u0117mis\"}]},{\"@type\":\"WebSite\",\"@id\":\"https:\\\/\\\/madoskampas.lt\\\/#website\",\"url\":\"https:\\\/\\\/madoskampas.lt\\\/\",\"name\":\"MadosKampas.lt\",\"description\":\"Stilingi drabu\u017eiai moterims\",\"potentialAction\":[{\"@type\":\"SearchAction\",\"target\":{\"@type\":\"EntryPoint\",\"urlTemplate\":\"https:\\\/\\\/madoskampas.lt\\\/?s={search_term_string}\"},\"query-input\":{\"@type\":\"PropertyValueSpecification\",\"valueRequired\":true,\"valueName\":\"search_term_string\"}}],\"inLanguage\":\"en-US\"}]}<\/script>\n<!-- \/ Yoast SEO plugin. -->","yoast_head_json":{"title":"\u201eAlpaca Lana Elegance\u201c megztinis su platesn\u0117mis rankov\u0117mis - MadosKampas.lt","robots":{"index":"index","follow":"follow","max-snippet":"max-snippet:-1","max-image-preview":"max-image-preview:large","max-video-preview":"max-video-preview:-1"},"canonical":"https:\/\/madoskampas.lt\/en\/product\/alpaca-lana-elegance-megztinis-su-platesnemis-rankovemis\/","og_locale":"en_US","og_type":"article","og_title":"\u201eAlpaca Lana Elegance\u201c megztinis su platesn\u0117mis rankov\u0117mis - MadosKampas.lt","og_description":"Itali\u0161kas megztinis, kuriame dominuoja auk\u0161tos kokyb\u0117s alpakos vilna, vertinama d\u0117l i\u0161skirtinio \u0161velnumo, lengvumo ir geb\u0117jimo maloniai \u0161ildyti neapsunkinant. Kartu su lanos vilna sukuriamas nat\u016bralus balansas tarp jaukumo, ilgaam\u017ei\u0161kumo ir puikios formos i\u0161laikymo. Lengvas, elastingas mezgimas leid\u017eia megztiniui gra\u017eiai kristi ir prisitaikyti prie fig\u016bros, o platesn\u0117s, laisvai krentan\u010dios rankov\u0117s suteikia modeliui modernios elegancijos ir subtilios prabangos poj\u016bt\u012f. Laisvas, bet tvarkingas siluetas tinka tiek kasdieniams, tiek rafinuotesniems deriniams \u2013 tai megztinis, kur\u012f renkamasi ne d\u0117l sezono, o d\u0117l kokyb\u0117s ir jausmo vilkint. Dydis:\u2022 Vienas dydis \u2013 tinka nuo S iki L Spalvos:\u2022 Kremin\u0117\u2022 \u0160viesiai pilka\u2022 \u0160velni ro\u017ein\u0117\u2022 Alyvin\u0117\u2022 \u0160okoladin\u0117 \u2728 Pagaminta Italijoje.","og_url":"https:\/\/madoskampas.lt\/en\/product\/alpaca-lana-elegance-megztinis-su-platesnemis-rankovemis\/","og_site_name":"MadosKampas.lt","article_modified_time":"2026-05-12T07:20:18+00:00","og_image":[{"width":1330,"height":2364,"url":"https:\/\/madoskampas.lt\/wp-content\/uploads\/2026\/01\/IMG_0974.jpeg","type":"image\/jpeg"}],"twitter_card":"summary_large_image","twitter_misc":{"Est. reading time":"1 minute"},"schema":{"@context":"https:\/\/schema.org","@graph":[{"@type":"WebPage","@id":"https:\/\/madoskampas.lt\/produktas\/alpaca-lana-elegance-megztinis-su-platesnemis-rankovemis\/","url":"https:\/\/madoskampas.lt\/produktas\/alpaca-lana-elegance-megztinis-su-platesnemis-rankovemis\/","name":"\u201eAlpaca Lana Elegance\u201c megztinis su platesn\u0117mis rankov\u0117mis - MadosKampas.lt","isPartOf":{"@id":"https:\/\/madoskampas.lt\/#website"},"primaryImageOfPage":{"@id":"https:\/\/madoskampas.lt\/produktas\/alpaca-lana-elegance-megztinis-su-platesnemis-rankovemis\/#primaryimage"},"image":{"@id":"https:\/\/madoskampas.lt\/produktas\/alpaca-lana-elegance-megztinis-su-platesnemis-rankovemis\/#primaryimage"},"thumbnailUrl":"https:\/\/madoskampas.lt\/wp-content\/uploads\/2026\/01\/IMG_0974.jpeg","datePublished":"2026-01-05T11:54:50+00:00","dateModified":"2026-05-12T07:20:18+00:00","breadcrumb":{"@id":"https:\/\/madoskampas.lt\/produktas\/alpaca-lana-elegance-megztinis-su-platesnemis-rankovemis\/#breadcrumb"},"inLanguage":"en-US","potentialAction":[{"@type":"ReadAction","target":["https:\/\/madoskampas.lt\/produktas\/alpaca-lana-elegance-megztinis-su-platesnemis-rankovemis\/"]}]},{"@type":"ImageObject","inLanguage":"en-US","@id":"https:\/\/madoskampas.lt\/produktas\/alpaca-lana-elegance-megztinis-su-platesnemis-rankovemis\/#primaryimage","url":"https:\/\/madoskampas.lt\/wp-content\/uploads\/2026\/01\/IMG_0974.jpeg","contentUrl":"https:\/\/madoskampas.lt\/wp-content\/uploads\/2026\/01\/IMG_0974.jpeg","width":1330,"height":2364},{"@type":"BreadcrumbList","@id":"https:\/\/madoskampas.lt\/produktas\/alpaca-lana-elegance-megztinis-su-platesnemis-rankovemis\/#breadcrumb","itemListElement":[{"@type":"ListItem","position":1,"name":"Home","item":"https:\/\/madoskampas.lt\/"},{"@type":"ListItem","position":2,"name":"Parduotuv\u0117","item":"https:\/\/madoskampas.lt\/parduotuve-2\/"},{"@type":"ListItem","position":3,"name":"\u201eAlpaca Lana Elegance\u201c megztinis su platesn\u0117mis rankov\u0117mis"}]},{"@type":"WebSite","@id":"https:\/\/madoskampas.lt\/#website","url":"https:\/\/madoskampas.lt\/","name":"FashionKampas.lt","description":"Stylish clothes for women","potentialAction":[{"@type":"SearchAction","target":{"@type":"EntryPoint","urlTemplate":"https:\/\/madoskampas.lt\/?s={search_term_string}"},"query-input":{"@type":"PropertyValueSpecification","valueRequired":true,"valueName":"search_term_string"}}],"inLanguage":"en-US"}]}},"uagb_featured_image_src":{"full":["https:\/\/madoskampas.lt\/wp-content\/uploads\/2026\/01\/IMG_0974.jpeg",1330,2364,false],"thumbnail":["https:\/\/madoskampas.lt\/wp-content\/uploads\/2026\/01\/IMG_0974-150x150.jpeg",150,150,true],"medium":["https:\/\/madoskampas.lt\/wp-content\/uploads\/2026\/01\/IMG_0974-169x300.jpeg",169,300,true],"medium_large":["https:\/\/madoskampas.lt\/wp-content\/uploads\/2026\/01\/IMG_0974-768x1365.jpeg",768,1365,true],"large":["https:\/\/madoskampas.lt\/wp-content\/uploads\/2026\/01\/IMG_0974-576x1024.jpeg",576,1024,true],"1536x1536":["https:\/\/madoskampas.lt\/wp-content\/uploads\/2026\/01\/IMG_0974-864x1536.jpeg",864,1536,true],"2048x2048":["https:\/\/madoskampas.lt\/wp-content\/uploads\/2026\/01\/IMG_0974-1152x2048.jpeg",1152,2048,true],"trp-custom-language-flag":["https:\/\/madoskampas.lt\/wp-content\/uploads\/2026\/01\/IMG_0974-7x12.jpeg",7,12,true],"nova-image-square":["https:\/\/madoskampas.lt\/wp-content\/uploads\/2026\/01\/IMG_0974-1100x1100.jpeg",1100,1100,true],"mixtas-product-03":["https:\/\/madoskampas.lt\/wp-content\/uploads\/2026\/01\/IMG_0974-600x345.jpeg",600,345,true],"woocommerce_thumbnail":["https:\/\/madoskampas.lt\/wp-content\/uploads\/2026\/01\/IMG_0974-700x700.jpeg",700,700,true],"woocommerce_single":["https:\/\/madoskampas.lt\/wp-content\/uploads\/2026\/01\/IMG_0974-1000x1777.jpeg",1000,1777,true],"woocommerce_gallery_thumbnail":["https:\/\/madoskampas.lt\/wp-content\/uploads\/2026\/01\/IMG_0974-250x250.jpeg",250,250,true],"variation_swatches_image_size":["https:\/\/madoskampas.lt\/wp-content\/uploads\/2026\/01\/IMG_0974-50x50.jpeg",50,50,true],"variation_swatches_tooltip_size":["https:\/\/madoskampas.lt\/wp-content\/uploads\/2026\/01\/IMG_0974-100x100.jpeg",100,100,true]},"uagb_author_info":{"display_name":"algirdasbart","author_link":"https:\/\/madoskampas.lt\/en\/author\/"},"uagb_comment_info":0,"uagb_excerpt":"Itali\u0161kas megztinis, kuriame dominuoja auk\u0161tos kokyb\u0117s alpakos vilna, vertinama d\u0117l i\u0161skirtinio \u0161velnumo, lengvumo ir geb\u0117jimo maloniai \u0161ildyti neapsunkinant. Kartu su lanos vilna sukuriamas nat\u016bralus balansas tarp jaukumo, ilgaam\u017ei\u0161kumo ir puikios formos i\u0161laikymo. Lengvas, elastingas mezgimas leid\u017eia megztiniui gra\u017eiai kristi ir prisitaikyti prie fig\u016bros, o platesn\u0117s, laisvai krentan\u010dios rankov\u0117s suteikia modeliui modernios elegancijos ir subtilios prabangos&hellip;","jetpack_sharing_enabled":true,"_links":{"self":[{"href":"https:\/\/madoskampas.lt\/en\/wp-json\/wp\/v2\/product\/25780","targetHints":{"allow":["GET"]}}],"collection":[{"href":"https:\/\/madoskampas.lt\/en\/wp-json\/wp\/v2\/product"}],"about":[{"href":"https:\/\/madoskampas.lt\/en\/wp-json\/wp\/v2\/types\/product"}],"replies":[{"embeddable":true,"href":"https:\/\/madoskampas.lt\/en\/wp-json\/wp\/v2\/comments?post=25780"}],"wp:featuredmedia":[{"embeddable":true,"href":"https:\/\/madoskampas.lt\/en\/wp-json\/wp\/v2\/media\/26222"}],"wp:attachment":[{"href":"https:\/\/madoskampas.lt\/en\/wp-json\/wp\/v2\/media?parent=25780"}],"wp:term":[{"taxonomy":"product_brand","embeddable":true,"href":"https:\/\/madoskampas.lt\/en\/wp-json\/wp\/v2\/product_brand?post=25780"},{"taxonomy":"product_cat","embeddable":true,"href":"https:\/\/madoskampas.lt\/en\/wp-json\/wp\/v2\/product_cat?post=25780"},{"taxonomy":"product_tag","embeddable":true,"href":"https:\/\/madoskampas.lt\/en\/wp-json\/wp\/v2\/product_tag?post=25780"}],"curies":[{"name":"wp","href":"https:\/\/api.w.org\/{rel}","templated":true}]}}