{"id":26558,"date":"2026-01-22T10:41:47","date_gmt":"2026-01-22T10:41:47","guid":{"rendered":"https:\/\/madoskampas.lt\/?post_type=product&#038;p=26558"},"modified":"2026-05-07T09:30:14","modified_gmt":"2026-05-07T09:30:14","slug":"romantiski-marskiniai-blush-bloom","status":"publish","type":"product","link":"https:\/\/madoskampas.lt\/en\/product\/romantiski-marskiniai-blush-bloom\/","title":{"rendered":"Romanti\u0161ki mar\u0161kiniai \u201eBlush Bloom\u201c"},"content":{"rendered":"<p>Itin \u0161veln\u016bs ir moteri\u0161ki mar\u0161kiniai, kurie i\u0161kart patraukia ak\u012f savo lengvumu ir subtiliomis g\u0117li\u0173 detal\u0117mis. Permatomas audinys su dekoratyviniais ra\u0161tais kuria romanti\u0161k\u0105, ta\u010diau labai eleganti\u0161k\u0105 \u012fvaizd\u012f.<\/p>","protected":false},"excerpt":{"rendered":"<p data-start=\"196\" data-end=\"421\">Itin \u0161veln\u016bs ir moteri\u0161ki mar\u0161kiniai, kurie i\u0161kart patraukia ak\u012f savo lengvumu ir subtiliomis g\u0117li\u0173 detal\u0117mis. Permatomas audinys su dekoratyviniais ra\u0161tais kuria romanti\u0161k\u0105, ta\u010diau labai eleganti\u0161k\u0105 \u012fvaizd\u012f.<\/p>\n<p data-start=\"423\" data-end=\"648\">Raukta apykakl\u0117, sagut\u0117s priekyje ir lengvai krentan\u010dios rankov\u0117s suteikia i\u0161skirtinumo, o laisvas siluetas leid\u017eia jaustis patogiai ir laisvai. Puikiai dera tiek su eko odos keln\u0117mis, tiek su klasikiniais d\u017einsais ar sijonu.<\/p>\n<p data-start=\"423\" data-end=\"648\">Dydis tinka nuo S iki L<\/p>\n<p data-start=\"650\" data-end=\"729\">\ud83c\udf38 <strong data-start=\"653\" data-end=\"729\">Mar\u0161kiniai moteriai, kuri m\u0117gsta subtil\u0173 romantikos ir stiliaus balans\u0105.<\/strong><\/p>","protected":false},"featured_media":26537,"comment_status":"open","ping_status":"closed","template":"","meta":{"_uag_custom_page_level_css":"","_monsterinsights_skip_tracking":false,"_monsterinsights_sitenote_active":false,"_monsterinsights_sitenote_note":"","_monsterinsights_sitenote_category":0},"product_brand":[],"product_cat":[66,72,95],"product_tag":[],"class_list":{"0":"post-26558","1":"product","2":"type-product","3":"status-publish","4":"has-post-thumbnail","6":"product_cat-drabuziai","7":"product_cat-marskiniai","8":"product_cat-naujausi","9":"tm-has-options","11":"first","12":"instock","13":"sale","14":"shipping-taxable","15":"purchasable","16":"product-type-variable"},"yoast_head":"<!-- This site is optimized with the Yoast SEO plugin v27.6 - https:\/\/yoast.com\/product\/yoast-seo-wordpress\/ -->\n<title>Romanti\u0161ki mar\u0161kiniai \u201eBlush Bloom\u201c - MadosKampas.lt<\/title>\n<meta name=\"robots\" content=\"index, follow, max-snippet:-1, max-image-preview:large, max-video-preview:-1\" \/>\n<link rel=\"canonical\" href=\"https:\/\/madoskampas.lt\/en\/product\/romantiski-marskiniai-blush-bloom\/\" \/>\n<meta property=\"og:locale\" content=\"en_US\" \/>\n<meta property=\"og:type\" content=\"article\" \/>\n<meta property=\"og:title\" content=\"Romanti\u0161ki mar\u0161kiniai \u201eBlush Bloom\u201c - MadosKampas.lt\" \/>\n<meta property=\"og:description\" content=\"Itin \u0161veln\u016bs ir moteri\u0161ki mar\u0161kiniai, kurie i\u0161kart patraukia ak\u012f savo lengvumu ir subtiliomis g\u0117li\u0173 detal\u0117mis. Permatomas audinys su dekoratyviniais ra\u0161tais kuria romanti\u0161k\u0105, ta\u010diau labai eleganti\u0161k\u0105 \u012fvaizd\u012f. Raukta apykakl\u0117, sagut\u0117s priekyje ir lengvai krentan\u010dios rankov\u0117s suteikia i\u0161skirtinumo, o laisvas siluetas leid\u017eia jaustis patogiai ir laisvai. Puikiai dera tiek su eko odos keln\u0117mis, tiek su klasikiniais d\u017einsais ar sijonu. Dydis tinka nuo S iki L \ud83c\udf38 Mar\u0161kiniai moteriai, kuri m\u0117gsta subtil\u0173 romantikos ir stiliaus balans\u0105.\" \/>\n<meta property=\"og:url\" content=\"https:\/\/madoskampas.lt\/en\/product\/romantiski-marskiniai-blush-bloom\/\" \/>\n<meta property=\"og:site_name\" content=\"MadosKampas.lt\" \/>\n<meta property=\"article:modified_time\" content=\"2026-05-07T09:30:14+00:00\" \/>\n<meta property=\"og:image\" content=\"https:\/\/madoskampas.lt\/wp-content\/uploads\/2026\/01\/IMG_1685.jpeg\" \/>\n\t<meta property=\"og:image:width\" content=\"1330\" \/>\n\t<meta property=\"og:image:height\" content=\"2364\" \/>\n\t<meta property=\"og:image:type\" content=\"image\/jpeg\" \/>\n<meta name=\"twitter:card\" content=\"summary_large_image\" \/>\n<meta name=\"twitter:label1\" content=\"Est. reading time\" \/>\n\t<meta name=\"twitter:data1\" content=\"1 minute\" \/>\n<script type=\"application\/ld+json\" class=\"yoast-schema-graph\">{\"@context\":\"https:\\\/\\\/schema.org\",\"@graph\":[{\"@type\":\"WebPage\",\"@id\":\"https:\\\/\\\/madoskampas.lt\\\/produktas\\\/romantiski-marskiniai-blush-bloom\\\/\",\"url\":\"https:\\\/\\\/madoskampas.lt\\\/produktas\\\/romantiski-marskiniai-blush-bloom\\\/\",\"name\":\"Romanti\u0161ki mar\u0161kiniai \u201eBlush Bloom\u201c - MadosKampas.lt\",\"isPartOf\":{\"@id\":\"https:\\\/\\\/madoskampas.lt\\\/#website\"},\"primaryImageOfPage\":{\"@id\":\"https:\\\/\\\/madoskampas.lt\\\/produktas\\\/romantiski-marskiniai-blush-bloom\\\/#primaryimage\"},\"image\":{\"@id\":\"https:\\\/\\\/madoskampas.lt\\\/produktas\\\/romantiski-marskiniai-blush-bloom\\\/#primaryimage\"},\"thumbnailUrl\":\"https:\\\/\\\/madoskampas.lt\\\/wp-content\\\/uploads\\\/2026\\\/01\\\/IMG_1685.jpeg\",\"datePublished\":\"2026-01-22T10:41:47+00:00\",\"dateModified\":\"2026-05-07T09:30:14+00:00\",\"breadcrumb\":{\"@id\":\"https:\\\/\\\/madoskampas.lt\\\/produktas\\\/romantiski-marskiniai-blush-bloom\\\/#breadcrumb\"},\"inLanguage\":\"en-US\",\"potentialAction\":[{\"@type\":\"ReadAction\",\"target\":[\"https:\\\/\\\/madoskampas.lt\\\/produktas\\\/romantiski-marskiniai-blush-bloom\\\/\"]}]},{\"@type\":\"ImageObject\",\"inLanguage\":\"en-US\",\"@id\":\"https:\\\/\\\/madoskampas.lt\\\/produktas\\\/romantiski-marskiniai-blush-bloom\\\/#primaryimage\",\"url\":\"https:\\\/\\\/madoskampas.lt\\\/wp-content\\\/uploads\\\/2026\\\/01\\\/IMG_1685.jpeg\",\"contentUrl\":\"https:\\\/\\\/madoskampas.lt\\\/wp-content\\\/uploads\\\/2026\\\/01\\\/IMG_1685.jpeg\",\"width\":1330,\"height\":2364},{\"@type\":\"BreadcrumbList\",\"@id\":\"https:\\\/\\\/madoskampas.lt\\\/produktas\\\/romantiski-marskiniai-blush-bloom\\\/#breadcrumb\",\"itemListElement\":[{\"@type\":\"ListItem\",\"position\":1,\"name\":\"Home\",\"item\":\"https:\\\/\\\/madoskampas.lt\\\/\"},{\"@type\":\"ListItem\",\"position\":2,\"name\":\"Parduotuv\u0117\",\"item\":\"https:\\\/\\\/madoskampas.lt\\\/parduotuve-2\\\/\"},{\"@type\":\"ListItem\",\"position\":3,\"name\":\"Romanti\u0161ki mar\u0161kiniai \u201eBlush Bloom\u201c\"}]},{\"@type\":\"WebSite\",\"@id\":\"https:\\\/\\\/madoskampas.lt\\\/#website\",\"url\":\"https:\\\/\\\/madoskampas.lt\\\/\",\"name\":\"MadosKampas.lt\",\"description\":\"Stilingi drabu\u017eiai moterims\",\"potentialAction\":[{\"@type\":\"SearchAction\",\"target\":{\"@type\":\"EntryPoint\",\"urlTemplate\":\"https:\\\/\\\/madoskampas.lt\\\/?s={search_term_string}\"},\"query-input\":{\"@type\":\"PropertyValueSpecification\",\"valueRequired\":true,\"valueName\":\"search_term_string\"}}],\"inLanguage\":\"en-US\"}]}<\/script>\n<!-- \/ Yoast SEO plugin. -->","yoast_head_json":{"title":"Romanti\u0161ki mar\u0161kiniai \u201eBlush Bloom\u201c - MadosKampas.lt","robots":{"index":"index","follow":"follow","max-snippet":"max-snippet:-1","max-image-preview":"max-image-preview:large","max-video-preview":"max-video-preview:-1"},"canonical":"https:\/\/madoskampas.lt\/en\/product\/romantiski-marskiniai-blush-bloom\/","og_locale":"en_US","og_type":"article","og_title":"Romanti\u0161ki mar\u0161kiniai \u201eBlush Bloom\u201c - MadosKampas.lt","og_description":"Itin \u0161veln\u016bs ir moteri\u0161ki mar\u0161kiniai, kurie i\u0161kart patraukia ak\u012f savo lengvumu ir subtiliomis g\u0117li\u0173 detal\u0117mis. Permatomas audinys su dekoratyviniais ra\u0161tais kuria romanti\u0161k\u0105, ta\u010diau labai eleganti\u0161k\u0105 \u012fvaizd\u012f. Raukta apykakl\u0117, sagut\u0117s priekyje ir lengvai krentan\u010dios rankov\u0117s suteikia i\u0161skirtinumo, o laisvas siluetas leid\u017eia jaustis patogiai ir laisvai. Puikiai dera tiek su eko odos keln\u0117mis, tiek su klasikiniais d\u017einsais ar sijonu. Dydis tinka nuo S iki L \ud83c\udf38 Mar\u0161kiniai moteriai, kuri m\u0117gsta subtil\u0173 romantikos ir stiliaus balans\u0105.","og_url":"https:\/\/madoskampas.lt\/en\/product\/romantiski-marskiniai-blush-bloom\/","og_site_name":"MadosKampas.lt","article_modified_time":"2026-05-07T09:30:14+00:00","og_image":[{"width":1330,"height":2364,"url":"https:\/\/madoskampas.lt\/wp-content\/uploads\/2026\/01\/IMG_1685.jpeg","type":"image\/jpeg"}],"twitter_card":"summary_large_image","twitter_misc":{"Est. reading time":"1 minute"},"schema":{"@context":"https:\/\/schema.org","@graph":[{"@type":"WebPage","@id":"https:\/\/madoskampas.lt\/produktas\/romantiski-marskiniai-blush-bloom\/","url":"https:\/\/madoskampas.lt\/produktas\/romantiski-marskiniai-blush-bloom\/","name":"Romanti\u0161ki mar\u0161kiniai \u201eBlush Bloom\u201c - MadosKampas.lt","isPartOf":{"@id":"https:\/\/madoskampas.lt\/#website"},"primaryImageOfPage":{"@id":"https:\/\/madoskampas.lt\/produktas\/romantiski-marskiniai-blush-bloom\/#primaryimage"},"image":{"@id":"https:\/\/madoskampas.lt\/produktas\/romantiski-marskiniai-blush-bloom\/#primaryimage"},"thumbnailUrl":"https:\/\/madoskampas.lt\/wp-content\/uploads\/2026\/01\/IMG_1685.jpeg","datePublished":"2026-01-22T10:41:47+00:00","dateModified":"2026-05-07T09:30:14+00:00","breadcrumb":{"@id":"https:\/\/madoskampas.lt\/produktas\/romantiski-marskiniai-blush-bloom\/#breadcrumb"},"inLanguage":"en-US","potentialAction":[{"@type":"ReadAction","target":["https:\/\/madoskampas.lt\/produktas\/romantiski-marskiniai-blush-bloom\/"]}]},{"@type":"ImageObject","inLanguage":"en-US","@id":"https:\/\/madoskampas.lt\/produktas\/romantiski-marskiniai-blush-bloom\/#primaryimage","url":"https:\/\/madoskampas.lt\/wp-content\/uploads\/2026\/01\/IMG_1685.jpeg","contentUrl":"https:\/\/madoskampas.lt\/wp-content\/uploads\/2026\/01\/IMG_1685.jpeg","width":1330,"height":2364},{"@type":"BreadcrumbList","@id":"https:\/\/madoskampas.lt\/produktas\/romantiski-marskiniai-blush-bloom\/#breadcrumb","itemListElement":[{"@type":"ListItem","position":1,"name":"Home","item":"https:\/\/madoskampas.lt\/"},{"@type":"ListItem","position":2,"name":"Parduotuv\u0117","item":"https:\/\/madoskampas.lt\/parduotuve-2\/"},{"@type":"ListItem","position":3,"name":"Romanti\u0161ki mar\u0161kiniai \u201eBlush Bloom\u201c"}]},{"@type":"WebSite","@id":"https:\/\/madoskampas.lt\/#website","url":"https:\/\/madoskampas.lt\/","name":"FashionKampas.lt","description":"Stylish clothes for women","potentialAction":[{"@type":"SearchAction","target":{"@type":"EntryPoint","urlTemplate":"https:\/\/madoskampas.lt\/?s={search_term_string}"},"query-input":{"@type":"PropertyValueSpecification","valueRequired":true,"valueName":"search_term_string"}}],"inLanguage":"en-US"}]}},"uagb_featured_image_src":{"full":["https:\/\/madoskampas.lt\/wp-content\/uploads\/2026\/01\/IMG_1685.jpeg",1330,2364,false],"thumbnail":["https:\/\/madoskampas.lt\/wp-content\/uploads\/2026\/01\/IMG_1685-150x150.jpeg",150,150,true],"medium":["https:\/\/madoskampas.lt\/wp-content\/uploads\/2026\/01\/IMG_1685-169x300.jpeg",169,300,true],"medium_large":["https:\/\/madoskampas.lt\/wp-content\/uploads\/2026\/01\/IMG_1685-768x1365.jpeg",768,1365,true],"large":["https:\/\/madoskampas.lt\/wp-content\/uploads\/2026\/01\/IMG_1685-576x1024.jpeg",576,1024,true],"1536x1536":["https:\/\/madoskampas.lt\/wp-content\/uploads\/2026\/01\/IMG_1685-864x1536.jpeg",864,1536,true],"2048x2048":["https:\/\/madoskampas.lt\/wp-content\/uploads\/2026\/01\/IMG_1685-1152x2048.jpeg",1152,2048,true],"trp-custom-language-flag":["https:\/\/madoskampas.lt\/wp-content\/uploads\/2026\/01\/IMG_1685-7x12.jpeg",7,12,true],"nova-image-square":["https:\/\/madoskampas.lt\/wp-content\/uploads\/2026\/01\/IMG_1685-1100x1100.jpeg",1100,1100,true],"mixtas-product-03":["https:\/\/madoskampas.lt\/wp-content\/uploads\/2026\/01\/IMG_1685-600x345.jpeg",600,345,true],"woocommerce_thumbnail":["https:\/\/madoskampas.lt\/wp-content\/uploads\/2026\/01\/IMG_1685-700x700.jpeg",700,700,true],"woocommerce_single":["https:\/\/madoskampas.lt\/wp-content\/uploads\/2026\/01\/IMG_1685-1000x1777.jpeg",1000,1777,true],"woocommerce_gallery_thumbnail":["https:\/\/madoskampas.lt\/wp-content\/uploads\/2026\/01\/IMG_1685-250x250.jpeg",250,250,true],"variation_swatches_image_size":["https:\/\/madoskampas.lt\/wp-content\/uploads\/2026\/01\/IMG_1685-50x50.jpeg",50,50,true],"variation_swatches_tooltip_size":["https:\/\/madoskampas.lt\/wp-content\/uploads\/2026\/01\/IMG_1685-100x100.jpeg",100,100,true]},"uagb_author_info":{"display_name":"algirdasbart","author_link":"https:\/\/madoskampas.lt\/en\/author\/"},"uagb_comment_info":0,"uagb_excerpt":"Itin \u0161veln\u016bs ir moteri\u0161ki mar\u0161kiniai, kurie i\u0161kart patraukia ak\u012f savo lengvumu ir subtiliomis g\u0117li\u0173 detal\u0117mis. Permatomas audinys su dekoratyviniais ra\u0161tais kuria romanti\u0161k\u0105, ta\u010diau labai eleganti\u0161k\u0105 \u012fvaizd\u012f. Raukta apykakl\u0117, sagut\u0117s priekyje ir lengvai krentan\u010dios rankov\u0117s suteikia i\u0161skirtinumo, o laisvas siluetas leid\u017eia jaustis patogiai ir laisvai. Puikiai dera tiek su eko odos keln\u0117mis, tiek su klasikiniais d\u017einsais&hellip;","jetpack_sharing_enabled":true,"_links":{"self":[{"href":"https:\/\/madoskampas.lt\/en\/wp-json\/wp\/v2\/product\/26558","targetHints":{"allow":["GET"]}}],"collection":[{"href":"https:\/\/madoskampas.lt\/en\/wp-json\/wp\/v2\/product"}],"about":[{"href":"https:\/\/madoskampas.lt\/en\/wp-json\/wp\/v2\/types\/product"}],"replies":[{"embeddable":true,"href":"https:\/\/madoskampas.lt\/en\/wp-json\/wp\/v2\/comments?post=26558"}],"wp:featuredmedia":[{"embeddable":true,"href":"https:\/\/madoskampas.lt\/en\/wp-json\/wp\/v2\/media\/26537"}],"wp:attachment":[{"href":"https:\/\/madoskampas.lt\/en\/wp-json\/wp\/v2\/media?parent=26558"}],"wp:term":[{"taxonomy":"product_brand","embeddable":true,"href":"https:\/\/madoskampas.lt\/en\/wp-json\/wp\/v2\/product_brand?post=26558"},{"taxonomy":"product_cat","embeddable":true,"href":"https:\/\/madoskampas.lt\/en\/wp-json\/wp\/v2\/product_cat?post=26558"},{"taxonomy":"product_tag","embeddable":true,"href":"https:\/\/madoskampas.lt\/en\/wp-json\/wp\/v2\/product_tag?post=26558"}],"curies":[{"name":"wp","href":"https:\/\/api.w.org\/{rel}","templated":true}]}}