{"id":26739,"date":"2026-01-24T09:34:58","date_gmt":"2026-01-24T09:34:58","guid":{"rendered":"https:\/\/madoskampas.lt\/?post_type=product&#038;p=26739"},"modified":"2026-04-01T17:54:59","modified_gmt":"2026-04-01T17:54:59","slug":"palaidine-soft-line-basic","status":"publish","type":"product","link":"https:\/\/madoskampas.lt\/en\/product\/palaidine-soft-line-basic\/","title":{"rendered":"Palaidin\u0117 Soft Line Basic (8157)"},"content":{"rendered":"<p>\u0160velni, elastinga ir dailiai priglundanti palaidin\u0117, kuri taps nepakei\u010diamu kasdienio garderobo pagrindu. Minimalistinis dizainas leid\u017eia j\u0105 lengvai derinti tiek prie sijon\u0173, tiek prie kelni\u0173 ar po \u0161varku \u2013 visada tvarkingai ir stilingai.<\/p>","protected":false},"excerpt":{"rendered":"<p data-start=\"149\" data-end=\"387\">\u0160velni, elastinga ir dailiai priglundanti palaidin\u0117, kuri taps nepakei\u010diamu kasdienio garderobo pagrindu. Minimalistinis dizainas leid\u017eia j\u0105 lengvai derinti tiek prie sijon\u0173, tiek prie kelni\u0173 ar po \u0161varku \u2013 visada tvarkingai ir stilingai.<\/p>\n<p data-start=\"389\" data-end=\"553\">Audinys malonus k\u016bnui, nevar\u017eantis judesi\u0173, puikiai tinka tiek aktyviai dienai, tiek ramesniems deriniams. Tai tas drabu\u017eis, kur\u012f norisi tur\u0117ti ne vienos spalvos \ud83e\udd0d<\/p>\n<p data-start=\"555\" data-end=\"567\"><strong data-start=\"555\" data-end=\"567\">Details:<\/strong><\/p>\n<ul data-start=\"568\" data-end=\"732\">\n<li data-start=\"568\" data-end=\"590\">\n<p data-start=\"570\" data-end=\"590\">Dydis: tinka <strong data-start=\"583\" data-end=\"590\">S-L<\/strong><\/p>\n<\/li>\n<li data-start=\"591\" data-end=\"609\">\n<p data-start=\"593\" data-end=\"609\">Length: <strong data-start=\"600\" data-end=\"609\">56 cm<\/strong><\/p>\n<\/li>\n<li data-start=\"610\" data-end=\"634\">\n<p data-start=\"612\" data-end=\"634\">Kr\u016btin\u0117: iki <strong data-start=\"625\" data-end=\"634\">52 cm<\/strong><\/p>\n<\/li>\n<li data-start=\"635\" data-end=\"678\">\n<p data-start=\"637\" data-end=\"678\">Fig\u016br\u0105 pabr\u0117\u017eiantis, bet patogus kirpimas<\/p>\n<\/li>\n<li data-start=\"679\" data-end=\"701\">\n<p data-start=\"681\" data-end=\"701\">Trumpomis rankov\u0117mis<\/p>\n<\/li>\n<li data-start=\"702\" data-end=\"732\">\n<p data-start=\"704\" data-end=\"732\">Puikiai tinka sluoksniavimui<\/p>\n<\/li>\n<\/ul>\n<p data-start=\"734\" data-end=\"793\"><strong data-start=\"734\" data-end=\"746\">Composition:<\/strong><br data-start=\"746\" data-end=\"749\" \/>75 % medviln\u0117<br data-start=\"762\" data-end=\"765\" \/>20 % viskoz\u0117<br data-start=\"777\" data-end=\"780\" \/>5 % elastanas<\/p>","protected":false},"featured_media":27048,"comment_status":"open","ping_status":"closed","template":"","meta":{"_uag_custom_page_level_css":"","_monsterinsights_skip_tracking":false,"_monsterinsights_sitenote_active":false,"_monsterinsights_sitenote_note":"","_monsterinsights_sitenote_category":0},"product_brand":[],"product_cat":[66,95,74],"product_tag":[],"class_list":{"0":"post-26739","1":"product","2":"type-product","3":"status-publish","4":"has-post-thumbnail","6":"product_cat-drabuziai","7":"product_cat-naujausi","8":"product_cat-palaidines","9":"tm-has-options","11":"first","12":"instock","13":"shipping-taxable","14":"purchasable","15":"product-type-variable"},"yoast_head":"<!-- This site is optimized with the Yoast SEO plugin v27.3 - https:\/\/yoast.com\/product\/yoast-seo-wordpress\/ -->\n<title>Palaidin\u0117 Soft Line Basic (8157) - MadosKampas.lt<\/title>\n<meta name=\"robots\" content=\"index, follow, max-snippet:-1, max-image-preview:large, max-video-preview:-1\" \/>\n<link rel=\"canonical\" href=\"https:\/\/madoskampas.lt\/en\/product\/palaidine-soft-line-basic\/\" \/>\n<meta property=\"og:locale\" content=\"en_US\" \/>\n<meta property=\"og:type\" content=\"article\" \/>\n<meta property=\"og:title\" content=\"Palaidin\u0117 Soft Line Basic (8157) - MadosKampas.lt\" \/>\n<meta property=\"og:description\" content=\"\u0160velni, elastinga ir dailiai priglundanti palaidin\u0117, kuri taps nepakei\u010diamu kasdienio garderobo pagrindu. Minimalistinis dizainas leid\u017eia j\u0105 lengvai derinti tiek prie sijon\u0173, tiek prie kelni\u0173 ar po \u0161varku \u2013 visada tvarkingai ir stilingai. Audinys malonus k\u016bnui, nevar\u017eantis judesi\u0173, puikiai tinka tiek aktyviai dienai, tiek ramesniems deriniams. Tai tas drabu\u017eis, kur\u012f norisi tur\u0117ti ne vienos spalvos \ud83e\udd0d Detal\u0117s:     Dydis: tinka S\u2013L    Ilgis: 56 cm    Kr\u016btin\u0117: iki 52 cm    Fig\u016br\u0105 pabr\u0117\u017eiantis, bet patogus kirpimas    Trumpomis rankov\u0117mis    Puikiai tinka sluoksniavimui   Sud\u0117tis:75 % medviln\u011720 % viskoz\u01175 % elastanas\" \/>\n<meta property=\"og:url\" content=\"https:\/\/madoskampas.lt\/en\/product\/palaidine-soft-line-basic\/\" \/>\n<meta property=\"og:site_name\" content=\"MadosKampas.lt\" \/>\n<meta property=\"article:modified_time\" content=\"2026-04-01T17:54:59+00:00\" \/>\n<meta property=\"og:image\" content=\"https:\/\/madoskampas.lt\/wp-content\/uploads\/2026\/01\/img_2841-scaled.jpeg\" \/>\n\t<meta property=\"og:image:width\" content=\"1440\" \/>\n\t<meta property=\"og:image:height\" content=\"2560\" \/>\n\t<meta property=\"og:image:type\" content=\"image\/jpeg\" \/>\n<meta name=\"twitter:card\" content=\"summary_large_image\" \/>\n<meta name=\"twitter:label1\" content=\"Est. reading time\" \/>\n\t<meta name=\"twitter:data1\" content=\"1 minute\" \/>\n<script type=\"application\/ld+json\" class=\"yoast-schema-graph\">{\"@context\":\"https:\\\/\\\/schema.org\",\"@graph\":[{\"@type\":\"WebPage\",\"@id\":\"https:\\\/\\\/madoskampas.lt\\\/produktas\\\/palaidine-soft-line-basic\\\/\",\"url\":\"https:\\\/\\\/madoskampas.lt\\\/produktas\\\/palaidine-soft-line-basic\\\/\",\"name\":\"Palaidin\u0117 Soft Line Basic (8157) - MadosKampas.lt\",\"isPartOf\":{\"@id\":\"https:\\\/\\\/madoskampas.lt\\\/#website\"},\"primaryImageOfPage\":{\"@id\":\"https:\\\/\\\/madoskampas.lt\\\/produktas\\\/palaidine-soft-line-basic\\\/#primaryimage\"},\"image\":{\"@id\":\"https:\\\/\\\/madoskampas.lt\\\/produktas\\\/palaidine-soft-line-basic\\\/#primaryimage\"},\"thumbnailUrl\":\"https:\\\/\\\/madoskampas.lt\\\/wp-content\\\/uploads\\\/2026\\\/01\\\/img_2841-scaled.jpeg\",\"datePublished\":\"2026-01-24T09:34:58+00:00\",\"dateModified\":\"2026-04-01T17:54:59+00:00\",\"breadcrumb\":{\"@id\":\"https:\\\/\\\/madoskampas.lt\\\/produktas\\\/palaidine-soft-line-basic\\\/#breadcrumb\"},\"inLanguage\":\"en-US\",\"potentialAction\":[{\"@type\":\"ReadAction\",\"target\":[\"https:\\\/\\\/madoskampas.lt\\\/produktas\\\/palaidine-soft-line-basic\\\/\"]}]},{\"@type\":\"ImageObject\",\"inLanguage\":\"en-US\",\"@id\":\"https:\\\/\\\/madoskampas.lt\\\/produktas\\\/palaidine-soft-line-basic\\\/#primaryimage\",\"url\":\"https:\\\/\\\/madoskampas.lt\\\/wp-content\\\/uploads\\\/2026\\\/01\\\/img_2841-scaled.jpeg\",\"contentUrl\":\"https:\\\/\\\/madoskampas.lt\\\/wp-content\\\/uploads\\\/2026\\\/01\\\/img_2841-scaled.jpeg\",\"width\":1440,\"height\":2560},{\"@type\":\"BreadcrumbList\",\"@id\":\"https:\\\/\\\/madoskampas.lt\\\/produktas\\\/palaidine-soft-line-basic\\\/#breadcrumb\",\"itemListElement\":[{\"@type\":\"ListItem\",\"position\":1,\"name\":\"Home\",\"item\":\"https:\\\/\\\/madoskampas.lt\\\/\"},{\"@type\":\"ListItem\",\"position\":2,\"name\":\"Parduotuv\u0117\",\"item\":\"https:\\\/\\\/madoskampas.lt\\\/parduotuve-2\\\/\"},{\"@type\":\"ListItem\",\"position\":3,\"name\":\"Palaidin\u0117 Soft Line Basic (8157)\"}]},{\"@type\":\"WebSite\",\"@id\":\"https:\\\/\\\/madoskampas.lt\\\/#website\",\"url\":\"https:\\\/\\\/madoskampas.lt\\\/\",\"name\":\"MadosKampas.lt\",\"description\":\"Stilingi drabu\u017eiai moterims\",\"potentialAction\":[{\"@type\":\"SearchAction\",\"target\":{\"@type\":\"EntryPoint\",\"urlTemplate\":\"https:\\\/\\\/madoskampas.lt\\\/?s={search_term_string}\"},\"query-input\":{\"@type\":\"PropertyValueSpecification\",\"valueRequired\":true,\"valueName\":\"search_term_string\"}}],\"inLanguage\":\"en-US\"}]}<\/script>\n<!-- \/ Yoast SEO plugin. -->","yoast_head_json":{"title":"Palaidin\u0117 Soft Line Basic (8157) - MadosKampas.lt","robots":{"index":"index","follow":"follow","max-snippet":"max-snippet:-1","max-image-preview":"max-image-preview:large","max-video-preview":"max-video-preview:-1"},"canonical":"https:\/\/madoskampas.lt\/en\/product\/palaidine-soft-line-basic\/","og_locale":"en_US","og_type":"article","og_title":"Palaidin\u0117 Soft Line Basic (8157) - MadosKampas.lt","og_description":"\u0160velni, elastinga ir dailiai priglundanti palaidin\u0117, kuri taps nepakei\u010diamu kasdienio garderobo pagrindu. Minimalistinis dizainas leid\u017eia j\u0105 lengvai derinti tiek prie sijon\u0173, tiek prie kelni\u0173 ar po \u0161varku \u2013 visada tvarkingai ir stilingai. Audinys malonus k\u016bnui, nevar\u017eantis judesi\u0173, puikiai tinka tiek aktyviai dienai, tiek ramesniems deriniams. Tai tas drabu\u017eis, kur\u012f norisi tur\u0117ti ne vienos spalvos \ud83e\udd0d Detal\u0117s:     Dydis: tinka S\u2013L    Ilgis: 56 cm    Kr\u016btin\u0117: iki 52 cm    Fig\u016br\u0105 pabr\u0117\u017eiantis, bet patogus kirpimas    Trumpomis rankov\u0117mis    Puikiai tinka sluoksniavimui   Sud\u0117tis:75 % medviln\u011720 % viskoz\u01175 % elastanas","og_url":"https:\/\/madoskampas.lt\/en\/product\/palaidine-soft-line-basic\/","og_site_name":"MadosKampas.lt","article_modified_time":"2026-04-01T17:54:59+00:00","og_image":[{"width":1440,"height":2560,"url":"https:\/\/madoskampas.lt\/wp-content\/uploads\/2026\/01\/img_2841-scaled.jpeg","type":"image\/jpeg"}],"twitter_card":"summary_large_image","twitter_misc":{"Est. reading time":"1 minute"},"schema":{"@context":"https:\/\/schema.org","@graph":[{"@type":"WebPage","@id":"https:\/\/madoskampas.lt\/produktas\/palaidine-soft-line-basic\/","url":"https:\/\/madoskampas.lt\/produktas\/palaidine-soft-line-basic\/","name":"Palaidin\u0117 Soft Line Basic (8157) - MadosKampas.lt","isPartOf":{"@id":"https:\/\/madoskampas.lt\/#website"},"primaryImageOfPage":{"@id":"https:\/\/madoskampas.lt\/produktas\/palaidine-soft-line-basic\/#primaryimage"},"image":{"@id":"https:\/\/madoskampas.lt\/produktas\/palaidine-soft-line-basic\/#primaryimage"},"thumbnailUrl":"https:\/\/madoskampas.lt\/wp-content\/uploads\/2026\/01\/img_2841-scaled.jpeg","datePublished":"2026-01-24T09:34:58+00:00","dateModified":"2026-04-01T17:54:59+00:00","breadcrumb":{"@id":"https:\/\/madoskampas.lt\/produktas\/palaidine-soft-line-basic\/#breadcrumb"},"inLanguage":"en-US","potentialAction":[{"@type":"ReadAction","target":["https:\/\/madoskampas.lt\/produktas\/palaidine-soft-line-basic\/"]}]},{"@type":"ImageObject","inLanguage":"en-US","@id":"https:\/\/madoskampas.lt\/produktas\/palaidine-soft-line-basic\/#primaryimage","url":"https:\/\/madoskampas.lt\/wp-content\/uploads\/2026\/01\/img_2841-scaled.jpeg","contentUrl":"https:\/\/madoskampas.lt\/wp-content\/uploads\/2026\/01\/img_2841-scaled.jpeg","width":1440,"height":2560},{"@type":"BreadcrumbList","@id":"https:\/\/madoskampas.lt\/produktas\/palaidine-soft-line-basic\/#breadcrumb","itemListElement":[{"@type":"ListItem","position":1,"name":"Home","item":"https:\/\/madoskampas.lt\/"},{"@type":"ListItem","position":2,"name":"Parduotuv\u0117","item":"https:\/\/madoskampas.lt\/parduotuve-2\/"},{"@type":"ListItem","position":3,"name":"Palaidin\u0117 Soft Line Basic (8157)"}]},{"@type":"WebSite","@id":"https:\/\/madoskampas.lt\/#website","url":"https:\/\/madoskampas.lt\/","name":"FashionKampas.lt","description":"Stylish clothes for women","potentialAction":[{"@type":"SearchAction","target":{"@type":"EntryPoint","urlTemplate":"https:\/\/madoskampas.lt\/?s={search_term_string}"},"query-input":{"@type":"PropertyValueSpecification","valueRequired":true,"valueName":"search_term_string"}}],"inLanguage":"en-US"}]}},"uagb_featured_image_src":{"full":["https:\/\/madoskampas.lt\/wp-content\/uploads\/2026\/01\/img_2841-scaled.jpeg",1440,2560,false],"thumbnail":["https:\/\/madoskampas.lt\/wp-content\/uploads\/2026\/01\/img_2841-150x150.jpeg",150,150,true],"medium":["https:\/\/madoskampas.lt\/wp-content\/uploads\/2026\/01\/img_2841-169x300.jpeg",169,300,true],"medium_large":["https:\/\/madoskampas.lt\/wp-content\/uploads\/2026\/01\/img_2841-768x1365.jpeg",768,1365,true],"large":["https:\/\/madoskampas.lt\/wp-content\/uploads\/2026\/01\/img_2841-576x1024.jpeg",576,1024,true],"1536x1536":["https:\/\/madoskampas.lt\/wp-content\/uploads\/2026\/01\/img_2841-864x1536.jpeg",864,1536,true],"2048x2048":["https:\/\/madoskampas.lt\/wp-content\/uploads\/2026\/01\/img_2841-1152x2048.jpeg",1152,2048,true],"trp-custom-language-flag":["https:\/\/madoskampas.lt\/wp-content\/uploads\/2026\/01\/img_2841-7x12.jpeg",7,12,true],"nova-image-square":["https:\/\/madoskampas.lt\/wp-content\/uploads\/2026\/01\/img_2841-1100x1100.jpeg",1100,1100,true],"mixtas-product-03":["https:\/\/madoskampas.lt\/wp-content\/uploads\/2026\/01\/img_2841-600x345.jpeg",600,345,true],"woocommerce_thumbnail":["https:\/\/madoskampas.lt\/wp-content\/uploads\/2026\/01\/img_2841-700x700.jpeg",700,700,true],"woocommerce_single":["https:\/\/madoskampas.lt\/wp-content\/uploads\/2026\/01\/img_2841-1000x1777.jpeg",1000,1777,true],"woocommerce_gallery_thumbnail":["https:\/\/madoskampas.lt\/wp-content\/uploads\/2026\/01\/img_2841-250x250.jpeg",250,250,true],"variation_swatches_image_size":["https:\/\/madoskampas.lt\/wp-content\/uploads\/2026\/01\/img_2841-50x50.jpeg",50,50,true],"variation_swatches_tooltip_size":["https:\/\/madoskampas.lt\/wp-content\/uploads\/2026\/01\/img_2841-100x100.jpeg",100,100,true]},"uagb_author_info":{"display_name":"algirdasbart","author_link":"https:\/\/madoskampas.lt\/en\/author\/"},"uagb_comment_info":0,"uagb_excerpt":"\u0160velni, elastinga ir dailiai priglundanti palaidin\u0117, kuri taps nepakei\u010diamu kasdienio garderobo pagrindu. Minimalistinis dizainas leid\u017eia j\u0105 lengvai derinti tiek prie sijon\u0173, tiek prie kelni\u0173 ar po \u0161varku \u2013 visada tvarkingai ir stilingai. Audinys malonus k\u016bnui, nevar\u017eantis judesi\u0173, puikiai tinka tiek aktyviai dienai, tiek ramesniems deriniams. Tai tas drabu\u017eis, kur\u012f norisi tur\u0117ti ne vienos spalvos \ud83e\udd0d&hellip;","jetpack_sharing_enabled":true,"_links":{"self":[{"href":"https:\/\/madoskampas.lt\/en\/wp-json\/wp\/v2\/product\/26739","targetHints":{"allow":["GET"]}}],"collection":[{"href":"https:\/\/madoskampas.lt\/en\/wp-json\/wp\/v2\/product"}],"about":[{"href":"https:\/\/madoskampas.lt\/en\/wp-json\/wp\/v2\/types\/product"}],"replies":[{"embeddable":true,"href":"https:\/\/madoskampas.lt\/en\/wp-json\/wp\/v2\/comments?post=26739"}],"wp:featuredmedia":[{"embeddable":true,"href":"https:\/\/madoskampas.lt\/en\/wp-json\/wp\/v2\/media\/27048"}],"wp:attachment":[{"href":"https:\/\/madoskampas.lt\/en\/wp-json\/wp\/v2\/media?parent=26739"}],"wp:term":[{"taxonomy":"product_brand","embeddable":true,"href":"https:\/\/madoskampas.lt\/en\/wp-json\/wp\/v2\/product_brand?post=26739"},{"taxonomy":"product_cat","embeddable":true,"href":"https:\/\/madoskampas.lt\/en\/wp-json\/wp\/v2\/product_cat?post=26739"},{"taxonomy":"product_tag","embeddable":true,"href":"https:\/\/madoskampas.lt\/en\/wp-json\/wp\/v2\/product_tag?post=26739"}],"curies":[{"name":"wp","href":"https:\/\/api.w.org\/{rel}","templated":true}]}}