{"id":26886,"date":"2026-01-29T09:13:01","date_gmt":"2026-01-29T09:13:01","guid":{"rendered":"https:\/\/madoskampas.lt\/?post_type=product&#038;p=26886"},"modified":"2026-03-06T13:25:21","modified_gmt":"2026-03-06T13:25:21","slug":"kostiumelis-soft-balance","status":"publish","type":"product","link":"https:\/\/madoskampas.lt\/en\/product\/kostiumelis-soft-balance\/","title":{"rendered":"Kostium\u0117lis \u201eSoft Balance\u201c"},"content":{"rendered":"<p>Subtilus, modernus ir labai lengvai prisitaikantis kostium\u0117lis, sukurtas moteriai, kuri vertina <strong data-start=\"273\" data-end=\"328\">komfort\u0105, \u0161varias linijas ir eleganti\u0161k\u0105 paprastum\u0105<\/strong>. Puikiai tiks tiek kasdienai, tiek darbui ar ramesn\u0117ms progoms.<\/p>","protected":false},"excerpt":{"rendered":"<p data-start=\"177\" data-end=\"392\">Subtilus, modernus ir labai lengvai prisitaikantis kostium\u0117lis, sukurtas moteriai, kuri vertina <strong data-start=\"273\" data-end=\"328\">komfort\u0105, \u0161varias linijas ir eleganti\u0161k\u0105 paprastum\u0105<\/strong>. Puikiai tiks tiek kasdienai, tiek darbui ar ramesn\u0117ms progoms.<\/p>\n<p data-start=\"394\" data-end=\"642\">\u0160varkas su dailiu kry\u017eminiu u\u017esegimu ir <strong data-start=\"434\" data-end=\"474\">reguliuojamu rai\u0161teliu ties liemeniu<\/strong> leid\u017eia prisitaikyti siluet\u0105 pagal nuotaik\u0105 \u2013 nuo laisvesnio iki labiau pabr\u0117\u017eto. Keln\u0117s <strong data-start=\"564\" data-end=\"583\">banano stiliaus<\/strong>, su guma ties liemeniu, nevar\u017eo judesi\u0173 ir gra\u017eiai krenta.<\/p>\n<p data-start=\"644\" data-end=\"717\">Audinys malonus, lengvas, prakti\u0161kas \u2013 puikus pasirinkimas visam sezonui.<\/p>\n<p data-start=\"719\" data-end=\"731\"><strong data-start=\"719\" data-end=\"731\">Details:<\/strong><\/p>\n<ul data-start=\"732\" data-end=\"905\">\n<li data-start=\"732\" data-end=\"781\">\n<p data-start=\"734\" data-end=\"781\">Kostium\u0117lis i\u0161 dviej\u0173 dali\u0173: \u0161varkas + keln\u0117s<\/p>\n<\/li>\n<li data-start=\"782\" data-end=\"831\">\n<p data-start=\"784\" data-end=\"831\">Keln\u0117s banano stiliaus, su guma ties liemeniu<\/p>\n<\/li>\n<li data-start=\"832\" data-end=\"873\">\n<p data-start=\"834\" data-end=\"873\">\u0160varko plotis reguliuojamas rai\u0161teliu<\/p>\n<\/li>\n<li data-start=\"874\" data-end=\"905\">\n<p data-start=\"876\" data-end=\"905\">Dydis tinka nuo <strong data-start=\"892\" data-end=\"905\">S iki M\/L<\/strong><\/p>\n<\/li>\n<\/ul>\n<p data-start=\"907\" data-end=\"923\"><strong data-start=\"907\" data-end=\"923\">Dimensions:<\/strong><\/p>\n<ul data-start=\"924\" data-end=\"1064\">\n<li data-start=\"924\" data-end=\"997\">\n<p data-start=\"926\" data-end=\"997\">Keln\u0117s: ilgis <strong data-start=\"940\" data-end=\"950\">108 cm<\/strong>, klubai <strong data-start=\"959\" data-end=\"968\">53 cm<\/strong>, liemuo su guma <strong data-start=\"985\" data-end=\"997\">36\u201347 cm<\/strong><\/p>\n<\/li>\n<li data-start=\"998\" data-end=\"1064\">\n<p data-start=\"1000\" data-end=\"1064\">\u0160varkas: ilgis <strong data-start=\"1015\" data-end=\"1024\">66 cm<\/strong>, per kr\u016btin\u0119 reguliuojasi iki <strong data-start=\"1055\" data-end=\"1064\">50 cm<\/strong><\/p>\n<\/li>\n<\/ul>\n<p data-start=\"1066\" data-end=\"1125\"><strong data-start=\"1066\" data-end=\"1078\">Composition:<\/strong><br data-start=\"1078\" data-end=\"1081\" \/>92 % poliesteris, 5 % viskoz\u0117, 3 % elastanas<\/p>\n<p data-start=\"1127\" data-end=\"1300\">Stilingas sprendimas, kai norisi atrodyti tvarkingai, bet jaustis visi\u0161kai laisvai \u2728<br data-start=\"1211\" data-end=\"1214\" \/>Labai lengvai derinamas tiek su sportiniais bateliais, tiek su eleganti\u0161kesne avalyne.<\/p>","protected":false},"featured_media":26879,"comment_status":"open","ping_status":"closed","template":"","meta":{"_uag_custom_page_level_css":"","_monsterinsights_skip_tracking":false,"_monsterinsights_sitenote_active":false,"_monsterinsights_sitenote_note":"","_monsterinsights_sitenote_category":0},"product_brand":[],"product_cat":[66,70,95],"product_tag":[],"class_list":{"0":"post-26886","1":"product","2":"type-product","3":"status-publish","4":"has-post-thumbnail","6":"product_cat-drabuziai","7":"product_cat-kostiumeliai","8":"product_cat-naujausi","9":"tm-has-options","11":"first","12":"instock","13":"shipping-taxable","14":"purchasable","15":"product-type-simple"},"yoast_head":"<!-- This site is optimized with the Yoast SEO plugin v27.3 - https:\/\/yoast.com\/product\/yoast-seo-wordpress\/ -->\n<title>Kostium\u0117lis \u201eSoft Balance\u201c - MadosKampas.lt<\/title>\n<meta name=\"robots\" content=\"index, follow, max-snippet:-1, max-image-preview:large, max-video-preview:-1\" \/>\n<link rel=\"canonical\" href=\"https:\/\/madoskampas.lt\/en\/product\/kostiumelis-soft-balance\/\" \/>\n<meta property=\"og:locale\" content=\"en_US\" \/>\n<meta property=\"og:type\" content=\"article\" \/>\n<meta property=\"og:title\" content=\"Kostium\u0117lis \u201eSoft Balance\u201c - MadosKampas.lt\" \/>\n<meta property=\"og:description\" content=\"Subtilus, modernus ir labai lengvai prisitaikantis kostium\u0117lis, sukurtas moteriai, kuri vertina komfort\u0105, \u0161varias linijas ir eleganti\u0161k\u0105 paprastum\u0105. Puikiai tiks tiek kasdienai, tiek darbui ar ramesn\u0117ms progoms. \u0160varkas su dailiu kry\u017eminiu u\u017esegimu ir reguliuojamu rai\u0161teliu ties liemeniu leid\u017eia prisitaikyti siluet\u0105 pagal nuotaik\u0105 \u2013 nuo laisvesnio iki labiau pabr\u0117\u017eto. Keln\u0117s banano stiliaus, su guma ties liemeniu, nevar\u017eo judesi\u0173 ir gra\u017eiai krenta. Audinys malonus, lengvas, prakti\u0161kas \u2013 puikus pasirinkimas visam sezonui. Detal\u0117s:     Kostium\u0117lis i\u0161 dviej\u0173 dali\u0173: \u0161varkas + keln\u0117s    Keln\u0117s banano stiliaus, su guma ties liemeniu    \u0160varko plotis reguliuojamas rai\u0161teliu    Dydis tinka nuo S iki M\/L   I\u0161matavimai:     Keln\u0117s: ilgis 108 cm, klubai 53 cm, liemuo su guma 36\u201347 cm    \u0160varkas: ilgis 66 cm, per kr\u016btin\u0119 reguliuojasi iki 50 cm   Sud\u0117tis:92 % poliesteris, 5 % viskoz\u0117, 3 % elastanas Stilingas sprendimas, kai norisi atrodyti tvarkingai, bet jaustis visi\u0161kai laisvai \u2728Labai lengvai derinamas tiek su sportiniais bateliais, tiek su eleganti\u0161kesne avalyne.\" \/>\n<meta property=\"og:url\" content=\"https:\/\/madoskampas.lt\/en\/product\/kostiumelis-soft-balance\/\" \/>\n<meta property=\"og:site_name\" content=\"MadosKampas.lt\" \/>\n<meta property=\"article:modified_time\" content=\"2026-03-06T13:25:21+00:00\" \/>\n<meta property=\"og:image\" content=\"https:\/\/madoskampas.lt\/wp-content\/uploads\/2026\/01\/IMG_2350.jpeg\" \/>\n\t<meta property=\"og:image:width\" content=\"1330\" \/>\n\t<meta property=\"og:image:height\" content=\"2364\" \/>\n\t<meta property=\"og:image:type\" content=\"image\/jpeg\" \/>\n<meta name=\"twitter:card\" content=\"summary_large_image\" \/>\n<meta name=\"twitter:label1\" content=\"Est. reading time\" \/>\n\t<meta name=\"twitter:data1\" content=\"1 minute\" \/>\n<script type=\"application\/ld+json\" class=\"yoast-schema-graph\">{\"@context\":\"https:\\\/\\\/schema.org\",\"@graph\":[{\"@type\":\"WebPage\",\"@id\":\"https:\\\/\\\/madoskampas.lt\\\/produktas\\\/kostiumelis-soft-balance\\\/\",\"url\":\"https:\\\/\\\/madoskampas.lt\\\/produktas\\\/kostiumelis-soft-balance\\\/\",\"name\":\"Kostium\u0117lis \u201eSoft Balance\u201c - MadosKampas.lt\",\"isPartOf\":{\"@id\":\"https:\\\/\\\/madoskampas.lt\\\/#website\"},\"primaryImageOfPage\":{\"@id\":\"https:\\\/\\\/madoskampas.lt\\\/produktas\\\/kostiumelis-soft-balance\\\/#primaryimage\"},\"image\":{\"@id\":\"https:\\\/\\\/madoskampas.lt\\\/produktas\\\/kostiumelis-soft-balance\\\/#primaryimage\"},\"thumbnailUrl\":\"https:\\\/\\\/madoskampas.lt\\\/wp-content\\\/uploads\\\/2026\\\/01\\\/IMG_2350.jpeg\",\"datePublished\":\"2026-01-29T09:13:01+00:00\",\"dateModified\":\"2026-03-06T13:25:21+00:00\",\"breadcrumb\":{\"@id\":\"https:\\\/\\\/madoskampas.lt\\\/produktas\\\/kostiumelis-soft-balance\\\/#breadcrumb\"},\"inLanguage\":\"en-US\",\"potentialAction\":[{\"@type\":\"ReadAction\",\"target\":[\"https:\\\/\\\/madoskampas.lt\\\/produktas\\\/kostiumelis-soft-balance\\\/\"]}]},{\"@type\":\"ImageObject\",\"inLanguage\":\"en-US\",\"@id\":\"https:\\\/\\\/madoskampas.lt\\\/produktas\\\/kostiumelis-soft-balance\\\/#primaryimage\",\"url\":\"https:\\\/\\\/madoskampas.lt\\\/wp-content\\\/uploads\\\/2026\\\/01\\\/IMG_2350.jpeg\",\"contentUrl\":\"https:\\\/\\\/madoskampas.lt\\\/wp-content\\\/uploads\\\/2026\\\/01\\\/IMG_2350.jpeg\",\"width\":1330,\"height\":2364},{\"@type\":\"BreadcrumbList\",\"@id\":\"https:\\\/\\\/madoskampas.lt\\\/produktas\\\/kostiumelis-soft-balance\\\/#breadcrumb\",\"itemListElement\":[{\"@type\":\"ListItem\",\"position\":1,\"name\":\"Home\",\"item\":\"https:\\\/\\\/madoskampas.lt\\\/\"},{\"@type\":\"ListItem\",\"position\":2,\"name\":\"Parduotuv\u0117\",\"item\":\"https:\\\/\\\/madoskampas.lt\\\/parduotuve-2\\\/\"},{\"@type\":\"ListItem\",\"position\":3,\"name\":\"Kostium\u0117lis \u201eSoft Balance\u201c\"}]},{\"@type\":\"WebSite\",\"@id\":\"https:\\\/\\\/madoskampas.lt\\\/#website\",\"url\":\"https:\\\/\\\/madoskampas.lt\\\/\",\"name\":\"MadosKampas.lt\",\"description\":\"Stilingi drabu\u017eiai moterims\",\"potentialAction\":[{\"@type\":\"SearchAction\",\"target\":{\"@type\":\"EntryPoint\",\"urlTemplate\":\"https:\\\/\\\/madoskampas.lt\\\/?s={search_term_string}\"},\"query-input\":{\"@type\":\"PropertyValueSpecification\",\"valueRequired\":true,\"valueName\":\"search_term_string\"}}],\"inLanguage\":\"en-US\"}]}<\/script>\n<!-- \/ Yoast SEO plugin. -->","yoast_head_json":{"title":"Kostium\u0117lis \u201eSoft Balance\u201c - MadosKampas.lt","robots":{"index":"index","follow":"follow","max-snippet":"max-snippet:-1","max-image-preview":"max-image-preview:large","max-video-preview":"max-video-preview:-1"},"canonical":"https:\/\/madoskampas.lt\/en\/product\/kostiumelis-soft-balance\/","og_locale":"en_US","og_type":"article","og_title":"Kostium\u0117lis \u201eSoft Balance\u201c - MadosKampas.lt","og_description":"Subtilus, modernus ir labai lengvai prisitaikantis kostium\u0117lis, sukurtas moteriai, kuri vertina komfort\u0105, \u0161varias linijas ir eleganti\u0161k\u0105 paprastum\u0105. Puikiai tiks tiek kasdienai, tiek darbui ar ramesn\u0117ms progoms. \u0160varkas su dailiu kry\u017eminiu u\u017esegimu ir reguliuojamu rai\u0161teliu ties liemeniu leid\u017eia prisitaikyti siluet\u0105 pagal nuotaik\u0105 \u2013 nuo laisvesnio iki labiau pabr\u0117\u017eto. Keln\u0117s banano stiliaus, su guma ties liemeniu, nevar\u017eo judesi\u0173 ir gra\u017eiai krenta. Audinys malonus, lengvas, prakti\u0161kas \u2013 puikus pasirinkimas visam sezonui. Detal\u0117s:     Kostium\u0117lis i\u0161 dviej\u0173 dali\u0173: \u0161varkas + keln\u0117s    Keln\u0117s banano stiliaus, su guma ties liemeniu    \u0160varko plotis reguliuojamas rai\u0161teliu    Dydis tinka nuo S iki M\/L   I\u0161matavimai:     Keln\u0117s: ilgis 108 cm, klubai 53 cm, liemuo su guma 36\u201347 cm    \u0160varkas: ilgis 66 cm, per kr\u016btin\u0119 reguliuojasi iki 50 cm   Sud\u0117tis:92 % poliesteris, 5 % viskoz\u0117, 3 % elastanas Stilingas sprendimas, kai norisi atrodyti tvarkingai, bet jaustis visi\u0161kai laisvai \u2728Labai lengvai derinamas tiek su sportiniais bateliais, tiek su eleganti\u0161kesne avalyne.","og_url":"https:\/\/madoskampas.lt\/en\/product\/kostiumelis-soft-balance\/","og_site_name":"MadosKampas.lt","article_modified_time":"2026-03-06T13:25:21+00:00","og_image":[{"width":1330,"height":2364,"url":"https:\/\/madoskampas.lt\/wp-content\/uploads\/2026\/01\/IMG_2350.jpeg","type":"image\/jpeg"}],"twitter_card":"summary_large_image","twitter_misc":{"Est. reading time":"1 minute"},"schema":{"@context":"https:\/\/schema.org","@graph":[{"@type":"WebPage","@id":"https:\/\/madoskampas.lt\/produktas\/kostiumelis-soft-balance\/","url":"https:\/\/madoskampas.lt\/produktas\/kostiumelis-soft-balance\/","name":"Kostium\u0117lis \u201eSoft Balance\u201c - MadosKampas.lt","isPartOf":{"@id":"https:\/\/madoskampas.lt\/#website"},"primaryImageOfPage":{"@id":"https:\/\/madoskampas.lt\/produktas\/kostiumelis-soft-balance\/#primaryimage"},"image":{"@id":"https:\/\/madoskampas.lt\/produktas\/kostiumelis-soft-balance\/#primaryimage"},"thumbnailUrl":"https:\/\/madoskampas.lt\/wp-content\/uploads\/2026\/01\/IMG_2350.jpeg","datePublished":"2026-01-29T09:13:01+00:00","dateModified":"2026-03-06T13:25:21+00:00","breadcrumb":{"@id":"https:\/\/madoskampas.lt\/produktas\/kostiumelis-soft-balance\/#breadcrumb"},"inLanguage":"en-US","potentialAction":[{"@type":"ReadAction","target":["https:\/\/madoskampas.lt\/produktas\/kostiumelis-soft-balance\/"]}]},{"@type":"ImageObject","inLanguage":"en-US","@id":"https:\/\/madoskampas.lt\/produktas\/kostiumelis-soft-balance\/#primaryimage","url":"https:\/\/madoskampas.lt\/wp-content\/uploads\/2026\/01\/IMG_2350.jpeg","contentUrl":"https:\/\/madoskampas.lt\/wp-content\/uploads\/2026\/01\/IMG_2350.jpeg","width":1330,"height":2364},{"@type":"BreadcrumbList","@id":"https:\/\/madoskampas.lt\/produktas\/kostiumelis-soft-balance\/#breadcrumb","itemListElement":[{"@type":"ListItem","position":1,"name":"Home","item":"https:\/\/madoskampas.lt\/"},{"@type":"ListItem","position":2,"name":"Parduotuv\u0117","item":"https:\/\/madoskampas.lt\/parduotuve-2\/"},{"@type":"ListItem","position":3,"name":"Kostium\u0117lis \u201eSoft Balance\u201c"}]},{"@type":"WebSite","@id":"https:\/\/madoskampas.lt\/#website","url":"https:\/\/madoskampas.lt\/","name":"FashionKampas.lt","description":"Stylish clothes for women","potentialAction":[{"@type":"SearchAction","target":{"@type":"EntryPoint","urlTemplate":"https:\/\/madoskampas.lt\/?s={search_term_string}"},"query-input":{"@type":"PropertyValueSpecification","valueRequired":true,"valueName":"search_term_string"}}],"inLanguage":"en-US"}]}},"uagb_featured_image_src":{"full":["https:\/\/madoskampas.lt\/wp-content\/uploads\/2026\/01\/IMG_2350.jpeg",1330,2364,false],"thumbnail":["https:\/\/madoskampas.lt\/wp-content\/uploads\/2026\/01\/IMG_2350-150x150.jpeg",150,150,true],"medium":["https:\/\/madoskampas.lt\/wp-content\/uploads\/2026\/01\/IMG_2350-169x300.jpeg",169,300,true],"medium_large":["https:\/\/madoskampas.lt\/wp-content\/uploads\/2026\/01\/IMG_2350-768x1365.jpeg",768,1365,true],"large":["https:\/\/madoskampas.lt\/wp-content\/uploads\/2026\/01\/IMG_2350-576x1024.jpeg",576,1024,true],"1536x1536":["https:\/\/madoskampas.lt\/wp-content\/uploads\/2026\/01\/IMG_2350-864x1536.jpeg",864,1536,true],"2048x2048":["https:\/\/madoskampas.lt\/wp-content\/uploads\/2026\/01\/IMG_2350-1152x2048.jpeg",1152,2048,true],"trp-custom-language-flag":["https:\/\/madoskampas.lt\/wp-content\/uploads\/2026\/01\/IMG_2350-7x12.jpeg",7,12,true],"nova-image-square":["https:\/\/madoskampas.lt\/wp-content\/uploads\/2026\/01\/IMG_2350-1100x1100.jpeg",1100,1100,true],"mixtas-product-03":["https:\/\/madoskampas.lt\/wp-content\/uploads\/2026\/01\/IMG_2350-600x345.jpeg",600,345,true],"woocommerce_thumbnail":["https:\/\/madoskampas.lt\/wp-content\/uploads\/2026\/01\/IMG_2350-700x700.jpeg",700,700,true],"woocommerce_single":["https:\/\/madoskampas.lt\/wp-content\/uploads\/2026\/01\/IMG_2350-1000x1777.jpeg",1000,1777,true],"woocommerce_gallery_thumbnail":["https:\/\/madoskampas.lt\/wp-content\/uploads\/2026\/01\/IMG_2350-250x250.jpeg",250,250,true],"variation_swatches_image_size":["https:\/\/madoskampas.lt\/wp-content\/uploads\/2026\/01\/IMG_2350-50x50.jpeg",50,50,true],"variation_swatches_tooltip_size":["https:\/\/madoskampas.lt\/wp-content\/uploads\/2026\/01\/IMG_2350-100x100.jpeg",100,100,true]},"uagb_author_info":{"display_name":"algirdasbart","author_link":"https:\/\/madoskampas.lt\/en\/author\/"},"uagb_comment_info":0,"uagb_excerpt":"Subtilus, modernus ir labai lengvai prisitaikantis kostium\u0117lis, sukurtas moteriai, kuri vertina komfort\u0105, \u0161varias linijas ir eleganti\u0161k\u0105 paprastum\u0105. Puikiai tiks tiek kasdienai, tiek darbui ar ramesn\u0117ms progoms. \u0160varkas su dailiu kry\u017eminiu u\u017esegimu ir reguliuojamu rai\u0161teliu ties liemeniu leid\u017eia prisitaikyti siluet\u0105 pagal nuotaik\u0105 \u2013 nuo laisvesnio iki labiau pabr\u0117\u017eto. Keln\u0117s banano stiliaus, su guma ties liemeniu, nevar\u017eo&hellip;","jetpack_sharing_enabled":true,"_links":{"self":[{"href":"https:\/\/madoskampas.lt\/en\/wp-json\/wp\/v2\/product\/26886","targetHints":{"allow":["GET"]}}],"collection":[{"href":"https:\/\/madoskampas.lt\/en\/wp-json\/wp\/v2\/product"}],"about":[{"href":"https:\/\/madoskampas.lt\/en\/wp-json\/wp\/v2\/types\/product"}],"replies":[{"embeddable":true,"href":"https:\/\/madoskampas.lt\/en\/wp-json\/wp\/v2\/comments?post=26886"}],"wp:featuredmedia":[{"embeddable":true,"href":"https:\/\/madoskampas.lt\/en\/wp-json\/wp\/v2\/media\/26879"}],"wp:attachment":[{"href":"https:\/\/madoskampas.lt\/en\/wp-json\/wp\/v2\/media?parent=26886"}],"wp:term":[{"taxonomy":"product_brand","embeddable":true,"href":"https:\/\/madoskampas.lt\/en\/wp-json\/wp\/v2\/product_brand?post=26886"},{"taxonomy":"product_cat","embeddable":true,"href":"https:\/\/madoskampas.lt\/en\/wp-json\/wp\/v2\/product_cat?post=26886"},{"taxonomy":"product_tag","embeddable":true,"href":"https:\/\/madoskampas.lt\/en\/wp-json\/wp\/v2\/product_tag?post=26886"}],"curies":[{"name":"wp","href":"https:\/\/api.w.org\/{rel}","templated":true}]}}