{"id":27049,"date":"2026-01-31T15:53:30","date_gmt":"2026-01-31T15:53:30","guid":{"rendered":"https:\/\/madoskampas.lt\/?post_type=product&#038;p=27049"},"modified":"2026-03-26T17:25:49","modified_gmt":"2026-03-26T17:25:49","slug":"palaidine-soft-line-basic-ilgomis-rankovemis","status":"publish","type":"product","link":"https:\/\/madoskampas.lt\/en\/product\/palaidine-soft-line-basic-ilgomis-rankovemis\/","title":{"rendered":"Palaidin\u0117 \u201eSoft Line Basic\u201c (ilgomis rankov\u0117mis) 8158"},"content":{"rendered":"<p>\u0160velni, elastinga ir dailiai priglundanti palaidin\u0117 <strong data-start=\"245\" data-end=\"267\">ilgomis rankov\u0117mis<\/strong>, kuri taps nepakei\u010diamu kasdienio garderobo pagrindu. Minimalistinis dizainas leid\u017eia j\u0105 lengvai derinti tiek prie sijon\u0173, tiek prie kelni\u0173 ar vilk\u0117ti po \u0161varku \u2013 visada tvarkingai ir stilingai.<\/p>","protected":false},"excerpt":{"rendered":"<p data-start=\"193\" data-end=\"462\">\u0160velni, elastinga ir dailiai priglundanti palaidin\u0117 <strong data-start=\"245\" data-end=\"267\">ilgomis rankov\u0117mis<\/strong>, kuri taps nepakei\u010diamu kasdienio garderobo pagrindu. Minimalistinis dizainas leid\u017eia j\u0105 lengvai derinti tiek prie sijon\u0173, tiek prie kelni\u0173 ar vilk\u0117ti po \u0161varku \u2013 visada tvarkingai ir stilingai.<\/p>\n<p data-start=\"464\" data-end=\"708\">Malonus k\u016bnui audinys nevar\u017eo judesi\u0173, gra\u017eiai priglunda ir suteikia komforto visai dienai. Ilgos rankov\u0117s suteikia daugiau jaukumo ir universalumo, tod\u0117l palaidin\u0117 puikiai tinka tiek aktyviai dienai, tiek ramesniems, sluoksniuotiems deriniams.<\/p>\n<p data-start=\"710\" data-end=\"771\">Tai tas drabu\u017eis, kur\u012f norisi tur\u0117ti <strong data-start=\"747\" data-end=\"768\">ne vienos spalvos<\/strong> \ud83e\udd0d<\/p>\n<p data-start=\"773\" data-end=\"785\"><strong data-start=\"773\" data-end=\"785\">Details:<\/strong><\/p>\n<ul data-start=\"786\" data-end=\"952\">\n<li data-start=\"786\" data-end=\"808\">\n<p data-start=\"788\" data-end=\"808\">Dydis: tinka <strong data-start=\"801\" data-end=\"808\">S-L<\/strong><\/p>\n<\/li>\n<li data-start=\"809\" data-end=\"827\">\n<p data-start=\"811\" data-end=\"827\">Length: <strong data-start=\"818\" data-end=\"827\">56 cm<\/strong><\/p>\n<\/li>\n<li data-start=\"828\" data-end=\"856\">\n<p data-start=\"830\" data-end=\"856\">Per kr\u016btin\u0119: iki <strong data-start=\"847\" data-end=\"856\">52 cm<\/strong><\/p>\n<\/li>\n<li data-start=\"857\" data-end=\"900\">\n<p data-start=\"859\" data-end=\"900\">Fig\u016br\u0105 pabr\u0117\u017eiantis, bet patogus kirpimas<\/p>\n<\/li>\n<li data-start=\"901\" data-end=\"921\">\n<p data-start=\"903\" data-end=\"921\"><strong data-start=\"903\" data-end=\"921\">Ilgos rankov\u0117s<\/strong><\/p>\n<\/li>\n<li data-start=\"922\" data-end=\"952\">\n<p data-start=\"924\" data-end=\"952\">Puikiai tinka sluoksniavimui<\/p>\n<\/li>\n<\/ul>\n<p data-start=\"954\" data-end=\"1013\"><strong data-start=\"954\" data-end=\"966\">Composition:<\/strong><br \/>\n75 % medviln\u0117<br data-start=\"980\" data-end=\"983\" \/>20 % viskoz\u0117<br data-start=\"995\" data-end=\"998\" \/>5 % elastanas<\/p>","protected":false},"featured_media":27829,"comment_status":"open","ping_status":"closed","template":"","meta":{"_uag_custom_page_level_css":"","_monsterinsights_skip_tracking":false,"_monsterinsights_sitenote_active":false,"_monsterinsights_sitenote_note":"","_monsterinsights_sitenote_category":0},"product_brand":[],"product_cat":[66,95,74],"product_tag":[],"class_list":{"0":"post-27049","1":"product","2":"type-product","3":"status-publish","4":"has-post-thumbnail","6":"product_cat-drabuziai","7":"product_cat-naujausi","8":"product_cat-palaidines","9":"tm-has-options","11":"first","12":"instock","13":"shipping-taxable","14":"purchasable","15":"product-type-variable"},"yoast_head":"<!-- This site is optimized with the Yoast SEO plugin v27.3 - https:\/\/yoast.com\/product\/yoast-seo-wordpress\/ -->\n<title>Palaidin\u0117 \u201eSoft Line Basic\u201c (ilgomis rankov\u0117mis) 8158 - MadosKampas.lt<\/title>\n<meta name=\"robots\" content=\"index, follow, max-snippet:-1, max-image-preview:large, max-video-preview:-1\" \/>\n<link rel=\"canonical\" href=\"https:\/\/madoskampas.lt\/en\/product\/palaidine-soft-line-basic-ilgomis-rankovemis\/\" \/>\n<meta property=\"og:locale\" content=\"en_US\" \/>\n<meta property=\"og:type\" content=\"article\" \/>\n<meta property=\"og:title\" content=\"Palaidin\u0117 \u201eSoft Line Basic\u201c (ilgomis rankov\u0117mis) 8158 - MadosKampas.lt\" \/>\n<meta property=\"og:description\" content=\"\u0160velni, elastinga ir dailiai priglundanti palaidin\u0117 ilgomis rankov\u0117mis, kuri taps nepakei\u010diamu kasdienio garderobo pagrindu. Minimalistinis dizainas leid\u017eia j\u0105 lengvai derinti tiek prie sijon\u0173, tiek prie kelni\u0173 ar vilk\u0117ti po \u0161varku \u2013 visada tvarkingai ir stilingai. Malonus k\u016bnui audinys nevar\u017eo judesi\u0173, gra\u017eiai priglunda ir suteikia komforto visai dienai. Ilgos rankov\u0117s suteikia daugiau jaukumo ir universalumo, tod\u0117l palaidin\u0117 puikiai tinka tiek aktyviai dienai, tiek ramesniems, sluoksniuotiems deriniams. Tai tas drabu\u017eis, kur\u012f norisi tur\u0117ti ne vienos spalvos \ud83e\udd0d Detal\u0117s:     Dydis: tinka S\u2013L    Ilgis: 56 cm    Per kr\u016btin\u0119: iki 52 cm    Fig\u016br\u0105 pabr\u0117\u017eiantis, bet patogus kirpimas    Ilgos rankov\u0117s    Puikiai tinka sluoksniavimui   Sud\u0117tis: 75 % medviln\u011720 % viskoz\u01175 % elastanas\" \/>\n<meta property=\"og:url\" content=\"https:\/\/madoskampas.lt\/en\/product\/palaidine-soft-line-basic-ilgomis-rankovemis\/\" \/>\n<meta property=\"og:site_name\" content=\"MadosKampas.lt\" \/>\n<meta property=\"article:modified_time\" content=\"2026-03-26T17:25:49+00:00\" \/>\n<meta property=\"og:image\" content=\"https:\/\/madoskampas.lt\/wp-content\/uploads\/2026\/02\/IMG_5845-scaled.jpeg\" \/>\n\t<meta property=\"og:image:width\" content=\"1920\" \/>\n\t<meta property=\"og:image:height\" content=\"2560\" \/>\n\t<meta property=\"og:image:type\" content=\"image\/jpeg\" \/>\n<meta name=\"twitter:card\" content=\"summary_large_image\" \/>\n<meta name=\"twitter:label1\" content=\"Est. reading time\" \/>\n\t<meta name=\"twitter:data1\" content=\"1 minute\" \/>\n<script type=\"application\/ld+json\" class=\"yoast-schema-graph\">{\"@context\":\"https:\\\/\\\/schema.org\",\"@graph\":[{\"@type\":\"WebPage\",\"@id\":\"https:\\\/\\\/madoskampas.lt\\\/produktas\\\/palaidine-soft-line-basic-ilgomis-rankovemis\\\/\",\"url\":\"https:\\\/\\\/madoskampas.lt\\\/produktas\\\/palaidine-soft-line-basic-ilgomis-rankovemis\\\/\",\"name\":\"Palaidin\u0117 \u201eSoft Line Basic\u201c (ilgomis rankov\u0117mis) 8158 - MadosKampas.lt\",\"isPartOf\":{\"@id\":\"https:\\\/\\\/madoskampas.lt\\\/#website\"},\"primaryImageOfPage\":{\"@id\":\"https:\\\/\\\/madoskampas.lt\\\/produktas\\\/palaidine-soft-line-basic-ilgomis-rankovemis\\\/#primaryimage\"},\"image\":{\"@id\":\"https:\\\/\\\/madoskampas.lt\\\/produktas\\\/palaidine-soft-line-basic-ilgomis-rankovemis\\\/#primaryimage\"},\"thumbnailUrl\":\"https:\\\/\\\/madoskampas.lt\\\/wp-content\\\/uploads\\\/2026\\\/02\\\/IMG_5845-scaled.jpeg\",\"datePublished\":\"2026-01-31T15:53:30+00:00\",\"dateModified\":\"2026-03-26T17:25:49+00:00\",\"breadcrumb\":{\"@id\":\"https:\\\/\\\/madoskampas.lt\\\/produktas\\\/palaidine-soft-line-basic-ilgomis-rankovemis\\\/#breadcrumb\"},\"inLanguage\":\"en-US\",\"potentialAction\":[{\"@type\":\"ReadAction\",\"target\":[\"https:\\\/\\\/madoskampas.lt\\\/produktas\\\/palaidine-soft-line-basic-ilgomis-rankovemis\\\/\"]}]},{\"@type\":\"ImageObject\",\"inLanguage\":\"en-US\",\"@id\":\"https:\\\/\\\/madoskampas.lt\\\/produktas\\\/palaidine-soft-line-basic-ilgomis-rankovemis\\\/#primaryimage\",\"url\":\"https:\\\/\\\/madoskampas.lt\\\/wp-content\\\/uploads\\\/2026\\\/02\\\/IMG_5845-scaled.jpeg\",\"contentUrl\":\"https:\\\/\\\/madoskampas.lt\\\/wp-content\\\/uploads\\\/2026\\\/02\\\/IMG_5845-scaled.jpeg\",\"width\":1920,\"height\":2560},{\"@type\":\"BreadcrumbList\",\"@id\":\"https:\\\/\\\/madoskampas.lt\\\/produktas\\\/palaidine-soft-line-basic-ilgomis-rankovemis\\\/#breadcrumb\",\"itemListElement\":[{\"@type\":\"ListItem\",\"position\":1,\"name\":\"Home\",\"item\":\"https:\\\/\\\/madoskampas.lt\\\/\"},{\"@type\":\"ListItem\",\"position\":2,\"name\":\"Parduotuv\u0117\",\"item\":\"https:\\\/\\\/madoskampas.lt\\\/parduotuve-2\\\/\"},{\"@type\":\"ListItem\",\"position\":3,\"name\":\"Palaidin\u0117 \u201eSoft Line Basic\u201c (ilgomis rankov\u0117mis) 8158\"}]},{\"@type\":\"WebSite\",\"@id\":\"https:\\\/\\\/madoskampas.lt\\\/#website\",\"url\":\"https:\\\/\\\/madoskampas.lt\\\/\",\"name\":\"MadosKampas.lt\",\"description\":\"Stilingi drabu\u017eiai moterims\",\"potentialAction\":[{\"@type\":\"SearchAction\",\"target\":{\"@type\":\"EntryPoint\",\"urlTemplate\":\"https:\\\/\\\/madoskampas.lt\\\/?s={search_term_string}\"},\"query-input\":{\"@type\":\"PropertyValueSpecification\",\"valueRequired\":true,\"valueName\":\"search_term_string\"}}],\"inLanguage\":\"en-US\"}]}<\/script>\n<!-- \/ Yoast SEO plugin. -->","yoast_head_json":{"title":"Palaidin\u0117 \u201eSoft Line Basic\u201c (ilgomis rankov\u0117mis) 8158 - MadosKampas.lt","robots":{"index":"index","follow":"follow","max-snippet":"max-snippet:-1","max-image-preview":"max-image-preview:large","max-video-preview":"max-video-preview:-1"},"canonical":"https:\/\/madoskampas.lt\/en\/product\/palaidine-soft-line-basic-ilgomis-rankovemis\/","og_locale":"en_US","og_type":"article","og_title":"Palaidin\u0117 \u201eSoft Line Basic\u201c (ilgomis rankov\u0117mis) 8158 - MadosKampas.lt","og_description":"\u0160velni, elastinga ir dailiai priglundanti palaidin\u0117 ilgomis rankov\u0117mis, kuri taps nepakei\u010diamu kasdienio garderobo pagrindu. Minimalistinis dizainas leid\u017eia j\u0105 lengvai derinti tiek prie sijon\u0173, tiek prie kelni\u0173 ar vilk\u0117ti po \u0161varku \u2013 visada tvarkingai ir stilingai. Malonus k\u016bnui audinys nevar\u017eo judesi\u0173, gra\u017eiai priglunda ir suteikia komforto visai dienai. Ilgos rankov\u0117s suteikia daugiau jaukumo ir universalumo, tod\u0117l palaidin\u0117 puikiai tinka tiek aktyviai dienai, tiek ramesniems, sluoksniuotiems deriniams. Tai tas drabu\u017eis, kur\u012f norisi tur\u0117ti ne vienos spalvos \ud83e\udd0d Detal\u0117s:     Dydis: tinka S\u2013L    Ilgis: 56 cm    Per kr\u016btin\u0119: iki 52 cm    Fig\u016br\u0105 pabr\u0117\u017eiantis, bet patogus kirpimas    Ilgos rankov\u0117s    Puikiai tinka sluoksniavimui   Sud\u0117tis: 75 % medviln\u011720 % viskoz\u01175 % elastanas","og_url":"https:\/\/madoskampas.lt\/en\/product\/palaidine-soft-line-basic-ilgomis-rankovemis\/","og_site_name":"MadosKampas.lt","article_modified_time":"2026-03-26T17:25:49+00:00","og_image":[{"width":1920,"height":2560,"url":"https:\/\/madoskampas.lt\/wp-content\/uploads\/2026\/02\/IMG_5845-scaled.jpeg","type":"image\/jpeg"}],"twitter_card":"summary_large_image","twitter_misc":{"Est. reading time":"1 minute"},"schema":{"@context":"https:\/\/schema.org","@graph":[{"@type":"WebPage","@id":"https:\/\/madoskampas.lt\/produktas\/palaidine-soft-line-basic-ilgomis-rankovemis\/","url":"https:\/\/madoskampas.lt\/produktas\/palaidine-soft-line-basic-ilgomis-rankovemis\/","name":"Palaidin\u0117 \u201eSoft Line Basic\u201c (ilgomis rankov\u0117mis) 8158 - MadosKampas.lt","isPartOf":{"@id":"https:\/\/madoskampas.lt\/#website"},"primaryImageOfPage":{"@id":"https:\/\/madoskampas.lt\/produktas\/palaidine-soft-line-basic-ilgomis-rankovemis\/#primaryimage"},"image":{"@id":"https:\/\/madoskampas.lt\/produktas\/palaidine-soft-line-basic-ilgomis-rankovemis\/#primaryimage"},"thumbnailUrl":"https:\/\/madoskampas.lt\/wp-content\/uploads\/2026\/02\/IMG_5845-scaled.jpeg","datePublished":"2026-01-31T15:53:30+00:00","dateModified":"2026-03-26T17:25:49+00:00","breadcrumb":{"@id":"https:\/\/madoskampas.lt\/produktas\/palaidine-soft-line-basic-ilgomis-rankovemis\/#breadcrumb"},"inLanguage":"en-US","potentialAction":[{"@type":"ReadAction","target":["https:\/\/madoskampas.lt\/produktas\/palaidine-soft-line-basic-ilgomis-rankovemis\/"]}]},{"@type":"ImageObject","inLanguage":"en-US","@id":"https:\/\/madoskampas.lt\/produktas\/palaidine-soft-line-basic-ilgomis-rankovemis\/#primaryimage","url":"https:\/\/madoskampas.lt\/wp-content\/uploads\/2026\/02\/IMG_5845-scaled.jpeg","contentUrl":"https:\/\/madoskampas.lt\/wp-content\/uploads\/2026\/02\/IMG_5845-scaled.jpeg","width":1920,"height":2560},{"@type":"BreadcrumbList","@id":"https:\/\/madoskampas.lt\/produktas\/palaidine-soft-line-basic-ilgomis-rankovemis\/#breadcrumb","itemListElement":[{"@type":"ListItem","position":1,"name":"Home","item":"https:\/\/madoskampas.lt\/"},{"@type":"ListItem","position":2,"name":"Parduotuv\u0117","item":"https:\/\/madoskampas.lt\/parduotuve-2\/"},{"@type":"ListItem","position":3,"name":"Palaidin\u0117 \u201eSoft Line Basic\u201c (ilgomis rankov\u0117mis) 8158"}]},{"@type":"WebSite","@id":"https:\/\/madoskampas.lt\/#website","url":"https:\/\/madoskampas.lt\/","name":"FashionKampas.lt","description":"Stylish clothes for women","potentialAction":[{"@type":"SearchAction","target":{"@type":"EntryPoint","urlTemplate":"https:\/\/madoskampas.lt\/?s={search_term_string}"},"query-input":{"@type":"PropertyValueSpecification","valueRequired":true,"valueName":"search_term_string"}}],"inLanguage":"en-US"}]}},"uagb_featured_image_src":{"full":["https:\/\/madoskampas.lt\/wp-content\/uploads\/2026\/02\/IMG_5845-scaled.jpeg",1920,2560,false],"thumbnail":["https:\/\/madoskampas.lt\/wp-content\/uploads\/2026\/02\/IMG_5845-150x150.jpeg",150,150,true],"medium":["https:\/\/madoskampas.lt\/wp-content\/uploads\/2026\/02\/IMG_5845-225x300.jpeg",225,300,true],"medium_large":["https:\/\/madoskampas.lt\/wp-content\/uploads\/2026\/02\/IMG_5845-768x1024.jpeg",768,1024,true],"large":["https:\/\/madoskampas.lt\/wp-content\/uploads\/2026\/02\/IMG_5845-768x1024.jpeg",768,1024,true],"1536x1536":["https:\/\/madoskampas.lt\/wp-content\/uploads\/2026\/02\/IMG_5845-1152x1536.jpeg",1152,1536,true],"2048x2048":["https:\/\/madoskampas.lt\/wp-content\/uploads\/2026\/02\/IMG_5845-1536x2048.jpeg",1536,2048,true],"trp-custom-language-flag":["https:\/\/madoskampas.lt\/wp-content\/uploads\/2026\/02\/IMG_5845-9x12.jpeg",9,12,true],"nova-image-square":["https:\/\/madoskampas.lt\/wp-content\/uploads\/2026\/02\/IMG_5845-1100x1100.jpeg",1100,1100,true],"mixtas-product-03":["https:\/\/madoskampas.lt\/wp-content\/uploads\/2026\/02\/IMG_5845-600x345.jpeg",600,345,true],"woocommerce_thumbnail":["https:\/\/madoskampas.lt\/wp-content\/uploads\/2026\/02\/IMG_5845-700x700.jpeg",700,700,true],"woocommerce_single":["https:\/\/madoskampas.lt\/wp-content\/uploads\/2026\/02\/IMG_5845-1000x1333.jpeg",1000,1333,true],"woocommerce_gallery_thumbnail":["https:\/\/madoskampas.lt\/wp-content\/uploads\/2026\/02\/IMG_5845-250x250.jpeg",250,250,true],"variation_swatches_image_size":["https:\/\/madoskampas.lt\/wp-content\/uploads\/2026\/02\/IMG_5845-50x50.jpeg",50,50,true],"variation_swatches_tooltip_size":["https:\/\/madoskampas.lt\/wp-content\/uploads\/2026\/02\/IMG_5845-100x100.jpeg",100,100,true]},"uagb_author_info":{"display_name":"algirdasbart","author_link":"https:\/\/madoskampas.lt\/en\/author\/"},"uagb_comment_info":0,"uagb_excerpt":"\u0160velni, elastinga ir dailiai priglundanti palaidin\u0117 ilgomis rankov\u0117mis, kuri taps nepakei\u010diamu kasdienio garderobo pagrindu. Minimalistinis dizainas leid\u017eia j\u0105 lengvai derinti tiek prie sijon\u0173, tiek prie kelni\u0173 ar vilk\u0117ti po \u0161varku \u2013 visada tvarkingai ir stilingai. Malonus k\u016bnui audinys nevar\u017eo judesi\u0173, gra\u017eiai priglunda ir suteikia komforto visai dienai. Ilgos rankov\u0117s suteikia daugiau jaukumo ir universalumo, tod\u0117l&hellip;","jetpack_sharing_enabled":true,"_links":{"self":[{"href":"https:\/\/madoskampas.lt\/en\/wp-json\/wp\/v2\/product\/27049","targetHints":{"allow":["GET"]}}],"collection":[{"href":"https:\/\/madoskampas.lt\/en\/wp-json\/wp\/v2\/product"}],"about":[{"href":"https:\/\/madoskampas.lt\/en\/wp-json\/wp\/v2\/types\/product"}],"replies":[{"embeddable":true,"href":"https:\/\/madoskampas.lt\/en\/wp-json\/wp\/v2\/comments?post=27049"}],"wp:featuredmedia":[{"embeddable":true,"href":"https:\/\/madoskampas.lt\/en\/wp-json\/wp\/v2\/media\/27829"}],"wp:attachment":[{"href":"https:\/\/madoskampas.lt\/en\/wp-json\/wp\/v2\/media?parent=27049"}],"wp:term":[{"taxonomy":"product_brand","embeddable":true,"href":"https:\/\/madoskampas.lt\/en\/wp-json\/wp\/v2\/product_brand?post=27049"},{"taxonomy":"product_cat","embeddable":true,"href":"https:\/\/madoskampas.lt\/en\/wp-json\/wp\/v2\/product_cat?post=27049"},{"taxonomy":"product_tag","embeddable":true,"href":"https:\/\/madoskampas.lt\/en\/wp-json\/wp\/v2\/product_tag?post=27049"}],"curies":[{"name":"wp","href":"https:\/\/api.w.org\/{rel}","templated":true}]}}