{"id":27432,"date":"2026-02-13T06:39:04","date_gmt":"2026-02-13T06:39:04","guid":{"rendered":"https:\/\/madoskampas.lt\/?post_type=product&#038;p=27432"},"modified":"2026-03-17T13:03:08","modified_gmt":"2026-03-17T13:03:08","slug":"soft-rib-viskozinis-megztukas","status":"publish","type":"product","link":"https:\/\/madoskampas.lt\/en\/product\/soft-rib-viskozinis-megztukas\/","title":{"rendered":"\u201eSoft Rib\u201c viskozinis megztukas"},"content":{"rendered":"<p data-start=\"247\" data-end=\"332\">Lengvas, priglundantis ir itin patogus \u2013 megztukas, kuris tampa kasdieniu favoritu \ud83e\udd0d<\/p>\n<p data-start=\"334\" data-end=\"574\">Mink\u0161tas viskozinis audinys \u0161velniai apgaubia k\u016bn\u0105, gra\u017eiai priglunda, ta\u010diau nevar\u017eo judesi\u0173. Ribo ra\u0161to tekst\u016bra suteikia subtilaus i\u0161skirtinumo, o auk\u0161tesnis kaklas ir dekoratyviniai kra\u0161teliai rankov\u0117se bei apa\u010dioje prideda moteri\u0161kumo.<\/p>","protected":false},"excerpt":{"rendered":"<p data-start=\"247\" data-end=\"332\">Lengvas, priglundantis ir itin patogus \u2013 megztukas, kuris tampa kasdieniu favoritu \ud83e\udd0d<\/p>\n<p data-start=\"334\" data-end=\"574\">Mink\u0161tas viskozinis audinys \u0161velniai apgaubia k\u016bn\u0105, gra\u017eiai priglunda, ta\u010diau nevar\u017eo judesi\u0173. Ribo ra\u0161to tekst\u016bra suteikia subtilaus i\u0161skirtinumo, o auk\u0161tesnis kaklas ir dekoratyviniai kra\u0161teliai rankov\u0117se bei apa\u010dioje prideda moteri\u0161kumo.<\/p>\n<p data-start=\"576\" data-end=\"644\">Puikiai tinka tiek vienas, tiek sluoksniuojant po \u0161varku ar liemene.<\/p>\n<p data-start=\"646\" data-end=\"807\"><strong data-start=\"646\" data-end=\"658\">Details:<\/strong><br data-start=\"658\" data-end=\"661\" \/>\u25ab\ufe0f Sud\u0117tis: viskoz\u0117<br data-start=\"680\" data-end=\"683\" \/>\u25ab\ufe0f Tamprus, priglundantis<br data-start=\"708\" data-end=\"711\" \/>\u25ab\ufe0f Ribo mezgimo tekst\u016bra<br data-start=\"735\" data-end=\"738\" \/>\u25ab\ufe0f Auk\u0161tesnis kaklas<br data-start=\"758\" data-end=\"761\" \/>\u25ab\ufe0f 3\/4 rankov\u0117s su dekoratyviniais kra\u0161teliais<\/p>\n<p data-start=\"809\" data-end=\"893\"><strong data-start=\"809\" data-end=\"819\">Size:<\/strong><br data-start=\"819\" data-end=\"822\" \/>Suitable from <strong data-start=\"832\" data-end=\"846\">XS iki M\/L<\/strong> (d\u0117l tamprumo gra\u017eiai prisitaiko prie fig\u016bros)<\/p>\n<p data-start=\"895\" data-end=\"961\">Lengvas megztukas, kuris dera prie visko \u2013 nuo sijono iki d\u017eins\u0173 \u2728<\/p>","protected":false},"featured_media":27489,"comment_status":"open","ping_status":"closed","template":"","meta":{"_uag_custom_page_level_css":"","_monsterinsights_skip_tracking":false,"_monsterinsights_sitenote_active":false,"_monsterinsights_sitenote_note":"","_monsterinsights_sitenote_category":0},"product_brand":[],"product_cat":[66,73,95],"product_tag":[],"class_list":{"0":"post-27432","1":"product","2":"type-product","3":"status-publish","4":"has-post-thumbnail","6":"product_cat-drabuziai","7":"product_cat-megztiniai","8":"product_cat-naujausi","9":"tm-has-options","11":"first","12":"instock","13":"shipping-taxable","14":"purchasable","15":"product-type-variable"},"yoast_head":"<!-- This site is optimized with the Yoast SEO plugin v27.3 - https:\/\/yoast.com\/product\/yoast-seo-wordpress\/ -->\n<title>\u201eSoft Rib\u201c viskozinis megztukas - MadosKampas.lt<\/title>\n<meta name=\"robots\" content=\"index, follow, max-snippet:-1, max-image-preview:large, max-video-preview:-1\" \/>\n<link rel=\"canonical\" href=\"https:\/\/madoskampas.lt\/en\/product\/soft-rib-viskozinis-megztukas\/\" \/>\n<meta property=\"og:locale\" content=\"en_US\" \/>\n<meta property=\"og:type\" content=\"article\" \/>\n<meta property=\"og:title\" content=\"\u201eSoft Rib\u201c viskozinis megztukas - MadosKampas.lt\" \/>\n<meta property=\"og:description\" content=\"Lengvas, priglundantis ir itin patogus \u2013 megztukas, kuris tampa kasdieniu favoritu \ud83e\udd0d Mink\u0161tas viskozinis audinys \u0161velniai apgaubia k\u016bn\u0105, gra\u017eiai priglunda, ta\u010diau nevar\u017eo judesi\u0173. Ribo ra\u0161to tekst\u016bra suteikia subtilaus i\u0161skirtinumo, o auk\u0161tesnis kaklas ir dekoratyviniai kra\u0161teliai rankov\u0117se bei apa\u010dioje prideda moteri\u0161kumo. Puikiai tinka tiek vienas, tiek sluoksniuojant po \u0161varku ar liemene. Detal\u0117s:\u25ab\ufe0f Sud\u0117tis: viskoz\u0117\u25ab\ufe0f Tamprus, priglundantis\u25ab\ufe0f Ribo mezgimo tekst\u016bra\u25ab\ufe0f Auk\u0161tesnis kaklas\u25ab\ufe0f 3\/4 rankov\u0117s su dekoratyviniais kra\u0161teliais Dydis:Tinka nuo XS iki M\/L (d\u0117l tamprumo gra\u017eiai prisitaiko prie fig\u016bros) Lengvas megztukas, kuris dera prie visko \u2013 nuo sijono iki d\u017eins\u0173 \u2728\" \/>\n<meta property=\"og:url\" content=\"https:\/\/madoskampas.lt\/en\/product\/soft-rib-viskozinis-megztukas\/\" \/>\n<meta property=\"og:site_name\" content=\"MadosKampas.lt\" \/>\n<meta property=\"article:modified_time\" content=\"2026-03-17T13:03:08+00:00\" \/>\n<meta property=\"og:image\" content=\"https:\/\/madoskampas.lt\/wp-content\/uploads\/2026\/02\/IMG_4900-1.jpeg\" \/>\n\t<meta property=\"og:image:width\" content=\"1536\" \/>\n\t<meta property=\"og:image:height\" content=\"2048\" \/>\n\t<meta property=\"og:image:type\" content=\"image\/jpeg\" \/>\n<meta name=\"twitter:card\" content=\"summary_large_image\" \/>\n<meta name=\"twitter:label1\" content=\"Est. reading time\" \/>\n\t<meta name=\"twitter:data1\" content=\"1 minute\" \/>\n<script type=\"application\/ld+json\" class=\"yoast-schema-graph\">{\"@context\":\"https:\\\/\\\/schema.org\",\"@graph\":[{\"@type\":\"WebPage\",\"@id\":\"https:\\\/\\\/madoskampas.lt\\\/produktas\\\/soft-rib-viskozinis-megztukas\\\/\",\"url\":\"https:\\\/\\\/madoskampas.lt\\\/produktas\\\/soft-rib-viskozinis-megztukas\\\/\",\"name\":\"\u201eSoft Rib\u201c viskozinis megztukas - MadosKampas.lt\",\"isPartOf\":{\"@id\":\"https:\\\/\\\/madoskampas.lt\\\/#website\"},\"primaryImageOfPage\":{\"@id\":\"https:\\\/\\\/madoskampas.lt\\\/produktas\\\/soft-rib-viskozinis-megztukas\\\/#primaryimage\"},\"image\":{\"@id\":\"https:\\\/\\\/madoskampas.lt\\\/produktas\\\/soft-rib-viskozinis-megztukas\\\/#primaryimage\"},\"thumbnailUrl\":\"https:\\\/\\\/madoskampas.lt\\\/wp-content\\\/uploads\\\/2026\\\/02\\\/IMG_4900-1.jpeg\",\"datePublished\":\"2026-02-13T06:39:04+00:00\",\"dateModified\":\"2026-03-17T13:03:08+00:00\",\"breadcrumb\":{\"@id\":\"https:\\\/\\\/madoskampas.lt\\\/produktas\\\/soft-rib-viskozinis-megztukas\\\/#breadcrumb\"},\"inLanguage\":\"en-US\",\"potentialAction\":[{\"@type\":\"ReadAction\",\"target\":[\"https:\\\/\\\/madoskampas.lt\\\/produktas\\\/soft-rib-viskozinis-megztukas\\\/\"]}]},{\"@type\":\"ImageObject\",\"inLanguage\":\"en-US\",\"@id\":\"https:\\\/\\\/madoskampas.lt\\\/produktas\\\/soft-rib-viskozinis-megztukas\\\/#primaryimage\",\"url\":\"https:\\\/\\\/madoskampas.lt\\\/wp-content\\\/uploads\\\/2026\\\/02\\\/IMG_4900-1.jpeg\",\"contentUrl\":\"https:\\\/\\\/madoskampas.lt\\\/wp-content\\\/uploads\\\/2026\\\/02\\\/IMG_4900-1.jpeg\",\"width\":1536,\"height\":2048},{\"@type\":\"BreadcrumbList\",\"@id\":\"https:\\\/\\\/madoskampas.lt\\\/produktas\\\/soft-rib-viskozinis-megztukas\\\/#breadcrumb\",\"itemListElement\":[{\"@type\":\"ListItem\",\"position\":1,\"name\":\"Home\",\"item\":\"https:\\\/\\\/madoskampas.lt\\\/\"},{\"@type\":\"ListItem\",\"position\":2,\"name\":\"Parduotuv\u0117\",\"item\":\"https:\\\/\\\/madoskampas.lt\\\/parduotuve-2\\\/\"},{\"@type\":\"ListItem\",\"position\":3,\"name\":\"\u201eSoft Rib\u201c viskozinis megztukas\"}]},{\"@type\":\"WebSite\",\"@id\":\"https:\\\/\\\/madoskampas.lt\\\/#website\",\"url\":\"https:\\\/\\\/madoskampas.lt\\\/\",\"name\":\"MadosKampas.lt\",\"description\":\"Stilingi drabu\u017eiai moterims\",\"potentialAction\":[{\"@type\":\"SearchAction\",\"target\":{\"@type\":\"EntryPoint\",\"urlTemplate\":\"https:\\\/\\\/madoskampas.lt\\\/?s={search_term_string}\"},\"query-input\":{\"@type\":\"PropertyValueSpecification\",\"valueRequired\":true,\"valueName\":\"search_term_string\"}}],\"inLanguage\":\"en-US\"}]}<\/script>\n<!-- \/ Yoast SEO plugin. -->","yoast_head_json":{"title":"\u201eSoft Rib\u201c viskozinis megztukas - MadosKampas.lt","robots":{"index":"index","follow":"follow","max-snippet":"max-snippet:-1","max-image-preview":"max-image-preview:large","max-video-preview":"max-video-preview:-1"},"canonical":"https:\/\/madoskampas.lt\/en\/product\/soft-rib-viskozinis-megztukas\/","og_locale":"en_US","og_type":"article","og_title":"\u201eSoft Rib\u201c viskozinis megztukas - MadosKampas.lt","og_description":"Lengvas, priglundantis ir itin patogus \u2013 megztukas, kuris tampa kasdieniu favoritu \ud83e\udd0d Mink\u0161tas viskozinis audinys \u0161velniai apgaubia k\u016bn\u0105, gra\u017eiai priglunda, ta\u010diau nevar\u017eo judesi\u0173. Ribo ra\u0161to tekst\u016bra suteikia subtilaus i\u0161skirtinumo, o auk\u0161tesnis kaklas ir dekoratyviniai kra\u0161teliai rankov\u0117se bei apa\u010dioje prideda moteri\u0161kumo. Puikiai tinka tiek vienas, tiek sluoksniuojant po \u0161varku ar liemene. Detal\u0117s:\u25ab\ufe0f Sud\u0117tis: viskoz\u0117\u25ab\ufe0f Tamprus, priglundantis\u25ab\ufe0f Ribo mezgimo tekst\u016bra\u25ab\ufe0f Auk\u0161tesnis kaklas\u25ab\ufe0f 3\/4 rankov\u0117s su dekoratyviniais kra\u0161teliais Dydis:Tinka nuo XS iki M\/L (d\u0117l tamprumo gra\u017eiai prisitaiko prie fig\u016bros) Lengvas megztukas, kuris dera prie visko \u2013 nuo sijono iki d\u017eins\u0173 \u2728","og_url":"https:\/\/madoskampas.lt\/en\/product\/soft-rib-viskozinis-megztukas\/","og_site_name":"MadosKampas.lt","article_modified_time":"2026-03-17T13:03:08+00:00","og_image":[{"width":1536,"height":2048,"url":"https:\/\/madoskampas.lt\/wp-content\/uploads\/2026\/02\/IMG_4900-1.jpeg","type":"image\/jpeg"}],"twitter_card":"summary_large_image","twitter_misc":{"Est. reading time":"1 minute"},"schema":{"@context":"https:\/\/schema.org","@graph":[{"@type":"WebPage","@id":"https:\/\/madoskampas.lt\/produktas\/soft-rib-viskozinis-megztukas\/","url":"https:\/\/madoskampas.lt\/produktas\/soft-rib-viskozinis-megztukas\/","name":"\u201eSoft Rib\u201c viskozinis megztukas - MadosKampas.lt","isPartOf":{"@id":"https:\/\/madoskampas.lt\/#website"},"primaryImageOfPage":{"@id":"https:\/\/madoskampas.lt\/produktas\/soft-rib-viskozinis-megztukas\/#primaryimage"},"image":{"@id":"https:\/\/madoskampas.lt\/produktas\/soft-rib-viskozinis-megztukas\/#primaryimage"},"thumbnailUrl":"https:\/\/madoskampas.lt\/wp-content\/uploads\/2026\/02\/IMG_4900-1.jpeg","datePublished":"2026-02-13T06:39:04+00:00","dateModified":"2026-03-17T13:03:08+00:00","breadcrumb":{"@id":"https:\/\/madoskampas.lt\/produktas\/soft-rib-viskozinis-megztukas\/#breadcrumb"},"inLanguage":"en-US","potentialAction":[{"@type":"ReadAction","target":["https:\/\/madoskampas.lt\/produktas\/soft-rib-viskozinis-megztukas\/"]}]},{"@type":"ImageObject","inLanguage":"en-US","@id":"https:\/\/madoskampas.lt\/produktas\/soft-rib-viskozinis-megztukas\/#primaryimage","url":"https:\/\/madoskampas.lt\/wp-content\/uploads\/2026\/02\/IMG_4900-1.jpeg","contentUrl":"https:\/\/madoskampas.lt\/wp-content\/uploads\/2026\/02\/IMG_4900-1.jpeg","width":1536,"height":2048},{"@type":"BreadcrumbList","@id":"https:\/\/madoskampas.lt\/produktas\/soft-rib-viskozinis-megztukas\/#breadcrumb","itemListElement":[{"@type":"ListItem","position":1,"name":"Home","item":"https:\/\/madoskampas.lt\/"},{"@type":"ListItem","position":2,"name":"Parduotuv\u0117","item":"https:\/\/madoskampas.lt\/parduotuve-2\/"},{"@type":"ListItem","position":3,"name":"\u201eSoft Rib\u201c viskozinis megztukas"}]},{"@type":"WebSite","@id":"https:\/\/madoskampas.lt\/#website","url":"https:\/\/madoskampas.lt\/","name":"FashionKampas.lt","description":"Stylish clothes for women","potentialAction":[{"@type":"SearchAction","target":{"@type":"EntryPoint","urlTemplate":"https:\/\/madoskampas.lt\/?s={search_term_string}"},"query-input":{"@type":"PropertyValueSpecification","valueRequired":true,"valueName":"search_term_string"}}],"inLanguage":"en-US"}]}},"uagb_featured_image_src":{"full":["https:\/\/madoskampas.lt\/wp-content\/uploads\/2026\/02\/IMG_4900-1.jpeg",1536,2048,false],"thumbnail":["https:\/\/madoskampas.lt\/wp-content\/uploads\/2026\/02\/IMG_4900-1-150x150.jpeg",150,150,true],"medium":["https:\/\/madoskampas.lt\/wp-content\/uploads\/2026\/02\/IMG_4900-1-225x300.jpeg",225,300,true],"medium_large":["https:\/\/madoskampas.lt\/wp-content\/uploads\/2026\/02\/IMG_4900-1-768x1024.jpeg",768,1024,true],"large":["https:\/\/madoskampas.lt\/wp-content\/uploads\/2026\/02\/IMG_4900-1-768x1024.jpeg",768,1024,true],"1536x1536":["https:\/\/madoskampas.lt\/wp-content\/uploads\/2026\/02\/IMG_4900-1-1152x1536.jpeg",1152,1536,true],"2048x2048":["https:\/\/madoskampas.lt\/wp-content\/uploads\/2026\/02\/IMG_4900-1.jpeg",1536,2048,false],"trp-custom-language-flag":["https:\/\/madoskampas.lt\/wp-content\/uploads\/2026\/02\/IMG_4900-1-9x12.jpeg",9,12,true],"nova-image-square":["https:\/\/madoskampas.lt\/wp-content\/uploads\/2026\/02\/IMG_4900-1-1100x1100.jpeg",1100,1100,true],"mixtas-product-03":["https:\/\/madoskampas.lt\/wp-content\/uploads\/2026\/02\/IMG_4900-1-600x345.jpeg",600,345,true],"woocommerce_thumbnail":["https:\/\/madoskampas.lt\/wp-content\/uploads\/2026\/02\/IMG_4900-1-700x700.jpeg",700,700,true],"woocommerce_single":["https:\/\/madoskampas.lt\/wp-content\/uploads\/2026\/02\/IMG_4900-1-1000x1333.jpeg",1000,1333,true],"woocommerce_gallery_thumbnail":["https:\/\/madoskampas.lt\/wp-content\/uploads\/2026\/02\/IMG_4900-1-250x250.jpeg",250,250,true],"variation_swatches_image_size":["https:\/\/madoskampas.lt\/wp-content\/uploads\/2026\/02\/IMG_4900-1-50x50.jpeg",50,50,true],"variation_swatches_tooltip_size":["https:\/\/madoskampas.lt\/wp-content\/uploads\/2026\/02\/IMG_4900-1-100x100.jpeg",100,100,true]},"uagb_author_info":{"display_name":"algirdasbart","author_link":"https:\/\/madoskampas.lt\/en\/author\/"},"uagb_comment_info":0,"uagb_excerpt":"Lengvas, priglundantis ir itin patogus \u2013 megztukas, kuris tampa kasdieniu favoritu \ud83e\udd0d Mink\u0161tas viskozinis audinys \u0161velniai apgaubia k\u016bn\u0105, gra\u017eiai priglunda, ta\u010diau nevar\u017eo judesi\u0173. Ribo ra\u0161to tekst\u016bra suteikia subtilaus i\u0161skirtinumo, o auk\u0161tesnis kaklas ir dekoratyviniai kra\u0161teliai rankov\u0117se bei apa\u010dioje prideda moteri\u0161kumo. Puikiai tinka tiek vienas, tiek sluoksniuojant po \u0161varku ar liemene. Detal\u0117s:\u25ab\ufe0f Sud\u0117tis: viskoz\u0117\u25ab\ufe0f Tamprus, priglundantis\u25ab\ufe0f&hellip;","jetpack_sharing_enabled":true,"_links":{"self":[{"href":"https:\/\/madoskampas.lt\/en\/wp-json\/wp\/v2\/product\/27432","targetHints":{"allow":["GET"]}}],"collection":[{"href":"https:\/\/madoskampas.lt\/en\/wp-json\/wp\/v2\/product"}],"about":[{"href":"https:\/\/madoskampas.lt\/en\/wp-json\/wp\/v2\/types\/product"}],"replies":[{"embeddable":true,"href":"https:\/\/madoskampas.lt\/en\/wp-json\/wp\/v2\/comments?post=27432"}],"wp:featuredmedia":[{"embeddable":true,"href":"https:\/\/madoskampas.lt\/en\/wp-json\/wp\/v2\/media\/27489"}],"wp:attachment":[{"href":"https:\/\/madoskampas.lt\/en\/wp-json\/wp\/v2\/media?parent=27432"}],"wp:term":[{"taxonomy":"product_brand","embeddable":true,"href":"https:\/\/madoskampas.lt\/en\/wp-json\/wp\/v2\/product_brand?post=27432"},{"taxonomy":"product_cat","embeddable":true,"href":"https:\/\/madoskampas.lt\/en\/wp-json\/wp\/v2\/product_cat?post=27432"},{"taxonomy":"product_tag","embeddable":true,"href":"https:\/\/madoskampas.lt\/en\/wp-json\/wp\/v2\/product_tag?post=27432"}],"curies":[{"name":"wp","href":"https:\/\/api.w.org\/{rel}","templated":true}]}}