{"id":27620,"date":"2026-02-14T18:18:18","date_gmt":"2026-02-14T18:18:18","guid":{"rendered":"https:\/\/madoskampas.lt\/?post_type=product&#038;p=27620"},"modified":"2026-04-19T18:48:46","modified_gmt":"2026-04-19T18:48:46","slug":"soft-elegance-rankine","status":"publish","type":"product","link":"https:\/\/madoskampas.lt\/en\/product\/soft-elegance-rankine\/","title":{"rendered":"\u201eSoft Elegance\u201c rankin\u0117"},"content":{"rendered":"<p>\u201eSoft Elegance\u201c rankin\u0117 \u2013 tai klasikinio silueto modelis, kuriame susijungia prakti\u0161kumas ir moteri\u0161kas rafinuotumas. \u0160velnios tekst\u016bros eko oda suteikia prabangos poj\u016bt\u012f, o minimalistinis dizainas leid\u017eia lengvai priderinti tiek prie kasdieni\u0173, tiek prie puo\u0161nesni\u0173 derini\u0173 \u2728<\/p>","protected":false},"excerpt":{"rendered":"<p data-start=\"220\" data-end=\"266\">Subtili elegancija, kuri dera prie visko\u2026 \ud83e\udd0d<\/p>\n<p data-start=\"268\" data-end=\"546\">\u201eSoft Elegance\u201c rankin\u0117 \u2013 tai klasikinio silueto modelis, kuriame susijungia prakti\u0161kumas ir moteri\u0161kas rafinuotumas. \u0160velnios tekst\u016bros eko oda suteikia prabangos poj\u016bt\u012f, o minimalistinis dizainas leid\u017eia lengvai priderinti tiek prie kasdieni\u0173, tiek prie puo\u0161nesni\u0173 derini\u0173 \u2728<\/p>\n<p data-start=\"548\" data-end=\"675\">Rankin\u0117 turi patogi\u0105 trump\u0105 ranken\u0105 bei ilg\u0105 reguliuojam\u0105 dir\u017eel\u012f, tod\u0117l j\u0105 gal\u0117site ne\u0161ioti tiek rankoje, tiek ant peties \ud83c\udf3f<\/p>\n<p data-start=\"677\" data-end=\"763\">Viduje \u2013 du atskiri skyreliai, pad\u0117siantys tvarkingai susid\u0117ti svarbiausius daiktus.<\/p>","protected":false},"featured_media":27682,"comment_status":"open","ping_status":"closed","template":"","meta":{"_uag_custom_page_level_css":"","_monsterinsights_skip_tracking":false,"_monsterinsights_sitenote_active":false,"_monsterinsights_sitenote_note":"","_monsterinsights_sitenote_category":0},"product_brand":[],"product_cat":[189,95,190],"product_tag":[],"class_list":{"0":"post-27620","1":"product","2":"type-product","3":"status-publish","4":"has-post-thumbnail","6":"product_cat-aksesuarai","7":"product_cat-naujausi","8":"product_cat-rankines","9":"tm-has-options","11":"first","12":"instock","13":"sale","14":"shipping-taxable","15":"purchasable","16":"product-type-variable"},"yoast_head":"<!-- This site is optimized with the Yoast SEO plugin v27.6 - https:\/\/yoast.com\/product\/yoast-seo-wordpress\/ -->\n<title>\u201eSoft Elegance\u201c rankin\u0117 - MadosKampas.lt<\/title>\n<meta name=\"robots\" content=\"index, follow, max-snippet:-1, max-image-preview:large, max-video-preview:-1\" \/>\n<link rel=\"canonical\" href=\"https:\/\/madoskampas.lt\/en\/product\/soft-elegance-rankine\/\" \/>\n<meta property=\"og:locale\" content=\"en_US\" \/>\n<meta property=\"og:type\" content=\"article\" \/>\n<meta property=\"og:title\" content=\"\u201eSoft Elegance\u201c rankin\u0117 - MadosKampas.lt\" \/>\n<meta property=\"og:description\" content=\"Subtili elegancija, kuri dera prie visko\u2026 \ud83e\udd0d \u201eSoft Elegance\u201c rankin\u0117 \u2013 tai klasikinio silueto modelis, kuriame susijungia prakti\u0161kumas ir moteri\u0161kas rafinuotumas. \u0160velnios tekst\u016bros eko oda suteikia prabangos poj\u016bt\u012f, o minimalistinis dizainas leid\u017eia lengvai priderinti tiek prie kasdieni\u0173, tiek prie puo\u0161nesni\u0173 derini\u0173 \u2728 Rankin\u0117 turi patogi\u0105 trump\u0105 ranken\u0105 bei ilg\u0105 reguliuojam\u0105 dir\u017eel\u012f, tod\u0117l j\u0105 gal\u0117site ne\u0161ioti tiek rankoje, tiek ant peties \ud83c\udf3f Viduje \u2013 du atskiri skyreliai, pad\u0117siantys tvarkingai susid\u0117ti svarbiausius daiktus.\" \/>\n<meta property=\"og:url\" content=\"https:\/\/madoskampas.lt\/en\/product\/soft-elegance-rankine\/\" \/>\n<meta property=\"og:site_name\" content=\"MadosKampas.lt\" \/>\n<meta property=\"article:modified_time\" content=\"2026-04-19T18:48:46+00:00\" \/>\n<meta property=\"og:image\" content=\"https:\/\/madoskampas.lt\/wp-content\/uploads\/2026\/02\/img_5154-scaled.jpeg\" \/>\n\t<meta property=\"og:image:width\" content=\"1920\" \/>\n\t<meta property=\"og:image:height\" content=\"2560\" \/>\n\t<meta property=\"og:image:type\" content=\"image\/jpeg\" \/>\n<meta name=\"twitter:card\" content=\"summary_large_image\" \/>\n<meta name=\"twitter:label1\" content=\"Est. reading time\" \/>\n\t<meta name=\"twitter:data1\" content=\"1 minute\" \/>\n<script type=\"application\/ld+json\" class=\"yoast-schema-graph\">{\"@context\":\"https:\\\/\\\/schema.org\",\"@graph\":[{\"@type\":\"WebPage\",\"@id\":\"https:\\\/\\\/madoskampas.lt\\\/produktas\\\/soft-elegance-rankine\\\/\",\"url\":\"https:\\\/\\\/madoskampas.lt\\\/produktas\\\/soft-elegance-rankine\\\/\",\"name\":\"\u201eSoft Elegance\u201c rankin\u0117 - MadosKampas.lt\",\"isPartOf\":{\"@id\":\"https:\\\/\\\/madoskampas.lt\\\/#website\"},\"primaryImageOfPage\":{\"@id\":\"https:\\\/\\\/madoskampas.lt\\\/produktas\\\/soft-elegance-rankine\\\/#primaryimage\"},\"image\":{\"@id\":\"https:\\\/\\\/madoskampas.lt\\\/produktas\\\/soft-elegance-rankine\\\/#primaryimage\"},\"thumbnailUrl\":\"https:\\\/\\\/madoskampas.lt\\\/wp-content\\\/uploads\\\/2026\\\/02\\\/img_5154-scaled.jpeg\",\"datePublished\":\"2026-02-14T18:18:18+00:00\",\"dateModified\":\"2026-04-19T18:48:46+00:00\",\"breadcrumb\":{\"@id\":\"https:\\\/\\\/madoskampas.lt\\\/produktas\\\/soft-elegance-rankine\\\/#breadcrumb\"},\"inLanguage\":\"en-US\",\"potentialAction\":[{\"@type\":\"ReadAction\",\"target\":[\"https:\\\/\\\/madoskampas.lt\\\/produktas\\\/soft-elegance-rankine\\\/\"]}]},{\"@type\":\"ImageObject\",\"inLanguage\":\"en-US\",\"@id\":\"https:\\\/\\\/madoskampas.lt\\\/produktas\\\/soft-elegance-rankine\\\/#primaryimage\",\"url\":\"https:\\\/\\\/madoskampas.lt\\\/wp-content\\\/uploads\\\/2026\\\/02\\\/img_5154-scaled.jpeg\",\"contentUrl\":\"https:\\\/\\\/madoskampas.lt\\\/wp-content\\\/uploads\\\/2026\\\/02\\\/img_5154-scaled.jpeg\",\"width\":1920,\"height\":2560},{\"@type\":\"BreadcrumbList\",\"@id\":\"https:\\\/\\\/madoskampas.lt\\\/produktas\\\/soft-elegance-rankine\\\/#breadcrumb\",\"itemListElement\":[{\"@type\":\"ListItem\",\"position\":1,\"name\":\"Home\",\"item\":\"https:\\\/\\\/madoskampas.lt\\\/\"},{\"@type\":\"ListItem\",\"position\":2,\"name\":\"Parduotuv\u0117\",\"item\":\"https:\\\/\\\/madoskampas.lt\\\/parduotuve-2\\\/\"},{\"@type\":\"ListItem\",\"position\":3,\"name\":\"\u201eSoft Elegance\u201c rankin\u0117\"}]},{\"@type\":\"WebSite\",\"@id\":\"https:\\\/\\\/madoskampas.lt\\\/#website\",\"url\":\"https:\\\/\\\/madoskampas.lt\\\/\",\"name\":\"MadosKampas.lt\",\"description\":\"Stilingi drabu\u017eiai moterims\",\"potentialAction\":[{\"@type\":\"SearchAction\",\"target\":{\"@type\":\"EntryPoint\",\"urlTemplate\":\"https:\\\/\\\/madoskampas.lt\\\/?s={search_term_string}\"},\"query-input\":{\"@type\":\"PropertyValueSpecification\",\"valueRequired\":true,\"valueName\":\"search_term_string\"}}],\"inLanguage\":\"en-US\"}]}<\/script>\n<!-- \/ Yoast SEO plugin. -->","yoast_head_json":{"title":"\u201eSoft Elegance\u201c rankin\u0117 - MadosKampas.lt","robots":{"index":"index","follow":"follow","max-snippet":"max-snippet:-1","max-image-preview":"max-image-preview:large","max-video-preview":"max-video-preview:-1"},"canonical":"https:\/\/madoskampas.lt\/en\/product\/soft-elegance-rankine\/","og_locale":"en_US","og_type":"article","og_title":"\u201eSoft Elegance\u201c rankin\u0117 - MadosKampas.lt","og_description":"Subtili elegancija, kuri dera prie visko\u2026 \ud83e\udd0d \u201eSoft Elegance\u201c rankin\u0117 \u2013 tai klasikinio silueto modelis, kuriame susijungia prakti\u0161kumas ir moteri\u0161kas rafinuotumas. \u0160velnios tekst\u016bros eko oda suteikia prabangos poj\u016bt\u012f, o minimalistinis dizainas leid\u017eia lengvai priderinti tiek prie kasdieni\u0173, tiek prie puo\u0161nesni\u0173 derini\u0173 \u2728 Rankin\u0117 turi patogi\u0105 trump\u0105 ranken\u0105 bei ilg\u0105 reguliuojam\u0105 dir\u017eel\u012f, tod\u0117l j\u0105 gal\u0117site ne\u0161ioti tiek rankoje, tiek ant peties \ud83c\udf3f Viduje \u2013 du atskiri skyreliai, pad\u0117siantys tvarkingai susid\u0117ti svarbiausius daiktus.","og_url":"https:\/\/madoskampas.lt\/en\/product\/soft-elegance-rankine\/","og_site_name":"MadosKampas.lt","article_modified_time":"2026-04-19T18:48:46+00:00","og_image":[{"width":1920,"height":2560,"url":"https:\/\/madoskampas.lt\/wp-content\/uploads\/2026\/02\/img_5154-scaled.jpeg","type":"image\/jpeg"}],"twitter_card":"summary_large_image","twitter_misc":{"Est. reading time":"1 minute"},"schema":{"@context":"https:\/\/schema.org","@graph":[{"@type":"WebPage","@id":"https:\/\/madoskampas.lt\/produktas\/soft-elegance-rankine\/","url":"https:\/\/madoskampas.lt\/produktas\/soft-elegance-rankine\/","name":"\u201eSoft Elegance\u201c rankin\u0117 - MadosKampas.lt","isPartOf":{"@id":"https:\/\/madoskampas.lt\/#website"},"primaryImageOfPage":{"@id":"https:\/\/madoskampas.lt\/produktas\/soft-elegance-rankine\/#primaryimage"},"image":{"@id":"https:\/\/madoskampas.lt\/produktas\/soft-elegance-rankine\/#primaryimage"},"thumbnailUrl":"https:\/\/madoskampas.lt\/wp-content\/uploads\/2026\/02\/img_5154-scaled.jpeg","datePublished":"2026-02-14T18:18:18+00:00","dateModified":"2026-04-19T18:48:46+00:00","breadcrumb":{"@id":"https:\/\/madoskampas.lt\/produktas\/soft-elegance-rankine\/#breadcrumb"},"inLanguage":"en-US","potentialAction":[{"@type":"ReadAction","target":["https:\/\/madoskampas.lt\/produktas\/soft-elegance-rankine\/"]}]},{"@type":"ImageObject","inLanguage":"en-US","@id":"https:\/\/madoskampas.lt\/produktas\/soft-elegance-rankine\/#primaryimage","url":"https:\/\/madoskampas.lt\/wp-content\/uploads\/2026\/02\/img_5154-scaled.jpeg","contentUrl":"https:\/\/madoskampas.lt\/wp-content\/uploads\/2026\/02\/img_5154-scaled.jpeg","width":1920,"height":2560},{"@type":"BreadcrumbList","@id":"https:\/\/madoskampas.lt\/produktas\/soft-elegance-rankine\/#breadcrumb","itemListElement":[{"@type":"ListItem","position":1,"name":"Home","item":"https:\/\/madoskampas.lt\/"},{"@type":"ListItem","position":2,"name":"Parduotuv\u0117","item":"https:\/\/madoskampas.lt\/parduotuve-2\/"},{"@type":"ListItem","position":3,"name":"\u201eSoft Elegance\u201c rankin\u0117"}]},{"@type":"WebSite","@id":"https:\/\/madoskampas.lt\/#website","url":"https:\/\/madoskampas.lt\/","name":"FashionKampas.lt","description":"Stylish clothes for women","potentialAction":[{"@type":"SearchAction","target":{"@type":"EntryPoint","urlTemplate":"https:\/\/madoskampas.lt\/?s={search_term_string}"},"query-input":{"@type":"PropertyValueSpecification","valueRequired":true,"valueName":"search_term_string"}}],"inLanguage":"en-US"}]}},"uagb_featured_image_src":{"full":["https:\/\/madoskampas.lt\/wp-content\/uploads\/2026\/02\/img_5154-scaled.jpeg",1920,2560,false],"thumbnail":["https:\/\/madoskampas.lt\/wp-content\/uploads\/2026\/02\/img_5154-150x150.jpeg",150,150,true],"medium":["https:\/\/madoskampas.lt\/wp-content\/uploads\/2026\/02\/img_5154-225x300.jpeg",225,300,true],"medium_large":["https:\/\/madoskampas.lt\/wp-content\/uploads\/2026\/02\/img_5154-768x1024.jpeg",768,1024,true],"large":["https:\/\/madoskampas.lt\/wp-content\/uploads\/2026\/02\/img_5154-768x1024.jpeg",768,1024,true],"1536x1536":["https:\/\/madoskampas.lt\/wp-content\/uploads\/2026\/02\/img_5154-1152x1536.jpeg",1152,1536,true],"2048x2048":["https:\/\/madoskampas.lt\/wp-content\/uploads\/2026\/02\/img_5154-1536x2048.jpeg",1536,2048,true],"trp-custom-language-flag":["https:\/\/madoskampas.lt\/wp-content\/uploads\/2026\/02\/img_5154-9x12.jpeg",9,12,true],"nova-image-square":["https:\/\/madoskampas.lt\/wp-content\/uploads\/2026\/02\/img_5154-1100x1100.jpeg",1100,1100,true],"mixtas-product-03":["https:\/\/madoskampas.lt\/wp-content\/uploads\/2026\/02\/img_5154-600x345.jpeg",600,345,true],"woocommerce_thumbnail":["https:\/\/madoskampas.lt\/wp-content\/uploads\/2026\/02\/img_5154-700x700.jpeg",700,700,true],"woocommerce_single":["https:\/\/madoskampas.lt\/wp-content\/uploads\/2026\/02\/img_5154-1000x1333.jpeg",1000,1333,true],"woocommerce_gallery_thumbnail":["https:\/\/madoskampas.lt\/wp-content\/uploads\/2026\/02\/img_5154-250x250.jpeg",250,250,true],"variation_swatches_image_size":["https:\/\/madoskampas.lt\/wp-content\/uploads\/2026\/02\/img_5154-50x50.jpeg",50,50,true],"variation_swatches_tooltip_size":["https:\/\/madoskampas.lt\/wp-content\/uploads\/2026\/02\/img_5154-100x100.jpeg",100,100,true]},"uagb_author_info":{"display_name":"algirdasbart","author_link":"https:\/\/madoskampas.lt\/en\/author\/"},"uagb_comment_info":0,"uagb_excerpt":"Subtili elegancija, kuri dera prie visko\u2026 \ud83e\udd0d \u201eSoft Elegance\u201c rankin\u0117 \u2013 tai klasikinio silueto modelis, kuriame susijungia prakti\u0161kumas ir moteri\u0161kas rafinuotumas. \u0160velnios tekst\u016bros eko oda suteikia prabangos poj\u016bt\u012f, o minimalistinis dizainas leid\u017eia lengvai priderinti tiek prie kasdieni\u0173, tiek prie puo\u0161nesni\u0173 derini\u0173 \u2728 Rankin\u0117 turi patogi\u0105 trump\u0105 ranken\u0105 bei ilg\u0105 reguliuojam\u0105 dir\u017eel\u012f, tod\u0117l j\u0105 gal\u0117site ne\u0161ioti&hellip;","jetpack_sharing_enabled":true,"_links":{"self":[{"href":"https:\/\/madoskampas.lt\/en\/wp-json\/wp\/v2\/product\/27620","targetHints":{"allow":["GET"]}}],"collection":[{"href":"https:\/\/madoskampas.lt\/en\/wp-json\/wp\/v2\/product"}],"about":[{"href":"https:\/\/madoskampas.lt\/en\/wp-json\/wp\/v2\/types\/product"}],"replies":[{"embeddable":true,"href":"https:\/\/madoskampas.lt\/en\/wp-json\/wp\/v2\/comments?post=27620"}],"wp:featuredmedia":[{"embeddable":true,"href":"https:\/\/madoskampas.lt\/en\/wp-json\/wp\/v2\/media\/27682"}],"wp:attachment":[{"href":"https:\/\/madoskampas.lt\/en\/wp-json\/wp\/v2\/media?parent=27620"}],"wp:term":[{"taxonomy":"product_brand","embeddable":true,"href":"https:\/\/madoskampas.lt\/en\/wp-json\/wp\/v2\/product_brand?post=27620"},{"taxonomy":"product_cat","embeddable":true,"href":"https:\/\/madoskampas.lt\/en\/wp-json\/wp\/v2\/product_cat?post=27620"},{"taxonomy":"product_tag","embeddable":true,"href":"https:\/\/madoskampas.lt\/en\/wp-json\/wp\/v2\/product_tag?post=27620"}],"curies":[{"name":"wp","href":"https:\/\/api.w.org\/{rel}","templated":true}]}}