{"id":29684,"date":"2026-03-18T12:57:59","date_gmt":"2026-03-18T12:57:59","guid":{"rendered":"https:\/\/madoskampas.lt\/?post_type=product&#038;p=29684"},"modified":"2026-05-06T17:41:02","modified_gmt":"2026-05-06T17:41:02","slug":"urban-layer-liemene","status":"publish","type":"product","link":"https:\/\/madoskampas.lt\/en\/product\/urban-layer-liemene\/","title":{"rendered":"\u201eUrban Layer\u201c liemen\u0117"},"content":{"rendered":"<p>Stiliaus detal\u0117, kuri pakei\u010dia vis\u0105 \u012fvaizd\u012f \u2728<br data-start=\"106\" data-end=\"109\" \/><strong data-start=\"109\" data-end=\"134\">\u201eUrban Layer\u201c liemen\u0117<\/strong> \u2013 modernus ir itin stilingas pasirinkimas, kuris lengvai papildo tiek kasdienius, tiek eleganti\u0161kesnius derinius.<\/p>","protected":false},"excerpt":{"rendered":"<p data-start=\"61\" data-end=\"248\">Stiliaus detal\u0117, kuri pakei\u010dia vis\u0105 \u012fvaizd\u012f \u2728<br data-start=\"106\" data-end=\"109\" \/><strong data-start=\"109\" data-end=\"134\">\u201eUrban Layer\u201c liemen\u0117<\/strong> \u2013 modernus ir itin stilingas pasirinkimas, kuris lengvai papildo tiek kasdienius, tiek eleganti\u0161kesnius derinius.<\/p>\n<p data-start=\"250\" data-end=\"485\">Laisvesnio silueto modelis gra\u017eiai krenta, nevar\u017eo judesi\u0173 ir leid\u017eia kurti sluoksniuot\u0105, \u0161iuolaiki\u0161k\u0105 \u012fvaizd\u012f. V formos i\u0161kirpt\u0117 subtiliai pabr\u0117\u017eia kaklo linij\u0105, o dekoratyvin\u0117s si\u016bl\u0117s ir ki\u0161en\u0117s suteikia i\u0161skirtinumo bei charakterio.<\/p>\n<p data-start=\"487\" data-end=\"619\">Puikiai dera:<br \/>\n\u2013 su mar\u0161kin\u0117liais ar palaidin\u0117mis<br data-start=\"535\" data-end=\"538\" \/>\u2013 su mar\u0161kiniais klasikinam \u012fvaizd\u017eiui<br data-start=\"576\" data-end=\"579\" \/>\u2013 su d\u017einsais ar klasikin\u0117mis keln\u0117mis<\/p>\n<p data-start=\"621\" data-end=\"720\">Tai tas drabu\u017eis, kur\u012f apsivilkus atrodo, kad viskas apgalvota\u2026 net jei pasirinkai per 2 minutes \ud83d\ude09<\/p>\n<div class=\"relative basis-auto flex-col -mb-(--composer-overlap-px) [--composer-overlap-px:28px] grow flex\">\n<div class=\"flex flex-col text-sm pb-25\">\n<article class=\"text-token-text-primary w-full focus:outline-none [--shadow-height:45px] has-data-writing-block:pointer-events-none has-data-writing-block:-mt-(--shadow-height) has-data-writing-block:pt-(--shadow-height) [&amp;:has([data-writing-block])&gt;*]:pointer-events-auto scroll-mt-[calc(var(--header-height)+min(200px,max(70px,20svh)))]\" dir=\"auto\" tabindex=\"-1\" data-turn-id=\"request-69a938ce-426c-8397-9a29-bc65235fcc49-56\" data-testid=\"conversation-turn-206\" data-scroll-anchor=\"true\" data-turn=\"assistant\">\n<div class=\"text-base my-auto mx-auto pb-10 [--thread-content-margin:var(--thread-content-margin-xs,calc(var(--spacing)*4))] @w-sm\/main:[--thread-content-margin:var(--thread-content-margin-sm,calc(var(--spacing)*6))] @w-lg\/main:[--thread-content-margin:var(--thread-content-margin-lg,calc(var(--spacing)*16))] px-(--thread-content-margin)\">\n<div class=\"[--thread-content-max-width:40rem] @w-lg\/main:[--thread-content-max-width:48rem] mx-auto max-w-(--thread-content-max-width) flex-1 group\/turn-messages focus-visible:outline-hidden relative flex w-full min-w-0 flex-col agent-turn\" tabindex=\"-1\">\n<div class=\"flex max-w-full flex-col gap-4 grow\">\n<div class=\"min-h-8 text-message relative flex w-full flex-col items-end gap-2 text-start break-words whitespace-normal [.text-message+&amp;]:mt-1\" dir=\"auto\" data-message-author-role=\"assistant\" data-message-id=\"389c9baf-0443-40e2-b902-d8b8c2e5f3b1\" data-message-model-slug=\"gpt-5-3\">\n<div class=\"flex w-full flex-col gap-1 empty:hidden\">\n<div class=\"markdown prose dark:prose-invert w-full wrap-break-word light markdown-new-styling\">\n<p data-start=\"846\" data-end=\"880\" data-is-last-node=\"\" data-is-only-node=\"\">95 % poliesteris<br data-start=\"862\" data-end=\"865\" \/>5 % elastanas \u2728<\/p>\n<\/div>\n<\/div>\n<\/div>\n<\/div>\n<div class=\"z-0 flex min-h-[46px] justify-start\">\n<p data-start=\"732\" data-end=\"756\">Tinka nuo <strong data-start=\"742\" data-end=\"756\">S\/M iki XL<\/strong><\/p>\n<p data-start=\"781\" data-end=\"825\">Ilgis \u2013 <strong data-start=\"789\" data-end=\"798\">64 cm<\/strong><br data-start=\"798\" data-end=\"801\" \/>Per pa\u017eastis \u2013 <strong data-start=\"816\" data-end=\"825\">53 cm<\/strong><\/p>\n<\/div>\n<\/div>\n<\/div>\n<\/article>\n<\/div>\n<\/div>\n","protected":false},"featured_media":29706,"comment_status":"open","ping_status":"closed","template":"","meta":{"_uag_custom_page_level_css":"","_monsterinsights_skip_tracking":false,"_monsterinsights_sitenote_active":false,"_monsterinsights_sitenote_note":"","_monsterinsights_sitenote_category":0},"product_brand":[],"product_cat":[66,71,95],"product_tag":[],"class_list":{"0":"post-29684","1":"product","2":"type-product","3":"status-publish","4":"has-post-thumbnail","6":"product_cat-drabuziai","7":"product_cat-liemenes","8":"product_cat-naujausi","9":"tm-has-options","11":"first","12":"instock","13":"sale","14":"shipping-taxable","15":"purchasable","16":"product-type-variable"},"yoast_head":"<!-- This site is optimized with the Yoast SEO plugin v27.6 - https:\/\/yoast.com\/product\/yoast-seo-wordpress\/ -->\n<title>\u201eUrban Layer\u201c liemen\u0117 - MadosKampas.lt<\/title>\n<meta name=\"robots\" content=\"index, follow, max-snippet:-1, max-image-preview:large, max-video-preview:-1\" \/>\n<link rel=\"canonical\" href=\"https:\/\/madoskampas.lt\/en\/product\/urban-layer-liemene\/\" \/>\n<meta property=\"og:locale\" content=\"en_US\" \/>\n<meta property=\"og:type\" content=\"article\" \/>\n<meta property=\"og:title\" content=\"\u201eUrban Layer\u201c liemen\u0117 - MadosKampas.lt\" \/>\n<meta property=\"og:description\" content=\"Stiliaus detal\u0117, kuri pakei\u010dia vis\u0105 \u012fvaizd\u012f \u2728\u201eUrban Layer\u201c liemen\u0117 \u2013 modernus ir itin stilingas pasirinkimas, kuris lengvai papildo tiek kasdienius, tiek eleganti\u0161kesnius derinius. Laisvesnio silueto modelis gra\u017eiai krenta, nevar\u017eo judesi\u0173 ir leid\u017eia kurti sluoksniuot\u0105, \u0161iuolaiki\u0161k\u0105 \u012fvaizd\u012f. V formos i\u0161kirpt\u0117 subtiliai pabr\u0117\u017eia kaklo linij\u0105, o dekoratyvin\u0117s si\u016bl\u0117s ir ki\u0161en\u0117s suteikia i\u0161skirtinumo bei charakterio. Puikiai dera: \u2013 su mar\u0161kin\u0117liais ar palaidin\u0117mis\u2013 su mar\u0161kiniais klasikinam \u012fvaizd\u017eiui\u2013 su d\u017einsais ar klasikin\u0117mis keln\u0117mis Tai tas drabu\u017eis, kur\u012f apsivilkus atrodo, kad viskas apgalvota\u2026 net jei pasirinkai per 2 minutes \ud83d\ude09          95 % poliesteris5 % elastanas \u2728       Tinka nuo S\/M iki XL Ilgis \u2013 64 cmPer pa\u017eastis \u2013 53 cm\" \/>\n<meta property=\"og:url\" content=\"https:\/\/madoskampas.lt\/en\/product\/urban-layer-liemene\/\" \/>\n<meta property=\"og:site_name\" content=\"MadosKampas.lt\" \/>\n<meta property=\"article:modified_time\" content=\"2026-05-06T17:41:02+00:00\" \/>\n<meta property=\"og:image\" content=\"https:\/\/madoskampas.lt\/wp-content\/uploads\/2026\/03\/IMG_0778-scaled.jpeg\" \/>\n\t<meta property=\"og:image:width\" content=\"1920\" \/>\n\t<meta property=\"og:image:height\" content=\"2560\" \/>\n\t<meta property=\"og:image:type\" content=\"image\/jpeg\" \/>\n<meta name=\"twitter:card\" content=\"summary_large_image\" \/>\n<meta name=\"twitter:label1\" content=\"Est. reading time\" \/>\n\t<meta name=\"twitter:data1\" content=\"1 minute\" \/>\n<script type=\"application\/ld+json\" class=\"yoast-schema-graph\">{\"@context\":\"https:\\\/\\\/schema.org\",\"@graph\":[{\"@type\":\"WebPage\",\"@id\":\"https:\\\/\\\/madoskampas.lt\\\/produktas\\\/urban-layer-liemene\\\/\",\"url\":\"https:\\\/\\\/madoskampas.lt\\\/produktas\\\/urban-layer-liemene\\\/\",\"name\":\"\u201eUrban Layer\u201c liemen\u0117 - MadosKampas.lt\",\"isPartOf\":{\"@id\":\"https:\\\/\\\/madoskampas.lt\\\/#website\"},\"primaryImageOfPage\":{\"@id\":\"https:\\\/\\\/madoskampas.lt\\\/produktas\\\/urban-layer-liemene\\\/#primaryimage\"},\"image\":{\"@id\":\"https:\\\/\\\/madoskampas.lt\\\/produktas\\\/urban-layer-liemene\\\/#primaryimage\"},\"thumbnailUrl\":\"https:\\\/\\\/madoskampas.lt\\\/wp-content\\\/uploads\\\/2026\\\/03\\\/IMG_0778-scaled.jpeg\",\"datePublished\":\"2026-03-18T12:57:59+00:00\",\"dateModified\":\"2026-05-06T17:41:02+00:00\",\"breadcrumb\":{\"@id\":\"https:\\\/\\\/madoskampas.lt\\\/produktas\\\/urban-layer-liemene\\\/#breadcrumb\"},\"inLanguage\":\"en-US\",\"potentialAction\":[{\"@type\":\"ReadAction\",\"target\":[\"https:\\\/\\\/madoskampas.lt\\\/produktas\\\/urban-layer-liemene\\\/\"]}]},{\"@type\":\"ImageObject\",\"inLanguage\":\"en-US\",\"@id\":\"https:\\\/\\\/madoskampas.lt\\\/produktas\\\/urban-layer-liemene\\\/#primaryimage\",\"url\":\"https:\\\/\\\/madoskampas.lt\\\/wp-content\\\/uploads\\\/2026\\\/03\\\/IMG_0778-scaled.jpeg\",\"contentUrl\":\"https:\\\/\\\/madoskampas.lt\\\/wp-content\\\/uploads\\\/2026\\\/03\\\/IMG_0778-scaled.jpeg\",\"width\":1920,\"height\":2560},{\"@type\":\"BreadcrumbList\",\"@id\":\"https:\\\/\\\/madoskampas.lt\\\/produktas\\\/urban-layer-liemene\\\/#breadcrumb\",\"itemListElement\":[{\"@type\":\"ListItem\",\"position\":1,\"name\":\"Home\",\"item\":\"https:\\\/\\\/madoskampas.lt\\\/\"},{\"@type\":\"ListItem\",\"position\":2,\"name\":\"Parduotuv\u0117\",\"item\":\"https:\\\/\\\/madoskampas.lt\\\/parduotuve-2\\\/\"},{\"@type\":\"ListItem\",\"position\":3,\"name\":\"\u201eUrban Layer\u201c liemen\u0117\"}]},{\"@type\":\"WebSite\",\"@id\":\"https:\\\/\\\/madoskampas.lt\\\/#website\",\"url\":\"https:\\\/\\\/madoskampas.lt\\\/\",\"name\":\"MadosKampas.lt\",\"description\":\"Stilingi drabu\u017eiai moterims\",\"potentialAction\":[{\"@type\":\"SearchAction\",\"target\":{\"@type\":\"EntryPoint\",\"urlTemplate\":\"https:\\\/\\\/madoskampas.lt\\\/?s={search_term_string}\"},\"query-input\":{\"@type\":\"PropertyValueSpecification\",\"valueRequired\":true,\"valueName\":\"search_term_string\"}}],\"inLanguage\":\"en-US\"}]}<\/script>\n<!-- \/ Yoast SEO plugin. -->","yoast_head_json":{"title":"\u201eUrban Layer\u201c liemen\u0117 - MadosKampas.lt","robots":{"index":"index","follow":"follow","max-snippet":"max-snippet:-1","max-image-preview":"max-image-preview:large","max-video-preview":"max-video-preview:-1"},"canonical":"https:\/\/madoskampas.lt\/en\/product\/urban-layer-liemene\/","og_locale":"en_US","og_type":"article","og_title":"\u201eUrban Layer\u201c liemen\u0117 - MadosKampas.lt","og_description":"Stiliaus detal\u0117, kuri pakei\u010dia vis\u0105 \u012fvaizd\u012f \u2728\u201eUrban Layer\u201c liemen\u0117 \u2013 modernus ir itin stilingas pasirinkimas, kuris lengvai papildo tiek kasdienius, tiek eleganti\u0161kesnius derinius. Laisvesnio silueto modelis gra\u017eiai krenta, nevar\u017eo judesi\u0173 ir leid\u017eia kurti sluoksniuot\u0105, \u0161iuolaiki\u0161k\u0105 \u012fvaizd\u012f. V formos i\u0161kirpt\u0117 subtiliai pabr\u0117\u017eia kaklo linij\u0105, o dekoratyvin\u0117s si\u016bl\u0117s ir ki\u0161en\u0117s suteikia i\u0161skirtinumo bei charakterio. Puikiai dera: \u2013 su mar\u0161kin\u0117liais ar palaidin\u0117mis\u2013 su mar\u0161kiniais klasikinam \u012fvaizd\u017eiui\u2013 su d\u017einsais ar klasikin\u0117mis keln\u0117mis Tai tas drabu\u017eis, kur\u012f apsivilkus atrodo, kad viskas apgalvota\u2026 net jei pasirinkai per 2 minutes \ud83d\ude09          95 % poliesteris5 % elastanas \u2728       Tinka nuo S\/M iki XL Ilgis \u2013 64 cmPer pa\u017eastis \u2013 53 cm","og_url":"https:\/\/madoskampas.lt\/en\/product\/urban-layer-liemene\/","og_site_name":"MadosKampas.lt","article_modified_time":"2026-05-06T17:41:02+00:00","og_image":[{"width":1920,"height":2560,"url":"https:\/\/madoskampas.lt\/wp-content\/uploads\/2026\/03\/IMG_0778-scaled.jpeg","type":"image\/jpeg"}],"twitter_card":"summary_large_image","twitter_misc":{"Est. reading time":"1 minute"},"schema":{"@context":"https:\/\/schema.org","@graph":[{"@type":"WebPage","@id":"https:\/\/madoskampas.lt\/produktas\/urban-layer-liemene\/","url":"https:\/\/madoskampas.lt\/produktas\/urban-layer-liemene\/","name":"\u201eUrban Layer\u201c liemen\u0117 - MadosKampas.lt","isPartOf":{"@id":"https:\/\/madoskampas.lt\/#website"},"primaryImageOfPage":{"@id":"https:\/\/madoskampas.lt\/produktas\/urban-layer-liemene\/#primaryimage"},"image":{"@id":"https:\/\/madoskampas.lt\/produktas\/urban-layer-liemene\/#primaryimage"},"thumbnailUrl":"https:\/\/madoskampas.lt\/wp-content\/uploads\/2026\/03\/IMG_0778-scaled.jpeg","datePublished":"2026-03-18T12:57:59+00:00","dateModified":"2026-05-06T17:41:02+00:00","breadcrumb":{"@id":"https:\/\/madoskampas.lt\/produktas\/urban-layer-liemene\/#breadcrumb"},"inLanguage":"en-US","potentialAction":[{"@type":"ReadAction","target":["https:\/\/madoskampas.lt\/produktas\/urban-layer-liemene\/"]}]},{"@type":"ImageObject","inLanguage":"en-US","@id":"https:\/\/madoskampas.lt\/produktas\/urban-layer-liemene\/#primaryimage","url":"https:\/\/madoskampas.lt\/wp-content\/uploads\/2026\/03\/IMG_0778-scaled.jpeg","contentUrl":"https:\/\/madoskampas.lt\/wp-content\/uploads\/2026\/03\/IMG_0778-scaled.jpeg","width":1920,"height":2560},{"@type":"BreadcrumbList","@id":"https:\/\/madoskampas.lt\/produktas\/urban-layer-liemene\/#breadcrumb","itemListElement":[{"@type":"ListItem","position":1,"name":"Home","item":"https:\/\/madoskampas.lt\/"},{"@type":"ListItem","position":2,"name":"Parduotuv\u0117","item":"https:\/\/madoskampas.lt\/parduotuve-2\/"},{"@type":"ListItem","position":3,"name":"\u201eUrban Layer\u201c liemen\u0117"}]},{"@type":"WebSite","@id":"https:\/\/madoskampas.lt\/#website","url":"https:\/\/madoskampas.lt\/","name":"FashionKampas.lt","description":"Stylish clothes for women","potentialAction":[{"@type":"SearchAction","target":{"@type":"EntryPoint","urlTemplate":"https:\/\/madoskampas.lt\/?s={search_term_string}"},"query-input":{"@type":"PropertyValueSpecification","valueRequired":true,"valueName":"search_term_string"}}],"inLanguage":"en-US"}]}},"uagb_featured_image_src":{"full":["https:\/\/madoskampas.lt\/wp-content\/uploads\/2026\/03\/IMG_0778-scaled.jpeg",1920,2560,false],"thumbnail":["https:\/\/madoskampas.lt\/wp-content\/uploads\/2026\/03\/IMG_0778-150x150.jpeg",150,150,true],"medium":["https:\/\/madoskampas.lt\/wp-content\/uploads\/2026\/03\/IMG_0778-225x300.jpeg",225,300,true],"medium_large":["https:\/\/madoskampas.lt\/wp-content\/uploads\/2026\/03\/IMG_0778-768x1024.jpeg",768,1024,true],"large":["https:\/\/madoskampas.lt\/wp-content\/uploads\/2026\/03\/IMG_0778-768x1024.jpeg",768,1024,true],"1536x1536":["https:\/\/madoskampas.lt\/wp-content\/uploads\/2026\/03\/IMG_0778-1152x1536.jpeg",1152,1536,true],"2048x2048":["https:\/\/madoskampas.lt\/wp-content\/uploads\/2026\/03\/IMG_0778-1536x2048.jpeg",1536,2048,true],"trp-custom-language-flag":["https:\/\/madoskampas.lt\/wp-content\/uploads\/2026\/03\/IMG_0778-9x12.jpeg",9,12,true],"nova-image-square":["https:\/\/madoskampas.lt\/wp-content\/uploads\/2026\/03\/IMG_0778-1100x1100.jpeg",1100,1100,true],"mixtas-product-03":["https:\/\/madoskampas.lt\/wp-content\/uploads\/2026\/03\/IMG_0778-600x345.jpeg",600,345,true],"woocommerce_thumbnail":["https:\/\/madoskampas.lt\/wp-content\/uploads\/2026\/03\/IMG_0778-700x700.jpeg",700,700,true],"woocommerce_single":["https:\/\/madoskampas.lt\/wp-content\/uploads\/2026\/03\/IMG_0778-1000x1333.jpeg",1000,1333,true],"woocommerce_gallery_thumbnail":["https:\/\/madoskampas.lt\/wp-content\/uploads\/2026\/03\/IMG_0778-250x250.jpeg",250,250,true],"variation_swatches_image_size":["https:\/\/madoskampas.lt\/wp-content\/uploads\/2026\/03\/IMG_0778-50x50.jpeg",50,50,true],"variation_swatches_tooltip_size":["https:\/\/madoskampas.lt\/wp-content\/uploads\/2026\/03\/IMG_0778-100x100.jpeg",100,100,true]},"uagb_author_info":{"display_name":"algirdasbart","author_link":"https:\/\/madoskampas.lt\/en\/author\/"},"uagb_comment_info":0,"uagb_excerpt":"Stiliaus detal\u0117, kuri pakei\u010dia vis\u0105 \u012fvaizd\u012f \u2728\u201eUrban Layer\u201c liemen\u0117 \u2013 modernus ir itin stilingas pasirinkimas, kuris lengvai papildo tiek kasdienius, tiek eleganti\u0161kesnius derinius. Laisvesnio silueto modelis gra\u017eiai krenta, nevar\u017eo judesi\u0173 ir leid\u017eia kurti sluoksniuot\u0105, \u0161iuolaiki\u0161k\u0105 \u012fvaizd\u012f. V formos i\u0161kirpt\u0117 subtiliai pabr\u0117\u017eia kaklo linij\u0105, o dekoratyvin\u0117s si\u016bl\u0117s ir ki\u0161en\u0117s suteikia i\u0161skirtinumo bei charakterio. Puikiai dera: \u2013&hellip;","jetpack_sharing_enabled":true,"_links":{"self":[{"href":"https:\/\/madoskampas.lt\/en\/wp-json\/wp\/v2\/product\/29684","targetHints":{"allow":["GET"]}}],"collection":[{"href":"https:\/\/madoskampas.lt\/en\/wp-json\/wp\/v2\/product"}],"about":[{"href":"https:\/\/madoskampas.lt\/en\/wp-json\/wp\/v2\/types\/product"}],"replies":[{"embeddable":true,"href":"https:\/\/madoskampas.lt\/en\/wp-json\/wp\/v2\/comments?post=29684"}],"wp:featuredmedia":[{"embeddable":true,"href":"https:\/\/madoskampas.lt\/en\/wp-json\/wp\/v2\/media\/29706"}],"wp:attachment":[{"href":"https:\/\/madoskampas.lt\/en\/wp-json\/wp\/v2\/media?parent=29684"}],"wp:term":[{"taxonomy":"product_brand","embeddable":true,"href":"https:\/\/madoskampas.lt\/en\/wp-json\/wp\/v2\/product_brand?post=29684"},{"taxonomy":"product_cat","embeddable":true,"href":"https:\/\/madoskampas.lt\/en\/wp-json\/wp\/v2\/product_cat?post=29684"},{"taxonomy":"product_tag","embeddable":true,"href":"https:\/\/madoskampas.lt\/en\/wp-json\/wp\/v2\/product_tag?post=29684"}],"curies":[{"name":"wp","href":"https:\/\/api.w.org\/{rel}","templated":true}]}}