{"id":30863,"date":"2026-04-07T11:39:37","date_gmt":"2026-04-07T11:39:37","guid":{"rendered":"https:\/\/madoskampas.lt\/?post_type=product&#038;p=30863"},"modified":"2026-04-29T15:19:45","modified_gmt":"2026-04-29T15:19:45","slug":"pure-white-wide-dzinsai-lengva-elegancija-kasdienai-d568","status":"publish","type":"product","link":"https:\/\/madoskampas.lt\/en\/product\/pure-white-wide-dzinsai-lengva-elegancija-kasdienai-d568\/","title":{"rendered":"Pure White Wide d\u017einsai \u2013 lengva elegancija kasdienai (D568)"},"content":{"rendered":"<p data-start=\"177\" data-end=\"307\">\u0160ie d\u017einsai \u2013 tai \u0161varus, gaivus ir labai stilingas pasirinkimas, kuris i\u0161 karto suteikia \u012fvaizd\u017eiui lengvumo ir prabangos poj\u016bt\u012f.<\/p>\n<p data-start=\"309\" data-end=\"465\">Plati kle\u0161n\u0117 gra\u017eiai krenta, ilgina kojas ir kuria modern\u0173 siluet\u0105, o balta spalva leid\u017eia juos derinti tiek su \u0161velniais, tiek su kontrastingais deriniais.<\/p>\n<p data-start=\"467\" data-end=\"563\">Tai tie d\u017einsai, kuriuos apsivilkus norisi i\u0161eiti \u2013 lengvai, patogiai ir su pasitik\u0117jimu savimi.<\/p>","protected":false},"excerpt":{"rendered":"<p data-start=\"177\" data-end=\"307\">\u0160ie d\u017einsai \u2013 tai \u0161varus, gaivus ir labai stilingas pasirinkimas, kuris i\u0161 karto suteikia \u012fvaizd\u017eiui lengvumo ir prabangos poj\u016bt\u012f.<\/p>\n<p data-start=\"309\" data-end=\"465\">Plati kle\u0161n\u0117 gra\u017eiai krenta, ilgina kojas ir kuria modern\u0173 siluet\u0105, o balta spalva leid\u017eia juos derinti tiek su \u0161velniais, tiek su kontrastingais deriniais.<\/p>\n<p data-start=\"467\" data-end=\"563\">Tai tie d\u017einsai, kuriuos apsivilkus norisi i\u0161eiti \u2013 lengvai, patogiai ir su pasitik\u0117jimu savimi.<\/p>\n<p data-start=\"565\" data-end=\"837\">\u2728 Kod\u0117l juos pamilsite:<br \/>\n\u2022 Plati kle\u0161n\u0117 \u2013 vizualiai ilgina kojas<br data-start=\"628\" data-end=\"631\" \/>\u2022 \u0160vari balta spalva \u2013 gaiviam, stilingam \u012fvaizd\u017eiui<br data-start=\"683\" data-end=\"686\" \/>\u2022 Patog\u016bs ir nevar\u017eantys judesi\u0173<br data-start=\"718\" data-end=\"721\" \/>\u2022 Lengvai derinami \u2013 nuo sportinio iki eleganti\u0161ko stiliaus<br data-start=\"780\" data-end=\"783\" \/>\u2022 Tinka tiek kasdienai, tiek i\u0161skirtiniams deriniams<\/p>\n<table>\n<thead>\n<tr>\n<th>Size<\/th>\n<th>Liemuo<\/th>\n<th>Klubai<\/th>\n<th>Ilgis<\/th>\n<\/tr>\n<\/thead>\n<tbody>\n<tr>\n<td>XS<\/td>\n<td>31 cm<\/td>\n<td>45 cm<\/td>\n<td>107 cm<\/td>\n<\/tr>\n<tr>\n<td>S<\/td>\n<td>32 cm<\/td>\n<td>46 cm<\/td>\n<td>107 cm<\/td>\n<\/tr>\n<tr>\n<td>M<\/td>\n<td>35 cm<\/td>\n<td>50 cm<\/td>\n<td>108 cm<\/td>\n<\/tr>\n<tr>\n<td>L<\/td>\n<td>37 cm<\/td>\n<td>52 cm<\/td>\n<td>108 cm<\/td>\n<\/tr>\n<tr>\n<td>XL<\/td>\n<td>39 cm<\/td>\n<td>55 cm<\/td>\n<td>108 cm<\/td>\n<\/tr>\n<\/tbody>\n<\/table>","protected":false},"featured_media":30856,"comment_status":"open","ping_status":"closed","template":"","meta":{"_uag_custom_page_level_css":"","_monsterinsights_skip_tracking":false,"_monsterinsights_sitenote_active":false,"_monsterinsights_sitenote_note":"","_monsterinsights_sitenote_category":0},"product_brand":[],"product_cat":[66,67,95],"product_tag":[],"class_list":{"0":"post-30863","1":"product","2":"type-product","3":"status-publish","4":"has-post-thumbnail","6":"product_cat-drabuziai","7":"product_cat-dzinsai","8":"product_cat-naujausi","9":"tm-has-options","11":"first","12":"instock","13":"shipping-taxable","14":"purchasable","15":"product-type-variable"},"yoast_head":"<!-- This site is optimized with the Yoast SEO plugin v27.5 - https:\/\/yoast.com\/product\/yoast-seo-wordpress\/ -->\n<title>Pure White Wide d\u017einsai \u2013 lengva elegancija kasdienai (D568) - MadosKampas.lt<\/title>\n<meta name=\"robots\" content=\"index, follow, max-snippet:-1, max-image-preview:large, max-video-preview:-1\" \/>\n<link rel=\"canonical\" href=\"https:\/\/madoskampas.lt\/en\/product\/pure-white-wide-dzinsai-lengva-elegancija-kasdienai-d568\/\" \/>\n<meta property=\"og:locale\" content=\"en_US\" \/>\n<meta property=\"og:type\" content=\"article\" \/>\n<meta property=\"og:title\" content=\"Pure White Wide d\u017einsai \u2013 lengva elegancija kasdienai (D568) - MadosKampas.lt\" \/>\n<meta property=\"og:description\" content=\"\u0160ie d\u017einsai \u2013 tai \u0161varus, gaivus ir labai stilingas pasirinkimas, kuris i\u0161 karto suteikia \u012fvaizd\u017eiui lengvumo ir prabangos poj\u016bt\u012f. Plati kle\u0161n\u0117 gra\u017eiai krenta, ilgina kojas ir kuria modern\u0173 siluet\u0105, o balta spalva leid\u017eia juos derinti tiek su \u0161velniais, tiek su kontrastingais deriniais. Tai tie d\u017einsai, kuriuos apsivilkus norisi i\u0161eiti \u2013 lengvai, patogiai ir su pasitik\u0117jimu savimi. \u2728 Kod\u0117l juos pamilsite: \u2022 Plati kle\u0161n\u0117 \u2013 vizualiai ilgina kojas\u2022 \u0160vari balta spalva \u2013 gaiviam, stilingam \u012fvaizd\u017eiui\u2022 Patog\u016bs ir nevar\u017eantys judesi\u0173\u2022 Lengvai derinami \u2013 nuo sportinio iki eleganti\u0161ko stiliaus\u2022 Tinka tiek kasdienai, tiek i\u0161skirtiniams deriniams     Dydis Liemuo Klubai Ilgis     XS 31 cm 45 cm 107 cm   S 32 cm 46 cm 107 cm   M 35 cm 50 cm 108 cm   L 37 cm 52 cm 108 cm   XL 39 cm 55 cm 108 cm\" \/>\n<meta property=\"og:url\" content=\"https:\/\/madoskampas.lt\/en\/product\/pure-white-wide-dzinsai-lengva-elegancija-kasdienai-d568\/\" \/>\n<meta property=\"og:site_name\" content=\"MadosKampas.lt\" \/>\n<meta property=\"article:modified_time\" content=\"2026-04-29T15:19:45+00:00\" \/>\n<meta property=\"og:image\" content=\"https:\/\/madoskampas.lt\/wp-content\/uploads\/2026\/04\/IMG_3828-scaled.jpeg\" \/>\n\t<meta property=\"og:image:width\" content=\"1920\" \/>\n\t<meta property=\"og:image:height\" content=\"2560\" \/>\n\t<meta property=\"og:image:type\" content=\"image\/jpeg\" \/>\n<meta name=\"twitter:card\" content=\"summary_large_image\" \/>\n<meta name=\"twitter:label1\" content=\"Est. reading time\" \/>\n\t<meta name=\"twitter:data1\" content=\"1 minute\" \/>\n<script type=\"application\/ld+json\" class=\"yoast-schema-graph\">{\"@context\":\"https:\\\/\\\/schema.org\",\"@graph\":[{\"@type\":\"WebPage\",\"@id\":\"https:\\\/\\\/madoskampas.lt\\\/produktas\\\/pure-white-wide-dzinsai-lengva-elegancija-kasdienai-d568\\\/\",\"url\":\"https:\\\/\\\/madoskampas.lt\\\/produktas\\\/pure-white-wide-dzinsai-lengva-elegancija-kasdienai-d568\\\/\",\"name\":\"Pure White Wide d\u017einsai \u2013 lengva elegancija kasdienai (D568) - MadosKampas.lt\",\"isPartOf\":{\"@id\":\"https:\\\/\\\/madoskampas.lt\\\/#website\"},\"primaryImageOfPage\":{\"@id\":\"https:\\\/\\\/madoskampas.lt\\\/produktas\\\/pure-white-wide-dzinsai-lengva-elegancija-kasdienai-d568\\\/#primaryimage\"},\"image\":{\"@id\":\"https:\\\/\\\/madoskampas.lt\\\/produktas\\\/pure-white-wide-dzinsai-lengva-elegancija-kasdienai-d568\\\/#primaryimage\"},\"thumbnailUrl\":\"https:\\\/\\\/madoskampas.lt\\\/wp-content\\\/uploads\\\/2026\\\/04\\\/IMG_3828-scaled.jpeg\",\"datePublished\":\"2026-04-07T11:39:37+00:00\",\"dateModified\":\"2026-04-29T15:19:45+00:00\",\"breadcrumb\":{\"@id\":\"https:\\\/\\\/madoskampas.lt\\\/produktas\\\/pure-white-wide-dzinsai-lengva-elegancija-kasdienai-d568\\\/#breadcrumb\"},\"inLanguage\":\"en-US\",\"potentialAction\":[{\"@type\":\"ReadAction\",\"target\":[\"https:\\\/\\\/madoskampas.lt\\\/produktas\\\/pure-white-wide-dzinsai-lengva-elegancija-kasdienai-d568\\\/\"]}]},{\"@type\":\"ImageObject\",\"inLanguage\":\"en-US\",\"@id\":\"https:\\\/\\\/madoskampas.lt\\\/produktas\\\/pure-white-wide-dzinsai-lengva-elegancija-kasdienai-d568\\\/#primaryimage\",\"url\":\"https:\\\/\\\/madoskampas.lt\\\/wp-content\\\/uploads\\\/2026\\\/04\\\/IMG_3828-scaled.jpeg\",\"contentUrl\":\"https:\\\/\\\/madoskampas.lt\\\/wp-content\\\/uploads\\\/2026\\\/04\\\/IMG_3828-scaled.jpeg\",\"width\":1920,\"height\":2560},{\"@type\":\"BreadcrumbList\",\"@id\":\"https:\\\/\\\/madoskampas.lt\\\/produktas\\\/pure-white-wide-dzinsai-lengva-elegancija-kasdienai-d568\\\/#breadcrumb\",\"itemListElement\":[{\"@type\":\"ListItem\",\"position\":1,\"name\":\"Home\",\"item\":\"https:\\\/\\\/madoskampas.lt\\\/\"},{\"@type\":\"ListItem\",\"position\":2,\"name\":\"Parduotuv\u0117\",\"item\":\"https:\\\/\\\/madoskampas.lt\\\/parduotuve-2\\\/\"},{\"@type\":\"ListItem\",\"position\":3,\"name\":\"Pure White Wide d\u017einsai \u2013 lengva elegancija kasdienai (D568)\"}]},{\"@type\":\"WebSite\",\"@id\":\"https:\\\/\\\/madoskampas.lt\\\/#website\",\"url\":\"https:\\\/\\\/madoskampas.lt\\\/\",\"name\":\"MadosKampas.lt\",\"description\":\"Stilingi drabu\u017eiai moterims\",\"potentialAction\":[{\"@type\":\"SearchAction\",\"target\":{\"@type\":\"EntryPoint\",\"urlTemplate\":\"https:\\\/\\\/madoskampas.lt\\\/?s={search_term_string}\"},\"query-input\":{\"@type\":\"PropertyValueSpecification\",\"valueRequired\":true,\"valueName\":\"search_term_string\"}}],\"inLanguage\":\"en-US\"}]}<\/script>\n<!-- \/ Yoast SEO plugin. -->","yoast_head_json":{"title":"Pure White Wide d\u017einsai \u2013 lengva elegancija kasdienai (D568) - MadosKampas.lt","robots":{"index":"index","follow":"follow","max-snippet":"max-snippet:-1","max-image-preview":"max-image-preview:large","max-video-preview":"max-video-preview:-1"},"canonical":"https:\/\/madoskampas.lt\/en\/product\/pure-white-wide-dzinsai-lengva-elegancija-kasdienai-d568\/","og_locale":"en_US","og_type":"article","og_title":"Pure White Wide d\u017einsai \u2013 lengva elegancija kasdienai (D568) - MadosKampas.lt","og_description":"\u0160ie d\u017einsai \u2013 tai \u0161varus, gaivus ir labai stilingas pasirinkimas, kuris i\u0161 karto suteikia \u012fvaizd\u017eiui lengvumo ir prabangos poj\u016bt\u012f. Plati kle\u0161n\u0117 gra\u017eiai krenta, ilgina kojas ir kuria modern\u0173 siluet\u0105, o balta spalva leid\u017eia juos derinti tiek su \u0161velniais, tiek su kontrastingais deriniais. Tai tie d\u017einsai, kuriuos apsivilkus norisi i\u0161eiti \u2013 lengvai, patogiai ir su pasitik\u0117jimu savimi. \u2728 Kod\u0117l juos pamilsite: \u2022 Plati kle\u0161n\u0117 \u2013 vizualiai ilgina kojas\u2022 \u0160vari balta spalva \u2013 gaiviam, stilingam \u012fvaizd\u017eiui\u2022 Patog\u016bs ir nevar\u017eantys judesi\u0173\u2022 Lengvai derinami \u2013 nuo sportinio iki eleganti\u0161ko stiliaus\u2022 Tinka tiek kasdienai, tiek i\u0161skirtiniams deriniams     Dydis Liemuo Klubai Ilgis     XS 31 cm 45 cm 107 cm   S 32 cm 46 cm 107 cm   M 35 cm 50 cm 108 cm   L 37 cm 52 cm 108 cm   XL 39 cm 55 cm 108 cm","og_url":"https:\/\/madoskampas.lt\/en\/product\/pure-white-wide-dzinsai-lengva-elegancija-kasdienai-d568\/","og_site_name":"MadosKampas.lt","article_modified_time":"2026-04-29T15:19:45+00:00","og_image":[{"width":1920,"height":2560,"url":"https:\/\/madoskampas.lt\/wp-content\/uploads\/2026\/04\/IMG_3828-scaled.jpeg","type":"image\/jpeg"}],"twitter_card":"summary_large_image","twitter_misc":{"Est. reading time":"1 minute"},"schema":{"@context":"https:\/\/schema.org","@graph":[{"@type":"WebPage","@id":"https:\/\/madoskampas.lt\/produktas\/pure-white-wide-dzinsai-lengva-elegancija-kasdienai-d568\/","url":"https:\/\/madoskampas.lt\/produktas\/pure-white-wide-dzinsai-lengva-elegancija-kasdienai-d568\/","name":"Pure White Wide d\u017einsai \u2013 lengva elegancija kasdienai (D568) - MadosKampas.lt","isPartOf":{"@id":"https:\/\/madoskampas.lt\/#website"},"primaryImageOfPage":{"@id":"https:\/\/madoskampas.lt\/produktas\/pure-white-wide-dzinsai-lengva-elegancija-kasdienai-d568\/#primaryimage"},"image":{"@id":"https:\/\/madoskampas.lt\/produktas\/pure-white-wide-dzinsai-lengva-elegancija-kasdienai-d568\/#primaryimage"},"thumbnailUrl":"https:\/\/madoskampas.lt\/wp-content\/uploads\/2026\/04\/IMG_3828-scaled.jpeg","datePublished":"2026-04-07T11:39:37+00:00","dateModified":"2026-04-29T15:19:45+00:00","breadcrumb":{"@id":"https:\/\/madoskampas.lt\/produktas\/pure-white-wide-dzinsai-lengva-elegancija-kasdienai-d568\/#breadcrumb"},"inLanguage":"en-US","potentialAction":[{"@type":"ReadAction","target":["https:\/\/madoskampas.lt\/produktas\/pure-white-wide-dzinsai-lengva-elegancija-kasdienai-d568\/"]}]},{"@type":"ImageObject","inLanguage":"en-US","@id":"https:\/\/madoskampas.lt\/produktas\/pure-white-wide-dzinsai-lengva-elegancija-kasdienai-d568\/#primaryimage","url":"https:\/\/madoskampas.lt\/wp-content\/uploads\/2026\/04\/IMG_3828-scaled.jpeg","contentUrl":"https:\/\/madoskampas.lt\/wp-content\/uploads\/2026\/04\/IMG_3828-scaled.jpeg","width":1920,"height":2560},{"@type":"BreadcrumbList","@id":"https:\/\/madoskampas.lt\/produktas\/pure-white-wide-dzinsai-lengva-elegancija-kasdienai-d568\/#breadcrumb","itemListElement":[{"@type":"ListItem","position":1,"name":"Home","item":"https:\/\/madoskampas.lt\/"},{"@type":"ListItem","position":2,"name":"Parduotuv\u0117","item":"https:\/\/madoskampas.lt\/parduotuve-2\/"},{"@type":"ListItem","position":3,"name":"Pure White Wide d\u017einsai \u2013 lengva elegancija kasdienai (D568)"}]},{"@type":"WebSite","@id":"https:\/\/madoskampas.lt\/#website","url":"https:\/\/madoskampas.lt\/","name":"FashionKampas.lt","description":"Stylish clothes for women","potentialAction":[{"@type":"SearchAction","target":{"@type":"EntryPoint","urlTemplate":"https:\/\/madoskampas.lt\/?s={search_term_string}"},"query-input":{"@type":"PropertyValueSpecification","valueRequired":true,"valueName":"search_term_string"}}],"inLanguage":"en-US"}]}},"uagb_featured_image_src":{"full":["https:\/\/madoskampas.lt\/wp-content\/uploads\/2026\/04\/IMG_3828-scaled.jpeg",1920,2560,false],"thumbnail":["https:\/\/madoskampas.lt\/wp-content\/uploads\/2026\/04\/IMG_3828-150x150.jpeg",150,150,true],"medium":["https:\/\/madoskampas.lt\/wp-content\/uploads\/2026\/04\/IMG_3828-225x300.jpeg",225,300,true],"medium_large":["https:\/\/madoskampas.lt\/wp-content\/uploads\/2026\/04\/IMG_3828-768x1024.jpeg",768,1024,true],"large":["https:\/\/madoskampas.lt\/wp-content\/uploads\/2026\/04\/IMG_3828-768x1024.jpeg",768,1024,true],"1536x1536":["https:\/\/madoskampas.lt\/wp-content\/uploads\/2026\/04\/IMG_3828-1152x1536.jpeg",1152,1536,true],"2048x2048":["https:\/\/madoskampas.lt\/wp-content\/uploads\/2026\/04\/IMG_3828-1536x2048.jpeg",1536,2048,true],"trp-custom-language-flag":["https:\/\/madoskampas.lt\/wp-content\/uploads\/2026\/04\/IMG_3828-9x12.jpeg",9,12,true],"nova-image-square":["https:\/\/madoskampas.lt\/wp-content\/uploads\/2026\/04\/IMG_3828-1100x1100.jpeg",1100,1100,true],"mixtas-product-03":["https:\/\/madoskampas.lt\/wp-content\/uploads\/2026\/04\/IMG_3828-600x345.jpeg",600,345,true],"woocommerce_thumbnail":["https:\/\/madoskampas.lt\/wp-content\/uploads\/2026\/04\/IMG_3828-700x700.jpeg",700,700,true],"woocommerce_single":["https:\/\/madoskampas.lt\/wp-content\/uploads\/2026\/04\/IMG_3828-1000x1333.jpeg",1000,1333,true],"woocommerce_gallery_thumbnail":["https:\/\/madoskampas.lt\/wp-content\/uploads\/2026\/04\/IMG_3828-250x250.jpeg",250,250,true],"variation_swatches_image_size":["https:\/\/madoskampas.lt\/wp-content\/uploads\/2026\/04\/IMG_3828-50x50.jpeg",50,50,true],"variation_swatches_tooltip_size":["https:\/\/madoskampas.lt\/wp-content\/uploads\/2026\/04\/IMG_3828-100x100.jpeg",100,100,true]},"uagb_author_info":{"display_name":"algirdasbart","author_link":"https:\/\/madoskampas.lt\/en\/author\/"},"uagb_comment_info":0,"uagb_excerpt":"\u0160ie d\u017einsai \u2013 tai \u0161varus, gaivus ir labai stilingas pasirinkimas, kuris i\u0161 karto suteikia \u012fvaizd\u017eiui lengvumo ir prabangos poj\u016bt\u012f. Plati kle\u0161n\u0117 gra\u017eiai krenta, ilgina kojas ir kuria modern\u0173 siluet\u0105, o balta spalva leid\u017eia juos derinti tiek su \u0161velniais, tiek su kontrastingais deriniais. Tai tie d\u017einsai, kuriuos apsivilkus norisi i\u0161eiti \u2013 lengvai, patogiai ir su pasitik\u0117jimu&hellip;","jetpack_sharing_enabled":true,"_links":{"self":[{"href":"https:\/\/madoskampas.lt\/en\/wp-json\/wp\/v2\/product\/30863","targetHints":{"allow":["GET"]}}],"collection":[{"href":"https:\/\/madoskampas.lt\/en\/wp-json\/wp\/v2\/product"}],"about":[{"href":"https:\/\/madoskampas.lt\/en\/wp-json\/wp\/v2\/types\/product"}],"replies":[{"embeddable":true,"href":"https:\/\/madoskampas.lt\/en\/wp-json\/wp\/v2\/comments?post=30863"}],"wp:featuredmedia":[{"embeddable":true,"href":"https:\/\/madoskampas.lt\/en\/wp-json\/wp\/v2\/media\/30856"}],"wp:attachment":[{"href":"https:\/\/madoskampas.lt\/en\/wp-json\/wp\/v2\/media?parent=30863"}],"wp:term":[{"taxonomy":"product_brand","embeddable":true,"href":"https:\/\/madoskampas.lt\/en\/wp-json\/wp\/v2\/product_brand?post=30863"},{"taxonomy":"product_cat","embeddable":true,"href":"https:\/\/madoskampas.lt\/en\/wp-json\/wp\/v2\/product_cat?post=30863"},{"taxonomy":"product_tag","embeddable":true,"href":"https:\/\/madoskampas.lt\/en\/wp-json\/wp\/v2\/product_tag?post=30863"}],"curies":[{"name":"wp","href":"https:\/\/api.w.org\/{rel}","templated":true}]}}