{"id":31717,"date":"2026-04-21T11:02:39","date_gmt":"2026-04-21T11:02:39","guid":{"rendered":"https:\/\/madoskampas.lt\/?post_type=product&#038;p=31717"},"modified":"2026-05-15T08:49:59","modified_gmt":"2026-05-15T08:49:59","slug":"soft-flow-sijonas-su-sortais","status":"publish","type":"product","link":"https:\/\/madoskampas.lt\/en\/product\/soft-flow-sijonas-su-sortais\/","title":{"rendered":"\u201eSoft Flow\u201c sijonas su \u0161ortais"},"content":{"rendered":"<p data-start=\"182\" data-end=\"325\">Lengvumas, kuris juda kartu su tavimi. \u201eSoft Flow\u201c sijonas su \u0161ortais \u2013 tai moteri\u0161kas siluetas ir visi\u0161kas komfortas viename.<\/p>\n<p data-start=\"327\" data-end=\"556\">I\u0161 pirmo \u017evilgsnio \u2013 lengvai krentantis, banguojantis sijonas, ta\u010diau viduje pasl\u0117pti \u0161ortukai leid\u017eia jaustis u\u017etikrintai bet kokioje situacijoje. Audinys \u0161velnus, malonus k\u016bnui, gra\u017eiai krenta ir suteikia subtilios elegancijos.<\/p>","protected":false},"excerpt":{"rendered":"<p data-start=\"182\" data-end=\"325\">Lengvumas, kuris juda kartu su tavimi. \u201eSoft Flow\u201c sijonas su \u0161ortais \u2013 tai moteri\u0161kas siluetas ir visi\u0161kas komfortas viename.<\/p>\n<p data-start=\"327\" data-end=\"556\">I\u0161 pirmo \u017evilgsnio \u2013 lengvai krentantis, banguojantis sijonas, ta\u010diau viduje pasl\u0117pti \u0161ortukai leid\u017eia jaustis u\u017etikrintai bet kokioje situacijoje. Audinys \u0161velnus, malonus k\u016bnui, gra\u017eiai krenta ir suteikia subtilios elegancijos.<\/p>\n<p data-start=\"558\" data-end=\"683\">Puikiai dera tiek su lengvais megztukais, tiek su mar\u0161kin\u0117liais ar topais \u2013 nuo kasdienio iki \u0161iek tiek puo\u0161nesnio \u012fvaizd\u017eio.<\/p>\n<hr data-start=\"685\" data-end=\"688\" \/>\n<p data-start=\"690\" data-end=\"778\"><strong data-start=\"690\" data-end=\"706\">Dimensions:<\/strong><br data-start=\"706\" data-end=\"709\" \/>\u2022 Ilgis: 41 cm<br data-start=\"723\" data-end=\"726\" \/>\u2022 Liemuo: 36\u201345 cm (tempiasi)<br data-start=\"755\" data-end=\"758\" \/>\u2022 Dydis: tinka S\u2013L<\/p>\n<hr data-start=\"780\" data-end=\"783\" \/>\n<p data-start=\"785\" data-end=\"1051\"><strong data-start=\"785\" data-end=\"806\">Kod\u0117l j\u012f pamilsi:<\/strong><br data-start=\"806\" data-end=\"809\" \/>\u2022 Sijonas + \u0161ortai \u2013 stilius ir komfortas viename<br data-start=\"858\" data-end=\"861\" \/>\u2022 Lengvai krentantis audinys \u2013 gra\u017eus judesys einant<br data-start=\"913\" data-end=\"916\" \/>\u2022 Elastingas liemuo \u2013 prisitaiko prie fig\u016bros<br data-start=\"961\" data-end=\"964\" \/>\u2022 Nevar\u017eo judesi\u0173 \u2013 idealu aktyviai dienai<br data-start=\"1006\" data-end=\"1009\" \/>\u2022 Lengvai derinamas prie \u012fvairi\u0173 outfit\u0173<\/p>","protected":false},"featured_media":32668,"comment_status":"open","ping_status":"closed","template":"","meta":{"_uag_custom_page_level_css":"","_monsterinsights_skip_tracking":false,"_monsterinsights_sitenote_active":false,"_monsterinsights_sitenote_note":"","_monsterinsights_sitenote_category":0},"product_brand":[],"product_cat":[66,95,75],"product_tag":[],"class_list":{"0":"post-31717","1":"product","2":"type-product","3":"status-publish","4":"has-post-thumbnail","6":"product_cat-drabuziai","7":"product_cat-naujausi","8":"product_cat-sijonai","9":"tm-has-options","11":"first","12":"instock","13":"shipping-taxable","14":"purchasable","15":"product-type-variable"},"yoast_head":"<!-- This site is optimized with the Yoast SEO plugin v27.6 - https:\/\/yoast.com\/product\/yoast-seo-wordpress\/ -->\n<title>\u201eSoft Flow\u201c sijonas su \u0161ortais - MadosKampas.lt<\/title>\n<meta name=\"robots\" content=\"index, follow, max-snippet:-1, max-image-preview:large, max-video-preview:-1\" \/>\n<link rel=\"canonical\" href=\"https:\/\/madoskampas.lt\/en\/product\/soft-flow-sijonas-su-sortais\/\" \/>\n<meta property=\"og:locale\" content=\"en_US\" \/>\n<meta property=\"og:type\" content=\"article\" \/>\n<meta property=\"og:title\" content=\"\u201eSoft Flow\u201c sijonas su \u0161ortais - MadosKampas.lt\" \/>\n<meta property=\"og:description\" content=\"Lengvumas, kuris juda kartu su tavimi. \u201eSoft Flow\u201c sijonas su \u0161ortais \u2013 tai moteri\u0161kas siluetas ir visi\u0161kas komfortas viename. I\u0161 pirmo \u017evilgsnio \u2013 lengvai krentantis, banguojantis sijonas, ta\u010diau viduje pasl\u0117pti \u0161ortukai leid\u017eia jaustis u\u017etikrintai bet kokioje situacijoje. Audinys \u0161velnus, malonus k\u016bnui, gra\u017eiai krenta ir suteikia subtilios elegancijos. Puikiai dera tiek su lengvais megztukais, tiek su mar\u0161kin\u0117liais ar topais \u2013 nuo kasdienio iki \u0161iek tiek puo\u0161nesnio \u012fvaizd\u017eio.    I\u0161matavimai:\u2022 Ilgis: 41 cm\u2022 Liemuo: 36\u201345 cm (tempiasi)\u2022 Dydis: tinka S\u2013L    Kod\u0117l j\u012f pamilsi:\u2022 Sijonas + \u0161ortai \u2013 stilius ir komfortas viename\u2022 Lengvai krentantis audinys \u2013 gra\u017eus judesys einant\u2022 Elastingas liemuo \u2013 prisitaiko prie fig\u016bros\u2022 Nevar\u017eo judesi\u0173 \u2013 idealu aktyviai dienai\u2022 Lengvai derinamas prie \u012fvairi\u0173 outfit\u0173\" \/>\n<meta property=\"og:url\" content=\"https:\/\/madoskampas.lt\/en\/product\/soft-flow-sijonas-su-sortais\/\" \/>\n<meta property=\"og:site_name\" content=\"MadosKampas.lt\" \/>\n<meta property=\"article:modified_time\" content=\"2026-05-15T08:49:59+00:00\" \/>\n<meta property=\"og:image\" content=\"https:\/\/madoskampas.lt\/wp-content\/uploads\/2026\/04\/img_5970-1-scaled.jpeg\" \/>\n\t<meta property=\"og:image:width\" content=\"1920\" \/>\n\t<meta property=\"og:image:height\" content=\"2560\" \/>\n\t<meta property=\"og:image:type\" content=\"image\/jpeg\" \/>\n<meta name=\"twitter:card\" content=\"summary_large_image\" \/>\n<meta name=\"twitter:label1\" content=\"Est. reading time\" \/>\n\t<meta name=\"twitter:data1\" content=\"1 minute\" \/>\n<script type=\"application\/ld+json\" class=\"yoast-schema-graph\">{\"@context\":\"https:\\\/\\\/schema.org\",\"@graph\":[{\"@type\":\"WebPage\",\"@id\":\"https:\\\/\\\/madoskampas.lt\\\/produktas\\\/soft-flow-sijonas-su-sortais\\\/\",\"url\":\"https:\\\/\\\/madoskampas.lt\\\/produktas\\\/soft-flow-sijonas-su-sortais\\\/\",\"name\":\"\u201eSoft Flow\u201c sijonas su \u0161ortais - MadosKampas.lt\",\"isPartOf\":{\"@id\":\"https:\\\/\\\/madoskampas.lt\\\/#website\"},\"primaryImageOfPage\":{\"@id\":\"https:\\\/\\\/madoskampas.lt\\\/produktas\\\/soft-flow-sijonas-su-sortais\\\/#primaryimage\"},\"image\":{\"@id\":\"https:\\\/\\\/madoskampas.lt\\\/produktas\\\/soft-flow-sijonas-su-sortais\\\/#primaryimage\"},\"thumbnailUrl\":\"https:\\\/\\\/madoskampas.lt\\\/wp-content\\\/uploads\\\/2026\\\/04\\\/img_8131-1-scaled.jpeg\",\"datePublished\":\"2026-04-21T11:02:39+00:00\",\"dateModified\":\"2026-05-15T08:49:59+00:00\",\"breadcrumb\":{\"@id\":\"https:\\\/\\\/madoskampas.lt\\\/produktas\\\/soft-flow-sijonas-su-sortais\\\/#breadcrumb\"},\"inLanguage\":\"en-US\",\"potentialAction\":[{\"@type\":\"ReadAction\",\"target\":[\"https:\\\/\\\/madoskampas.lt\\\/produktas\\\/soft-flow-sijonas-su-sortais\\\/\"]}]},{\"@type\":\"ImageObject\",\"inLanguage\":\"en-US\",\"@id\":\"https:\\\/\\\/madoskampas.lt\\\/produktas\\\/soft-flow-sijonas-su-sortais\\\/#primaryimage\",\"url\":\"https:\\\/\\\/madoskampas.lt\\\/wp-content\\\/uploads\\\/2026\\\/04\\\/img_8131-1-scaled.jpeg\",\"contentUrl\":\"https:\\\/\\\/madoskampas.lt\\\/wp-content\\\/uploads\\\/2026\\\/04\\\/img_8131-1-scaled.jpeg\",\"width\":1920,\"height\":2560},{\"@type\":\"BreadcrumbList\",\"@id\":\"https:\\\/\\\/madoskampas.lt\\\/produktas\\\/soft-flow-sijonas-su-sortais\\\/#breadcrumb\",\"itemListElement\":[{\"@type\":\"ListItem\",\"position\":1,\"name\":\"Home\",\"item\":\"https:\\\/\\\/madoskampas.lt\\\/\"},{\"@type\":\"ListItem\",\"position\":2,\"name\":\"Parduotuv\u0117\",\"item\":\"https:\\\/\\\/madoskampas.lt\\\/parduotuve-2\\\/\"},{\"@type\":\"ListItem\",\"position\":3,\"name\":\"\u201eSoft Flow\u201c sijonas su \u0161ortais\"}]},{\"@type\":\"WebSite\",\"@id\":\"https:\\\/\\\/madoskampas.lt\\\/#website\",\"url\":\"https:\\\/\\\/madoskampas.lt\\\/\",\"name\":\"MadosKampas.lt\",\"description\":\"Stilingi drabu\u017eiai moterims\",\"potentialAction\":[{\"@type\":\"SearchAction\",\"target\":{\"@type\":\"EntryPoint\",\"urlTemplate\":\"https:\\\/\\\/madoskampas.lt\\\/?s={search_term_string}\"},\"query-input\":{\"@type\":\"PropertyValueSpecification\",\"valueRequired\":true,\"valueName\":\"search_term_string\"}}],\"inLanguage\":\"en-US\"}]}<\/script>\n<!-- \/ Yoast SEO plugin. -->","yoast_head_json":{"title":"\u201eSoft Flow\u201c sijonas su \u0161ortais - MadosKampas.lt","robots":{"index":"index","follow":"follow","max-snippet":"max-snippet:-1","max-image-preview":"max-image-preview:large","max-video-preview":"max-video-preview:-1"},"canonical":"https:\/\/madoskampas.lt\/en\/product\/soft-flow-sijonas-su-sortais\/","og_locale":"en_US","og_type":"article","og_title":"\u201eSoft Flow\u201c sijonas su \u0161ortais - MadosKampas.lt","og_description":"Lengvumas, kuris juda kartu su tavimi. \u201eSoft Flow\u201c sijonas su \u0161ortais \u2013 tai moteri\u0161kas siluetas ir visi\u0161kas komfortas viename. I\u0161 pirmo \u017evilgsnio \u2013 lengvai krentantis, banguojantis sijonas, ta\u010diau viduje pasl\u0117pti \u0161ortukai leid\u017eia jaustis u\u017etikrintai bet kokioje situacijoje. Audinys \u0161velnus, malonus k\u016bnui, gra\u017eiai krenta ir suteikia subtilios elegancijos. Puikiai dera tiek su lengvais megztukais, tiek su mar\u0161kin\u0117liais ar topais \u2013 nuo kasdienio iki \u0161iek tiek puo\u0161nesnio \u012fvaizd\u017eio.    I\u0161matavimai:\u2022 Ilgis: 41 cm\u2022 Liemuo: 36\u201345 cm (tempiasi)\u2022 Dydis: tinka S\u2013L    Kod\u0117l j\u012f pamilsi:\u2022 Sijonas + \u0161ortai \u2013 stilius ir komfortas viename\u2022 Lengvai krentantis audinys \u2013 gra\u017eus judesys einant\u2022 Elastingas liemuo \u2013 prisitaiko prie fig\u016bros\u2022 Nevar\u017eo judesi\u0173 \u2013 idealu aktyviai dienai\u2022 Lengvai derinamas prie \u012fvairi\u0173 outfit\u0173","og_url":"https:\/\/madoskampas.lt\/en\/product\/soft-flow-sijonas-su-sortais\/","og_site_name":"MadosKampas.lt","article_modified_time":"2026-05-15T08:49:59+00:00","og_image":[{"width":1920,"height":2560,"url":"https:\/\/madoskampas.lt\/wp-content\/uploads\/2026\/04\/img_5970-1-scaled.jpeg","type":"image\/jpeg"}],"twitter_card":"summary_large_image","twitter_misc":{"Est. reading time":"1 minute"},"schema":{"@context":"https:\/\/schema.org","@graph":[{"@type":"WebPage","@id":"https:\/\/madoskampas.lt\/produktas\/soft-flow-sijonas-su-sortais\/","url":"https:\/\/madoskampas.lt\/produktas\/soft-flow-sijonas-su-sortais\/","name":"\u201eSoft Flow\u201c sijonas su \u0161ortais - MadosKampas.lt","isPartOf":{"@id":"https:\/\/madoskampas.lt\/#website"},"primaryImageOfPage":{"@id":"https:\/\/madoskampas.lt\/produktas\/soft-flow-sijonas-su-sortais\/#primaryimage"},"image":{"@id":"https:\/\/madoskampas.lt\/produktas\/soft-flow-sijonas-su-sortais\/#primaryimage"},"thumbnailUrl":"https:\/\/madoskampas.lt\/wp-content\/uploads\/2026\/04\/img_8131-1-scaled.jpeg","datePublished":"2026-04-21T11:02:39+00:00","dateModified":"2026-05-15T08:49:59+00:00","breadcrumb":{"@id":"https:\/\/madoskampas.lt\/produktas\/soft-flow-sijonas-su-sortais\/#breadcrumb"},"inLanguage":"en-US","potentialAction":[{"@type":"ReadAction","target":["https:\/\/madoskampas.lt\/produktas\/soft-flow-sijonas-su-sortais\/"]}]},{"@type":"ImageObject","inLanguage":"en-US","@id":"https:\/\/madoskampas.lt\/produktas\/soft-flow-sijonas-su-sortais\/#primaryimage","url":"https:\/\/madoskampas.lt\/wp-content\/uploads\/2026\/04\/img_8131-1-scaled.jpeg","contentUrl":"https:\/\/madoskampas.lt\/wp-content\/uploads\/2026\/04\/img_8131-1-scaled.jpeg","width":1920,"height":2560},{"@type":"BreadcrumbList","@id":"https:\/\/madoskampas.lt\/produktas\/soft-flow-sijonas-su-sortais\/#breadcrumb","itemListElement":[{"@type":"ListItem","position":1,"name":"Home","item":"https:\/\/madoskampas.lt\/"},{"@type":"ListItem","position":2,"name":"Parduotuv\u0117","item":"https:\/\/madoskampas.lt\/parduotuve-2\/"},{"@type":"ListItem","position":3,"name":"\u201eSoft Flow\u201c sijonas su \u0161ortais"}]},{"@type":"WebSite","@id":"https:\/\/madoskampas.lt\/#website","url":"https:\/\/madoskampas.lt\/","name":"FashionKampas.lt","description":"Stylish clothes for women","potentialAction":[{"@type":"SearchAction","target":{"@type":"EntryPoint","urlTemplate":"https:\/\/madoskampas.lt\/?s={search_term_string}"},"query-input":{"@type":"PropertyValueSpecification","valueRequired":true,"valueName":"search_term_string"}}],"inLanguage":"en-US"}]}},"uagb_featured_image_src":{"full":["https:\/\/madoskampas.lt\/wp-content\/uploads\/2026\/04\/img_8131-1-scaled.jpeg",1920,2560,false],"thumbnail":["https:\/\/madoskampas.lt\/wp-content\/uploads\/2026\/04\/img_8131-1-150x150.jpeg",150,150,true],"medium":["https:\/\/madoskampas.lt\/wp-content\/uploads\/2026\/04\/img_8131-1-225x300.jpeg",225,300,true],"medium_large":["https:\/\/madoskampas.lt\/wp-content\/uploads\/2026\/04\/img_8131-1-768x1024.jpeg",768,1024,true],"large":["https:\/\/madoskampas.lt\/wp-content\/uploads\/2026\/04\/img_8131-1-768x1024.jpeg",768,1024,true],"1536x1536":["https:\/\/madoskampas.lt\/wp-content\/uploads\/2026\/04\/img_8131-1-1152x1536.jpeg",1152,1536,true],"2048x2048":["https:\/\/madoskampas.lt\/wp-content\/uploads\/2026\/04\/img_8131-1-1536x2048.jpeg",1536,2048,true],"trp-custom-language-flag":["https:\/\/madoskampas.lt\/wp-content\/uploads\/2026\/04\/img_8131-1-9x12.jpeg",9,12,true],"nova-image-square":["https:\/\/madoskampas.lt\/wp-content\/uploads\/2026\/04\/img_8131-1-1100x1100.jpeg",1100,1100,true],"mixtas-product-03":["https:\/\/madoskampas.lt\/wp-content\/uploads\/2026\/04\/img_8131-1-600x345.jpeg",600,345,true],"woocommerce_thumbnail":["https:\/\/madoskampas.lt\/wp-content\/uploads\/2026\/04\/img_8131-1-700x700.jpeg",700,700,true],"woocommerce_single":["https:\/\/madoskampas.lt\/wp-content\/uploads\/2026\/04\/img_8131-1-1000x1333.jpeg",1000,1333,true],"woocommerce_gallery_thumbnail":["https:\/\/madoskampas.lt\/wp-content\/uploads\/2026\/04\/img_8131-1-250x250.jpeg",250,250,true],"variation_swatches_image_size":["https:\/\/madoskampas.lt\/wp-content\/uploads\/2026\/04\/img_8131-1-50x50.jpeg",50,50,true],"variation_swatches_tooltip_size":["https:\/\/madoskampas.lt\/wp-content\/uploads\/2026\/04\/img_8131-1-100x100.jpeg",100,100,true]},"uagb_author_info":{"display_name":"algirdasbart","author_link":"https:\/\/madoskampas.lt\/en\/author\/"},"uagb_comment_info":0,"uagb_excerpt":"Lengvumas, kuris juda kartu su tavimi. \u201eSoft Flow\u201c sijonas su \u0161ortais \u2013 tai moteri\u0161kas siluetas ir visi\u0161kas komfortas viename. I\u0161 pirmo \u017evilgsnio \u2013 lengvai krentantis, banguojantis sijonas, ta\u010diau viduje pasl\u0117pti \u0161ortukai leid\u017eia jaustis u\u017etikrintai bet kokioje situacijoje. Audinys \u0161velnus, malonus k\u016bnui, gra\u017eiai krenta ir suteikia subtilios elegancijos. Puikiai dera tiek su lengvais megztukais, tiek su&hellip;","jetpack_sharing_enabled":true,"_links":{"self":[{"href":"https:\/\/madoskampas.lt\/en\/wp-json\/wp\/v2\/product\/31717","targetHints":{"allow":["GET"]}}],"collection":[{"href":"https:\/\/madoskampas.lt\/en\/wp-json\/wp\/v2\/product"}],"about":[{"href":"https:\/\/madoskampas.lt\/en\/wp-json\/wp\/v2\/types\/product"}],"replies":[{"embeddable":true,"href":"https:\/\/madoskampas.lt\/en\/wp-json\/wp\/v2\/comments?post=31717"}],"wp:featuredmedia":[{"embeddable":true,"href":"https:\/\/madoskampas.lt\/en\/wp-json\/wp\/v2\/media\/32668"}],"wp:attachment":[{"href":"https:\/\/madoskampas.lt\/en\/wp-json\/wp\/v2\/media?parent=31717"}],"wp:term":[{"taxonomy":"product_brand","embeddable":true,"href":"https:\/\/madoskampas.lt\/en\/wp-json\/wp\/v2\/product_brand?post=31717"},{"taxonomy":"product_cat","embeddable":true,"href":"https:\/\/madoskampas.lt\/en\/wp-json\/wp\/v2\/product_cat?post=31717"},{"taxonomy":"product_tag","embeddable":true,"href":"https:\/\/madoskampas.lt\/en\/wp-json\/wp\/v2\/product_tag?post=31717"}],"curies":[{"name":"wp","href":"https:\/\/api.w.org\/{rel}","templated":true}]}}