{"id":31723,"date":"2026-04-21T11:12:04","date_gmt":"2026-04-21T11:12:04","guid":{"rendered":"https:\/\/madoskampas.lt\/?post_type=product&#038;p=31723"},"modified":"2026-05-16T10:05:17","modified_gmt":"2026-05-16T10:05:17","slug":"velvet-cotton-lounge-kostiumelis","status":"publish","type":"product","link":"https:\/\/madoskampas.lt\/en\/product\/velvet-cotton-lounge-kostiumelis\/","title":{"rendered":"\u201eVelvet Cotton Lounge\u201c kostium\u0117lis"},"content":{"rendered":"<p data-start=\"192\" data-end=\"398\">Stilius, kuris atrodo prabangiai, bet jau\u010diasi kaip poilsis. \u201eVelvet Cotton Lounge\u201c kostium\u0117lis \u2013 tai 100% medviln\u0117s veli\u016brinio (velveto) audinio \u0161velnumas, laisv\u0117 ir effortless elegancija.<\/p>\n<p data-start=\"400\" data-end=\"695\">Lengvai krentantys mar\u0161kiniai\/svarkelis su subtiliomis detal\u0117mis ir reguliuojamu apa\u010dios suver\u017eimu leid\u017eia kurti skirtingus siluetus \u2013 nuo laisvo iki \u0161iek tiek strukt\u016bruoto. Keln\u0117s su guma patogiai prisitaiko prie liemens ir nevar\u017eo judesi\u0173, o mink\u0161tas audinys suteikia ypating\u0105 komforto jausm\u0105.<\/p>","protected":false},"excerpt":{"rendered":"<p data-start=\"192\" data-end=\"398\">Stilius, kuris atrodo prabangiai, bet jau\u010diasi kaip poilsis. \u201eVelvet Cotton Lounge\u201c kostium\u0117lis \u2013 tai 100% medviln\u0117s veli\u016brinio (velveto) audinio \u0161velnumas, laisv\u0117 ir effortless elegancija.<\/p>\n<p data-start=\"400\" data-end=\"695\">Lengvai krentantys mar\u0161kiniai\/svarkelis su subtiliomis detal\u0117mis ir reguliuojamu apa\u010dios suver\u017eimu leid\u017eia kurti skirtingus siluetus \u2013 nuo laisvo iki \u0161iek tiek strukt\u016bruoto. Keln\u0117s su guma patogiai prisitaiko prie liemens ir nevar\u017eo judesi\u0173, o mink\u0161tas audinys suteikia ypating\u0105 komforto jausm\u0105.<\/p>\n<p data-start=\"697\" data-end=\"803\">Tai tas derinys, kur\u012f vilk\u0117si ir mieste, ir kelion\u0117je, ir tada, kai norisi atrodyti stilingai be pastang\u0173.<\/p>\n<hr data-start=\"805\" data-end=\"808\" \/>\n<p data-start=\"810\" data-end=\"828\"><strong data-start=\"810\" data-end=\"826\">Dimensions:<\/strong><\/p>\n<p data-start=\"830\" data-end=\"899\"><strong data-start=\"830\" data-end=\"857\">Mar\u0161kiniai \/ svarkelis:<\/strong><br data-start=\"857\" data-end=\"860\" \/>\u2022 Ilgis: 61 cm<br data-start=\"874\" data-end=\"877\" \/>\u2022 Per kr\u016btin\u0119: 58 cm<\/p>\n<p data-start=\"901\" data-end=\"995\"><strong data-start=\"901\" data-end=\"912\">Keln\u0117s:<\/strong><br data-start=\"912\" data-end=\"915\" \/>\u2022 Ilgis: 101 cm<br data-start=\"930\" data-end=\"933\" \/>\u2022 Klubai: 54 cm<br data-start=\"948\" data-end=\"951\" \/>\u2022 Liemuo: 36\u201347 cm (reguliuojasi, su guma)<\/p>\n<p data-start=\"997\" data-end=\"1026\"><strong data-start=\"997\" data-end=\"1007\">Size:<\/strong> tinka S\/M \u2013 L\/XL<\/p>\n<hr data-start=\"1028\" data-end=\"1031\" \/>\n<p data-start=\"1033\" data-end=\"1326\"><strong data-start=\"1033\" data-end=\"1054\">Kod\u0117l j\u012f pamilsi:<\/strong><br data-start=\"1054\" data-end=\"1057\" \/>\u2022 100% medviln\u0117 \u2013 nat\u016bralus, kv\u0117puojantis audinys<br data-start=\"1106\" data-end=\"1109\" \/>\u2022 Velveto efektas \u2013 subtili prabanga kasdienai<br data-start=\"1155\" data-end=\"1158\" \/>\u2022 Laisvas siluetas \u2013 komfortas + stilius viename<br data-start=\"1206\" data-end=\"1209\" \/>\u2022 Reguliuojamas liemuo \u2013 prisitaiko prie fig\u016bros<br data-start=\"1257\" data-end=\"1260\" \/>\u2022 Universalus derinimas \u2013 tinka tiek laisvalaikiui, tiek miestui<\/p>","protected":false},"featured_media":31725,"comment_status":"open","ping_status":"closed","template":"","meta":{"_uag_custom_page_level_css":"","_monsterinsights_skip_tracking":false,"_monsterinsights_sitenote_active":false,"_monsterinsights_sitenote_note":"","_monsterinsights_sitenote_category":0},"product_brand":[],"product_cat":[203,66,70,95],"product_tag":[],"class_list":{"0":"post-31723","1":"product","2":"type-product","3":"status-publish","4":"has-post-thumbnail","6":"product_cat-dovanu-idejos","7":"product_cat-drabuziai","8":"product_cat-kostiumeliai","9":"product_cat-naujausi","10":"tm-has-options","12":"first","13":"instock","14":"sale","15":"shipping-taxable","16":"purchasable","17":"product-type-variable"},"yoast_head":"<!-- This site is optimized with the Yoast SEO plugin v27.6 - https:\/\/yoast.com\/product\/yoast-seo-wordpress\/ -->\n<title>\u201eVelvet Cotton Lounge\u201c kostium\u0117lis - MadosKampas.lt<\/title>\n<meta name=\"robots\" content=\"index, follow, max-snippet:-1, max-image-preview:large, max-video-preview:-1\" \/>\n<link rel=\"canonical\" href=\"https:\/\/madoskampas.lt\/en\/product\/velvet-cotton-lounge-kostiumelis\/\" \/>\n<meta property=\"og:locale\" content=\"en_US\" \/>\n<meta property=\"og:type\" content=\"article\" \/>\n<meta property=\"og:title\" content=\"\u201eVelvet Cotton Lounge\u201c kostium\u0117lis - MadosKampas.lt\" \/>\n<meta property=\"og:description\" content=\"Stilius, kuris atrodo prabangiai, bet jau\u010diasi kaip poilsis. \u201eVelvet Cotton Lounge\u201c kostium\u0117lis \u2013 tai 100% medviln\u0117s veli\u016brinio (velveto) audinio \u0161velnumas, laisv\u0117 ir effortless elegancija. Lengvai krentantys mar\u0161kiniai\/svarkelis su subtiliomis detal\u0117mis ir reguliuojamu apa\u010dios suver\u017eimu leid\u017eia kurti skirtingus siluetus \u2013 nuo laisvo iki \u0161iek tiek strukt\u016bruoto. Keln\u0117s su guma patogiai prisitaiko prie liemens ir nevar\u017eo judesi\u0173, o mink\u0161tas audinys suteikia ypating\u0105 komforto jausm\u0105. Tai tas derinys, kur\u012f vilk\u0117si ir mieste, ir kelion\u0117je, ir tada, kai norisi atrodyti stilingai be pastang\u0173.    I\u0161matavimai: Mar\u0161kiniai \/ svarkelis:\u2022 Ilgis: 61 cm\u2022 Per kr\u016btin\u0119: 58 cm Keln\u0117s:\u2022 Ilgis: 101 cm\u2022 Klubai: 54 cm\u2022 Liemuo: 36\u201347 cm (reguliuojasi, su guma) Dydis: tinka S\/M \u2013 L\/XL    Kod\u0117l j\u012f pamilsi:\u2022 100% medviln\u0117 \u2013 nat\u016bralus, kv\u0117puojantis audinys\u2022 Velveto efektas \u2013 subtili prabanga kasdienai\u2022 Laisvas siluetas \u2013 komfortas + stilius viename\u2022 Reguliuojamas liemuo \u2013 prisitaiko prie fig\u016bros\u2022 Universalus derinimas \u2013 tinka tiek laisvalaikiui, tiek miestui\" \/>\n<meta property=\"og:url\" content=\"https:\/\/madoskampas.lt\/en\/product\/velvet-cotton-lounge-kostiumelis\/\" \/>\n<meta property=\"og:site_name\" content=\"MadosKampas.lt\" \/>\n<meta property=\"article:modified_time\" content=\"2026-05-16T10:05:17+00:00\" \/>\n<meta property=\"og:image\" content=\"https:\/\/madoskampas.lt\/wp-content\/uploads\/2026\/04\/IMG_5814-scaled.jpeg\" \/>\n\t<meta property=\"og:image:width\" content=\"1920\" \/>\n\t<meta property=\"og:image:height\" content=\"2560\" \/>\n\t<meta property=\"og:image:type\" content=\"image\/jpeg\" \/>\n<meta name=\"twitter:card\" content=\"summary_large_image\" \/>\n<meta name=\"twitter:label1\" content=\"Est. reading time\" \/>\n\t<meta name=\"twitter:data1\" content=\"1 minute\" \/>\n<script type=\"application\/ld+json\" class=\"yoast-schema-graph\">{\"@context\":\"https:\\\/\\\/schema.org\",\"@graph\":[{\"@type\":\"WebPage\",\"@id\":\"https:\\\/\\\/madoskampas.lt\\\/produktas\\\/velvet-cotton-lounge-kostiumelis\\\/\",\"url\":\"https:\\\/\\\/madoskampas.lt\\\/produktas\\\/velvet-cotton-lounge-kostiumelis\\\/\",\"name\":\"\u201eVelvet Cotton Lounge\u201c kostium\u0117lis - MadosKampas.lt\",\"isPartOf\":{\"@id\":\"https:\\\/\\\/madoskampas.lt\\\/#website\"},\"primaryImageOfPage\":{\"@id\":\"https:\\\/\\\/madoskampas.lt\\\/produktas\\\/velvet-cotton-lounge-kostiumelis\\\/#primaryimage\"},\"image\":{\"@id\":\"https:\\\/\\\/madoskampas.lt\\\/produktas\\\/velvet-cotton-lounge-kostiumelis\\\/#primaryimage\"},\"thumbnailUrl\":\"https:\\\/\\\/madoskampas.lt\\\/wp-content\\\/uploads\\\/2026\\\/04\\\/IMG_5814-scaled.jpeg\",\"datePublished\":\"2026-04-21T11:12:04+00:00\",\"dateModified\":\"2026-05-16T10:05:17+00:00\",\"breadcrumb\":{\"@id\":\"https:\\\/\\\/madoskampas.lt\\\/produktas\\\/velvet-cotton-lounge-kostiumelis\\\/#breadcrumb\"},\"inLanguage\":\"en-US\",\"potentialAction\":[{\"@type\":\"ReadAction\",\"target\":[\"https:\\\/\\\/madoskampas.lt\\\/produktas\\\/velvet-cotton-lounge-kostiumelis\\\/\"]}]},{\"@type\":\"ImageObject\",\"inLanguage\":\"en-US\",\"@id\":\"https:\\\/\\\/madoskampas.lt\\\/produktas\\\/velvet-cotton-lounge-kostiumelis\\\/#primaryimage\",\"url\":\"https:\\\/\\\/madoskampas.lt\\\/wp-content\\\/uploads\\\/2026\\\/04\\\/IMG_5814-scaled.jpeg\",\"contentUrl\":\"https:\\\/\\\/madoskampas.lt\\\/wp-content\\\/uploads\\\/2026\\\/04\\\/IMG_5814-scaled.jpeg\",\"width\":1920,\"height\":2560},{\"@type\":\"BreadcrumbList\",\"@id\":\"https:\\\/\\\/madoskampas.lt\\\/produktas\\\/velvet-cotton-lounge-kostiumelis\\\/#breadcrumb\",\"itemListElement\":[{\"@type\":\"ListItem\",\"position\":1,\"name\":\"Home\",\"item\":\"https:\\\/\\\/madoskampas.lt\\\/\"},{\"@type\":\"ListItem\",\"position\":2,\"name\":\"Parduotuv\u0117\",\"item\":\"https:\\\/\\\/madoskampas.lt\\\/parduotuve-2\\\/\"},{\"@type\":\"ListItem\",\"position\":3,\"name\":\"\u201eVelvet Cotton Lounge\u201c kostium\u0117lis\"}]},{\"@type\":\"WebSite\",\"@id\":\"https:\\\/\\\/madoskampas.lt\\\/#website\",\"url\":\"https:\\\/\\\/madoskampas.lt\\\/\",\"name\":\"MadosKampas.lt\",\"description\":\"Stilingi drabu\u017eiai moterims\",\"potentialAction\":[{\"@type\":\"SearchAction\",\"target\":{\"@type\":\"EntryPoint\",\"urlTemplate\":\"https:\\\/\\\/madoskampas.lt\\\/?s={search_term_string}\"},\"query-input\":{\"@type\":\"PropertyValueSpecification\",\"valueRequired\":true,\"valueName\":\"search_term_string\"}}],\"inLanguage\":\"en-US\"}]}<\/script>\n<!-- \/ Yoast SEO plugin. -->","yoast_head_json":{"title":"\u201eVelvet Cotton Lounge\u201c kostium\u0117lis - MadosKampas.lt","robots":{"index":"index","follow":"follow","max-snippet":"max-snippet:-1","max-image-preview":"max-image-preview:large","max-video-preview":"max-video-preview:-1"},"canonical":"https:\/\/madoskampas.lt\/en\/product\/velvet-cotton-lounge-kostiumelis\/","og_locale":"en_US","og_type":"article","og_title":"\u201eVelvet Cotton Lounge\u201c kostium\u0117lis - MadosKampas.lt","og_description":"Stilius, kuris atrodo prabangiai, bet jau\u010diasi kaip poilsis. \u201eVelvet Cotton Lounge\u201c kostium\u0117lis \u2013 tai 100% medviln\u0117s veli\u016brinio (velveto) audinio \u0161velnumas, laisv\u0117 ir effortless elegancija. Lengvai krentantys mar\u0161kiniai\/svarkelis su subtiliomis detal\u0117mis ir reguliuojamu apa\u010dios suver\u017eimu leid\u017eia kurti skirtingus siluetus \u2013 nuo laisvo iki \u0161iek tiek strukt\u016bruoto. Keln\u0117s su guma patogiai prisitaiko prie liemens ir nevar\u017eo judesi\u0173, o mink\u0161tas audinys suteikia ypating\u0105 komforto jausm\u0105. Tai tas derinys, kur\u012f vilk\u0117si ir mieste, ir kelion\u0117je, ir tada, kai norisi atrodyti stilingai be pastang\u0173.    I\u0161matavimai: Mar\u0161kiniai \/ svarkelis:\u2022 Ilgis: 61 cm\u2022 Per kr\u016btin\u0119: 58 cm Keln\u0117s:\u2022 Ilgis: 101 cm\u2022 Klubai: 54 cm\u2022 Liemuo: 36\u201347 cm (reguliuojasi, su guma) Dydis: tinka S\/M \u2013 L\/XL    Kod\u0117l j\u012f pamilsi:\u2022 100% medviln\u0117 \u2013 nat\u016bralus, kv\u0117puojantis audinys\u2022 Velveto efektas \u2013 subtili prabanga kasdienai\u2022 Laisvas siluetas \u2013 komfortas + stilius viename\u2022 Reguliuojamas liemuo \u2013 prisitaiko prie fig\u016bros\u2022 Universalus derinimas \u2013 tinka tiek laisvalaikiui, tiek miestui","og_url":"https:\/\/madoskampas.lt\/en\/product\/velvet-cotton-lounge-kostiumelis\/","og_site_name":"MadosKampas.lt","article_modified_time":"2026-05-16T10:05:17+00:00","og_image":[{"width":1920,"height":2560,"url":"https:\/\/madoskampas.lt\/wp-content\/uploads\/2026\/04\/IMG_5814-scaled.jpeg","type":"image\/jpeg"}],"twitter_card":"summary_large_image","twitter_misc":{"Est. reading time":"1 minute"},"schema":{"@context":"https:\/\/schema.org","@graph":[{"@type":"WebPage","@id":"https:\/\/madoskampas.lt\/produktas\/velvet-cotton-lounge-kostiumelis\/","url":"https:\/\/madoskampas.lt\/produktas\/velvet-cotton-lounge-kostiumelis\/","name":"\u201eVelvet Cotton Lounge\u201c kostium\u0117lis - MadosKampas.lt","isPartOf":{"@id":"https:\/\/madoskampas.lt\/#website"},"primaryImageOfPage":{"@id":"https:\/\/madoskampas.lt\/produktas\/velvet-cotton-lounge-kostiumelis\/#primaryimage"},"image":{"@id":"https:\/\/madoskampas.lt\/produktas\/velvet-cotton-lounge-kostiumelis\/#primaryimage"},"thumbnailUrl":"https:\/\/madoskampas.lt\/wp-content\/uploads\/2026\/04\/IMG_5814-scaled.jpeg","datePublished":"2026-04-21T11:12:04+00:00","dateModified":"2026-05-16T10:05:17+00:00","breadcrumb":{"@id":"https:\/\/madoskampas.lt\/produktas\/velvet-cotton-lounge-kostiumelis\/#breadcrumb"},"inLanguage":"en-US","potentialAction":[{"@type":"ReadAction","target":["https:\/\/madoskampas.lt\/produktas\/velvet-cotton-lounge-kostiumelis\/"]}]},{"@type":"ImageObject","inLanguage":"en-US","@id":"https:\/\/madoskampas.lt\/produktas\/velvet-cotton-lounge-kostiumelis\/#primaryimage","url":"https:\/\/madoskampas.lt\/wp-content\/uploads\/2026\/04\/IMG_5814-scaled.jpeg","contentUrl":"https:\/\/madoskampas.lt\/wp-content\/uploads\/2026\/04\/IMG_5814-scaled.jpeg","width":1920,"height":2560},{"@type":"BreadcrumbList","@id":"https:\/\/madoskampas.lt\/produktas\/velvet-cotton-lounge-kostiumelis\/#breadcrumb","itemListElement":[{"@type":"ListItem","position":1,"name":"Home","item":"https:\/\/madoskampas.lt\/"},{"@type":"ListItem","position":2,"name":"Parduotuv\u0117","item":"https:\/\/madoskampas.lt\/parduotuve-2\/"},{"@type":"ListItem","position":3,"name":"\u201eVelvet Cotton Lounge\u201c kostium\u0117lis"}]},{"@type":"WebSite","@id":"https:\/\/madoskampas.lt\/#website","url":"https:\/\/madoskampas.lt\/","name":"FashionKampas.lt","description":"Stylish clothes for women","potentialAction":[{"@type":"SearchAction","target":{"@type":"EntryPoint","urlTemplate":"https:\/\/madoskampas.lt\/?s={search_term_string}"},"query-input":{"@type":"PropertyValueSpecification","valueRequired":true,"valueName":"search_term_string"}}],"inLanguage":"en-US"}]}},"uagb_featured_image_src":{"full":["https:\/\/madoskampas.lt\/wp-content\/uploads\/2026\/04\/IMG_5814-scaled.jpeg",1920,2560,false],"thumbnail":["https:\/\/madoskampas.lt\/wp-content\/uploads\/2026\/04\/IMG_5814-150x150.jpeg",150,150,true],"medium":["https:\/\/madoskampas.lt\/wp-content\/uploads\/2026\/04\/IMG_5814-225x300.jpeg",225,300,true],"medium_large":["https:\/\/madoskampas.lt\/wp-content\/uploads\/2026\/04\/IMG_5814-768x1024.jpeg",768,1024,true],"large":["https:\/\/madoskampas.lt\/wp-content\/uploads\/2026\/04\/IMG_5814-768x1024.jpeg",768,1024,true],"1536x1536":["https:\/\/madoskampas.lt\/wp-content\/uploads\/2026\/04\/IMG_5814-1152x1536.jpeg",1152,1536,true],"2048x2048":["https:\/\/madoskampas.lt\/wp-content\/uploads\/2026\/04\/IMG_5814-1536x2048.jpeg",1536,2048,true],"trp-custom-language-flag":["https:\/\/madoskampas.lt\/wp-content\/uploads\/2026\/04\/IMG_5814-9x12.jpeg",9,12,true],"nova-image-square":["https:\/\/madoskampas.lt\/wp-content\/uploads\/2026\/04\/IMG_5814-1100x1100.jpeg",1100,1100,true],"mixtas-product-03":["https:\/\/madoskampas.lt\/wp-content\/uploads\/2026\/04\/IMG_5814-600x345.jpeg",600,345,true],"woocommerce_thumbnail":["https:\/\/madoskampas.lt\/wp-content\/uploads\/2026\/04\/IMG_5814-700x700.jpeg",700,700,true],"woocommerce_single":["https:\/\/madoskampas.lt\/wp-content\/uploads\/2026\/04\/IMG_5814-1000x1333.jpeg",1000,1333,true],"woocommerce_gallery_thumbnail":["https:\/\/madoskampas.lt\/wp-content\/uploads\/2026\/04\/IMG_5814-250x250.jpeg",250,250,true],"variation_swatches_image_size":["https:\/\/madoskampas.lt\/wp-content\/uploads\/2026\/04\/IMG_5814-50x50.jpeg",50,50,true],"variation_swatches_tooltip_size":["https:\/\/madoskampas.lt\/wp-content\/uploads\/2026\/04\/IMG_5814-100x100.jpeg",100,100,true]},"uagb_author_info":{"display_name":"algirdasbart","author_link":"https:\/\/madoskampas.lt\/en\/author\/"},"uagb_comment_info":0,"uagb_excerpt":"Stilius, kuris atrodo prabangiai, bet jau\u010diasi kaip poilsis. \u201eVelvet Cotton Lounge\u201c kostium\u0117lis \u2013 tai 100% medviln\u0117s veli\u016brinio (velveto) audinio \u0161velnumas, laisv\u0117 ir effortless elegancija. Lengvai krentantys mar\u0161kiniai\/svarkelis su subtiliomis detal\u0117mis ir reguliuojamu apa\u010dios suver\u017eimu leid\u017eia kurti skirtingus siluetus \u2013 nuo laisvo iki \u0161iek tiek strukt\u016bruoto. Keln\u0117s su guma patogiai prisitaiko prie liemens ir nevar\u017eo judesi\u0173,&hellip;","jetpack_sharing_enabled":true,"_links":{"self":[{"href":"https:\/\/madoskampas.lt\/en\/wp-json\/wp\/v2\/product\/31723","targetHints":{"allow":["GET"]}}],"collection":[{"href":"https:\/\/madoskampas.lt\/en\/wp-json\/wp\/v2\/product"}],"about":[{"href":"https:\/\/madoskampas.lt\/en\/wp-json\/wp\/v2\/types\/product"}],"replies":[{"embeddable":true,"href":"https:\/\/madoskampas.lt\/en\/wp-json\/wp\/v2\/comments?post=31723"}],"wp:featuredmedia":[{"embeddable":true,"href":"https:\/\/madoskampas.lt\/en\/wp-json\/wp\/v2\/media\/31725"}],"wp:attachment":[{"href":"https:\/\/madoskampas.lt\/en\/wp-json\/wp\/v2\/media?parent=31723"}],"wp:term":[{"taxonomy":"product_brand","embeddable":true,"href":"https:\/\/madoskampas.lt\/en\/wp-json\/wp\/v2\/product_brand?post=31723"},{"taxonomy":"product_cat","embeddable":true,"href":"https:\/\/madoskampas.lt\/en\/wp-json\/wp\/v2\/product_cat?post=31723"},{"taxonomy":"product_tag","embeddable":true,"href":"https:\/\/madoskampas.lt\/en\/wp-json\/wp\/v2\/product_tag?post=31723"}],"curies":[{"name":"wp","href":"https:\/\/api.w.org\/{rel}","templated":true}]}}