{"id":32105,"date":"2026-04-24T12:28:05","date_gmt":"2026-04-24T12:28:05","guid":{"rendered":"https:\/\/madoskampas.lt\/?post_type=product&#038;p=32105"},"modified":"2026-05-16T19:02:58","modified_gmt":"2026-05-16T19:02:58","slug":"suknele-svelni-elegancija","status":"publish","type":"product","link":"https:\/\/madoskampas.lt\/en\/product\/suknele-svelni-elegancija\/","title":{"rendered":"Suknel\u0117 \u201e\u0160velni elegancija\u201c"},"content":{"rendered":"<p data-start=\"48\" data-end=\"236\">Lengvumas, kuris subtiliai pabr\u0117\u017eia moteri\u0161kum\u0105 \u2728<br data-start=\"114\" data-end=\"117\" \/>\u0160i suknel\u0117 \u2013 tai derinys tarp patogumo ir elegancijos, kuri\u0105 norisi vilk\u0117ti tiek kasdien, tiek ypatingesn\u0117mis progomis.<\/p>\n<p data-start=\"238\" data-end=\"474\">Mink\u0161tai krintantis audinys \u0161velniai juda kartu su kiekvienu \u017eingsniu, o liemuo su guma gra\u017eiai prisitaiko prie fig\u016bros ir i\u0161ry\u0161kina siluet\u0105. Laisvesnis kirpimas suteikia jaukumo jausm\u0105, tod\u0117l jausit\u0117s lengvai ir u\u017etikrintai vis\u0105 dien\u0105.<\/p>","protected":false},"excerpt":{"rendered":"<div class=\"relative basis-auto flex-col -mb-(--composer-overlap-px) pb-(--composer-overlap-px) [--composer-overlap-px:28px] grow flex\">\n<div class=\"flex flex-col text-sm\">\n<section class=\"text-token-text-primary w-full focus:outline-none [--shadow-height:45px] has-data-writing-block:pointer-events-none has-data-writing-block:-mt-(--shadow-height) has-data-writing-block:pt-(--shadow-height) [&amp;:has([data-writing-block])&gt;*]:pointer-events-auto [content-visibility:auto] supports-[content-visibility:auto]:[contain-intrinsic-size:auto_100lvh] R6Vx5W_threadScrollVars scroll-mb-[calc(var(--scroll-root-safe-area-inset-bottom,0px)+var(--thread-response-height))] scroll-mt-[calc(var(--header-height)+min(200px,max(70px,20svh)))]\" dir=\"auto\" data-turn-id=\"request-WEB:26891775-7b76-41f7-981d-e85cc925e6d7-103\" data-testid=\"conversation-turn-94\" data-scroll-anchor=\"false\" data-turn=\"assistant\">\n<div class=\"text-base my-auto mx-auto pb-10 [--thread-content-margin:var(--thread-content-margin-xs,calc(var(--spacing)*4))] @w-sm\/main:[--thread-content-margin:var(--thread-content-margin-sm,calc(var(--spacing)*6))] @w-lg\/main:[--thread-content-margin:var(--thread-content-margin-lg,calc(var(--spacing)*16))] px-(--thread-content-margin)\">\n<div class=\"[--thread-content-max-width:40rem] @w-lg\/main:[--thread-content-max-width:48rem] mx-auto max-w-(--thread-content-max-width) flex-1 group\/turn-messages focus-visible:outline-hidden relative flex w-full min-w-0 flex-col agent-turn\">\n<div class=\"flex max-w-full flex-col gap-4 grow\">\n<div class=\"min-h-8 text-message relative flex w-full flex-col items-end gap-2 text-start break-words whitespace-normal outline-none keyboard-focused:focus-ring [.text-message+&amp;]:mt-1\" dir=\"auto\" tabindex=\"0\" data-message-author-role=\"assistant\" data-message-id=\"6a213c6c-8105-45a5-bf95-ea6a718ff838\" data-message-model-slug=\"gpt-5-3\" data-turn-start-message=\"true\">\n<div class=\"flex w-full flex-col gap-1 empty:hidden\">\n<div class=\"markdown prose dark:prose-invert w-full wrap-break-word light markdown-new-styling\">\n<p data-start=\"48\" data-end=\"236\">Lengvumas, kuris subtiliai pabr\u0117\u017eia moteri\u0161kum\u0105 \u2728<br data-start=\"114\" data-end=\"117\" \/>\u0160i suknel\u0117 \u2013 tai derinys tarp patogumo ir elegancijos, kuri\u0105 norisi vilk\u0117ti tiek kasdien, tiek ypatingesn\u0117mis progomis.<\/p>\n<p data-start=\"238\" data-end=\"474\">Mink\u0161tai krintantis audinys \u0161velniai juda kartu su kiekvienu \u017eingsniu, o liemuo su guma gra\u017eiai prisitaiko prie fig\u016bros ir i\u0161ry\u0161kina siluet\u0105. Laisvesnis kirpimas suteikia jaukumo jausm\u0105, tod\u0117l jausit\u0117s lengvai ir u\u017etikrintai vis\u0105 dien\u0105.<\/p>\n<p data-start=\"476\" data-end=\"593\">Puikiai dera tiek su sportine avalyne kasdienai, tiek su eleganti\u0161kesniais batais \u2013 vienas modelis, daugyb\u0117 nuotaik\u0173.<\/p>\n<p data-start=\"595\" data-end=\"688\"><strong data-start=\"595\" data-end=\"611\">I\u0161matavimai:<\/strong><br data-start=\"611\" data-end=\"614\" \/>Dydis: S\u2013L<br data-start=\"624\" data-end=\"627\" \/>Ilgis: 99 cm<br data-start=\"639\" data-end=\"642\" \/>Per kr\u016btin\u0119: 51 cm<br data-start=\"660\" data-end=\"663\" \/>Liemuo (guma): 33\u201351 cm<\/p>\n<p data-start=\"690\" data-end=\"735\"><strong data-start=\"690\" data-end=\"702\">Sud\u0117tis:<\/strong><br data-start=\"702\" data-end=\"705\" \/>87% viskoz\u0117, 13% poliesteris<\/p>\n<p data-start=\"737\" data-end=\"806\" data-is-last-node=\"\" data-is-only-node=\"\">\ud83c\udf3f Lengva, patogi ir moteri\u0161ka \u2013 suknel\u0117, kuri prisitaiko prie Tav\u0119s.<\/p>\n<\/div>\n<\/div>\n<\/div>\n<\/div>\n<\/div>\n<\/div>\n<\/section>\n<\/div>\n<\/div>\n","protected":false},"featured_media":32101,"comment_status":"open","ping_status":"closed","template":"","meta":{"_uag_custom_page_level_css":"","_monsterinsights_skip_tracking":false,"_monsterinsights_sitenote_active":false,"_monsterinsights_sitenote_note":"","_monsterinsights_sitenote_category":0},"product_brand":[],"product_cat":[203,66,95,78],"product_tag":[],"class_list":{"0":"post-32105","1":"product","2":"type-product","3":"status-publish","4":"has-post-thumbnail","6":"product_cat-dovanu-idejos","7":"product_cat-drabuziai","8":"product_cat-naujausi","9":"product_cat-sukneles","10":"tm-has-options","12":"first","13":"instock","14":"shipping-taxable","15":"purchasable","16":"product-type-variable"},"yoast_head":"<!-- This site is optimized with the Yoast SEO plugin v27.6 - https:\/\/yoast.com\/product\/yoast-seo-wordpress\/ -->\n<title>Suknel\u0117 \u201e\u0160velni elegancija\u201c - MadosKampas.lt<\/title>\n<meta name=\"robots\" content=\"index, follow, max-snippet:-1, max-image-preview:large, max-video-preview:-1\" \/>\n<link rel=\"canonical\" href=\"https:\/\/madoskampas.lt\/en\/product\/suknele-svelni-elegancija\/\" \/>\n<meta property=\"og:locale\" content=\"en_US\" \/>\n<meta property=\"og:type\" content=\"article\" \/>\n<meta property=\"og:title\" content=\"Suknel\u0117 \u201e\u0160velni elegancija\u201c - MadosKampas.lt\" \/>\n<meta property=\"og:description\" content=\"Lengvumas, kuris subtiliai pabr\u0117\u017eia moteri\u0161kum\u0105 \u2728\u0160i suknel\u0117 \u2013 tai derinys tarp patogumo ir elegancijos, kuri\u0105 norisi vilk\u0117ti tiek kasdien, tiek ypatingesn\u0117mis progomis. Mink\u0161tai krintantis audinys \u0161velniai juda kartu su kiekvienu \u017eingsniu, o liemuo su guma gra\u017eiai prisitaiko prie fig\u016bros ir i\u0161ry\u0161kina siluet\u0105. Laisvesnis kirpimas suteikia jaukumo jausm\u0105, tod\u0117l jausit\u0117s lengvai ir u\u017etikrintai vis\u0105 dien\u0105. Puikiai dera tiek su sportine avalyne kasdienai, tiek su eleganti\u0161kesniais batais \u2013 vienas modelis, daugyb\u0117 nuotaik\u0173. I\u0161matavimai:Dydis: S\u2013LIlgis: 99 cmPer kr\u016btin\u0119: 51 cmLiemuo (guma): 33\u201351 cm Sud\u0117tis:87% viskoz\u0117, 13% poliesteris \ud83c\udf3f Lengva, patogi ir moteri\u0161ka \u2013 suknel\u0117, kuri prisitaiko prie Tav\u0119s.\" \/>\n<meta property=\"og:url\" content=\"https:\/\/madoskampas.lt\/en\/product\/suknele-svelni-elegancija\/\" \/>\n<meta property=\"og:site_name\" content=\"MadosKampas.lt\" \/>\n<meta property=\"article:modified_time\" content=\"2026-05-16T19:02:58+00:00\" \/>\n<meta property=\"og:image\" content=\"https:\/\/madoskampas.lt\/wp-content\/uploads\/2026\/04\/IMG_6620-scaled.jpeg\" \/>\n\t<meta property=\"og:image:width\" content=\"1920\" \/>\n\t<meta property=\"og:image:height\" content=\"2560\" \/>\n\t<meta property=\"og:image:type\" content=\"image\/jpeg\" \/>\n<meta name=\"twitter:card\" content=\"summary_large_image\" \/>\n<meta name=\"twitter:label1\" content=\"Est. reading time\" \/>\n\t<meta name=\"twitter:data1\" content=\"1 minute\" \/>\n<script type=\"application\/ld+json\" class=\"yoast-schema-graph\">{\"@context\":\"https:\\\/\\\/schema.org\",\"@graph\":[{\"@type\":\"WebPage\",\"@id\":\"https:\\\/\\\/madoskampas.lt\\\/produktas\\\/suknele-svelni-elegancija\\\/\",\"url\":\"https:\\\/\\\/madoskampas.lt\\\/produktas\\\/suknele-svelni-elegancija\\\/\",\"name\":\"Suknel\u0117 \u201e\u0160velni elegancija\u201c - MadosKampas.lt\",\"isPartOf\":{\"@id\":\"https:\\\/\\\/madoskampas.lt\\\/#website\"},\"primaryImageOfPage\":{\"@id\":\"https:\\\/\\\/madoskampas.lt\\\/produktas\\\/suknele-svelni-elegancija\\\/#primaryimage\"},\"image\":{\"@id\":\"https:\\\/\\\/madoskampas.lt\\\/produktas\\\/suknele-svelni-elegancija\\\/#primaryimage\"},\"thumbnailUrl\":\"https:\\\/\\\/madoskampas.lt\\\/wp-content\\\/uploads\\\/2026\\\/04\\\/IMG_6620-scaled.jpeg\",\"datePublished\":\"2026-04-24T12:28:05+00:00\",\"dateModified\":\"2026-05-16T19:02:58+00:00\",\"breadcrumb\":{\"@id\":\"https:\\\/\\\/madoskampas.lt\\\/produktas\\\/suknele-svelni-elegancija\\\/#breadcrumb\"},\"inLanguage\":\"en-US\",\"potentialAction\":[{\"@type\":\"ReadAction\",\"target\":[\"https:\\\/\\\/madoskampas.lt\\\/produktas\\\/suknele-svelni-elegancija\\\/\"]}]},{\"@type\":\"ImageObject\",\"inLanguage\":\"en-US\",\"@id\":\"https:\\\/\\\/madoskampas.lt\\\/produktas\\\/suknele-svelni-elegancija\\\/#primaryimage\",\"url\":\"https:\\\/\\\/madoskampas.lt\\\/wp-content\\\/uploads\\\/2026\\\/04\\\/IMG_6620-scaled.jpeg\",\"contentUrl\":\"https:\\\/\\\/madoskampas.lt\\\/wp-content\\\/uploads\\\/2026\\\/04\\\/IMG_6620-scaled.jpeg\",\"width\":1920,\"height\":2560},{\"@type\":\"BreadcrumbList\",\"@id\":\"https:\\\/\\\/madoskampas.lt\\\/produktas\\\/suknele-svelni-elegancija\\\/#breadcrumb\",\"itemListElement\":[{\"@type\":\"ListItem\",\"position\":1,\"name\":\"Home\",\"item\":\"https:\\\/\\\/madoskampas.lt\\\/\"},{\"@type\":\"ListItem\",\"position\":2,\"name\":\"Parduotuv\u0117\",\"item\":\"https:\\\/\\\/madoskampas.lt\\\/parduotuve-2\\\/\"},{\"@type\":\"ListItem\",\"position\":3,\"name\":\"Suknel\u0117 \u201e\u0160velni elegancija\u201c\"}]},{\"@type\":\"WebSite\",\"@id\":\"https:\\\/\\\/madoskampas.lt\\\/#website\",\"url\":\"https:\\\/\\\/madoskampas.lt\\\/\",\"name\":\"MadosKampas.lt\",\"description\":\"Stilingi drabu\u017eiai moterims\",\"potentialAction\":[{\"@type\":\"SearchAction\",\"target\":{\"@type\":\"EntryPoint\",\"urlTemplate\":\"https:\\\/\\\/madoskampas.lt\\\/?s={search_term_string}\"},\"query-input\":{\"@type\":\"PropertyValueSpecification\",\"valueRequired\":true,\"valueName\":\"search_term_string\"}}],\"inLanguage\":\"en-US\"}]}<\/script>\n<!-- \/ Yoast SEO plugin. -->","yoast_head_json":{"title":"Suknel\u0117 \u201e\u0160velni elegancija\u201c - MadosKampas.lt","robots":{"index":"index","follow":"follow","max-snippet":"max-snippet:-1","max-image-preview":"max-image-preview:large","max-video-preview":"max-video-preview:-1"},"canonical":"https:\/\/madoskampas.lt\/en\/product\/suknele-svelni-elegancija\/","og_locale":"en_US","og_type":"article","og_title":"Suknel\u0117 \u201e\u0160velni elegancija\u201c - MadosKampas.lt","og_description":"Lengvumas, kuris subtiliai pabr\u0117\u017eia moteri\u0161kum\u0105 \u2728\u0160i suknel\u0117 \u2013 tai derinys tarp patogumo ir elegancijos, kuri\u0105 norisi vilk\u0117ti tiek kasdien, tiek ypatingesn\u0117mis progomis. Mink\u0161tai krintantis audinys \u0161velniai juda kartu su kiekvienu \u017eingsniu, o liemuo su guma gra\u017eiai prisitaiko prie fig\u016bros ir i\u0161ry\u0161kina siluet\u0105. Laisvesnis kirpimas suteikia jaukumo jausm\u0105, tod\u0117l jausit\u0117s lengvai ir u\u017etikrintai vis\u0105 dien\u0105. Puikiai dera tiek su sportine avalyne kasdienai, tiek su eleganti\u0161kesniais batais \u2013 vienas modelis, daugyb\u0117 nuotaik\u0173. I\u0161matavimai:Dydis: S\u2013LIlgis: 99 cmPer kr\u016btin\u0119: 51 cmLiemuo (guma): 33\u201351 cm Sud\u0117tis:87% viskoz\u0117, 13% poliesteris \ud83c\udf3f Lengva, patogi ir moteri\u0161ka \u2013 suknel\u0117, kuri prisitaiko prie Tav\u0119s.","og_url":"https:\/\/madoskampas.lt\/en\/product\/suknele-svelni-elegancija\/","og_site_name":"MadosKampas.lt","article_modified_time":"2026-05-16T19:02:58+00:00","og_image":[{"width":1920,"height":2560,"url":"https:\/\/madoskampas.lt\/wp-content\/uploads\/2026\/04\/IMG_6620-scaled.jpeg","type":"image\/jpeg"}],"twitter_card":"summary_large_image","twitter_misc":{"Est. reading time":"1 minute"},"schema":{"@context":"https:\/\/schema.org","@graph":[{"@type":"WebPage","@id":"https:\/\/madoskampas.lt\/produktas\/suknele-svelni-elegancija\/","url":"https:\/\/madoskampas.lt\/produktas\/suknele-svelni-elegancija\/","name":"Suknel\u0117 \u201e\u0160velni elegancija\u201c - MadosKampas.lt","isPartOf":{"@id":"https:\/\/madoskampas.lt\/#website"},"primaryImageOfPage":{"@id":"https:\/\/madoskampas.lt\/produktas\/suknele-svelni-elegancija\/#primaryimage"},"image":{"@id":"https:\/\/madoskampas.lt\/produktas\/suknele-svelni-elegancija\/#primaryimage"},"thumbnailUrl":"https:\/\/madoskampas.lt\/wp-content\/uploads\/2026\/04\/IMG_6620-scaled.jpeg","datePublished":"2026-04-24T12:28:05+00:00","dateModified":"2026-05-16T19:02:58+00:00","breadcrumb":{"@id":"https:\/\/madoskampas.lt\/produktas\/suknele-svelni-elegancija\/#breadcrumb"},"inLanguage":"en-US","potentialAction":[{"@type":"ReadAction","target":["https:\/\/madoskampas.lt\/produktas\/suknele-svelni-elegancija\/"]}]},{"@type":"ImageObject","inLanguage":"en-US","@id":"https:\/\/madoskampas.lt\/produktas\/suknele-svelni-elegancija\/#primaryimage","url":"https:\/\/madoskampas.lt\/wp-content\/uploads\/2026\/04\/IMG_6620-scaled.jpeg","contentUrl":"https:\/\/madoskampas.lt\/wp-content\/uploads\/2026\/04\/IMG_6620-scaled.jpeg","width":1920,"height":2560},{"@type":"BreadcrumbList","@id":"https:\/\/madoskampas.lt\/produktas\/suknele-svelni-elegancija\/#breadcrumb","itemListElement":[{"@type":"ListItem","position":1,"name":"Home","item":"https:\/\/madoskampas.lt\/"},{"@type":"ListItem","position":2,"name":"Parduotuv\u0117","item":"https:\/\/madoskampas.lt\/parduotuve-2\/"},{"@type":"ListItem","position":3,"name":"Suknel\u0117 \u201e\u0160velni elegancija\u201c"}]},{"@type":"WebSite","@id":"https:\/\/madoskampas.lt\/#website","url":"https:\/\/madoskampas.lt\/","name":"FashionKampas.lt","description":"Stylish clothes for women","potentialAction":[{"@type":"SearchAction","target":{"@type":"EntryPoint","urlTemplate":"https:\/\/madoskampas.lt\/?s={search_term_string}"},"query-input":{"@type":"PropertyValueSpecification","valueRequired":true,"valueName":"search_term_string"}}],"inLanguage":"en-US"}]}},"uagb_featured_image_src":{"full":["https:\/\/madoskampas.lt\/wp-content\/uploads\/2026\/04\/IMG_6620-scaled.jpeg",1920,2560,false],"thumbnail":["https:\/\/madoskampas.lt\/wp-content\/uploads\/2026\/04\/IMG_6620-150x150.jpeg",150,150,true],"medium":["https:\/\/madoskampas.lt\/wp-content\/uploads\/2026\/04\/IMG_6620-225x300.jpeg",225,300,true],"medium_large":["https:\/\/madoskampas.lt\/wp-content\/uploads\/2026\/04\/IMG_6620-768x1024.jpeg",768,1024,true],"large":["https:\/\/madoskampas.lt\/wp-content\/uploads\/2026\/04\/IMG_6620-768x1024.jpeg",768,1024,true],"1536x1536":["https:\/\/madoskampas.lt\/wp-content\/uploads\/2026\/04\/IMG_6620-1152x1536.jpeg",1152,1536,true],"2048x2048":["https:\/\/madoskampas.lt\/wp-content\/uploads\/2026\/04\/IMG_6620-1536x2048.jpeg",1536,2048,true],"trp-custom-language-flag":["https:\/\/madoskampas.lt\/wp-content\/uploads\/2026\/04\/IMG_6620-9x12.jpeg",9,12,true],"nova-image-square":["https:\/\/madoskampas.lt\/wp-content\/uploads\/2026\/04\/IMG_6620-1100x1100.jpeg",1100,1100,true],"mixtas-product-03":["https:\/\/madoskampas.lt\/wp-content\/uploads\/2026\/04\/IMG_6620-600x345.jpeg",600,345,true],"woocommerce_thumbnail":["https:\/\/madoskampas.lt\/wp-content\/uploads\/2026\/04\/IMG_6620-700x700.jpeg",700,700,true],"woocommerce_single":["https:\/\/madoskampas.lt\/wp-content\/uploads\/2026\/04\/IMG_6620-1000x1333.jpeg",1000,1333,true],"woocommerce_gallery_thumbnail":["https:\/\/madoskampas.lt\/wp-content\/uploads\/2026\/04\/IMG_6620-250x250.jpeg",250,250,true],"variation_swatches_image_size":["https:\/\/madoskampas.lt\/wp-content\/uploads\/2026\/04\/IMG_6620-50x50.jpeg",50,50,true],"variation_swatches_tooltip_size":["https:\/\/madoskampas.lt\/wp-content\/uploads\/2026\/04\/IMG_6620-100x100.jpeg",100,100,true]},"uagb_author_info":{"display_name":"algirdasbart","author_link":"https:\/\/madoskampas.lt\/en\/author\/"},"uagb_comment_info":0,"uagb_excerpt":"Lengvumas, kuris subtiliai pabr\u0117\u017eia moteri\u0161kum\u0105 \u2728\u0160i suknel\u0117 \u2013 tai derinys tarp patogumo ir elegancijos, kuri\u0105 norisi vilk\u0117ti tiek kasdien, tiek ypatingesn\u0117mis progomis. Mink\u0161tai krintantis audinys \u0161velniai juda kartu su kiekvienu \u017eingsniu, o liemuo su guma gra\u017eiai prisitaiko prie fig\u016bros ir i\u0161ry\u0161kina siluet\u0105. Laisvesnis kirpimas suteikia jaukumo jausm\u0105, tod\u0117l jausit\u0117s lengvai ir u\u017etikrintai vis\u0105 dien\u0105. Puikiai&hellip;","jetpack_sharing_enabled":true,"_links":{"self":[{"href":"https:\/\/madoskampas.lt\/en\/wp-json\/wp\/v2\/product\/32105","targetHints":{"allow":["GET"]}}],"collection":[{"href":"https:\/\/madoskampas.lt\/en\/wp-json\/wp\/v2\/product"}],"about":[{"href":"https:\/\/madoskampas.lt\/en\/wp-json\/wp\/v2\/types\/product"}],"replies":[{"embeddable":true,"href":"https:\/\/madoskampas.lt\/en\/wp-json\/wp\/v2\/comments?post=32105"}],"wp:featuredmedia":[{"embeddable":true,"href":"https:\/\/madoskampas.lt\/en\/wp-json\/wp\/v2\/media\/32101"}],"wp:attachment":[{"href":"https:\/\/madoskampas.lt\/en\/wp-json\/wp\/v2\/media?parent=32105"}],"wp:term":[{"taxonomy":"product_brand","embeddable":true,"href":"https:\/\/madoskampas.lt\/en\/wp-json\/wp\/v2\/product_brand?post=32105"},{"taxonomy":"product_cat","embeddable":true,"href":"https:\/\/madoskampas.lt\/en\/wp-json\/wp\/v2\/product_cat?post=32105"},{"taxonomy":"product_tag","embeddable":true,"href":"https:\/\/madoskampas.lt\/en\/wp-json\/wp\/v2\/product_tag?post=32105"}],"curies":[{"name":"wp","href":"https:\/\/api.w.org\/{rel}","templated":true}]}}