{"id":32798,"date":"2026-05-07T12:08:31","date_gmt":"2026-05-07T12:08:31","guid":{"rendered":"https:\/\/madoskampas.lt\/?post_type=product&#038;p=32798"},"modified":"2026-05-08T21:46:01","modified_gmt":"2026-05-08T21:46:01","slug":"romantiska-suknele-soft-bloom","status":"publish","type":"product","link":"https:\/\/madoskampas.lt\/en\/product\/romantiska-suknele-soft-bloom\/","title":{"rendered":"Romanti\u0161ka suknel\u0117 \u201eSoft Bloom\u201c"},"content":{"rendered":"<p data-start=\"52\" data-end=\"184\">Lengva lyg vasaros dvelksmas \u2013 \u0161i subtili suknel\u0117 \u017eavi savo krentan\u010diu siluetu ir i\u0161skirtiniu tekst\u016briniu audiniu \u2728<\/p>\n<p data-start=\"186\" data-end=\"444\">Moteri\u0161kas modelis gra\u017eiai i\u0161ry\u0161kina liemen\u012f, o lengvai plat\u0117jantis sijonas suteikia elegancijos kiekvienam \u017eingsniui. Prie suknel\u0117s derantis dir\u017eelis leid\u017eia formuoti siluet\u0105 pagal save, tod\u0117l ji puikiai tiks tiek kasdienai, tiek jaukesn\u0117ms vasaros progoms.<\/p>","protected":false},"excerpt":{"rendered":"<p data-start=\"52\" data-end=\"184\">Lengva lyg vasaros dvelksmas \u2013 \u0161i subtili suknel\u0117 \u017eavi savo krentan\u010diu siluetu ir i\u0161skirtiniu tekst\u016briniu audiniu \u2728<\/p>\n<p data-start=\"186\" data-end=\"444\">Moteri\u0161kas modelis gra\u017eiai i\u0161ry\u0161kina liemen\u012f, o lengvai plat\u0117jantis sijonas suteikia elegancijos kiekvienam \u017eingsniui. Prie suknel\u0117s derantis dir\u017eelis leid\u017eia formuoti siluet\u0105 pagal save, tod\u0117l ji puikiai tiks tiek kasdienai, tiek jaukesn\u0117ms vasaros progoms.<\/p>\n<p data-start=\"446\" data-end=\"536\">\u0160velnios spalvos ir lengvas audinys kuria prabang\u0173, ta\u010diau labai lengvai derinam\u0105 \u012fvaizd\u012f.<\/p>\n<p data-start=\"538\" data-end=\"741\">\u2728 Krentantis, lengvas modelis<br \/>\n\u2728 Tamprus liemuo prisitaiko prie fig\u016bros<br \/>\n\u2728 Stilinga tekst\u016bra suteikia i\u0161skirtinumo<br \/>\n\u2728 Su dir\u017eeliu<br \/>\n\u2728 Puikiai dera tiek su sportiniu, tiek eleganti\u0161ku avalyn\u0117s stiliumi<\/p>\n<p data-start=\"743\" data-end=\"832\">\ud83d\udccf Dimensions:<br \/>\n\u2022 Ilgis \u2013 87 cm<br \/>\n\u2022 Per kr\u016btin\u0119 \u2013 48 cm<br \/>\n\u2022 Liemuo \u2013 nuo 37 iki 50 cm<\/p>\n<p data-start=\"834\" data-end=\"886\" data-is-last-node=\"\" data-is-only-node=\"\">\ud83d\udccc Dydis: universalus<br \/>\n\ud83d\udccc Sud\u0117tis: 100% poliesteris<\/p>","protected":false},"featured_media":32803,"comment_status":"open","ping_status":"closed","template":"","meta":{"_uag_custom_page_level_css":"","_monsterinsights_skip_tracking":false,"_monsterinsights_sitenote_active":false,"_monsterinsights_sitenote_note":"","_monsterinsights_sitenote_category":0},"product_brand":[],"product_cat":[66,95,78],"product_tag":[],"class_list":{"0":"post-32798","1":"product","2":"type-product","3":"status-publish","4":"has-post-thumbnail","6":"product_cat-drabuziai","7":"product_cat-naujausi","8":"product_cat-sukneles","9":"tm-has-options","11":"first","12":"instock","13":"shipping-taxable","14":"purchasable","15":"product-type-variable"},"yoast_head":"<!-- This site is optimized with the Yoast SEO plugin v27.6 - https:\/\/yoast.com\/product\/yoast-seo-wordpress\/ -->\n<title>Romanti\u0161ka suknel\u0117 \u201eSoft Bloom\u201c - MadosKampas.lt<\/title>\n<meta name=\"robots\" content=\"index, follow, max-snippet:-1, max-image-preview:large, max-video-preview:-1\" \/>\n<link rel=\"canonical\" href=\"https:\/\/madoskampas.lt\/en\/product\/romantiska-suknele-soft-bloom\/\" \/>\n<meta property=\"og:locale\" content=\"en_US\" \/>\n<meta property=\"og:type\" content=\"article\" \/>\n<meta property=\"og:title\" content=\"Romanti\u0161ka suknel\u0117 \u201eSoft Bloom\u201c - MadosKampas.lt\" \/>\n<meta property=\"og:description\" content=\"Lengva lyg vasaros dvelksmas \u2013 \u0161i subtili suknel\u0117 \u017eavi savo krentan\u010diu siluetu ir i\u0161skirtiniu tekst\u016briniu audiniu \u2728 Moteri\u0161kas modelis gra\u017eiai i\u0161ry\u0161kina liemen\u012f, o lengvai plat\u0117jantis sijonas suteikia elegancijos kiekvienam \u017eingsniui. Prie suknel\u0117s derantis dir\u017eelis leid\u017eia formuoti siluet\u0105 pagal save, tod\u0117l ji puikiai tiks tiek kasdienai, tiek jaukesn\u0117ms vasaros progoms. \u0160velnios spalvos ir lengvas audinys kuria prabang\u0173, ta\u010diau labai lengvai derinam\u0105 \u012fvaizd\u012f. \u2728 Krentantis, lengvas modelis \u2728 Tamprus liemuo prisitaiko prie fig\u016bros \u2728 Stilinga tekst\u016bra suteikia i\u0161skirtinumo \u2728 Su dir\u017eeliu \u2728 Puikiai dera tiek su sportiniu, tiek eleganti\u0161ku avalyn\u0117s stiliumi \ud83d\udccf I\u0161matavimai: \u2022 Ilgis \u2013 87 cm \u2022 Per kr\u016btin\u0119 \u2013 48 cm \u2022 Liemuo \u2013 nuo 37 iki 50 cm \ud83d\udccc Dydis: universalus \ud83d\udccc Sud\u0117tis: 100% poliesteris\" \/>\n<meta property=\"og:url\" content=\"https:\/\/madoskampas.lt\/en\/product\/romantiska-suknele-soft-bloom\/\" \/>\n<meta property=\"og:site_name\" content=\"MadosKampas.lt\" \/>\n<meta property=\"article:modified_time\" content=\"2026-05-08T21:46:01+00:00\" \/>\n<meta property=\"og:image\" content=\"https:\/\/madoskampas.lt\/wp-content\/uploads\/2026\/05\/IMG_8480-2-2-scaled.jpeg\" \/>\n\t<meta property=\"og:image:width\" content=\"1920\" \/>\n\t<meta property=\"og:image:height\" content=\"2560\" \/>\n\t<meta property=\"og:image:type\" content=\"image\/jpeg\" \/>\n<meta name=\"twitter:card\" content=\"summary_large_image\" \/>\n<meta name=\"twitter:label1\" content=\"Est. reading time\" \/>\n\t<meta name=\"twitter:data1\" content=\"1 minute\" \/>\n<script type=\"application\/ld+json\" class=\"yoast-schema-graph\">{\"@context\":\"https:\\\/\\\/schema.org\",\"@graph\":[{\"@type\":\"WebPage\",\"@id\":\"https:\\\/\\\/madoskampas.lt\\\/produktas\\\/romantiska-suknele-soft-bloom\\\/\",\"url\":\"https:\\\/\\\/madoskampas.lt\\\/produktas\\\/romantiska-suknele-soft-bloom\\\/\",\"name\":\"Romanti\u0161ka suknel\u0117 \u201eSoft Bloom\u201c - MadosKampas.lt\",\"isPartOf\":{\"@id\":\"https:\\\/\\\/madoskampas.lt\\\/#website\"},\"primaryImageOfPage\":{\"@id\":\"https:\\\/\\\/madoskampas.lt\\\/produktas\\\/romantiska-suknele-soft-bloom\\\/#primaryimage\"},\"image\":{\"@id\":\"https:\\\/\\\/madoskampas.lt\\\/produktas\\\/romantiska-suknele-soft-bloom\\\/#primaryimage\"},\"thumbnailUrl\":\"https:\\\/\\\/madoskampas.lt\\\/wp-content\\\/uploads\\\/2026\\\/05\\\/IMG_8480-2-2-scaled.jpeg\",\"datePublished\":\"2026-05-07T12:08:31+00:00\",\"dateModified\":\"2026-05-08T21:46:01+00:00\",\"breadcrumb\":{\"@id\":\"https:\\\/\\\/madoskampas.lt\\\/produktas\\\/romantiska-suknele-soft-bloom\\\/#breadcrumb\"},\"inLanguage\":\"en-US\",\"potentialAction\":[{\"@type\":\"ReadAction\",\"target\":[\"https:\\\/\\\/madoskampas.lt\\\/produktas\\\/romantiska-suknele-soft-bloom\\\/\"]}]},{\"@type\":\"ImageObject\",\"inLanguage\":\"en-US\",\"@id\":\"https:\\\/\\\/madoskampas.lt\\\/produktas\\\/romantiska-suknele-soft-bloom\\\/#primaryimage\",\"url\":\"https:\\\/\\\/madoskampas.lt\\\/wp-content\\\/uploads\\\/2026\\\/05\\\/IMG_8480-2-2-scaled.jpeg\",\"contentUrl\":\"https:\\\/\\\/madoskampas.lt\\\/wp-content\\\/uploads\\\/2026\\\/05\\\/IMG_8480-2-2-scaled.jpeg\",\"width\":1920,\"height\":2560},{\"@type\":\"BreadcrumbList\",\"@id\":\"https:\\\/\\\/madoskampas.lt\\\/produktas\\\/romantiska-suknele-soft-bloom\\\/#breadcrumb\",\"itemListElement\":[{\"@type\":\"ListItem\",\"position\":1,\"name\":\"Home\",\"item\":\"https:\\\/\\\/madoskampas.lt\\\/\"},{\"@type\":\"ListItem\",\"position\":2,\"name\":\"Parduotuv\u0117\",\"item\":\"https:\\\/\\\/madoskampas.lt\\\/parduotuve-2\\\/\"},{\"@type\":\"ListItem\",\"position\":3,\"name\":\"Romanti\u0161ka suknel\u0117 \u201eSoft Bloom\u201c\"}]},{\"@type\":\"WebSite\",\"@id\":\"https:\\\/\\\/madoskampas.lt\\\/#website\",\"url\":\"https:\\\/\\\/madoskampas.lt\\\/\",\"name\":\"MadosKampas.lt\",\"description\":\"Stilingi drabu\u017eiai moterims\",\"potentialAction\":[{\"@type\":\"SearchAction\",\"target\":{\"@type\":\"EntryPoint\",\"urlTemplate\":\"https:\\\/\\\/madoskampas.lt\\\/?s={search_term_string}\"},\"query-input\":{\"@type\":\"PropertyValueSpecification\",\"valueRequired\":true,\"valueName\":\"search_term_string\"}}],\"inLanguage\":\"en-US\"}]}<\/script>\n<!-- \/ Yoast SEO plugin. -->","yoast_head_json":{"title":"Romanti\u0161ka suknel\u0117 \u201eSoft Bloom\u201c - MadosKampas.lt","robots":{"index":"index","follow":"follow","max-snippet":"max-snippet:-1","max-image-preview":"max-image-preview:large","max-video-preview":"max-video-preview:-1"},"canonical":"https:\/\/madoskampas.lt\/en\/product\/romantiska-suknele-soft-bloom\/","og_locale":"en_US","og_type":"article","og_title":"Romanti\u0161ka suknel\u0117 \u201eSoft Bloom\u201c - MadosKampas.lt","og_description":"Lengva lyg vasaros dvelksmas \u2013 \u0161i subtili suknel\u0117 \u017eavi savo krentan\u010diu siluetu ir i\u0161skirtiniu tekst\u016briniu audiniu \u2728 Moteri\u0161kas modelis gra\u017eiai i\u0161ry\u0161kina liemen\u012f, o lengvai plat\u0117jantis sijonas suteikia elegancijos kiekvienam \u017eingsniui. Prie suknel\u0117s derantis dir\u017eelis leid\u017eia formuoti siluet\u0105 pagal save, tod\u0117l ji puikiai tiks tiek kasdienai, tiek jaukesn\u0117ms vasaros progoms. \u0160velnios spalvos ir lengvas audinys kuria prabang\u0173, ta\u010diau labai lengvai derinam\u0105 \u012fvaizd\u012f. \u2728 Krentantis, lengvas modelis \u2728 Tamprus liemuo prisitaiko prie fig\u016bros \u2728 Stilinga tekst\u016bra suteikia i\u0161skirtinumo \u2728 Su dir\u017eeliu \u2728 Puikiai dera tiek su sportiniu, tiek eleganti\u0161ku avalyn\u0117s stiliumi \ud83d\udccf I\u0161matavimai: \u2022 Ilgis \u2013 87 cm \u2022 Per kr\u016btin\u0119 \u2013 48 cm \u2022 Liemuo \u2013 nuo 37 iki 50 cm \ud83d\udccc Dydis: universalus \ud83d\udccc Sud\u0117tis: 100% poliesteris","og_url":"https:\/\/madoskampas.lt\/en\/product\/romantiska-suknele-soft-bloom\/","og_site_name":"MadosKampas.lt","article_modified_time":"2026-05-08T21:46:01+00:00","og_image":[{"width":1920,"height":2560,"url":"https:\/\/madoskampas.lt\/wp-content\/uploads\/2026\/05\/IMG_8480-2-2-scaled.jpeg","type":"image\/jpeg"}],"twitter_card":"summary_large_image","twitter_misc":{"Est. reading time":"1 minute"},"schema":{"@context":"https:\/\/schema.org","@graph":[{"@type":"WebPage","@id":"https:\/\/madoskampas.lt\/produktas\/romantiska-suknele-soft-bloom\/","url":"https:\/\/madoskampas.lt\/produktas\/romantiska-suknele-soft-bloom\/","name":"Romanti\u0161ka suknel\u0117 \u201eSoft Bloom\u201c - MadosKampas.lt","isPartOf":{"@id":"https:\/\/madoskampas.lt\/#website"},"primaryImageOfPage":{"@id":"https:\/\/madoskampas.lt\/produktas\/romantiska-suknele-soft-bloom\/#primaryimage"},"image":{"@id":"https:\/\/madoskampas.lt\/produktas\/romantiska-suknele-soft-bloom\/#primaryimage"},"thumbnailUrl":"https:\/\/madoskampas.lt\/wp-content\/uploads\/2026\/05\/IMG_8480-2-2-scaled.jpeg","datePublished":"2026-05-07T12:08:31+00:00","dateModified":"2026-05-08T21:46:01+00:00","breadcrumb":{"@id":"https:\/\/madoskampas.lt\/produktas\/romantiska-suknele-soft-bloom\/#breadcrumb"},"inLanguage":"en-US","potentialAction":[{"@type":"ReadAction","target":["https:\/\/madoskampas.lt\/produktas\/romantiska-suknele-soft-bloom\/"]}]},{"@type":"ImageObject","inLanguage":"en-US","@id":"https:\/\/madoskampas.lt\/produktas\/romantiska-suknele-soft-bloom\/#primaryimage","url":"https:\/\/madoskampas.lt\/wp-content\/uploads\/2026\/05\/IMG_8480-2-2-scaled.jpeg","contentUrl":"https:\/\/madoskampas.lt\/wp-content\/uploads\/2026\/05\/IMG_8480-2-2-scaled.jpeg","width":1920,"height":2560},{"@type":"BreadcrumbList","@id":"https:\/\/madoskampas.lt\/produktas\/romantiska-suknele-soft-bloom\/#breadcrumb","itemListElement":[{"@type":"ListItem","position":1,"name":"Home","item":"https:\/\/madoskampas.lt\/"},{"@type":"ListItem","position":2,"name":"Parduotuv\u0117","item":"https:\/\/madoskampas.lt\/parduotuve-2\/"},{"@type":"ListItem","position":3,"name":"Romanti\u0161ka suknel\u0117 \u201eSoft Bloom\u201c"}]},{"@type":"WebSite","@id":"https:\/\/madoskampas.lt\/#website","url":"https:\/\/madoskampas.lt\/","name":"FashionKampas.lt","description":"Stylish clothes for women","potentialAction":[{"@type":"SearchAction","target":{"@type":"EntryPoint","urlTemplate":"https:\/\/madoskampas.lt\/?s={search_term_string}"},"query-input":{"@type":"PropertyValueSpecification","valueRequired":true,"valueName":"search_term_string"}}],"inLanguage":"en-US"}]}},"uagb_featured_image_src":{"full":["https:\/\/madoskampas.lt\/wp-content\/uploads\/2026\/05\/IMG_8480-2-2-scaled.jpeg",1920,2560,false],"thumbnail":["https:\/\/madoskampas.lt\/wp-content\/uploads\/2026\/05\/IMG_8480-2-2-150x150.jpeg",150,150,true],"medium":["https:\/\/madoskampas.lt\/wp-content\/uploads\/2026\/05\/IMG_8480-2-2-225x300.jpeg",225,300,true],"medium_large":["https:\/\/madoskampas.lt\/wp-content\/uploads\/2026\/05\/IMG_8480-2-2-768x1024.jpeg",768,1024,true],"large":["https:\/\/madoskampas.lt\/wp-content\/uploads\/2026\/05\/IMG_8480-2-2-768x1024.jpeg",768,1024,true],"1536x1536":["https:\/\/madoskampas.lt\/wp-content\/uploads\/2026\/05\/IMG_8480-2-2-1152x1536.jpeg",1152,1536,true],"2048x2048":["https:\/\/madoskampas.lt\/wp-content\/uploads\/2026\/05\/IMG_8480-2-2-1536x2048.jpeg",1536,2048,true],"trp-custom-language-flag":["https:\/\/madoskampas.lt\/wp-content\/uploads\/2026\/05\/IMG_8480-2-2-9x12.jpeg",9,12,true],"nova-image-square":["https:\/\/madoskampas.lt\/wp-content\/uploads\/2026\/05\/IMG_8480-2-2-1100x1100.jpeg",1100,1100,true],"mixtas-product-03":["https:\/\/madoskampas.lt\/wp-content\/uploads\/2026\/05\/IMG_8480-2-2-600x345.jpeg",600,345,true],"woocommerce_thumbnail":["https:\/\/madoskampas.lt\/wp-content\/uploads\/2026\/05\/IMG_8480-2-2-700x700.jpeg",700,700,true],"woocommerce_single":["https:\/\/madoskampas.lt\/wp-content\/uploads\/2026\/05\/IMG_8480-2-2-1000x1333.jpeg",1000,1333,true],"woocommerce_gallery_thumbnail":["https:\/\/madoskampas.lt\/wp-content\/uploads\/2026\/05\/IMG_8480-2-2-250x250.jpeg",250,250,true],"variation_swatches_image_size":["https:\/\/madoskampas.lt\/wp-content\/uploads\/2026\/05\/IMG_8480-2-2-50x50.jpeg",50,50,true],"variation_swatches_tooltip_size":["https:\/\/madoskampas.lt\/wp-content\/uploads\/2026\/05\/IMG_8480-2-2-100x100.jpeg",100,100,true]},"uagb_author_info":{"display_name":"algirdasbart","author_link":"https:\/\/madoskampas.lt\/en\/author\/"},"uagb_comment_info":0,"uagb_excerpt":"Lengva lyg vasaros dvelksmas \u2013 \u0161i subtili suknel\u0117 \u017eavi savo krentan\u010diu siluetu ir i\u0161skirtiniu tekst\u016briniu audiniu \u2728 Moteri\u0161kas modelis gra\u017eiai i\u0161ry\u0161kina liemen\u012f, o lengvai plat\u0117jantis sijonas suteikia elegancijos kiekvienam \u017eingsniui. Prie suknel\u0117s derantis dir\u017eelis leid\u017eia formuoti siluet\u0105 pagal save, tod\u0117l ji puikiai tiks tiek kasdienai, tiek jaukesn\u0117ms vasaros progoms. \u0160velnios spalvos ir lengvas audinys kuria&hellip;","jetpack_sharing_enabled":true,"_links":{"self":[{"href":"https:\/\/madoskampas.lt\/en\/wp-json\/wp\/v2\/product\/32798","targetHints":{"allow":["GET"]}}],"collection":[{"href":"https:\/\/madoskampas.lt\/en\/wp-json\/wp\/v2\/product"}],"about":[{"href":"https:\/\/madoskampas.lt\/en\/wp-json\/wp\/v2\/types\/product"}],"replies":[{"embeddable":true,"href":"https:\/\/madoskampas.lt\/en\/wp-json\/wp\/v2\/comments?post=32798"}],"wp:featuredmedia":[{"embeddable":true,"href":"https:\/\/madoskampas.lt\/en\/wp-json\/wp\/v2\/media\/32803"}],"wp:attachment":[{"href":"https:\/\/madoskampas.lt\/en\/wp-json\/wp\/v2\/media?parent=32798"}],"wp:term":[{"taxonomy":"product_brand","embeddable":true,"href":"https:\/\/madoskampas.lt\/en\/wp-json\/wp\/v2\/product_brand?post=32798"},{"taxonomy":"product_cat","embeddable":true,"href":"https:\/\/madoskampas.lt\/en\/wp-json\/wp\/v2\/product_cat?post=32798"},{"taxonomy":"product_tag","embeddable":true,"href":"https:\/\/madoskampas.lt\/en\/wp-json\/wp\/v2\/product_tag?post=32798"}],"curies":[{"name":"wp","href":"https:\/\/api.w.org\/{rel}","templated":true}]}}