{"id":32819,"date":"2026-05-07T12:19:42","date_gmt":"2026-05-07T12:19:42","guid":{"rendered":"https:\/\/madoskampas.lt\/?post_type=product&#038;p=32819"},"modified":"2026-05-13T09:04:28","modified_gmt":"2026-05-13T09:04:28","slug":"elegantiska-suknele-soft-elegance","status":"publish","type":"product","link":"https:\/\/madoskampas.lt\/en\/product\/elegantiska-suknele-soft-elegance\/","title":{"rendered":"Eleganti\u0161ka suknel\u0117 \u201eSoft Elegance\u201c"},"content":{"rendered":"<p data-start=\"56\" data-end=\"209\">Subtili, moteri\u0161ka ir itin eleganti\u0161ka \u2013 \u0161i suknel\u0117 i\u0161siskiria prabangiai atrodan\u010diu tekst\u016briniu audiniu ir lengvai krentan\u010diu siluetu \u2728<\/p>\n<p data-start=\"211\" data-end=\"432\">V formos i\u0161kirpt\u0117 dailiai pabr\u0117\u017eia kaklo linij\u0105, o liemen\u012f i\u0161ry\u0161kinantis dir\u017eelis suteikia fig\u016brai lengvumo ir moteri\u0161ko \u017eavesio. \u0160velniai p\u016bstos rankov\u0117s bei krentantis sijonas kuria romanti\u0161k\u0105 ir labai stiling\u0105 \u012fvaizd\u012f.<\/p>\n<p data-start=\"434\" data-end=\"526\">Puikus pasirinkimas tiek vasaros \u0161vent\u0117ms, tiek jaukesniems vakarams mieste ar atostogoms \ud83c\udf38<\/p>","protected":false},"excerpt":{"rendered":"<p data-start=\"56\" data-end=\"209\">Subtili, moteri\u0161ka ir itin eleganti\u0161ka \u2013 \u0161i suknel\u0117 i\u0161siskiria prabangiai atrodan\u010diu tekst\u016briniu audiniu ir lengvai krentan\u010diu siluetu \u2728<\/p>\n<p data-start=\"211\" data-end=\"432\">V formos i\u0161kirpt\u0117 dailiai pabr\u0117\u017eia kaklo linij\u0105, o liemen\u012f i\u0161ry\u0161kinantis dir\u017eelis suteikia fig\u016brai lengvumo ir moteri\u0161ko \u017eavesio. \u0160velniai p\u016bstos rankov\u0117s bei krentantis sijonas kuria romanti\u0161k\u0105 ir labai stiling\u0105 \u012fvaizd\u012f.<\/p>\n<p data-start=\"434\" data-end=\"526\">Puikus pasirinkimas tiek vasaros \u0161vent\u0117ms, tiek jaukesniems vakarams mieste ar atostogoms \ud83c\udf38<\/p>\n<p data-start=\"528\" data-end=\"743\">\u2728 I\u0161skirtin\u0117s tekst\u016bros audinys<br data-start=\"559\" data-end=\"562\" \/>\u2728 Moteri\u0161kas, lengvai krentantis modelis<br data-start=\"602\" data-end=\"605\" \/>\u2728 Pary\u0161kintas liemuo su dir\u017eeliu<br data-start=\"637\" data-end=\"640\" \/>\u2728 Eleganti\u0161kos p\u016bstos rankov\u0117s<br data-start=\"670\" data-end=\"673\" \/>\u2728 Lengvai derinama tiek prie sportinio, tiek prie eleganti\u0161ko stiliaus<\/p>\n<p data-start=\"745\" data-end=\"842\">\ud83d\udccf Dimensions:<br data-start=\"760\" data-end=\"763\" \/>\u2022 Ilgis \u2013 95 cm<br data-start=\"778\" data-end=\"781\" \/>\u2022 Per kr\u016btin\u0119 \u2013 51 cm<br data-start=\"802\" data-end=\"805\" \/>\u2022 Liemuo su guma \u2013 nuo 36 iki 51 cm<\/p>\n<p data-start=\"844\" data-end=\"954\">\ud83d\udccc Dydis: universalus, tinka nuo S iki L<br data-start=\"885\" data-end=\"888\" \/>\ud83d\udccc Ingredients:<br data-start=\"899\" data-end=\"902\" \/>\u2022 60% viskoz\u0117<br data-start=\"915\" data-end=\"918\" \/>\u2022 35% poliesteris<br data-start=\"935\" data-end=\"938\" \/>\u2022 5% elastanas<\/p>\n<p data-start=\"956\" data-end=\"1002\" data-is-last-node=\"\" data-is-only-node=\"\">","protected":false},"featured_media":32810,"comment_status":"open","ping_status":"closed","template":"","meta":{"_uag_custom_page_level_css":"","_monsterinsights_skip_tracking":false,"_monsterinsights_sitenote_active":false,"_monsterinsights_sitenote_note":"","_monsterinsights_sitenote_category":0},"product_brand":[],"product_cat":[66,95,78],"product_tag":[],"class_list":{"0":"post-32819","1":"product","2":"type-product","3":"status-publish","4":"has-post-thumbnail","6":"product_cat-drabuziai","7":"product_cat-naujausi","8":"product_cat-sukneles","9":"tm-has-options","11":"first","12":"instock","13":"shipping-taxable","14":"purchasable","15":"product-type-variable"},"yoast_head":"<!-- This site is optimized with the Yoast SEO plugin v27.6 - https:\/\/yoast.com\/product\/yoast-seo-wordpress\/ -->\n<title>Eleganti\u0161ka suknel\u0117 \u201eSoft Elegance\u201c - MadosKampas.lt<\/title>\n<meta name=\"robots\" content=\"index, follow, max-snippet:-1, max-image-preview:large, max-video-preview:-1\" \/>\n<link rel=\"canonical\" href=\"https:\/\/madoskampas.lt\/en\/product\/elegantiska-suknele-soft-elegance\/\" \/>\n<meta property=\"og:locale\" content=\"en_US\" \/>\n<meta property=\"og:type\" content=\"article\" \/>\n<meta property=\"og:title\" content=\"Eleganti\u0161ka suknel\u0117 \u201eSoft Elegance\u201c - MadosKampas.lt\" \/>\n<meta property=\"og:description\" content=\"Subtili, moteri\u0161ka ir itin eleganti\u0161ka \u2013 \u0161i suknel\u0117 i\u0161siskiria prabangiai atrodan\u010diu tekst\u016briniu audiniu ir lengvai krentan\u010diu siluetu \u2728 V formos i\u0161kirpt\u0117 dailiai pabr\u0117\u017eia kaklo linij\u0105, o liemen\u012f i\u0161ry\u0161kinantis dir\u017eelis suteikia fig\u016brai lengvumo ir moteri\u0161ko \u017eavesio. \u0160velniai p\u016bstos rankov\u0117s bei krentantis sijonas kuria romanti\u0161k\u0105 ir labai stiling\u0105 \u012fvaizd\u012f. Puikus pasirinkimas tiek vasaros \u0161vent\u0117ms, tiek jaukesniems vakarams mieste ar atostogoms \ud83c\udf38 \u2728 I\u0161skirtin\u0117s tekst\u016bros audinys\u2728 Moteri\u0161kas, lengvai krentantis modelis\u2728 Pary\u0161kintas liemuo su dir\u017eeliu\u2728 Eleganti\u0161kos p\u016bstos rankov\u0117s\u2728 Lengvai derinama tiek prie sportinio, tiek prie eleganti\u0161ko stiliaus \ud83d\udccf I\u0161matavimai:\u2022 Ilgis \u2013 95 cm\u2022 Per kr\u016btin\u0119 \u2013 51 cm\u2022 Liemuo su guma \u2013 nuo 36 iki 51 cm \ud83d\udccc Dydis: universalus, tinka nuo S iki L\ud83d\udccc Sud\u0117tis:\u2022 60% viskoz\u0117\u2022 35% poliesteris\u2022 5% elastanas\" \/>\n<meta property=\"og:url\" content=\"https:\/\/madoskampas.lt\/en\/product\/elegantiska-suknele-soft-elegance\/\" \/>\n<meta property=\"og:site_name\" content=\"MadosKampas.lt\" \/>\n<meta property=\"article:modified_time\" content=\"2026-05-13T09:04:28+00:00\" \/>\n<meta property=\"og:image\" content=\"https:\/\/madoskampas.lt\/wp-content\/uploads\/2026\/05\/IMG_8513-2-scaled.jpeg\" \/>\n\t<meta property=\"og:image:width\" content=\"1920\" \/>\n\t<meta property=\"og:image:height\" content=\"2560\" \/>\n\t<meta property=\"og:image:type\" content=\"image\/jpeg\" \/>\n<meta name=\"twitter:card\" content=\"summary_large_image\" \/>\n<meta name=\"twitter:label1\" content=\"Est. reading time\" \/>\n\t<meta name=\"twitter:data1\" content=\"1 minute\" \/>\n<script type=\"application\/ld+json\" class=\"yoast-schema-graph\">{\"@context\":\"https:\\\/\\\/schema.org\",\"@graph\":[{\"@type\":\"WebPage\",\"@id\":\"https:\\\/\\\/madoskampas.lt\\\/produktas\\\/elegantiska-suknele-soft-elegance\\\/\",\"url\":\"https:\\\/\\\/madoskampas.lt\\\/produktas\\\/elegantiska-suknele-soft-elegance\\\/\",\"name\":\"Eleganti\u0161ka suknel\u0117 \u201eSoft Elegance\u201c - MadosKampas.lt\",\"isPartOf\":{\"@id\":\"https:\\\/\\\/madoskampas.lt\\\/#website\"},\"primaryImageOfPage\":{\"@id\":\"https:\\\/\\\/madoskampas.lt\\\/produktas\\\/elegantiska-suknele-soft-elegance\\\/#primaryimage\"},\"image\":{\"@id\":\"https:\\\/\\\/madoskampas.lt\\\/produktas\\\/elegantiska-suknele-soft-elegance\\\/#primaryimage\"},\"thumbnailUrl\":\"https:\\\/\\\/madoskampas.lt\\\/wp-content\\\/uploads\\\/2026\\\/05\\\/IMG_8513-2-scaled.jpeg\",\"datePublished\":\"2026-05-07T12:19:42+00:00\",\"dateModified\":\"2026-05-13T09:04:28+00:00\",\"breadcrumb\":{\"@id\":\"https:\\\/\\\/madoskampas.lt\\\/produktas\\\/elegantiska-suknele-soft-elegance\\\/#breadcrumb\"},\"inLanguage\":\"en-US\",\"potentialAction\":[{\"@type\":\"ReadAction\",\"target\":[\"https:\\\/\\\/madoskampas.lt\\\/produktas\\\/elegantiska-suknele-soft-elegance\\\/\"]}]},{\"@type\":\"ImageObject\",\"inLanguage\":\"en-US\",\"@id\":\"https:\\\/\\\/madoskampas.lt\\\/produktas\\\/elegantiska-suknele-soft-elegance\\\/#primaryimage\",\"url\":\"https:\\\/\\\/madoskampas.lt\\\/wp-content\\\/uploads\\\/2026\\\/05\\\/IMG_8513-2-scaled.jpeg\",\"contentUrl\":\"https:\\\/\\\/madoskampas.lt\\\/wp-content\\\/uploads\\\/2026\\\/05\\\/IMG_8513-2-scaled.jpeg\",\"width\":1920,\"height\":2560},{\"@type\":\"BreadcrumbList\",\"@id\":\"https:\\\/\\\/madoskampas.lt\\\/produktas\\\/elegantiska-suknele-soft-elegance\\\/#breadcrumb\",\"itemListElement\":[{\"@type\":\"ListItem\",\"position\":1,\"name\":\"Home\",\"item\":\"https:\\\/\\\/madoskampas.lt\\\/\"},{\"@type\":\"ListItem\",\"position\":2,\"name\":\"Parduotuv\u0117\",\"item\":\"https:\\\/\\\/madoskampas.lt\\\/parduotuve-2\\\/\"},{\"@type\":\"ListItem\",\"position\":3,\"name\":\"Eleganti\u0161ka suknel\u0117 \u201eSoft Elegance\u201c\"}]},{\"@type\":\"WebSite\",\"@id\":\"https:\\\/\\\/madoskampas.lt\\\/#website\",\"url\":\"https:\\\/\\\/madoskampas.lt\\\/\",\"name\":\"MadosKampas.lt\",\"description\":\"Stilingi drabu\u017eiai moterims\",\"potentialAction\":[{\"@type\":\"SearchAction\",\"target\":{\"@type\":\"EntryPoint\",\"urlTemplate\":\"https:\\\/\\\/madoskampas.lt\\\/?s={search_term_string}\"},\"query-input\":{\"@type\":\"PropertyValueSpecification\",\"valueRequired\":true,\"valueName\":\"search_term_string\"}}],\"inLanguage\":\"en-US\"}]}<\/script>\n<!-- \/ Yoast SEO plugin. -->","yoast_head_json":{"title":"Eleganti\u0161ka suknel\u0117 \u201eSoft Elegance\u201c - MadosKampas.lt","robots":{"index":"index","follow":"follow","max-snippet":"max-snippet:-1","max-image-preview":"max-image-preview:large","max-video-preview":"max-video-preview:-1"},"canonical":"https:\/\/madoskampas.lt\/en\/product\/elegantiska-suknele-soft-elegance\/","og_locale":"en_US","og_type":"article","og_title":"Eleganti\u0161ka suknel\u0117 \u201eSoft Elegance\u201c - MadosKampas.lt","og_description":"Subtili, moteri\u0161ka ir itin eleganti\u0161ka \u2013 \u0161i suknel\u0117 i\u0161siskiria prabangiai atrodan\u010diu tekst\u016briniu audiniu ir lengvai krentan\u010diu siluetu \u2728 V formos i\u0161kirpt\u0117 dailiai pabr\u0117\u017eia kaklo linij\u0105, o liemen\u012f i\u0161ry\u0161kinantis dir\u017eelis suteikia fig\u016brai lengvumo ir moteri\u0161ko \u017eavesio. \u0160velniai p\u016bstos rankov\u0117s bei krentantis sijonas kuria romanti\u0161k\u0105 ir labai stiling\u0105 \u012fvaizd\u012f. Puikus pasirinkimas tiek vasaros \u0161vent\u0117ms, tiek jaukesniems vakarams mieste ar atostogoms \ud83c\udf38 \u2728 I\u0161skirtin\u0117s tekst\u016bros audinys\u2728 Moteri\u0161kas, lengvai krentantis modelis\u2728 Pary\u0161kintas liemuo su dir\u017eeliu\u2728 Eleganti\u0161kos p\u016bstos rankov\u0117s\u2728 Lengvai derinama tiek prie sportinio, tiek prie eleganti\u0161ko stiliaus \ud83d\udccf I\u0161matavimai:\u2022 Ilgis \u2013 95 cm\u2022 Per kr\u016btin\u0119 \u2013 51 cm\u2022 Liemuo su guma \u2013 nuo 36 iki 51 cm \ud83d\udccc Dydis: universalus, tinka nuo S iki L\ud83d\udccc Sud\u0117tis:\u2022 60% viskoz\u0117\u2022 35% poliesteris\u2022 5% elastanas","og_url":"https:\/\/madoskampas.lt\/en\/product\/elegantiska-suknele-soft-elegance\/","og_site_name":"MadosKampas.lt","article_modified_time":"2026-05-13T09:04:28+00:00","og_image":[{"width":1920,"height":2560,"url":"https:\/\/madoskampas.lt\/wp-content\/uploads\/2026\/05\/IMG_8513-2-scaled.jpeg","type":"image\/jpeg"}],"twitter_card":"summary_large_image","twitter_misc":{"Est. reading time":"1 minute"},"schema":{"@context":"https:\/\/schema.org","@graph":[{"@type":"WebPage","@id":"https:\/\/madoskampas.lt\/produktas\/elegantiska-suknele-soft-elegance\/","url":"https:\/\/madoskampas.lt\/produktas\/elegantiska-suknele-soft-elegance\/","name":"Eleganti\u0161ka suknel\u0117 \u201eSoft Elegance\u201c - MadosKampas.lt","isPartOf":{"@id":"https:\/\/madoskampas.lt\/#website"},"primaryImageOfPage":{"@id":"https:\/\/madoskampas.lt\/produktas\/elegantiska-suknele-soft-elegance\/#primaryimage"},"image":{"@id":"https:\/\/madoskampas.lt\/produktas\/elegantiska-suknele-soft-elegance\/#primaryimage"},"thumbnailUrl":"https:\/\/madoskampas.lt\/wp-content\/uploads\/2026\/05\/IMG_8513-2-scaled.jpeg","datePublished":"2026-05-07T12:19:42+00:00","dateModified":"2026-05-13T09:04:28+00:00","breadcrumb":{"@id":"https:\/\/madoskampas.lt\/produktas\/elegantiska-suknele-soft-elegance\/#breadcrumb"},"inLanguage":"en-US","potentialAction":[{"@type":"ReadAction","target":["https:\/\/madoskampas.lt\/produktas\/elegantiska-suknele-soft-elegance\/"]}]},{"@type":"ImageObject","inLanguage":"en-US","@id":"https:\/\/madoskampas.lt\/produktas\/elegantiska-suknele-soft-elegance\/#primaryimage","url":"https:\/\/madoskampas.lt\/wp-content\/uploads\/2026\/05\/IMG_8513-2-scaled.jpeg","contentUrl":"https:\/\/madoskampas.lt\/wp-content\/uploads\/2026\/05\/IMG_8513-2-scaled.jpeg","width":1920,"height":2560},{"@type":"BreadcrumbList","@id":"https:\/\/madoskampas.lt\/produktas\/elegantiska-suknele-soft-elegance\/#breadcrumb","itemListElement":[{"@type":"ListItem","position":1,"name":"Home","item":"https:\/\/madoskampas.lt\/"},{"@type":"ListItem","position":2,"name":"Parduotuv\u0117","item":"https:\/\/madoskampas.lt\/parduotuve-2\/"},{"@type":"ListItem","position":3,"name":"Eleganti\u0161ka suknel\u0117 \u201eSoft Elegance\u201c"}]},{"@type":"WebSite","@id":"https:\/\/madoskampas.lt\/#website","url":"https:\/\/madoskampas.lt\/","name":"FashionKampas.lt","description":"Stylish clothes for women","potentialAction":[{"@type":"SearchAction","target":{"@type":"EntryPoint","urlTemplate":"https:\/\/madoskampas.lt\/?s={search_term_string}"},"query-input":{"@type":"PropertyValueSpecification","valueRequired":true,"valueName":"search_term_string"}}],"inLanguage":"en-US"}]}},"uagb_featured_image_src":{"full":["https:\/\/madoskampas.lt\/wp-content\/uploads\/2026\/05\/IMG_8513-2-scaled.jpeg",1920,2560,false],"thumbnail":["https:\/\/madoskampas.lt\/wp-content\/uploads\/2026\/05\/IMG_8513-2-150x150.jpeg",150,150,true],"medium":["https:\/\/madoskampas.lt\/wp-content\/uploads\/2026\/05\/IMG_8513-2-225x300.jpeg",225,300,true],"medium_large":["https:\/\/madoskampas.lt\/wp-content\/uploads\/2026\/05\/IMG_8513-2-768x1024.jpeg",768,1024,true],"large":["https:\/\/madoskampas.lt\/wp-content\/uploads\/2026\/05\/IMG_8513-2-768x1024.jpeg",768,1024,true],"1536x1536":["https:\/\/madoskampas.lt\/wp-content\/uploads\/2026\/05\/IMG_8513-2-1152x1536.jpeg",1152,1536,true],"2048x2048":["https:\/\/madoskampas.lt\/wp-content\/uploads\/2026\/05\/IMG_8513-2-1536x2048.jpeg",1536,2048,true],"trp-custom-language-flag":["https:\/\/madoskampas.lt\/wp-content\/uploads\/2026\/05\/IMG_8513-2-9x12.jpeg",9,12,true],"nova-image-square":["https:\/\/madoskampas.lt\/wp-content\/uploads\/2026\/05\/IMG_8513-2-1100x1100.jpeg",1100,1100,true],"mixtas-product-03":["https:\/\/madoskampas.lt\/wp-content\/uploads\/2026\/05\/IMG_8513-2-600x345.jpeg",600,345,true],"woocommerce_thumbnail":["https:\/\/madoskampas.lt\/wp-content\/uploads\/2026\/05\/IMG_8513-2-700x700.jpeg",700,700,true],"woocommerce_single":["https:\/\/madoskampas.lt\/wp-content\/uploads\/2026\/05\/IMG_8513-2-1000x1333.jpeg",1000,1333,true],"woocommerce_gallery_thumbnail":["https:\/\/madoskampas.lt\/wp-content\/uploads\/2026\/05\/IMG_8513-2-250x250.jpeg",250,250,true],"variation_swatches_image_size":["https:\/\/madoskampas.lt\/wp-content\/uploads\/2026\/05\/IMG_8513-2-50x50.jpeg",50,50,true],"variation_swatches_tooltip_size":["https:\/\/madoskampas.lt\/wp-content\/uploads\/2026\/05\/IMG_8513-2-100x100.jpeg",100,100,true]},"uagb_author_info":{"display_name":"algirdasbart","author_link":"https:\/\/madoskampas.lt\/en\/author\/"},"uagb_comment_info":0,"uagb_excerpt":"Subtili, moteri\u0161ka ir itin eleganti\u0161ka \u2013 \u0161i suknel\u0117 i\u0161siskiria prabangiai atrodan\u010diu tekst\u016briniu audiniu ir lengvai krentan\u010diu siluetu \u2728 V formos i\u0161kirpt\u0117 dailiai pabr\u0117\u017eia kaklo linij\u0105, o liemen\u012f i\u0161ry\u0161kinantis dir\u017eelis suteikia fig\u016brai lengvumo ir moteri\u0161ko \u017eavesio. \u0160velniai p\u016bstos rankov\u0117s bei krentantis sijonas kuria romanti\u0161k\u0105 ir labai stiling\u0105 \u012fvaizd\u012f. Puikus pasirinkimas tiek vasaros \u0161vent\u0117ms, tiek jaukesniems vakarams&hellip;","jetpack_sharing_enabled":true,"_links":{"self":[{"href":"https:\/\/madoskampas.lt\/en\/wp-json\/wp\/v2\/product\/32819","targetHints":{"allow":["GET"]}}],"collection":[{"href":"https:\/\/madoskampas.lt\/en\/wp-json\/wp\/v2\/product"}],"about":[{"href":"https:\/\/madoskampas.lt\/en\/wp-json\/wp\/v2\/types\/product"}],"replies":[{"embeddable":true,"href":"https:\/\/madoskampas.lt\/en\/wp-json\/wp\/v2\/comments?post=32819"}],"wp:featuredmedia":[{"embeddable":true,"href":"https:\/\/madoskampas.lt\/en\/wp-json\/wp\/v2\/media\/32810"}],"wp:attachment":[{"href":"https:\/\/madoskampas.lt\/en\/wp-json\/wp\/v2\/media?parent=32819"}],"wp:term":[{"taxonomy":"product_brand","embeddable":true,"href":"https:\/\/madoskampas.lt\/en\/wp-json\/wp\/v2\/product_brand?post=32819"},{"taxonomy":"product_cat","embeddable":true,"href":"https:\/\/madoskampas.lt\/en\/wp-json\/wp\/v2\/product_cat?post=32819"},{"taxonomy":"product_tag","embeddable":true,"href":"https:\/\/madoskampas.lt\/en\/wp-json\/wp\/v2\/product_tag?post=32819"}],"curies":[{"name":"wp","href":"https:\/\/api.w.org\/{rel}","templated":true}]}}