{"id":8001,"date":"2024-11-12T13:58:49","date_gmt":"2024-11-12T13:58:49","guid":{"rendered":"https:\/\/madoskampas.lt\/?post_type=product&#038;p=8001"},"modified":"2026-03-13T09:02:23","modified_gmt":"2026-03-13T09:02:23","slug":"sijonas-klostuotas","status":"publish","type":"product","link":"https:\/\/madoskampas.lt\/en\/product\/sijonas-klostuotas\/","title":{"rendered":"Pleated skirt"},"content":{"rendered":"<p><em>Klostuotas sijonas<\/em> \u2013 klasikinis ir eleganti\u0161kas pasirinkimas, kuris niekada nei\u0161eina i\u0161 mados! \u0160is sijonas pasi\u017eymi prabangiu dizainu ir yra prieinamas dviej\u0173 universali\u0173 spalv\u0173 \u2013 gilaus juodo ir sodraus burgundi\u0161ko vyno atspalvio, kurie suteikia drabu\u017eiui ypating\u0105 rafinuotum\u0105.<\/p>\n<p><strong>Audinys<\/strong> \u2013 lengvas, \u0161velniai krentantis, sukuria subtilias klostes, kurios juda kartu su jumis ir suteikia aprangai \u017eavesio bei dinamikos. Juodos spalvos versija i\u0161laiko minimalistin\u0119 elegancij\u0105, puikiai tinkam\u0105 tiek oficialioms, tiek laisvalaikio progoms. Burgundi\u0161ko vyno spalvos sijonas \u012fne\u0161a \u0161ilt\u0105 ir prabang\u0173 akcent\u0105, idealiai tinka tiems, kurie nori i\u0161siskirti i\u0161 minios.<\/p>\n<p>\u0160is klostuotas sijonas yra <em>vidutinio ilgio<\/em> \u2013 subtiliai priglunda ties liemeniu ir eleganti\u0161kai krenta. Toks ilgis universalus ir lengvai derinamas su \u012fvairaus stiliaus vir\u0161utiniais drabu\u017eiais: tiek su kasdieniais megztiniais ar palaidin\u0117mis, tiek su eleganti\u0161kais mar\u0161kiniais.<\/p>\n<p>Nepriklausomai nuo to, ar einate \u012f darb\u0105, ar \u012f vakar\u0117l\u012f, \u0161is sijonas suteiks j\u016bs\u0173 \u012fvaizd\u017eiui ypating\u0105 stili\u0173 ir pabr\u0117\u0161 j\u016bs\u0173 skon\u012f bei individualum\u0105.<\/p>","protected":false},"excerpt":{"rendered":"<p>Klostuotas sijonas \u2013 klasikinis ir eleganti\u0161kas pasirinkimas, kuris niekada nei\u0161eina i\u0161 mados! \u0160is sijonas pasi\u017eymi prabangiu dizainu ir yra prieinamas dviej\u0173 universali\u0173 spalv\u0173 \u2013 gilaus juodo ir sodraus burgundi\u0161ko vyno atspalvio, kurie suteikia drabu\u017eiui ypating\u0105 rafinuotum\u0105. Audinys \u2013 lengvas, \u0161velniai krentantis, sukuria subtilias klostes, kurios juda kartu su jumis ir suteikia aprangai \u017eavesio bei dinamikos. Juodos spalvos versija i\u0161laiko minimalistin\u0119\u2026<\/p>","protected":false},"featured_media":8811,"comment_status":"open","ping_status":"closed","template":"","meta":{"_uag_custom_page_level_css":"","_monsterinsights_skip_tracking":false,"_monsterinsights_sitenote_active":false,"_monsterinsights_sitenote_note":"","_monsterinsights_sitenote_category":0},"product_brand":[],"product_cat":[66,132,75],"product_tag":[],"class_list":{"0":"post-8001","1":"product","2":"type-product","3":"status-publish","4":"has-post-thumbnail","6":"product_cat-drabuziai","7":"product_cat-ispardavimas","8":"product_cat-sijonai","9":"tm-has-options","11":"first","12":"instock","13":"sale","14":"shipping-taxable","15":"purchasable","16":"product-type-variable","17":"has-default-attributes"},"yoast_head":"<!-- This site is optimized with the Yoast SEO plugin v27.6 - https:\/\/yoast.com\/product\/yoast-seo-wordpress\/ -->\n<title>Sijonas klostuotas - MadosKampas.lt<\/title>\n<meta name=\"robots\" content=\"index, follow, max-snippet:-1, max-image-preview:large, max-video-preview:-1\" \/>\n<link rel=\"canonical\" href=\"https:\/\/madoskampas.lt\/en\/product\/sijonas-klostuotas\/\" \/>\n<meta property=\"og:locale\" content=\"en_US\" \/>\n<meta property=\"og:type\" content=\"article\" \/>\n<meta property=\"og:title\" content=\"Sijonas klostuotas - MadosKampas.lt\" \/>\n<meta property=\"og:description\" content=\"Klostuotas sijonas \u2013 klasikinis ir eleganti\u0161kas pasirinkimas, kuris niekada nei\u0161eina i\u0161 mados! \u0160is sijonas pasi\u017eymi prabangiu dizainu ir yra prieinamas dviej\u0173 universali\u0173 spalv\u0173 \u2013 gilaus juodo ir sodraus burgundi\u0161ko vyno atspalvio, kurie suteikia drabu\u017eiui ypating\u0105 rafinuotum\u0105. Audinys \u2013 lengvas, \u0161velniai krentantis, sukuria subtilias klostes, kurios juda kartu su jumis ir suteikia aprangai \u017eavesio bei dinamikos. Juodos spalvos versija i\u0161laiko minimalistin\u0119\u2026\" \/>\n<meta property=\"og:url\" content=\"https:\/\/madoskampas.lt\/en\/product\/sijonas-klostuotas\/\" \/>\n<meta property=\"og:site_name\" content=\"MadosKampas.lt\" \/>\n<meta property=\"article:modified_time\" content=\"2026-03-13T09:02:23+00:00\" \/>\n<meta property=\"og:image\" content=\"https:\/\/madoskampas.lt\/wp-content\/uploads\/2024\/12\/IMG_1667.jpeg\" \/>\n\t<meta property=\"og:image:width\" content=\"1536\" \/>\n\t<meta property=\"og:image:height\" content=\"2048\" \/>\n\t<meta property=\"og:image:type\" content=\"image\/jpeg\" \/>\n<meta name=\"twitter:card\" content=\"summary_large_image\" \/>\n<meta name=\"twitter:label1\" content=\"Est. reading time\" \/>\n\t<meta name=\"twitter:data1\" content=\"1 minute\" \/>\n<script type=\"application\/ld+json\" class=\"yoast-schema-graph\">{\"@context\":\"https:\\\/\\\/schema.org\",\"@graph\":[{\"@type\":\"WebPage\",\"@id\":\"https:\\\/\\\/madoskampas.lt\\\/produktas\\\/sijonas-klostuotas\\\/\",\"url\":\"https:\\\/\\\/madoskampas.lt\\\/produktas\\\/sijonas-klostuotas\\\/\",\"name\":\"Sijonas klostuotas - MadosKampas.lt\",\"isPartOf\":{\"@id\":\"https:\\\/\\\/madoskampas.lt\\\/#website\"},\"primaryImageOfPage\":{\"@id\":\"https:\\\/\\\/madoskampas.lt\\\/produktas\\\/sijonas-klostuotas\\\/#primaryimage\"},\"image\":{\"@id\":\"https:\\\/\\\/madoskampas.lt\\\/produktas\\\/sijonas-klostuotas\\\/#primaryimage\"},\"thumbnailUrl\":\"https:\\\/\\\/madoskampas.lt\\\/wp-content\\\/uploads\\\/2024\\\/12\\\/IMG_1667.jpeg\",\"datePublished\":\"2024-11-12T13:58:49+00:00\",\"dateModified\":\"2026-03-13T09:02:23+00:00\",\"breadcrumb\":{\"@id\":\"https:\\\/\\\/madoskampas.lt\\\/produktas\\\/sijonas-klostuotas\\\/#breadcrumb\"},\"inLanguage\":\"en-US\",\"potentialAction\":[{\"@type\":\"ReadAction\",\"target\":[\"https:\\\/\\\/madoskampas.lt\\\/produktas\\\/sijonas-klostuotas\\\/\"]}]},{\"@type\":\"ImageObject\",\"inLanguage\":\"en-US\",\"@id\":\"https:\\\/\\\/madoskampas.lt\\\/produktas\\\/sijonas-klostuotas\\\/#primaryimage\",\"url\":\"https:\\\/\\\/madoskampas.lt\\\/wp-content\\\/uploads\\\/2024\\\/12\\\/IMG_1667.jpeg\",\"contentUrl\":\"https:\\\/\\\/madoskampas.lt\\\/wp-content\\\/uploads\\\/2024\\\/12\\\/IMG_1667.jpeg\",\"width\":1536,\"height\":2048},{\"@type\":\"BreadcrumbList\",\"@id\":\"https:\\\/\\\/madoskampas.lt\\\/produktas\\\/sijonas-klostuotas\\\/#breadcrumb\",\"itemListElement\":[{\"@type\":\"ListItem\",\"position\":1,\"name\":\"Home\",\"item\":\"https:\\\/\\\/madoskampas.lt\\\/\"},{\"@type\":\"ListItem\",\"position\":2,\"name\":\"Parduotuv\u0117\",\"item\":\"https:\\\/\\\/madoskampas.lt\\\/parduotuve-2\\\/\"},{\"@type\":\"ListItem\",\"position\":3,\"name\":\"Sijonas klostuotas\"}]},{\"@type\":\"WebSite\",\"@id\":\"https:\\\/\\\/madoskampas.lt\\\/#website\",\"url\":\"https:\\\/\\\/madoskampas.lt\\\/\",\"name\":\"MadosKampas.lt\",\"description\":\"Stilingi drabu\u017eiai moterims\",\"potentialAction\":[{\"@type\":\"SearchAction\",\"target\":{\"@type\":\"EntryPoint\",\"urlTemplate\":\"https:\\\/\\\/madoskampas.lt\\\/?s={search_term_string}\"},\"query-input\":{\"@type\":\"PropertyValueSpecification\",\"valueRequired\":true,\"valueName\":\"search_term_string\"}}],\"inLanguage\":\"en-US\"}]}<\/script>\n<!-- \/ Yoast SEO plugin. -->","yoast_head_json":{"title":"Sijonas klostuotas - MadosKampas.lt","robots":{"index":"index","follow":"follow","max-snippet":"max-snippet:-1","max-image-preview":"max-image-preview:large","max-video-preview":"max-video-preview:-1"},"canonical":"https:\/\/madoskampas.lt\/en\/product\/sijonas-klostuotas\/","og_locale":"en_US","og_type":"article","og_title":"Sijonas klostuotas - MadosKampas.lt","og_description":"Klostuotas sijonas \u2013 klasikinis ir eleganti\u0161kas pasirinkimas, kuris niekada nei\u0161eina i\u0161 mados! \u0160is sijonas pasi\u017eymi prabangiu dizainu ir yra prieinamas dviej\u0173 universali\u0173 spalv\u0173 \u2013 gilaus juodo ir sodraus burgundi\u0161ko vyno atspalvio, kurie suteikia drabu\u017eiui ypating\u0105 rafinuotum\u0105. Audinys \u2013 lengvas, \u0161velniai krentantis, sukuria subtilias klostes, kurios juda kartu su jumis ir suteikia aprangai \u017eavesio bei dinamikos. Juodos spalvos versija i\u0161laiko minimalistin\u0119\u2026","og_url":"https:\/\/madoskampas.lt\/en\/product\/sijonas-klostuotas\/","og_site_name":"MadosKampas.lt","article_modified_time":"2026-03-13T09:02:23+00:00","og_image":[{"width":1536,"height":2048,"url":"https:\/\/madoskampas.lt\/wp-content\/uploads\/2024\/12\/IMG_1667.jpeg","type":"image\/jpeg"}],"twitter_card":"summary_large_image","twitter_misc":{"Est. reading time":"1 minute"},"schema":{"@context":"https:\/\/schema.org","@graph":[{"@type":"WebPage","@id":"https:\/\/madoskampas.lt\/produktas\/sijonas-klostuotas\/","url":"https:\/\/madoskampas.lt\/produktas\/sijonas-klostuotas\/","name":"Sijonas klostuotas - MadosKampas.lt","isPartOf":{"@id":"https:\/\/madoskampas.lt\/#website"},"primaryImageOfPage":{"@id":"https:\/\/madoskampas.lt\/produktas\/sijonas-klostuotas\/#primaryimage"},"image":{"@id":"https:\/\/madoskampas.lt\/produktas\/sijonas-klostuotas\/#primaryimage"},"thumbnailUrl":"https:\/\/madoskampas.lt\/wp-content\/uploads\/2024\/12\/IMG_1667.jpeg","datePublished":"2024-11-12T13:58:49+00:00","dateModified":"2026-03-13T09:02:23+00:00","breadcrumb":{"@id":"https:\/\/madoskampas.lt\/produktas\/sijonas-klostuotas\/#breadcrumb"},"inLanguage":"en-US","potentialAction":[{"@type":"ReadAction","target":["https:\/\/madoskampas.lt\/produktas\/sijonas-klostuotas\/"]}]},{"@type":"ImageObject","inLanguage":"en-US","@id":"https:\/\/madoskampas.lt\/produktas\/sijonas-klostuotas\/#primaryimage","url":"https:\/\/madoskampas.lt\/wp-content\/uploads\/2024\/12\/IMG_1667.jpeg","contentUrl":"https:\/\/madoskampas.lt\/wp-content\/uploads\/2024\/12\/IMG_1667.jpeg","width":1536,"height":2048},{"@type":"BreadcrumbList","@id":"https:\/\/madoskampas.lt\/produktas\/sijonas-klostuotas\/#breadcrumb","itemListElement":[{"@type":"ListItem","position":1,"name":"Home","item":"https:\/\/madoskampas.lt\/"},{"@type":"ListItem","position":2,"name":"Parduotuv\u0117","item":"https:\/\/madoskampas.lt\/parduotuve-2\/"},{"@type":"ListItem","position":3,"name":"Sijonas klostuotas"}]},{"@type":"WebSite","@id":"https:\/\/madoskampas.lt\/#website","url":"https:\/\/madoskampas.lt\/","name":"FashionKampas.lt","description":"Stylish clothes for women","potentialAction":[{"@type":"SearchAction","target":{"@type":"EntryPoint","urlTemplate":"https:\/\/madoskampas.lt\/?s={search_term_string}"},"query-input":{"@type":"PropertyValueSpecification","valueRequired":true,"valueName":"search_term_string"}}],"inLanguage":"en-US"}]}},"uagb_featured_image_src":{"full":["https:\/\/madoskampas.lt\/wp-content\/uploads\/2024\/12\/IMG_1667.jpeg",1536,2048,false],"thumbnail":["https:\/\/madoskampas.lt\/wp-content\/uploads\/2024\/12\/IMG_1667-150x150.jpeg",150,150,true],"medium":["https:\/\/madoskampas.lt\/wp-content\/uploads\/2024\/12\/IMG_1667-225x300.jpeg",225,300,true],"medium_large":["https:\/\/madoskampas.lt\/wp-content\/uploads\/2024\/12\/IMG_1667-768x1024.jpeg",768,1024,true],"large":["https:\/\/madoskampas.lt\/wp-content\/uploads\/2024\/12\/IMG_1667-768x1024.jpeg",768,1024,true],"1536x1536":["https:\/\/madoskampas.lt\/wp-content\/uploads\/2024\/12\/IMG_1667-1152x1536.jpeg",1152,1536,true],"2048x2048":["https:\/\/madoskampas.lt\/wp-content\/uploads\/2024\/12\/IMG_1667.jpeg",1536,2048,false],"trp-custom-language-flag":["https:\/\/madoskampas.lt\/wp-content\/uploads\/2024\/12\/IMG_1667.jpeg",9,12,false],"nova-image-square":["https:\/\/madoskampas.lt\/wp-content\/uploads\/2024\/12\/IMG_1667-1100x1100.jpeg",1100,1100,true],"mixtas-product-03":["https:\/\/madoskampas.lt\/wp-content\/uploads\/2024\/12\/IMG_1667-600x345.jpeg",600,345,true],"woocommerce_thumbnail":["https:\/\/madoskampas.lt\/wp-content\/uploads\/2024\/12\/IMG_1667-700x700.jpeg",700,700,true],"woocommerce_single":["https:\/\/madoskampas.lt\/wp-content\/uploads\/2024\/12\/IMG_1667-1000x1333.jpeg",1000,1333,true],"woocommerce_gallery_thumbnail":["https:\/\/madoskampas.lt\/wp-content\/uploads\/2024\/12\/IMG_1667-250x250.jpeg",250,250,true],"variation_swatches_image_size":["https:\/\/madoskampas.lt\/wp-content\/uploads\/2024\/12\/IMG_1667-50x50.jpeg",50,50,true],"variation_swatches_tooltip_size":["https:\/\/madoskampas.lt\/wp-content\/uploads\/2024\/12\/IMG_1667-100x100.jpeg",100,100,true]},"uagb_author_info":{"display_name":"algirdasbart","author_link":"https:\/\/madoskampas.lt\/en\/author\/"},"uagb_comment_info":0,"uagb_excerpt":"Klostuotas sijonas \u2013 klasikinis ir eleganti\u0161kas pasirinkimas, kuris niekada nei\u0161eina i\u0161 mados! \u0160is sijonas pasi\u017eymi prabangiu dizainu ir yra prieinamas dviej\u0173 universali\u0173 spalv\u0173 \u2013 gilaus juodo ir sodraus burgundi\u0161ko vyno atspalvio, kurie suteikia drabu\u017eiui ypating\u0105 rafinuotum\u0105. Audinys \u2013 lengvas, \u0161velniai krentantis, sukuria subtilias klostes, kurios juda kartu su jumis ir suteikia aprangai \u017eavesio bei dinamikos.&hellip;","jetpack_sharing_enabled":true,"_links":{"self":[{"href":"https:\/\/madoskampas.lt\/en\/wp-json\/wp\/v2\/product\/8001","targetHints":{"allow":["GET"]}}],"collection":[{"href":"https:\/\/madoskampas.lt\/en\/wp-json\/wp\/v2\/product"}],"about":[{"href":"https:\/\/madoskampas.lt\/en\/wp-json\/wp\/v2\/types\/product"}],"replies":[{"embeddable":true,"href":"https:\/\/madoskampas.lt\/en\/wp-json\/wp\/v2\/comments?post=8001"}],"wp:featuredmedia":[{"embeddable":true,"href":"https:\/\/madoskampas.lt\/en\/wp-json\/wp\/v2\/media\/8811"}],"wp:attachment":[{"href":"https:\/\/madoskampas.lt\/en\/wp-json\/wp\/v2\/media?parent=8001"}],"wp:term":[{"taxonomy":"product_brand","embeddable":true,"href":"https:\/\/madoskampas.lt\/en\/wp-json\/wp\/v2\/product_brand?post=8001"},{"taxonomy":"product_cat","embeddable":true,"href":"https:\/\/madoskampas.lt\/en\/wp-json\/wp\/v2\/product_cat?post=8001"},{"taxonomy":"product_tag","embeddable":true,"href":"https:\/\/madoskampas.lt\/en\/wp-json\/wp\/v2\/product_tag?post=8001"}],"curies":[{"name":"wp","href":"https:\/\/api.w.org\/{rel}","templated":true}]}}