{"id":11,"date":"2024-02-29T17:57:43","date_gmt":"2024-02-29T17:57:43","guid":{"rendered":"https:\/\/madoskampas.lt\/?page_id=11"},"modified":"2025-04-01T07:34:14","modified_gmt":"2025-04-01T07:34:14","slug":"grazinimas","status":"publish","type":"page","link":"https:\/\/madoskampas.lt\/et\/grazinimas\/","title":{"rendered":"Raha ja kaupade tagastamise poliitika"},"content":{"rendered":"<div data-elementor-type=\"wp-page\" data-elementor-id=\"11\" class=\"elementor elementor-11\" data-elementor-post-type=\"page\">\n\t\t\t\t<div class=\"elementor-element elementor-element-5dbaa928 e-flex e-con-boxed kitify-col-width-auto-no ignore-docs-style-no kitify-disable-relative-no e-root-container elementor-top-section e-con e-parent\" data-id=\"5dbaa928\" data-element_type=\"container\" data-e-type=\"container\">\n\t\t\t\t\t<div class=\"e-con-inner\">\n\t\t\t\t<div class=\"elementor-element elementor-element-582ff59f elementor-widget elementor-widget-text-editor\" data-id=\"582ff59f\" data-element_type=\"widget\" data-e-type=\"widget\" data-widget_type=\"text-editor.default\">\n\t\t\t\t<div class=\"elementor-widget-container\">\n\t\t\t\t\t\t\t\t\t<h1>Raha ja kaupade tagastamise poliitika<\/h1>\n<p>Prekes galima gr\u0105\u017einti per 14 d. nuo prek\u0117s \u012fsigijimo<\/p>\n<p>Pinigai gr\u0105\u017einami per 14 d. nuo gr\u0105\u017einamos prek\u0117s pristatymo parduotuvei<\/p>\n<p style=\"font-size: 16px;\"><span style=\"font-size: inherit; color: var( --e-global-color-text ); text-align: var(--text-align); background-color: var(--site-bg-color); font-family: var(--site-main-font); font-weight: var(--site-font-weight);\">Prek\u0117s su nuolaida kei\u010diamos \u012f kitas prekes ar \u012f kit\u0105 dyd\u012f!<\/span><\/p>\n<p>Gr\u0105\u017einimo taisykl\u0117s:<br>Jeigu nor\u0117site gr\u0105\u017einti ar pakeisti \u012fsigyt\u0105 prek\u0119, tai gal\u0117site padaryti per 14 dien\u0173 nuo prek\u0117s \u012fsigyjimo dienos.<br>Pinigai \u012f pirk\u0117jo nurodyt\u0105 s\u0105skait\u0105 yra gr\u0105\u017einami per 14 dien\u0173.<br>Jeigu u\u017e prekes buvo mok\u0117ta bankiniu pavedimu ar siuntos atsi\u0117mimo metu, pinigai yra gr\u0105\u017einami \u012f gr\u0105\u017einimo akte nurodyt\u0105 s\u0105skait\u0105.<br>Jei buvo atsiskaityta mok\u0117jimo kortele, pinigai gr\u0105\u017einami per pasirinkt\u0105 sistem\u0105 \u012f t\u0105 pa\u010di\u0105 s\u0105skait\u0105.<br>Pirk\u0117jui gr\u0105\u017einant prekes, b\u016btina laikytis \u0161i\u0173 s\u0105lyg\u0173: gr\u0105\u017einama prek\u0117 turi b\u016bti originalioje tvarkingoje pakuot\u0117je; prek\u0117 turi b\u016bti nesugadinta; prek\u0117 turi b\u016bti nenaudota, nepraradusi prekin\u0117s i\u0161vaizdos (nepa\u017eeistos etiket\u0117s, nenupl\u0117\u0161tos apsaugin\u0117s pl\u0117vel\u0117s ir kt) (\u0161is punktas netaikomas tuo atveju, kai gr\u0105\u017einama nekokybi\u0161ka prek\u0117); gr\u0105\u017einama prek\u0117 turi b\u016bti tos pa\u010dios komplektacijos, kokios Pirk\u0117jas j\u0105 gavo.<br>Gr\u0105\u017einama prek\u0117 negali b\u016bti d\u0117v\u0117ta, turi b\u016bti nesugadinta ir nepraradusi savo prekin\u0117s i\u0161vaizdos.<br>Galite gr\u0105\u017einti prek\u0119 ir pakeisti j\u0105 \u012f kit\u0105 dyd\u012f arba model\u012f.&nbsp;<\/p>\n<p>Gra\u017einim\u0105 galite padaryti \u010dia:&nbsp;<a href=\"https:\/\/grazinimai.omniva.lt\/parduotuves\/madoskampas-lt\">https:\/\/grazinimai.omniva.lt\/parduotuves\/madoskampas-lt<\/a><\/p>\t\t\t\t\t\t\t\t<\/div>\n\t\t\t\t<\/div>\n\t\t\t\t\t<\/div>\n\t\t\t\t<\/div>\n\t\t\t\t<\/div>","protected":false},"excerpt":{"rendered":"<p>Pinig\u0173 ir preki\u0173 gr\u0105\u017einimo politika Prekes galima gr\u0105\u017einti per 14 d. nuo prek\u0117s \u012fsigijimo Pinigai gr\u0105\u017einami per 14 d. nuo gr\u0105\u017einamos prek\u0117s pristatymo parduotuvei Prek\u0117s su nuolaida kei\u010diamos \u012f kitas prekes ar \u012f kit\u0105 dyd\u012f! Gr\u0105\u017einimo taisykl\u0117s:Jeigu nor\u0117site gr\u0105\u017einti ar pakeisti \u012fsigyt\u0105 prek\u0119, tai gal\u0117site padaryti per 14 dien\u0173 nuo prek\u0117s \u012fsigyjimo dienos.Pinigai \u012f pirk\u0117jo nurodyt\u0105 s\u0105skait\u0105 yra gr\u0105\u017einami per\u2026<\/p>","protected":false},"author":1,"featured_media":0,"parent":0,"menu_order":0,"comment_status":"closed","ping_status":"closed","template":"","meta":{"_uag_custom_page_level_css":"","_monsterinsights_skip_tracking":false,"_monsterinsights_sitenote_active":false,"_monsterinsights_sitenote_note":"","_monsterinsights_sitenote_category":0,"footnotes":""},"class_list":["post-11","page","type-page","status-publish","hentry"],"yoast_head":"<!-- This site is optimized with the Yoast SEO plugin v27.6 - https:\/\/yoast.com\/product\/yoast-seo-wordpress\/ -->\n<title>Pinig\u0173 ir preki\u0173 gr\u0105\u017einimo politika - MadosKampas.lt<\/title>\n<meta name=\"robots\" content=\"index, follow, max-snippet:-1, max-image-preview:large, max-video-preview:-1\" \/>\n<link rel=\"canonical\" href=\"https:\/\/madoskampas.lt\/et\/grazinimas\/\" \/>\n<meta property=\"og:locale\" content=\"et_EE\" \/>\n<meta property=\"og:type\" content=\"article\" \/>\n<meta property=\"og:title\" content=\"Pinig\u0173 ir preki\u0173 gr\u0105\u017einimo politika - MadosKampas.lt\" \/>\n<meta property=\"og:description\" content=\"Pinig\u0173 ir preki\u0173 gr\u0105\u017einimo politika Prekes galima gr\u0105\u017einti per 14 d. nuo prek\u0117s \u012fsigijimo Pinigai gr\u0105\u017einami per 14 d. nuo gr\u0105\u017einamos prek\u0117s pristatymo parduotuvei Prek\u0117s su nuolaida kei\u010diamos \u012f kitas prekes ar \u012f kit\u0105 dyd\u012f! Gr\u0105\u017einimo taisykl\u0117s:Jeigu nor\u0117site gr\u0105\u017einti ar pakeisti \u012fsigyt\u0105 prek\u0119, tai gal\u0117site padaryti per 14 dien\u0173 nuo prek\u0117s \u012fsigyjimo dienos.Pinigai \u012f pirk\u0117jo nurodyt\u0105 s\u0105skait\u0105 yra gr\u0105\u017einami per\u2026\" \/>\n<meta property=\"og:url\" content=\"https:\/\/madoskampas.lt\/et\/grazinimas\/\" \/>\n<meta property=\"og:site_name\" content=\"MadosKampas.lt\" \/>\n<meta property=\"article:modified_time\" content=\"2025-04-01T07:34:14+00:00\" \/>\n<meta name=\"twitter:card\" content=\"summary_large_image\" \/>\n<meta name=\"twitter:label1\" content=\"Est. reading time\" \/>\n\t<meta name=\"twitter:data1\" content=\"1 minut\" \/>\n<script type=\"application\/ld+json\" class=\"yoast-schema-graph\">{\"@context\":\"https:\\\/\\\/schema.org\",\"@graph\":[{\"@type\":\"WebPage\",\"@id\":\"https:\\\/\\\/madoskampas.lt\\\/grazinimas\\\/\",\"url\":\"https:\\\/\\\/madoskampas.lt\\\/grazinimas\\\/\",\"name\":\"Pinig\u0173 ir preki\u0173 gr\u0105\u017einimo politika - MadosKampas.lt\",\"isPartOf\":{\"@id\":\"https:\\\/\\\/madoskampas.lt\\\/#website\"},\"datePublished\":\"2024-02-29T17:57:43+00:00\",\"dateModified\":\"2025-04-01T07:34:14+00:00\",\"breadcrumb\":{\"@id\":\"https:\\\/\\\/madoskampas.lt\\\/grazinimas\\\/#breadcrumb\"},\"inLanguage\":\"et\",\"potentialAction\":[{\"@type\":\"ReadAction\",\"target\":[\"https:\\\/\\\/madoskampas.lt\\\/grazinimas\\\/\"]}]},{\"@type\":\"BreadcrumbList\",\"@id\":\"https:\\\/\\\/madoskampas.lt\\\/grazinimas\\\/#breadcrumb\",\"itemListElement\":[{\"@type\":\"ListItem\",\"position\":1,\"name\":\"Home\",\"item\":\"https:\\\/\\\/madoskampas.lt\\\/\"},{\"@type\":\"ListItem\",\"position\":2,\"name\":\"Pinig\u0173 ir preki\u0173 gr\u0105\u017einimo politika\"}]},{\"@type\":\"WebSite\",\"@id\":\"https:\\\/\\\/madoskampas.lt\\\/#website\",\"url\":\"https:\\\/\\\/madoskampas.lt\\\/\",\"name\":\"MadosKampas.lt\",\"description\":\"Stilingi drabu\u017eiai moterims\",\"potentialAction\":[{\"@type\":\"SearchAction\",\"target\":{\"@type\":\"EntryPoint\",\"urlTemplate\":\"https:\\\/\\\/madoskampas.lt\\\/?s={search_term_string}\"},\"query-input\":{\"@type\":\"PropertyValueSpecification\",\"valueRequired\":true,\"valueName\":\"search_term_string\"}}],\"inLanguage\":\"et\"}]}<\/script>\n<!-- \/ Yoast SEO plugin. -->","yoast_head_json":{"title":"Pinig\u0173 ir preki\u0173 gr\u0105\u017einimo politika - MadosKampas.lt","robots":{"index":"index","follow":"follow","max-snippet":"max-snippet:-1","max-image-preview":"max-image-preview:large","max-video-preview":"max-video-preview:-1"},"canonical":"https:\/\/madoskampas.lt\/et\/grazinimas\/","og_locale":"et_EE","og_type":"article","og_title":"Pinig\u0173 ir preki\u0173 gr\u0105\u017einimo politika - MadosKampas.lt","og_description":"Pinig\u0173 ir preki\u0173 gr\u0105\u017einimo politika Prekes galima gr\u0105\u017einti per 14 d. nuo prek\u0117s \u012fsigijimo Pinigai gr\u0105\u017einami per 14 d. nuo gr\u0105\u017einamos prek\u0117s pristatymo parduotuvei Prek\u0117s su nuolaida kei\u010diamos \u012f kitas prekes ar \u012f kit\u0105 dyd\u012f! Gr\u0105\u017einimo taisykl\u0117s:Jeigu nor\u0117site gr\u0105\u017einti ar pakeisti \u012fsigyt\u0105 prek\u0119, tai gal\u0117site padaryti per 14 dien\u0173 nuo prek\u0117s \u012fsigyjimo dienos.Pinigai \u012f pirk\u0117jo nurodyt\u0105 s\u0105skait\u0105 yra gr\u0105\u017einami per\u2026","og_url":"https:\/\/madoskampas.lt\/et\/grazinimas\/","og_site_name":"MadosKampas.lt","article_modified_time":"2025-04-01T07:34:14+00:00","twitter_card":"summary_large_image","twitter_misc":{"Est. reading time":"1 minut"},"schema":{"@context":"https:\/\/schema.org","@graph":[{"@type":"WebPage","@id":"https:\/\/madoskampas.lt\/grazinimas\/","url":"https:\/\/madoskampas.lt\/grazinimas\/","name":"Pinig\u0173 ir preki\u0173 gr\u0105\u017einimo politika - MadosKampas.lt","isPartOf":{"@id":"https:\/\/madoskampas.lt\/#website"},"datePublished":"2024-02-29T17:57:43+00:00","dateModified":"2025-04-01T07:34:14+00:00","breadcrumb":{"@id":"https:\/\/madoskampas.lt\/grazinimas\/#breadcrumb"},"inLanguage":"et","potentialAction":[{"@type":"ReadAction","target":["https:\/\/madoskampas.lt\/grazinimas\/"]}]},{"@type":"BreadcrumbList","@id":"https:\/\/madoskampas.lt\/grazinimas\/#breadcrumb","itemListElement":[{"@type":"ListItem","position":1,"name":"Home","item":"https:\/\/madoskampas.lt\/"},{"@type":"ListItem","position":2,"name":"Pinig\u0173 ir preki\u0173 gr\u0105\u017einimo politika"}]},{"@type":"WebSite","@id":"https:\/\/madoskampas.lt\/#website","url":"https:\/\/madoskampas.lt\/","name":"FashionKampas.lt","description":"Stiilsed riided naistele","potentialAction":[{"@type":"SearchAction","target":{"@type":"EntryPoint","urlTemplate":"https:\/\/madoskampas.lt\/?s={search_term_string}"},"query-input":{"@type":"PropertyValueSpecification","valueRequired":true,"valueName":"search_term_string"}}],"inLanguage":"et"}]}},"uagb_featured_image_src":{"full":false,"thumbnail":false,"medium":false,"medium_large":false,"large":false,"1536x1536":false,"2048x2048":false,"trp-custom-language-flag":false,"nova-image-square":false,"mixtas-product-03":false,"woocommerce_thumbnail":false,"woocommerce_single":false,"woocommerce_gallery_thumbnail":false,"variation_swatches_image_size":false,"variation_swatches_tooltip_size":false},"uagb_author_info":{"display_name":"Danielius","author_link":"https:\/\/madoskampas.lt\/et\/author\/danielius\/"},"uagb_comment_info":0,"uagb_excerpt":"Pinig\u0173 ir preki\u0173 gr\u0105\u017einimo politika Prekes galima gr\u0105\u017einti per 14 d. nuo prek\u0117s \u012fsigijimo Pinigai gr\u0105\u017einami per 14 d. nuo gr\u0105\u017einamos prek\u0117s pristatymo parduotuvei Prek\u0117s su nuolaida kei\u010diamos \u012f kitas prekes ar \u012f kit\u0105 dyd\u012f! Gr\u0105\u017einimo taisykl\u0117s:Jeigu nor\u0117site gr\u0105\u017einti ar pakeisti \u012fsigyt\u0105 prek\u0119, tai gal\u0117site padaryti per 14 dien\u0173 nuo prek\u0117s \u012fsigyjimo dienos.Pinigai \u012f pirk\u0117jo&hellip;","jetpack_sharing_enabled":true,"_links":{"self":[{"href":"https:\/\/madoskampas.lt\/et\/wp-json\/wp\/v2\/pages\/11","targetHints":{"allow":["GET"]}}],"collection":[{"href":"https:\/\/madoskampas.lt\/et\/wp-json\/wp\/v2\/pages"}],"about":[{"href":"https:\/\/madoskampas.lt\/et\/wp-json\/wp\/v2\/types\/page"}],"author":[{"embeddable":true,"href":"https:\/\/madoskampas.lt\/et\/wp-json\/wp\/v2\/users\/1"}],"replies":[{"embeddable":true,"href":"https:\/\/madoskampas.lt\/et\/wp-json\/wp\/v2\/comments?post=11"}],"version-history":[{"count":19,"href":"https:\/\/madoskampas.lt\/et\/wp-json\/wp\/v2\/pages\/11\/revisions"}],"predecessor-version":[{"id":13421,"href":"https:\/\/madoskampas.lt\/et\/wp-json\/wp\/v2\/pages\/11\/revisions\/13421"}],"wp:attachment":[{"href":"https:\/\/madoskampas.lt\/et\/wp-json\/wp\/v2\/media?parent=11"}],"curies":[{"name":"wp","href":"https:\/\/api.w.org\/{rel}","templated":true}]}}