{"id":14006,"date":"2025-04-14T18:00:38","date_gmt":"2025-04-14T18:00:38","guid":{"rendered":"https:\/\/madoskampas.lt\/?post_type=product&#038;p=14006"},"modified":"2026-02-08T14:04:23","modified_gmt":"2026-02-08T14:04:23","slug":"laisvalaikio-kostiumelis-velvet-soft","status":"publish","type":"product","link":"https:\/\/madoskampas.lt\/et\/product-2\/laisvalaikio-kostiumelis-velvet-soft\/","title":{"rendered":"Laisvalaikio kostium\u0117lis \u201eVelvet Soft\u201c"},"content":{"rendered":"<p>Lengvas, \u0161velnus, jaukus.<br data-start=\"199\" data-end=\"202\" \/>Tai tas kostium\u0117lis, kuris suteikia komforto jausm\u0105 ir kartu atrodo itin stilingai.<\/p>","protected":false},"excerpt":{"rendered":"<p class=\"\" data-start=\"174\" data-end=\"287\">Lengvas, \u0161velnus, jaukus.<br data-start=\"199\" data-end=\"202\" \/>Tai tas kostium\u0117lis, kuris suteikia komforto jausm\u0105 ir kartu atrodo itin stilingai.<\/p>\n<p class=\"\" data-start=\"289\" data-end=\"427\">Mink\u0161tas veli\u016bras \u0161velniai glunda prie k\u016bno, o minimalistinis dizainas su kontrastingomis detal\u0117mis suteikia jam subtilaus i\u0161skirtinumo.<\/p>\n<p class=\"\" data-start=\"429\" data-end=\"512\">Puikus pasirinkimas tiek poilsiui namuose, tiek stilingam pasivaik\u0161\u010diojimui mieste.<\/p>\n<hr class=\"\" data-start=\"514\" data-end=\"517\" \/>\n<h3 class=\"\" data-start=\"519\" data-end=\"532\">Ypatyb\u0117s:<\/h3>\n<p class=\"\" data-start=\"533\" data-end=\"705\">\u2022 Mink\u0161tas, elastingas veli\u016brinis audinys<br data-start=\"574\" data-end=\"577\" \/>\u2022 Mar\u0161kin\u0117liai trumpomis rankov\u0117mis su balta apdaila<br data-start=\"629\" data-end=\"632\" \/>\u2022 Siaur\u0117jan\u010dios keln\u0117s su tampria apa\u010dia<br data-start=\"672\" data-end=\"675\" \/>\u2022 \u0160velnus spindesys audinyje<\/p>\n<hr class=\"\" data-start=\"707\" data-end=\"710\" \/>\n<h3 class=\"\" data-start=\"712\" data-end=\"726\">Dyd\u017eiai:<\/h3>\n<p class=\"\" data-start=\"727\" data-end=\"743\">\u2713 S\/M<br data-start=\"732\" data-end=\"735\" \/>\u2713 L\/XL<\/p>\n<p class=\"\" data-start=\"764\" data-end=\"834\">","protected":false},"featured_media":13934,"comment_status":"open","ping_status":"closed","template":"","meta":{"_uag_custom_page_level_css":"","_monsterinsights_skip_tracking":false,"_monsterinsights_sitenote_active":false,"_monsterinsights_sitenote_note":"","_monsterinsights_sitenote_category":0},"product_brand":[],"product_cat":[66,70,95],"product_tag":[],"class_list":{"0":"post-14006","1":"product","2":"type-product","3":"status-publish","4":"has-post-thumbnail","6":"product_cat-drabuziai","7":"product_cat-kostiumeliai","8":"product_cat-naujausi","9":"tm-has-options","11":"first","12":"instock","13":"sale","14":"shipping-taxable","15":"purchasable","16":"product-type-variable"},"yoast_head":"<!-- This site is optimized with the Yoast SEO plugin v27.6 - https:\/\/yoast.com\/product\/yoast-seo-wordpress\/ -->\n<title>Laisvalaikio kostium\u0117lis \u201eVelvet Soft\u201c - MadosKampas.lt<\/title>\n<meta name=\"robots\" content=\"index, follow, max-snippet:-1, max-image-preview:large, max-video-preview:-1\" \/>\n<link rel=\"canonical\" href=\"https:\/\/madoskampas.lt\/et\/product-2\/laisvalaikio-kostiumelis-velvet-soft\/\" \/>\n<meta property=\"og:locale\" content=\"et_EE\" \/>\n<meta property=\"og:type\" content=\"article\" \/>\n<meta property=\"og:title\" content=\"Laisvalaikio kostium\u0117lis \u201eVelvet Soft\u201c - MadosKampas.lt\" \/>\n<meta property=\"og:description\" content=\"Lengvas, \u0161velnus, jaukus.Tai tas kostium\u0117lis, kuris suteikia komforto jausm\u0105 ir kartu atrodo itin stilingai. Mink\u0161tas veli\u016bras \u0161velniai glunda prie k\u016bno, o minimalistinis dizainas su kontrastingomis detal\u0117mis suteikia jam subtilaus i\u0161skirtinumo. Puikus pasirinkimas tiek poilsiui namuose, tiek stilingam pasivaik\u0161\u010diojimui mieste.     Ypatyb\u0117s: \u2022 Mink\u0161tas, elastingas veli\u016brinis audinys\u2022 Mar\u0161kin\u0117liai trumpomis rankov\u0117mis su balta apdaila\u2022 Siaur\u0117jan\u010dios keln\u0117s su tampria apa\u010dia\u2022 \u0160velnus spindesys audinyje     Dyd\u017eiai: \u2713 S\/M\u2713 L\/XL\" \/>\n<meta property=\"og:url\" content=\"https:\/\/madoskampas.lt\/et\/product-2\/laisvalaikio-kostiumelis-velvet-soft\/\" \/>\n<meta property=\"og:site_name\" content=\"MadosKampas.lt\" \/>\n<meta property=\"article:modified_time\" content=\"2026-02-08T14:04:23+00:00\" \/>\n<meta property=\"og:image\" content=\"https:\/\/madoskampas.lt\/wp-content\/uploads\/2025\/04\/IMG_7588.jpeg\" \/>\n\t<meta property=\"og:image:width\" content=\"1536\" \/>\n\t<meta property=\"og:image:height\" content=\"2048\" \/>\n\t<meta property=\"og:image:type\" content=\"image\/jpeg\" \/>\n<meta name=\"twitter:card\" content=\"summary_large_image\" \/>\n<meta name=\"twitter:label1\" content=\"Est. reading time\" \/>\n\t<meta name=\"twitter:data1\" content=\"1 minut\" \/>\n<script type=\"application\/ld+json\" class=\"yoast-schema-graph\">{\"@context\":\"https:\\\/\\\/schema.org\",\"@graph\":[{\"@type\":\"WebPage\",\"@id\":\"https:\\\/\\\/madoskampas.lt\\\/produktas\\\/laisvalaikio-kostiumelis-velvet-soft\\\/\",\"url\":\"https:\\\/\\\/madoskampas.lt\\\/produktas\\\/laisvalaikio-kostiumelis-velvet-soft\\\/\",\"name\":\"Laisvalaikio kostium\u0117lis \u201eVelvet Soft\u201c - MadosKampas.lt\",\"isPartOf\":{\"@id\":\"https:\\\/\\\/madoskampas.lt\\\/#website\"},\"primaryImageOfPage\":{\"@id\":\"https:\\\/\\\/madoskampas.lt\\\/produktas\\\/laisvalaikio-kostiumelis-velvet-soft\\\/#primaryimage\"},\"image\":{\"@id\":\"https:\\\/\\\/madoskampas.lt\\\/produktas\\\/laisvalaikio-kostiumelis-velvet-soft\\\/#primaryimage\"},\"thumbnailUrl\":\"https:\\\/\\\/madoskampas.lt\\\/wp-content\\\/uploads\\\/2025\\\/04\\\/IMG_7588.jpeg\",\"datePublished\":\"2025-04-14T18:00:38+00:00\",\"dateModified\":\"2026-02-08T14:04:23+00:00\",\"breadcrumb\":{\"@id\":\"https:\\\/\\\/madoskampas.lt\\\/produktas\\\/laisvalaikio-kostiumelis-velvet-soft\\\/#breadcrumb\"},\"inLanguage\":\"et\",\"potentialAction\":[{\"@type\":\"ReadAction\",\"target\":[\"https:\\\/\\\/madoskampas.lt\\\/produktas\\\/laisvalaikio-kostiumelis-velvet-soft\\\/\"]}]},{\"@type\":\"ImageObject\",\"inLanguage\":\"et\",\"@id\":\"https:\\\/\\\/madoskampas.lt\\\/produktas\\\/laisvalaikio-kostiumelis-velvet-soft\\\/#primaryimage\",\"url\":\"https:\\\/\\\/madoskampas.lt\\\/wp-content\\\/uploads\\\/2025\\\/04\\\/IMG_7588.jpeg\",\"contentUrl\":\"https:\\\/\\\/madoskampas.lt\\\/wp-content\\\/uploads\\\/2025\\\/04\\\/IMG_7588.jpeg\",\"width\":1536,\"height\":2048},{\"@type\":\"BreadcrumbList\",\"@id\":\"https:\\\/\\\/madoskampas.lt\\\/produktas\\\/laisvalaikio-kostiumelis-velvet-soft\\\/#breadcrumb\",\"itemListElement\":[{\"@type\":\"ListItem\",\"position\":1,\"name\":\"Home\",\"item\":\"https:\\\/\\\/madoskampas.lt\\\/\"},{\"@type\":\"ListItem\",\"position\":2,\"name\":\"Parduotuv\u0117\",\"item\":\"https:\\\/\\\/madoskampas.lt\\\/parduotuve-2\\\/\"},{\"@type\":\"ListItem\",\"position\":3,\"name\":\"Laisvalaikio kostium\u0117lis \u201eVelvet Soft\u201c\"}]},{\"@type\":\"WebSite\",\"@id\":\"https:\\\/\\\/madoskampas.lt\\\/#website\",\"url\":\"https:\\\/\\\/madoskampas.lt\\\/\",\"name\":\"MadosKampas.lt\",\"description\":\"Stilingi drabu\u017eiai moterims\",\"potentialAction\":[{\"@type\":\"SearchAction\",\"target\":{\"@type\":\"EntryPoint\",\"urlTemplate\":\"https:\\\/\\\/madoskampas.lt\\\/?s={search_term_string}\"},\"query-input\":{\"@type\":\"PropertyValueSpecification\",\"valueRequired\":true,\"valueName\":\"search_term_string\"}}],\"inLanguage\":\"et\"}]}<\/script>\n<!-- \/ Yoast SEO plugin. -->","yoast_head_json":{"title":"Laisvalaikio kostium\u0117lis \u201eVelvet Soft\u201c - MadosKampas.lt","robots":{"index":"index","follow":"follow","max-snippet":"max-snippet:-1","max-image-preview":"max-image-preview:large","max-video-preview":"max-video-preview:-1"},"canonical":"https:\/\/madoskampas.lt\/et\/product-2\/laisvalaikio-kostiumelis-velvet-soft\/","og_locale":"et_EE","og_type":"article","og_title":"Laisvalaikio kostium\u0117lis \u201eVelvet Soft\u201c - MadosKampas.lt","og_description":"Lengvas, \u0161velnus, jaukus.Tai tas kostium\u0117lis, kuris suteikia komforto jausm\u0105 ir kartu atrodo itin stilingai. Mink\u0161tas veli\u016bras \u0161velniai glunda prie k\u016bno, o minimalistinis dizainas su kontrastingomis detal\u0117mis suteikia jam subtilaus i\u0161skirtinumo. Puikus pasirinkimas tiek poilsiui namuose, tiek stilingam pasivaik\u0161\u010diojimui mieste.     Ypatyb\u0117s: \u2022 Mink\u0161tas, elastingas veli\u016brinis audinys\u2022 Mar\u0161kin\u0117liai trumpomis rankov\u0117mis su balta apdaila\u2022 Siaur\u0117jan\u010dios keln\u0117s su tampria apa\u010dia\u2022 \u0160velnus spindesys audinyje     Dyd\u017eiai: \u2713 S\/M\u2713 L\/XL","og_url":"https:\/\/madoskampas.lt\/et\/product-2\/laisvalaikio-kostiumelis-velvet-soft\/","og_site_name":"MadosKampas.lt","article_modified_time":"2026-02-08T14:04:23+00:00","og_image":[{"width":1536,"height":2048,"url":"https:\/\/madoskampas.lt\/wp-content\/uploads\/2025\/04\/IMG_7588.jpeg","type":"image\/jpeg"}],"twitter_card":"summary_large_image","twitter_misc":{"Est. reading time":"1 minut"},"schema":{"@context":"https:\/\/schema.org","@graph":[{"@type":"WebPage","@id":"https:\/\/madoskampas.lt\/produktas\/laisvalaikio-kostiumelis-velvet-soft\/","url":"https:\/\/madoskampas.lt\/produktas\/laisvalaikio-kostiumelis-velvet-soft\/","name":"Laisvalaikio kostium\u0117lis \u201eVelvet Soft\u201c - MadosKampas.lt","isPartOf":{"@id":"https:\/\/madoskampas.lt\/#website"},"primaryImageOfPage":{"@id":"https:\/\/madoskampas.lt\/produktas\/laisvalaikio-kostiumelis-velvet-soft\/#primaryimage"},"image":{"@id":"https:\/\/madoskampas.lt\/produktas\/laisvalaikio-kostiumelis-velvet-soft\/#primaryimage"},"thumbnailUrl":"https:\/\/madoskampas.lt\/wp-content\/uploads\/2025\/04\/IMG_7588.jpeg","datePublished":"2025-04-14T18:00:38+00:00","dateModified":"2026-02-08T14:04:23+00:00","breadcrumb":{"@id":"https:\/\/madoskampas.lt\/produktas\/laisvalaikio-kostiumelis-velvet-soft\/#breadcrumb"},"inLanguage":"et","potentialAction":[{"@type":"ReadAction","target":["https:\/\/madoskampas.lt\/produktas\/laisvalaikio-kostiumelis-velvet-soft\/"]}]},{"@type":"ImageObject","inLanguage":"et","@id":"https:\/\/madoskampas.lt\/produktas\/laisvalaikio-kostiumelis-velvet-soft\/#primaryimage","url":"https:\/\/madoskampas.lt\/wp-content\/uploads\/2025\/04\/IMG_7588.jpeg","contentUrl":"https:\/\/madoskampas.lt\/wp-content\/uploads\/2025\/04\/IMG_7588.jpeg","width":1536,"height":2048},{"@type":"BreadcrumbList","@id":"https:\/\/madoskampas.lt\/produktas\/laisvalaikio-kostiumelis-velvet-soft\/#breadcrumb","itemListElement":[{"@type":"ListItem","position":1,"name":"Home","item":"https:\/\/madoskampas.lt\/"},{"@type":"ListItem","position":2,"name":"Parduotuv\u0117","item":"https:\/\/madoskampas.lt\/parduotuve-2\/"},{"@type":"ListItem","position":3,"name":"Laisvalaikio kostium\u0117lis \u201eVelvet Soft\u201c"}]},{"@type":"WebSite","@id":"https:\/\/madoskampas.lt\/#website","url":"https:\/\/madoskampas.lt\/","name":"FashionKampas.lt","description":"Stiilsed riided naistele","potentialAction":[{"@type":"SearchAction","target":{"@type":"EntryPoint","urlTemplate":"https:\/\/madoskampas.lt\/?s={search_term_string}"},"query-input":{"@type":"PropertyValueSpecification","valueRequired":true,"valueName":"search_term_string"}}],"inLanguage":"et"}]}},"uagb_featured_image_src":{"full":["https:\/\/madoskampas.lt\/wp-content\/uploads\/2025\/04\/IMG_7588.jpeg",1536,2048,false],"thumbnail":["https:\/\/madoskampas.lt\/wp-content\/uploads\/2025\/04\/IMG_7588-150x150.jpeg",150,150,true],"medium":["https:\/\/madoskampas.lt\/wp-content\/uploads\/2025\/04\/IMG_7588-225x300.jpeg",225,300,true],"medium_large":["https:\/\/madoskampas.lt\/wp-content\/uploads\/2025\/04\/IMG_7588-768x1024.jpeg",768,1024,true],"large":["https:\/\/madoskampas.lt\/wp-content\/uploads\/2025\/04\/IMG_7588-768x1024.jpeg",768,1024,true],"1536x1536":["https:\/\/madoskampas.lt\/wp-content\/uploads\/2025\/04\/IMG_7588-1152x1536.jpeg",1152,1536,true],"2048x2048":["https:\/\/madoskampas.lt\/wp-content\/uploads\/2025\/04\/IMG_7588.jpeg",1536,2048,false],"trp-custom-language-flag":["https:\/\/madoskampas.lt\/wp-content\/uploads\/2025\/04\/IMG_7588.jpeg",9,12,false],"nova-image-square":["https:\/\/madoskampas.lt\/wp-content\/uploads\/2025\/04\/IMG_7588-1100x1100.jpeg",1100,1100,true],"mixtas-product-03":["https:\/\/madoskampas.lt\/wp-content\/uploads\/2025\/04\/IMG_7588-600x345.jpeg",600,345,true],"woocommerce_thumbnail":["https:\/\/madoskampas.lt\/wp-content\/uploads\/2025\/04\/IMG_7588-700x700.jpeg",700,700,true],"woocommerce_single":["https:\/\/madoskampas.lt\/wp-content\/uploads\/2025\/04\/IMG_7588-1000x1333.jpeg",1000,1333,true],"woocommerce_gallery_thumbnail":["https:\/\/madoskampas.lt\/wp-content\/uploads\/2025\/04\/IMG_7588-250x250.jpeg",250,250,true],"variation_swatches_image_size":["https:\/\/madoskampas.lt\/wp-content\/uploads\/2025\/04\/IMG_7588-50x50.jpeg",50,50,true],"variation_swatches_tooltip_size":["https:\/\/madoskampas.lt\/wp-content\/uploads\/2025\/04\/IMG_7588-100x100.jpeg",100,100,true]},"uagb_author_info":{"display_name":"algirdasbart","author_link":"https:\/\/madoskampas.lt\/et\/author\/"},"uagb_comment_info":1,"uagb_excerpt":"Lengvas, \u0161velnus, jaukus.Tai tas kostium\u0117lis, kuris suteikia komforto jausm\u0105 ir kartu atrodo itin stilingai. Mink\u0161tas veli\u016bras \u0161velniai glunda prie k\u016bno, o minimalistinis dizainas su kontrastingomis detal\u0117mis suteikia jam subtilaus i\u0161skirtinumo. Puikus pasirinkimas tiek poilsiui namuose, tiek stilingam pasivaik\u0161\u010diojimui mieste. Ypatyb\u0117s: \u2022 Mink\u0161tas, elastingas veli\u016brinis audinys\u2022 Mar\u0161kin\u0117liai trumpomis rankov\u0117mis su balta apdaila\u2022 Siaur\u0117jan\u010dios keln\u0117s su tampria&hellip;","jetpack_sharing_enabled":true,"_links":{"self":[{"href":"https:\/\/madoskampas.lt\/et\/wp-json\/wp\/v2\/product\/14006","targetHints":{"allow":["GET"]}}],"collection":[{"href":"https:\/\/madoskampas.lt\/et\/wp-json\/wp\/v2\/product"}],"about":[{"href":"https:\/\/madoskampas.lt\/et\/wp-json\/wp\/v2\/types\/product"}],"replies":[{"embeddable":true,"href":"https:\/\/madoskampas.lt\/et\/wp-json\/wp\/v2\/comments?post=14006"}],"wp:featuredmedia":[{"embeddable":true,"href":"https:\/\/madoskampas.lt\/et\/wp-json\/wp\/v2\/media\/13934"}],"wp:attachment":[{"href":"https:\/\/madoskampas.lt\/et\/wp-json\/wp\/v2\/media?parent=14006"}],"wp:term":[{"taxonomy":"product_brand","embeddable":true,"href":"https:\/\/madoskampas.lt\/et\/wp-json\/wp\/v2\/product_brand?post=14006"},{"taxonomy":"product_cat","embeddable":true,"href":"https:\/\/madoskampas.lt\/et\/wp-json\/wp\/v2\/product_cat?post=14006"},{"taxonomy":"product_tag","embeddable":true,"href":"https:\/\/madoskampas.lt\/et\/wp-json\/wp\/v2\/product_tag?post=14006"}],"curies":[{"name":"wp","href":"https:\/\/api.w.org\/{rel}","templated":true}]}}