{"id":14272,"date":"2025-04-16T06:14:14","date_gmt":"2025-04-16T06:14:14","guid":{"rendered":"https:\/\/madoskampas.lt\/?post_type=product&#038;p=14272"},"modified":"2026-03-26T17:19:46","modified_gmt":"2026-03-26T17:19:46","slug":"smelio-spalvos-ilga-dygsniuota-striuke","status":"publish","type":"product","link":"https:\/\/madoskampas.lt\/et\/product-2\/smelio-spalvos-ilga-dygsniuota-striuke\/","title":{"rendered":"Sm\u0117lio spalvos ilga dygsniuota striuk\u0117"},"content":{"rendered":"<p>\u0160viesa, jaukumas ir subtili elegancija \u2013 viskas viename.<\/p>","protected":false},"excerpt":{"rendered":"<p class=\"\" data-start=\"196\" data-end=\"573\">\u0160viesa, jaukumas ir subtili elegancija \u2013 viskas viename.<br data-start=\"252\" data-end=\"255\" \/>\u0160i ilgesnio silueto sm\u0117lio spalvos striuk\u0117 \u2013 puikus pasirinkimas pereinamajam sezonui. Lengvai pa\u0161iltinta, dailiai dygsniuota, be perteklini\u0173 detali\u0173 \u2013 \u0161vari forma leid\u017eia striukei prisitaikyti tiek prie miesto, tiek prie savaitgalio derini\u0173.<br data-start=\"497\" data-end=\"500\" \/>Klasikin\u0117, bet \u0161iuolaiki\u0161ka \u2013 drabu\u017eis, kuris kalba tyliai, bet stipriai.<\/p>\n<p class=\"\" data-start=\"575\" data-end=\"757\">\u2714\ufe0f Ilgas, dailiai krintantis siluetas<br data-start=\"612\" data-end=\"615\" \/>\u2714\ufe0f U\u017esegama spaud\u0117mis<br data-start=\"636\" data-end=\"639\" \/>\u2714\ufe0f Patogios \u0161onin\u0117s ki\u0161en\u0117s<br data-start=\"666\" data-end=\"669\" \/>\u2714\ufe0f Lengvai pa\u0161iltinta \u2013 tinka pavasariui<br data-start=\"709\" data-end=\"712\" \/>\u2714\ufe0f Tinka tiek prie kelni\u0173, tiek prie suknel\u0117s<\/p>\n<p class=\"\" data-start=\"759\" data-end=\"869\"><strong data-start=\"759\" data-end=\"778\">Galimi dyd\u017eiai:<\/strong> S, M, L, XL, XXL<br data-start=\"795\" data-end=\"798\" \/><strong data-start=\"798\" data-end=\"810\">Koostis:<\/strong> 100% poliesteris<br data-start=\"827\" data-end=\"830\" \/><strong data-start=\"830\" data-end=\"869\">Modelio \u016bgis \u2013 174 cm, d\u0117vi dyd\u012f M.<\/strong><\/p>\n<hr class=\"\" data-start=\"871\" data-end=\"874\" \/>\n<h3 class=\"\" data-start=\"876\" data-end=\"908\">\ud83d\udccf <strong data-start=\"883\" data-end=\"906\">Dyd\u017ei\u0173 i\u0161matavimai:<\/strong><\/h3>\n<p class=\"\" data-start=\"909\" data-end=\"959\"><em data-start=\"909\" data-end=\"959\">(I\u0161matavimai ramyb\u0117s b\u016bsenoje, gali kisti \u00b11 cm)<\/em><\/p>\n<ul data-start=\"961\" data-end=\"1411\">\n<li class=\"\" data-start=\"961\" data-end=\"1056\">\n<p class=\"\" data-start=\"963\" data-end=\"1056\"><strong data-start=\"963\" data-end=\"969\">S:<\/strong><br data-start=\"969\" data-end=\"972\" \/>\u2013 Ilgis: 83 cm<br data-start=\"988\" data-end=\"991\" \/>\u2013 Kr\u016btin\u0117s apimtis (1 pus\u0117): 48 cm<br data-start=\"1027\" data-end=\"1030\" \/>\u2013 Klub\u0173 apimtis: 50 cm<\/p>\n<\/li>\n<li class=\"\" data-start=\"1058\" data-end=\"1144\">\n<p class=\"\" data-start=\"1060\" data-end=\"1144\"><strong data-start=\"1060\" data-end=\"1066\">M:<\/strong><br data-start=\"1066\" data-end=\"1069\" \/>\u2013 Ilgis: 83 cm<br data-start=\"1085\" data-end=\"1088\" \/>\u2013 Kr\u016btin\u0117s apimtis: 50 cm<br data-start=\"1115\" data-end=\"1118\" \/>\u2013 Klub\u0173 apimtis: 52 cm<\/p>\n<\/li>\n<li class=\"\" data-start=\"1146\" data-end=\"1232\">\n<p class=\"\" data-start=\"1148\" data-end=\"1232\"><strong data-start=\"1148\" data-end=\"1154\">L:<\/strong><br data-start=\"1154\" data-end=\"1157\" \/>\u2013 Ilgis: 83 cm<br data-start=\"1173\" data-end=\"1176\" \/>\u2013 Kr\u016btin\u0117s apimtis: 52 cm<br data-start=\"1203\" data-end=\"1206\" \/>\u2013 Klub\u0173 apimtis: 55 cm<\/p>\n<\/li>\n<li class=\"\" data-start=\"1234\" data-end=\"1321\">\n<p class=\"\" data-start=\"1236\" data-end=\"1321\"><strong data-start=\"1236\" data-end=\"1243\">XL:<\/strong><br data-start=\"1243\" data-end=\"1246\" \/>\u2013 Ilgis: 83 cm<br data-start=\"1262\" data-end=\"1265\" \/>\u2013 Kr\u016btin\u0117s apimtis: 54 cm<br data-start=\"1292\" data-end=\"1295\" \/>\u2013 Klub\u0173 apimtis: 57 cm<\/p>\n<\/li>\n<li class=\"\" data-start=\"1323\" data-end=\"1411\">\n<p class=\"\" data-start=\"1325\" data-end=\"1411\"><strong data-start=\"1325\" data-end=\"1333\">XXL:<\/strong><br data-start=\"1333\" data-end=\"1336\" \/>\u2013 Ilgis: 84 cm<br data-start=\"1352\" data-end=\"1355\" \/>\u2013 Kr\u016btin\u0117s apimtis: 56 cm<br data-start=\"1382\" data-end=\"1385\" \/>\u2013 Klub\u0173 apimtis: 59 cm<\/p>\n<\/li>\n<\/ul>","protected":false},"featured_media":15531,"comment_status":"open","ping_status":"closed","template":"","meta":{"_uag_custom_page_level_css":"","_monsterinsights_skip_tracking":false,"_monsterinsights_sitenote_active":false,"_monsterinsights_sitenote_note":"","_monsterinsights_sitenote_category":0},"product_brand":[],"product_cat":[66,95,96,77],"product_tag":[],"class_list":{"0":"post-14272","1":"product","2":"type-product","3":"status-publish","4":"has-post-thumbnail","6":"product_cat-drabuziai","7":"product_cat-naujausi","8":"product_cat-populiariausi","9":"product_cat-striukes-paltai","10":"tm-has-options","12":"first","13":"instock","14":"sale","15":"shipping-taxable","16":"purchasable","17":"product-type-variable"},"yoast_head":"<!-- This site is optimized with the Yoast SEO plugin v27.3 - https:\/\/yoast.com\/product\/yoast-seo-wordpress\/ -->\n<title>Sm\u0117lio spalvos ilga dygsniuota striuk\u0117 - MadosKampas.lt<\/title>\n<meta name=\"robots\" content=\"index, follow, max-snippet:-1, max-image-preview:large, max-video-preview:-1\" \/>\n<link rel=\"canonical\" href=\"https:\/\/madoskampas.lt\/et\/product-2\/smelio-spalvos-ilga-dygsniuota-striuke\/\" \/>\n<meta property=\"og:locale\" content=\"et_EE\" \/>\n<meta property=\"og:type\" content=\"article\" \/>\n<meta property=\"og:title\" content=\"Sm\u0117lio spalvos ilga dygsniuota striuk\u0117 - MadosKampas.lt\" \/>\n<meta property=\"og:description\" content=\"\u0160viesa, jaukumas ir subtili elegancija \u2013 viskas viename.\u0160i ilgesnio silueto sm\u0117lio spalvos striuk\u0117 \u2013 puikus pasirinkimas pereinamajam sezonui. Lengvai pa\u0161iltinta, dailiai dygsniuota, be perteklini\u0173 detali\u0173 \u2013 \u0161vari forma leid\u017eia striukei prisitaikyti tiek prie miesto, tiek prie savaitgalio derini\u0173.Klasikin\u0117, bet \u0161iuolaiki\u0161ka \u2013 drabu\u017eis, kuris kalba tyliai, bet stipriai. \u2714\ufe0f Ilgas, dailiai krintantis siluetas\u2714\ufe0f U\u017esegama spaud\u0117mis\u2714\ufe0f Patogios \u0161onin\u0117s ki\u0161en\u0117s\u2714\ufe0f Lengvai pa\u0161iltinta \u2013 tinka pavasariui\u2714\ufe0f Tinka tiek prie kelni\u0173, tiek prie suknel\u0117s Galimi dyd\u017eiai: S, M, L, XL, XXLSud\u0117tis: 100% poliesterisModelio \u016bgis \u2013 174 cm, d\u0117vi dyd\u012f M.     \ud83d\udccf Dyd\u017ei\u0173 i\u0161matavimai: (I\u0161matavimai ramyb\u0117s b\u016bsenoje, gali kisti \u00b11 cm)     S:\u2013 Ilgis: 83 cm\u2013 Kr\u016btin\u0117s apimtis (1 pus\u0117): 48 cm\u2013 Klub\u0173 apimtis: 50 cm    M:\u2013 Ilgis: 83 cm\u2013 Kr\u016btin\u0117s apimtis: 50 cm\u2013 Klub\u0173 apimtis: 52 cm    L:\u2013 Ilgis: 83 cm\u2013 Kr\u016btin\u0117s apimtis: 52 cm\u2013 Klub\u0173 apimtis: 55 cm    XL:\u2013 Ilgis: 83 cm\u2013 Kr\u016btin\u0117s apimtis: 54 cm\u2013 Klub\u0173 apimtis: 57 cm    XXL:\u2013 Ilgis: 84 cm\u2013 Kr\u016btin\u0117s apimtis: 56 cm\u2013 Klub\u0173 apimtis: 59 cm\" \/>\n<meta property=\"og:url\" content=\"https:\/\/madoskampas.lt\/et\/product-2\/smelio-spalvos-ilga-dygsniuota-striuke\/\" \/>\n<meta property=\"og:site_name\" content=\"MadosKampas.lt\" \/>\n<meta property=\"article:modified_time\" content=\"2026-03-26T17:19:46+00:00\" \/>\n<meta property=\"og:image\" content=\"https:\/\/madoskampas.lt\/wp-content\/uploads\/2025\/04\/IMG_3213.jpeg\" \/>\n\t<meta property=\"og:image:width\" content=\"1536\" \/>\n\t<meta property=\"og:image:height\" content=\"2048\" \/>\n\t<meta property=\"og:image:type\" content=\"image\/jpeg\" \/>\n<meta name=\"twitter:card\" content=\"summary_large_image\" \/>\n<meta name=\"twitter:label1\" content=\"Est. reading time\" \/>\n\t<meta name=\"twitter:data1\" content=\"1 minut\" \/>\n<script type=\"application\/ld+json\" class=\"yoast-schema-graph\">{\"@context\":\"https:\\\/\\\/schema.org\",\"@graph\":[{\"@type\":\"WebPage\",\"@id\":\"https:\\\/\\\/madoskampas.lt\\\/produktas\\\/smelio-spalvos-ilga-dygsniuota-striuke\\\/\",\"url\":\"https:\\\/\\\/madoskampas.lt\\\/produktas\\\/smelio-spalvos-ilga-dygsniuota-striuke\\\/\",\"name\":\"Sm\u0117lio spalvos ilga dygsniuota striuk\u0117 - MadosKampas.lt\",\"isPartOf\":{\"@id\":\"https:\\\/\\\/madoskampas.lt\\\/#website\"},\"primaryImageOfPage\":{\"@id\":\"https:\\\/\\\/madoskampas.lt\\\/produktas\\\/smelio-spalvos-ilga-dygsniuota-striuke\\\/#primaryimage\"},\"image\":{\"@id\":\"https:\\\/\\\/madoskampas.lt\\\/produktas\\\/smelio-spalvos-ilga-dygsniuota-striuke\\\/#primaryimage\"},\"thumbnailUrl\":\"https:\\\/\\\/madoskampas.lt\\\/wp-content\\\/uploads\\\/2025\\\/04\\\/IMG_3213.jpeg\",\"datePublished\":\"2025-04-16T06:14:14+00:00\",\"dateModified\":\"2026-03-26T17:19:46+00:00\",\"breadcrumb\":{\"@id\":\"https:\\\/\\\/madoskampas.lt\\\/produktas\\\/smelio-spalvos-ilga-dygsniuota-striuke\\\/#breadcrumb\"},\"inLanguage\":\"et\",\"potentialAction\":[{\"@type\":\"ReadAction\",\"target\":[\"https:\\\/\\\/madoskampas.lt\\\/produktas\\\/smelio-spalvos-ilga-dygsniuota-striuke\\\/\"]}]},{\"@type\":\"ImageObject\",\"inLanguage\":\"et\",\"@id\":\"https:\\\/\\\/madoskampas.lt\\\/produktas\\\/smelio-spalvos-ilga-dygsniuota-striuke\\\/#primaryimage\",\"url\":\"https:\\\/\\\/madoskampas.lt\\\/wp-content\\\/uploads\\\/2025\\\/04\\\/IMG_3213.jpeg\",\"contentUrl\":\"https:\\\/\\\/madoskampas.lt\\\/wp-content\\\/uploads\\\/2025\\\/04\\\/IMG_3213.jpeg\",\"width\":1536,\"height\":2048},{\"@type\":\"BreadcrumbList\",\"@id\":\"https:\\\/\\\/madoskampas.lt\\\/produktas\\\/smelio-spalvos-ilga-dygsniuota-striuke\\\/#breadcrumb\",\"itemListElement\":[{\"@type\":\"ListItem\",\"position\":1,\"name\":\"Home\",\"item\":\"https:\\\/\\\/madoskampas.lt\\\/\"},{\"@type\":\"ListItem\",\"position\":2,\"name\":\"Parduotuv\u0117\",\"item\":\"https:\\\/\\\/madoskampas.lt\\\/parduotuve-2\\\/\"},{\"@type\":\"ListItem\",\"position\":3,\"name\":\"Sm\u0117lio spalvos ilga dygsniuota striuk\u0117\"}]},{\"@type\":\"WebSite\",\"@id\":\"https:\\\/\\\/madoskampas.lt\\\/#website\",\"url\":\"https:\\\/\\\/madoskampas.lt\\\/\",\"name\":\"MadosKampas.lt\",\"description\":\"Stilingi drabu\u017eiai moterims\",\"potentialAction\":[{\"@type\":\"SearchAction\",\"target\":{\"@type\":\"EntryPoint\",\"urlTemplate\":\"https:\\\/\\\/madoskampas.lt\\\/?s={search_term_string}\"},\"query-input\":{\"@type\":\"PropertyValueSpecification\",\"valueRequired\":true,\"valueName\":\"search_term_string\"}}],\"inLanguage\":\"et\"}]}<\/script>\n<!-- \/ Yoast SEO plugin. -->","yoast_head_json":{"title":"Sm\u0117lio spalvos ilga dygsniuota striuk\u0117 - MadosKampas.lt","robots":{"index":"index","follow":"follow","max-snippet":"max-snippet:-1","max-image-preview":"max-image-preview:large","max-video-preview":"max-video-preview:-1"},"canonical":"https:\/\/madoskampas.lt\/et\/product-2\/smelio-spalvos-ilga-dygsniuota-striuke\/","og_locale":"et_EE","og_type":"article","og_title":"Sm\u0117lio spalvos ilga dygsniuota striuk\u0117 - MadosKampas.lt","og_description":"\u0160viesa, jaukumas ir subtili elegancija \u2013 viskas viename.\u0160i ilgesnio silueto sm\u0117lio spalvos striuk\u0117 \u2013 puikus pasirinkimas pereinamajam sezonui. Lengvai pa\u0161iltinta, dailiai dygsniuota, be perteklini\u0173 detali\u0173 \u2013 \u0161vari forma leid\u017eia striukei prisitaikyti tiek prie miesto, tiek prie savaitgalio derini\u0173.Klasikin\u0117, bet \u0161iuolaiki\u0161ka \u2013 drabu\u017eis, kuris kalba tyliai, bet stipriai. \u2714\ufe0f Ilgas, dailiai krintantis siluetas\u2714\ufe0f U\u017esegama spaud\u0117mis\u2714\ufe0f Patogios \u0161onin\u0117s ki\u0161en\u0117s\u2714\ufe0f Lengvai pa\u0161iltinta \u2013 tinka pavasariui\u2714\ufe0f Tinka tiek prie kelni\u0173, tiek prie suknel\u0117s Galimi dyd\u017eiai: S, M, L, XL, XXLSud\u0117tis: 100% poliesterisModelio \u016bgis \u2013 174 cm, d\u0117vi dyd\u012f M.     \ud83d\udccf Dyd\u017ei\u0173 i\u0161matavimai: (I\u0161matavimai ramyb\u0117s b\u016bsenoje, gali kisti \u00b11 cm)     S:\u2013 Ilgis: 83 cm\u2013 Kr\u016btin\u0117s apimtis (1 pus\u0117): 48 cm\u2013 Klub\u0173 apimtis: 50 cm    M:\u2013 Ilgis: 83 cm\u2013 Kr\u016btin\u0117s apimtis: 50 cm\u2013 Klub\u0173 apimtis: 52 cm    L:\u2013 Ilgis: 83 cm\u2013 Kr\u016btin\u0117s apimtis: 52 cm\u2013 Klub\u0173 apimtis: 55 cm    XL:\u2013 Ilgis: 83 cm\u2013 Kr\u016btin\u0117s apimtis: 54 cm\u2013 Klub\u0173 apimtis: 57 cm    XXL:\u2013 Ilgis: 84 cm\u2013 Kr\u016btin\u0117s apimtis: 56 cm\u2013 Klub\u0173 apimtis: 59 cm","og_url":"https:\/\/madoskampas.lt\/et\/product-2\/smelio-spalvos-ilga-dygsniuota-striuke\/","og_site_name":"MadosKampas.lt","article_modified_time":"2026-03-26T17:19:46+00:00","og_image":[{"width":1536,"height":2048,"url":"https:\/\/madoskampas.lt\/wp-content\/uploads\/2025\/04\/IMG_3213.jpeg","type":"image\/jpeg"}],"twitter_card":"summary_large_image","twitter_misc":{"Est. reading time":"1 minut"},"schema":{"@context":"https:\/\/schema.org","@graph":[{"@type":"WebPage","@id":"https:\/\/madoskampas.lt\/produktas\/smelio-spalvos-ilga-dygsniuota-striuke\/","url":"https:\/\/madoskampas.lt\/produktas\/smelio-spalvos-ilga-dygsniuota-striuke\/","name":"Sm\u0117lio spalvos ilga dygsniuota striuk\u0117 - MadosKampas.lt","isPartOf":{"@id":"https:\/\/madoskampas.lt\/#website"},"primaryImageOfPage":{"@id":"https:\/\/madoskampas.lt\/produktas\/smelio-spalvos-ilga-dygsniuota-striuke\/#primaryimage"},"image":{"@id":"https:\/\/madoskampas.lt\/produktas\/smelio-spalvos-ilga-dygsniuota-striuke\/#primaryimage"},"thumbnailUrl":"https:\/\/madoskampas.lt\/wp-content\/uploads\/2025\/04\/IMG_3213.jpeg","datePublished":"2025-04-16T06:14:14+00:00","dateModified":"2026-03-26T17:19:46+00:00","breadcrumb":{"@id":"https:\/\/madoskampas.lt\/produktas\/smelio-spalvos-ilga-dygsniuota-striuke\/#breadcrumb"},"inLanguage":"et","potentialAction":[{"@type":"ReadAction","target":["https:\/\/madoskampas.lt\/produktas\/smelio-spalvos-ilga-dygsniuota-striuke\/"]}]},{"@type":"ImageObject","inLanguage":"et","@id":"https:\/\/madoskampas.lt\/produktas\/smelio-spalvos-ilga-dygsniuota-striuke\/#primaryimage","url":"https:\/\/madoskampas.lt\/wp-content\/uploads\/2025\/04\/IMG_3213.jpeg","contentUrl":"https:\/\/madoskampas.lt\/wp-content\/uploads\/2025\/04\/IMG_3213.jpeg","width":1536,"height":2048},{"@type":"BreadcrumbList","@id":"https:\/\/madoskampas.lt\/produktas\/smelio-spalvos-ilga-dygsniuota-striuke\/#breadcrumb","itemListElement":[{"@type":"ListItem","position":1,"name":"Home","item":"https:\/\/madoskampas.lt\/"},{"@type":"ListItem","position":2,"name":"Parduotuv\u0117","item":"https:\/\/madoskampas.lt\/parduotuve-2\/"},{"@type":"ListItem","position":3,"name":"Sm\u0117lio spalvos ilga dygsniuota striuk\u0117"}]},{"@type":"WebSite","@id":"https:\/\/madoskampas.lt\/#website","url":"https:\/\/madoskampas.lt\/","name":"FashionKampas.lt","description":"Stiilsed riided naistele","potentialAction":[{"@type":"SearchAction","target":{"@type":"EntryPoint","urlTemplate":"https:\/\/madoskampas.lt\/?s={search_term_string}"},"query-input":{"@type":"PropertyValueSpecification","valueRequired":true,"valueName":"search_term_string"}}],"inLanguage":"et"}]}},"uagb_featured_image_src":{"full":["https:\/\/madoskampas.lt\/wp-content\/uploads\/2025\/04\/IMG_3213.jpeg",1536,2048,false],"thumbnail":["https:\/\/madoskampas.lt\/wp-content\/uploads\/2025\/04\/IMG_3213-150x150.jpeg",150,150,true],"medium":["https:\/\/madoskampas.lt\/wp-content\/uploads\/2025\/04\/IMG_3213-225x300.jpeg",225,300,true],"medium_large":["https:\/\/madoskampas.lt\/wp-content\/uploads\/2025\/04\/IMG_3213-768x1024.jpeg",768,1024,true],"large":["https:\/\/madoskampas.lt\/wp-content\/uploads\/2025\/04\/IMG_3213-768x1024.jpeg",768,1024,true],"1536x1536":["https:\/\/madoskampas.lt\/wp-content\/uploads\/2025\/04\/IMG_3213-1152x1536.jpeg",1152,1536,true],"2048x2048":["https:\/\/madoskampas.lt\/wp-content\/uploads\/2025\/04\/IMG_3213.jpeg",1536,2048,false],"trp-custom-language-flag":["https:\/\/madoskampas.lt\/wp-content\/uploads\/2025\/04\/IMG_3213.jpeg",9,12,false],"nova-image-square":["https:\/\/madoskampas.lt\/wp-content\/uploads\/2025\/04\/IMG_3213-1100x1100.jpeg",1100,1100,true],"mixtas-product-03":["https:\/\/madoskampas.lt\/wp-content\/uploads\/2025\/04\/IMG_3213-600x345.jpeg",600,345,true],"woocommerce_thumbnail":["https:\/\/madoskampas.lt\/wp-content\/uploads\/2025\/04\/IMG_3213-700x700.jpeg",700,700,true],"woocommerce_single":["https:\/\/madoskampas.lt\/wp-content\/uploads\/2025\/04\/IMG_3213-1000x1333.jpeg",1000,1333,true],"woocommerce_gallery_thumbnail":["https:\/\/madoskampas.lt\/wp-content\/uploads\/2025\/04\/IMG_3213-250x250.jpeg",250,250,true],"variation_swatches_image_size":["https:\/\/madoskampas.lt\/wp-content\/uploads\/2025\/04\/IMG_3213-50x50.jpeg",50,50,true],"variation_swatches_tooltip_size":["https:\/\/madoskampas.lt\/wp-content\/uploads\/2025\/04\/IMG_3213-100x100.jpeg",100,100,true]},"uagb_author_info":{"display_name":"algirdasbart","author_link":"https:\/\/madoskampas.lt\/et\/author\/"},"uagb_comment_info":0,"uagb_excerpt":"\u0160viesa, jaukumas ir subtili elegancija \u2013 viskas viename.\u0160i ilgesnio silueto sm\u0117lio spalvos striuk\u0117 \u2013 puikus pasirinkimas pereinamajam sezonui. Lengvai pa\u0161iltinta, dailiai dygsniuota, be perteklini\u0173 detali\u0173 \u2013 \u0161vari forma leid\u017eia striukei prisitaikyti tiek prie miesto, tiek prie savaitgalio derini\u0173.Klasikin\u0117, bet \u0161iuolaiki\u0161ka \u2013 drabu\u017eis, kuris kalba tyliai, bet stipriai. \u2714\ufe0f Ilgas, dailiai krintantis siluetas\u2714\ufe0f U\u017esegama spaud\u0117mis\u2714\ufe0f Patogios&hellip;","jetpack_sharing_enabled":true,"_links":{"self":[{"href":"https:\/\/madoskampas.lt\/et\/wp-json\/wp\/v2\/product\/14272","targetHints":{"allow":["GET"]}}],"collection":[{"href":"https:\/\/madoskampas.lt\/et\/wp-json\/wp\/v2\/product"}],"about":[{"href":"https:\/\/madoskampas.lt\/et\/wp-json\/wp\/v2\/types\/product"}],"replies":[{"embeddable":true,"href":"https:\/\/madoskampas.lt\/et\/wp-json\/wp\/v2\/comments?post=14272"}],"wp:featuredmedia":[{"embeddable":true,"href":"https:\/\/madoskampas.lt\/et\/wp-json\/wp\/v2\/media\/15531"}],"wp:attachment":[{"href":"https:\/\/madoskampas.lt\/et\/wp-json\/wp\/v2\/media?parent=14272"}],"wp:term":[{"taxonomy":"product_brand","embeddable":true,"href":"https:\/\/madoskampas.lt\/et\/wp-json\/wp\/v2\/product_brand?post=14272"},{"taxonomy":"product_cat","embeddable":true,"href":"https:\/\/madoskampas.lt\/et\/wp-json\/wp\/v2\/product_cat?post=14272"},{"taxonomy":"product_tag","embeddable":true,"href":"https:\/\/madoskampas.lt\/et\/wp-json\/wp\/v2\/product_tag?post=14272"}],"curies":[{"name":"wp","href":"https:\/\/api.w.org\/{rel}","templated":true}]}}