{"id":14285,"date":"2025-04-16T06:32:41","date_gmt":"2025-04-16T06:32:41","guid":{"rendered":"https:\/\/madoskampas.lt\/?post_type=product&#038;p=14285"},"modified":"2025-07-12T08:49:40","modified_gmt":"2025-07-12T08:49:40","slug":"dvieju-daliu-lininio-stiliaus-kostiumelis","status":"publish","type":"product","link":"https:\/\/madoskampas.lt\/et\/product-2\/dvieju-daliu-lininio-stiliaus-kostiumelis\/","title":{"rendered":"Dviej\u0173 dali\u0173 lininio stiliaus kostium\u0117lis"},"content":{"rendered":"<p>I\u0161skirtinio patogumo ir elegancijos derinys.<\/p>","protected":false},"excerpt":{"rendered":"<p class=\"\" data-start=\"299\" data-end=\"561\">I\u0161skirtinio patogumo ir elegancijos derinys.<br data-start=\"343\" data-end=\"346\" \/>\u0160is dviej\u0173 dali\u0173 kostium\u0117lis \u2013 tobulas balansas tarp laisvumo ir formos. Lengvo kritimo mar\u0161kin\u0117liai su reguliuojamu liemeniu leid\u017eia prisitaikyti prie fig\u016bros, o pla\u010dios keln\u0117s \u2013 sukuria grak\u0161t\u0173, mading\u0105 siluet\u0105.<\/p>\n<p class=\"\" data-start=\"563\" data-end=\"728\">Nat\u016bralios i\u0161vaizdos audinys, turintis lino \u2013 leid\u017eia odai kv\u0117puoti ir suteikia subtil\u0173, \u0161veln\u0173 fakt\u016bros efekt\u0105. Puikiai tinka tiek kasdienai, tiek ypatingai progai.<\/p>\n<p class=\"\" data-start=\"730\" data-end=\"932\">\u2714\ufe0f Tiesaus kirpimo vir\u0161us su suri\u0161ama juosmens juostele<br data-start=\"785\" data-end=\"788\" \/>\u2714\ufe0f Plati kelni\u0173 apa\u010dia \u2013 maksimalus komfortas<br data-start=\"833\" data-end=\"836\" \/>\u2714\ufe0f Audinys su linu \u2013 nat\u016bralus poj\u016btis<br data-start=\"874\" data-end=\"877\" \/>\u2714\ufe0f Komplektas, kur\u012f gali d\u0117v\u0117ti ir kartu, ir atskirai<\/p>\n<p class=\"\" data-start=\"934\" data-end=\"1034\"><strong data-start=\"934\" data-end=\"946\">Koostis:<\/strong> 20% linas<br data-start=\"996\" data-end=\"999\" \/><strong data-start=\"999\" data-end=\"1009\">Dydis:<\/strong> Tinka S\/M \u2013 L d\u0117vin\u010dioms<\/p>\n<hr class=\"\" data-start=\"1036\" data-end=\"1039\" \/>\n<h3 class=\"\" data-start=\"1041\" data-end=\"1079\">\ud83d\udccf <strong data-start=\"1048\" data-end=\"1079\">I\u0161matavimai (vienas dydis):<\/strong><\/h3>\n<p class=\"\" data-start=\"1081\" data-end=\"1153\"><strong data-start=\"1081\" data-end=\"1095\">Palaidin\u0117:<\/strong><br data-start=\"1095\" data-end=\"1098\" \/>\u2013 Kr\u016btin\u0117s apimtis: ~56,5 cm (1 pus\u0117)<br data-start=\"1135\" data-end=\"1138\" \/>\u2013 Ilgis: ~63 cm<\/p>\n<p class=\"\" data-start=\"1155\" data-end=\"1240\"><strong data-start=\"1155\" data-end=\"1166\">Keln\u0117s:<\/strong><br data-start=\"1166\" data-end=\"1169\" \/>\u2013 Liemuo (pasitempia): iki ~51 cm<br data-start=\"1202\" data-end=\"1205\" \/>\u2013 Klubai: ~58 cm<br data-start=\"1221\" data-end=\"1224\" \/>\u2013 Ilgis: ~103 cm<\/p>","protected":false},"featured_media":16026,"comment_status":"open","ping_status":"closed","template":"","meta":{"_uag_custom_page_level_css":"","_monsterinsights_skip_tracking":false,"_monsterinsights_sitenote_active":false,"_monsterinsights_sitenote_note":"","_monsterinsights_sitenote_category":0},"product_brand":[],"product_cat":[66,70,95],"product_tag":[],"class_list":{"0":"post-14285","1":"product","2":"type-product","3":"status-publish","4":"has-post-thumbnail","6":"product_cat-drabuziai","7":"product_cat-kostiumeliai","8":"product_cat-naujausi","9":"tm-has-options","11":"first","12":"instock","13":"sale","14":"shipping-taxable","15":"purchasable","16":"product-type-variable"},"yoast_head":"<!-- This site is optimized with the Yoast SEO plugin v27.3 - https:\/\/yoast.com\/product\/yoast-seo-wordpress\/ -->\n<title>Dviej\u0173 dali\u0173 lininio stiliaus kostium\u0117lis - MadosKampas.lt<\/title>\n<meta name=\"robots\" content=\"index, follow, max-snippet:-1, max-image-preview:large, max-video-preview:-1\" \/>\n<link rel=\"canonical\" href=\"https:\/\/madoskampas.lt\/et\/product-2\/dvieju-daliu-lininio-stiliaus-kostiumelis\/\" \/>\n<meta property=\"og:locale\" content=\"et_EE\" \/>\n<meta property=\"og:type\" content=\"article\" \/>\n<meta property=\"og:title\" content=\"Dviej\u0173 dali\u0173 lininio stiliaus kostium\u0117lis - MadosKampas.lt\" \/>\n<meta property=\"og:description\" content=\"I\u0161skirtinio patogumo ir elegancijos derinys.\u0160is dviej\u0173 dali\u0173 kostium\u0117lis \u2013 tobulas balansas tarp laisvumo ir formos. Lengvo kritimo mar\u0161kin\u0117liai su reguliuojamu liemeniu leid\u017eia prisitaikyti prie fig\u016bros, o pla\u010dios keln\u0117s \u2013 sukuria grak\u0161t\u0173, mading\u0105 siluet\u0105. Nat\u016bralios i\u0161vaizdos audinys, turintis lino \u2013 leid\u017eia odai kv\u0117puoti ir suteikia subtil\u0173, \u0161veln\u0173 fakt\u016bros efekt\u0105. Puikiai tinka tiek kasdienai, tiek ypatingai progai. \u2714\ufe0f Tiesaus kirpimo vir\u0161us su suri\u0161ama juosmens juostele\u2714\ufe0f Plati kelni\u0173 apa\u010dia \u2013 maksimalus komfortas\u2714\ufe0f Audinys su linu \u2013 nat\u016bralus poj\u016btis\u2714\ufe0f Komplektas, kur\u012f gali d\u0117v\u0117ti ir kartu, ir atskirai Sud\u0117tis: 20% linasDydis: Tinka S\/M \u2013 L d\u0117vin\u010dioms     \ud83d\udccf I\u0161matavimai (vienas dydis): Palaidin\u0117:\u2013 Kr\u016btin\u0117s apimtis: ~56,5 cm (1 pus\u0117)\u2013 Ilgis: ~63 cm Keln\u0117s:\u2013 Liemuo (pasitempia): iki ~51 cm\u2013 Klubai: ~58 cm\u2013 Ilgis: ~103 cm\" \/>\n<meta property=\"og:url\" content=\"https:\/\/madoskampas.lt\/et\/product-2\/dvieju-daliu-lininio-stiliaus-kostiumelis\/\" \/>\n<meta property=\"og:site_name\" content=\"MadosKampas.lt\" \/>\n<meta property=\"article:modified_time\" content=\"2025-07-12T08:49:40+00:00\" \/>\n<meta property=\"og:image\" content=\"https:\/\/madoskampas.lt\/wp-content\/uploads\/2025\/04\/IMG_4521.jpeg\" \/>\n\t<meta property=\"og:image:width\" content=\"1536\" \/>\n\t<meta property=\"og:image:height\" content=\"2048\" \/>\n\t<meta property=\"og:image:type\" content=\"image\/jpeg\" \/>\n<meta name=\"twitter:card\" content=\"summary_large_image\" \/>\n<meta name=\"twitter:label1\" content=\"Est. reading time\" \/>\n\t<meta name=\"twitter:data1\" content=\"1 minut\" \/>\n<script type=\"application\/ld+json\" class=\"yoast-schema-graph\">{\"@context\":\"https:\\\/\\\/schema.org\",\"@graph\":[{\"@type\":\"WebPage\",\"@id\":\"https:\\\/\\\/madoskampas.lt\\\/produktas\\\/dvieju-daliu-lininio-stiliaus-kostiumelis\\\/\",\"url\":\"https:\\\/\\\/madoskampas.lt\\\/produktas\\\/dvieju-daliu-lininio-stiliaus-kostiumelis\\\/\",\"name\":\"Dviej\u0173 dali\u0173 lininio stiliaus kostium\u0117lis - MadosKampas.lt\",\"isPartOf\":{\"@id\":\"https:\\\/\\\/madoskampas.lt\\\/#website\"},\"primaryImageOfPage\":{\"@id\":\"https:\\\/\\\/madoskampas.lt\\\/produktas\\\/dvieju-daliu-lininio-stiliaus-kostiumelis\\\/#primaryimage\"},\"image\":{\"@id\":\"https:\\\/\\\/madoskampas.lt\\\/produktas\\\/dvieju-daliu-lininio-stiliaus-kostiumelis\\\/#primaryimage\"},\"thumbnailUrl\":\"https:\\\/\\\/madoskampas.lt\\\/wp-content\\\/uploads\\\/2025\\\/04\\\/IMG_4521.jpeg\",\"datePublished\":\"2025-04-16T06:32:41+00:00\",\"dateModified\":\"2025-07-12T08:49:40+00:00\",\"breadcrumb\":{\"@id\":\"https:\\\/\\\/madoskampas.lt\\\/produktas\\\/dvieju-daliu-lininio-stiliaus-kostiumelis\\\/#breadcrumb\"},\"inLanguage\":\"et\",\"potentialAction\":[{\"@type\":\"ReadAction\",\"target\":[\"https:\\\/\\\/madoskampas.lt\\\/produktas\\\/dvieju-daliu-lininio-stiliaus-kostiumelis\\\/\"]}]},{\"@type\":\"ImageObject\",\"inLanguage\":\"et\",\"@id\":\"https:\\\/\\\/madoskampas.lt\\\/produktas\\\/dvieju-daliu-lininio-stiliaus-kostiumelis\\\/#primaryimage\",\"url\":\"https:\\\/\\\/madoskampas.lt\\\/wp-content\\\/uploads\\\/2025\\\/04\\\/IMG_4521.jpeg\",\"contentUrl\":\"https:\\\/\\\/madoskampas.lt\\\/wp-content\\\/uploads\\\/2025\\\/04\\\/IMG_4521.jpeg\",\"width\":1536,\"height\":2048},{\"@type\":\"BreadcrumbList\",\"@id\":\"https:\\\/\\\/madoskampas.lt\\\/produktas\\\/dvieju-daliu-lininio-stiliaus-kostiumelis\\\/#breadcrumb\",\"itemListElement\":[{\"@type\":\"ListItem\",\"position\":1,\"name\":\"Home\",\"item\":\"https:\\\/\\\/madoskampas.lt\\\/\"},{\"@type\":\"ListItem\",\"position\":2,\"name\":\"Parduotuv\u0117\",\"item\":\"https:\\\/\\\/madoskampas.lt\\\/parduotuve-2\\\/\"},{\"@type\":\"ListItem\",\"position\":3,\"name\":\"Dviej\u0173 dali\u0173 lininio stiliaus kostium\u0117lis\"}]},{\"@type\":\"WebSite\",\"@id\":\"https:\\\/\\\/madoskampas.lt\\\/#website\",\"url\":\"https:\\\/\\\/madoskampas.lt\\\/\",\"name\":\"MadosKampas.lt\",\"description\":\"Stilingi drabu\u017eiai moterims\",\"potentialAction\":[{\"@type\":\"SearchAction\",\"target\":{\"@type\":\"EntryPoint\",\"urlTemplate\":\"https:\\\/\\\/madoskampas.lt\\\/?s={search_term_string}\"},\"query-input\":{\"@type\":\"PropertyValueSpecification\",\"valueRequired\":true,\"valueName\":\"search_term_string\"}}],\"inLanguage\":\"et\"}]}<\/script>\n<!-- \/ Yoast SEO plugin. -->","yoast_head_json":{"title":"Dviej\u0173 dali\u0173 lininio stiliaus kostium\u0117lis - MadosKampas.lt","robots":{"index":"index","follow":"follow","max-snippet":"max-snippet:-1","max-image-preview":"max-image-preview:large","max-video-preview":"max-video-preview:-1"},"canonical":"https:\/\/madoskampas.lt\/et\/product-2\/dvieju-daliu-lininio-stiliaus-kostiumelis\/","og_locale":"et_EE","og_type":"article","og_title":"Dviej\u0173 dali\u0173 lininio stiliaus kostium\u0117lis - MadosKampas.lt","og_description":"I\u0161skirtinio patogumo ir elegancijos derinys.\u0160is dviej\u0173 dali\u0173 kostium\u0117lis \u2013 tobulas balansas tarp laisvumo ir formos. Lengvo kritimo mar\u0161kin\u0117liai su reguliuojamu liemeniu leid\u017eia prisitaikyti prie fig\u016bros, o pla\u010dios keln\u0117s \u2013 sukuria grak\u0161t\u0173, mading\u0105 siluet\u0105. Nat\u016bralios i\u0161vaizdos audinys, turintis lino \u2013 leid\u017eia odai kv\u0117puoti ir suteikia subtil\u0173, \u0161veln\u0173 fakt\u016bros efekt\u0105. Puikiai tinka tiek kasdienai, tiek ypatingai progai. \u2714\ufe0f Tiesaus kirpimo vir\u0161us su suri\u0161ama juosmens juostele\u2714\ufe0f Plati kelni\u0173 apa\u010dia \u2013 maksimalus komfortas\u2714\ufe0f Audinys su linu \u2013 nat\u016bralus poj\u016btis\u2714\ufe0f Komplektas, kur\u012f gali d\u0117v\u0117ti ir kartu, ir atskirai Sud\u0117tis: 20% linasDydis: Tinka S\/M \u2013 L d\u0117vin\u010dioms     \ud83d\udccf I\u0161matavimai (vienas dydis): Palaidin\u0117:\u2013 Kr\u016btin\u0117s apimtis: ~56,5 cm (1 pus\u0117)\u2013 Ilgis: ~63 cm Keln\u0117s:\u2013 Liemuo (pasitempia): iki ~51 cm\u2013 Klubai: ~58 cm\u2013 Ilgis: ~103 cm","og_url":"https:\/\/madoskampas.lt\/et\/product-2\/dvieju-daliu-lininio-stiliaus-kostiumelis\/","og_site_name":"MadosKampas.lt","article_modified_time":"2025-07-12T08:49:40+00:00","og_image":[{"width":1536,"height":2048,"url":"https:\/\/madoskampas.lt\/wp-content\/uploads\/2025\/04\/IMG_4521.jpeg","type":"image\/jpeg"}],"twitter_card":"summary_large_image","twitter_misc":{"Est. reading time":"1 minut"},"schema":{"@context":"https:\/\/schema.org","@graph":[{"@type":"WebPage","@id":"https:\/\/madoskampas.lt\/produktas\/dvieju-daliu-lininio-stiliaus-kostiumelis\/","url":"https:\/\/madoskampas.lt\/produktas\/dvieju-daliu-lininio-stiliaus-kostiumelis\/","name":"Dviej\u0173 dali\u0173 lininio stiliaus kostium\u0117lis - MadosKampas.lt","isPartOf":{"@id":"https:\/\/madoskampas.lt\/#website"},"primaryImageOfPage":{"@id":"https:\/\/madoskampas.lt\/produktas\/dvieju-daliu-lininio-stiliaus-kostiumelis\/#primaryimage"},"image":{"@id":"https:\/\/madoskampas.lt\/produktas\/dvieju-daliu-lininio-stiliaus-kostiumelis\/#primaryimage"},"thumbnailUrl":"https:\/\/madoskampas.lt\/wp-content\/uploads\/2025\/04\/IMG_4521.jpeg","datePublished":"2025-04-16T06:32:41+00:00","dateModified":"2025-07-12T08:49:40+00:00","breadcrumb":{"@id":"https:\/\/madoskampas.lt\/produktas\/dvieju-daliu-lininio-stiliaus-kostiumelis\/#breadcrumb"},"inLanguage":"et","potentialAction":[{"@type":"ReadAction","target":["https:\/\/madoskampas.lt\/produktas\/dvieju-daliu-lininio-stiliaus-kostiumelis\/"]}]},{"@type":"ImageObject","inLanguage":"et","@id":"https:\/\/madoskampas.lt\/produktas\/dvieju-daliu-lininio-stiliaus-kostiumelis\/#primaryimage","url":"https:\/\/madoskampas.lt\/wp-content\/uploads\/2025\/04\/IMG_4521.jpeg","contentUrl":"https:\/\/madoskampas.lt\/wp-content\/uploads\/2025\/04\/IMG_4521.jpeg","width":1536,"height":2048},{"@type":"BreadcrumbList","@id":"https:\/\/madoskampas.lt\/produktas\/dvieju-daliu-lininio-stiliaus-kostiumelis\/#breadcrumb","itemListElement":[{"@type":"ListItem","position":1,"name":"Home","item":"https:\/\/madoskampas.lt\/"},{"@type":"ListItem","position":2,"name":"Parduotuv\u0117","item":"https:\/\/madoskampas.lt\/parduotuve-2\/"},{"@type":"ListItem","position":3,"name":"Dviej\u0173 dali\u0173 lininio stiliaus kostium\u0117lis"}]},{"@type":"WebSite","@id":"https:\/\/madoskampas.lt\/#website","url":"https:\/\/madoskampas.lt\/","name":"FashionKampas.lt","description":"Stiilsed riided naistele","potentialAction":[{"@type":"SearchAction","target":{"@type":"EntryPoint","urlTemplate":"https:\/\/madoskampas.lt\/?s={search_term_string}"},"query-input":{"@type":"PropertyValueSpecification","valueRequired":true,"valueName":"search_term_string"}}],"inLanguage":"et"}]}},"uagb_featured_image_src":{"full":["https:\/\/madoskampas.lt\/wp-content\/uploads\/2025\/04\/IMG_4521.jpeg",1536,2048,false],"thumbnail":["https:\/\/madoskampas.lt\/wp-content\/uploads\/2025\/04\/IMG_4521-150x150.jpeg",150,150,true],"medium":["https:\/\/madoskampas.lt\/wp-content\/uploads\/2025\/04\/IMG_4521-225x300.jpeg",225,300,true],"medium_large":["https:\/\/madoskampas.lt\/wp-content\/uploads\/2025\/04\/IMG_4521-768x1024.jpeg",768,1024,true],"large":["https:\/\/madoskampas.lt\/wp-content\/uploads\/2025\/04\/IMG_4521-768x1024.jpeg",768,1024,true],"1536x1536":["https:\/\/madoskampas.lt\/wp-content\/uploads\/2025\/04\/IMG_4521-1152x1536.jpeg",1152,1536,true],"2048x2048":["https:\/\/madoskampas.lt\/wp-content\/uploads\/2025\/04\/IMG_4521.jpeg",1536,2048,false],"trp-custom-language-flag":["https:\/\/madoskampas.lt\/wp-content\/uploads\/2025\/04\/IMG_4521.jpeg",9,12,false],"nova-image-square":["https:\/\/madoskampas.lt\/wp-content\/uploads\/2025\/04\/IMG_4521-1100x1100.jpeg",1100,1100,true],"mixtas-product-03":["https:\/\/madoskampas.lt\/wp-content\/uploads\/2025\/04\/IMG_4521-600x345.jpeg",600,345,true],"woocommerce_thumbnail":["https:\/\/madoskampas.lt\/wp-content\/uploads\/2025\/04\/IMG_4521-700x700.jpeg",700,700,true],"woocommerce_single":["https:\/\/madoskampas.lt\/wp-content\/uploads\/2025\/04\/IMG_4521-1000x1333.jpeg",1000,1333,true],"woocommerce_gallery_thumbnail":["https:\/\/madoskampas.lt\/wp-content\/uploads\/2025\/04\/IMG_4521-250x250.jpeg",250,250,true],"variation_swatches_image_size":["https:\/\/madoskampas.lt\/wp-content\/uploads\/2025\/04\/IMG_4521-50x50.jpeg",50,50,true],"variation_swatches_tooltip_size":["https:\/\/madoskampas.lt\/wp-content\/uploads\/2025\/04\/IMG_4521-100x100.jpeg",100,100,true]},"uagb_author_info":{"display_name":"algirdasbart","author_link":"https:\/\/madoskampas.lt\/et\/author\/"},"uagb_comment_info":0,"uagb_excerpt":"I\u0161skirtinio patogumo ir elegancijos derinys.\u0160is dviej\u0173 dali\u0173 kostium\u0117lis \u2013 tobulas balansas tarp laisvumo ir formos. Lengvo kritimo mar\u0161kin\u0117liai su reguliuojamu liemeniu leid\u017eia prisitaikyti prie fig\u016bros, o pla\u010dios keln\u0117s \u2013 sukuria grak\u0161t\u0173, mading\u0105 siluet\u0105. Nat\u016bralios i\u0161vaizdos audinys, turintis lino \u2013 leid\u017eia odai kv\u0117puoti ir suteikia subtil\u0173, \u0161veln\u0173 fakt\u016bros efekt\u0105. Puikiai tinka tiek kasdienai, tiek ypatingai progai.&hellip;","jetpack_sharing_enabled":true,"_links":{"self":[{"href":"https:\/\/madoskampas.lt\/et\/wp-json\/wp\/v2\/product\/14285","targetHints":{"allow":["GET"]}}],"collection":[{"href":"https:\/\/madoskampas.lt\/et\/wp-json\/wp\/v2\/product"}],"about":[{"href":"https:\/\/madoskampas.lt\/et\/wp-json\/wp\/v2\/types\/product"}],"replies":[{"embeddable":true,"href":"https:\/\/madoskampas.lt\/et\/wp-json\/wp\/v2\/comments?post=14285"}],"wp:featuredmedia":[{"embeddable":true,"href":"https:\/\/madoskampas.lt\/et\/wp-json\/wp\/v2\/media\/16026"}],"wp:attachment":[{"href":"https:\/\/madoskampas.lt\/et\/wp-json\/wp\/v2\/media?parent=14285"}],"wp:term":[{"taxonomy":"product_brand","embeddable":true,"href":"https:\/\/madoskampas.lt\/et\/wp-json\/wp\/v2\/product_brand?post=14285"},{"taxonomy":"product_cat","embeddable":true,"href":"https:\/\/madoskampas.lt\/et\/wp-json\/wp\/v2\/product_cat?post=14285"},{"taxonomy":"product_tag","embeddable":true,"href":"https:\/\/madoskampas.lt\/et\/wp-json\/wp\/v2\/product_tag?post=14285"}],"curies":[{"name":"wp","href":"https:\/\/api.w.org\/{rel}","templated":true}]}}