{"id":14335,"date":"2025-04-16T08:12:55","date_gmt":"2025-04-16T08:12:55","guid":{"rendered":"https:\/\/madoskampas.lt\/?post_type=product&#038;p=14335"},"modified":"2026-03-03T20:33:02","modified_gmt":"2026-03-03T20:33:02","slug":"kostiumelis-dolce-set","status":"publish","type":"product","link":"https:\/\/madoskampas.lt\/et\/product-2\/kostiumelis-dolce-set\/","title":{"rendered":"Kostium\u0117lis &#8222;Dolce Set&#8221;"},"content":{"rendered":"<p><strong data-start=\"856\" data-end=\"950\">Dviej\u0173 dali\u0173 kostium\u0117lis su kontrastingomis detal\u0117mis \u2013 kai stilius susitinka su laisvumu.<\/strong><\/p>","protected":false},"excerpt":{"rendered":"<p class=\"\" data-start=\"856\" data-end=\"950\"><strong data-start=\"856\" data-end=\"950\">Dviej\u0173 dali\u0173 kostium\u0117lis su kontrastingomis detal\u0117mis \u2013 kai stilius susitinka su laisvumu.<\/strong><\/p>\n<p class=\"\" data-start=\"952\" data-end=\"1223\">Lengvas, bet efektingas. \u0160is kostium\u0117lis i\u0161 \u0161velnios viskoz\u0117s su poliamido priedu ne tik puikiai krinta, bet ir yra malonus k\u016bnui. Trumpinta vir\u0161utin\u0117 dalis su stilingomis baltomis ki\u0161en\u0117mis, o pla\u010dios keln\u0117s su balta juostele \u0161one \u2013 detal\u0117s, kurios paver\u010dia j\u012f ypatingu.<\/p>\n<p class=\"\" data-start=\"1225\" data-end=\"1472\">\u2714\ufe0f Laisvas siluetas \u2013 nevar\u017eo, bet dailina<br data-start=\"1267\" data-end=\"1270\" \/>\u2714\ufe0f Kontrastingi apvadai \u2013 subtilus akcentas<br data-start=\"1313\" data-end=\"1316\" \/>\u2714\ufe0f Itin mink\u0161tas, kv\u0117puojantis audinys<br data-start=\"1354\" data-end=\"1357\" \/>\u2714\ufe0f Kostium\u0117lis tinka ir laisvalaikiui, ir kelionei<br data-start=\"1407\" data-end=\"1410\" \/>\u2714\ufe0f Galima derinti ir su sportiniais bateliais, ir su basut\u0117mis<\/p>\n<p class=\"\" data-start=\"1474\" data-end=\"1583\"><strong data-start=\"1474\" data-end=\"1486\">Koostis:<\/strong> 85 % viskoz\u0117, 15 % poliamidas<br data-start=\"1516\" data-end=\"1519\" \/><strong data-start=\"1519\" data-end=\"1529\">Dydis:<\/strong> tinka S\u2013L<br data-start=\"1539\" data-end=\"1542\" \/><strong data-start=\"1542\" data-end=\"1554\">V\u00e4rvid:<\/strong> pudros ro\u017ein\u0117, juoda, sm\u0117lio<\/p>\n<p class=\"\" data-start=\"1585\" data-end=\"1610\">","protected":false},"featured_media":14190,"comment_status":"open","ping_status":"closed","template":"","meta":{"_uag_custom_page_level_css":"","_monsterinsights_skip_tracking":false,"_monsterinsights_sitenote_active":false,"_monsterinsights_sitenote_note":"","_monsterinsights_sitenote_category":0},"product_brand":[],"product_cat":[66,132,70,95],"product_tag":[],"class_list":{"0":"post-14335","1":"product","2":"type-product","3":"status-publish","4":"has-post-thumbnail","6":"product_cat-drabuziai","7":"product_cat-ispardavimas","8":"product_cat-kostiumeliai","9":"product_cat-naujausi","10":"tm-has-options","12":"first","13":"instock","14":"sale","15":"shipping-taxable","16":"purchasable","17":"product-type-variable"},"yoast_head":"<!-- This site is optimized with the Yoast SEO plugin v27.3 - https:\/\/yoast.com\/product\/yoast-seo-wordpress\/ -->\n<title>Kostium\u0117lis &quot;Dolce Set&quot; - MadosKampas.lt<\/title>\n<meta name=\"robots\" content=\"index, follow, max-snippet:-1, max-image-preview:large, max-video-preview:-1\" \/>\n<link rel=\"canonical\" href=\"https:\/\/madoskampas.lt\/et\/product-2\/kostiumelis-dolce-set\/\" \/>\n<meta property=\"og:locale\" content=\"et_EE\" \/>\n<meta property=\"og:type\" content=\"article\" \/>\n<meta property=\"og:title\" content=\"Kostium\u0117lis &quot;Dolce Set&quot; - MadosKampas.lt\" \/>\n<meta property=\"og:description\" content=\"Dviej\u0173 dali\u0173 kostium\u0117lis su kontrastingomis detal\u0117mis \u2013 kai stilius susitinka su laisvumu. Lengvas, bet efektingas. \u0160is kostium\u0117lis i\u0161 \u0161velnios viskoz\u0117s su poliamido priedu ne tik puikiai krinta, bet ir yra malonus k\u016bnui. Trumpinta vir\u0161utin\u0117 dalis su stilingomis baltomis ki\u0161en\u0117mis, o pla\u010dios keln\u0117s su balta juostele \u0161one \u2013 detal\u0117s, kurios paver\u010dia j\u012f ypatingu. \u2714\ufe0f Laisvas siluetas \u2013 nevar\u017eo, bet dailina\u2714\ufe0f Kontrastingi apvadai \u2013 subtilus akcentas\u2714\ufe0f Itin mink\u0161tas, kv\u0117puojantis audinys\u2714\ufe0f Kostium\u0117lis tinka ir laisvalaikiui, ir kelionei\u2714\ufe0f Galima derinti ir su sportiniais bateliais, ir su basut\u0117mis Sud\u0117tis: 85 % viskoz\u0117, 15 % poliamidasDydis: tinka S\u2013LSpalvos: pudros ro\u017ein\u0117, juoda, sm\u0117lio\" \/>\n<meta property=\"og:url\" content=\"https:\/\/madoskampas.lt\/et\/product-2\/kostiumelis-dolce-set\/\" \/>\n<meta property=\"og:site_name\" content=\"MadosKampas.lt\" \/>\n<meta property=\"article:modified_time\" content=\"2026-03-03T20:33:02+00:00\" \/>\n<meta property=\"og:image\" content=\"https:\/\/madoskampas.lt\/wp-content\/uploads\/2025\/04\/IMG_8249.jpeg\" \/>\n\t<meta property=\"og:image:width\" content=\"1536\" \/>\n\t<meta property=\"og:image:height\" content=\"2048\" \/>\n\t<meta property=\"og:image:type\" content=\"image\/jpeg\" \/>\n<meta name=\"twitter:card\" content=\"summary_large_image\" \/>\n<meta name=\"twitter:label1\" content=\"Est. reading time\" \/>\n\t<meta name=\"twitter:data1\" content=\"1 minut\" \/>\n<script type=\"application\/ld+json\" class=\"yoast-schema-graph\">{\"@context\":\"https:\\\/\\\/schema.org\",\"@graph\":[{\"@type\":\"WebPage\",\"@id\":\"https:\\\/\\\/madoskampas.lt\\\/produktas\\\/kostiumelis-dolce-set\\\/\",\"url\":\"https:\\\/\\\/madoskampas.lt\\\/produktas\\\/kostiumelis-dolce-set\\\/\",\"name\":\"Kostium\u0117lis \\\"Dolce Set\\\" - MadosKampas.lt\",\"isPartOf\":{\"@id\":\"https:\\\/\\\/madoskampas.lt\\\/#website\"},\"primaryImageOfPage\":{\"@id\":\"https:\\\/\\\/madoskampas.lt\\\/produktas\\\/kostiumelis-dolce-set\\\/#primaryimage\"},\"image\":{\"@id\":\"https:\\\/\\\/madoskampas.lt\\\/produktas\\\/kostiumelis-dolce-set\\\/#primaryimage\"},\"thumbnailUrl\":\"https:\\\/\\\/madoskampas.lt\\\/wp-content\\\/uploads\\\/2025\\\/04\\\/IMG_8249.jpeg\",\"datePublished\":\"2025-04-16T08:12:55+00:00\",\"dateModified\":\"2026-03-03T20:33:02+00:00\",\"breadcrumb\":{\"@id\":\"https:\\\/\\\/madoskampas.lt\\\/produktas\\\/kostiumelis-dolce-set\\\/#breadcrumb\"},\"inLanguage\":\"et\",\"potentialAction\":[{\"@type\":\"ReadAction\",\"target\":[\"https:\\\/\\\/madoskampas.lt\\\/produktas\\\/kostiumelis-dolce-set\\\/\"]}]},{\"@type\":\"ImageObject\",\"inLanguage\":\"et\",\"@id\":\"https:\\\/\\\/madoskampas.lt\\\/produktas\\\/kostiumelis-dolce-set\\\/#primaryimage\",\"url\":\"https:\\\/\\\/madoskampas.lt\\\/wp-content\\\/uploads\\\/2025\\\/04\\\/IMG_8249.jpeg\",\"contentUrl\":\"https:\\\/\\\/madoskampas.lt\\\/wp-content\\\/uploads\\\/2025\\\/04\\\/IMG_8249.jpeg\",\"width\":1536,\"height\":2048},{\"@type\":\"BreadcrumbList\",\"@id\":\"https:\\\/\\\/madoskampas.lt\\\/produktas\\\/kostiumelis-dolce-set\\\/#breadcrumb\",\"itemListElement\":[{\"@type\":\"ListItem\",\"position\":1,\"name\":\"Home\",\"item\":\"https:\\\/\\\/madoskampas.lt\\\/\"},{\"@type\":\"ListItem\",\"position\":2,\"name\":\"Parduotuv\u0117\",\"item\":\"https:\\\/\\\/madoskampas.lt\\\/parduotuve-2\\\/\"},{\"@type\":\"ListItem\",\"position\":3,\"name\":\"Kostium\u0117lis &#8222;Dolce Set&#8221;\"}]},{\"@type\":\"WebSite\",\"@id\":\"https:\\\/\\\/madoskampas.lt\\\/#website\",\"url\":\"https:\\\/\\\/madoskampas.lt\\\/\",\"name\":\"MadosKampas.lt\",\"description\":\"Stilingi drabu\u017eiai moterims\",\"potentialAction\":[{\"@type\":\"SearchAction\",\"target\":{\"@type\":\"EntryPoint\",\"urlTemplate\":\"https:\\\/\\\/madoskampas.lt\\\/?s={search_term_string}\"},\"query-input\":{\"@type\":\"PropertyValueSpecification\",\"valueRequired\":true,\"valueName\":\"search_term_string\"}}],\"inLanguage\":\"et\"}]}<\/script>\n<!-- \/ Yoast SEO plugin. -->","yoast_head_json":{"title":"Kostium\u0117lis \"Dolce Set\" - MadosKampas.lt","robots":{"index":"index","follow":"follow","max-snippet":"max-snippet:-1","max-image-preview":"max-image-preview:large","max-video-preview":"max-video-preview:-1"},"canonical":"https:\/\/madoskampas.lt\/et\/product-2\/kostiumelis-dolce-set\/","og_locale":"et_EE","og_type":"article","og_title":"Kostium\u0117lis \"Dolce Set\" - MadosKampas.lt","og_description":"Dviej\u0173 dali\u0173 kostium\u0117lis su kontrastingomis detal\u0117mis \u2013 kai stilius susitinka su laisvumu. Lengvas, bet efektingas. \u0160is kostium\u0117lis i\u0161 \u0161velnios viskoz\u0117s su poliamido priedu ne tik puikiai krinta, bet ir yra malonus k\u016bnui. Trumpinta vir\u0161utin\u0117 dalis su stilingomis baltomis ki\u0161en\u0117mis, o pla\u010dios keln\u0117s su balta juostele \u0161one \u2013 detal\u0117s, kurios paver\u010dia j\u012f ypatingu. \u2714\ufe0f Laisvas siluetas \u2013 nevar\u017eo, bet dailina\u2714\ufe0f Kontrastingi apvadai \u2013 subtilus akcentas\u2714\ufe0f Itin mink\u0161tas, kv\u0117puojantis audinys\u2714\ufe0f Kostium\u0117lis tinka ir laisvalaikiui, ir kelionei\u2714\ufe0f Galima derinti ir su sportiniais bateliais, ir su basut\u0117mis Sud\u0117tis: 85 % viskoz\u0117, 15 % poliamidasDydis: tinka S\u2013LSpalvos: pudros ro\u017ein\u0117, juoda, sm\u0117lio","og_url":"https:\/\/madoskampas.lt\/et\/product-2\/kostiumelis-dolce-set\/","og_site_name":"MadosKampas.lt","article_modified_time":"2026-03-03T20:33:02+00:00","og_image":[{"width":1536,"height":2048,"url":"https:\/\/madoskampas.lt\/wp-content\/uploads\/2025\/04\/IMG_8249.jpeg","type":"image\/jpeg"}],"twitter_card":"summary_large_image","twitter_misc":{"Est. reading time":"1 minut"},"schema":{"@context":"https:\/\/schema.org","@graph":[{"@type":"WebPage","@id":"https:\/\/madoskampas.lt\/produktas\/kostiumelis-dolce-set\/","url":"https:\/\/madoskampas.lt\/produktas\/kostiumelis-dolce-set\/","name":"Kostium\u0117lis \"Dolce Set\" - MadosKampas.lt","isPartOf":{"@id":"https:\/\/madoskampas.lt\/#website"},"primaryImageOfPage":{"@id":"https:\/\/madoskampas.lt\/produktas\/kostiumelis-dolce-set\/#primaryimage"},"image":{"@id":"https:\/\/madoskampas.lt\/produktas\/kostiumelis-dolce-set\/#primaryimage"},"thumbnailUrl":"https:\/\/madoskampas.lt\/wp-content\/uploads\/2025\/04\/IMG_8249.jpeg","datePublished":"2025-04-16T08:12:55+00:00","dateModified":"2026-03-03T20:33:02+00:00","breadcrumb":{"@id":"https:\/\/madoskampas.lt\/produktas\/kostiumelis-dolce-set\/#breadcrumb"},"inLanguage":"et","potentialAction":[{"@type":"ReadAction","target":["https:\/\/madoskampas.lt\/produktas\/kostiumelis-dolce-set\/"]}]},{"@type":"ImageObject","inLanguage":"et","@id":"https:\/\/madoskampas.lt\/produktas\/kostiumelis-dolce-set\/#primaryimage","url":"https:\/\/madoskampas.lt\/wp-content\/uploads\/2025\/04\/IMG_8249.jpeg","contentUrl":"https:\/\/madoskampas.lt\/wp-content\/uploads\/2025\/04\/IMG_8249.jpeg","width":1536,"height":2048},{"@type":"BreadcrumbList","@id":"https:\/\/madoskampas.lt\/produktas\/kostiumelis-dolce-set\/#breadcrumb","itemListElement":[{"@type":"ListItem","position":1,"name":"Home","item":"https:\/\/madoskampas.lt\/"},{"@type":"ListItem","position":2,"name":"Parduotuv\u0117","item":"https:\/\/madoskampas.lt\/parduotuve-2\/"},{"@type":"ListItem","position":3,"name":"Kostium\u0117lis &#8222;Dolce Set&#8221;"}]},{"@type":"WebSite","@id":"https:\/\/madoskampas.lt\/#website","url":"https:\/\/madoskampas.lt\/","name":"FashionKampas.lt","description":"Stiilsed riided naistele","potentialAction":[{"@type":"SearchAction","target":{"@type":"EntryPoint","urlTemplate":"https:\/\/madoskampas.lt\/?s={search_term_string}"},"query-input":{"@type":"PropertyValueSpecification","valueRequired":true,"valueName":"search_term_string"}}],"inLanguage":"et"}]}},"uagb_featured_image_src":{"full":["https:\/\/madoskampas.lt\/wp-content\/uploads\/2025\/04\/IMG_8249.jpeg",1536,2048,false],"thumbnail":["https:\/\/madoskampas.lt\/wp-content\/uploads\/2025\/04\/IMG_8249-150x150.jpeg",150,150,true],"medium":["https:\/\/madoskampas.lt\/wp-content\/uploads\/2025\/04\/IMG_8249-225x300.jpeg",225,300,true],"medium_large":["https:\/\/madoskampas.lt\/wp-content\/uploads\/2025\/04\/IMG_8249-768x1024.jpeg",768,1024,true],"large":["https:\/\/madoskampas.lt\/wp-content\/uploads\/2025\/04\/IMG_8249-768x1024.jpeg",768,1024,true],"1536x1536":["https:\/\/madoskampas.lt\/wp-content\/uploads\/2025\/04\/IMG_8249-1152x1536.jpeg",1152,1536,true],"2048x2048":["https:\/\/madoskampas.lt\/wp-content\/uploads\/2025\/04\/IMG_8249.jpeg",1536,2048,false],"trp-custom-language-flag":["https:\/\/madoskampas.lt\/wp-content\/uploads\/2025\/04\/IMG_8249.jpeg",9,12,false],"nova-image-square":["https:\/\/madoskampas.lt\/wp-content\/uploads\/2025\/04\/IMG_8249-1100x1100.jpeg",1100,1100,true],"mixtas-product-03":["https:\/\/madoskampas.lt\/wp-content\/uploads\/2025\/04\/IMG_8249-600x345.jpeg",600,345,true],"woocommerce_thumbnail":["https:\/\/madoskampas.lt\/wp-content\/uploads\/2025\/04\/IMG_8249-700x700.jpeg",700,700,true],"woocommerce_single":["https:\/\/madoskampas.lt\/wp-content\/uploads\/2025\/04\/IMG_8249-1000x1333.jpeg",1000,1333,true],"woocommerce_gallery_thumbnail":["https:\/\/madoskampas.lt\/wp-content\/uploads\/2025\/04\/IMG_8249-250x250.jpeg",250,250,true],"variation_swatches_image_size":["https:\/\/madoskampas.lt\/wp-content\/uploads\/2025\/04\/IMG_8249-50x50.jpeg",50,50,true],"variation_swatches_tooltip_size":["https:\/\/madoskampas.lt\/wp-content\/uploads\/2025\/04\/IMG_8249-100x100.jpeg",100,100,true]},"uagb_author_info":{"display_name":"algirdasbart","author_link":"https:\/\/madoskampas.lt\/et\/author\/"},"uagb_comment_info":0,"uagb_excerpt":"Dviej\u0173 dali\u0173 kostium\u0117lis su kontrastingomis detal\u0117mis \u2013 kai stilius susitinka su laisvumu. Lengvas, bet efektingas. \u0160is kostium\u0117lis i\u0161 \u0161velnios viskoz\u0117s su poliamido priedu ne tik puikiai krinta, bet ir yra malonus k\u016bnui. Trumpinta vir\u0161utin\u0117 dalis su stilingomis baltomis ki\u0161en\u0117mis, o pla\u010dios keln\u0117s su balta juostele \u0161one \u2013 detal\u0117s, kurios paver\u010dia j\u012f ypatingu. \u2714\ufe0f Laisvas siluetas&hellip;","jetpack_sharing_enabled":true,"_links":{"self":[{"href":"https:\/\/madoskampas.lt\/et\/wp-json\/wp\/v2\/product\/14335","targetHints":{"allow":["GET"]}}],"collection":[{"href":"https:\/\/madoskampas.lt\/et\/wp-json\/wp\/v2\/product"}],"about":[{"href":"https:\/\/madoskampas.lt\/et\/wp-json\/wp\/v2\/types\/product"}],"replies":[{"embeddable":true,"href":"https:\/\/madoskampas.lt\/et\/wp-json\/wp\/v2\/comments?post=14335"}],"wp:featuredmedia":[{"embeddable":true,"href":"https:\/\/madoskampas.lt\/et\/wp-json\/wp\/v2\/media\/14190"}],"wp:attachment":[{"href":"https:\/\/madoskampas.lt\/et\/wp-json\/wp\/v2\/media?parent=14335"}],"wp:term":[{"taxonomy":"product_brand","embeddable":true,"href":"https:\/\/madoskampas.lt\/et\/wp-json\/wp\/v2\/product_brand?post=14335"},{"taxonomy":"product_cat","embeddable":true,"href":"https:\/\/madoskampas.lt\/et\/wp-json\/wp\/v2\/product_cat?post=14335"},{"taxonomy":"product_tag","embeddable":true,"href":"https:\/\/madoskampas.lt\/et\/wp-json\/wp\/v2\/product_tag?post=14335"}],"curies":[{"name":"wp","href":"https:\/\/api.w.org\/{rel}","templated":true}]}}