{"id":14956,"date":"2025-04-29T19:30:15","date_gmt":"2025-04-29T19:30:15","guid":{"rendered":"https:\/\/madoskampas.lt\/?post_type=product&#038;p=14956"},"modified":"2025-08-07T08:57:54","modified_gmt":"2025-08-07T08:57:54","slug":"suknele-fiorina-azzurra","status":"publish","type":"product","link":"https:\/\/madoskampas.lt\/et\/product-2\/suknele-fiorina-azzurra\/","title":{"rendered":"Suknel\u0117 \u201eFiorina Azzurra\u201c"},"content":{"rendered":"<p class=\"\" data-start=\"232\" data-end=\"544\">Lengva lyg \u0161ilkinis v\u0117jelis Komo e\u017eero pakrant\u0117je. Suknel\u0117 \u201eFiorina Azzurra\u201c \u2013 tai itali\u0161ko pavasario \u017eyd\u0117jimas tavo spintoje.<\/p>\n<p class=\"\" data-start=\"232\" data-end=\"544\">Dailios 3D g\u0117l\u0117s, romanti\u0161kas siluetas ir pasaki\u0161kai \u0161velnus kritimas \u2013 tobula derinti su eleganti\u0161kais bateliais ar minimalistiniais sportba\u010diais.<\/p>\n<p class=\"\" data-start=\"486\" data-end=\"790\">Mink\u0161tas pasijonis u\u017etikrina patogum\u0105, o universalus dydis puikiai tinka tiek S, tiek M ar L fig\u016broms.<\/p>\n<p class=\"\" data-start=\"232\" data-end=\"544\"><strong data-start=\"6\" data-end=\"31\">\u201eAmore a prima vista\u201c<\/strong> i\u0161 ital\u0173 kalbos rei\u0161kia <strong data-start=\"56\" data-end=\"86\">\u201eMeil\u0117 i\u0161 pirmo \u017evilgsnio\u201c<\/strong>.<\/p>","protected":false},"excerpt":{"rendered":"<p class=\"\" data-start=\"232\" data-end=\"544\">Lengva lyg \u0161ilkinis v\u0117jelis Komo e\u017eero pakrant\u0117je. Suknel\u0117 \u201eFiorina Azzurra\u201c \u2013 tai itali\u0161ko pavasario \u017eyd\u0117jimas tavo spintoje.<\/p>\n<p class=\"\" data-start=\"232\" data-end=\"544\">Dailios 3D g\u0117l\u0117s, romanti\u0161kas siluetas ir pasaki\u0161kai \u0161velnus kritimas \u2013 tobula derinti su eleganti\u0161kais bateliais ar minimalistiniais sportba\u010diais.<\/p>\n<p data-start=\"232\" data-end=\"544\">Mink\u0161tas pasijonis u\u017etikrina patogum\u0105, o universalus dydis puikiai tinka tiek S, tiek M ar L fig\u016broms.<\/p>\n<p class=\"\" data-start=\"232\" data-end=\"544\"><strong data-start=\"6\" data-end=\"31\">\u201eAmore a prima vista\u201c<\/strong> i\u0161 ital\u0173 kalbos rei\u0161kia <strong data-start=\"56\" data-end=\"86\">\u201eMeil\u0117 i\u0161 pirmo \u017evilgsnio\u201c<\/strong>.<\/p>","protected":false},"featured_media":15063,"comment_status":"open","ping_status":"closed","template":"","meta":{"_uag_custom_page_level_css":"","_monsterinsights_skip_tracking":false,"_monsterinsights_sitenote_active":false,"_monsterinsights_sitenote_note":"","_monsterinsights_sitenote_category":0},"product_brand":[],"product_cat":[66,132,96,78],"product_tag":[],"class_list":{"0":"post-14956","1":"product","2":"type-product","3":"status-publish","4":"has-post-thumbnail","6":"product_cat-drabuziai","7":"product_cat-ispardavimas","8":"product_cat-populiariausi","9":"product_cat-sukneles","10":"tm-has-options","12":"first","13":"instock","14":"sale","15":"shipping-taxable","16":"purchasable","17":"product-type-variable"},"yoast_head":"<!-- This site is optimized with the Yoast SEO plugin v27.3 - https:\/\/yoast.com\/product\/yoast-seo-wordpress\/ -->\n<title>Suknel\u0117 \u201eFiorina Azzurra\u201c - MadosKampas.lt<\/title>\n<meta name=\"robots\" content=\"index, follow, max-snippet:-1, max-image-preview:large, max-video-preview:-1\" \/>\n<link rel=\"canonical\" href=\"https:\/\/madoskampas.lt\/et\/product-2\/suknele-fiorina-azzurra\/\" \/>\n<meta property=\"og:locale\" content=\"et_EE\" \/>\n<meta property=\"og:type\" content=\"article\" \/>\n<meta property=\"og:title\" content=\"Suknel\u0117 \u201eFiorina Azzurra\u201c - MadosKampas.lt\" \/>\n<meta property=\"og:description\" content=\"Lengva lyg \u0161ilkinis v\u0117jelis Komo e\u017eero pakrant\u0117je. Suknel\u0117 \u201eFiorina Azzurra\u201c \u2013 tai itali\u0161ko pavasario \u017eyd\u0117jimas tavo spintoje. Dailios 3D g\u0117l\u0117s, romanti\u0161kas siluetas ir pasaki\u0161kai \u0161velnus kritimas \u2013 tobula derinti su eleganti\u0161kais bateliais ar minimalistiniais sportba\u010diais. Mink\u0161tas pasijonis u\u017etikrina patogum\u0105, o universalus dydis puikiai tinka tiek S, tiek M ar L fig\u016broms. \u201eAmore a prima vista\u201c i\u0161 ital\u0173 kalbos rei\u0161kia \u201eMeil\u0117 i\u0161 pirmo \u017evilgsnio\u201c.\" \/>\n<meta property=\"og:url\" content=\"https:\/\/madoskampas.lt\/et\/product-2\/suknele-fiorina-azzurra\/\" \/>\n<meta property=\"og:site_name\" content=\"MadosKampas.lt\" \/>\n<meta property=\"article:modified_time\" content=\"2025-08-07T08:57:54+00:00\" \/>\n<meta property=\"og:image\" content=\"https:\/\/madoskampas.lt\/wp-content\/uploads\/2025\/04\/IMG_1068.jpeg\" \/>\n\t<meta property=\"og:image:width\" content=\"1536\" \/>\n\t<meta property=\"og:image:height\" content=\"2048\" \/>\n\t<meta property=\"og:image:type\" content=\"image\/jpeg\" \/>\n<meta name=\"twitter:card\" content=\"summary_large_image\" \/>\n<meta name=\"twitter:label1\" content=\"Est. reading time\" \/>\n\t<meta name=\"twitter:data1\" content=\"1 minut\" \/>\n<script type=\"application\/ld+json\" class=\"yoast-schema-graph\">{\"@context\":\"https:\\\/\\\/schema.org\",\"@graph\":[{\"@type\":\"WebPage\",\"@id\":\"https:\\\/\\\/madoskampas.lt\\\/produktas\\\/suknele-fiorina-azzurra\\\/\",\"url\":\"https:\\\/\\\/madoskampas.lt\\\/produktas\\\/suknele-fiorina-azzurra\\\/\",\"name\":\"Suknel\u0117 \u201eFiorina Azzurra\u201c - MadosKampas.lt\",\"isPartOf\":{\"@id\":\"https:\\\/\\\/madoskampas.lt\\\/#website\"},\"primaryImageOfPage\":{\"@id\":\"https:\\\/\\\/madoskampas.lt\\\/produktas\\\/suknele-fiorina-azzurra\\\/#primaryimage\"},\"image\":{\"@id\":\"https:\\\/\\\/madoskampas.lt\\\/produktas\\\/suknele-fiorina-azzurra\\\/#primaryimage\"},\"thumbnailUrl\":\"https:\\\/\\\/madoskampas.lt\\\/wp-content\\\/uploads\\\/2025\\\/04\\\/IMG_1068.jpeg\",\"datePublished\":\"2025-04-29T19:30:15+00:00\",\"dateModified\":\"2025-08-07T08:57:54+00:00\",\"breadcrumb\":{\"@id\":\"https:\\\/\\\/madoskampas.lt\\\/produktas\\\/suknele-fiorina-azzurra\\\/#breadcrumb\"},\"inLanguage\":\"et\",\"potentialAction\":[{\"@type\":\"ReadAction\",\"target\":[\"https:\\\/\\\/madoskampas.lt\\\/produktas\\\/suknele-fiorina-azzurra\\\/\"]}]},{\"@type\":\"ImageObject\",\"inLanguage\":\"et\",\"@id\":\"https:\\\/\\\/madoskampas.lt\\\/produktas\\\/suknele-fiorina-azzurra\\\/#primaryimage\",\"url\":\"https:\\\/\\\/madoskampas.lt\\\/wp-content\\\/uploads\\\/2025\\\/04\\\/IMG_1068.jpeg\",\"contentUrl\":\"https:\\\/\\\/madoskampas.lt\\\/wp-content\\\/uploads\\\/2025\\\/04\\\/IMG_1068.jpeg\",\"width\":1536,\"height\":2048},{\"@type\":\"BreadcrumbList\",\"@id\":\"https:\\\/\\\/madoskampas.lt\\\/produktas\\\/suknele-fiorina-azzurra\\\/#breadcrumb\",\"itemListElement\":[{\"@type\":\"ListItem\",\"position\":1,\"name\":\"Home\",\"item\":\"https:\\\/\\\/madoskampas.lt\\\/\"},{\"@type\":\"ListItem\",\"position\":2,\"name\":\"Parduotuv\u0117\",\"item\":\"https:\\\/\\\/madoskampas.lt\\\/parduotuve-2\\\/\"},{\"@type\":\"ListItem\",\"position\":3,\"name\":\"Suknel\u0117 \u201eFiorina Azzurra\u201c\"}]},{\"@type\":\"WebSite\",\"@id\":\"https:\\\/\\\/madoskampas.lt\\\/#website\",\"url\":\"https:\\\/\\\/madoskampas.lt\\\/\",\"name\":\"MadosKampas.lt\",\"description\":\"Stilingi drabu\u017eiai moterims\",\"potentialAction\":[{\"@type\":\"SearchAction\",\"target\":{\"@type\":\"EntryPoint\",\"urlTemplate\":\"https:\\\/\\\/madoskampas.lt\\\/?s={search_term_string}\"},\"query-input\":{\"@type\":\"PropertyValueSpecification\",\"valueRequired\":true,\"valueName\":\"search_term_string\"}}],\"inLanguage\":\"et\"}]}<\/script>\n<!-- \/ Yoast SEO plugin. -->","yoast_head_json":{"title":"Suknel\u0117 \u201eFiorina Azzurra\u201c - MadosKampas.lt","robots":{"index":"index","follow":"follow","max-snippet":"max-snippet:-1","max-image-preview":"max-image-preview:large","max-video-preview":"max-video-preview:-1"},"canonical":"https:\/\/madoskampas.lt\/et\/product-2\/suknele-fiorina-azzurra\/","og_locale":"et_EE","og_type":"article","og_title":"Suknel\u0117 \u201eFiorina Azzurra\u201c - MadosKampas.lt","og_description":"Lengva lyg \u0161ilkinis v\u0117jelis Komo e\u017eero pakrant\u0117je. Suknel\u0117 \u201eFiorina Azzurra\u201c \u2013 tai itali\u0161ko pavasario \u017eyd\u0117jimas tavo spintoje. Dailios 3D g\u0117l\u0117s, romanti\u0161kas siluetas ir pasaki\u0161kai \u0161velnus kritimas \u2013 tobula derinti su eleganti\u0161kais bateliais ar minimalistiniais sportba\u010diais. Mink\u0161tas pasijonis u\u017etikrina patogum\u0105, o universalus dydis puikiai tinka tiek S, tiek M ar L fig\u016broms. \u201eAmore a prima vista\u201c i\u0161 ital\u0173 kalbos rei\u0161kia \u201eMeil\u0117 i\u0161 pirmo \u017evilgsnio\u201c.","og_url":"https:\/\/madoskampas.lt\/et\/product-2\/suknele-fiorina-azzurra\/","og_site_name":"MadosKampas.lt","article_modified_time":"2025-08-07T08:57:54+00:00","og_image":[{"width":1536,"height":2048,"url":"https:\/\/madoskampas.lt\/wp-content\/uploads\/2025\/04\/IMG_1068.jpeg","type":"image\/jpeg"}],"twitter_card":"summary_large_image","twitter_misc":{"Est. reading time":"1 minut"},"schema":{"@context":"https:\/\/schema.org","@graph":[{"@type":"WebPage","@id":"https:\/\/madoskampas.lt\/produktas\/suknele-fiorina-azzurra\/","url":"https:\/\/madoskampas.lt\/produktas\/suknele-fiorina-azzurra\/","name":"Suknel\u0117 \u201eFiorina Azzurra\u201c - MadosKampas.lt","isPartOf":{"@id":"https:\/\/madoskampas.lt\/#website"},"primaryImageOfPage":{"@id":"https:\/\/madoskampas.lt\/produktas\/suknele-fiorina-azzurra\/#primaryimage"},"image":{"@id":"https:\/\/madoskampas.lt\/produktas\/suknele-fiorina-azzurra\/#primaryimage"},"thumbnailUrl":"https:\/\/madoskampas.lt\/wp-content\/uploads\/2025\/04\/IMG_1068.jpeg","datePublished":"2025-04-29T19:30:15+00:00","dateModified":"2025-08-07T08:57:54+00:00","breadcrumb":{"@id":"https:\/\/madoskampas.lt\/produktas\/suknele-fiorina-azzurra\/#breadcrumb"},"inLanguage":"et","potentialAction":[{"@type":"ReadAction","target":["https:\/\/madoskampas.lt\/produktas\/suknele-fiorina-azzurra\/"]}]},{"@type":"ImageObject","inLanguage":"et","@id":"https:\/\/madoskampas.lt\/produktas\/suknele-fiorina-azzurra\/#primaryimage","url":"https:\/\/madoskampas.lt\/wp-content\/uploads\/2025\/04\/IMG_1068.jpeg","contentUrl":"https:\/\/madoskampas.lt\/wp-content\/uploads\/2025\/04\/IMG_1068.jpeg","width":1536,"height":2048},{"@type":"BreadcrumbList","@id":"https:\/\/madoskampas.lt\/produktas\/suknele-fiorina-azzurra\/#breadcrumb","itemListElement":[{"@type":"ListItem","position":1,"name":"Home","item":"https:\/\/madoskampas.lt\/"},{"@type":"ListItem","position":2,"name":"Parduotuv\u0117","item":"https:\/\/madoskampas.lt\/parduotuve-2\/"},{"@type":"ListItem","position":3,"name":"Suknel\u0117 \u201eFiorina Azzurra\u201c"}]},{"@type":"WebSite","@id":"https:\/\/madoskampas.lt\/#website","url":"https:\/\/madoskampas.lt\/","name":"FashionKampas.lt","description":"Stiilsed riided naistele","potentialAction":[{"@type":"SearchAction","target":{"@type":"EntryPoint","urlTemplate":"https:\/\/madoskampas.lt\/?s={search_term_string}"},"query-input":{"@type":"PropertyValueSpecification","valueRequired":true,"valueName":"search_term_string"}}],"inLanguage":"et"}]}},"uagb_featured_image_src":{"full":["https:\/\/madoskampas.lt\/wp-content\/uploads\/2025\/04\/IMG_1068.jpeg",1536,2048,false],"thumbnail":["https:\/\/madoskampas.lt\/wp-content\/uploads\/2025\/04\/IMG_1068-150x150.jpeg",150,150,true],"medium":["https:\/\/madoskampas.lt\/wp-content\/uploads\/2025\/04\/IMG_1068-225x300.jpeg",225,300,true],"medium_large":["https:\/\/madoskampas.lt\/wp-content\/uploads\/2025\/04\/IMG_1068-768x1024.jpeg",768,1024,true],"large":["https:\/\/madoskampas.lt\/wp-content\/uploads\/2025\/04\/IMG_1068-768x1024.jpeg",768,1024,true],"1536x1536":["https:\/\/madoskampas.lt\/wp-content\/uploads\/2025\/04\/IMG_1068-1152x1536.jpeg",1152,1536,true],"2048x2048":["https:\/\/madoskampas.lt\/wp-content\/uploads\/2025\/04\/IMG_1068.jpeg",1536,2048,false],"trp-custom-language-flag":["https:\/\/madoskampas.lt\/wp-content\/uploads\/2025\/04\/IMG_1068.jpeg",9,12,false],"nova-image-square":["https:\/\/madoskampas.lt\/wp-content\/uploads\/2025\/04\/IMG_1068-1100x1100.jpeg",1100,1100,true],"mixtas-product-03":["https:\/\/madoskampas.lt\/wp-content\/uploads\/2025\/04\/IMG_1068-600x345.jpeg",600,345,true],"woocommerce_thumbnail":["https:\/\/madoskampas.lt\/wp-content\/uploads\/2025\/04\/IMG_1068-700x700.jpeg",700,700,true],"woocommerce_single":["https:\/\/madoskampas.lt\/wp-content\/uploads\/2025\/04\/IMG_1068-1000x1333.jpeg",1000,1333,true],"woocommerce_gallery_thumbnail":["https:\/\/madoskampas.lt\/wp-content\/uploads\/2025\/04\/IMG_1068-250x250.jpeg",250,250,true],"variation_swatches_image_size":["https:\/\/madoskampas.lt\/wp-content\/uploads\/2025\/04\/IMG_1068-50x50.jpeg",50,50,true],"variation_swatches_tooltip_size":["https:\/\/madoskampas.lt\/wp-content\/uploads\/2025\/04\/IMG_1068-100x100.jpeg",100,100,true]},"uagb_author_info":{"display_name":"algirdasbart","author_link":"https:\/\/madoskampas.lt\/et\/author\/"},"uagb_comment_info":0,"uagb_excerpt":"Lengva lyg \u0161ilkinis v\u0117jelis Komo e\u017eero pakrant\u0117je. Suknel\u0117 \u201eFiorina Azzurra\u201c \u2013 tai itali\u0161ko pavasario \u017eyd\u0117jimas tavo spintoje. Dailios 3D g\u0117l\u0117s, romanti\u0161kas siluetas ir pasaki\u0161kai \u0161velnus kritimas \u2013 tobula derinti su eleganti\u0161kais bateliais ar minimalistiniais sportba\u010diais. Mink\u0161tas pasijonis u\u017etikrina patogum\u0105, o universalus dydis puikiai tinka tiek S, tiek M ar L fig\u016broms. \u201eAmore a prima vista\u201c&hellip;","jetpack_sharing_enabled":true,"_links":{"self":[{"href":"https:\/\/madoskampas.lt\/et\/wp-json\/wp\/v2\/product\/14956","targetHints":{"allow":["GET"]}}],"collection":[{"href":"https:\/\/madoskampas.lt\/et\/wp-json\/wp\/v2\/product"}],"about":[{"href":"https:\/\/madoskampas.lt\/et\/wp-json\/wp\/v2\/types\/product"}],"replies":[{"embeddable":true,"href":"https:\/\/madoskampas.lt\/et\/wp-json\/wp\/v2\/comments?post=14956"}],"wp:featuredmedia":[{"embeddable":true,"href":"https:\/\/madoskampas.lt\/et\/wp-json\/wp\/v2\/media\/15063"}],"wp:attachment":[{"href":"https:\/\/madoskampas.lt\/et\/wp-json\/wp\/v2\/media?parent=14956"}],"wp:term":[{"taxonomy":"product_brand","embeddable":true,"href":"https:\/\/madoskampas.lt\/et\/wp-json\/wp\/v2\/product_brand?post=14956"},{"taxonomy":"product_cat","embeddable":true,"href":"https:\/\/madoskampas.lt\/et\/wp-json\/wp\/v2\/product_cat?post=14956"},{"taxonomy":"product_tag","embeddable":true,"href":"https:\/\/madoskampas.lt\/et\/wp-json\/wp\/v2\/product_tag?post=14956"}],"curies":[{"name":"wp","href":"https:\/\/api.w.org\/{rel}","templated":true}]}}