{"id":14959,"date":"2025-04-29T19:36:22","date_gmt":"2025-04-29T19:36:22","guid":{"rendered":"https:\/\/madoskampas.lt\/?post_type=product&#038;p=14959"},"modified":"2025-07-08T10:50:21","modified_gmt":"2025-07-08T10:50:21","slug":"suknele-dolce-primavera","status":"publish","type":"product","link":"https:\/\/madoskampas.lt\/et\/product-2\/suknele-dolce-primavera\/","title":{"rendered":"Suknel\u0117 \u201eDolce Primavera\u201c"},"content":{"rendered":"<p>Itali\u0161kas sapnas ant k\u016bno \u2013 \u201eDolce Primavera\u201c&nbsp;suknel\u0117 kvie\u010dia pasinerti \u012f lengv\u0105, saul\u0117s nuglamon\u0117t\u0105 vasar\u0105!<\/p>","protected":false},"excerpt":{"rendered":"<p>Itali\u0161kas sapnas ant k\u016bno \u2013 \u201eDolce Primavera\u201c suknel\u0117 kvie\u010dia pasinerti \u012f lengv\u0105, saul\u0117s nuglamon\u0117t\u0105 pavasar\u012f.<\/p>\n<p>Oro lengvumo audinys \u0161velniai gula ant fig\u016bros, o siuvin\u0117tos g\u0117l\u0117s su 3D efektais primena \u017eydin\u010dius Toskanos laukus.<\/p>\n<p>\u0160i suknel\u0117 ne tik puo\u0161ia \u2013 ji pasakoja istorij\u0105. Apie \u0161ilum\u0105. Apie moteri\u0161kum\u0105.<\/p>\n<p>Apie <em data-start=\"551\" data-end=\"572\">amore a prima vista<\/em>.<\/p>","protected":false},"featured_media":16491,"comment_status":"open","ping_status":"closed","template":"","meta":{"_uag_custom_page_level_css":"","_monsterinsights_skip_tracking":false,"_monsterinsights_sitenote_active":false,"_monsterinsights_sitenote_note":"","_monsterinsights_sitenote_category":0},"product_brand":[],"product_cat":[66,96,78],"product_tag":[],"class_list":{"0":"post-14959","1":"product","2":"type-product","3":"status-publish","4":"has-post-thumbnail","6":"product_cat-drabuziai","7":"product_cat-populiariausi","8":"product_cat-sukneles","9":"tm-has-options","11":"first","12":"instock","13":"sale","14":"shipping-taxable","15":"purchasable","16":"product-type-variable"},"yoast_head":"<!-- This site is optimized with the Yoast SEO plugin v27.3 - https:\/\/yoast.com\/product\/yoast-seo-wordpress\/ -->\n<title>Suknel\u0117 \u201eDolce Primavera\u201c - MadosKampas.lt<\/title>\n<meta name=\"robots\" content=\"index, follow, max-snippet:-1, max-image-preview:large, max-video-preview:-1\" \/>\n<link rel=\"canonical\" href=\"https:\/\/madoskampas.lt\/et\/product-2\/suknele-dolce-primavera\/\" \/>\n<meta property=\"og:locale\" content=\"et_EE\" \/>\n<meta property=\"og:type\" content=\"article\" \/>\n<meta property=\"og:title\" content=\"Suknel\u0117 \u201eDolce Primavera\u201c - MadosKampas.lt\" \/>\n<meta property=\"og:description\" content=\"Itali\u0161kas sapnas ant k\u016bno \u2013 \u201eDolce Primavera\u201c suknel\u0117 kvie\u010dia pasinerti \u012f lengv\u0105, saul\u0117s nuglamon\u0117t\u0105 pavasar\u012f.  Oro lengvumo audinys \u0161velniai gula ant fig\u016bros, o siuvin\u0117tos g\u0117l\u0117s su 3D efektais primena \u017eydin\u010dius Toskanos laukus.  \u0160i suknel\u0117 ne tik puo\u0161ia \u2013 ji pasakoja istorij\u0105. Apie \u0161ilum\u0105. Apie moteri\u0161kum\u0105.  Apie amore a prima vista.\" \/>\n<meta property=\"og:url\" content=\"https:\/\/madoskampas.lt\/et\/product-2\/suknele-dolce-primavera\/\" \/>\n<meta property=\"og:site_name\" content=\"MadosKampas.lt\" \/>\n<meta property=\"article:modified_time\" content=\"2025-07-08T10:50:21+00:00\" \/>\n<meta property=\"og:image\" content=\"https:\/\/madoskampas.lt\/wp-content\/uploads\/2025\/04\/IMG_1041.jpeg\" \/>\n\t<meta property=\"og:image:width\" content=\"1536\" \/>\n\t<meta property=\"og:image:height\" content=\"2048\" \/>\n\t<meta property=\"og:image:type\" content=\"image\/jpeg\" \/>\n<meta name=\"twitter:card\" content=\"summary_large_image\" \/>\n<meta name=\"twitter:label1\" content=\"Est. reading time\" \/>\n\t<meta name=\"twitter:data1\" content=\"1 minut\" \/>\n<script type=\"application\/ld+json\" class=\"yoast-schema-graph\">{\"@context\":\"https:\\\/\\\/schema.org\",\"@graph\":[{\"@type\":\"WebPage\",\"@id\":\"https:\\\/\\\/madoskampas.lt\\\/produktas\\\/suknele-dolce-primavera\\\/\",\"url\":\"https:\\\/\\\/madoskampas.lt\\\/produktas\\\/suknele-dolce-primavera\\\/\",\"name\":\"Suknel\u0117 \u201eDolce Primavera\u201c - MadosKampas.lt\",\"isPartOf\":{\"@id\":\"https:\\\/\\\/madoskampas.lt\\\/#website\"},\"primaryImageOfPage\":{\"@id\":\"https:\\\/\\\/madoskampas.lt\\\/produktas\\\/suknele-dolce-primavera\\\/#primaryimage\"},\"image\":{\"@id\":\"https:\\\/\\\/madoskampas.lt\\\/produktas\\\/suknele-dolce-primavera\\\/#primaryimage\"},\"thumbnailUrl\":\"https:\\\/\\\/madoskampas.lt\\\/wp-content\\\/uploads\\\/2025\\\/04\\\/img_5871-1-scaled.jpeg\",\"datePublished\":\"2025-04-29T19:36:22+00:00\",\"dateModified\":\"2025-07-08T10:50:21+00:00\",\"breadcrumb\":{\"@id\":\"https:\\\/\\\/madoskampas.lt\\\/produktas\\\/suknele-dolce-primavera\\\/#breadcrumb\"},\"inLanguage\":\"et\",\"potentialAction\":[{\"@type\":\"ReadAction\",\"target\":[\"https:\\\/\\\/madoskampas.lt\\\/produktas\\\/suknele-dolce-primavera\\\/\"]}]},{\"@type\":\"ImageObject\",\"inLanguage\":\"et\",\"@id\":\"https:\\\/\\\/madoskampas.lt\\\/produktas\\\/suknele-dolce-primavera\\\/#primaryimage\",\"url\":\"https:\\\/\\\/madoskampas.lt\\\/wp-content\\\/uploads\\\/2025\\\/04\\\/img_5871-1-scaled.jpeg\",\"contentUrl\":\"https:\\\/\\\/madoskampas.lt\\\/wp-content\\\/uploads\\\/2025\\\/04\\\/img_5871-1-scaled.jpeg\",\"width\":1707,\"height\":2560},{\"@type\":\"BreadcrumbList\",\"@id\":\"https:\\\/\\\/madoskampas.lt\\\/produktas\\\/suknele-dolce-primavera\\\/#breadcrumb\",\"itemListElement\":[{\"@type\":\"ListItem\",\"position\":1,\"name\":\"Home\",\"item\":\"https:\\\/\\\/madoskampas.lt\\\/\"},{\"@type\":\"ListItem\",\"position\":2,\"name\":\"Parduotuv\u0117\",\"item\":\"https:\\\/\\\/madoskampas.lt\\\/parduotuve-2\\\/\"},{\"@type\":\"ListItem\",\"position\":3,\"name\":\"Suknel\u0117 \u201eDolce Primavera\u201c\"}]},{\"@type\":\"WebSite\",\"@id\":\"https:\\\/\\\/madoskampas.lt\\\/#website\",\"url\":\"https:\\\/\\\/madoskampas.lt\\\/\",\"name\":\"MadosKampas.lt\",\"description\":\"Stilingi drabu\u017eiai moterims\",\"potentialAction\":[{\"@type\":\"SearchAction\",\"target\":{\"@type\":\"EntryPoint\",\"urlTemplate\":\"https:\\\/\\\/madoskampas.lt\\\/?s={search_term_string}\"},\"query-input\":{\"@type\":\"PropertyValueSpecification\",\"valueRequired\":true,\"valueName\":\"search_term_string\"}}],\"inLanguage\":\"et\"}]}<\/script>\n<!-- \/ Yoast SEO plugin. -->","yoast_head_json":{"title":"Suknel\u0117 \u201eDolce Primavera\u201c - MadosKampas.lt","robots":{"index":"index","follow":"follow","max-snippet":"max-snippet:-1","max-image-preview":"max-image-preview:large","max-video-preview":"max-video-preview:-1"},"canonical":"https:\/\/madoskampas.lt\/et\/product-2\/suknele-dolce-primavera\/","og_locale":"et_EE","og_type":"article","og_title":"Suknel\u0117 \u201eDolce Primavera\u201c - MadosKampas.lt","og_description":"Itali\u0161kas sapnas ant k\u016bno \u2013 \u201eDolce Primavera\u201c suknel\u0117 kvie\u010dia pasinerti \u012f lengv\u0105, saul\u0117s nuglamon\u0117t\u0105 pavasar\u012f.  Oro lengvumo audinys \u0161velniai gula ant fig\u016bros, o siuvin\u0117tos g\u0117l\u0117s su 3D efektais primena \u017eydin\u010dius Toskanos laukus.  \u0160i suknel\u0117 ne tik puo\u0161ia \u2013 ji pasakoja istorij\u0105. Apie \u0161ilum\u0105. Apie moteri\u0161kum\u0105.  Apie amore a prima vista.","og_url":"https:\/\/madoskampas.lt\/et\/product-2\/suknele-dolce-primavera\/","og_site_name":"MadosKampas.lt","article_modified_time":"2025-07-08T10:50:21+00:00","og_image":[{"width":1536,"height":2048,"url":"https:\/\/madoskampas.lt\/wp-content\/uploads\/2025\/04\/IMG_1041.jpeg","type":"image\/jpeg"}],"twitter_card":"summary_large_image","twitter_misc":{"Est. reading time":"1 minut"},"schema":{"@context":"https:\/\/schema.org","@graph":[{"@type":"WebPage","@id":"https:\/\/madoskampas.lt\/produktas\/suknele-dolce-primavera\/","url":"https:\/\/madoskampas.lt\/produktas\/suknele-dolce-primavera\/","name":"Suknel\u0117 \u201eDolce Primavera\u201c - MadosKampas.lt","isPartOf":{"@id":"https:\/\/madoskampas.lt\/#website"},"primaryImageOfPage":{"@id":"https:\/\/madoskampas.lt\/produktas\/suknele-dolce-primavera\/#primaryimage"},"image":{"@id":"https:\/\/madoskampas.lt\/produktas\/suknele-dolce-primavera\/#primaryimage"},"thumbnailUrl":"https:\/\/madoskampas.lt\/wp-content\/uploads\/2025\/04\/img_5871-1-scaled.jpeg","datePublished":"2025-04-29T19:36:22+00:00","dateModified":"2025-07-08T10:50:21+00:00","breadcrumb":{"@id":"https:\/\/madoskampas.lt\/produktas\/suknele-dolce-primavera\/#breadcrumb"},"inLanguage":"et","potentialAction":[{"@type":"ReadAction","target":["https:\/\/madoskampas.lt\/produktas\/suknele-dolce-primavera\/"]}]},{"@type":"ImageObject","inLanguage":"et","@id":"https:\/\/madoskampas.lt\/produktas\/suknele-dolce-primavera\/#primaryimage","url":"https:\/\/madoskampas.lt\/wp-content\/uploads\/2025\/04\/img_5871-1-scaled.jpeg","contentUrl":"https:\/\/madoskampas.lt\/wp-content\/uploads\/2025\/04\/img_5871-1-scaled.jpeg","width":1707,"height":2560},{"@type":"BreadcrumbList","@id":"https:\/\/madoskampas.lt\/produktas\/suknele-dolce-primavera\/#breadcrumb","itemListElement":[{"@type":"ListItem","position":1,"name":"Home","item":"https:\/\/madoskampas.lt\/"},{"@type":"ListItem","position":2,"name":"Parduotuv\u0117","item":"https:\/\/madoskampas.lt\/parduotuve-2\/"},{"@type":"ListItem","position":3,"name":"Suknel\u0117 \u201eDolce Primavera\u201c"}]},{"@type":"WebSite","@id":"https:\/\/madoskampas.lt\/#website","url":"https:\/\/madoskampas.lt\/","name":"FashionKampas.lt","description":"Stiilsed riided naistele","potentialAction":[{"@type":"SearchAction","target":{"@type":"EntryPoint","urlTemplate":"https:\/\/madoskampas.lt\/?s={search_term_string}"},"query-input":{"@type":"PropertyValueSpecification","valueRequired":true,"valueName":"search_term_string"}}],"inLanguage":"et"}]}},"uagb_featured_image_src":{"full":["https:\/\/madoskampas.lt\/wp-content\/uploads\/2025\/04\/img_5871-1-scaled.jpeg",1707,2560,false],"thumbnail":["https:\/\/madoskampas.lt\/wp-content\/uploads\/2025\/04\/img_5871-1-150x150.jpeg",150,150,true],"medium":["https:\/\/madoskampas.lt\/wp-content\/uploads\/2025\/04\/img_5871-1-200x300.jpeg",200,300,true],"medium_large":["https:\/\/madoskampas.lt\/wp-content\/uploads\/2025\/04\/img_5871-1-768x1152.jpeg",768,1152,true],"large":["https:\/\/madoskampas.lt\/wp-content\/uploads\/2025\/04\/img_5871-1-683x1024.jpeg",683,1024,true],"1536x1536":["https:\/\/madoskampas.lt\/wp-content\/uploads\/2025\/04\/img_5871-1-1024x1536.jpeg",1024,1536,true],"2048x2048":["https:\/\/madoskampas.lt\/wp-content\/uploads\/2025\/04\/img_5871-1-1365x2048.jpeg",1365,2048,true],"trp-custom-language-flag":["https:\/\/madoskampas.lt\/wp-content\/uploads\/2025\/04\/img_5871-1-scaled.jpeg",8,12,false],"nova-image-square":["https:\/\/madoskampas.lt\/wp-content\/uploads\/2025\/04\/img_5871-1-1100x1100.jpeg",1100,1100,true],"mixtas-product-03":["https:\/\/madoskampas.lt\/wp-content\/uploads\/2025\/04\/img_5871-1-600x345.jpeg",600,345,true],"woocommerce_thumbnail":["https:\/\/madoskampas.lt\/wp-content\/uploads\/2025\/04\/img_5871-1-700x700.jpeg",700,700,true],"woocommerce_single":["https:\/\/madoskampas.lt\/wp-content\/uploads\/2025\/04\/img_5871-1-1000x1500.jpeg",1000,1500,true],"woocommerce_gallery_thumbnail":["https:\/\/madoskampas.lt\/wp-content\/uploads\/2025\/04\/img_5871-1-250x250.jpeg",250,250,true],"variation_swatches_image_size":["https:\/\/madoskampas.lt\/wp-content\/uploads\/2025\/04\/img_5871-1-50x50.jpeg",50,50,true],"variation_swatches_tooltip_size":["https:\/\/madoskampas.lt\/wp-content\/uploads\/2025\/04\/img_5871-1-100x100.jpeg",100,100,true]},"uagb_author_info":{"display_name":"algirdasbart","author_link":"https:\/\/madoskampas.lt\/et\/author\/"},"uagb_comment_info":0,"uagb_excerpt":"Itali\u0161kas sapnas ant k\u016bno \u2013 \u201eDolce Primavera\u201c suknel\u0117 kvie\u010dia pasinerti \u012f lengv\u0105, saul\u0117s nuglamon\u0117t\u0105 pavasar\u012f. Oro lengvumo audinys \u0161velniai gula ant fig\u016bros, o siuvin\u0117tos g\u0117l\u0117s su 3D efektais primena \u017eydin\u010dius Toskanos laukus. \u0160i suknel\u0117 ne tik puo\u0161ia \u2013 ji pasakoja istorij\u0105. Apie \u0161ilum\u0105. Apie moteri\u0161kum\u0105. Apie amore a prima vista.","jetpack_sharing_enabled":true,"_links":{"self":[{"href":"https:\/\/madoskampas.lt\/et\/wp-json\/wp\/v2\/product\/14959","targetHints":{"allow":["GET"]}}],"collection":[{"href":"https:\/\/madoskampas.lt\/et\/wp-json\/wp\/v2\/product"}],"about":[{"href":"https:\/\/madoskampas.lt\/et\/wp-json\/wp\/v2\/types\/product"}],"replies":[{"embeddable":true,"href":"https:\/\/madoskampas.lt\/et\/wp-json\/wp\/v2\/comments?post=14959"}],"wp:featuredmedia":[{"embeddable":true,"href":"https:\/\/madoskampas.lt\/et\/wp-json\/wp\/v2\/media\/16491"}],"wp:attachment":[{"href":"https:\/\/madoskampas.lt\/et\/wp-json\/wp\/v2\/media?parent=14959"}],"wp:term":[{"taxonomy":"product_brand","embeddable":true,"href":"https:\/\/madoskampas.lt\/et\/wp-json\/wp\/v2\/product_brand?post=14959"},{"taxonomy":"product_cat","embeddable":true,"href":"https:\/\/madoskampas.lt\/et\/wp-json\/wp\/v2\/product_cat?post=14959"},{"taxonomy":"product_tag","embeddable":true,"href":"https:\/\/madoskampas.lt\/et\/wp-json\/wp\/v2\/product_tag?post=14959"}],"curies":[{"name":"wp","href":"https:\/\/api.w.org\/{rel}","templated":true}]}}