{"id":15546,"date":"2025-05-21T13:02:57","date_gmt":"2025-05-21T13:02:57","guid":{"rendered":"https:\/\/madoskampas.lt\/?post_type=product&#038;p=15546"},"modified":"2025-05-21T13:02:57","modified_gmt":"2025-05-21T13:02:57","slug":"palaidine-dolce-polo","status":"publish","type":"product","link":"https:\/\/madoskampas.lt\/et\/product-2\/palaidine-dolce-polo\/","title":{"rendered":"Palaidin\u0117 &#8222;Dolce Polo&#8221;"},"content":{"rendered":"<p>Itali\u0161ko stiliaus \u012fkv\u0117pta polo palaidin\u0117 \u2013 subtili elegancija ir komfortas viename.<\/p>","protected":false},"excerpt":{"rendered":"<p class=\"\" data-start=\"79\" data-end=\"400\">Itali\u0161ko stiliaus \u012fkv\u0117pta polo palaidin\u0117 \u2013 subtili elegancija ir komfortas viename.<\/p>\n<p class=\"\" data-start=\"79\" data-end=\"400\">Galima rinktis \u0161velniai ro\u017ein\u0119 arba klasikin\u0119 kremin\u0119 spalv\u0105.<\/p>\n<p class=\"\" data-start=\"79\" data-end=\"400\">Lengvo kritimo, mink\u0161tos med\u017eiagos, su stilingu u\u017etrauktuku \u2013 tinka tiek kasdienai, tiek i\u0161skirtin\u0117ms progoms.<\/p>\n<p class=\"\" data-start=\"79\" data-end=\"400\">Dydis universalus \u2013 patogiai tinka nuo S iki L.<\/p>","protected":false},"featured_media":15519,"comment_status":"open","ping_status":"closed","template":"","meta":{"_uag_custom_page_level_css":"","_monsterinsights_skip_tracking":false,"_monsterinsights_sitenote_active":false,"_monsterinsights_sitenote_note":"","_monsterinsights_sitenote_category":0},"product_brand":[],"product_cat":[66,95,74,96],"product_tag":[],"class_list":{"0":"post-15546","1":"product","2":"type-product","3":"status-publish","4":"has-post-thumbnail","6":"product_cat-drabuziai","7":"product_cat-naujausi","8":"product_cat-palaidines","9":"product_cat-populiariausi","10":"tm-has-options","12":"first","13":"instock","14":"shipping-taxable","15":"purchasable","16":"product-type-variable"},"yoast_head":"<!-- This site is optimized with the Yoast SEO plugin v27.3 - https:\/\/yoast.com\/product\/yoast-seo-wordpress\/ -->\n<title>Palaidin\u0117 &quot;Dolce Polo&quot; - MadosKampas.lt<\/title>\n<meta name=\"robots\" content=\"index, follow, max-snippet:-1, max-image-preview:large, max-video-preview:-1\" \/>\n<link rel=\"canonical\" href=\"https:\/\/madoskampas.lt\/et\/product-2\/palaidine-dolce-polo\/\" \/>\n<meta property=\"og:locale\" content=\"et_EE\" \/>\n<meta property=\"og:type\" content=\"article\" \/>\n<meta property=\"og:title\" content=\"Palaidin\u0117 &quot;Dolce Polo&quot; - MadosKampas.lt\" \/>\n<meta property=\"og:description\" content=\"Itali\u0161ko stiliaus \u012fkv\u0117pta polo palaidin\u0117 \u2013 subtili elegancija ir komfortas viename. Galima rinktis \u0161velniai ro\u017ein\u0119 arba klasikin\u0119 kremin\u0119 spalv\u0105. Lengvo kritimo, mink\u0161tos med\u017eiagos, su stilingu u\u017etrauktuku \u2013 tinka tiek kasdienai, tiek i\u0161skirtin\u0117ms progoms. Dydis universalus \u2013 patogiai tinka nuo S iki L.\" \/>\n<meta property=\"og:url\" content=\"https:\/\/madoskampas.lt\/et\/product-2\/palaidine-dolce-polo\/\" \/>\n<meta property=\"og:site_name\" content=\"MadosKampas.lt\" \/>\n<meta property=\"og:image\" content=\"https:\/\/madoskampas.lt\/wp-content\/uploads\/2025\/04\/IMG_3144.jpeg\" \/>\n\t<meta property=\"og:image:width\" content=\"1536\" \/>\n\t<meta property=\"og:image:height\" content=\"2048\" \/>\n\t<meta property=\"og:image:type\" content=\"image\/jpeg\" \/>\n<meta name=\"twitter:card\" content=\"summary_large_image\" \/>\n<meta name=\"twitter:label1\" content=\"Est. reading time\" \/>\n\t<meta name=\"twitter:data1\" content=\"1 minut\" \/>\n<script type=\"application\/ld+json\" class=\"yoast-schema-graph\">{\"@context\":\"https:\\\/\\\/schema.org\",\"@graph\":[{\"@type\":\"WebPage\",\"@id\":\"https:\\\/\\\/madoskampas.lt\\\/produktas\\\/palaidine-dolce-polo\\\/\",\"url\":\"https:\\\/\\\/madoskampas.lt\\\/produktas\\\/palaidine-dolce-polo\\\/\",\"name\":\"Palaidin\u0117 \\\"Dolce Polo\\\" - MadosKampas.lt\",\"isPartOf\":{\"@id\":\"https:\\\/\\\/madoskampas.lt\\\/#website\"},\"primaryImageOfPage\":{\"@id\":\"https:\\\/\\\/madoskampas.lt\\\/produktas\\\/palaidine-dolce-polo\\\/#primaryimage\"},\"image\":{\"@id\":\"https:\\\/\\\/madoskampas.lt\\\/produktas\\\/palaidine-dolce-polo\\\/#primaryimage\"},\"thumbnailUrl\":\"https:\\\/\\\/madoskampas.lt\\\/wp-content\\\/uploads\\\/2025\\\/04\\\/IMG_3144.jpeg\",\"datePublished\":\"2025-05-21T13:02:57+00:00\",\"breadcrumb\":{\"@id\":\"https:\\\/\\\/madoskampas.lt\\\/produktas\\\/palaidine-dolce-polo\\\/#breadcrumb\"},\"inLanguage\":\"et\",\"potentialAction\":[{\"@type\":\"ReadAction\",\"target\":[\"https:\\\/\\\/madoskampas.lt\\\/produktas\\\/palaidine-dolce-polo\\\/\"]}]},{\"@type\":\"ImageObject\",\"inLanguage\":\"et\",\"@id\":\"https:\\\/\\\/madoskampas.lt\\\/produktas\\\/palaidine-dolce-polo\\\/#primaryimage\",\"url\":\"https:\\\/\\\/madoskampas.lt\\\/wp-content\\\/uploads\\\/2025\\\/04\\\/IMG_3144.jpeg\",\"contentUrl\":\"https:\\\/\\\/madoskampas.lt\\\/wp-content\\\/uploads\\\/2025\\\/04\\\/IMG_3144.jpeg\",\"width\":1536,\"height\":2048},{\"@type\":\"BreadcrumbList\",\"@id\":\"https:\\\/\\\/madoskampas.lt\\\/produktas\\\/palaidine-dolce-polo\\\/#breadcrumb\",\"itemListElement\":[{\"@type\":\"ListItem\",\"position\":1,\"name\":\"Home\",\"item\":\"https:\\\/\\\/madoskampas.lt\\\/\"},{\"@type\":\"ListItem\",\"position\":2,\"name\":\"Parduotuv\u0117\",\"item\":\"https:\\\/\\\/madoskampas.lt\\\/parduotuve-2\\\/\"},{\"@type\":\"ListItem\",\"position\":3,\"name\":\"Palaidin\u0117 &#8222;Dolce Polo&#8221;\"}]},{\"@type\":\"WebSite\",\"@id\":\"https:\\\/\\\/madoskampas.lt\\\/#website\",\"url\":\"https:\\\/\\\/madoskampas.lt\\\/\",\"name\":\"MadosKampas.lt\",\"description\":\"Stilingi drabu\u017eiai moterims\",\"potentialAction\":[{\"@type\":\"SearchAction\",\"target\":{\"@type\":\"EntryPoint\",\"urlTemplate\":\"https:\\\/\\\/madoskampas.lt\\\/?s={search_term_string}\"},\"query-input\":{\"@type\":\"PropertyValueSpecification\",\"valueRequired\":true,\"valueName\":\"search_term_string\"}}],\"inLanguage\":\"et\"}]}<\/script>\n<!-- \/ Yoast SEO plugin. -->","yoast_head_json":{"title":"Palaidin\u0117 \"Dolce Polo\" - MadosKampas.lt","robots":{"index":"index","follow":"follow","max-snippet":"max-snippet:-1","max-image-preview":"max-image-preview:large","max-video-preview":"max-video-preview:-1"},"canonical":"https:\/\/madoskampas.lt\/et\/product-2\/palaidine-dolce-polo\/","og_locale":"et_EE","og_type":"article","og_title":"Palaidin\u0117 \"Dolce Polo\" - MadosKampas.lt","og_description":"Itali\u0161ko stiliaus \u012fkv\u0117pta polo palaidin\u0117 \u2013 subtili elegancija ir komfortas viename. Galima rinktis \u0161velniai ro\u017ein\u0119 arba klasikin\u0119 kremin\u0119 spalv\u0105. Lengvo kritimo, mink\u0161tos med\u017eiagos, su stilingu u\u017etrauktuku \u2013 tinka tiek kasdienai, tiek i\u0161skirtin\u0117ms progoms. Dydis universalus \u2013 patogiai tinka nuo S iki L.","og_url":"https:\/\/madoskampas.lt\/et\/product-2\/palaidine-dolce-polo\/","og_site_name":"MadosKampas.lt","og_image":[{"width":1536,"height":2048,"url":"https:\/\/madoskampas.lt\/wp-content\/uploads\/2025\/04\/IMG_3144.jpeg","type":"image\/jpeg"}],"twitter_card":"summary_large_image","twitter_misc":{"Est. reading time":"1 minut"},"schema":{"@context":"https:\/\/schema.org","@graph":[{"@type":"WebPage","@id":"https:\/\/madoskampas.lt\/produktas\/palaidine-dolce-polo\/","url":"https:\/\/madoskampas.lt\/produktas\/palaidine-dolce-polo\/","name":"Palaidin\u0117 \"Dolce Polo\" - MadosKampas.lt","isPartOf":{"@id":"https:\/\/madoskampas.lt\/#website"},"primaryImageOfPage":{"@id":"https:\/\/madoskampas.lt\/produktas\/palaidine-dolce-polo\/#primaryimage"},"image":{"@id":"https:\/\/madoskampas.lt\/produktas\/palaidine-dolce-polo\/#primaryimage"},"thumbnailUrl":"https:\/\/madoskampas.lt\/wp-content\/uploads\/2025\/04\/IMG_3144.jpeg","datePublished":"2025-05-21T13:02:57+00:00","breadcrumb":{"@id":"https:\/\/madoskampas.lt\/produktas\/palaidine-dolce-polo\/#breadcrumb"},"inLanguage":"et","potentialAction":[{"@type":"ReadAction","target":["https:\/\/madoskampas.lt\/produktas\/palaidine-dolce-polo\/"]}]},{"@type":"ImageObject","inLanguage":"et","@id":"https:\/\/madoskampas.lt\/produktas\/palaidine-dolce-polo\/#primaryimage","url":"https:\/\/madoskampas.lt\/wp-content\/uploads\/2025\/04\/IMG_3144.jpeg","contentUrl":"https:\/\/madoskampas.lt\/wp-content\/uploads\/2025\/04\/IMG_3144.jpeg","width":1536,"height":2048},{"@type":"BreadcrumbList","@id":"https:\/\/madoskampas.lt\/produktas\/palaidine-dolce-polo\/#breadcrumb","itemListElement":[{"@type":"ListItem","position":1,"name":"Home","item":"https:\/\/madoskampas.lt\/"},{"@type":"ListItem","position":2,"name":"Parduotuv\u0117","item":"https:\/\/madoskampas.lt\/parduotuve-2\/"},{"@type":"ListItem","position":3,"name":"Palaidin\u0117 &#8222;Dolce Polo&#8221;"}]},{"@type":"WebSite","@id":"https:\/\/madoskampas.lt\/#website","url":"https:\/\/madoskampas.lt\/","name":"FashionKampas.lt","description":"Stiilsed riided naistele","potentialAction":[{"@type":"SearchAction","target":{"@type":"EntryPoint","urlTemplate":"https:\/\/madoskampas.lt\/?s={search_term_string}"},"query-input":{"@type":"PropertyValueSpecification","valueRequired":true,"valueName":"search_term_string"}}],"inLanguage":"et"}]}},"uagb_featured_image_src":{"full":["https:\/\/madoskampas.lt\/wp-content\/uploads\/2025\/04\/IMG_3144.jpeg",1536,2048,false],"thumbnail":["https:\/\/madoskampas.lt\/wp-content\/uploads\/2025\/04\/IMG_3144-150x150.jpeg",150,150,true],"medium":["https:\/\/madoskampas.lt\/wp-content\/uploads\/2025\/04\/IMG_3144-225x300.jpeg",225,300,true],"medium_large":["https:\/\/madoskampas.lt\/wp-content\/uploads\/2025\/04\/IMG_3144-768x1024.jpeg",768,1024,true],"large":["https:\/\/madoskampas.lt\/wp-content\/uploads\/2025\/04\/IMG_3144-768x1024.jpeg",768,1024,true],"1536x1536":["https:\/\/madoskampas.lt\/wp-content\/uploads\/2025\/04\/IMG_3144-1152x1536.jpeg",1152,1536,true],"2048x2048":["https:\/\/madoskampas.lt\/wp-content\/uploads\/2025\/04\/IMG_3144.jpeg",1536,2048,false],"trp-custom-language-flag":["https:\/\/madoskampas.lt\/wp-content\/uploads\/2025\/04\/IMG_3144.jpeg",9,12,false],"nova-image-square":["https:\/\/madoskampas.lt\/wp-content\/uploads\/2025\/04\/IMG_3144-1100x1100.jpeg",1100,1100,true],"mixtas-product-03":["https:\/\/madoskampas.lt\/wp-content\/uploads\/2025\/04\/IMG_3144-600x345.jpeg",600,345,true],"woocommerce_thumbnail":["https:\/\/madoskampas.lt\/wp-content\/uploads\/2025\/04\/IMG_3144-700x700.jpeg",700,700,true],"woocommerce_single":["https:\/\/madoskampas.lt\/wp-content\/uploads\/2025\/04\/IMG_3144-1000x1333.jpeg",1000,1333,true],"woocommerce_gallery_thumbnail":["https:\/\/madoskampas.lt\/wp-content\/uploads\/2025\/04\/IMG_3144-250x250.jpeg",250,250,true],"variation_swatches_image_size":["https:\/\/madoskampas.lt\/wp-content\/uploads\/2025\/04\/IMG_3144-50x50.jpeg",50,50,true],"variation_swatches_tooltip_size":["https:\/\/madoskampas.lt\/wp-content\/uploads\/2025\/04\/IMG_3144-100x100.jpeg",100,100,true]},"uagb_author_info":{"display_name":"algirdasbart","author_link":"https:\/\/madoskampas.lt\/et\/author\/"},"uagb_comment_info":0,"uagb_excerpt":"Itali\u0161ko stiliaus \u012fkv\u0117pta polo palaidin\u0117 \u2013 subtili elegancija ir komfortas viename. Galima rinktis \u0161velniai ro\u017ein\u0119 arba klasikin\u0119 kremin\u0119 spalv\u0105. Lengvo kritimo, mink\u0161tos med\u017eiagos, su stilingu u\u017etrauktuku \u2013 tinka tiek kasdienai, tiek i\u0161skirtin\u0117ms progoms. Dydis universalus \u2013 patogiai tinka nuo S iki L.","jetpack_sharing_enabled":true,"_links":{"self":[{"href":"https:\/\/madoskampas.lt\/et\/wp-json\/wp\/v2\/product\/15546","targetHints":{"allow":["GET"]}}],"collection":[{"href":"https:\/\/madoskampas.lt\/et\/wp-json\/wp\/v2\/product"}],"about":[{"href":"https:\/\/madoskampas.lt\/et\/wp-json\/wp\/v2\/types\/product"}],"replies":[{"embeddable":true,"href":"https:\/\/madoskampas.lt\/et\/wp-json\/wp\/v2\/comments?post=15546"}],"wp:featuredmedia":[{"embeddable":true,"href":"https:\/\/madoskampas.lt\/et\/wp-json\/wp\/v2\/media\/15519"}],"wp:attachment":[{"href":"https:\/\/madoskampas.lt\/et\/wp-json\/wp\/v2\/media?parent=15546"}],"wp:term":[{"taxonomy":"product_brand","embeddable":true,"href":"https:\/\/madoskampas.lt\/et\/wp-json\/wp\/v2\/product_brand?post=15546"},{"taxonomy":"product_cat","embeddable":true,"href":"https:\/\/madoskampas.lt\/et\/wp-json\/wp\/v2\/product_cat?post=15546"},{"taxonomy":"product_tag","embeddable":true,"href":"https:\/\/madoskampas.lt\/et\/wp-json\/wp\/v2\/product_tag?post=15546"}],"curies":[{"name":"wp","href":"https:\/\/api.w.org\/{rel}","templated":true}]}}