{"id":15997,"date":"2025-05-27T15:44:42","date_gmt":"2025-05-27T15:44:42","guid":{"rendered":"https:\/\/madoskampas.lt\/?post_type=product&#038;p=15997"},"modified":"2026-05-17T18:38:12","modified_gmt":"2026-05-17T18:38:12","slug":"suknele-summer-bloom","status":"publish","type":"product","link":"https:\/\/madoskampas.lt\/et\/product-2\/suknele-summer-bloom\/","title":{"rendered":"Kleit \u201eSummer Bloom\u201d"},"content":{"rendered":"<p><em data-start=\"155\" data-end=\"169\">Summer Bloom<\/em> \u2013 tai suknel\u0117, kuri \u0161ypsosi kartu su tavimi!<\/p>","protected":false},"excerpt":{"rendered":"<p data-start=\"155\" data-end=\"420\"><em data-start=\"155\" data-end=\"169\">Summer Bloom<\/em> \u2013 tai suknel\u0117, kuri \u0161ypsosi kartu su tavimi.<br data-start=\"214\" data-end=\"217\" \/>Lengvas, krintantis audinys, elastingas liemuo ir \u017eaismingi raukiniai leid\u017eia jaustis laisvai ir moteri\u0161kai vienu metu.<br data-start=\"336\" data-end=\"339\" \/>Ne\u0161iok nuogais pe\u010diais ar su petne\u0161\u0117l\u0117mis \u2013 kiekviena versija flirtuoja kitaip.<\/p>\n<p data-start=\"422\" data-end=\"638\">\u2714\ufe0f Tobula atostogoms, pasivaik\u0161\u010diojimams ar pasimatymui<br data-start=\"477\" data-end=\"480\" \/>\u2714\ufe0f Dydis universalus (XS\u2013M)<br data-start=\"507\" data-end=\"510\" \/>\u2714\ufe0f Spalvos: \u0161velniai ro\u017ein\u0117, alyvin\u0117, ry\u0161kiai raudona, balta su g\u0117lyt\u0117mis<br data-start=\"592\" data-end=\"595\" \/>\u2714\ufe0f Sukurta tam, kad spind\u0117tum \u2013 be pastang\u0173<\/p>\n<p data-start=\"58\" data-end=\"143\">\ud83d\udccf <strong data-start=\"61\" data-end=\"77\">M\u00f5\u00f5tmed:<\/strong><br data-start=\"77\" data-end=\"80\" \/>\u2022 Per kr\u016btin\u0119 \u2013 ~48 cm<br data-start=\"102\" data-end=\"105\" \/>\u2022 Liemuo \u2013 ~46 cm<br data-start=\"122\" data-end=\"125\" \/>\u2022 Ilgis \u2013 ~99 cm<\/p>\n<p data-start=\"145\" data-end=\"261\" data-is-last-node=\"\" data-is-only-node=\"\">","protected":false},"featured_media":16504,"comment_status":"open","ping_status":"closed","template":"","meta":{"_uag_custom_page_level_css":"","_monsterinsights_skip_tracking":false,"_monsterinsights_sitenote_active":false,"_monsterinsights_sitenote_note":"","_monsterinsights_sitenote_category":0},"product_brand":[],"product_cat":[66,78],"product_tag":[],"class_list":{"0":"post-15997","1":"product","2":"type-product","3":"status-publish","4":"has-post-thumbnail","6":"product_cat-drabuziai","7":"product_cat-sukneles","8":"tm-has-options","10":"first","11":"instock","12":"sale","13":"shipping-taxable","14":"purchasable","15":"product-type-variable"},"yoast_head":"<!-- This site is optimized with the Yoast SEO plugin v27.6 - https:\/\/yoast.com\/product\/yoast-seo-wordpress\/ -->\n<title>Suknel\u0117 &quot;Summer Bloom&quot; - MadosKampas.lt<\/title>\n<meta name=\"robots\" content=\"index, follow, max-snippet:-1, max-image-preview:large, max-video-preview:-1\" \/>\n<link rel=\"canonical\" href=\"https:\/\/madoskampas.lt\/et\/product-2\/suknele-summer-bloom\/\" \/>\n<meta property=\"og:locale\" content=\"et_EE\" \/>\n<meta property=\"og:type\" content=\"article\" \/>\n<meta property=\"og:title\" content=\"Suknel\u0117 &quot;Summer Bloom&quot; - MadosKampas.lt\" \/>\n<meta property=\"og:description\" content=\"Summer Bloom \u2013 tai suknel\u0117, kuri \u0161ypsosi kartu su tavimi.Lengvas, krintantis audinys, elastingas liemuo ir \u017eaismingi raukiniai leid\u017eia jaustis laisvai ir moteri\u0161kai vienu metu.Ne\u0161iok nuogais pe\u010diais ar su petne\u0161\u0117l\u0117mis \u2013 kiekviena versija flirtuoja kitaip. \u2714\ufe0f Tobula atostogoms, pasivaik\u0161\u010diojimams ar pasimatymui\u2714\ufe0f Dydis universalus (XS\u2013M)\u2714\ufe0f Spalvos: \u0161velniai ro\u017ein\u0117, alyvin\u0117, ry\u0161kiai raudona, balta su g\u0117lyt\u0117mis\u2714\ufe0f Sukurta tam, kad spind\u0117tum \u2013 be pastang\u0173 \ud83d\udccf I\u0161matavimai:\u2022 Per kr\u016btin\u0119 \u2013 ~48 cm\u2022 Liemuo \u2013 ~46 cm\u2022 Ilgis \u2013 ~99 cm\" \/>\n<meta property=\"og:url\" content=\"https:\/\/madoskampas.lt\/et\/product-2\/suknele-summer-bloom\/\" \/>\n<meta property=\"og:site_name\" content=\"MadosKampas.lt\" \/>\n<meta property=\"article:modified_time\" content=\"2026-05-17T18:38:12+00:00\" \/>\n<meta property=\"og:image\" content=\"https:\/\/madoskampas.lt\/wp-content\/uploads\/2025\/05\/img_5869-1-scaled.jpeg\" \/>\n\t<meta property=\"og:image:width\" content=\"1707\" \/>\n\t<meta property=\"og:image:height\" content=\"2560\" \/>\n\t<meta property=\"og:image:type\" content=\"image\/jpeg\" \/>\n<meta name=\"twitter:card\" content=\"summary_large_image\" \/>\n<meta name=\"twitter:label1\" content=\"Est. reading time\" \/>\n\t<meta name=\"twitter:data1\" content=\"1 minut\" \/>\n<script type=\"application\/ld+json\" class=\"yoast-schema-graph\">{\"@context\":\"https:\\\/\\\/schema.org\",\"@graph\":[{\"@type\":\"WebPage\",\"@id\":\"https:\\\/\\\/madoskampas.lt\\\/produktas\\\/suknele-summer-bloom\\\/\",\"url\":\"https:\\\/\\\/madoskampas.lt\\\/produktas\\\/suknele-summer-bloom\\\/\",\"name\":\"Suknel\u0117 \\\"Summer Bloom\\\" - MadosKampas.lt\",\"isPartOf\":{\"@id\":\"https:\\\/\\\/madoskampas.lt\\\/#website\"},\"primaryImageOfPage\":{\"@id\":\"https:\\\/\\\/madoskampas.lt\\\/produktas\\\/suknele-summer-bloom\\\/#primaryimage\"},\"image\":{\"@id\":\"https:\\\/\\\/madoskampas.lt\\\/produktas\\\/suknele-summer-bloom\\\/#primaryimage\"},\"thumbnailUrl\":\"https:\\\/\\\/madoskampas.lt\\\/wp-content\\\/uploads\\\/2025\\\/05\\\/img_5869-1-scaled.jpeg\",\"datePublished\":\"2025-05-27T15:44:42+00:00\",\"dateModified\":\"2026-05-17T18:38:12+00:00\",\"breadcrumb\":{\"@id\":\"https:\\\/\\\/madoskampas.lt\\\/produktas\\\/suknele-summer-bloom\\\/#breadcrumb\"},\"inLanguage\":\"et\",\"potentialAction\":[{\"@type\":\"ReadAction\",\"target\":[\"https:\\\/\\\/madoskampas.lt\\\/produktas\\\/suknele-summer-bloom\\\/\"]}]},{\"@type\":\"ImageObject\",\"inLanguage\":\"et\",\"@id\":\"https:\\\/\\\/madoskampas.lt\\\/produktas\\\/suknele-summer-bloom\\\/#primaryimage\",\"url\":\"https:\\\/\\\/madoskampas.lt\\\/wp-content\\\/uploads\\\/2025\\\/05\\\/img_5869-1-scaled.jpeg\",\"contentUrl\":\"https:\\\/\\\/madoskampas.lt\\\/wp-content\\\/uploads\\\/2025\\\/05\\\/img_5869-1-scaled.jpeg\",\"width\":1707,\"height\":2560},{\"@type\":\"BreadcrumbList\",\"@id\":\"https:\\\/\\\/madoskampas.lt\\\/produktas\\\/suknele-summer-bloom\\\/#breadcrumb\",\"itemListElement\":[{\"@type\":\"ListItem\",\"position\":1,\"name\":\"Home\",\"item\":\"https:\\\/\\\/madoskampas.lt\\\/\"},{\"@type\":\"ListItem\",\"position\":2,\"name\":\"Parduotuv\u0117\",\"item\":\"https:\\\/\\\/madoskampas.lt\\\/parduotuve-2\\\/\"},{\"@type\":\"ListItem\",\"position\":3,\"name\":\"Suknel\u0117 &#8222;Summer Bloom&#8221;\"}]},{\"@type\":\"WebSite\",\"@id\":\"https:\\\/\\\/madoskampas.lt\\\/#website\",\"url\":\"https:\\\/\\\/madoskampas.lt\\\/\",\"name\":\"MadosKampas.lt\",\"description\":\"Stilingi drabu\u017eiai moterims\",\"potentialAction\":[{\"@type\":\"SearchAction\",\"target\":{\"@type\":\"EntryPoint\",\"urlTemplate\":\"https:\\\/\\\/madoskampas.lt\\\/?s={search_term_string}\"},\"query-input\":{\"@type\":\"PropertyValueSpecification\",\"valueRequired\":true,\"valueName\":\"search_term_string\"}}],\"inLanguage\":\"et\"}]}<\/script>\n<!-- \/ Yoast SEO plugin. -->","yoast_head_json":{"title":"Suknel\u0117 \"Summer Bloom\" - MadosKampas.lt","robots":{"index":"index","follow":"follow","max-snippet":"max-snippet:-1","max-image-preview":"max-image-preview:large","max-video-preview":"max-video-preview:-1"},"canonical":"https:\/\/madoskampas.lt\/et\/product-2\/suknele-summer-bloom\/","og_locale":"et_EE","og_type":"article","og_title":"Suknel\u0117 \"Summer Bloom\" - MadosKampas.lt","og_description":"Summer Bloom \u2013 tai suknel\u0117, kuri \u0161ypsosi kartu su tavimi.Lengvas, krintantis audinys, elastingas liemuo ir \u017eaismingi raukiniai leid\u017eia jaustis laisvai ir moteri\u0161kai vienu metu.Ne\u0161iok nuogais pe\u010diais ar su petne\u0161\u0117l\u0117mis \u2013 kiekviena versija flirtuoja kitaip. \u2714\ufe0f Tobula atostogoms, pasivaik\u0161\u010diojimams ar pasimatymui\u2714\ufe0f Dydis universalus (XS\u2013M)\u2714\ufe0f Spalvos: \u0161velniai ro\u017ein\u0117, alyvin\u0117, ry\u0161kiai raudona, balta su g\u0117lyt\u0117mis\u2714\ufe0f Sukurta tam, kad spind\u0117tum \u2013 be pastang\u0173 \ud83d\udccf I\u0161matavimai:\u2022 Per kr\u016btin\u0119 \u2013 ~48 cm\u2022 Liemuo \u2013 ~46 cm\u2022 Ilgis \u2013 ~99 cm","og_url":"https:\/\/madoskampas.lt\/et\/product-2\/suknele-summer-bloom\/","og_site_name":"MadosKampas.lt","article_modified_time":"2026-05-17T18:38:12+00:00","og_image":[{"width":1707,"height":2560,"url":"https:\/\/madoskampas.lt\/wp-content\/uploads\/2025\/05\/img_5869-1-scaled.jpeg","type":"image\/jpeg"}],"twitter_card":"summary_large_image","twitter_misc":{"Est. reading time":"1 minut"},"schema":{"@context":"https:\/\/schema.org","@graph":[{"@type":"WebPage","@id":"https:\/\/madoskampas.lt\/produktas\/suknele-summer-bloom\/","url":"https:\/\/madoskampas.lt\/produktas\/suknele-summer-bloom\/","name":"Suknel\u0117 \"Summer Bloom\" - MadosKampas.lt","isPartOf":{"@id":"https:\/\/madoskampas.lt\/#website"},"primaryImageOfPage":{"@id":"https:\/\/madoskampas.lt\/produktas\/suknele-summer-bloom\/#primaryimage"},"image":{"@id":"https:\/\/madoskampas.lt\/produktas\/suknele-summer-bloom\/#primaryimage"},"thumbnailUrl":"https:\/\/madoskampas.lt\/wp-content\/uploads\/2025\/05\/img_5869-1-scaled.jpeg","datePublished":"2025-05-27T15:44:42+00:00","dateModified":"2026-05-17T18:38:12+00:00","breadcrumb":{"@id":"https:\/\/madoskampas.lt\/produktas\/suknele-summer-bloom\/#breadcrumb"},"inLanguage":"et","potentialAction":[{"@type":"ReadAction","target":["https:\/\/madoskampas.lt\/produktas\/suknele-summer-bloom\/"]}]},{"@type":"ImageObject","inLanguage":"et","@id":"https:\/\/madoskampas.lt\/produktas\/suknele-summer-bloom\/#primaryimage","url":"https:\/\/madoskampas.lt\/wp-content\/uploads\/2025\/05\/img_5869-1-scaled.jpeg","contentUrl":"https:\/\/madoskampas.lt\/wp-content\/uploads\/2025\/05\/img_5869-1-scaled.jpeg","width":1707,"height":2560},{"@type":"BreadcrumbList","@id":"https:\/\/madoskampas.lt\/produktas\/suknele-summer-bloom\/#breadcrumb","itemListElement":[{"@type":"ListItem","position":1,"name":"Home","item":"https:\/\/madoskampas.lt\/"},{"@type":"ListItem","position":2,"name":"Parduotuv\u0117","item":"https:\/\/madoskampas.lt\/parduotuve-2\/"},{"@type":"ListItem","position":3,"name":"Suknel\u0117 &#8222;Summer Bloom&#8221;"}]},{"@type":"WebSite","@id":"https:\/\/madoskampas.lt\/#website","url":"https:\/\/madoskampas.lt\/","name":"FashionKampas.lt","description":"Stiilsed riided naistele","potentialAction":[{"@type":"SearchAction","target":{"@type":"EntryPoint","urlTemplate":"https:\/\/madoskampas.lt\/?s={search_term_string}"},"query-input":{"@type":"PropertyValueSpecification","valueRequired":true,"valueName":"search_term_string"}}],"inLanguage":"et"}]}},"uagb_featured_image_src":{"full":["https:\/\/madoskampas.lt\/wp-content\/uploads\/2025\/05\/img_5869-1-scaled.jpeg",1707,2560,false],"thumbnail":["https:\/\/madoskampas.lt\/wp-content\/uploads\/2025\/05\/img_5869-1-150x150.jpeg",150,150,true],"medium":["https:\/\/madoskampas.lt\/wp-content\/uploads\/2025\/05\/img_5869-1-200x300.jpeg",200,300,true],"medium_large":["https:\/\/madoskampas.lt\/wp-content\/uploads\/2025\/05\/img_5869-1-768x1152.jpeg",768,1152,true],"large":["https:\/\/madoskampas.lt\/wp-content\/uploads\/2025\/05\/img_5869-1-683x1024.jpeg",683,1024,true],"1536x1536":["https:\/\/madoskampas.lt\/wp-content\/uploads\/2025\/05\/img_5869-1-1024x1536.jpeg",1024,1536,true],"2048x2048":["https:\/\/madoskampas.lt\/wp-content\/uploads\/2025\/05\/img_5869-1-1365x2048.jpeg",1365,2048,true],"trp-custom-language-flag":["https:\/\/madoskampas.lt\/wp-content\/uploads\/2025\/05\/img_5869-1-scaled.jpeg",8,12,false],"nova-image-square":["https:\/\/madoskampas.lt\/wp-content\/uploads\/2025\/05\/img_5869-1-1100x1100.jpeg",1100,1100,true],"mixtas-product-03":["https:\/\/madoskampas.lt\/wp-content\/uploads\/2025\/05\/img_5869-1-600x345.jpeg",600,345,true],"woocommerce_thumbnail":["https:\/\/madoskampas.lt\/wp-content\/uploads\/2025\/05\/img_5869-1-700x700.jpeg",700,700,true],"woocommerce_single":["https:\/\/madoskampas.lt\/wp-content\/uploads\/2025\/05\/img_5869-1-1000x1500.jpeg",1000,1500,true],"woocommerce_gallery_thumbnail":["https:\/\/madoskampas.lt\/wp-content\/uploads\/2025\/05\/img_5869-1-250x250.jpeg",250,250,true],"variation_swatches_image_size":["https:\/\/madoskampas.lt\/wp-content\/uploads\/2025\/05\/img_5869-1-50x50.jpeg",50,50,true],"variation_swatches_tooltip_size":["https:\/\/madoskampas.lt\/wp-content\/uploads\/2025\/05\/img_5869-1-100x100.jpeg",100,100,true]},"uagb_author_info":{"display_name":"algirdasbart","author_link":"https:\/\/madoskampas.lt\/et\/author\/"},"uagb_comment_info":0,"uagb_excerpt":"Summer Bloom \u2013 tai suknel\u0117, kuri \u0161ypsosi kartu su tavimi.Lengvas, krintantis audinys, elastingas liemuo ir \u017eaismingi raukiniai leid\u017eia jaustis laisvai ir moteri\u0161kai vienu metu.Ne\u0161iok nuogais pe\u010diais ar su petne\u0161\u0117l\u0117mis \u2013 kiekviena versija flirtuoja kitaip. \u2714\ufe0f Tobula atostogoms, pasivaik\u0161\u010diojimams ar pasimatymui\u2714\ufe0f Dydis universalus (XS\u2013M)\u2714\ufe0f Spalvos: \u0161velniai ro\u017ein\u0117, alyvin\u0117, ry\u0161kiai raudona, balta su g\u0117lyt\u0117mis\u2714\ufe0f Sukurta tam, kad&hellip;","jetpack_sharing_enabled":true,"_links":{"self":[{"href":"https:\/\/madoskampas.lt\/et\/wp-json\/wp\/v2\/product\/15997","targetHints":{"allow":["GET"]}}],"collection":[{"href":"https:\/\/madoskampas.lt\/et\/wp-json\/wp\/v2\/product"}],"about":[{"href":"https:\/\/madoskampas.lt\/et\/wp-json\/wp\/v2\/types\/product"}],"replies":[{"embeddable":true,"href":"https:\/\/madoskampas.lt\/et\/wp-json\/wp\/v2\/comments?post=15997"}],"wp:featuredmedia":[{"embeddable":true,"href":"https:\/\/madoskampas.lt\/et\/wp-json\/wp\/v2\/media\/16504"}],"wp:attachment":[{"href":"https:\/\/madoskampas.lt\/et\/wp-json\/wp\/v2\/media?parent=15997"}],"wp:term":[{"taxonomy":"product_brand","embeddable":true,"href":"https:\/\/madoskampas.lt\/et\/wp-json\/wp\/v2\/product_brand?post=15997"},{"taxonomy":"product_cat","embeddable":true,"href":"https:\/\/madoskampas.lt\/et\/wp-json\/wp\/v2\/product_cat?post=15997"},{"taxonomy":"product_tag","embeddable":true,"href":"https:\/\/madoskampas.lt\/et\/wp-json\/wp\/v2\/product_tag?post=15997"}],"curies":[{"name":"wp","href":"https:\/\/api.w.org\/{rel}","templated":true}]}}