{"id":16222,"date":"2025-05-30T09:12:30","date_gmt":"2025-05-30T09:12:30","guid":{"rendered":"https:\/\/madoskampas.lt\/?post_type=product&#038;p=16222"},"modified":"2026-03-05T13:26:41","modified_gmt":"2026-03-05T13:26:41","slug":"marskiniai-lino-vejelis","status":"publish","type":"product","link":"https:\/\/madoskampas.lt\/et\/product-2\/marskiniai-lino-vejelis\/","title":{"rendered":"Mar\u0161kiniai &#8222;Lino V\u0117jelis&#8221;"},"content":{"rendered":"<p>Mar\u0161kinukai, kurie alsuoja vasara! \u2600\ufe0f<\/p>","protected":false},"excerpt":{"rendered":"<p data-start=\"31\" data-end=\"426\">Mar\u0161kinukai, kurie alsuoja vasara! \u2600\ufe0f<br data-start=\"81\" data-end=\"84\" data-is-only-node=\"\" \/>Pasi\u016bti i\u0161 lengvo, pralaidaus lino audinio, jie ne tik dailiai krinta, bet ir leid\u017eia odai kv\u0117puoti. Laisvesnis (oversize) kirpimas bei reguliuojamos rankov\u0117s su sagut\u0117mis suteikia stiliaus ir patogumo poj\u016bt\u012f. Apa\u010dioje esantis rai\u0161telis leid\u017eia mar\u0161kinukus d\u0117v\u0117ti laisvai arba sujuostus \u2013 pagal nuotaik\u0105. Tobulas pasirinkimas \u0161iltoms dienoms!<\/p>\n<p data-start=\"428\" data-end=\"513\" data-is-last-node=\"\" data-is-only-node=\"\">\u25aa\ufe0f Per kr\u016btin\u0119 ~56 cm<br data-start=\"449\" data-end=\"452\" \/>\u25aa\ufe0f Ilgis ~60 cm<br data-start=\"467\" data-end=\"470\" data-is-only-node=\"\" \/>\u2714\ufe0f Dydis \u2013 universalus, puikiai tinka S\u2013XL<\/p>","protected":false},"featured_media":16634,"comment_status":"open","ping_status":"closed","template":"","meta":{"_uag_custom_page_level_css":"","_monsterinsights_skip_tracking":false,"_monsterinsights_sitenote_active":false,"_monsterinsights_sitenote_note":"","_monsterinsights_sitenote_category":0},"product_brand":[],"product_cat":[66,72,95],"product_tag":[],"class_list":{"0":"post-16222","1":"product","2":"type-product","3":"status-publish","4":"has-post-thumbnail","6":"product_cat-drabuziai","7":"product_cat-marskiniai","8":"product_cat-naujausi","9":"tm-has-options","11":"first","12":"instock","13":"sale","14":"shipping-taxable","15":"purchasable","16":"product-type-variable"},"yoast_head":"<!-- This site is optimized with the Yoast SEO plugin v27.3 - https:\/\/yoast.com\/product\/yoast-seo-wordpress\/ -->\n<title>Mar\u0161kiniai &quot;Lino V\u0117jelis&quot; - MadosKampas.lt<\/title>\n<meta name=\"robots\" content=\"index, follow, max-snippet:-1, max-image-preview:large, max-video-preview:-1\" \/>\n<link rel=\"canonical\" href=\"https:\/\/madoskampas.lt\/et\/product-2\/marskiniai-lino-vejelis\/\" \/>\n<meta property=\"og:locale\" content=\"et_EE\" \/>\n<meta property=\"og:type\" content=\"article\" \/>\n<meta property=\"og:title\" content=\"Mar\u0161kiniai &quot;Lino V\u0117jelis&quot; - MadosKampas.lt\" \/>\n<meta property=\"og:description\" content=\"Mar\u0161kinukai, kurie alsuoja vasara! \u2600\ufe0fPasi\u016bti i\u0161 lengvo, pralaidaus lino audinio, jie ne tik dailiai krinta, bet ir leid\u017eia odai kv\u0117puoti. Laisvesnis (oversize) kirpimas bei reguliuojamos rankov\u0117s su sagut\u0117mis suteikia stiliaus ir patogumo poj\u016bt\u012f. Apa\u010dioje esantis rai\u0161telis leid\u017eia mar\u0161kinukus d\u0117v\u0117ti laisvai arba sujuostus \u2013 pagal nuotaik\u0105. Tobulas pasirinkimas \u0161iltoms dienoms! \u25aa\ufe0f Per kr\u016btin\u0119 ~56 cm\u25aa\ufe0f Ilgis ~60 cm\u2714\ufe0f Dydis \u2013 universalus, puikiai tinka S\u2013XL\" \/>\n<meta property=\"og:url\" content=\"https:\/\/madoskampas.lt\/et\/product-2\/marskiniai-lino-vejelis\/\" \/>\n<meta property=\"og:site_name\" content=\"MadosKampas.lt\" \/>\n<meta property=\"article:modified_time\" content=\"2026-03-05T13:26:41+00:00\" \/>\n<meta property=\"og:image\" content=\"https:\/\/madoskampas.lt\/wp-content\/uploads\/2025\/05\/IMG_6302.jpeg\" \/>\n\t<meta property=\"og:image:width\" content=\"1536\" \/>\n\t<meta property=\"og:image:height\" content=\"2048\" \/>\n\t<meta property=\"og:image:type\" content=\"image\/jpeg\" \/>\n<meta name=\"twitter:card\" content=\"summary_large_image\" \/>\n<meta name=\"twitter:label1\" content=\"Est. reading time\" \/>\n\t<meta name=\"twitter:data1\" content=\"1 minut\" \/>\n<script type=\"application\/ld+json\" class=\"yoast-schema-graph\">{\"@context\":\"https:\\\/\\\/schema.org\",\"@graph\":[{\"@type\":\"WebPage\",\"@id\":\"https:\\\/\\\/madoskampas.lt\\\/produktas\\\/marskiniai-lino-vejelis\\\/\",\"url\":\"https:\\\/\\\/madoskampas.lt\\\/produktas\\\/marskiniai-lino-vejelis\\\/\",\"name\":\"Mar\u0161kiniai \\\"Lino V\u0117jelis\\\" - MadosKampas.lt\",\"isPartOf\":{\"@id\":\"https:\\\/\\\/madoskampas.lt\\\/#website\"},\"primaryImageOfPage\":{\"@id\":\"https:\\\/\\\/madoskampas.lt\\\/produktas\\\/marskiniai-lino-vejelis\\\/#primaryimage\"},\"image\":{\"@id\":\"https:\\\/\\\/madoskampas.lt\\\/produktas\\\/marskiniai-lino-vejelis\\\/#primaryimage\"},\"thumbnailUrl\":\"https:\\\/\\\/madoskampas.lt\\\/wp-content\\\/uploads\\\/2025\\\/05\\\/IMG_6302.jpeg\",\"datePublished\":\"2025-05-30T09:12:30+00:00\",\"dateModified\":\"2026-03-05T13:26:41+00:00\",\"breadcrumb\":{\"@id\":\"https:\\\/\\\/madoskampas.lt\\\/produktas\\\/marskiniai-lino-vejelis\\\/#breadcrumb\"},\"inLanguage\":\"et\",\"potentialAction\":[{\"@type\":\"ReadAction\",\"target\":[\"https:\\\/\\\/madoskampas.lt\\\/produktas\\\/marskiniai-lino-vejelis\\\/\"]}]},{\"@type\":\"ImageObject\",\"inLanguage\":\"et\",\"@id\":\"https:\\\/\\\/madoskampas.lt\\\/produktas\\\/marskiniai-lino-vejelis\\\/#primaryimage\",\"url\":\"https:\\\/\\\/madoskampas.lt\\\/wp-content\\\/uploads\\\/2025\\\/05\\\/IMG_6302.jpeg\",\"contentUrl\":\"https:\\\/\\\/madoskampas.lt\\\/wp-content\\\/uploads\\\/2025\\\/05\\\/IMG_6302.jpeg\",\"width\":1536,\"height\":2048},{\"@type\":\"BreadcrumbList\",\"@id\":\"https:\\\/\\\/madoskampas.lt\\\/produktas\\\/marskiniai-lino-vejelis\\\/#breadcrumb\",\"itemListElement\":[{\"@type\":\"ListItem\",\"position\":1,\"name\":\"Home\",\"item\":\"https:\\\/\\\/madoskampas.lt\\\/\"},{\"@type\":\"ListItem\",\"position\":2,\"name\":\"Parduotuv\u0117\",\"item\":\"https:\\\/\\\/madoskampas.lt\\\/parduotuve-2\\\/\"},{\"@type\":\"ListItem\",\"position\":3,\"name\":\"Mar\u0161kiniai &#8222;Lino V\u0117jelis&#8221;\"}]},{\"@type\":\"WebSite\",\"@id\":\"https:\\\/\\\/madoskampas.lt\\\/#website\",\"url\":\"https:\\\/\\\/madoskampas.lt\\\/\",\"name\":\"MadosKampas.lt\",\"description\":\"Stilingi drabu\u017eiai moterims\",\"potentialAction\":[{\"@type\":\"SearchAction\",\"target\":{\"@type\":\"EntryPoint\",\"urlTemplate\":\"https:\\\/\\\/madoskampas.lt\\\/?s={search_term_string}\"},\"query-input\":{\"@type\":\"PropertyValueSpecification\",\"valueRequired\":true,\"valueName\":\"search_term_string\"}}],\"inLanguage\":\"et\"}]}<\/script>\n<!-- \/ Yoast SEO plugin. -->","yoast_head_json":{"title":"Mar\u0161kiniai \"Lino V\u0117jelis\" - MadosKampas.lt","robots":{"index":"index","follow":"follow","max-snippet":"max-snippet:-1","max-image-preview":"max-image-preview:large","max-video-preview":"max-video-preview:-1"},"canonical":"https:\/\/madoskampas.lt\/et\/product-2\/marskiniai-lino-vejelis\/","og_locale":"et_EE","og_type":"article","og_title":"Mar\u0161kiniai \"Lino V\u0117jelis\" - MadosKampas.lt","og_description":"Mar\u0161kinukai, kurie alsuoja vasara! \u2600\ufe0fPasi\u016bti i\u0161 lengvo, pralaidaus lino audinio, jie ne tik dailiai krinta, bet ir leid\u017eia odai kv\u0117puoti. Laisvesnis (oversize) kirpimas bei reguliuojamos rankov\u0117s su sagut\u0117mis suteikia stiliaus ir patogumo poj\u016bt\u012f. Apa\u010dioje esantis rai\u0161telis leid\u017eia mar\u0161kinukus d\u0117v\u0117ti laisvai arba sujuostus \u2013 pagal nuotaik\u0105. Tobulas pasirinkimas \u0161iltoms dienoms! \u25aa\ufe0f Per kr\u016btin\u0119 ~56 cm\u25aa\ufe0f Ilgis ~60 cm\u2714\ufe0f Dydis \u2013 universalus, puikiai tinka S\u2013XL","og_url":"https:\/\/madoskampas.lt\/et\/product-2\/marskiniai-lino-vejelis\/","og_site_name":"MadosKampas.lt","article_modified_time":"2026-03-05T13:26:41+00:00","og_image":[{"width":1536,"height":2048,"url":"https:\/\/madoskampas.lt\/wp-content\/uploads\/2025\/05\/IMG_6302.jpeg","type":"image\/jpeg"}],"twitter_card":"summary_large_image","twitter_misc":{"Est. reading time":"1 minut"},"schema":{"@context":"https:\/\/schema.org","@graph":[{"@type":"WebPage","@id":"https:\/\/madoskampas.lt\/produktas\/marskiniai-lino-vejelis\/","url":"https:\/\/madoskampas.lt\/produktas\/marskiniai-lino-vejelis\/","name":"Mar\u0161kiniai \"Lino V\u0117jelis\" - MadosKampas.lt","isPartOf":{"@id":"https:\/\/madoskampas.lt\/#website"},"primaryImageOfPage":{"@id":"https:\/\/madoskampas.lt\/produktas\/marskiniai-lino-vejelis\/#primaryimage"},"image":{"@id":"https:\/\/madoskampas.lt\/produktas\/marskiniai-lino-vejelis\/#primaryimage"},"thumbnailUrl":"https:\/\/madoskampas.lt\/wp-content\/uploads\/2025\/05\/IMG_6302.jpeg","datePublished":"2025-05-30T09:12:30+00:00","dateModified":"2026-03-05T13:26:41+00:00","breadcrumb":{"@id":"https:\/\/madoskampas.lt\/produktas\/marskiniai-lino-vejelis\/#breadcrumb"},"inLanguage":"et","potentialAction":[{"@type":"ReadAction","target":["https:\/\/madoskampas.lt\/produktas\/marskiniai-lino-vejelis\/"]}]},{"@type":"ImageObject","inLanguage":"et","@id":"https:\/\/madoskampas.lt\/produktas\/marskiniai-lino-vejelis\/#primaryimage","url":"https:\/\/madoskampas.lt\/wp-content\/uploads\/2025\/05\/IMG_6302.jpeg","contentUrl":"https:\/\/madoskampas.lt\/wp-content\/uploads\/2025\/05\/IMG_6302.jpeg","width":1536,"height":2048},{"@type":"BreadcrumbList","@id":"https:\/\/madoskampas.lt\/produktas\/marskiniai-lino-vejelis\/#breadcrumb","itemListElement":[{"@type":"ListItem","position":1,"name":"Home","item":"https:\/\/madoskampas.lt\/"},{"@type":"ListItem","position":2,"name":"Parduotuv\u0117","item":"https:\/\/madoskampas.lt\/parduotuve-2\/"},{"@type":"ListItem","position":3,"name":"Mar\u0161kiniai &#8222;Lino V\u0117jelis&#8221;"}]},{"@type":"WebSite","@id":"https:\/\/madoskampas.lt\/#website","url":"https:\/\/madoskampas.lt\/","name":"FashionKampas.lt","description":"Stiilsed riided naistele","potentialAction":[{"@type":"SearchAction","target":{"@type":"EntryPoint","urlTemplate":"https:\/\/madoskampas.lt\/?s={search_term_string}"},"query-input":{"@type":"PropertyValueSpecification","valueRequired":true,"valueName":"search_term_string"}}],"inLanguage":"et"}]}},"uagb_featured_image_src":{"full":["https:\/\/madoskampas.lt\/wp-content\/uploads\/2025\/05\/IMG_6302.jpeg",1536,2048,false],"thumbnail":["https:\/\/madoskampas.lt\/wp-content\/uploads\/2025\/05\/IMG_6302-150x150.jpeg",150,150,true],"medium":["https:\/\/madoskampas.lt\/wp-content\/uploads\/2025\/05\/IMG_6302-225x300.jpeg",225,300,true],"medium_large":["https:\/\/madoskampas.lt\/wp-content\/uploads\/2025\/05\/IMG_6302-768x1024.jpeg",768,1024,true],"large":["https:\/\/madoskampas.lt\/wp-content\/uploads\/2025\/05\/IMG_6302-768x1024.jpeg",768,1024,true],"1536x1536":["https:\/\/madoskampas.lt\/wp-content\/uploads\/2025\/05\/IMG_6302-1152x1536.jpeg",1152,1536,true],"2048x2048":["https:\/\/madoskampas.lt\/wp-content\/uploads\/2025\/05\/IMG_6302.jpeg",1536,2048,false],"trp-custom-language-flag":["https:\/\/madoskampas.lt\/wp-content\/uploads\/2025\/05\/IMG_6302.jpeg",9,12,false],"nova-image-square":["https:\/\/madoskampas.lt\/wp-content\/uploads\/2025\/05\/IMG_6302-1100x1100.jpeg",1100,1100,true],"mixtas-product-03":["https:\/\/madoskampas.lt\/wp-content\/uploads\/2025\/05\/IMG_6302-600x345.jpeg",600,345,true],"woocommerce_thumbnail":["https:\/\/madoskampas.lt\/wp-content\/uploads\/2025\/05\/IMG_6302-700x700.jpeg",700,700,true],"woocommerce_single":["https:\/\/madoskampas.lt\/wp-content\/uploads\/2025\/05\/IMG_6302-1000x1333.jpeg",1000,1333,true],"woocommerce_gallery_thumbnail":["https:\/\/madoskampas.lt\/wp-content\/uploads\/2025\/05\/IMG_6302-250x250.jpeg",250,250,true],"variation_swatches_image_size":["https:\/\/madoskampas.lt\/wp-content\/uploads\/2025\/05\/IMG_6302-50x50.jpeg",50,50,true],"variation_swatches_tooltip_size":["https:\/\/madoskampas.lt\/wp-content\/uploads\/2025\/05\/IMG_6302-100x100.jpeg",100,100,true]},"uagb_author_info":{"display_name":"algirdasbart","author_link":"https:\/\/madoskampas.lt\/et\/author\/"},"uagb_comment_info":0,"uagb_excerpt":"Mar\u0161kinukai, kurie alsuoja vasara! \u2600\ufe0fPasi\u016bti i\u0161 lengvo, pralaidaus lino audinio, jie ne tik dailiai krinta, bet ir leid\u017eia odai kv\u0117puoti. Laisvesnis (oversize) kirpimas bei reguliuojamos rankov\u0117s su sagut\u0117mis suteikia stiliaus ir patogumo poj\u016bt\u012f. Apa\u010dioje esantis rai\u0161telis leid\u017eia mar\u0161kinukus d\u0117v\u0117ti laisvai arba sujuostus \u2013 pagal nuotaik\u0105. Tobulas pasirinkimas \u0161iltoms dienoms! \u25aa\ufe0f Per kr\u016btin\u0119 ~56 cm\u25aa\ufe0f Ilgis&hellip;","jetpack_sharing_enabled":true,"_links":{"self":[{"href":"https:\/\/madoskampas.lt\/et\/wp-json\/wp\/v2\/product\/16222","targetHints":{"allow":["GET"]}}],"collection":[{"href":"https:\/\/madoskampas.lt\/et\/wp-json\/wp\/v2\/product"}],"about":[{"href":"https:\/\/madoskampas.lt\/et\/wp-json\/wp\/v2\/types\/product"}],"replies":[{"embeddable":true,"href":"https:\/\/madoskampas.lt\/et\/wp-json\/wp\/v2\/comments?post=16222"}],"wp:featuredmedia":[{"embeddable":true,"href":"https:\/\/madoskampas.lt\/et\/wp-json\/wp\/v2\/media\/16634"}],"wp:attachment":[{"href":"https:\/\/madoskampas.lt\/et\/wp-json\/wp\/v2\/media?parent=16222"}],"wp:term":[{"taxonomy":"product_brand","embeddable":true,"href":"https:\/\/madoskampas.lt\/et\/wp-json\/wp\/v2\/product_brand?post=16222"},{"taxonomy":"product_cat","embeddable":true,"href":"https:\/\/madoskampas.lt\/et\/wp-json\/wp\/v2\/product_cat?post=16222"},{"taxonomy":"product_tag","embeddable":true,"href":"https:\/\/madoskampas.lt\/et\/wp-json\/wp\/v2\/product_tag?post=16222"}],"curies":[{"name":"wp","href":"https:\/\/api.w.org\/{rel}","templated":true}]}}